{"id":4938,"date":"2022-02-20T18:02:35","date_gmt":"2022-02-20T18:02:35","guid":{"rendered":"https:\/\/medicinasinc.com\/lt\/?post_type=product&#038;p=4938"},"modified":"2022-03-20T12:29:29","modified_gmt":"2022-03-20T12:29:29","slug":"pirkti-vysniu-pyragas-marihuana-stamas","status":"publish","type":"product","link":"https:\/\/medicinasinc.com\/lt\/product\/pirkti-vysniu-pyragas-marihuana-stamas\/","title":{"rendered":"Pirkite vy\u0161ni\u0173 pyrago marihuanos \u0161tam\u0105"},"content":{"rendered":"<p>Vy\u0161ni\u0173 pyrago marihuanos \u0161tamo pirkimas internetu.<\/p>\n<p>Vy\u0161ni\u0173 pyrago marihuanos \u0161tamo pirkimas internetu.<\/p>\n<p>Cherry Pie Marihuanos \u0161tamo galima \u012fsigyti internetu. Hibridas \u2013 80 % Indica \/ 20 % Sativa THC: 16\u201324 %, CBD: 1 %<\/p>\n<p>Poveikis<br \/> K\u016brybi\u0161kumas, euforija, pasitenkinimas ir atsipalaidavimas<br \/> Galb\u016bt palengv\u0117s<br \/> D\u0117mesio tr\u016bkumo \/ hiperaktyvumo sutrikimas, nerimas, bipolinis sutrikimas, l\u0117tinis skausmas, depresija, hiperaktyvumas ir nemiga<br \/> Skonis<br \/> Uog\u0173, vy\u0161ni\u0173 ir saldus<br \/> Aromatai<br \/> Vy\u0161ni\u0173, m\u0117lyni\u0173, \u017eem\u0117s, ir saldus<\/p>\n","protected":false},"excerpt":{"rendered":"<p>Pirkite vy\u0161ni\u0173 pyrago marihuanos \u0161tam\u0105 internetu. Vy\u0161ni\u0173 pyrago marihuanos \u0161tam\u0105 galima \u012fsigyti internetu. Hibridinis &#8211; 80 % Indica \/ 20 % Sativa THC: 16\u201324 %, CBD: 1 %<\/p>\n","protected":false},"featured_media":4952,"comment_status":"open","ping_status":"closed","template":"","meta":[],"product_brand":[],"product_cat":[778],"product_tag":[811,812,813,814,817,818,816,815],"class_list":{"0":"post-4938","1":"product","2":"type-product","3":"status-publish","4":"has-post-thumbnail","6":"product_cat-ol-pardavimui","7":"product_tag-cherry-pie-og-strain","8":"product_tag-cherry-pie-recipe","9":"product_tag-cherry-pie-seeds","10":"product_tag-cherry-pie-strain-allbud","11":"product_tag-vyni-pyragas-strain-sativa-or-indica","12":"product_tag-vyni-pyrago-tamo-derlius","13":"product_tag-vyni-pyrago-kamieno-kaina","14":"product_tag-vyni-pyrago-kamieno-poveikis","16":"first","17":"instock","18":"shipping-taxable","19":"purchasable","20":"product-type-variable","21":"has-default-attributes"},"yoast_head":"<!-- This site is optimized with the Yoast SEO plugin v27.3 - https:\/\/yoast.com\/product\/yoast-seo-wordpress\/ -->\n<title>Pirkite vy\u0161ni\u0173 pyrago marihuanos paderm\u0119 \u2013 geriausius pasaulinius vaistus<\/title>\n<meta name=\"description\" content=\"Pirkite vy\u0161ni\u0173 pyrago marihuanos \u0161tam\u0105 internetu. Pirkite vy\u0161ni\u0173 pyrago marihuanos paderm\u0119 internetu. Hibridas \u2013 80 % Indica \/ 20 % Sativa THC: 16 % \u2013 24 %, CBD: 1 %\" \/>\n<meta name=\"robots\" content=\"index, follow, max-snippet:-1, max-image-preview:large, max-video-preview:-1\" \/>\n<link rel=\"canonical\" href=\"https:\/\/medicinasinc.com\/lt\/product\/pirkti-vysniu-pyragas-marihuana-stamas\/\" \/>\n<meta property=\"og:locale\" content=\"en_US\" \/>\n<meta property=\"og:type\" content=\"article\" \/>\n<meta property=\"og:title\" content=\"Pirkite vy\u0161ni\u0173 pyrago marihuanos paderm\u0119 \u2013 geriausius pasaulinius vaistus\" \/>\n<meta property=\"og:description\" content=\"Pirkite vy\u0161ni\u0173 pyrago marihuanos \u0161tam\u0105 internetu. Pirkite vy\u0161ni\u0173 pyrago marihuanos paderm\u0119 internetu. Hibridas \u2013 80 % Indica \/ 20 % Sativa THC: 16 % \u2013 24 %, CBD: 1 %\" \/>\n<meta property=\"og:url\" content=\"https:\/\/medicinasinc.com\/lt\/product\/pirkti-vysniu-pyragas-marihuana-stamas\/\" \/>\n<meta property=\"og:site_name\" content=\"Medicinas Inc\" \/>\n<meta property=\"article:modified_time\" content=\"2022-03-20T12:29:29+00:00\" \/>\n<meta property=\"og:image\" content=\"https:\/\/medicinasinc.com\/lt\/wp-content\/uploads\/sites\/9\/2022\/02\/Buy-Cherry-Pie-Marijuana.jpg\" \/>\n\t<meta property=\"og:image:width\" content=\"1080\" \/>\n\t<meta property=\"og:image:height\" content=\"1080\" \/>\n\t<meta property=\"og:image:type\" content=\"image\/jpeg\" \/>\n<meta name=\"twitter:card\" content=\"summary_large_image\" \/>\n<meta name=\"twitter:label1\" content=\"Est. reading time\" \/>\n\t<meta name=\"twitter:data1\" content=\"1 minute\" \/>\n<script type=\"application\/ld+json\" class=\"yoast-schema-graph\">{\"@context\":\"https:\\\/\\\/schema.org\",\"@graph\":[{\"@type\":\"WebPage\",\"@id\":\"https:\\\/\\\/medicinasinc.com\\\/lt\\\/product\\\/pirkti-vysniu-pyragas-marihuana-stamas\\\/\",\"url\":\"https:\\\/\\\/medicinasinc.com\\\/lt\\\/product\\\/pirkti-vysniu-pyragas-marihuana-stamas\\\/\",\"name\":\"Pirkite vy\u0161ni\u0173 pyrago marihuanos paderm\u0119 \u2013 geriausius pasaulinius vaistus\",\"isPartOf\":{\"@id\":\"https:\\\/\\\/medicinasinc.com\\\/lt\\\/#website\"},\"primaryImageOfPage\":{\"@id\":\"https:\\\/\\\/medicinasinc.com\\\/lt\\\/product\\\/pirkti-vysniu-pyragas-marihuana-stamas\\\/#primaryimage\"},\"image\":{\"@id\":\"https:\\\/\\\/medicinasinc.com\\\/lt\\\/product\\\/pirkti-vysniu-pyragas-marihuana-stamas\\\/#primaryimage\"},\"thumbnailUrl\":\"https:\\\/\\\/medicinasinc.com\\\/lt\\\/wp-content\\\/uploads\\\/sites\\\/9\\\/2022\\\/02\\\/Buy-Cherry-Pie-Marijuana.jpg\",\"datePublished\":\"2022-02-20T18:02:35+00:00\",\"dateModified\":\"2022-03-20T12:29:29+00:00\",\"description\":\"Pirkite vy\u0161ni\u0173 pyrago marihuanos \u0161tam\u0105 internetu. Pirkite vy\u0161ni\u0173 pyrago marihuanos paderm\u0119 internetu. Hibridas \u2013 80 % Indica \\\/ 20 % Sativa THC: 16 % \u2013 24 %, CBD: 1 %\",\"breadcrumb\":{\"@id\":\"https:\\\/\\\/medicinasinc.com\\\/lt\\\/product\\\/pirkti-vysniu-pyragas-marihuana-stamas\\\/#breadcrumb\"},\"inLanguage\":\"en-US\",\"potentialAction\":[{\"@type\":\"ReadAction\",\"target\":[\"https:\\\/\\\/medicinasinc.com\\\/lt\\\/product\\\/pirkti-vysniu-pyragas-marihuana-stamas\\\/\"]}]},{\"@type\":\"ImageObject\",\"inLanguage\":\"en-US\",\"@id\":\"https:\\\/\\\/medicinasinc.com\\\/lt\\\/product\\\/pirkti-vysniu-pyragas-marihuana-stamas\\\/#primaryimage\",\"url\":\"https:\\\/\\\/medicinasinc.com\\\/lt\\\/wp-content\\\/uploads\\\/sites\\\/9\\\/2022\\\/02\\\/Buy-Cherry-Pie-Marijuana.jpg\",\"contentUrl\":\"https:\\\/\\\/medicinasinc.com\\\/lt\\\/wp-content\\\/uploads\\\/sites\\\/9\\\/2022\\\/02\\\/Buy-Cherry-Pie-Marijuana.jpg\",\"width\":1080,\"height\":1080},{\"@type\":\"BreadcrumbList\",\"@id\":\"https:\\\/\\\/medicinasinc.com\\\/lt\\\/product\\\/pirkti-vysniu-pyragas-marihuana-stamas\\\/#breadcrumb\",\"itemListElement\":[{\"@type\":\"ListItem\",\"position\":1,\"name\":\"Parduotuv\u0117\",\"item\":\"https:\\\/\\\/medicinasinc.com\\\/lt\\\/parduotuve\\\/\"},{\"@type\":\"ListItem\",\"position\":2,\"name\":\"Pirkite vy\u0161ni\u0173 pyrago marihuanos \u0161tam\u0105\"}]},{\"@type\":\"WebSite\",\"@id\":\"https:\\\/\\\/medicinasinc.com\\\/lt\\\/#website\",\"url\":\"https:\\\/\\\/medicinasinc.com\\\/lt\\\/\",\"name\":\"Medicinas Inc\",\"description\":\"Sveikatos medicinos klinika\",\"potentialAction\":[{\"@type\":\"SearchAction\",\"target\":{\"@type\":\"EntryPoint\",\"urlTemplate\":\"https:\\\/\\\/medicinasinc.com\\\/lt\\\/?s={search_term_string}\"},\"query-input\":{\"@type\":\"PropertyValueSpecification\",\"valueRequired\":true,\"valueName\":\"search_term_string\"}}],\"inLanguage\":\"en-US\"}]}<\/script>\n<!-- \/ Yoast SEO plugin. -->","yoast_head_json":{"title":"Pirkite vy\u0161ni\u0173 pyrago marihuanos paderm\u0119 \u2013 geriausius pasaulinius vaistus","description":"Pirkite vy\u0161ni\u0173 pyrago marihuanos \u0161tam\u0105 internetu. Pirkite vy\u0161ni\u0173 pyrago marihuanos paderm\u0119 internetu. Hibridas \u2013 80 % Indica \/ 20 % Sativa THC: 16 % \u2013 24 %, CBD: 1 %","robots":{"index":"index","follow":"follow","max-snippet":"max-snippet:-1","max-image-preview":"max-image-preview:large","max-video-preview":"max-video-preview:-1"},"canonical":"https:\/\/medicinasinc.com\/lt\/product\/pirkti-vysniu-pyragas-marihuana-stamas\/","og_locale":"en_US","og_type":"article","og_title":"Pirkite vy\u0161ni\u0173 pyrago marihuanos paderm\u0119 \u2013 geriausius pasaulinius vaistus","og_description":"Pirkite vy\u0161ni\u0173 pyrago marihuanos \u0161tam\u0105 internetu. Pirkite vy\u0161ni\u0173 pyrago marihuanos paderm\u0119 internetu. Hibridas \u2013 80 % Indica \/ 20 % Sativa THC: 16 % \u2013 24 %, CBD: 1 %","og_url":"https:\/\/medicinasinc.com\/lt\/product\/pirkti-vysniu-pyragas-marihuana-stamas\/","og_site_name":"Medicinas Inc","article_modified_time":"2022-03-20T12:29:29+00:00","og_image":[{"width":1080,"height":1080,"url":"https:\/\/medicinasinc.com\/lt\/wp-content\/uploads\/sites\/9\/2022\/02\/Buy-Cherry-Pie-Marijuana.jpg","type":"image\/jpeg"}],"twitter_card":"summary_large_image","twitter_misc":{"Est. reading time":"1 minute"},"schema":{"@context":"https:\/\/schema.org","@graph":[{"@type":"WebPage","@id":"https:\/\/medicinasinc.com\/lt\/product\/pirkti-vysniu-pyragas-marihuana-stamas\/","url":"https:\/\/medicinasinc.com\/lt\/product\/pirkti-vysniu-pyragas-marihuana-stamas\/","name":"Pirkite vy\u0161ni\u0173 pyrago marihuanos paderm\u0119 \u2013 geriausius pasaulinius vaistus","isPartOf":{"@id":"https:\/\/medicinasinc.com\/lt\/#website"},"primaryImageOfPage":{"@id":"https:\/\/medicinasinc.com\/lt\/product\/pirkti-vysniu-pyragas-marihuana-stamas\/#primaryimage"},"image":{"@id":"https:\/\/medicinasinc.com\/lt\/product\/pirkti-vysniu-pyragas-marihuana-stamas\/#primaryimage"},"thumbnailUrl":"https:\/\/medicinasinc.com\/lt\/wp-content\/uploads\/sites\/9\/2022\/02\/Buy-Cherry-Pie-Marijuana.jpg","datePublished":"2022-02-20T18:02:35+00:00","dateModified":"2022-03-20T12:29:29+00:00","description":"Pirkite vy\u0161ni\u0173 pyrago marihuanos \u0161tam\u0105 internetu. Pirkite vy\u0161ni\u0173 pyrago marihuanos paderm\u0119 internetu. Hibridas \u2013 80 % Indica \/ 20 % Sativa THC: 16 % \u2013 24 %, CBD: 1 %","breadcrumb":{"@id":"https:\/\/medicinasinc.com\/lt\/product\/pirkti-vysniu-pyragas-marihuana-stamas\/#breadcrumb"},"inLanguage":"en-US","potentialAction":[{"@type":"ReadAction","target":["https:\/\/medicinasinc.com\/lt\/product\/pirkti-vysniu-pyragas-marihuana-stamas\/"]}]},{"@type":"ImageObject","inLanguage":"en-US","@id":"https:\/\/medicinasinc.com\/lt\/product\/pirkti-vysniu-pyragas-marihuana-stamas\/#primaryimage","url":"https:\/\/medicinasinc.com\/lt\/wp-content\/uploads\/sites\/9\/2022\/02\/Buy-Cherry-Pie-Marijuana.jpg","contentUrl":"https:\/\/medicinasinc.com\/lt\/wp-content\/uploads\/sites\/9\/2022\/02\/Buy-Cherry-Pie-Marijuana.jpg","width":1080,"height":1080},{"@type":"BreadcrumbList","@id":"https:\/\/medicinasinc.com\/lt\/product\/pirkti-vysniu-pyragas-marihuana-stamas\/#breadcrumb","itemListElement":[{"@type":"ListItem","position":1,"name":"Parduotuv\u0117","item":"https:\/\/medicinasinc.com\/lt\/parduotuve\/"},{"@type":"ListItem","position":2,"name":"Pirkite vy\u0161ni\u0173 pyrago marihuanos \u0161tam\u0105"}]},{"@type":"WebSite","@id":"https:\/\/medicinasinc.com\/lt\/#website","url":"https:\/\/medicinasinc.com\/lt\/","name":"Medicinas Inc","description":"Sveikatos medicinos klinika","potentialAction":[{"@type":"SearchAction","target":{"@type":"EntryPoint","urlTemplate":"https:\/\/medicinasinc.com\/lt\/?s={search_term_string}"},"query-input":{"@type":"PropertyValueSpecification","valueRequired":true,"valueName":"search_term_string"}}],"inLanguage":"en-US"}]}},"_links":{"self":[{"href":"https:\/\/medicinasinc.com\/lt\/wp-json\/wp\/v2\/product\/4938","targetHints":{"allow":["GET"]}}],"collection":[{"href":"https:\/\/medicinasinc.com\/lt\/wp-json\/wp\/v2\/product"}],"about":[{"href":"https:\/\/medicinasinc.com\/lt\/wp-json\/wp\/v2\/types\/product"}],"replies":[{"embeddable":true,"href":"https:\/\/medicinasinc.com\/lt\/wp-json\/wp\/v2\/comments?post=4938"}],"wp:featuredmedia":[{"embeddable":true,"href":"https:\/\/medicinasinc.com\/lt\/wp-json\/wp\/v2\/media\/4952"}],"wp:attachment":[{"href":"https:\/\/medicinasinc.com\/lt\/wp-json\/wp\/v2\/media?parent=4938"}],"wp:term":[{"taxonomy":"product_brand","embeddable":true,"href":"https:\/\/medicinasinc.com\/lt\/wp-json\/wp\/v2\/product_brand?post=4938"},{"taxonomy":"product_cat","embeddable":true,"href":"https:\/\/medicinasinc.com\/lt\/wp-json\/wp\/v2\/product_cat?post=4938"},{"taxonomy":"product_tag","embeddable":true,"href":"https:\/\/medicinasinc.com\/lt\/wp-json\/wp\/v2\/product_tag?post=4938"}],"curies":[{"name":"wp","href":"https:\/\/api.w.org\/{rel}","templated":true}]}}