{"id":4928,"date":"2022-02-20T17:53:26","date_gmt":"2022-02-20T17:53:26","guid":{"rendered":"https:\/\/medicinasinc.com\/lt\/?post_type=product&#038;p=4928"},"modified":"2022-03-20T12:29:39","modified_gmt":"2022-03-20T12:29:39","slug":"pirk-sausainius-gelato","status":"publish","type":"product","link":"https:\/\/medicinasinc.com\/lt\/product\/pirk-sausainius-gelato\/","title":{"rendered":"Pirkite slapukus Gelato"},"content":{"rendered":"<p>Cookies Gelato yra dviej\u0173 garsi\u0173 marihuanos atmain\u0173 palikuonis. Ji paveld\u0117jo beproti\u0161k\u0105 stiprum\u0105, sald\u0173 skon\u012f ir ne\u012ftik\u0117tin\u0105 produktyvum\u0105. Ir Cali Bliss optimizavo kiekvien\u0105 i\u0161 \u0161i\u0173 element\u0173. Dabar tai yra Nr. 2 ir ji buvo \u017eymiai patobulinta. Be to, vietoj 23 % THC naudojamas 25 % THC.<\/p>\n<p>Prad\u017eioje nor\u0117tume pateikti \u0161iek tiek konteksto \u0161ios nuostabios Cookies Gelato atmainos augintojams. Cali Bliss yra palyginti nauja augintoj\u0173 komanda. Tai sunk\u016bs smogikai, ir mums prireik\u0117 ma\u017edaug pusantr\u0173 met\u0173, kad sukauptume kai kurias j\u0173 r\u016b\u0161is. Mums pasisek\u0117 \u0161iuo metu \u012fsigyti tris i\u0161 j\u0173. Jie skirti autenti\u0161kai Kalifornijos genetikai, ta\u010diau su pos\u016bkiu. Tam tikroms paderm\u0117ms prireikia met\u0173, kad i\u0161sivystyt\u0173 tiek, kad \u0161ie vaikinai b\u016bt\u0173 patenkinti.<\/p>\n<p>\u201eKai vartojate daugiau kanapi\u0173, j\u016bs\u0173 tolerancija did\u0117ja. Pradedantiesiems nereikia daug u\u017emu\u0161ti akmenimis. Keli \u012fkv\u0117pimai i\u0161 u\u017eteks silpnos atmainos.Ta\u010diau po keleri\u0173 met\u0173 patyrusiems r\u016bkaliams reikia stipresn\u0117s marihuanos, kad pasiekt\u0173 t\u0105 pat\u012f poveik\u012f. Viena i\u0161 \u0161i\u0173 atmain\u0173 yra Cookies Gelato. Ji duoda siaubing\u0105 THC doz\u0119, kuri akimirksniu perkelia prot\u0105 \u012f pakitusi\u0105 s\u0105mon\u0117s b\u016bsen\u0105 ir palaiko tai i\u0161tisas valandas.&#8221;<\/p>\n<p>Slapukai Gelato galingas poveikis yra jos galing\u0173 t\u0117v\u0173 padermi\u0173 Girl Scout Cookies ir Gelato rezultatas. Ta\u010diau \u0161is dinami\u0161kas duetas gars\u0117ja ne tik savo \u017eiauria j\u0117ga. Kaip rodo j\u0173 pavadinimai, jie abu turi sald\u017ei\u0173 ir sald\u017ei\u0173 terpen\u0173 profilius. Cookies Gelato \u012fk\u016bnija geriausias abiej\u0173 \u0161i\u0173 legendini\u0173 veisli\u0173 savybes.<\/p>\n<p>\u0160io vaikino pumpurai yra negaus\u016bs ir nedideli (tai nulemta geneti\u0161kai \u2013 jokiu b\u016bdu negalima). Papildomas purumas ir \u0161velnumas. Tai yra, pats pumpuras turi daugiau oro erdv\u0117s. Tai gali sukelti greitesn\u012f nudegim\u0105 ir a\u0161tresn\u012f poj\u016bt\u012f, jei \u012f tai neatsi\u017evelgiama. Tod\u0117l tiesiog \u012fsitikinkite, kad jis yra sandariai supakuotas, kad nelikt\u0173 oro erdv\u0117s. Ko\u010diodami jungt\u012f ar r\u016bkant duben\u012f, sandariai supakuokite. Tai yra \u0161tamo prigimtis.<\/p>\n<p>K\u0104 REIKIA SKAI\u010cIUS DU?<\/p>\n<p>\u2013 Platus poveikis (rafinuotesnis)<\/p>\n<p>\u2013 Patobulintas skonis (rafinuotesnis terp\u0117s profilis) <\/p>\n<p>\u2013 Padid\u0117j\u0119s THC kiekis (anks\u010diau buvo 23 proc., dabar \u2013 25 proc.)<\/p>\n<p>\u2013 Be to, geresnis kiet\u0117jimas ir apipjaustymas<\/p>\n<p>POVEIKIS:<\/p>\n<p>K\u016brybingas, d\u017eiaugsmingas ir eufori\u0161kas<\/p>\n<p>MEDICINOS:<\/p>\n<p>Nerimas, stresas ir l\u0117tinis skausmas<\/p>\n<p>THC:<\/p>\n<p>25 % <\/p>\n<div class=\"product-next-previous\">\n<div class=\"product-prev\"><\/div><\/div>\n","protected":false},"excerpt":{"rendered":"<p>Pirkite marihuanos sausainius Gelato, kad gal\u0117tum\u0117te parduoti internetu. Chem Willie yra Sativa dominuojantis hibridas \u2013 70 % Sativa ir 30 % Indica. Indica THC: 15 %<\/p>\n","protected":false},"featured_media":4941,"comment_status":"open","ping_status":"closed","template":"","meta":[],"product_brand":[],"product_cat":[778],"product_tag":[805,806,807,810,803,804,808,809],"class_list":{"0":"post-4928","1":"product","2":"type-product","3":"status-publish","4":"has-post-thumbnail","6":"product_cat-ol-pardavimui","7":"product_tag-cookies-gelato-flowering-time","8":"product_tag-cookies-gelato-grow-diary","9":"product_tag-cookies-gelato-yield","10":"product_tag-gelato-cookies-strain-wikileaf","11":"product_tag-sausainiai-elato-42","12":"product_tag-sausainiai-elato-41","13":"product_tag-elato-sausainiai-ir-grietinl","14":"product_tag-gelato-cookies-strain-allbud","16":"first","17":"instock","18":"shipping-taxable","19":"purchasable","20":"product-type-variable","21":"has-default-attributes"},"yoast_head":"<!-- This site is optimized with the Yoast SEO plugin v27.3 - https:\/\/yoast.com\/product\/yoast-seo-wordpress\/ -->\n<title>Pirkite sausainius Gelato \u2013 Parduodami sausainiai \u201eGelato\u201c \u2013 geriausi pasaulyje vaistai<\/title>\n<meta name=\"description\" content=\"Pirkite slapukus Gelato marihuanos pardavimui internetu. Chem Willie yra Sativa Dominant Hybrid \u2013 70 % Sativa \/ 30 % Indica THC: 15 %\" \/>\n<meta name=\"robots\" content=\"index, follow, max-snippet:-1, max-image-preview:large, max-video-preview:-1\" \/>\n<link rel=\"canonical\" href=\"https:\/\/medicinasinc.com\/lt\/product\/pirk-sausainius-gelato\/\" \/>\n<meta property=\"og:locale\" content=\"en_US\" \/>\n<meta property=\"og:type\" content=\"article\" \/>\n<meta property=\"og:title\" content=\"Pirkite sausainius Gelato \u2013 Parduodami sausainiai \u201eGelato\u201c \u2013 geriausi pasaulyje vaistai\" \/>\n<meta property=\"og:description\" content=\"Pirkite slapukus Gelato marihuanos pardavimui internetu. Chem Willie yra Sativa Dominant Hybrid \u2013 70 % Sativa \/ 30 % Indica THC: 15 %\" \/>\n<meta property=\"og:url\" content=\"https:\/\/medicinasinc.com\/lt\/product\/pirk-sausainius-gelato\/\" \/>\n<meta property=\"og:site_name\" content=\"Medicinas Inc\" \/>\n<meta property=\"article:modified_time\" content=\"2022-03-20T12:29:39+00:00\" \/>\n<meta property=\"og:image\" content=\"https:\/\/medicinasinc.com\/lt\/wp-content\/uploads\/sites\/9\/2022\/02\/Buy-Cookies-Gelato.jpg\" \/>\n\t<meta property=\"og:image:width\" content=\"420\" \/>\n\t<meta property=\"og:image:height\" content=\"630\" \/>\n\t<meta property=\"og:image:type\" content=\"image\/jpeg\" \/>\n<meta name=\"twitter:card\" content=\"summary_large_image\" \/>\n<meta name=\"twitter:label1\" content=\"Est. reading time\" \/>\n\t<meta name=\"twitter:data1\" content=\"2 minutes\" \/>\n<script type=\"application\/ld+json\" class=\"yoast-schema-graph\">{\"@context\":\"https:\\\/\\\/schema.org\",\"@graph\":[{\"@type\":\"WebPage\",\"@id\":\"https:\\\/\\\/medicinasinc.com\\\/lt\\\/product\\\/pirk-sausainius-gelato\\\/\",\"url\":\"https:\\\/\\\/medicinasinc.com\\\/lt\\\/product\\\/pirk-sausainius-gelato\\\/\",\"name\":\"Pirkite sausainius Gelato \u2013 Parduodami sausainiai \u201eGelato\u201c \u2013 geriausi pasaulyje vaistai\",\"isPartOf\":{\"@id\":\"https:\\\/\\\/medicinasinc.com\\\/lt\\\/#website\"},\"primaryImageOfPage\":{\"@id\":\"https:\\\/\\\/medicinasinc.com\\\/lt\\\/product\\\/pirk-sausainius-gelato\\\/#primaryimage\"},\"image\":{\"@id\":\"https:\\\/\\\/medicinasinc.com\\\/lt\\\/product\\\/pirk-sausainius-gelato\\\/#primaryimage\"},\"thumbnailUrl\":\"https:\\\/\\\/medicinasinc.com\\\/lt\\\/wp-content\\\/uploads\\\/sites\\\/9\\\/2022\\\/02\\\/Buy-Cookies-Gelato.jpg\",\"datePublished\":\"2022-02-20T17:53:26+00:00\",\"dateModified\":\"2022-03-20T12:29:39+00:00\",\"description\":\"Pirkite slapukus Gelato marihuanos pardavimui internetu. Chem Willie yra Sativa Dominant Hybrid \u2013 70 % Sativa \\\/ 30 % Indica THC: 15 %\",\"breadcrumb\":{\"@id\":\"https:\\\/\\\/medicinasinc.com\\\/lt\\\/product\\\/pirk-sausainius-gelato\\\/#breadcrumb\"},\"inLanguage\":\"en-US\",\"potentialAction\":[{\"@type\":\"ReadAction\",\"target\":[\"https:\\\/\\\/medicinasinc.com\\\/lt\\\/product\\\/pirk-sausainius-gelato\\\/\"]}]},{\"@type\":\"ImageObject\",\"inLanguage\":\"en-US\",\"@id\":\"https:\\\/\\\/medicinasinc.com\\\/lt\\\/product\\\/pirk-sausainius-gelato\\\/#primaryimage\",\"url\":\"https:\\\/\\\/medicinasinc.com\\\/lt\\\/wp-content\\\/uploads\\\/sites\\\/9\\\/2022\\\/02\\\/Buy-Cookies-Gelato.jpg\",\"contentUrl\":\"https:\\\/\\\/medicinasinc.com\\\/lt\\\/wp-content\\\/uploads\\\/sites\\\/9\\\/2022\\\/02\\\/Buy-Cookies-Gelato.jpg\",\"width\":420,\"height\":630},{\"@type\":\"BreadcrumbList\",\"@id\":\"https:\\\/\\\/medicinasinc.com\\\/lt\\\/product\\\/pirk-sausainius-gelato\\\/#breadcrumb\",\"itemListElement\":[{\"@type\":\"ListItem\",\"position\":1,\"name\":\"Parduotuv\u0117\",\"item\":\"https:\\\/\\\/medicinasinc.com\\\/lt\\\/parduotuve\\\/\"},{\"@type\":\"ListItem\",\"position\":2,\"name\":\"Pirkite slapukus Gelato\"}]},{\"@type\":\"WebSite\",\"@id\":\"https:\\\/\\\/medicinasinc.com\\\/lt\\\/#website\",\"url\":\"https:\\\/\\\/medicinasinc.com\\\/lt\\\/\",\"name\":\"Medicinas Inc\",\"description\":\"Sveikatos medicinos klinika\",\"potentialAction\":[{\"@type\":\"SearchAction\",\"target\":{\"@type\":\"EntryPoint\",\"urlTemplate\":\"https:\\\/\\\/medicinasinc.com\\\/lt\\\/?s={search_term_string}\"},\"query-input\":{\"@type\":\"PropertyValueSpecification\",\"valueRequired\":true,\"valueName\":\"search_term_string\"}}],\"inLanguage\":\"en-US\"}]}<\/script>\n<!-- \/ Yoast SEO plugin. -->","yoast_head_json":{"title":"Pirkite sausainius Gelato \u2013 Parduodami sausainiai \u201eGelato\u201c \u2013 geriausi pasaulyje vaistai","description":"Pirkite slapukus Gelato marihuanos pardavimui internetu. Chem Willie yra Sativa Dominant Hybrid \u2013 70 % Sativa \/ 30 % Indica THC: 15 %","robots":{"index":"index","follow":"follow","max-snippet":"max-snippet:-1","max-image-preview":"max-image-preview:large","max-video-preview":"max-video-preview:-1"},"canonical":"https:\/\/medicinasinc.com\/lt\/product\/pirk-sausainius-gelato\/","og_locale":"en_US","og_type":"article","og_title":"Pirkite sausainius Gelato \u2013 Parduodami sausainiai \u201eGelato\u201c \u2013 geriausi pasaulyje vaistai","og_description":"Pirkite slapukus Gelato marihuanos pardavimui internetu. Chem Willie yra Sativa Dominant Hybrid \u2013 70 % Sativa \/ 30 % Indica THC: 15 %","og_url":"https:\/\/medicinasinc.com\/lt\/product\/pirk-sausainius-gelato\/","og_site_name":"Medicinas Inc","article_modified_time":"2022-03-20T12:29:39+00:00","og_image":[{"width":420,"height":630,"url":"https:\/\/medicinasinc.com\/lt\/wp-content\/uploads\/sites\/9\/2022\/02\/Buy-Cookies-Gelato.jpg","type":"image\/jpeg"}],"twitter_card":"summary_large_image","twitter_misc":{"Est. reading time":"2 minutes"},"schema":{"@context":"https:\/\/schema.org","@graph":[{"@type":"WebPage","@id":"https:\/\/medicinasinc.com\/lt\/product\/pirk-sausainius-gelato\/","url":"https:\/\/medicinasinc.com\/lt\/product\/pirk-sausainius-gelato\/","name":"Pirkite sausainius Gelato \u2013 Parduodami sausainiai \u201eGelato\u201c \u2013 geriausi pasaulyje vaistai","isPartOf":{"@id":"https:\/\/medicinasinc.com\/lt\/#website"},"primaryImageOfPage":{"@id":"https:\/\/medicinasinc.com\/lt\/product\/pirk-sausainius-gelato\/#primaryimage"},"image":{"@id":"https:\/\/medicinasinc.com\/lt\/product\/pirk-sausainius-gelato\/#primaryimage"},"thumbnailUrl":"https:\/\/medicinasinc.com\/lt\/wp-content\/uploads\/sites\/9\/2022\/02\/Buy-Cookies-Gelato.jpg","datePublished":"2022-02-20T17:53:26+00:00","dateModified":"2022-03-20T12:29:39+00:00","description":"Pirkite slapukus Gelato marihuanos pardavimui internetu. Chem Willie yra Sativa Dominant Hybrid \u2013 70 % Sativa \/ 30 % Indica THC: 15 %","breadcrumb":{"@id":"https:\/\/medicinasinc.com\/lt\/product\/pirk-sausainius-gelato\/#breadcrumb"},"inLanguage":"en-US","potentialAction":[{"@type":"ReadAction","target":["https:\/\/medicinasinc.com\/lt\/product\/pirk-sausainius-gelato\/"]}]},{"@type":"ImageObject","inLanguage":"en-US","@id":"https:\/\/medicinasinc.com\/lt\/product\/pirk-sausainius-gelato\/#primaryimage","url":"https:\/\/medicinasinc.com\/lt\/wp-content\/uploads\/sites\/9\/2022\/02\/Buy-Cookies-Gelato.jpg","contentUrl":"https:\/\/medicinasinc.com\/lt\/wp-content\/uploads\/sites\/9\/2022\/02\/Buy-Cookies-Gelato.jpg","width":420,"height":630},{"@type":"BreadcrumbList","@id":"https:\/\/medicinasinc.com\/lt\/product\/pirk-sausainius-gelato\/#breadcrumb","itemListElement":[{"@type":"ListItem","position":1,"name":"Parduotuv\u0117","item":"https:\/\/medicinasinc.com\/lt\/parduotuve\/"},{"@type":"ListItem","position":2,"name":"Pirkite slapukus Gelato"}]},{"@type":"WebSite","@id":"https:\/\/medicinasinc.com\/lt\/#website","url":"https:\/\/medicinasinc.com\/lt\/","name":"Medicinas Inc","description":"Sveikatos medicinos klinika","potentialAction":[{"@type":"SearchAction","target":{"@type":"EntryPoint","urlTemplate":"https:\/\/medicinasinc.com\/lt\/?s={search_term_string}"},"query-input":{"@type":"PropertyValueSpecification","valueRequired":true,"valueName":"search_term_string"}}],"inLanguage":"en-US"}]}},"_links":{"self":[{"href":"https:\/\/medicinasinc.com\/lt\/wp-json\/wp\/v2\/product\/4928","targetHints":{"allow":["GET"]}}],"collection":[{"href":"https:\/\/medicinasinc.com\/lt\/wp-json\/wp\/v2\/product"}],"about":[{"href":"https:\/\/medicinasinc.com\/lt\/wp-json\/wp\/v2\/types\/product"}],"replies":[{"embeddable":true,"href":"https:\/\/medicinasinc.com\/lt\/wp-json\/wp\/v2\/comments?post=4928"}],"wp:featuredmedia":[{"embeddable":true,"href":"https:\/\/medicinasinc.com\/lt\/wp-json\/wp\/v2\/media\/4941"}],"wp:attachment":[{"href":"https:\/\/medicinasinc.com\/lt\/wp-json\/wp\/v2\/media?parent=4928"}],"wp:term":[{"taxonomy":"product_brand","embeddable":true,"href":"https:\/\/medicinasinc.com\/lt\/wp-json\/wp\/v2\/product_brand?post=4928"},{"taxonomy":"product_cat","embeddable":true,"href":"https:\/\/medicinasinc.com\/lt\/wp-json\/wp\/v2\/product_cat?post=4928"},{"taxonomy":"product_tag","embeddable":true,"href":"https:\/\/medicinasinc.com\/lt\/wp-json\/wp\/v2\/product_tag?post=4928"}],"curies":[{"name":"wp","href":"https:\/\/api.w.org\/{rel}","templated":true}]}}