{"id":4912,"date":"2022-02-20T17:40:16","date_gmt":"2022-02-20T17:40:16","guid":{"rendered":"https:\/\/medicinasinc.com\/lt\/?post_type=product&#038;p=4912"},"modified":"2022-03-20T12:30:07","modified_gmt":"2022-03-20T12:30:07","slug":"pirk-melyna-svajone-itempimas","status":"publish","type":"product","link":"https:\/\/medicinasinc.com\/lt\/product\/pirk-melyna-svajone-itempimas\/","title":{"rendered":"Pirkite Blue Dream Strain"},"content":{"rendered":"<p>Blue Dream Sativa \u0161tam\u0105 galima \u012fsigyti internetu.<\/p>\n<p>Blue Dream Sativa paderm\u0119 galima \u012fsigyti internetu.<\/p>\n<p>60 % Sativa Dominant Hybrid Sativa \/ 40 % Indica<br \/> THC kiekis svyruoja nuo 17% iki 24%, CBD kiekis yra 2%, o CBN kiekis yra 1%.<\/p>\n<p>K\u016brybinis, energizuojantis, eufori\u0161kas ir laimingas poveikis gali palengvinti ADD \/ ADHD, nerimo, bipolinio sutrikimo simptomus. , l\u0117tinis skausmas, depresija, nuovargis, galvos skausmai ir hiperaktyvumas.<br \/> Skonis<br \/> Vaisi\u0173, uog\u0173, m\u0117lyni\u0173, \u017eoleli\u0173, saldus, vanil\u0117s<br \/> Aromatas<br \/> \u017dem\u0117s, vaisi\u0173, saldus ir vanil\u0117s -aromatizuotas<\/p>\n","protected":false},"excerpt":{"rendered":"<p>Pirkite Blue Dream Sativa AA su nemokamu pristatymu \u012f bet kuri\u0105 CEurope viet\u0105. \u201eBudStars\u201c yra pirmoji pasaulyje internetin\u0117 marihuanos parduotuv\u0117. Gaukite dideli\u0173 nuolaid\u0173 pradiniam pirkiniui.<\/p>\n<p>Blue Dream Sativa paderm\u0117 gali b\u016bti \u012fsigyta internetu.<\/p>\n<p>Marihuan\u0105 galite \u012fsigyti internetu su medicinine marihuanos kortele arba be jos. Marihuana pa\u0161tu.<\/p>\n","protected":false},"featured_media":4926,"comment_status":"open","ping_status":"closed","template":"","meta":[],"product_brand":[],"product_cat":[778],"product_tag":[],"class_list":{"0":"post-4912","1":"product","2":"type-product","3":"status-publish","4":"has-post-thumbnail","6":"product_cat-ol-pardavimui","8":"first","9":"instock","10":"shipping-taxable","11":"purchasable","12":"product-type-variable","13":"has-default-attributes"},"yoast_head":"<!-- This site is optimized with the Yoast SEO plugin v27.3 - https:\/\/yoast.com\/product\/yoast-seo-wordpress\/ -->\n<title>Pirkite Blue Dream Strain \u2013 geriausius geriausius pasaulinius vaistus<\/title>\n<meta name=\"description\" content=\"Pirkite \u201eBlue Dream Sativa Strain\u201c pardavimui internetu. pirkite pikt\u017eoles internetu su medicinine marihuanos kortele arba be jos. Marihuana pa\u0161tu.\" \/>\n<meta name=\"robots\" content=\"index, follow, max-snippet:-1, max-image-preview:large, max-video-preview:-1\" \/>\n<link rel=\"canonical\" href=\"https:\/\/medicinasinc.com\/lt\/product\/pirk-melyna-svajone-itempimas\/\" \/>\n<meta property=\"og:locale\" content=\"en_US\" \/>\n<meta property=\"og:type\" content=\"article\" \/>\n<meta property=\"og:title\" content=\"Pirkite Blue Dream Strain \u2013 geriausius geriausius pasaulinius vaistus\" \/>\n<meta property=\"og:description\" content=\"Pirkite \u201eBlue Dream Sativa Strain\u201c pardavimui internetu. pirkite pikt\u017eoles internetu su medicinine marihuanos kortele arba be jos. Marihuana pa\u0161tu.\" \/>\n<meta property=\"og:url\" content=\"https:\/\/medicinasinc.com\/lt\/product\/pirk-melyna-svajone-itempimas\/\" \/>\n<meta property=\"og:site_name\" content=\"Medicinas Inc\" \/>\n<meta property=\"article:modified_time\" content=\"2022-03-20T12:30:07+00:00\" \/>\n<meta property=\"og:image\" content=\"https:\/\/medicinasinc.com\/lt\/wp-content\/uploads\/sites\/9\/2022\/02\/Buy-Blue-Dream-Strain.jpg\" \/>\n\t<meta property=\"og:image:width\" content=\"225\" \/>\n\t<meta property=\"og:image:height\" content=\"225\" \/>\n\t<meta property=\"og:image:type\" content=\"image\/jpeg\" \/>\n<meta name=\"twitter:card\" content=\"summary_large_image\" \/>\n<meta name=\"twitter:label1\" content=\"Est. reading time\" \/>\n\t<meta name=\"twitter:data1\" content=\"1 minute\" \/>\n<script type=\"application\/ld+json\" class=\"yoast-schema-graph\">{\"@context\":\"https:\\\/\\\/schema.org\",\"@graph\":[{\"@type\":\"WebPage\",\"@id\":\"https:\\\/\\\/medicinasinc.com\\\/lt\\\/product\\\/pirk-melyna-svajone-itempimas\\\/\",\"url\":\"https:\\\/\\\/medicinasinc.com\\\/lt\\\/product\\\/pirk-melyna-svajone-itempimas\\\/\",\"name\":\"Pirkite Blue Dream Strain \u2013 geriausius geriausius pasaulinius vaistus\",\"isPartOf\":{\"@id\":\"https:\\\/\\\/medicinasinc.com\\\/lt\\\/#website\"},\"primaryImageOfPage\":{\"@id\":\"https:\\\/\\\/medicinasinc.com\\\/lt\\\/product\\\/pirk-melyna-svajone-itempimas\\\/#primaryimage\"},\"image\":{\"@id\":\"https:\\\/\\\/medicinasinc.com\\\/lt\\\/product\\\/pirk-melyna-svajone-itempimas\\\/#primaryimage\"},\"thumbnailUrl\":\"https:\\\/\\\/medicinasinc.com\\\/lt\\\/wp-content\\\/uploads\\\/sites\\\/9\\\/2022\\\/02\\\/Buy-Blue-Dream-Strain.jpg\",\"datePublished\":\"2022-02-20T17:40:16+00:00\",\"dateModified\":\"2022-03-20T12:30:07+00:00\",\"description\":\"Pirkite \u201eBlue Dream Sativa Strain\u201c pardavimui internetu. pirkite pikt\u017eoles internetu su medicinine marihuanos kortele arba be jos. Marihuana pa\u0161tu.\",\"breadcrumb\":{\"@id\":\"https:\\\/\\\/medicinasinc.com\\\/lt\\\/product\\\/pirk-melyna-svajone-itempimas\\\/#breadcrumb\"},\"inLanguage\":\"en-US\",\"potentialAction\":[{\"@type\":\"ReadAction\",\"target\":[\"https:\\\/\\\/medicinasinc.com\\\/lt\\\/product\\\/pirk-melyna-svajone-itempimas\\\/\"]}]},{\"@type\":\"ImageObject\",\"inLanguage\":\"en-US\",\"@id\":\"https:\\\/\\\/medicinasinc.com\\\/lt\\\/product\\\/pirk-melyna-svajone-itempimas\\\/#primaryimage\",\"url\":\"https:\\\/\\\/medicinasinc.com\\\/lt\\\/wp-content\\\/uploads\\\/sites\\\/9\\\/2022\\\/02\\\/Buy-Blue-Dream-Strain.jpg\",\"contentUrl\":\"https:\\\/\\\/medicinasinc.com\\\/lt\\\/wp-content\\\/uploads\\\/sites\\\/9\\\/2022\\\/02\\\/Buy-Blue-Dream-Strain.jpg\",\"width\":225,\"height\":225},{\"@type\":\"BreadcrumbList\",\"@id\":\"https:\\\/\\\/medicinasinc.com\\\/lt\\\/product\\\/pirk-melyna-svajone-itempimas\\\/#breadcrumb\",\"itemListElement\":[{\"@type\":\"ListItem\",\"position\":1,\"name\":\"Parduotuv\u0117\",\"item\":\"https:\\\/\\\/medicinasinc.com\\\/lt\\\/parduotuve\\\/\"},{\"@type\":\"ListItem\",\"position\":2,\"name\":\"Pirkite Blue Dream Strain\"}]},{\"@type\":\"WebSite\",\"@id\":\"https:\\\/\\\/medicinasinc.com\\\/lt\\\/#website\",\"url\":\"https:\\\/\\\/medicinasinc.com\\\/lt\\\/\",\"name\":\"Medicinas Inc\",\"description\":\"Sveikatos medicinos klinika\",\"potentialAction\":[{\"@type\":\"SearchAction\",\"target\":{\"@type\":\"EntryPoint\",\"urlTemplate\":\"https:\\\/\\\/medicinasinc.com\\\/lt\\\/?s={search_term_string}\"},\"query-input\":{\"@type\":\"PropertyValueSpecification\",\"valueRequired\":true,\"valueName\":\"search_term_string\"}}],\"inLanguage\":\"en-US\"}]}<\/script>\n<!-- \/ Yoast SEO plugin. -->","yoast_head_json":{"title":"Pirkite Blue Dream Strain \u2013 geriausius geriausius pasaulinius vaistus","description":"Pirkite \u201eBlue Dream Sativa Strain\u201c pardavimui internetu. pirkite pikt\u017eoles internetu su medicinine marihuanos kortele arba be jos. Marihuana pa\u0161tu.","robots":{"index":"index","follow":"follow","max-snippet":"max-snippet:-1","max-image-preview":"max-image-preview:large","max-video-preview":"max-video-preview:-1"},"canonical":"https:\/\/medicinasinc.com\/lt\/product\/pirk-melyna-svajone-itempimas\/","og_locale":"en_US","og_type":"article","og_title":"Pirkite Blue Dream Strain \u2013 geriausius geriausius pasaulinius vaistus","og_description":"Pirkite \u201eBlue Dream Sativa Strain\u201c pardavimui internetu. pirkite pikt\u017eoles internetu su medicinine marihuanos kortele arba be jos. Marihuana pa\u0161tu.","og_url":"https:\/\/medicinasinc.com\/lt\/product\/pirk-melyna-svajone-itempimas\/","og_site_name":"Medicinas Inc","article_modified_time":"2022-03-20T12:30:07+00:00","og_image":[{"width":225,"height":225,"url":"https:\/\/medicinasinc.com\/lt\/wp-content\/uploads\/sites\/9\/2022\/02\/Buy-Blue-Dream-Strain.jpg","type":"image\/jpeg"}],"twitter_card":"summary_large_image","twitter_misc":{"Est. reading time":"1 minute"},"schema":{"@context":"https:\/\/schema.org","@graph":[{"@type":"WebPage","@id":"https:\/\/medicinasinc.com\/lt\/product\/pirk-melyna-svajone-itempimas\/","url":"https:\/\/medicinasinc.com\/lt\/product\/pirk-melyna-svajone-itempimas\/","name":"Pirkite Blue Dream Strain \u2013 geriausius geriausius pasaulinius vaistus","isPartOf":{"@id":"https:\/\/medicinasinc.com\/lt\/#website"},"primaryImageOfPage":{"@id":"https:\/\/medicinasinc.com\/lt\/product\/pirk-melyna-svajone-itempimas\/#primaryimage"},"image":{"@id":"https:\/\/medicinasinc.com\/lt\/product\/pirk-melyna-svajone-itempimas\/#primaryimage"},"thumbnailUrl":"https:\/\/medicinasinc.com\/lt\/wp-content\/uploads\/sites\/9\/2022\/02\/Buy-Blue-Dream-Strain.jpg","datePublished":"2022-02-20T17:40:16+00:00","dateModified":"2022-03-20T12:30:07+00:00","description":"Pirkite \u201eBlue Dream Sativa Strain\u201c pardavimui internetu. pirkite pikt\u017eoles internetu su medicinine marihuanos kortele arba be jos. Marihuana pa\u0161tu.","breadcrumb":{"@id":"https:\/\/medicinasinc.com\/lt\/product\/pirk-melyna-svajone-itempimas\/#breadcrumb"},"inLanguage":"en-US","potentialAction":[{"@type":"ReadAction","target":["https:\/\/medicinasinc.com\/lt\/product\/pirk-melyna-svajone-itempimas\/"]}]},{"@type":"ImageObject","inLanguage":"en-US","@id":"https:\/\/medicinasinc.com\/lt\/product\/pirk-melyna-svajone-itempimas\/#primaryimage","url":"https:\/\/medicinasinc.com\/lt\/wp-content\/uploads\/sites\/9\/2022\/02\/Buy-Blue-Dream-Strain.jpg","contentUrl":"https:\/\/medicinasinc.com\/lt\/wp-content\/uploads\/sites\/9\/2022\/02\/Buy-Blue-Dream-Strain.jpg","width":225,"height":225},{"@type":"BreadcrumbList","@id":"https:\/\/medicinasinc.com\/lt\/product\/pirk-melyna-svajone-itempimas\/#breadcrumb","itemListElement":[{"@type":"ListItem","position":1,"name":"Parduotuv\u0117","item":"https:\/\/medicinasinc.com\/lt\/parduotuve\/"},{"@type":"ListItem","position":2,"name":"Pirkite Blue Dream Strain"}]},{"@type":"WebSite","@id":"https:\/\/medicinasinc.com\/lt\/#website","url":"https:\/\/medicinasinc.com\/lt\/","name":"Medicinas Inc","description":"Sveikatos medicinos klinika","potentialAction":[{"@type":"SearchAction","target":{"@type":"EntryPoint","urlTemplate":"https:\/\/medicinasinc.com\/lt\/?s={search_term_string}"},"query-input":{"@type":"PropertyValueSpecification","valueRequired":true,"valueName":"search_term_string"}}],"inLanguage":"en-US"}]}},"_links":{"self":[{"href":"https:\/\/medicinasinc.com\/lt\/wp-json\/wp\/v2\/product\/4912","targetHints":{"allow":["GET"]}}],"collection":[{"href":"https:\/\/medicinasinc.com\/lt\/wp-json\/wp\/v2\/product"}],"about":[{"href":"https:\/\/medicinasinc.com\/lt\/wp-json\/wp\/v2\/types\/product"}],"replies":[{"embeddable":true,"href":"https:\/\/medicinasinc.com\/lt\/wp-json\/wp\/v2\/comments?post=4912"}],"wp:featuredmedia":[{"embeddable":true,"href":"https:\/\/medicinasinc.com\/lt\/wp-json\/wp\/v2\/media\/4926"}],"wp:attachment":[{"href":"https:\/\/medicinasinc.com\/lt\/wp-json\/wp\/v2\/media?parent=4912"}],"wp:term":[{"taxonomy":"product_brand","embeddable":true,"href":"https:\/\/medicinasinc.com\/lt\/wp-json\/wp\/v2\/product_brand?post=4912"},{"taxonomy":"product_cat","embeddable":true,"href":"https:\/\/medicinasinc.com\/lt\/wp-json\/wp\/v2\/product_cat?post=4912"},{"taxonomy":"product_tag","embeddable":true,"href":"https:\/\/medicinasinc.com\/lt\/wp-json\/wp\/v2\/product_tag?post=4912"}],"curies":[{"name":"wp","href":"https:\/\/api.w.org\/{rel}","templated":true}]}}