{"id":4908,"date":"2022-02-20T17:37:57","date_gmt":"2022-02-20T17:37:57","guid":{"rendered":"https:\/\/medicinasinc.com\/lt\/?post_type=product&#038;p=4908"},"modified":"2022-03-20T12:30:29","modified_gmt":"2022-03-20T12:30:29","slug":"pirkti-triguba-g-paderme","status":"publish","type":"product","link":"https:\/\/medicinasinc.com\/lt\/product\/pirkti-triguba-g-paderme\/","title":{"rendered":"Pirkite Triple G Strain"},"content":{"rendered":"<p>Kalbant apie \u0161i\u0105 hibridin\u0119 paderm\u0119<\/p>\n<p>Triple G, taip pat \u017einomas kaip Ghost OG, gamina kvapnius, tropinius, bet \u0161iek tiek rausvus, gaivius, \u017eemi\u0161kus atspalvius pumpurus. D\u0117l ind\u0173 dominavimo kai kurie pumpurai gali tur\u0117ti gili\u0173 ir viliojan\u010di\u0173 violetini\u0173 atspalvi\u0173. R\u016bkant ar i\u0161garinant, skonis linksta \u012f sald\u0173, bet \u012f laim\u0119 pana\u0161\u0173 skon\u012f.<\/p>\n<p>THC lygis paprastai svyruoja nuo \u017eemo iki dvide\u0161imtojo de\u0161imtme\u010dio vidurio, o daugelis ap\u017evalginink\u0173 piktinasi, kad \u0161i atmaina gali suma\u017einti skausm\u0105, susijus\u012f su \u012fvairove. b\u016bkli\u0173 ir simptom\u0173, \u012fskaitant diskomfort\u0105 stuburo srityje.<\/p>\n<p>Be to, \u201eTriple G\u201c gerb\u0117jai teig\u0117, kad tai yra puiki priemon\u0117 nervams nuraminti, psichologinei \u012ftampai suma\u017einti ir protui pails\u0117ti nuo u\u017epl\u016bstan\u010di\u0173 min\u010di\u0173, kurios neleiskite mums miegoti naktimis.<\/p>\n<p>\u0160i dominuojanti indikacija gali sukelti alk\u012f arba raminti, tod\u0117l tur\u0117kite po ranka kelet\u0105 sveik\u0173 u\u017ekand\u017ei\u0173 ir netoliese patogi\u0105 viet\u0105 ils\u0117tis ar miegoti.<\/p>\n<p>\u012esigykite m\u0117lyn\u0105 spalv\u0105. Dream Sativa AA su nemokamu pristatymu \u012f bet kuri\u0105 CEurope viet\u0105. \u201eBudStars\u201c yra pirmoji pasaulyje internetin\u0117 marihuanos parduotuv\u0117. Gaukite dideli\u0173 nuolaid\u0173 pradiniam pirkiniui.<\/p>\n<p>Blue Dream Sativa paderm\u0117 gali b\u016bti \u012fsigyta internetu.<\/p>\n<p>Marihuan\u0105 galite \u012fsigyti internetu su medicinine marihuanos kortele arba be jos. Marihuana pa\u0161tu.<\/p>\n","protected":false},"excerpt":{"rendered":"<p>Parduodamas \u201eBuy Triple G\u201c \u0161tamas yra hibridas ir dviej\u0173 legendini\u0173 kanapi\u0173 bendruomen\u0117s atmain\u0173: Gorilla Glue ir Gelato kry\u017eminimas.<\/p>\n<table>\n<caption>Kanabinoid\u0173 laboratorijos duomenys<\/caption>\n<thead>\n<tr>\n<th>Kanabinoidas<\/th>\n<th>Kiekis<\/th>\n<\/tr>\n<\/thead>\n<tbody>\n<tr>\n<td>THC:<\/td>\n<td>21,69 %<\/td>\n<\/tr>\n<tr>\n<td>\u03949-THC:<\/td>\n<td>1,04 %<\/td>\n<\/tr>\n<tr>\n<td>THC-A:<\/td>\n<td>23,54 % <\/td>\n<\/tr>\n<\/tbody>\n<\/table>\n<p>&nbsp;<\/p>\n<table>\n<caption>Terpeno laboratorijos duomenys<\/caption>\n<thead>\n<tr>\n<th>Terpenas<\/caption>\n<p> th&gt; <\/p>\n<th>Kiekis<\/th>\n<\/tr>\n<\/thead>\n<tbody>\n<tr>\n<td>Limonenas:<\/td>\n<td>0,68 %<\/td>\n<\/tr>\n<tr>\n<td>Beta kariofilenas:<\/td>\n<td>0,27 %<\/td>\n<\/tr>\n<tr>\n<td>Beta mircenas:<\/td>\n<td>0,22 %<\/td>\n<\/tr>\n<\/tbody>\n<\/table>\n","protected":false},"featured_media":4922,"comment_status":"open","ping_status":"closed","template":"","meta":[],"product_brand":[],"product_cat":[778],"product_tag":[787,788,789,791,793,794,790,792],"class_list":{"0":"post-4908","1":"product","2":"type-product","3":"status-publish","4":"has-post-thumbnail","6":"product_cat-ol-pardavimui","7":"product_tag-ggg-paderm","8":"product_tag-hulkberry-tamas","9":"product_tag-la-patron-strain-leafly","10":"product_tag-triple-g-strain-allbud","11":"product_tag-trigubas-g-tamas-lapas","12":"product_tag-triple-g-strem-near-me","13":"product_tag-trigubas-g-augimo-dienoratis","14":"product_tag-trigubas-g-tempimas-ydjimo-laikas","16":"first","17":"instock","18":"shipping-taxable","19":"purchasable","20":"product-type-variable","21":"has-default-attributes"},"yoast_head":"<!-- This site is optimized with the Yoast SEO plugin v27.3 - https:\/\/yoast.com\/product\/yoast-seo-wordpress\/ -->\n<title>Pirkite Triple G paderm\u0119 \u2013 geriausius geriausius pasaulinius vaistus<\/title>\n<meta name=\"description\" content=\"Pirkti Parduodamas Triple G paderm\u0117 yra hibridas ir dviej\u0173 galing\u0173 atmain\u0173, pla\u010diai paplitusi\u0173 kanapi\u0173 bendruomen\u0117je, hibridas: Gorilla Glue ir Gelato.\" \/>\n<meta name=\"robots\" content=\"index, follow, max-snippet:-1, max-image-preview:large, max-video-preview:-1\" \/>\n<link rel=\"canonical\" href=\"https:\/\/medicinasinc.com\/lt\/product\/pirkti-triguba-g-paderme\/\" \/>\n<meta property=\"og:locale\" content=\"en_US\" \/>\n<meta property=\"og:type\" content=\"article\" \/>\n<meta property=\"og:title\" content=\"Pirkite Triple G paderm\u0119 \u2013 geriausius geriausius pasaulinius vaistus\" \/>\n<meta property=\"og:description\" content=\"Pirkti Parduodamas Triple G paderm\u0117 yra hibridas ir dviej\u0173 galing\u0173 atmain\u0173, pla\u010diai paplitusi\u0173 kanapi\u0173 bendruomen\u0117je, hibridas: Gorilla Glue ir Gelato.\" \/>\n<meta property=\"og:url\" content=\"https:\/\/medicinasinc.com\/lt\/product\/pirkti-triguba-g-paderme\/\" \/>\n<meta property=\"og:site_name\" content=\"Medicinas Inc\" \/>\n<meta property=\"article:modified_time\" content=\"2022-03-20T12:30:29+00:00\" \/>\n<meta property=\"og:image\" content=\"https:\/\/medicinasinc.com\/lt\/wp-content\/uploads\/sites\/9\/2022\/02\/Buy-Triple-G-Strain-1.jpg\" \/>\n\t<meta property=\"og:image:width\" content=\"800\" \/>\n\t<meta property=\"og:image:height\" content=\"800\" \/>\n\t<meta property=\"og:image:type\" content=\"image\/jpeg\" \/>\n<meta name=\"twitter:card\" content=\"summary_large_image\" \/>\n<meta name=\"twitter:label1\" content=\"Est. reading time\" \/>\n\t<meta name=\"twitter:data1\" content=\"1 minute\" \/>\n<script type=\"application\/ld+json\" class=\"yoast-schema-graph\">{\"@context\":\"https:\\\/\\\/schema.org\",\"@graph\":[{\"@type\":\"WebPage\",\"@id\":\"https:\\\/\\\/medicinasinc.com\\\/lt\\\/product\\\/pirkti-triguba-g-paderme\\\/\",\"url\":\"https:\\\/\\\/medicinasinc.com\\\/lt\\\/product\\\/pirkti-triguba-g-paderme\\\/\",\"name\":\"Pirkite Triple G paderm\u0119 \u2013 geriausius geriausius pasaulinius vaistus\",\"isPartOf\":{\"@id\":\"https:\\\/\\\/medicinasinc.com\\\/lt\\\/#website\"},\"primaryImageOfPage\":{\"@id\":\"https:\\\/\\\/medicinasinc.com\\\/lt\\\/product\\\/pirkti-triguba-g-paderme\\\/#primaryimage\"},\"image\":{\"@id\":\"https:\\\/\\\/medicinasinc.com\\\/lt\\\/product\\\/pirkti-triguba-g-paderme\\\/#primaryimage\"},\"thumbnailUrl\":\"https:\\\/\\\/medicinasinc.com\\\/lt\\\/wp-content\\\/uploads\\\/sites\\\/9\\\/2022\\\/02\\\/Buy-Triple-G-Strain-1.jpg\",\"datePublished\":\"2022-02-20T17:37:57+00:00\",\"dateModified\":\"2022-03-20T12:30:29+00:00\",\"description\":\"Pirkti Parduodamas Triple G paderm\u0117 yra hibridas ir dviej\u0173 galing\u0173 atmain\u0173, pla\u010diai paplitusi\u0173 kanapi\u0173 bendruomen\u0117je, hibridas: Gorilla Glue ir Gelato.\",\"breadcrumb\":{\"@id\":\"https:\\\/\\\/medicinasinc.com\\\/lt\\\/product\\\/pirkti-triguba-g-paderme\\\/#breadcrumb\"},\"inLanguage\":\"en-US\",\"potentialAction\":[{\"@type\":\"ReadAction\",\"target\":[\"https:\\\/\\\/medicinasinc.com\\\/lt\\\/product\\\/pirkti-triguba-g-paderme\\\/\"]}]},{\"@type\":\"ImageObject\",\"inLanguage\":\"en-US\",\"@id\":\"https:\\\/\\\/medicinasinc.com\\\/lt\\\/product\\\/pirkti-triguba-g-paderme\\\/#primaryimage\",\"url\":\"https:\\\/\\\/medicinasinc.com\\\/lt\\\/wp-content\\\/uploads\\\/sites\\\/9\\\/2022\\\/02\\\/Buy-Triple-G-Strain-1.jpg\",\"contentUrl\":\"https:\\\/\\\/medicinasinc.com\\\/lt\\\/wp-content\\\/uploads\\\/sites\\\/9\\\/2022\\\/02\\\/Buy-Triple-G-Strain-1.jpg\",\"width\":800,\"height\":800},{\"@type\":\"BreadcrumbList\",\"@id\":\"https:\\\/\\\/medicinasinc.com\\\/lt\\\/product\\\/pirkti-triguba-g-paderme\\\/#breadcrumb\",\"itemListElement\":[{\"@type\":\"ListItem\",\"position\":1,\"name\":\"Parduotuv\u0117\",\"item\":\"https:\\\/\\\/medicinasinc.com\\\/lt\\\/parduotuve\\\/\"},{\"@type\":\"ListItem\",\"position\":2,\"name\":\"Pirkite Triple G Strain\"}]},{\"@type\":\"WebSite\",\"@id\":\"https:\\\/\\\/medicinasinc.com\\\/lt\\\/#website\",\"url\":\"https:\\\/\\\/medicinasinc.com\\\/lt\\\/\",\"name\":\"Medicinas Inc\",\"description\":\"Sveikatos medicinos klinika\",\"potentialAction\":[{\"@type\":\"SearchAction\",\"target\":{\"@type\":\"EntryPoint\",\"urlTemplate\":\"https:\\\/\\\/medicinasinc.com\\\/lt\\\/?s={search_term_string}\"},\"query-input\":{\"@type\":\"PropertyValueSpecification\",\"valueRequired\":true,\"valueName\":\"search_term_string\"}}],\"inLanguage\":\"en-US\"}]}<\/script>\n<!-- \/ Yoast SEO plugin. -->","yoast_head_json":{"title":"Pirkite Triple G paderm\u0119 \u2013 geriausius geriausius pasaulinius vaistus","description":"Pirkti Parduodamas Triple G paderm\u0117 yra hibridas ir dviej\u0173 galing\u0173 atmain\u0173, pla\u010diai paplitusi\u0173 kanapi\u0173 bendruomen\u0117je, hibridas: Gorilla Glue ir Gelato.","robots":{"index":"index","follow":"follow","max-snippet":"max-snippet:-1","max-image-preview":"max-image-preview:large","max-video-preview":"max-video-preview:-1"},"canonical":"https:\/\/medicinasinc.com\/lt\/product\/pirkti-triguba-g-paderme\/","og_locale":"en_US","og_type":"article","og_title":"Pirkite Triple G paderm\u0119 \u2013 geriausius geriausius pasaulinius vaistus","og_description":"Pirkti Parduodamas Triple G paderm\u0117 yra hibridas ir dviej\u0173 galing\u0173 atmain\u0173, pla\u010diai paplitusi\u0173 kanapi\u0173 bendruomen\u0117je, hibridas: Gorilla Glue ir Gelato.","og_url":"https:\/\/medicinasinc.com\/lt\/product\/pirkti-triguba-g-paderme\/","og_site_name":"Medicinas Inc","article_modified_time":"2022-03-20T12:30:29+00:00","og_image":[{"width":800,"height":800,"url":"https:\/\/medicinasinc.com\/lt\/wp-content\/uploads\/sites\/9\/2022\/02\/Buy-Triple-G-Strain-1.jpg","type":"image\/jpeg"}],"twitter_card":"summary_large_image","twitter_misc":{"Est. reading time":"1 minute"},"schema":{"@context":"https:\/\/schema.org","@graph":[{"@type":"WebPage","@id":"https:\/\/medicinasinc.com\/lt\/product\/pirkti-triguba-g-paderme\/","url":"https:\/\/medicinasinc.com\/lt\/product\/pirkti-triguba-g-paderme\/","name":"Pirkite Triple G paderm\u0119 \u2013 geriausius geriausius pasaulinius vaistus","isPartOf":{"@id":"https:\/\/medicinasinc.com\/lt\/#website"},"primaryImageOfPage":{"@id":"https:\/\/medicinasinc.com\/lt\/product\/pirkti-triguba-g-paderme\/#primaryimage"},"image":{"@id":"https:\/\/medicinasinc.com\/lt\/product\/pirkti-triguba-g-paderme\/#primaryimage"},"thumbnailUrl":"https:\/\/medicinasinc.com\/lt\/wp-content\/uploads\/sites\/9\/2022\/02\/Buy-Triple-G-Strain-1.jpg","datePublished":"2022-02-20T17:37:57+00:00","dateModified":"2022-03-20T12:30:29+00:00","description":"Pirkti Parduodamas Triple G paderm\u0117 yra hibridas ir dviej\u0173 galing\u0173 atmain\u0173, pla\u010diai paplitusi\u0173 kanapi\u0173 bendruomen\u0117je, hibridas: Gorilla Glue ir Gelato.","breadcrumb":{"@id":"https:\/\/medicinasinc.com\/lt\/product\/pirkti-triguba-g-paderme\/#breadcrumb"},"inLanguage":"en-US","potentialAction":[{"@type":"ReadAction","target":["https:\/\/medicinasinc.com\/lt\/product\/pirkti-triguba-g-paderme\/"]}]},{"@type":"ImageObject","inLanguage":"en-US","@id":"https:\/\/medicinasinc.com\/lt\/product\/pirkti-triguba-g-paderme\/#primaryimage","url":"https:\/\/medicinasinc.com\/lt\/wp-content\/uploads\/sites\/9\/2022\/02\/Buy-Triple-G-Strain-1.jpg","contentUrl":"https:\/\/medicinasinc.com\/lt\/wp-content\/uploads\/sites\/9\/2022\/02\/Buy-Triple-G-Strain-1.jpg","width":800,"height":800},{"@type":"BreadcrumbList","@id":"https:\/\/medicinasinc.com\/lt\/product\/pirkti-triguba-g-paderme\/#breadcrumb","itemListElement":[{"@type":"ListItem","position":1,"name":"Parduotuv\u0117","item":"https:\/\/medicinasinc.com\/lt\/parduotuve\/"},{"@type":"ListItem","position":2,"name":"Pirkite Triple G Strain"}]},{"@type":"WebSite","@id":"https:\/\/medicinasinc.com\/lt\/#website","url":"https:\/\/medicinasinc.com\/lt\/","name":"Medicinas Inc","description":"Sveikatos medicinos klinika","potentialAction":[{"@type":"SearchAction","target":{"@type":"EntryPoint","urlTemplate":"https:\/\/medicinasinc.com\/lt\/?s={search_term_string}"},"query-input":{"@type":"PropertyValueSpecification","valueRequired":true,"valueName":"search_term_string"}}],"inLanguage":"en-US"}]}},"_links":{"self":[{"href":"https:\/\/medicinasinc.com\/lt\/wp-json\/wp\/v2\/product\/4908","targetHints":{"allow":["GET"]}}],"collection":[{"href":"https:\/\/medicinasinc.com\/lt\/wp-json\/wp\/v2\/product"}],"about":[{"href":"https:\/\/medicinasinc.com\/lt\/wp-json\/wp\/v2\/types\/product"}],"replies":[{"embeddable":true,"href":"https:\/\/medicinasinc.com\/lt\/wp-json\/wp\/v2\/comments?post=4908"}],"wp:featuredmedia":[{"embeddable":true,"href":"https:\/\/medicinasinc.com\/lt\/wp-json\/wp\/v2\/media\/4922"}],"wp:attachment":[{"href":"https:\/\/medicinasinc.com\/lt\/wp-json\/wp\/v2\/media?parent=4908"}],"wp:term":[{"taxonomy":"product_brand","embeddable":true,"href":"https:\/\/medicinasinc.com\/lt\/wp-json\/wp\/v2\/product_brand?post=4908"},{"taxonomy":"product_cat","embeddable":true,"href":"https:\/\/medicinasinc.com\/lt\/wp-json\/wp\/v2\/product_cat?post=4908"},{"taxonomy":"product_tag","embeddable":true,"href":"https:\/\/medicinasinc.com\/lt\/wp-json\/wp\/v2\/product_tag?post=4908"}],"curies":[{"name":"wp","href":"https:\/\/api.w.org\/{rel}","templated":true}]}}