{"id":4895,"date":"2022-02-20T17:27:17","date_gmt":"2022-02-20T17:27:17","guid":{"rendered":"https:\/\/medicinasinc.com\/lt\/?post_type=product&#038;p=4895"},"modified":"2022-03-20T12:30:56","modified_gmt":"2022-03-20T12:30:56","slug":"pirk-ak-47-marihuana","status":"publish","type":"product","link":"https:\/\/medicinasinc.com\/lt\/product\/pirk-ak-47-marihuana\/","title":{"rendered":"Pirkite marihuan\u0105 AK-47"},"content":{"rendered":"<p><strong>\u012esigykite AK-47 Marijuana Sativa Strain internetu.<\/strong><\/p>\n<p><strong>\u012esigykite internetu AK-47 Marijuana Sativa Strain.<\/strong><\/p>\n<p> AK-47 Marihuana yra Sativa dominuojantis hibridas \u2013 65% Sativa ir 35% Indica. Indica<br \/> THC kiekis svyruoja nuo 13% iki 20%, CBD kiekis yra 1%, o CBN kiekis yra 1%.<\/p>\n<p>K\u016brybi\u0161ki, suteikiantys energijos, eufori\u0161ki ir laimingi skoniai gali palengvinti bipolin\u012f sutrikim\u0105, l\u0117tin\u012f Skausmas, depresija, galvos skausmai, nemiga, apetito praradimas, migrena, PTSD ir stresas<br \/> Skunkso, saldumo ir medienos aromatai<br \/> Aitrus, skurdus, r\u016bg\u0161tus ir a\u0161trus<\/p>\n","protected":false},"excerpt":{"rendered":"<p>Pirkite AK-47 Marijuana Sativa paderm\u0119, kad gal\u0117tum\u0117te parduoti internetu Jungtin\u0117je Karalyst\u0117je ir Europoje. PIRKTI WEED INTERNETU AUSTRALIJA<\/p>\n<p>&nbsp;<\/p>\n","protected":false},"featured_media":4909,"comment_status":"open","ping_status":"closed","template":"","meta":[],"product_brand":[],"product_cat":[778],"product_tag":[781,782,783,784,779,780,786,785],"class_list":{"0":"post-4895","1":"product","2":"type-product","3":"status-publish","4":"has-post-thumbnail","6":"product_cat-ol-pardavimui","7":"product_tag-ak-47-paderms-poveikis","8":"product_tag-ak-47-patempimas-dl-nerimo","9":"product_tag-ak-47-kaina-kaina","10":"product_tag-ak-47-tamp-kvapas","11":"product_tag-ak-47-runtz-strain","12":"product_tag-ak-47-seeds-feminized-uk","13":"product_tag-rimtas-sklos-ak-47-apvalga","14":"product_tag-vyni-ak-47-sklos","16":"first","17":"instock","18":"shipping-taxable","19":"purchasable","20":"product-type-variable","21":"has-default-attributes"},"yoast_head":"<!-- This site is optimized with the Yoast SEO plugin v27.3 - https:\/\/yoast.com\/product\/yoast-seo-wordpress\/ -->\n<title>Pirkite AK-47 marihuan\u0105 \u2013 geriausius pasaulinius vaistus<\/title>\n<meta name=\"description\" content=\"Pirkite AK-47 Marihuana Sativa \u0161tam\u0105 internetu JK, Europoje. PIRKTI PIKT\u017dOL\u0118 INTERNETU AUSTRALIJA pirkite marihuan\u0105 internetu Australija, Australijos pikt\u017eol\u0117s pardavimas.\" \/>\n<meta name=\"robots\" content=\"index, follow, max-snippet:-1, max-image-preview:large, max-video-preview:-1\" \/>\n<link rel=\"canonical\" href=\"https:\/\/medicinasinc.com\/lt\/product\/pirk-ak-47-marihuana\/\" \/>\n<meta property=\"og:locale\" content=\"en_US\" \/>\n<meta property=\"og:type\" content=\"article\" \/>\n<meta property=\"og:title\" content=\"Pirkite AK-47 marihuan\u0105 \u2013 geriausius pasaulinius vaistus\" \/>\n<meta property=\"og:description\" content=\"Pirkite AK-47 Marihuana Sativa \u0161tam\u0105 internetu JK, Europoje. PIRKTI PIKT\u017dOL\u0118 INTERNETU AUSTRALIJA pirkite marihuan\u0105 internetu Australija, Australijos pikt\u017eol\u0117s pardavimas.\" \/>\n<meta property=\"og:url\" content=\"https:\/\/medicinasinc.com\/lt\/product\/pirk-ak-47-marihuana\/\" \/>\n<meta property=\"og:site_name\" content=\"Medicinas Inc\" \/>\n<meta property=\"article:modified_time\" content=\"2022-03-20T12:30:56+00:00\" \/>\n<meta property=\"og:image\" content=\"https:\/\/medicinasinc.com\/lt\/wp-content\/uploads\/sites\/9\/2022\/02\/Buy-AK-47-Marijuana.jpeg\" \/>\n\t<meta property=\"og:image:width\" content=\"1242\" \/>\n\t<meta property=\"og:image:height\" content=\"1051\" \/>\n\t<meta property=\"og:image:type\" content=\"image\/jpeg\" \/>\n<meta name=\"twitter:card\" content=\"summary_large_image\" \/>\n<meta name=\"twitter:label1\" content=\"Est. reading time\" \/>\n\t<meta name=\"twitter:data1\" content=\"1 minute\" \/>\n<script type=\"application\/ld+json\" class=\"yoast-schema-graph\">{\"@context\":\"https:\\\/\\\/schema.org\",\"@graph\":[{\"@type\":\"WebPage\",\"@id\":\"https:\\\/\\\/medicinasinc.com\\\/lt\\\/product\\\/pirk-ak-47-marihuana\\\/\",\"url\":\"https:\\\/\\\/medicinasinc.com\\\/lt\\\/product\\\/pirk-ak-47-marihuana\\\/\",\"name\":\"Pirkite AK-47 marihuan\u0105 \u2013 geriausius pasaulinius vaistus\",\"isPartOf\":{\"@id\":\"https:\\\/\\\/medicinasinc.com\\\/lt\\\/#website\"},\"primaryImageOfPage\":{\"@id\":\"https:\\\/\\\/medicinasinc.com\\\/lt\\\/product\\\/pirk-ak-47-marihuana\\\/#primaryimage\"},\"image\":{\"@id\":\"https:\\\/\\\/medicinasinc.com\\\/lt\\\/product\\\/pirk-ak-47-marihuana\\\/#primaryimage\"},\"thumbnailUrl\":\"https:\\\/\\\/medicinasinc.com\\\/lt\\\/wp-content\\\/uploads\\\/sites\\\/9\\\/2022\\\/02\\\/Buy-AK-47-Marijuana.jpeg\",\"datePublished\":\"2022-02-20T17:27:17+00:00\",\"dateModified\":\"2022-03-20T12:30:56+00:00\",\"description\":\"Pirkite AK-47 Marihuana Sativa \u0161tam\u0105 internetu JK, Europoje. PIRKTI PIKT\u017dOL\u0118 INTERNETU AUSTRALIJA pirkite marihuan\u0105 internetu Australija, Australijos pikt\u017eol\u0117s pardavimas.\",\"breadcrumb\":{\"@id\":\"https:\\\/\\\/medicinasinc.com\\\/lt\\\/product\\\/pirk-ak-47-marihuana\\\/#breadcrumb\"},\"inLanguage\":\"en-US\",\"potentialAction\":[{\"@type\":\"ReadAction\",\"target\":[\"https:\\\/\\\/medicinasinc.com\\\/lt\\\/product\\\/pirk-ak-47-marihuana\\\/\"]}]},{\"@type\":\"ImageObject\",\"inLanguage\":\"en-US\",\"@id\":\"https:\\\/\\\/medicinasinc.com\\\/lt\\\/product\\\/pirk-ak-47-marihuana\\\/#primaryimage\",\"url\":\"https:\\\/\\\/medicinasinc.com\\\/lt\\\/wp-content\\\/uploads\\\/sites\\\/9\\\/2022\\\/02\\\/Buy-AK-47-Marijuana.jpeg\",\"contentUrl\":\"https:\\\/\\\/medicinasinc.com\\\/lt\\\/wp-content\\\/uploads\\\/sites\\\/9\\\/2022\\\/02\\\/Buy-AK-47-Marijuana.jpeg\",\"width\":1242,\"height\":1051},{\"@type\":\"BreadcrumbList\",\"@id\":\"https:\\\/\\\/medicinasinc.com\\\/lt\\\/product\\\/pirk-ak-47-marihuana\\\/#breadcrumb\",\"itemListElement\":[{\"@type\":\"ListItem\",\"position\":1,\"name\":\"Parduotuv\u0117\",\"item\":\"https:\\\/\\\/medicinasinc.com\\\/lt\\\/parduotuve\\\/\"},{\"@type\":\"ListItem\",\"position\":2,\"name\":\"Pirkite marihuan\u0105 AK-47\"}]},{\"@type\":\"WebSite\",\"@id\":\"https:\\\/\\\/medicinasinc.com\\\/lt\\\/#website\",\"url\":\"https:\\\/\\\/medicinasinc.com\\\/lt\\\/\",\"name\":\"Medicinas Inc\",\"description\":\"Sveikatos medicinos klinika\",\"potentialAction\":[{\"@type\":\"SearchAction\",\"target\":{\"@type\":\"EntryPoint\",\"urlTemplate\":\"https:\\\/\\\/medicinasinc.com\\\/lt\\\/?s={search_term_string}\"},\"query-input\":{\"@type\":\"PropertyValueSpecification\",\"valueRequired\":true,\"valueName\":\"search_term_string\"}}],\"inLanguage\":\"en-US\"}]}<\/script>\n<!-- \/ Yoast SEO plugin. -->","yoast_head_json":{"title":"Pirkite AK-47 marihuan\u0105 \u2013 geriausius pasaulinius vaistus","description":"Pirkite AK-47 Marihuana Sativa \u0161tam\u0105 internetu JK, Europoje. PIRKTI PIKT\u017dOL\u0118 INTERNETU AUSTRALIJA pirkite marihuan\u0105 internetu Australija, Australijos pikt\u017eol\u0117s pardavimas.","robots":{"index":"index","follow":"follow","max-snippet":"max-snippet:-1","max-image-preview":"max-image-preview:large","max-video-preview":"max-video-preview:-1"},"canonical":"https:\/\/medicinasinc.com\/lt\/product\/pirk-ak-47-marihuana\/","og_locale":"en_US","og_type":"article","og_title":"Pirkite AK-47 marihuan\u0105 \u2013 geriausius pasaulinius vaistus","og_description":"Pirkite AK-47 Marihuana Sativa \u0161tam\u0105 internetu JK, Europoje. PIRKTI PIKT\u017dOL\u0118 INTERNETU AUSTRALIJA pirkite marihuan\u0105 internetu Australija, Australijos pikt\u017eol\u0117s pardavimas.","og_url":"https:\/\/medicinasinc.com\/lt\/product\/pirk-ak-47-marihuana\/","og_site_name":"Medicinas Inc","article_modified_time":"2022-03-20T12:30:56+00:00","og_image":[{"width":1242,"height":1051,"url":"https:\/\/medicinasinc.com\/lt\/wp-content\/uploads\/sites\/9\/2022\/02\/Buy-AK-47-Marijuana.jpeg","type":"image\/jpeg"}],"twitter_card":"summary_large_image","twitter_misc":{"Est. reading time":"1 minute"},"schema":{"@context":"https:\/\/schema.org","@graph":[{"@type":"WebPage","@id":"https:\/\/medicinasinc.com\/lt\/product\/pirk-ak-47-marihuana\/","url":"https:\/\/medicinasinc.com\/lt\/product\/pirk-ak-47-marihuana\/","name":"Pirkite AK-47 marihuan\u0105 \u2013 geriausius pasaulinius vaistus","isPartOf":{"@id":"https:\/\/medicinasinc.com\/lt\/#website"},"primaryImageOfPage":{"@id":"https:\/\/medicinasinc.com\/lt\/product\/pirk-ak-47-marihuana\/#primaryimage"},"image":{"@id":"https:\/\/medicinasinc.com\/lt\/product\/pirk-ak-47-marihuana\/#primaryimage"},"thumbnailUrl":"https:\/\/medicinasinc.com\/lt\/wp-content\/uploads\/sites\/9\/2022\/02\/Buy-AK-47-Marijuana.jpeg","datePublished":"2022-02-20T17:27:17+00:00","dateModified":"2022-03-20T12:30:56+00:00","description":"Pirkite AK-47 Marihuana Sativa \u0161tam\u0105 internetu JK, Europoje. PIRKTI PIKT\u017dOL\u0118 INTERNETU AUSTRALIJA pirkite marihuan\u0105 internetu Australija, Australijos pikt\u017eol\u0117s pardavimas.","breadcrumb":{"@id":"https:\/\/medicinasinc.com\/lt\/product\/pirk-ak-47-marihuana\/#breadcrumb"},"inLanguage":"en-US","potentialAction":[{"@type":"ReadAction","target":["https:\/\/medicinasinc.com\/lt\/product\/pirk-ak-47-marihuana\/"]}]},{"@type":"ImageObject","inLanguage":"en-US","@id":"https:\/\/medicinasinc.com\/lt\/product\/pirk-ak-47-marihuana\/#primaryimage","url":"https:\/\/medicinasinc.com\/lt\/wp-content\/uploads\/sites\/9\/2022\/02\/Buy-AK-47-Marijuana.jpeg","contentUrl":"https:\/\/medicinasinc.com\/lt\/wp-content\/uploads\/sites\/9\/2022\/02\/Buy-AK-47-Marijuana.jpeg","width":1242,"height":1051},{"@type":"BreadcrumbList","@id":"https:\/\/medicinasinc.com\/lt\/product\/pirk-ak-47-marihuana\/#breadcrumb","itemListElement":[{"@type":"ListItem","position":1,"name":"Parduotuv\u0117","item":"https:\/\/medicinasinc.com\/lt\/parduotuve\/"},{"@type":"ListItem","position":2,"name":"Pirkite marihuan\u0105 AK-47"}]},{"@type":"WebSite","@id":"https:\/\/medicinasinc.com\/lt\/#website","url":"https:\/\/medicinasinc.com\/lt\/","name":"Medicinas Inc","description":"Sveikatos medicinos klinika","potentialAction":[{"@type":"SearchAction","target":{"@type":"EntryPoint","urlTemplate":"https:\/\/medicinasinc.com\/lt\/?s={search_term_string}"},"query-input":{"@type":"PropertyValueSpecification","valueRequired":true,"valueName":"search_term_string"}}],"inLanguage":"en-US"}]}},"_links":{"self":[{"href":"https:\/\/medicinasinc.com\/lt\/wp-json\/wp\/v2\/product\/4895","targetHints":{"allow":["GET"]}}],"collection":[{"href":"https:\/\/medicinasinc.com\/lt\/wp-json\/wp\/v2\/product"}],"about":[{"href":"https:\/\/medicinasinc.com\/lt\/wp-json\/wp\/v2\/types\/product"}],"replies":[{"embeddable":true,"href":"https:\/\/medicinasinc.com\/lt\/wp-json\/wp\/v2\/comments?post=4895"}],"wp:featuredmedia":[{"embeddable":true,"href":"https:\/\/medicinasinc.com\/lt\/wp-json\/wp\/v2\/media\/4909"}],"wp:attachment":[{"href":"https:\/\/medicinasinc.com\/lt\/wp-json\/wp\/v2\/media?parent=4895"}],"wp:term":[{"taxonomy":"product_brand","embeddable":true,"href":"https:\/\/medicinasinc.com\/lt\/wp-json\/wp\/v2\/product_brand?post=4895"},{"taxonomy":"product_cat","embeddable":true,"href":"https:\/\/medicinasinc.com\/lt\/wp-json\/wp\/v2\/product_cat?post=4895"},{"taxonomy":"product_tag","embeddable":true,"href":"https:\/\/medicinasinc.com\/lt\/wp-json\/wp\/v2\/product_tag?post=4895"}],"curies":[{"name":"wp","href":"https:\/\/api.w.org\/{rel}","templated":true}]}}