{"id":4884,"date":"2022-02-20T17:19:27","date_gmt":"2022-02-20T17:19:27","guid":{"rendered":"https:\/\/medicinasinc.com\/lt\/?post_type=product&#038;p=4884"},"modified":"2022-03-20T12:31:09","modified_gmt":"2022-03-20T12:31:09","slug":"pirkti-balta-nasle-skaldyti","status":"publish","type":"product","link":"https:\/\/medicinasinc.com\/lt\/product\/pirkti-balta-nasle-skaldyti\/","title":{"rendered":"Pirkite White Widow Shatter"},"content":{"rendered":"<p>PIRKTI INTERNETU I\u0160 GERIAUSIOS INTERNETIN\u0116S PARDUOTUV\u0116S WHITE WIDOW SHATTER<\/p>\n<p>Jei norite \u012fsigyti White Widow Shatter internetu, susisiekite su MJ Online Bud Store. Si\u016blome geriausias White Widow Shatter kainas. Mes, kaip geriausia parduotuv\u0117 Jungtini\u0173 Amerikos Valstij\u0173, Jungtin\u0117s Karalyst\u0117s, Kanados, Vokietijos ir Australijos internetin\u0117je rinkoje, nepaisome n\u0117 vieno aspekto, kad atitiktume klient\u0173 keliamus reikalavimus, kai u\u017esisakome \u201eWhite Widow Shatter\u201c internetu.<\/p>\n<p>Kod\u0117l \u017emon\u0117s tur\u0117t\u0173 naudoti White Widow Shatter?<\/p>\n<p>White Widow Shatter yra legendin\u0117 hibridin\u0117 atmaina, kuri\u0105 dievina visame pasaulyje. \u0160i atmaina gaminama tik kry\u017eminant Brazilijos Sativa Landras\u0105 su Piet\u0173 Indijos Indica. Jo spalva yra tamsiai gintarin\u0117. \u0160is koncentratas yra itin trapios tekst\u016bros, tod\u0117l j\u012f labai lengva naudoti. R\u016bkant \u0161i atmaina suteikia tradicin\u012f kanapi\u0173 potyr\u012f. Jame yra nuo 75% iki 80% THC. Be to, jis yra gerai \u017einomas kaip puikus rytinis ar dienos tepalas. \u0160ios atmainos skonis paprastai yra \u017eemi\u0161kas, medienos ir g\u0117li\u0173.<\/p>\n<p>Tai gerai \u017einoma atmaina d\u0117l savo euforijos ir smegenis sukelian\u010dio poveikio.<br \/> Tai akimirksniu ir euforija sukelia smegen\u0173 priepuol\u012f.<br \/> Tai sukelia stipri\u0105 euforij\u0105, d\u0117l kurios did\u0117ja k\u016brybi\u0161kumas.<br \/> Mal\u0161ina skausm\u0105 ir suteikia visi\u0161k\u0105 ramyb\u0119.<br \/> Tai ideali atmaina nuo lengvo ar vidutinio stiprumo skausmo, streso, depresijos ir nuovargio.<br \/> Ji skatina tokias veiklas kaip saikingas darbas ar fizinis aktyvumas, socialinis bendravimas, poilsis ir k\u016brybin\u0117s pastangos.<br \/> Kurioje internetin\u0117je parduotuv\u0117je geriausia \u012fsigyti White Widow Shatter?<\/p>\n<p>White Widow Shatter galima \u012fsigyti i\u0161 ne kas kitas, o MJ internetin\u0117 Bud\u0173 parduotuv\u0117. White Widow Shatter u\u017esakym\u0105 internetu gausite per trump\u0105 laik\u0105. U\u017esisakykite \u201eWhite Widow Shatter\u201c internetu \u0161iandien ir susisiekite su geriausiais pardav\u0117jais ir tiek\u0117jais m\u016bs\u0173 internetin\u0117je ambulatorijoje.<\/p>\n","protected":false},"excerpt":{"rendered":"<p>Jei norite \u012fsigyti \u201eWhite Widow Shatter\u201c internetu, susisiekite su \u201ebestglobalmeds\u201c internetine parduotuve. Parduodame \u201eWhite Widow Shatter\u201c geriausiomis kainomis.<\/p>\n<p>&nbsp;<\/p>\n<ul>\n<li>Pristatymas visame pasaulyje<\/li>\n<li><strong>Laipas: AAAAA<\/strong> <\/li>\n<li><strong>Susisiekite su mumis<\/strong>\u00a0d\u0117l didesni\u0173 u\u017esakym\u0173<\/li>\n<\/ul>\n","protected":false},"featured_media":4899,"comment_status":"open","ping_status":"closed","template":"","meta":[],"product_brand":[],"product_cat":[777],"product_tag":[],"class_list":{"0":"post-4884","1":"product","2":"type-product","3":"status-publish","4":"has-post-thumbnail","6":"product_cat-pirkti-sudauyti","8":"first","9":"instock","10":"shipping-taxable","11":"purchasable","12":"product-type-variable","13":"has-default-attributes"},"yoast_head":"<!-- This site is optimized with the Yoast SEO plugin v27.3 - https:\/\/yoast.com\/product\/yoast-seo-wordpress\/ -->\n<title>Pirkite \u201eWhite Widow Shatter\u201c \u2013 geriausius pasaulinius vaistus<\/title>\n<meta name=\"description\" content=\"Jei norite \u012fsigyti \u201eWhite Widow Shatter\u201c internetu, susisiekite su \u201ebestglobalmeds\u201c internetine parduotuve. Parduodame \u201eWhite Widow Shatter\u201c geriausiomis kainomis.\" \/>\n<meta name=\"robots\" content=\"index, follow, max-snippet:-1, max-image-preview:large, max-video-preview:-1\" \/>\n<link rel=\"canonical\" href=\"https:\/\/medicinasinc.com\/lt\/product\/pirkti-balta-nasle-skaldyti\/\" \/>\n<meta property=\"og:locale\" content=\"en_US\" \/>\n<meta property=\"og:type\" content=\"article\" \/>\n<meta property=\"og:title\" content=\"Pirkite \u201eWhite Widow Shatter\u201c \u2013 geriausius pasaulinius vaistus\" \/>\n<meta property=\"og:description\" content=\"Jei norite \u012fsigyti \u201eWhite Widow Shatter\u201c internetu, susisiekite su \u201ebestglobalmeds\u201c internetine parduotuve. Parduodame \u201eWhite Widow Shatter\u201c geriausiomis kainomis.\" \/>\n<meta property=\"og:url\" content=\"https:\/\/medicinasinc.com\/lt\/product\/pirkti-balta-nasle-skaldyti\/\" \/>\n<meta property=\"og:site_name\" content=\"Medicinas Inc\" \/>\n<meta property=\"article:modified_time\" content=\"2022-03-20T12:31:09+00:00\" \/>\n<meta property=\"og:image\" content=\"https:\/\/medicinasinc.com\/lt\/wp-content\/uploads\/sites\/9\/2022\/02\/Buy-White-Widow-Shatter.jpg\" \/>\n\t<meta property=\"og:image:width\" content=\"600\" \/>\n\t<meta property=\"og:image:height\" content=\"600\" \/>\n\t<meta property=\"og:image:type\" content=\"image\/jpeg\" \/>\n<meta name=\"twitter:card\" content=\"summary_large_image\" \/>\n<script type=\"application\/ld+json\" class=\"yoast-schema-graph\">{\"@context\":\"https:\\\/\\\/schema.org\",\"@graph\":[{\"@type\":\"WebPage\",\"@id\":\"https:\\\/\\\/medicinasinc.com\\\/lt\\\/product\\\/pirkti-balta-nasle-skaldyti\\\/\",\"url\":\"https:\\\/\\\/medicinasinc.com\\\/lt\\\/product\\\/pirkti-balta-nasle-skaldyti\\\/\",\"name\":\"Pirkite \u201eWhite Widow Shatter\u201c \u2013 geriausius pasaulinius vaistus\",\"isPartOf\":{\"@id\":\"https:\\\/\\\/medicinasinc.com\\\/lt\\\/#website\"},\"primaryImageOfPage\":{\"@id\":\"https:\\\/\\\/medicinasinc.com\\\/lt\\\/product\\\/pirkti-balta-nasle-skaldyti\\\/#primaryimage\"},\"image\":{\"@id\":\"https:\\\/\\\/medicinasinc.com\\\/lt\\\/product\\\/pirkti-balta-nasle-skaldyti\\\/#primaryimage\"},\"thumbnailUrl\":\"https:\\\/\\\/medicinasinc.com\\\/lt\\\/wp-content\\\/uploads\\\/sites\\\/9\\\/2022\\\/02\\\/Buy-White-Widow-Shatter.jpg\",\"datePublished\":\"2022-02-20T17:19:27+00:00\",\"dateModified\":\"2022-03-20T12:31:09+00:00\",\"description\":\"Jei norite \u012fsigyti \u201eWhite Widow Shatter\u201c internetu, susisiekite su \u201ebestglobalmeds\u201c internetine parduotuve. Parduodame \u201eWhite Widow Shatter\u201c geriausiomis kainomis.\",\"breadcrumb\":{\"@id\":\"https:\\\/\\\/medicinasinc.com\\\/lt\\\/product\\\/pirkti-balta-nasle-skaldyti\\\/#breadcrumb\"},\"inLanguage\":\"en-US\",\"potentialAction\":[{\"@type\":\"ReadAction\",\"target\":[\"https:\\\/\\\/medicinasinc.com\\\/lt\\\/product\\\/pirkti-balta-nasle-skaldyti\\\/\"]}]},{\"@type\":\"ImageObject\",\"inLanguage\":\"en-US\",\"@id\":\"https:\\\/\\\/medicinasinc.com\\\/lt\\\/product\\\/pirkti-balta-nasle-skaldyti\\\/#primaryimage\",\"url\":\"https:\\\/\\\/medicinasinc.com\\\/lt\\\/wp-content\\\/uploads\\\/sites\\\/9\\\/2022\\\/02\\\/Buy-White-Widow-Shatter.jpg\",\"contentUrl\":\"https:\\\/\\\/medicinasinc.com\\\/lt\\\/wp-content\\\/uploads\\\/sites\\\/9\\\/2022\\\/02\\\/Buy-White-Widow-Shatter.jpg\",\"width\":600,\"height\":600},{\"@type\":\"BreadcrumbList\",\"@id\":\"https:\\\/\\\/medicinasinc.com\\\/lt\\\/product\\\/pirkti-balta-nasle-skaldyti\\\/#breadcrumb\",\"itemListElement\":[{\"@type\":\"ListItem\",\"position\":1,\"name\":\"Parduotuv\u0117\",\"item\":\"https:\\\/\\\/medicinasinc.com\\\/lt\\\/parduotuve\\\/\"},{\"@type\":\"ListItem\",\"position\":2,\"name\":\"Pirkite White Widow Shatter\"}]},{\"@type\":\"WebSite\",\"@id\":\"https:\\\/\\\/medicinasinc.com\\\/lt\\\/#website\",\"url\":\"https:\\\/\\\/medicinasinc.com\\\/lt\\\/\",\"name\":\"Medicinas Inc\",\"description\":\"Sveikatos medicinos klinika\",\"potentialAction\":[{\"@type\":\"SearchAction\",\"target\":{\"@type\":\"EntryPoint\",\"urlTemplate\":\"https:\\\/\\\/medicinasinc.com\\\/lt\\\/?s={search_term_string}\"},\"query-input\":{\"@type\":\"PropertyValueSpecification\",\"valueRequired\":true,\"valueName\":\"search_term_string\"}}],\"inLanguage\":\"en-US\"}]}<\/script>\n<!-- \/ Yoast SEO plugin. -->","yoast_head_json":{"title":"Pirkite \u201eWhite Widow Shatter\u201c \u2013 geriausius pasaulinius vaistus","description":"Jei norite \u012fsigyti \u201eWhite Widow Shatter\u201c internetu, susisiekite su \u201ebestglobalmeds\u201c internetine parduotuve. Parduodame \u201eWhite Widow Shatter\u201c geriausiomis kainomis.","robots":{"index":"index","follow":"follow","max-snippet":"max-snippet:-1","max-image-preview":"max-image-preview:large","max-video-preview":"max-video-preview:-1"},"canonical":"https:\/\/medicinasinc.com\/lt\/product\/pirkti-balta-nasle-skaldyti\/","og_locale":"en_US","og_type":"article","og_title":"Pirkite \u201eWhite Widow Shatter\u201c \u2013 geriausius pasaulinius vaistus","og_description":"Jei norite \u012fsigyti \u201eWhite Widow Shatter\u201c internetu, susisiekite su \u201ebestglobalmeds\u201c internetine parduotuve. Parduodame \u201eWhite Widow Shatter\u201c geriausiomis kainomis.","og_url":"https:\/\/medicinasinc.com\/lt\/product\/pirkti-balta-nasle-skaldyti\/","og_site_name":"Medicinas Inc","article_modified_time":"2022-03-20T12:31:09+00:00","og_image":[{"width":600,"height":600,"url":"https:\/\/medicinasinc.com\/lt\/wp-content\/uploads\/sites\/9\/2022\/02\/Buy-White-Widow-Shatter.jpg","type":"image\/jpeg"}],"twitter_card":"summary_large_image","schema":{"@context":"https:\/\/schema.org","@graph":[{"@type":"WebPage","@id":"https:\/\/medicinasinc.com\/lt\/product\/pirkti-balta-nasle-skaldyti\/","url":"https:\/\/medicinasinc.com\/lt\/product\/pirkti-balta-nasle-skaldyti\/","name":"Pirkite \u201eWhite Widow Shatter\u201c \u2013 geriausius pasaulinius vaistus","isPartOf":{"@id":"https:\/\/medicinasinc.com\/lt\/#website"},"primaryImageOfPage":{"@id":"https:\/\/medicinasinc.com\/lt\/product\/pirkti-balta-nasle-skaldyti\/#primaryimage"},"image":{"@id":"https:\/\/medicinasinc.com\/lt\/product\/pirkti-balta-nasle-skaldyti\/#primaryimage"},"thumbnailUrl":"https:\/\/medicinasinc.com\/lt\/wp-content\/uploads\/sites\/9\/2022\/02\/Buy-White-Widow-Shatter.jpg","datePublished":"2022-02-20T17:19:27+00:00","dateModified":"2022-03-20T12:31:09+00:00","description":"Jei norite \u012fsigyti \u201eWhite Widow Shatter\u201c internetu, susisiekite su \u201ebestglobalmeds\u201c internetine parduotuve. Parduodame \u201eWhite Widow Shatter\u201c geriausiomis kainomis.","breadcrumb":{"@id":"https:\/\/medicinasinc.com\/lt\/product\/pirkti-balta-nasle-skaldyti\/#breadcrumb"},"inLanguage":"en-US","potentialAction":[{"@type":"ReadAction","target":["https:\/\/medicinasinc.com\/lt\/product\/pirkti-balta-nasle-skaldyti\/"]}]},{"@type":"ImageObject","inLanguage":"en-US","@id":"https:\/\/medicinasinc.com\/lt\/product\/pirkti-balta-nasle-skaldyti\/#primaryimage","url":"https:\/\/medicinasinc.com\/lt\/wp-content\/uploads\/sites\/9\/2022\/02\/Buy-White-Widow-Shatter.jpg","contentUrl":"https:\/\/medicinasinc.com\/lt\/wp-content\/uploads\/sites\/9\/2022\/02\/Buy-White-Widow-Shatter.jpg","width":600,"height":600},{"@type":"BreadcrumbList","@id":"https:\/\/medicinasinc.com\/lt\/product\/pirkti-balta-nasle-skaldyti\/#breadcrumb","itemListElement":[{"@type":"ListItem","position":1,"name":"Parduotuv\u0117","item":"https:\/\/medicinasinc.com\/lt\/parduotuve\/"},{"@type":"ListItem","position":2,"name":"Pirkite White Widow Shatter"}]},{"@type":"WebSite","@id":"https:\/\/medicinasinc.com\/lt\/#website","url":"https:\/\/medicinasinc.com\/lt\/","name":"Medicinas Inc","description":"Sveikatos medicinos klinika","potentialAction":[{"@type":"SearchAction","target":{"@type":"EntryPoint","urlTemplate":"https:\/\/medicinasinc.com\/lt\/?s={search_term_string}"},"query-input":{"@type":"PropertyValueSpecification","valueRequired":true,"valueName":"search_term_string"}}],"inLanguage":"en-US"}]}},"_links":{"self":[{"href":"https:\/\/medicinasinc.com\/lt\/wp-json\/wp\/v2\/product\/4884","targetHints":{"allow":["GET"]}}],"collection":[{"href":"https:\/\/medicinasinc.com\/lt\/wp-json\/wp\/v2\/product"}],"about":[{"href":"https:\/\/medicinasinc.com\/lt\/wp-json\/wp\/v2\/types\/product"}],"replies":[{"embeddable":true,"href":"https:\/\/medicinasinc.com\/lt\/wp-json\/wp\/v2\/comments?post=4884"}],"wp:featuredmedia":[{"embeddable":true,"href":"https:\/\/medicinasinc.com\/lt\/wp-json\/wp\/v2\/media\/4899"}],"wp:attachment":[{"href":"https:\/\/medicinasinc.com\/lt\/wp-json\/wp\/v2\/media?parent=4884"}],"wp:term":[{"taxonomy":"product_brand","embeddable":true,"href":"https:\/\/medicinasinc.com\/lt\/wp-json\/wp\/v2\/product_brand?post=4884"},{"taxonomy":"product_cat","embeddable":true,"href":"https:\/\/medicinasinc.com\/lt\/wp-json\/wp\/v2\/product_cat?post=4884"},{"taxonomy":"product_tag","embeddable":true,"href":"https:\/\/medicinasinc.com\/lt\/wp-json\/wp\/v2\/product_tag?post=4884"}],"curies":[{"name":"wp","href":"https:\/\/api.w.org\/{rel}","templated":true}]}}