{"id":4883,"date":"2022-02-20T17:18:33","date_gmt":"2022-02-20T17:18:33","guid":{"rendered":"https:\/\/medicinasinc.com\/lt\/?post_type=product&#038;p=4883"},"modified":"2022-03-20T12:31:19","modified_gmt":"2022-03-20T12:31:19","slug":"pirkti-saulelydis-serbertas-skaldyti","status":"publish","type":"product","link":"https:\/\/medicinasinc.com\/lt\/product\/pirkti-saulelydis-serbertas-skaldyti\/","title":{"rendered":"Pirkite Sunset Sherbert Shatter"},"content":{"rendered":"<p>Pirkite Sunset Sherbert Shatter \u2013 Premium Indica Dominant Hybrid \u2013 85% Indica \/ 15% Sativa<\/p>\n<p>Sunset Sherbert, kitaip vadinamas \u0160erbetu, yra Girl Scout Cookie sosto \u012fp\u0117dinis. Saul\u0117lydis Sherbertas paveld\u0117jo savo Girl Scout Cookies t\u0117v\u0173 genetines savybes, kuri\u0173 genetin\u0117 linija ap\u0117m\u0117 OG Kush, Durban Poison ir Cherry Pie. Tada \u0161i genetika buvo sukry\u017eminta su ro\u017ein\u0117mis kelnait\u0117mis, indica t\u0117vu. Sunset Sherbert sujungia stipr\u0173 viso k\u016bno \u016b\u017eim\u0105 su gaivinan\u010diu k\u016brybin\u0117s energijos pli\u016bpsniu. Po r\u016bkymo vartotojai i\u0161 karto pajus energijos antpl\u016bd\u012f \u2013 pirmiausia mintyse \u2013 d\u0117l to per kelias minutes jie jausis socialiai ir eufori\u0161kai. Poveikiui prad\u0117jus veikti, \u0161velnus \u0161ildantis poj\u016btis pasklis po vis\u0105 k\u016bn\u0105, apgaubdamas vartotoj\u0105 visi\u0161ku atsipalaidavimu ir palaiminga laime. Saul\u0117lyd\u017eio Sherbertas buvo naudojamas depresijai, stresui, nerimui ir nestipriam ar vidutinio sunkumo skausmui gydyti d\u0117l stipraus poveikio.<\/p>\n<p>&nbsp;<\/p>\n<p>\u012esp\u0117jame, kad d\u0117l nenumatyt\u0173 aplinkybi\u0173, pvz. kaip vasaros kar\u0161tis, dr\u0117gm\u0117 ir net laikas, visada yra tikimyb\u0117, kad j\u016bs\u0173 u\u017esakytas \u0161uk\u0117s pavirs va\u0161ku arba pumpuru, kol nepasieks jus.<\/p>\n<p>Deja, d\u016b\u017etukai virsta va\u0161ko pumpurais, kai yra veikiami. kaitinti, ta\u010diau tai jokiu b\u016bdu nesuma\u017eina j\u016bs\u0173 sudu\u017eimo saugumo ar stiprumo. I\u0161 ties\u0173, jei taip atsitiks, terpenai ir aromatin\u0117s med\u017eiagos bus sustiprintos, tod\u0117l pager\u0117s skonis.<\/p>\n<p>Nesi\u016blome pinig\u0173 gr\u0105\u017einimo ar keitimo, jei j\u016bs\u0173 du\u017eenas virsta pumpuru ar va\u0161ku.<\/p>\n<div class=\"product-next-previous\">\n<div class=\"product-prev\"><\/div><\/div>\n","protected":false},"excerpt":{"rendered":"<p>Pirkite Shatter &#8211; \u201eSunset Sherbert\u201c galima \u012fsigyti internetu Europoje ir Jungtin\u0117je Karalyst\u0117je i\u0161 geriausi\u0173 pasaulini\u0173 vaist\u0173. Europoje galite rasti auk\u0161\u010diausios kokyb\u0117s Shatter &#8211; \u201eSunset Sherbert\u201c kanapi\u0173 produktai.<\/p>\n<p>&nbsp;<\/p>\n<ul>\n<li>Pristatymas visame pasaulyje<\/li>\n<li><strong>Laipas: AAAAA<\/strong><\/li>\n<li> <strong>Susisiekite su mumis<\/strong>\u00a0d\u0117l didesni\u0173 u\u017esakym\u0173<\/li>\n<\/ul>\n","protected":false},"featured_media":4897,"comment_status":"open","ping_status":"closed","template":"","meta":[],"product_brand":[],"product_cat":[777],"product_tag":[],"class_list":{"0":"post-4883","1":"product","2":"type-product","3":"status-publish","4":"has-post-thumbnail","6":"product_cat-pirkti-sudauyti","8":"first","9":"instock","10":"shipping-taxable","11":"purchasable","12":"product-type-variable","13":"has-default-attributes"},"yoast_head":"<!-- This site is optimized with the Yoast SEO plugin v27.3 - https:\/\/yoast.com\/product\/yoast-seo-wordpress\/ -->\n<title>Pirkite saul\u0117lyd\u017eio Sherbert Shatter \u2013 geriausius pasaulinius vaistus<\/title>\n<meta name=\"description\" content=\"Pirkite Shatter - Sunset Sherbert pardavimui internetu Europa, JK, The global medicinas. Raskite auk\u0161\u010diausios kokyb\u0117s Shatter - Sunset Sherbert kanapi\u0173 produktus Europoje.\" \/>\n<meta name=\"robots\" content=\"index, follow, max-snippet:-1, max-image-preview:large, max-video-preview:-1\" \/>\n<link rel=\"canonical\" href=\"https:\/\/medicinasinc.com\/lt\/product\/pirkti-saulelydis-serbertas-skaldyti\/\" \/>\n<meta property=\"og:locale\" content=\"en_US\" \/>\n<meta property=\"og:type\" content=\"article\" \/>\n<meta property=\"og:title\" content=\"Pirkite saul\u0117lyd\u017eio Sherbert Shatter \u2013 geriausius pasaulinius vaistus\" \/>\n<meta property=\"og:description\" content=\"Pirkite Shatter - Sunset Sherbert pardavimui internetu Europa, JK, The global medicinas. Raskite auk\u0161\u010diausios kokyb\u0117s Shatter - Sunset Sherbert kanapi\u0173 produktus Europoje.\" \/>\n<meta property=\"og:url\" content=\"https:\/\/medicinasinc.com\/lt\/product\/pirkti-saulelydis-serbertas-skaldyti\/\" \/>\n<meta property=\"og:site_name\" content=\"Medicinas Inc\" \/>\n<meta property=\"article:modified_time\" content=\"2022-03-20T12:31:19+00:00\" \/>\n<meta property=\"og:image\" content=\"https:\/\/medicinasinc.com\/lt\/wp-content\/uploads\/sites\/9\/2022\/02\/Buy-Sunset-Sherbert-Shatter.jpg\" \/>\n\t<meta property=\"og:image:width\" content=\"600\" \/>\n\t<meta property=\"og:image:height\" content=\"600\" \/>\n\t<meta property=\"og:image:type\" content=\"image\/jpeg\" \/>\n<meta name=\"twitter:card\" content=\"summary_large_image\" \/>\n<meta name=\"twitter:label1\" content=\"Est. reading time\" \/>\n\t<meta name=\"twitter:data1\" content=\"2 minutes\" \/>\n<script type=\"application\/ld+json\" class=\"yoast-schema-graph\">{\"@context\":\"https:\\\/\\\/schema.org\",\"@graph\":[{\"@type\":\"WebPage\",\"@id\":\"https:\\\/\\\/medicinasinc.com\\\/lt\\\/product\\\/pirkti-saulelydis-serbertas-skaldyti\\\/\",\"url\":\"https:\\\/\\\/medicinasinc.com\\\/lt\\\/product\\\/pirkti-saulelydis-serbertas-skaldyti\\\/\",\"name\":\"Pirkite saul\u0117lyd\u017eio Sherbert Shatter \u2013 geriausius pasaulinius vaistus\",\"isPartOf\":{\"@id\":\"https:\\\/\\\/medicinasinc.com\\\/lt\\\/#website\"},\"primaryImageOfPage\":{\"@id\":\"https:\\\/\\\/medicinasinc.com\\\/lt\\\/product\\\/pirkti-saulelydis-serbertas-skaldyti\\\/#primaryimage\"},\"image\":{\"@id\":\"https:\\\/\\\/medicinasinc.com\\\/lt\\\/product\\\/pirkti-saulelydis-serbertas-skaldyti\\\/#primaryimage\"},\"thumbnailUrl\":\"https:\\\/\\\/medicinasinc.com\\\/lt\\\/wp-content\\\/uploads\\\/sites\\\/9\\\/2022\\\/02\\\/Buy-Sunset-Sherbert-Shatter.jpg\",\"datePublished\":\"2022-02-20T17:18:33+00:00\",\"dateModified\":\"2022-03-20T12:31:19+00:00\",\"description\":\"Pirkite Shatter - Sunset Sherbert pardavimui internetu Europa, JK, The global medicinas. Raskite auk\u0161\u010diausios kokyb\u0117s Shatter - Sunset Sherbert kanapi\u0173 produktus Europoje.\",\"breadcrumb\":{\"@id\":\"https:\\\/\\\/medicinasinc.com\\\/lt\\\/product\\\/pirkti-saulelydis-serbertas-skaldyti\\\/#breadcrumb\"},\"inLanguage\":\"en-US\",\"potentialAction\":[{\"@type\":\"ReadAction\",\"target\":[\"https:\\\/\\\/medicinasinc.com\\\/lt\\\/product\\\/pirkti-saulelydis-serbertas-skaldyti\\\/\"]}]},{\"@type\":\"ImageObject\",\"inLanguage\":\"en-US\",\"@id\":\"https:\\\/\\\/medicinasinc.com\\\/lt\\\/product\\\/pirkti-saulelydis-serbertas-skaldyti\\\/#primaryimage\",\"url\":\"https:\\\/\\\/medicinasinc.com\\\/lt\\\/wp-content\\\/uploads\\\/sites\\\/9\\\/2022\\\/02\\\/Buy-Sunset-Sherbert-Shatter.jpg\",\"contentUrl\":\"https:\\\/\\\/medicinasinc.com\\\/lt\\\/wp-content\\\/uploads\\\/sites\\\/9\\\/2022\\\/02\\\/Buy-Sunset-Sherbert-Shatter.jpg\",\"width\":600,\"height\":600},{\"@type\":\"BreadcrumbList\",\"@id\":\"https:\\\/\\\/medicinasinc.com\\\/lt\\\/product\\\/pirkti-saulelydis-serbertas-skaldyti\\\/#breadcrumb\",\"itemListElement\":[{\"@type\":\"ListItem\",\"position\":1,\"name\":\"Parduotuv\u0117\",\"item\":\"https:\\\/\\\/medicinasinc.com\\\/lt\\\/parduotuve\\\/\"},{\"@type\":\"ListItem\",\"position\":2,\"name\":\"Pirkite Sunset Sherbert Shatter\"}]},{\"@type\":\"WebSite\",\"@id\":\"https:\\\/\\\/medicinasinc.com\\\/lt\\\/#website\",\"url\":\"https:\\\/\\\/medicinasinc.com\\\/lt\\\/\",\"name\":\"Medicinas Inc\",\"description\":\"Sveikatos medicinos klinika\",\"potentialAction\":[{\"@type\":\"SearchAction\",\"target\":{\"@type\":\"EntryPoint\",\"urlTemplate\":\"https:\\\/\\\/medicinasinc.com\\\/lt\\\/?s={search_term_string}\"},\"query-input\":{\"@type\":\"PropertyValueSpecification\",\"valueRequired\":true,\"valueName\":\"search_term_string\"}}],\"inLanguage\":\"en-US\"}]}<\/script>\n<!-- \/ Yoast SEO plugin. -->","yoast_head_json":{"title":"Pirkite saul\u0117lyd\u017eio Sherbert Shatter \u2013 geriausius pasaulinius vaistus","description":"Pirkite Shatter - Sunset Sherbert pardavimui internetu Europa, JK, The global medicinas. Raskite auk\u0161\u010diausios kokyb\u0117s Shatter - Sunset Sherbert kanapi\u0173 produktus Europoje.","robots":{"index":"index","follow":"follow","max-snippet":"max-snippet:-1","max-image-preview":"max-image-preview:large","max-video-preview":"max-video-preview:-1"},"canonical":"https:\/\/medicinasinc.com\/lt\/product\/pirkti-saulelydis-serbertas-skaldyti\/","og_locale":"en_US","og_type":"article","og_title":"Pirkite saul\u0117lyd\u017eio Sherbert Shatter \u2013 geriausius pasaulinius vaistus","og_description":"Pirkite Shatter - Sunset Sherbert pardavimui internetu Europa, JK, The global medicinas. Raskite auk\u0161\u010diausios kokyb\u0117s Shatter - Sunset Sherbert kanapi\u0173 produktus Europoje.","og_url":"https:\/\/medicinasinc.com\/lt\/product\/pirkti-saulelydis-serbertas-skaldyti\/","og_site_name":"Medicinas Inc","article_modified_time":"2022-03-20T12:31:19+00:00","og_image":[{"width":600,"height":600,"url":"https:\/\/medicinasinc.com\/lt\/wp-content\/uploads\/sites\/9\/2022\/02\/Buy-Sunset-Sherbert-Shatter.jpg","type":"image\/jpeg"}],"twitter_card":"summary_large_image","twitter_misc":{"Est. reading time":"2 minutes"},"schema":{"@context":"https:\/\/schema.org","@graph":[{"@type":"WebPage","@id":"https:\/\/medicinasinc.com\/lt\/product\/pirkti-saulelydis-serbertas-skaldyti\/","url":"https:\/\/medicinasinc.com\/lt\/product\/pirkti-saulelydis-serbertas-skaldyti\/","name":"Pirkite saul\u0117lyd\u017eio Sherbert Shatter \u2013 geriausius pasaulinius vaistus","isPartOf":{"@id":"https:\/\/medicinasinc.com\/lt\/#website"},"primaryImageOfPage":{"@id":"https:\/\/medicinasinc.com\/lt\/product\/pirkti-saulelydis-serbertas-skaldyti\/#primaryimage"},"image":{"@id":"https:\/\/medicinasinc.com\/lt\/product\/pirkti-saulelydis-serbertas-skaldyti\/#primaryimage"},"thumbnailUrl":"https:\/\/medicinasinc.com\/lt\/wp-content\/uploads\/sites\/9\/2022\/02\/Buy-Sunset-Sherbert-Shatter.jpg","datePublished":"2022-02-20T17:18:33+00:00","dateModified":"2022-03-20T12:31:19+00:00","description":"Pirkite Shatter - Sunset Sherbert pardavimui internetu Europa, JK, The global medicinas. Raskite auk\u0161\u010diausios kokyb\u0117s Shatter - Sunset Sherbert kanapi\u0173 produktus Europoje.","breadcrumb":{"@id":"https:\/\/medicinasinc.com\/lt\/product\/pirkti-saulelydis-serbertas-skaldyti\/#breadcrumb"},"inLanguage":"en-US","potentialAction":[{"@type":"ReadAction","target":["https:\/\/medicinasinc.com\/lt\/product\/pirkti-saulelydis-serbertas-skaldyti\/"]}]},{"@type":"ImageObject","inLanguage":"en-US","@id":"https:\/\/medicinasinc.com\/lt\/product\/pirkti-saulelydis-serbertas-skaldyti\/#primaryimage","url":"https:\/\/medicinasinc.com\/lt\/wp-content\/uploads\/sites\/9\/2022\/02\/Buy-Sunset-Sherbert-Shatter.jpg","contentUrl":"https:\/\/medicinasinc.com\/lt\/wp-content\/uploads\/sites\/9\/2022\/02\/Buy-Sunset-Sherbert-Shatter.jpg","width":600,"height":600},{"@type":"BreadcrumbList","@id":"https:\/\/medicinasinc.com\/lt\/product\/pirkti-saulelydis-serbertas-skaldyti\/#breadcrumb","itemListElement":[{"@type":"ListItem","position":1,"name":"Parduotuv\u0117","item":"https:\/\/medicinasinc.com\/lt\/parduotuve\/"},{"@type":"ListItem","position":2,"name":"Pirkite Sunset Sherbert Shatter"}]},{"@type":"WebSite","@id":"https:\/\/medicinasinc.com\/lt\/#website","url":"https:\/\/medicinasinc.com\/lt\/","name":"Medicinas Inc","description":"Sveikatos medicinos klinika","potentialAction":[{"@type":"SearchAction","target":{"@type":"EntryPoint","urlTemplate":"https:\/\/medicinasinc.com\/lt\/?s={search_term_string}"},"query-input":{"@type":"PropertyValueSpecification","valueRequired":true,"valueName":"search_term_string"}}],"inLanguage":"en-US"}]}},"_links":{"self":[{"href":"https:\/\/medicinasinc.com\/lt\/wp-json\/wp\/v2\/product\/4883","targetHints":{"allow":["GET"]}}],"collection":[{"href":"https:\/\/medicinasinc.com\/lt\/wp-json\/wp\/v2\/product"}],"about":[{"href":"https:\/\/medicinasinc.com\/lt\/wp-json\/wp\/v2\/types\/product"}],"replies":[{"embeddable":true,"href":"https:\/\/medicinasinc.com\/lt\/wp-json\/wp\/v2\/comments?post=4883"}],"wp:featuredmedia":[{"embeddable":true,"href":"https:\/\/medicinasinc.com\/lt\/wp-json\/wp\/v2\/media\/4897"}],"wp:attachment":[{"href":"https:\/\/medicinasinc.com\/lt\/wp-json\/wp\/v2\/media?parent=4883"}],"wp:term":[{"taxonomy":"product_brand","embeddable":true,"href":"https:\/\/medicinasinc.com\/lt\/wp-json\/wp\/v2\/product_brand?post=4883"},{"taxonomy":"product_cat","embeddable":true,"href":"https:\/\/medicinasinc.com\/lt\/wp-json\/wp\/v2\/product_cat?post=4883"},{"taxonomy":"product_tag","embeddable":true,"href":"https:\/\/medicinasinc.com\/lt\/wp-json\/wp\/v2\/product_tag?post=4883"}],"curies":[{"name":"wp","href":"https:\/\/api.w.org\/{rel}","templated":true}]}}