{"id":4872,"date":"2022-02-20T17:08:57","date_gmt":"2022-02-20T17:08:57","guid":{"rendered":"https:\/\/medicinasinc.com\/lt\/?post_type=product&#038;p=4872"},"modified":"2022-03-20T12:31:30","modified_gmt":"2022-03-20T12:31:30","slug":"pirkti-gelato-skaldyti","status":"publish","type":"product","link":"https:\/\/medicinasinc.com\/lt\/product\/pirkti-gelato-skaldyti\/","title":{"rendered":"Pirkite Gelato Shatter"},"content":{"rendered":"<p>Gelato Shatter \u2013 auk\u0161\u010diausios kokyb\u0117s Indica dominuojantis hibridas \u2013 55 % Indica \/ 45 % Sativa<\/p>\n<p>Gelato, dar vadinamas Larry Bird, yra \u0161iek tiek Indijoje dominuojanti hibridin\u0117 atmaina, sukurta sukry\u017eminus Sunset Sherbert ir Ploni m\u0117t\u0173 mergai\u010di\u0173 skaut\u0173 sausainiai. Puikus jo aromatas suvilios net labiausiai patyrus\u012f vartotoj\u0105. Jis turi sald\u0173, beveik pyrag\u0105 primenant\u012f aromat\u0105, kur\u012f pary\u0161kina \u0161vie\u017ei\u0173 levand\u0173 ir m\u0117lyni\u0173 natos. Nors Gelato yra dievinamas d\u0117l puikaus skonio, jis geriausiai \u017einomas d\u0117l savo euforini\u0173 savybi\u0173. Nepatyrusiems vartotojams patariama b\u016bti atsargiems, nes \u0161i paderm\u0117 suteikia galing\u0105 smegen\u0173 sukr\u0117tim\u0105 per kelias minutes po r\u016bkymo. \u0160is stiprus poveikis smegenims nepaliks vartotojo mieguisto ar prikaustyto prie sofos, o skatins teigiam\u0105 m\u0105stym\u0105 ir sutelkt\u0105 energij\u0105. \u0160iai euforijai did\u0117jant palaipsniui, k\u016bnas patenka \u012f palaiming\u0105 atsipalaidavimo b\u016bsen\u0105, tod\u0117l vartotojas visi\u0161kai atsipalaiduoja. D\u0117l stipraus, ta\u010diau subalansuoto Gelato poveikio jis idealiai tinka gydyti \u012fvairias ligas, \u012fskaitant raumen\u0173 spazmus, migreninius galvos skausmus, l\u0117tin\u012f nuovarg\u012f ir l\u0117tin\u012f u\u017edegimo sukelt\u0105 skausm\u0105.<\/p>\n","protected":false},"excerpt":{"rendered":"<p>Pirkite pardavimui \u201eGelato Shatter\u201c Jungtin\u0117je Karalyst\u0117je, Europoje &#8211; Auk\u0161\u010diausia lentyna i\u0161 did\u017eiausios pasaulyje internetin\u0117s ambulatorijos \u201eBuy My Weed\u201c internetu.<\/p>\n<ul>\n<li>Pristatymas visame pasaulyje<\/li>\n<li><strong>Geras: AAAAA<\/strong><\/li>\n<li><strong>Susisiekite su mumis<\/strong>\u00a0d\u0117l didesni\u0173 u\u017esakym\u0173<\/li>\n<\/ul>\n","protected":false},"featured_media":4887,"comment_status":"open","ping_status":"closed","template":"","meta":[],"product_brand":[],"product_cat":[777],"product_tag":[],"class_list":{"0":"post-4872","1":"product","2":"type-product","3":"status-publish","4":"has-post-thumbnail","6":"product_cat-pirkti-sudauyti","8":"first","9":"instock","10":"shipping-taxable","11":"purchasable","12":"product-type-variable","13":"has-default-attributes"},"yoast_head":"<!-- This site is optimized with the Yoast SEO plugin v27.3 - https:\/\/yoast.com\/product\/yoast-seo-wordpress\/ -->\n<title>Pirkite Gelato Shatter \u2013 geriausius geriausius pasaulinius vaistus<\/title>\n<meta name=\"description\" content=\"Pirkite \u201eGelato Shatter\u201c pardavimui JK, Europoje \u2013 \u201eTop Shelf\u201c internetu Europoje i\u0161 did\u017eiausios internetin\u0117s ambulatorijos, \u201eBuy My Weed Online\u201c.\" \/>\n<meta name=\"robots\" content=\"index, follow, max-snippet:-1, max-image-preview:large, max-video-preview:-1\" \/>\n<link rel=\"canonical\" href=\"https:\/\/medicinasinc.com\/lt\/product\/pirkti-gelato-skaldyti\/\" \/>\n<meta property=\"og:locale\" content=\"en_US\" \/>\n<meta property=\"og:type\" content=\"article\" \/>\n<meta property=\"og:title\" content=\"Pirkite Gelato Shatter \u2013 geriausius geriausius pasaulinius vaistus\" \/>\n<meta property=\"og:description\" content=\"Pirkite \u201eGelato Shatter\u201c pardavimui JK, Europoje \u2013 \u201eTop Shelf\u201c internetu Europoje i\u0161 did\u017eiausios internetin\u0117s ambulatorijos, \u201eBuy My Weed Online\u201c.\" \/>\n<meta property=\"og:url\" content=\"https:\/\/medicinasinc.com\/lt\/product\/pirkti-gelato-skaldyti\/\" \/>\n<meta property=\"og:site_name\" content=\"Medicinas Inc\" \/>\n<meta property=\"article:modified_time\" content=\"2022-03-20T12:31:30+00:00\" \/>\n<meta property=\"og:image\" content=\"https:\/\/medicinasinc.com\/lt\/wp-content\/uploads\/sites\/9\/2022\/02\/Buy-Gelato-Shatter.jpg\" \/>\n\t<meta property=\"og:image:width\" content=\"600\" \/>\n\t<meta property=\"og:image:height\" content=\"600\" \/>\n\t<meta property=\"og:image:type\" content=\"image\/jpeg\" \/>\n<meta name=\"twitter:card\" content=\"summary_large_image\" \/>\n<meta name=\"twitter:label1\" content=\"Est. reading time\" \/>\n\t<meta name=\"twitter:data1\" content=\"1 minute\" \/>\n<script type=\"application\/ld+json\" class=\"yoast-schema-graph\">{\"@context\":\"https:\\\/\\\/schema.org\",\"@graph\":[{\"@type\":\"WebPage\",\"@id\":\"https:\\\/\\\/medicinasinc.com\\\/lt\\\/product\\\/pirkti-gelato-skaldyti\\\/\",\"url\":\"https:\\\/\\\/medicinasinc.com\\\/lt\\\/product\\\/pirkti-gelato-skaldyti\\\/\",\"name\":\"Pirkite Gelato Shatter \u2013 geriausius geriausius pasaulinius vaistus\",\"isPartOf\":{\"@id\":\"https:\\\/\\\/medicinasinc.com\\\/lt\\\/#website\"},\"primaryImageOfPage\":{\"@id\":\"https:\\\/\\\/medicinasinc.com\\\/lt\\\/product\\\/pirkti-gelato-skaldyti\\\/#primaryimage\"},\"image\":{\"@id\":\"https:\\\/\\\/medicinasinc.com\\\/lt\\\/product\\\/pirkti-gelato-skaldyti\\\/#primaryimage\"},\"thumbnailUrl\":\"https:\\\/\\\/medicinasinc.com\\\/lt\\\/wp-content\\\/uploads\\\/sites\\\/9\\\/2022\\\/02\\\/Buy-Gelato-Shatter.jpg\",\"datePublished\":\"2022-02-20T17:08:57+00:00\",\"dateModified\":\"2022-03-20T12:31:30+00:00\",\"description\":\"Pirkite \u201eGelato Shatter\u201c pardavimui JK, Europoje \u2013 \u201eTop Shelf\u201c internetu Europoje i\u0161 did\u017eiausios internetin\u0117s ambulatorijos, \u201eBuy My Weed Online\u201c.\",\"breadcrumb\":{\"@id\":\"https:\\\/\\\/medicinasinc.com\\\/lt\\\/product\\\/pirkti-gelato-skaldyti\\\/#breadcrumb\"},\"inLanguage\":\"en-US\",\"potentialAction\":[{\"@type\":\"ReadAction\",\"target\":[\"https:\\\/\\\/medicinasinc.com\\\/lt\\\/product\\\/pirkti-gelato-skaldyti\\\/\"]}]},{\"@type\":\"ImageObject\",\"inLanguage\":\"en-US\",\"@id\":\"https:\\\/\\\/medicinasinc.com\\\/lt\\\/product\\\/pirkti-gelato-skaldyti\\\/#primaryimage\",\"url\":\"https:\\\/\\\/medicinasinc.com\\\/lt\\\/wp-content\\\/uploads\\\/sites\\\/9\\\/2022\\\/02\\\/Buy-Gelato-Shatter.jpg\",\"contentUrl\":\"https:\\\/\\\/medicinasinc.com\\\/lt\\\/wp-content\\\/uploads\\\/sites\\\/9\\\/2022\\\/02\\\/Buy-Gelato-Shatter.jpg\",\"width\":600,\"height\":600},{\"@type\":\"BreadcrumbList\",\"@id\":\"https:\\\/\\\/medicinasinc.com\\\/lt\\\/product\\\/pirkti-gelato-skaldyti\\\/#breadcrumb\",\"itemListElement\":[{\"@type\":\"ListItem\",\"position\":1,\"name\":\"Parduotuv\u0117\",\"item\":\"https:\\\/\\\/medicinasinc.com\\\/lt\\\/parduotuve\\\/\"},{\"@type\":\"ListItem\",\"position\":2,\"name\":\"Pirkite Gelato Shatter\"}]},{\"@type\":\"WebSite\",\"@id\":\"https:\\\/\\\/medicinasinc.com\\\/lt\\\/#website\",\"url\":\"https:\\\/\\\/medicinasinc.com\\\/lt\\\/\",\"name\":\"Medicinas Inc\",\"description\":\"Sveikatos medicinos klinika\",\"potentialAction\":[{\"@type\":\"SearchAction\",\"target\":{\"@type\":\"EntryPoint\",\"urlTemplate\":\"https:\\\/\\\/medicinasinc.com\\\/lt\\\/?s={search_term_string}\"},\"query-input\":{\"@type\":\"PropertyValueSpecification\",\"valueRequired\":true,\"valueName\":\"search_term_string\"}}],\"inLanguage\":\"en-US\"}]}<\/script>\n<!-- \/ Yoast SEO plugin. -->","yoast_head_json":{"title":"Pirkite Gelato Shatter \u2013 geriausius geriausius pasaulinius vaistus","description":"Pirkite \u201eGelato Shatter\u201c pardavimui JK, Europoje \u2013 \u201eTop Shelf\u201c internetu Europoje i\u0161 did\u017eiausios internetin\u0117s ambulatorijos, \u201eBuy My Weed Online\u201c.","robots":{"index":"index","follow":"follow","max-snippet":"max-snippet:-1","max-image-preview":"max-image-preview:large","max-video-preview":"max-video-preview:-1"},"canonical":"https:\/\/medicinasinc.com\/lt\/product\/pirkti-gelato-skaldyti\/","og_locale":"en_US","og_type":"article","og_title":"Pirkite Gelato Shatter \u2013 geriausius geriausius pasaulinius vaistus","og_description":"Pirkite \u201eGelato Shatter\u201c pardavimui JK, Europoje \u2013 \u201eTop Shelf\u201c internetu Europoje i\u0161 did\u017eiausios internetin\u0117s ambulatorijos, \u201eBuy My Weed Online\u201c.","og_url":"https:\/\/medicinasinc.com\/lt\/product\/pirkti-gelato-skaldyti\/","og_site_name":"Medicinas Inc","article_modified_time":"2022-03-20T12:31:30+00:00","og_image":[{"width":600,"height":600,"url":"https:\/\/medicinasinc.com\/lt\/wp-content\/uploads\/sites\/9\/2022\/02\/Buy-Gelato-Shatter.jpg","type":"image\/jpeg"}],"twitter_card":"summary_large_image","twitter_misc":{"Est. reading time":"1 minute"},"schema":{"@context":"https:\/\/schema.org","@graph":[{"@type":"WebPage","@id":"https:\/\/medicinasinc.com\/lt\/product\/pirkti-gelato-skaldyti\/","url":"https:\/\/medicinasinc.com\/lt\/product\/pirkti-gelato-skaldyti\/","name":"Pirkite Gelato Shatter \u2013 geriausius geriausius pasaulinius vaistus","isPartOf":{"@id":"https:\/\/medicinasinc.com\/lt\/#website"},"primaryImageOfPage":{"@id":"https:\/\/medicinasinc.com\/lt\/product\/pirkti-gelato-skaldyti\/#primaryimage"},"image":{"@id":"https:\/\/medicinasinc.com\/lt\/product\/pirkti-gelato-skaldyti\/#primaryimage"},"thumbnailUrl":"https:\/\/medicinasinc.com\/lt\/wp-content\/uploads\/sites\/9\/2022\/02\/Buy-Gelato-Shatter.jpg","datePublished":"2022-02-20T17:08:57+00:00","dateModified":"2022-03-20T12:31:30+00:00","description":"Pirkite \u201eGelato Shatter\u201c pardavimui JK, Europoje \u2013 \u201eTop Shelf\u201c internetu Europoje i\u0161 did\u017eiausios internetin\u0117s ambulatorijos, \u201eBuy My Weed Online\u201c.","breadcrumb":{"@id":"https:\/\/medicinasinc.com\/lt\/product\/pirkti-gelato-skaldyti\/#breadcrumb"},"inLanguage":"en-US","potentialAction":[{"@type":"ReadAction","target":["https:\/\/medicinasinc.com\/lt\/product\/pirkti-gelato-skaldyti\/"]}]},{"@type":"ImageObject","inLanguage":"en-US","@id":"https:\/\/medicinasinc.com\/lt\/product\/pirkti-gelato-skaldyti\/#primaryimage","url":"https:\/\/medicinasinc.com\/lt\/wp-content\/uploads\/sites\/9\/2022\/02\/Buy-Gelato-Shatter.jpg","contentUrl":"https:\/\/medicinasinc.com\/lt\/wp-content\/uploads\/sites\/9\/2022\/02\/Buy-Gelato-Shatter.jpg","width":600,"height":600},{"@type":"BreadcrumbList","@id":"https:\/\/medicinasinc.com\/lt\/product\/pirkti-gelato-skaldyti\/#breadcrumb","itemListElement":[{"@type":"ListItem","position":1,"name":"Parduotuv\u0117","item":"https:\/\/medicinasinc.com\/lt\/parduotuve\/"},{"@type":"ListItem","position":2,"name":"Pirkite Gelato Shatter"}]},{"@type":"WebSite","@id":"https:\/\/medicinasinc.com\/lt\/#website","url":"https:\/\/medicinasinc.com\/lt\/","name":"Medicinas Inc","description":"Sveikatos medicinos klinika","potentialAction":[{"@type":"SearchAction","target":{"@type":"EntryPoint","urlTemplate":"https:\/\/medicinasinc.com\/lt\/?s={search_term_string}"},"query-input":{"@type":"PropertyValueSpecification","valueRequired":true,"valueName":"search_term_string"}}],"inLanguage":"en-US"}]}},"_links":{"self":[{"href":"https:\/\/medicinasinc.com\/lt\/wp-json\/wp\/v2\/product\/4872","targetHints":{"allow":["GET"]}}],"collection":[{"href":"https:\/\/medicinasinc.com\/lt\/wp-json\/wp\/v2\/product"}],"about":[{"href":"https:\/\/medicinasinc.com\/lt\/wp-json\/wp\/v2\/types\/product"}],"replies":[{"embeddable":true,"href":"https:\/\/medicinasinc.com\/lt\/wp-json\/wp\/v2\/comments?post=4872"}],"wp:featuredmedia":[{"embeddable":true,"href":"https:\/\/medicinasinc.com\/lt\/wp-json\/wp\/v2\/media\/4887"}],"wp:attachment":[{"href":"https:\/\/medicinasinc.com\/lt\/wp-json\/wp\/v2\/media?parent=4872"}],"wp:term":[{"taxonomy":"product_brand","embeddable":true,"href":"https:\/\/medicinasinc.com\/lt\/wp-json\/wp\/v2\/product_brand?post=4872"},{"taxonomy":"product_cat","embeddable":true,"href":"https:\/\/medicinasinc.com\/lt\/wp-json\/wp\/v2\/product_cat?post=4872"},{"taxonomy":"product_tag","embeddable":true,"href":"https:\/\/medicinasinc.com\/lt\/wp-json\/wp\/v2\/product_tag?post=4872"}],"curies":[{"name":"wp","href":"https:\/\/api.w.org\/{rel}","templated":true}]}}