{"id":4871,"date":"2022-02-20T17:08:15","date_gmt":"2022-02-20T17:08:15","guid":{"rendered":"https:\/\/medicinasinc.com\/lt\/?post_type=product&#038;p=4871"},"modified":"2022-03-20T12:31:46","modified_gmt":"2022-03-20T12:31:46","slug":"pirkti-melyne-nukenas-skaldyti-virsutine-lentyna","status":"publish","type":"product","link":"https:\/\/medicinasinc.com\/lt\/product\/pirkti-melyne-nukenas-skaldyti-virsutine-lentyna\/","title":{"rendered":"Pirkite Blueberry Nuken Shatter \u2013 vir\u0161utin\u0117 lentyna"},"content":{"rendered":"<div class=\"descblock ff\">Nuken suteikia gydom\u0105j\u0105 ind\u0173 naud\u0105 be nuovargio ar raminamojo poveikio, susijusio su indikacijomis. Nuken sukuria ilgalaik\u012f ir itin atpalaiduojant\u012f k\u016bn\u0105, leid\u017eiant\u012f vartotojui atlikti u\u017eduotis ir bendrauti su draugais. \u012etempimo poveikiui \u012fsitvirtinus, naudotojai patirs nedidel\u012f at\u0161ilimo poj\u016bt\u012f, kuris prasideda stubure ir palaipsniui plinta visame k\u016bne, suma\u017eindamas bet kok\u012f skausm\u0105 ar raumen\u0173 diskomfort\u0105. \u0160iuos efektus lydi intensyvi savistaba, d\u0117l kurios kai kurie pradedantieji vartotojai gali jaustis \u0161iek tiek dezorientuoti. Nuken buvo naudojamas l\u0117tiniam skausmui ir u\u017edegimui gydyti, taip pat lengvam depresijai, nerimui ir l\u0117tiniam stresui gydyti.<\/div>\n<div class=\"product-next-previous\">\n<div class=\"product-prev\"><\/div><\/div>\n","protected":false},"excerpt":{"rendered":"<p>Pirkite \u201eBlueberry Nuken Shatter\u201c JK, Europoje internetu i\u0161 geriausi\u0173 pasaulio medicinos vaist\u0173 ambulatorijos \u201eEZ Weed Online\u201c kanapi\u0173 dispanserio.<\/p>\n<ul>\n<li>Pristatymas visame pasaulyje<\/li>\n<li><strong>Geras: AAAAA<\/li>\n<p> strong&gt;<\/li>\n<li><strong>Susisiekite su mumis<\/strong>\u00a0d\u0117l didesni\u0173 u\u017esakym\u0173<\/li>\n<li>DPD Post Xpresspost NEMOKAMAS pristatymas u\u017esakymams vir\u0161 200 USD<\/li>\n<\/ul>\n","protected":false},"featured_media":4885,"comment_status":"open","ping_status":"closed","template":"","meta":[],"product_brand":[],"product_cat":[777],"product_tag":[],"class_list":{"0":"post-4871","1":"product","2":"type-product","3":"status-publish","4":"has-post-thumbnail","6":"product_cat-pirkti-sudauyti","8":"first","9":"instock","10":"shipping-taxable","11":"purchasable","12":"product-type-variable","13":"has-default-attributes"},"yoast_head":"<!-- This site is optimized with the Yoast SEO plugin v27.3 - https:\/\/yoast.com\/product\/yoast-seo-wordpress\/ -->\n<title>Pirkite Blueberry Nuken Shatter \u2013 auk\u0161\u010diausia lentyna \u2013 geriausi pasaulyje vaistai<\/title>\n<meta name=\"description\" content=\"Pirkite Blueberry Nuken Shatter UK, Europe internetu i\u0161 #1 Kanados ambulatorijos internetu, Best Global Weed Online Cannabis Dispansary.\" \/>\n<meta name=\"robots\" content=\"index, follow, max-snippet:-1, max-image-preview:large, max-video-preview:-1\" \/>\n<link rel=\"canonical\" href=\"https:\/\/medicinasinc.com\/lt\/product\/pirkti-melyne-nukenas-skaldyti-virsutine-lentyna\/\" \/>\n<meta property=\"og:locale\" content=\"en_US\" \/>\n<meta property=\"og:type\" content=\"article\" \/>\n<meta property=\"og:title\" content=\"Pirkite Blueberry Nuken Shatter \u2013 auk\u0161\u010diausia lentyna \u2013 geriausi pasaulyje vaistai\" \/>\n<meta property=\"og:description\" content=\"Pirkite Blueberry Nuken Shatter UK, Europe internetu i\u0161 #1 Kanados ambulatorijos internetu, Best Global Weed Online Cannabis Dispansary.\" \/>\n<meta property=\"og:url\" content=\"https:\/\/medicinasinc.com\/lt\/product\/pirkti-melyne-nukenas-skaldyti-virsutine-lentyna\/\" \/>\n<meta property=\"og:site_name\" content=\"Medicinas Inc\" \/>\n<meta property=\"article:modified_time\" content=\"2022-03-20T12:31:46+00:00\" \/>\n<meta property=\"og:image\" content=\"https:\/\/medicinasinc.com\/lt\/wp-content\/uploads\/sites\/9\/2022\/02\/Buy-Blueberry-Nuken-Shatter.jpg\" \/>\n\t<meta property=\"og:image:width\" content=\"600\" \/>\n\t<meta property=\"og:image:height\" content=\"600\" \/>\n\t<meta property=\"og:image:type\" content=\"image\/jpeg\" \/>\n<meta name=\"twitter:card\" content=\"summary_large_image\" \/>\n<meta name=\"twitter:label1\" content=\"Est. reading time\" \/>\n\t<meta name=\"twitter:data1\" content=\"1 minute\" \/>\n<script type=\"application\/ld+json\" class=\"yoast-schema-graph\">{\"@context\":\"https:\\\/\\\/schema.org\",\"@graph\":[{\"@type\":\"WebPage\",\"@id\":\"https:\\\/\\\/medicinasinc.com\\\/lt\\\/product\\\/pirkti-melyne-nukenas-skaldyti-virsutine-lentyna\\\/\",\"url\":\"https:\\\/\\\/medicinasinc.com\\\/lt\\\/product\\\/pirkti-melyne-nukenas-skaldyti-virsutine-lentyna\\\/\",\"name\":\"Pirkite Blueberry Nuken Shatter \u2013 auk\u0161\u010diausia lentyna \u2013 geriausi pasaulyje vaistai\",\"isPartOf\":{\"@id\":\"https:\\\/\\\/medicinasinc.com\\\/lt\\\/#website\"},\"primaryImageOfPage\":{\"@id\":\"https:\\\/\\\/medicinasinc.com\\\/lt\\\/product\\\/pirkti-melyne-nukenas-skaldyti-virsutine-lentyna\\\/#primaryimage\"},\"image\":{\"@id\":\"https:\\\/\\\/medicinasinc.com\\\/lt\\\/product\\\/pirkti-melyne-nukenas-skaldyti-virsutine-lentyna\\\/#primaryimage\"},\"thumbnailUrl\":\"https:\\\/\\\/medicinasinc.com\\\/lt\\\/wp-content\\\/uploads\\\/sites\\\/9\\\/2022\\\/02\\\/Buy-Blueberry-Nuken-Shatter.jpg\",\"datePublished\":\"2022-02-20T17:08:15+00:00\",\"dateModified\":\"2022-03-20T12:31:46+00:00\",\"description\":\"Pirkite Blueberry Nuken Shatter UK, Europe internetu i\u0161 #1 Kanados ambulatorijos internetu, Best Global Weed Online Cannabis Dispansary.\",\"breadcrumb\":{\"@id\":\"https:\\\/\\\/medicinasinc.com\\\/lt\\\/product\\\/pirkti-melyne-nukenas-skaldyti-virsutine-lentyna\\\/#breadcrumb\"},\"inLanguage\":\"en-US\",\"potentialAction\":[{\"@type\":\"ReadAction\",\"target\":[\"https:\\\/\\\/medicinasinc.com\\\/lt\\\/product\\\/pirkti-melyne-nukenas-skaldyti-virsutine-lentyna\\\/\"]}]},{\"@type\":\"ImageObject\",\"inLanguage\":\"en-US\",\"@id\":\"https:\\\/\\\/medicinasinc.com\\\/lt\\\/product\\\/pirkti-melyne-nukenas-skaldyti-virsutine-lentyna\\\/#primaryimage\",\"url\":\"https:\\\/\\\/medicinasinc.com\\\/lt\\\/wp-content\\\/uploads\\\/sites\\\/9\\\/2022\\\/02\\\/Buy-Blueberry-Nuken-Shatter.jpg\",\"contentUrl\":\"https:\\\/\\\/medicinasinc.com\\\/lt\\\/wp-content\\\/uploads\\\/sites\\\/9\\\/2022\\\/02\\\/Buy-Blueberry-Nuken-Shatter.jpg\",\"width\":600,\"height\":600},{\"@type\":\"BreadcrumbList\",\"@id\":\"https:\\\/\\\/medicinasinc.com\\\/lt\\\/product\\\/pirkti-melyne-nukenas-skaldyti-virsutine-lentyna\\\/#breadcrumb\",\"itemListElement\":[{\"@type\":\"ListItem\",\"position\":1,\"name\":\"Parduotuv\u0117\",\"item\":\"https:\\\/\\\/medicinasinc.com\\\/lt\\\/parduotuve\\\/\"},{\"@type\":\"ListItem\",\"position\":2,\"name\":\"Pirkite Blueberry Nuken Shatter \u2013 vir\u0161utin\u0117 lentyna\"}]},{\"@type\":\"WebSite\",\"@id\":\"https:\\\/\\\/medicinasinc.com\\\/lt\\\/#website\",\"url\":\"https:\\\/\\\/medicinasinc.com\\\/lt\\\/\",\"name\":\"Medicinas Inc\",\"description\":\"Sveikatos medicinos klinika\",\"potentialAction\":[{\"@type\":\"SearchAction\",\"target\":{\"@type\":\"EntryPoint\",\"urlTemplate\":\"https:\\\/\\\/medicinasinc.com\\\/lt\\\/?s={search_term_string}\"},\"query-input\":{\"@type\":\"PropertyValueSpecification\",\"valueRequired\":true,\"valueName\":\"search_term_string\"}}],\"inLanguage\":\"en-US\"}]}<\/script>\n<!-- \/ Yoast SEO plugin. -->","yoast_head_json":{"title":"Pirkite Blueberry Nuken Shatter \u2013 auk\u0161\u010diausia lentyna \u2013 geriausi pasaulyje vaistai","description":"Pirkite Blueberry Nuken Shatter UK, Europe internetu i\u0161 #1 Kanados ambulatorijos internetu, Best Global Weed Online Cannabis Dispansary.","robots":{"index":"index","follow":"follow","max-snippet":"max-snippet:-1","max-image-preview":"max-image-preview:large","max-video-preview":"max-video-preview:-1"},"canonical":"https:\/\/medicinasinc.com\/lt\/product\/pirkti-melyne-nukenas-skaldyti-virsutine-lentyna\/","og_locale":"en_US","og_type":"article","og_title":"Pirkite Blueberry Nuken Shatter \u2013 auk\u0161\u010diausia lentyna \u2013 geriausi pasaulyje vaistai","og_description":"Pirkite Blueberry Nuken Shatter UK, Europe internetu i\u0161 #1 Kanados ambulatorijos internetu, Best Global Weed Online Cannabis Dispansary.","og_url":"https:\/\/medicinasinc.com\/lt\/product\/pirkti-melyne-nukenas-skaldyti-virsutine-lentyna\/","og_site_name":"Medicinas Inc","article_modified_time":"2022-03-20T12:31:46+00:00","og_image":[{"width":600,"height":600,"url":"https:\/\/medicinasinc.com\/lt\/wp-content\/uploads\/sites\/9\/2022\/02\/Buy-Blueberry-Nuken-Shatter.jpg","type":"image\/jpeg"}],"twitter_card":"summary_large_image","twitter_misc":{"Est. reading time":"1 minute"},"schema":{"@context":"https:\/\/schema.org","@graph":[{"@type":"WebPage","@id":"https:\/\/medicinasinc.com\/lt\/product\/pirkti-melyne-nukenas-skaldyti-virsutine-lentyna\/","url":"https:\/\/medicinasinc.com\/lt\/product\/pirkti-melyne-nukenas-skaldyti-virsutine-lentyna\/","name":"Pirkite Blueberry Nuken Shatter \u2013 auk\u0161\u010diausia lentyna \u2013 geriausi pasaulyje vaistai","isPartOf":{"@id":"https:\/\/medicinasinc.com\/lt\/#website"},"primaryImageOfPage":{"@id":"https:\/\/medicinasinc.com\/lt\/product\/pirkti-melyne-nukenas-skaldyti-virsutine-lentyna\/#primaryimage"},"image":{"@id":"https:\/\/medicinasinc.com\/lt\/product\/pirkti-melyne-nukenas-skaldyti-virsutine-lentyna\/#primaryimage"},"thumbnailUrl":"https:\/\/medicinasinc.com\/lt\/wp-content\/uploads\/sites\/9\/2022\/02\/Buy-Blueberry-Nuken-Shatter.jpg","datePublished":"2022-02-20T17:08:15+00:00","dateModified":"2022-03-20T12:31:46+00:00","description":"Pirkite Blueberry Nuken Shatter UK, Europe internetu i\u0161 #1 Kanados ambulatorijos internetu, Best Global Weed Online Cannabis Dispansary.","breadcrumb":{"@id":"https:\/\/medicinasinc.com\/lt\/product\/pirkti-melyne-nukenas-skaldyti-virsutine-lentyna\/#breadcrumb"},"inLanguage":"en-US","potentialAction":[{"@type":"ReadAction","target":["https:\/\/medicinasinc.com\/lt\/product\/pirkti-melyne-nukenas-skaldyti-virsutine-lentyna\/"]}]},{"@type":"ImageObject","inLanguage":"en-US","@id":"https:\/\/medicinasinc.com\/lt\/product\/pirkti-melyne-nukenas-skaldyti-virsutine-lentyna\/#primaryimage","url":"https:\/\/medicinasinc.com\/lt\/wp-content\/uploads\/sites\/9\/2022\/02\/Buy-Blueberry-Nuken-Shatter.jpg","contentUrl":"https:\/\/medicinasinc.com\/lt\/wp-content\/uploads\/sites\/9\/2022\/02\/Buy-Blueberry-Nuken-Shatter.jpg","width":600,"height":600},{"@type":"BreadcrumbList","@id":"https:\/\/medicinasinc.com\/lt\/product\/pirkti-melyne-nukenas-skaldyti-virsutine-lentyna\/#breadcrumb","itemListElement":[{"@type":"ListItem","position":1,"name":"Parduotuv\u0117","item":"https:\/\/medicinasinc.com\/lt\/parduotuve\/"},{"@type":"ListItem","position":2,"name":"Pirkite Blueberry Nuken Shatter \u2013 vir\u0161utin\u0117 lentyna"}]},{"@type":"WebSite","@id":"https:\/\/medicinasinc.com\/lt\/#website","url":"https:\/\/medicinasinc.com\/lt\/","name":"Medicinas Inc","description":"Sveikatos medicinos klinika","potentialAction":[{"@type":"SearchAction","target":{"@type":"EntryPoint","urlTemplate":"https:\/\/medicinasinc.com\/lt\/?s={search_term_string}"},"query-input":{"@type":"PropertyValueSpecification","valueRequired":true,"valueName":"search_term_string"}}],"inLanguage":"en-US"}]}},"_links":{"self":[{"href":"https:\/\/medicinasinc.com\/lt\/wp-json\/wp\/v2\/product\/4871","targetHints":{"allow":["GET"]}}],"collection":[{"href":"https:\/\/medicinasinc.com\/lt\/wp-json\/wp\/v2\/product"}],"about":[{"href":"https:\/\/medicinasinc.com\/lt\/wp-json\/wp\/v2\/types\/product"}],"replies":[{"embeddable":true,"href":"https:\/\/medicinasinc.com\/lt\/wp-json\/wp\/v2\/comments?post=4871"}],"wp:featuredmedia":[{"embeddable":true,"href":"https:\/\/medicinasinc.com\/lt\/wp-json\/wp\/v2\/media\/4885"}],"wp:attachment":[{"href":"https:\/\/medicinasinc.com\/lt\/wp-json\/wp\/v2\/media?parent=4871"}],"wp:term":[{"taxonomy":"product_brand","embeddable":true,"href":"https:\/\/medicinasinc.com\/lt\/wp-json\/wp\/v2\/product_brand?post=4871"},{"taxonomy":"product_cat","embeddable":true,"href":"https:\/\/medicinasinc.com\/lt\/wp-json\/wp\/v2\/product_cat?post=4871"},{"taxonomy":"product_tag","embeddable":true,"href":"https:\/\/medicinasinc.com\/lt\/wp-json\/wp\/v2\/product_tag?post=4871"}],"curies":[{"name":"wp","href":"https:\/\/api.w.org\/{rel}","templated":true}]}}