{"id":4861,"date":"2022-02-20T17:01:48","date_gmt":"2022-02-20T17:01:48","guid":{"rendered":"https:\/\/medicinasinc.com\/lt\/?post_type=product&#038;p=4861"},"modified":"2022-03-20T12:31:56","modified_gmt":"2022-03-20T12:31:56","slug":"pirkti-lsd-100mcg-blotters","status":"publish","type":"product","link":"https:\/\/medicinasinc.com\/lt\/product\/pirkti-lsd-100mcg-blotters\/","title":{"rendered":"Pirkite LSD 100mcg BLOTERIUS"},"content":{"rendered":"<p>LSD 100 mcg BLOTERIUS galima \u012fsigyti internetu.<\/p>\n<p>LSD 100 mcg BLOTERIUS galima \u012fsigyti internetu. Taip pat parduodame LSD skirtukus. Nor\u0117dami gauti papildomos informacijos apie LSD, apsilankykite \u0161iame puslapyje.<\/p>\n<p>LSD (lizergin\u0117s r\u016bg\u0161ties dietilamido) druskos \/ d\u0117m\u0117to popieriaus pirkimas internetu<\/p>\n<p>&nbsp;<\/p>\n<p>LSD (lizergin\u0117s r\u016bg\u0161ties) Acid Diethylamide), sutrumpintai LSD arba LSD-25, yra pusiau sintetinis psichodelinis ergolin\u0173 \u0161eimos narkotikas, gerai \u017einomas d\u0117l savo psichologinio poveikio.<br \/> Nebrangaus LSD (lizergin\u0117s r\u016bg\u0161ties dietilamido) popierinio popieriaus galite \u012fsigyti internetu (ma\u017ea kaina). )<br \/> Chemin\u0117s med\u017eiagos ir amp; Milteliai moksliniams tyrimams<br \/> Nepatentuotas prek\u0117s \u017eenklas<br \/> R\u016bg\u0161tis, vonios druskos, blotterinis popierius, chemikalai, sm\u016bgiai, LSD, LSD-25, lizergin\u0117 r\u016bg\u0161tis, lizergin\u0117 r\u016bg\u0161tis, dietilamidas, popierius, chemin\u0117s med\u017eiagos moksliniams tyrimams ir d\u0117m\u0117ti popierius, lizergin\u0117 r\u016bg\u0161tis, lizergin\u0117s r\u016bg\u0161ties dietilamidas, druska, lak\u0161tas<\/p>\n","protected":false},"excerpt":{"rendered":"<div class=\"woocommerce-product-details__short-description\">\n<p>LSD 100 mcg BLOTERIUS galima \u012fsigyti internetu. Pirkite LSD 100mcg BLOTTERS miltelius su nuolaida | Kur \u012fsigyti LSD 100mcg BLOTTERS milteli\u0173 internetu. Pirkimas internetu lizergin\u0117s r\u016bg\u0161ties dietilamido BLOTTER &#8211; Parduodami LSD BLOTERIAI<\/p>\n<p>Internetiniai ma\u017emenininkai parduoda LSD (lizergin\u0117s r\u016bg\u0161ties dietilamido) druskos\/bloterin\u012f popieri\u0173.<br \/> Produkto kaina yra tokia: u\u017e lap\u0105 (bloterinis popierius)<\/p>\n<\/p>\n<p> div&gt;<\/p>\n","protected":false},"featured_media":4876,"comment_status":"open","ping_status":"closed","template":"","meta":[],"product_brand":[],"product_cat":[703],"product_tag":[745,746,747,748,749,752,753,755,756,776,775,774,772,771,763,768,760,759,761,764,766,762,767,765,757,770,769,750,773,758,754,751],"class_list":{"0":"post-4861","1":"product","2":"type-product","3":"status-publish","4":"has-post-thumbnail","6":"product_cat-pirkti-psichodelinius-vaistus","7":"product_tag-1p-lsd-buy-usa","8":"product_tag-1p-lsd-blotter-100-mcg","9":"product_tag-are-lsd","10":"product_tag-art-sheets-edible","11":"product_tag-bloteris","12":"product_tag-buy-lsd-blotter-sheets","13":"product_tag-buy-lsd-blotters-legal-highs-online","14":"product_tag-kaip-gali-pasakyti-ar-tavo-lsd-blotter-yra-tikras-ar-vienas-i-2c-eimos","15":"product_tag-kaip-naudoji-lsd-blotter-tab","16":"product_tag-kodl-do-lsd-blotter-tabs-have-designs-on-them","17":"product_tag-kur-galiu-pirkti-blotter-popierius","18":"product_tag-lizergins-rgties-dietilamido-gatvs-pavadinimai","19":"product_tag-lizergins-rgties-dietilamido-bloterija","20":"product_tag-lizergins-rgties-dietilamido-blotterazzi","21":"product_tag-lsd-blotter-lapai","22":"product_tag-lsd-blotters-dose","23":"product_tag-lsd-blotter-hofmann","24":"product_tag-lsd-blotter-cost","25":"product_tag-lsd-blotter-paper-acid","26":"product_tag-lsd-blotter-shop","27":"product_tag-lsd-blotter-saugykla","28":"product_tag-lsd-blotter-sheet","29":"product_tag-lsd-blotter-tab-size","30":"product_tag-lsd-blotter-svetain","31":"product_tag-lsd-andra-sa-c2-b6kte-a-c2-a4ven-efter","32":"product_tag-lsd-to-buy","33":"product_tag-lsd-tabs-buy","34":"product_tag-blotter-acid-parduodamas","35":"product_tag-parduodamas-lizergins-rgties-dietilamidas","36":"product_tag-lsd-blotter-art-parduodamas","37":"product_tag-pirkti-lizergins-rgties-dietilamido-blotter-sraas","38":"product_tag-pirkti-1-p-lsd","40":"first","41":"instock","42":"shipping-taxable","43":"purchasable","44":"product-type-variable","45":"has-default-attributes"},"yoast_head":"<!-- This site is optimized with the Yoast SEO plugin v27.3 - https:\/\/yoast.com\/product\/yoast-seo-wordpress\/ -->\n<title>Pirkite LSD 100 mcg BLOTTER \u2013 geriausius pasaulinius vaistus<\/title>\n<meta name=\"description\" content=\"Pirkite LSD 100mcg blotters Europoje JK, kad gal\u0117tum\u0117te parduoti 1-propionil-LSD (dar \u017einom\u0105 kaip 1P-LSD blotters) u\u017e puiki\u0105 kain\u0105. Nor\u0117dami u\u017esisakyti \u0161iandien, spustel\u0117kite svetain\u0119!\" \/>\n<meta name=\"robots\" content=\"index, follow, max-snippet:-1, max-image-preview:large, max-video-preview:-1\" \/>\n<link rel=\"canonical\" href=\"https:\/\/medicinasinc.com\/lt\/product\/pirkti-lsd-100mcg-blotters\/\" \/>\n<meta property=\"og:locale\" content=\"en_US\" \/>\n<meta property=\"og:type\" content=\"article\" \/>\n<meta property=\"og:title\" content=\"Pirkite LSD 100 mcg BLOTTER \u2013 geriausius pasaulinius vaistus\" \/>\n<meta property=\"og:description\" content=\"Pirkite LSD 100mcg blotters Europoje JK, kad gal\u0117tum\u0117te parduoti 1-propionil-LSD (dar \u017einom\u0105 kaip 1P-LSD blotters) u\u017e puiki\u0105 kain\u0105. Nor\u0117dami u\u017esisakyti \u0161iandien, spustel\u0117kite svetain\u0119!\" \/>\n<meta property=\"og:url\" content=\"https:\/\/medicinasinc.com\/lt\/product\/pirkti-lsd-100mcg-blotters\/\" \/>\n<meta property=\"og:site_name\" content=\"Medicinas Inc\" \/>\n<meta property=\"article:modified_time\" content=\"2022-03-20T12:31:56+00:00\" \/>\n<meta property=\"og:image\" content=\"https:\/\/medicinasinc.com\/lt\/wp-content\/uploads\/sites\/9\/2022\/02\/Buy-LSD-100mcg-blotters-1.jpg\" \/>\n\t<meta property=\"og:image:width\" content=\"960\" \/>\n\t<meta property=\"og:image:height\" content=\"720\" \/>\n\t<meta property=\"og:image:type\" content=\"image\/jpeg\" \/>\n<meta name=\"twitter:card\" content=\"summary_large_image\" \/>\n<meta name=\"twitter:label1\" content=\"Est. reading time\" \/>\n\t<meta name=\"twitter:data1\" content=\"1 minute\" \/>\n<script type=\"application\/ld+json\" class=\"yoast-schema-graph\">{\"@context\":\"https:\\\/\\\/schema.org\",\"@graph\":[{\"@type\":\"WebPage\",\"@id\":\"https:\\\/\\\/medicinasinc.com\\\/lt\\\/product\\\/pirkti-lsd-100mcg-blotters\\\/\",\"url\":\"https:\\\/\\\/medicinasinc.com\\\/lt\\\/product\\\/pirkti-lsd-100mcg-blotters\\\/\",\"name\":\"Pirkite LSD 100 mcg BLOTTER \u2013 geriausius pasaulinius vaistus\",\"isPartOf\":{\"@id\":\"https:\\\/\\\/medicinasinc.com\\\/lt\\\/#website\"},\"primaryImageOfPage\":{\"@id\":\"https:\\\/\\\/medicinasinc.com\\\/lt\\\/product\\\/pirkti-lsd-100mcg-blotters\\\/#primaryimage\"},\"image\":{\"@id\":\"https:\\\/\\\/medicinasinc.com\\\/lt\\\/product\\\/pirkti-lsd-100mcg-blotters\\\/#primaryimage\"},\"thumbnailUrl\":\"https:\\\/\\\/medicinasinc.com\\\/lt\\\/wp-content\\\/uploads\\\/sites\\\/9\\\/2022\\\/02\\\/Buy-LSD-100mcg-blotters-1.jpg\",\"datePublished\":\"2022-02-20T17:01:48+00:00\",\"dateModified\":\"2022-03-20T12:31:56+00:00\",\"description\":\"Pirkite LSD 100mcg blotters Europoje JK, kad gal\u0117tum\u0117te parduoti 1-propionil-LSD (dar \u017einom\u0105 kaip 1P-LSD blotters) u\u017e puiki\u0105 kain\u0105. Nor\u0117dami u\u017esisakyti \u0161iandien, spustel\u0117kite svetain\u0119!\",\"breadcrumb\":{\"@id\":\"https:\\\/\\\/medicinasinc.com\\\/lt\\\/product\\\/pirkti-lsd-100mcg-blotters\\\/#breadcrumb\"},\"inLanguage\":\"en-US\",\"potentialAction\":[{\"@type\":\"ReadAction\",\"target\":[\"https:\\\/\\\/medicinasinc.com\\\/lt\\\/product\\\/pirkti-lsd-100mcg-blotters\\\/\"]}]},{\"@type\":\"ImageObject\",\"inLanguage\":\"en-US\",\"@id\":\"https:\\\/\\\/medicinasinc.com\\\/lt\\\/product\\\/pirkti-lsd-100mcg-blotters\\\/#primaryimage\",\"url\":\"https:\\\/\\\/medicinasinc.com\\\/lt\\\/wp-content\\\/uploads\\\/sites\\\/9\\\/2022\\\/02\\\/Buy-LSD-100mcg-blotters-1.jpg\",\"contentUrl\":\"https:\\\/\\\/medicinasinc.com\\\/lt\\\/wp-content\\\/uploads\\\/sites\\\/9\\\/2022\\\/02\\\/Buy-LSD-100mcg-blotters-1.jpg\",\"width\":960,\"height\":720},{\"@type\":\"BreadcrumbList\",\"@id\":\"https:\\\/\\\/medicinasinc.com\\\/lt\\\/product\\\/pirkti-lsd-100mcg-blotters\\\/#breadcrumb\",\"itemListElement\":[{\"@type\":\"ListItem\",\"position\":1,\"name\":\"Parduotuv\u0117\",\"item\":\"https:\\\/\\\/medicinasinc.com\\\/lt\\\/parduotuve\\\/\"},{\"@type\":\"ListItem\",\"position\":2,\"name\":\"Pirkite LSD 100mcg BLOTERIUS\"}]},{\"@type\":\"WebSite\",\"@id\":\"https:\\\/\\\/medicinasinc.com\\\/lt\\\/#website\",\"url\":\"https:\\\/\\\/medicinasinc.com\\\/lt\\\/\",\"name\":\"Medicinas Inc\",\"description\":\"Sveikatos medicinos klinika\",\"potentialAction\":[{\"@type\":\"SearchAction\",\"target\":{\"@type\":\"EntryPoint\",\"urlTemplate\":\"https:\\\/\\\/medicinasinc.com\\\/lt\\\/?s={search_term_string}\"},\"query-input\":{\"@type\":\"PropertyValueSpecification\",\"valueRequired\":true,\"valueName\":\"search_term_string\"}}],\"inLanguage\":\"en-US\"}]}<\/script>\n<!-- \/ Yoast SEO plugin. -->","yoast_head_json":{"title":"Pirkite LSD 100 mcg BLOTTER \u2013 geriausius pasaulinius vaistus","description":"Pirkite LSD 100mcg blotters Europoje JK, kad gal\u0117tum\u0117te parduoti 1-propionil-LSD (dar \u017einom\u0105 kaip 1P-LSD blotters) u\u017e puiki\u0105 kain\u0105. Nor\u0117dami u\u017esisakyti \u0161iandien, spustel\u0117kite svetain\u0119!","robots":{"index":"index","follow":"follow","max-snippet":"max-snippet:-1","max-image-preview":"max-image-preview:large","max-video-preview":"max-video-preview:-1"},"canonical":"https:\/\/medicinasinc.com\/lt\/product\/pirkti-lsd-100mcg-blotters\/","og_locale":"en_US","og_type":"article","og_title":"Pirkite LSD 100 mcg BLOTTER \u2013 geriausius pasaulinius vaistus","og_description":"Pirkite LSD 100mcg blotters Europoje JK, kad gal\u0117tum\u0117te parduoti 1-propionil-LSD (dar \u017einom\u0105 kaip 1P-LSD blotters) u\u017e puiki\u0105 kain\u0105. Nor\u0117dami u\u017esisakyti \u0161iandien, spustel\u0117kite svetain\u0119!","og_url":"https:\/\/medicinasinc.com\/lt\/product\/pirkti-lsd-100mcg-blotters\/","og_site_name":"Medicinas Inc","article_modified_time":"2022-03-20T12:31:56+00:00","og_image":[{"width":960,"height":720,"url":"https:\/\/medicinasinc.com\/lt\/wp-content\/uploads\/sites\/9\/2022\/02\/Buy-LSD-100mcg-blotters-1.jpg","type":"image\/jpeg"}],"twitter_card":"summary_large_image","twitter_misc":{"Est. reading time":"1 minute"},"schema":{"@context":"https:\/\/schema.org","@graph":[{"@type":"WebPage","@id":"https:\/\/medicinasinc.com\/lt\/product\/pirkti-lsd-100mcg-blotters\/","url":"https:\/\/medicinasinc.com\/lt\/product\/pirkti-lsd-100mcg-blotters\/","name":"Pirkite LSD 100 mcg BLOTTER \u2013 geriausius pasaulinius vaistus","isPartOf":{"@id":"https:\/\/medicinasinc.com\/lt\/#website"},"primaryImageOfPage":{"@id":"https:\/\/medicinasinc.com\/lt\/product\/pirkti-lsd-100mcg-blotters\/#primaryimage"},"image":{"@id":"https:\/\/medicinasinc.com\/lt\/product\/pirkti-lsd-100mcg-blotters\/#primaryimage"},"thumbnailUrl":"https:\/\/medicinasinc.com\/lt\/wp-content\/uploads\/sites\/9\/2022\/02\/Buy-LSD-100mcg-blotters-1.jpg","datePublished":"2022-02-20T17:01:48+00:00","dateModified":"2022-03-20T12:31:56+00:00","description":"Pirkite LSD 100mcg blotters Europoje JK, kad gal\u0117tum\u0117te parduoti 1-propionil-LSD (dar \u017einom\u0105 kaip 1P-LSD blotters) u\u017e puiki\u0105 kain\u0105. Nor\u0117dami u\u017esisakyti \u0161iandien, spustel\u0117kite svetain\u0119!","breadcrumb":{"@id":"https:\/\/medicinasinc.com\/lt\/product\/pirkti-lsd-100mcg-blotters\/#breadcrumb"},"inLanguage":"en-US","potentialAction":[{"@type":"ReadAction","target":["https:\/\/medicinasinc.com\/lt\/product\/pirkti-lsd-100mcg-blotters\/"]}]},{"@type":"ImageObject","inLanguage":"en-US","@id":"https:\/\/medicinasinc.com\/lt\/product\/pirkti-lsd-100mcg-blotters\/#primaryimage","url":"https:\/\/medicinasinc.com\/lt\/wp-content\/uploads\/sites\/9\/2022\/02\/Buy-LSD-100mcg-blotters-1.jpg","contentUrl":"https:\/\/medicinasinc.com\/lt\/wp-content\/uploads\/sites\/9\/2022\/02\/Buy-LSD-100mcg-blotters-1.jpg","width":960,"height":720},{"@type":"BreadcrumbList","@id":"https:\/\/medicinasinc.com\/lt\/product\/pirkti-lsd-100mcg-blotters\/#breadcrumb","itemListElement":[{"@type":"ListItem","position":1,"name":"Parduotuv\u0117","item":"https:\/\/medicinasinc.com\/lt\/parduotuve\/"},{"@type":"ListItem","position":2,"name":"Pirkite LSD 100mcg BLOTERIUS"}]},{"@type":"WebSite","@id":"https:\/\/medicinasinc.com\/lt\/#website","url":"https:\/\/medicinasinc.com\/lt\/","name":"Medicinas Inc","description":"Sveikatos medicinos klinika","potentialAction":[{"@type":"SearchAction","target":{"@type":"EntryPoint","urlTemplate":"https:\/\/medicinasinc.com\/lt\/?s={search_term_string}"},"query-input":{"@type":"PropertyValueSpecification","valueRequired":true,"valueName":"search_term_string"}}],"inLanguage":"en-US"}]}},"_links":{"self":[{"href":"https:\/\/medicinasinc.com\/lt\/wp-json\/wp\/v2\/product\/4861","targetHints":{"allow":["GET"]}}],"collection":[{"href":"https:\/\/medicinasinc.com\/lt\/wp-json\/wp\/v2\/product"}],"about":[{"href":"https:\/\/medicinasinc.com\/lt\/wp-json\/wp\/v2\/types\/product"}],"replies":[{"embeddable":true,"href":"https:\/\/medicinasinc.com\/lt\/wp-json\/wp\/v2\/comments?post=4861"}],"wp:featuredmedia":[{"embeddable":true,"href":"https:\/\/medicinasinc.com\/lt\/wp-json\/wp\/v2\/media\/4876"}],"wp:attachment":[{"href":"https:\/\/medicinasinc.com\/lt\/wp-json\/wp\/v2\/media?parent=4861"}],"wp:term":[{"taxonomy":"product_brand","embeddable":true,"href":"https:\/\/medicinasinc.com\/lt\/wp-json\/wp\/v2\/product_brand?post=4861"},{"taxonomy":"product_cat","embeddable":true,"href":"https:\/\/medicinasinc.com\/lt\/wp-json\/wp\/v2\/product_cat?post=4861"},{"taxonomy":"product_tag","embeddable":true,"href":"https:\/\/medicinasinc.com\/lt\/wp-json\/wp\/v2\/product_tag?post=4861"}],"curies":[{"name":"wp","href":"https:\/\/api.w.org\/{rel}","templated":true}]}}