{"id":4859,"date":"2022-02-20T17:00:55","date_gmt":"2022-02-20T17:00:55","guid":{"rendered":"https:\/\/medicinasinc.com\/lt\/?post_type=product&#038;p=4859"},"modified":"2022-03-20T12:32:08","modified_gmt":"2022-03-20T12:32:08","slug":"pirkti-kokybiskus-al-lad-blotters","status":"publish","type":"product","link":"https:\/\/medicinasinc.com\/lt\/product\/pirkti-kokybiskus-al-lad-blotters\/","title":{"rendered":"Pirkite kokybi\u0161kus AL-LAD bloterius"},"content":{"rendered":"<p>Pigiai nusipirkite AL-LAD bloterius internetu. 150 mcg AL-LAD bloteriai.<\/p>\n<p>Kas tiksliai yra AL-LAD?<\/p>\n<p>6-alil-6-nor-<\/p>\n<p>AL-LAD, da\u017eniau vadinamas kaip LSD, yra psichodelinis vaistas, kurio savyb\u0117s pana\u0161ios \u012f LSD (lizergin\u0117s r\u016bg\u0161ties dietilamid\u0105). Pirm\u0105 kart\u0105 jis buvo susintetintas 1976 m. ir nuo tada tapo populiariu vaistu \u201etyrimams skirt\u0173 chemini\u0173 med\u017eiag\u0173\u201c ir \u201enauj\u0173 psichoaktyvi\u0173 med\u017eiag\u0173\u201c rinkoje. AL-LAD gamina psichoaktyvi\u0105 \u201ekelion\u0119\u201c, labai pana\u0161i\u0105 \u012f LSD.<\/p>\n<p>AL-LAD pirm\u0105 kart\u0105 buvo naudojamas pramogoms Airijoje ir Jungtin\u0117je Karalyst\u0117je. Tai buvo apra\u0161yta 1997 m. Aleksandro \u0160ulgino knygoje TIHKAL (Triptaminai, kuriuos a\u0161 pa\u017einojau ir myl\u0117jau). D\u0117l to narkotik\u0173 populiarumas i\u0161plito visame pasaulyje. Dabar \u017emon\u0117s visame pasaulyje, \u012fskaitant JAV, eksperimentuoja su \u0161iuo narkotiku.<\/p>\n<p>Teisinis AL-LAD statusas yra \u0161iek tiek dviprasmi\u0161kas. Pagal JAV federalinius \u012fstatymus ji neklasifikuojama kaip kontroliuojama med\u017eiaga. Ta\u010diau tai yra LSD analogas, o tai rei\u0161kia, kad pardavimas ar tur\u0117jimas turint tiksl\u0105 platinti gali b\u016bti patrauktas baud\u017eiamojon atsakomyb\u0117n pagal Federalin\u012f analog\u0173 \u012fstatym\u0105.<\/p>\n<p>AL-LAD kelion\u0117s daugeliu at\u017evilgi\u0173 primena LSD keliones. Vaistas vartojamas per burn\u0105, da\u017enai naudojant blotterinius popierius. D\u0117l to poveikis pradeda pasireik\u0161ti nuo dvide\u0161imties minu\u010di\u0173 iki valandos po vartojimo. Naudotojai susidurs su:<\/p>\n<p>Stimuliacija arba energijos padid\u0117jimu.<br \/> Euforija<br \/> Gal\u016bni\u0173 dilg\u010diojimas ar tirpimas;<br \/> Jautrinimas;<br \/> Regos dezorientacija;<br \/> Haliucinacijos <\/p>\n<p>Tarp galim\u0173 neigiam\u0173 AL-LAD vartojimo padarini\u0173 yra \u0161ie:<br \/> Sunku susikaupti ar m\u0105styti<br \/> Padid\u0117j\u0119s \u0161irdies susitraukim\u0173 da\u017enis<br \/> Temperat\u016bros svyravimai organizme<br \/> Pykinimas<br \/> Kliedesiai<br \/> Neigiamos minties kilpos<br \/> Kraujagysli\u0173 susiaur\u0117jimas (kraujagysli\u0173 susitraukimas)<br \/> Priepuoliai<\/p>\n<p>LSD yra viena pla\u010diausiai i\u0161tirt\u0173 psichodelini\u0173 med\u017eiag\u0173. Nepaisant etiket\u0117s \u201etyrimo vaistas\u201c, AL-LAD buvo atlikta labai ma\u017eai mokslini\u0173 tyrim\u0173. Tai rei\u0161kia, kad tiesiogini\u0173 pasekmi\u0173 s\u0105ra\u0161as gali b\u016bti nei\u0161samus. Be to, yra ma\u017eai arba visai n\u0117ra tyrim\u0173 apie ilgalaik\u012f vaisto poveik\u012f.<\/p>\n<p>Ilgalaikis piktnaud\u017eiavimas haliucinogenais gali tur\u0117ti \u012fvairi\u0173 neigiam\u0173 pasekmi\u0173. HPPD yra b\u016bkl\u0117, kai asmuo patiria spontani\u0161kus reg\u0117jimo i\u0161kraipym\u0173 ar haliucinacij\u0173 prisiminimus. \u0160is l\u0117tinis sutrikimas buvo pasteb\u0117tas asmenims, vartojusiems \u012fvairias haliucinogenines med\u017eiagas, \u012fskaitant LSD, grybus ir DMT.<\/p>\n","protected":false},"excerpt":{"rendered":"<p>Pigiai nusipirkite AL-LAD bloterius JK, Europa internetu. 6-allil-6-nor-LSD yra psichodelinis lizergamidas, dar \u017einomas kaip AL LAD (lizergin\u0117s r\u016bg\u0161ties dietilamidas). 150 mcg AL-LAD dro\u017eli\u0173.<\/p>\n<p>Minimalus u\u017esakymas yra 15 dro\u017eli\u0173.<\/p>\n","protected":false},"featured_media":4874,"comment_status":"open","ping_status":"closed","template":"","meta":[],"product_brand":[],"product_cat":[703],"product_tag":[],"class_list":{"0":"post-4859","1":"product","2":"type-product","3":"status-publish","4":"has-post-thumbnail","6":"product_cat-pirkti-psichodelinius-vaistus","8":"first","9":"instock","10":"shipping-taxable","11":"purchasable","12":"product-type-variable","13":"has-default-attributes"},"yoast_head":"<!-- This site is optimized with the Yoast SEO plugin v27.3 - https:\/\/yoast.com\/product\/yoast-seo-wordpress\/ -->\n<title>Pirkite kokybi\u0161kus AL-LAD d\u0117kliukus \u2013 geriausius pasaulinius vaistus<\/title>\n<meta name=\"description\" content=\"Pirkite AL-LAD blotters Pigus pardavimas JK, Europa internetu. 6-allil-6-nor-LSD yra psichodelinis lizergamidas, dar \u017einomas kaip AL LAD (lizergin\u0117s r\u016bg\u0161ties dietilamidas). 150 mcg AL-LAD bloteriai.\" \/>\n<meta name=\"robots\" content=\"index, follow, max-snippet:-1, max-image-preview:large, max-video-preview:-1\" \/>\n<link rel=\"canonical\" href=\"https:\/\/medicinasinc.com\/lt\/product\/pirkti-kokybiskus-al-lad-blotters\/\" \/>\n<meta property=\"og:locale\" content=\"en_US\" \/>\n<meta property=\"og:type\" content=\"article\" \/>\n<meta property=\"og:title\" content=\"Pirkite kokybi\u0161kus AL-LAD d\u0117kliukus \u2013 geriausius pasaulinius vaistus\" \/>\n<meta property=\"og:description\" content=\"Pirkite AL-LAD blotters Pigus pardavimas JK, Europa internetu. 6-allil-6-nor-LSD yra psichodelinis lizergamidas, dar \u017einomas kaip AL LAD (lizergin\u0117s r\u016bg\u0161ties dietilamidas). 150 mcg AL-LAD bloteriai.\" \/>\n<meta property=\"og:url\" content=\"https:\/\/medicinasinc.com\/lt\/product\/pirkti-kokybiskus-al-lad-blotters\/\" \/>\n<meta property=\"og:site_name\" content=\"Medicinas Inc\" \/>\n<meta property=\"article:modified_time\" content=\"2022-03-20T12:32:08+00:00\" \/>\n<meta property=\"og:image\" content=\"https:\/\/medicinasinc.com\/lt\/wp-content\/uploads\/sites\/9\/2022\/02\/Buy-Quality-AL-LAD-blotters.jpg\" \/>\n\t<meta property=\"og:image:width\" content=\"225\" \/>\n\t<meta property=\"og:image:height\" content=\"225\" \/>\n\t<meta property=\"og:image:type\" content=\"image\/jpeg\" \/>\n<meta name=\"twitter:card\" content=\"summary_large_image\" \/>\n<meta name=\"twitter:label1\" content=\"Est. reading time\" \/>\n\t<meta name=\"twitter:data1\" content=\"2 minutes\" \/>\n<script type=\"application\/ld+json\" class=\"yoast-schema-graph\">{\"@context\":\"https:\\\/\\\/schema.org\",\"@graph\":[{\"@type\":\"WebPage\",\"@id\":\"https:\\\/\\\/medicinasinc.com\\\/lt\\\/product\\\/pirkti-kokybiskus-al-lad-blotters\\\/\",\"url\":\"https:\\\/\\\/medicinasinc.com\\\/lt\\\/product\\\/pirkti-kokybiskus-al-lad-blotters\\\/\",\"name\":\"Pirkite kokybi\u0161kus AL-LAD d\u0117kliukus \u2013 geriausius pasaulinius vaistus\",\"isPartOf\":{\"@id\":\"https:\\\/\\\/medicinasinc.com\\\/lt\\\/#website\"},\"primaryImageOfPage\":{\"@id\":\"https:\\\/\\\/medicinasinc.com\\\/lt\\\/product\\\/pirkti-kokybiskus-al-lad-blotters\\\/#primaryimage\"},\"image\":{\"@id\":\"https:\\\/\\\/medicinasinc.com\\\/lt\\\/product\\\/pirkti-kokybiskus-al-lad-blotters\\\/#primaryimage\"},\"thumbnailUrl\":\"https:\\\/\\\/medicinasinc.com\\\/lt\\\/wp-content\\\/uploads\\\/sites\\\/9\\\/2022\\\/02\\\/Buy-Quality-AL-LAD-blotters.jpg\",\"datePublished\":\"2022-02-20T17:00:55+00:00\",\"dateModified\":\"2022-03-20T12:32:08+00:00\",\"description\":\"Pirkite AL-LAD blotters Pigus pardavimas JK, Europa internetu. 6-allil-6-nor-LSD yra psichodelinis lizergamidas, dar \u017einomas kaip AL LAD (lizergin\u0117s r\u016bg\u0161ties dietilamidas). 150 mcg AL-LAD bloteriai.\",\"breadcrumb\":{\"@id\":\"https:\\\/\\\/medicinasinc.com\\\/lt\\\/product\\\/pirkti-kokybiskus-al-lad-blotters\\\/#breadcrumb\"},\"inLanguage\":\"en-US\",\"potentialAction\":[{\"@type\":\"ReadAction\",\"target\":[\"https:\\\/\\\/medicinasinc.com\\\/lt\\\/product\\\/pirkti-kokybiskus-al-lad-blotters\\\/\"]}]},{\"@type\":\"ImageObject\",\"inLanguage\":\"en-US\",\"@id\":\"https:\\\/\\\/medicinasinc.com\\\/lt\\\/product\\\/pirkti-kokybiskus-al-lad-blotters\\\/#primaryimage\",\"url\":\"https:\\\/\\\/medicinasinc.com\\\/lt\\\/wp-content\\\/uploads\\\/sites\\\/9\\\/2022\\\/02\\\/Buy-Quality-AL-LAD-blotters.jpg\",\"contentUrl\":\"https:\\\/\\\/medicinasinc.com\\\/lt\\\/wp-content\\\/uploads\\\/sites\\\/9\\\/2022\\\/02\\\/Buy-Quality-AL-LAD-blotters.jpg\",\"width\":225,\"height\":225},{\"@type\":\"BreadcrumbList\",\"@id\":\"https:\\\/\\\/medicinasinc.com\\\/lt\\\/product\\\/pirkti-kokybiskus-al-lad-blotters\\\/#breadcrumb\",\"itemListElement\":[{\"@type\":\"ListItem\",\"position\":1,\"name\":\"Parduotuv\u0117\",\"item\":\"https:\\\/\\\/medicinasinc.com\\\/lt\\\/parduotuve\\\/\"},{\"@type\":\"ListItem\",\"position\":2,\"name\":\"Pirkite kokybi\u0161kus AL-LAD bloterius\"}]},{\"@type\":\"WebSite\",\"@id\":\"https:\\\/\\\/medicinasinc.com\\\/lt\\\/#website\",\"url\":\"https:\\\/\\\/medicinasinc.com\\\/lt\\\/\",\"name\":\"Medicinas Inc\",\"description\":\"Sveikatos medicinos klinika\",\"potentialAction\":[{\"@type\":\"SearchAction\",\"target\":{\"@type\":\"EntryPoint\",\"urlTemplate\":\"https:\\\/\\\/medicinasinc.com\\\/lt\\\/?s={search_term_string}\"},\"query-input\":{\"@type\":\"PropertyValueSpecification\",\"valueRequired\":true,\"valueName\":\"search_term_string\"}}],\"inLanguage\":\"en-US\"}]}<\/script>\n<!-- \/ Yoast SEO plugin. -->","yoast_head_json":{"title":"Pirkite kokybi\u0161kus AL-LAD d\u0117kliukus \u2013 geriausius pasaulinius vaistus","description":"Pirkite AL-LAD blotters Pigus pardavimas JK, Europa internetu. 6-allil-6-nor-LSD yra psichodelinis lizergamidas, dar \u017einomas kaip AL LAD (lizergin\u0117s r\u016bg\u0161ties dietilamidas). 150 mcg AL-LAD bloteriai.","robots":{"index":"index","follow":"follow","max-snippet":"max-snippet:-1","max-image-preview":"max-image-preview:large","max-video-preview":"max-video-preview:-1"},"canonical":"https:\/\/medicinasinc.com\/lt\/product\/pirkti-kokybiskus-al-lad-blotters\/","og_locale":"en_US","og_type":"article","og_title":"Pirkite kokybi\u0161kus AL-LAD d\u0117kliukus \u2013 geriausius pasaulinius vaistus","og_description":"Pirkite AL-LAD blotters Pigus pardavimas JK, Europa internetu. 6-allil-6-nor-LSD yra psichodelinis lizergamidas, dar \u017einomas kaip AL LAD (lizergin\u0117s r\u016bg\u0161ties dietilamidas). 150 mcg AL-LAD bloteriai.","og_url":"https:\/\/medicinasinc.com\/lt\/product\/pirkti-kokybiskus-al-lad-blotters\/","og_site_name":"Medicinas Inc","article_modified_time":"2022-03-20T12:32:08+00:00","og_image":[{"width":225,"height":225,"url":"https:\/\/medicinasinc.com\/lt\/wp-content\/uploads\/sites\/9\/2022\/02\/Buy-Quality-AL-LAD-blotters.jpg","type":"image\/jpeg"}],"twitter_card":"summary_large_image","twitter_misc":{"Est. reading time":"2 minutes"},"schema":{"@context":"https:\/\/schema.org","@graph":[{"@type":"WebPage","@id":"https:\/\/medicinasinc.com\/lt\/product\/pirkti-kokybiskus-al-lad-blotters\/","url":"https:\/\/medicinasinc.com\/lt\/product\/pirkti-kokybiskus-al-lad-blotters\/","name":"Pirkite kokybi\u0161kus AL-LAD d\u0117kliukus \u2013 geriausius pasaulinius vaistus","isPartOf":{"@id":"https:\/\/medicinasinc.com\/lt\/#website"},"primaryImageOfPage":{"@id":"https:\/\/medicinasinc.com\/lt\/product\/pirkti-kokybiskus-al-lad-blotters\/#primaryimage"},"image":{"@id":"https:\/\/medicinasinc.com\/lt\/product\/pirkti-kokybiskus-al-lad-blotters\/#primaryimage"},"thumbnailUrl":"https:\/\/medicinasinc.com\/lt\/wp-content\/uploads\/sites\/9\/2022\/02\/Buy-Quality-AL-LAD-blotters.jpg","datePublished":"2022-02-20T17:00:55+00:00","dateModified":"2022-03-20T12:32:08+00:00","description":"Pirkite AL-LAD blotters Pigus pardavimas JK, Europa internetu. 6-allil-6-nor-LSD yra psichodelinis lizergamidas, dar \u017einomas kaip AL LAD (lizergin\u0117s r\u016bg\u0161ties dietilamidas). 150 mcg AL-LAD bloteriai.","breadcrumb":{"@id":"https:\/\/medicinasinc.com\/lt\/product\/pirkti-kokybiskus-al-lad-blotters\/#breadcrumb"},"inLanguage":"en-US","potentialAction":[{"@type":"ReadAction","target":["https:\/\/medicinasinc.com\/lt\/product\/pirkti-kokybiskus-al-lad-blotters\/"]}]},{"@type":"ImageObject","inLanguage":"en-US","@id":"https:\/\/medicinasinc.com\/lt\/product\/pirkti-kokybiskus-al-lad-blotters\/#primaryimage","url":"https:\/\/medicinasinc.com\/lt\/wp-content\/uploads\/sites\/9\/2022\/02\/Buy-Quality-AL-LAD-blotters.jpg","contentUrl":"https:\/\/medicinasinc.com\/lt\/wp-content\/uploads\/sites\/9\/2022\/02\/Buy-Quality-AL-LAD-blotters.jpg","width":225,"height":225},{"@type":"BreadcrumbList","@id":"https:\/\/medicinasinc.com\/lt\/product\/pirkti-kokybiskus-al-lad-blotters\/#breadcrumb","itemListElement":[{"@type":"ListItem","position":1,"name":"Parduotuv\u0117","item":"https:\/\/medicinasinc.com\/lt\/parduotuve\/"},{"@type":"ListItem","position":2,"name":"Pirkite kokybi\u0161kus AL-LAD bloterius"}]},{"@type":"WebSite","@id":"https:\/\/medicinasinc.com\/lt\/#website","url":"https:\/\/medicinasinc.com\/lt\/","name":"Medicinas Inc","description":"Sveikatos medicinos klinika","potentialAction":[{"@type":"SearchAction","target":{"@type":"EntryPoint","urlTemplate":"https:\/\/medicinasinc.com\/lt\/?s={search_term_string}"},"query-input":{"@type":"PropertyValueSpecification","valueRequired":true,"valueName":"search_term_string"}}],"inLanguage":"en-US"}]}},"_links":{"self":[{"href":"https:\/\/medicinasinc.com\/lt\/wp-json\/wp\/v2\/product\/4859","targetHints":{"allow":["GET"]}}],"collection":[{"href":"https:\/\/medicinasinc.com\/lt\/wp-json\/wp\/v2\/product"}],"about":[{"href":"https:\/\/medicinasinc.com\/lt\/wp-json\/wp\/v2\/types\/product"}],"replies":[{"embeddable":true,"href":"https:\/\/medicinasinc.com\/lt\/wp-json\/wp\/v2\/comments?post=4859"}],"wp:featuredmedia":[{"embeddable":true,"href":"https:\/\/medicinasinc.com\/lt\/wp-json\/wp\/v2\/media\/4874"}],"wp:attachment":[{"href":"https:\/\/medicinasinc.com\/lt\/wp-json\/wp\/v2\/media?parent=4859"}],"wp:term":[{"taxonomy":"product_brand","embeddable":true,"href":"https:\/\/medicinasinc.com\/lt\/wp-json\/wp\/v2\/product_brand?post=4859"},{"taxonomy":"product_cat","embeddable":true,"href":"https:\/\/medicinasinc.com\/lt\/wp-json\/wp\/v2\/product_cat?post=4859"},{"taxonomy":"product_tag","embeddable":true,"href":"https:\/\/medicinasinc.com\/lt\/wp-json\/wp\/v2\/product_tag?post=4859"}],"curies":[{"name":"wp","href":"https:\/\/api.w.org\/{rel}","templated":true}]}}