{"id":4854,"date":"2022-02-20T16:56:44","date_gmt":"2022-02-20T16:56:44","guid":{"rendered":"https:\/\/medicinasinc.com\/lt\/?post_type=product&#038;p=4854"},"modified":"2022-03-20T12:32:17","modified_gmt":"2022-03-20T12:32:17","slug":"pirkti-lsd-skystas-200ug-lasas","status":"publish","type":"product","link":"https:\/\/medicinasinc.com\/lt\/product\/pirkti-lsd-skystas-200ug-lasas\/","title":{"rendered":"Pirkite LSD skyst\u012f 200g Drop"},"content":{"rendered":"<p>Pirkite skyst\u0105 LSD 200 g &amp; nusipirkite internetu u\u017e nuolaid\u0105.<\/p>\n<p>Kas yra skystasis LSD?<\/p>\n<p>LSD arba lizergin\u0117s r\u016bg\u0161ties dietilamidas yra haliucinogenin\u0117 med\u017eiaga, gaunama i\u0161 rugi\u0173 grybuose esan\u010dios chemin\u0117s med\u017eiagos. Jis geriausiai \u017einomas d\u0117l savo naudojimo septintojo de\u0161imtme\u010dio kontrkult\u016broje, o v\u0117lesnis jo u\u017edraudimas peln\u0117 daugiausia neigiam\u0105 reputacij\u0105.<\/p>\n<p>\u0160veicar\u0173 mokslininkas Albertas Hofmannas 1938 m. susintetino LSD savo Ciuricho laboratorijoje. 1943 m., kai nedidelis kiekis pateko \u012f jo od\u0105, jis netik\u0117tai atrado jos haliucinogenines savybes.<\/p>\n<p>Pirkite LSD LSD yra labai stiprus haliucinogenas, turintis did\u017eiul\u012f gydom\u0105j\u012f, dvasin\u012f ir kult\u016brin\u012f poveik\u012f.<\/p>\n<p>\u012esigykite skysto LSD 200 g &amp; nusileiskite internetu u\u017e nuolaid\u0105 \u2013 Farmakologija<\/p>\n<p>Nuritas LSD veikia kaip 5-HT (serotonino) receptori\u0173 aktyvatorius, o taip pat \u017eymiai padidina serotonino kiek\u012f smegenyse, nes slopina serotonino reguliavimo sistemas. \u012esigykite skysto LSD 200 ug &amp; amp; nusileiskite internetu su nuolaida. 200 g skysto LSD kaina LSD LSD teikia pirmenyb\u0119 2A potipiui i\u0161 15 serotonino receptori\u0173, esan\u010di\u0173 smegenyse (5-HT2A). 5-HT2A receptorius dalyvauja prefrontalin\u0117s \u017eiev\u0117s pa\u017einimo procesuose. Tai labai svarbu, nes daugelis LSD privalum\u0173 atsiranda d\u0117l jo dalyvavimo prefrontalin\u0117je \u017eiev\u0117je.<\/p>\n<p>Kaip sintetinamas LSD?<\/p>\n<p>LSD gamybai reikia stipri\u0173 organin\u0117s chemijos \u017eini\u0173, pilnai \u012frengta laboratorija (\u012fskaitant galimyb\u0119 sterilizuoti \u012frang\u0105 ir patekti \u012f tamsi\u0105 patalp\u0105) ir kelios chemin\u0117s med\u017eiagos, kurias \u0161iuo metu draud\u017eiama parduoti arba kurias atid\u017eiai stebi Narkotik\u0173 kontrol\u0117s agent\u016bra (DEA). Skirtingai nuo chemikal\u0173, naudojam\u0173 metamfetaminui gaminti, j\u0173 n\u0117ra \u012fprastai naudojamuose nam\u0173 apyvokos daiktuose.<\/p>\n<p>Manoma, kad prefrontalin\u0117 \u017eiev\u0117 dalyvauja sud\u0117tingame kognityvinio elgesio planavime, asmenyb\u0117s i\u0161rai\u0161koje, sprendim\u0173 pri\u0117mime ir socialinio elgesio reguliavime. . \u012esigykite skysto LSD 200 ug &amp; amp; nusileiskite internetu su nuolaida. Be to, tai labai svarbu \u017emogaus geb\u0117jimui apdoroti duomenis i\u0161 vis\u0173 kit\u0173 smegen\u0173 sistem\u0173 ir d\u0117l to priimti \u012f tiksl\u0105 nukreiptus sprendimus.<\/p>\n<p>Lizergo r\u016bg\u0161ties dietilamidas, da\u017eniau vadinamas LSD, yra psichoaktyvi med\u017eiaga, pakei\u010dia suvokim\u0105 ir sukelia haliucinacijas.<\/p>\n","protected":false},"excerpt":{"rendered":"<p>LSD skystas 200 g la\u0161as parduodamas JK ir Europoje u\u017e geriausi\u0105 rinkos kain\u0105. Visi m\u016bs\u0173 produktai yra pagaminti i\u0161 nat\u016brali\u0173 ingredient\u0173, kuriuose n\u0117ra THC. Pateikite u\u017esakym\u0105 internetu dabar!<\/p>\n<p>Pirkite skyst\u0105 LSD 200 ug &amp; nusileiskite internetu su nuolaida. LSD pirkimas yra paprastas procesas; jis lengvai pasiekiamas internetu Jungtin\u0117se Amerikos Valstijose.<\/p>\n<p>200 g kainuoja &#8211; 350<\/p>\n<p>&nbsp;<\/p>\n<p>&nbsp;<\/p>\n","protected":false},"featured_media":4868,"comment_status":"open","ping_status":"closed","template":"","meta":[],"product_brand":[],"product_cat":[703],"product_tag":[],"class_list":{"0":"post-4854","1":"product","2":"type-product","3":"status-publish","4":"has-post-thumbnail","6":"product_cat-pirkti-psichodelinius-vaistus","8":"first","9":"instock","10":"shipping-taxable","11":"purchasable","12":"product-type-simple"},"yoast_head":"<!-- This site is optimized with the Yoast SEO plugin v27.3 - https:\/\/yoast.com\/product\/yoast-seo-wordpress\/ -->\n<title>Pirkite skyst\u0105 LSD 200 g la\u0161\u0105 \u2013 geriausius pasaulinius vaistus<\/title>\n<meta name=\"description\" content=\"\u012esigykite LSD Liquid 200g drop Jungtin\u0117je Karalyst\u0117je, Europoje pardavimui u\u017e geriausi\u0105 rinkos kain\u0105. Visi m\u016bs\u0173 produktai yra pagaminti i\u0161 gryn\u0173 nat\u016brali\u0173 ingredient\u0173 be THC. U\u017esisakykite internetu dabar!\" \/>\n<meta name=\"robots\" content=\"index, follow, max-snippet:-1, max-image-preview:large, max-video-preview:-1\" \/>\n<link rel=\"canonical\" href=\"https:\/\/medicinasinc.com\/lt\/product\/pirkti-lsd-skystas-200ug-lasas\/\" \/>\n<meta property=\"og:locale\" content=\"en_US\" \/>\n<meta property=\"og:type\" content=\"article\" \/>\n<meta property=\"og:title\" content=\"Pirkite skyst\u0105 LSD 200 g la\u0161\u0105 \u2013 geriausius pasaulinius vaistus\" \/>\n<meta property=\"og:description\" content=\"\u012esigykite LSD Liquid 200g drop Jungtin\u0117je Karalyst\u0117je, Europoje pardavimui u\u017e geriausi\u0105 rinkos kain\u0105. Visi m\u016bs\u0173 produktai yra pagaminti i\u0161 gryn\u0173 nat\u016brali\u0173 ingredient\u0173 be THC. U\u017esisakykite internetu dabar!\" \/>\n<meta property=\"og:url\" content=\"https:\/\/medicinasinc.com\/lt\/product\/pirkti-lsd-skystas-200ug-lasas\/\" \/>\n<meta property=\"og:site_name\" content=\"Medicinas Inc\" \/>\n<meta property=\"article:modified_time\" content=\"2022-03-20T12:32:17+00:00\" \/>\n<meta property=\"og:image\" content=\"https:\/\/medicinasinc.com\/lt\/wp-content\/uploads\/sites\/9\/2022\/02\/Buy-LSD-liquid-200ug-Drop.jpg\" \/>\n\t<meta property=\"og:image:width\" content=\"363\" \/>\n\t<meta property=\"og:image:height\" content=\"445\" \/>\n\t<meta property=\"og:image:type\" content=\"image\/jpeg\" \/>\n<meta name=\"twitter:card\" content=\"summary_large_image\" \/>\n<meta name=\"twitter:label1\" content=\"Est. reading time\" \/>\n\t<meta name=\"twitter:data1\" content=\"2 minutes\" \/>\n<script type=\"application\/ld+json\" class=\"yoast-schema-graph\">{\"@context\":\"https:\\\/\\\/schema.org\",\"@graph\":[{\"@type\":\"WebPage\",\"@id\":\"https:\\\/\\\/medicinasinc.com\\\/lt\\\/product\\\/pirkti-lsd-skystas-200ug-lasas\\\/\",\"url\":\"https:\\\/\\\/medicinasinc.com\\\/lt\\\/product\\\/pirkti-lsd-skystas-200ug-lasas\\\/\",\"name\":\"Pirkite skyst\u0105 LSD 200 g la\u0161\u0105 \u2013 geriausius pasaulinius vaistus\",\"isPartOf\":{\"@id\":\"https:\\\/\\\/medicinasinc.com\\\/lt\\\/#website\"},\"primaryImageOfPage\":{\"@id\":\"https:\\\/\\\/medicinasinc.com\\\/lt\\\/product\\\/pirkti-lsd-skystas-200ug-lasas\\\/#primaryimage\"},\"image\":{\"@id\":\"https:\\\/\\\/medicinasinc.com\\\/lt\\\/product\\\/pirkti-lsd-skystas-200ug-lasas\\\/#primaryimage\"},\"thumbnailUrl\":\"https:\\\/\\\/medicinasinc.com\\\/lt\\\/wp-content\\\/uploads\\\/sites\\\/9\\\/2022\\\/02\\\/Buy-LSD-liquid-200ug-Drop.jpg\",\"datePublished\":\"2022-02-20T16:56:44+00:00\",\"dateModified\":\"2022-03-20T12:32:17+00:00\",\"description\":\"\u012esigykite LSD Liquid 200g drop Jungtin\u0117je Karalyst\u0117je, Europoje pardavimui u\u017e geriausi\u0105 rinkos kain\u0105. Visi m\u016bs\u0173 produktai yra pagaminti i\u0161 gryn\u0173 nat\u016brali\u0173 ingredient\u0173 be THC. U\u017esisakykite internetu dabar!\",\"breadcrumb\":{\"@id\":\"https:\\\/\\\/medicinasinc.com\\\/lt\\\/product\\\/pirkti-lsd-skystas-200ug-lasas\\\/#breadcrumb\"},\"inLanguage\":\"en-US\",\"potentialAction\":[{\"@type\":\"ReadAction\",\"target\":[\"https:\\\/\\\/medicinasinc.com\\\/lt\\\/product\\\/pirkti-lsd-skystas-200ug-lasas\\\/\"]}]},{\"@type\":\"ImageObject\",\"inLanguage\":\"en-US\",\"@id\":\"https:\\\/\\\/medicinasinc.com\\\/lt\\\/product\\\/pirkti-lsd-skystas-200ug-lasas\\\/#primaryimage\",\"url\":\"https:\\\/\\\/medicinasinc.com\\\/lt\\\/wp-content\\\/uploads\\\/sites\\\/9\\\/2022\\\/02\\\/Buy-LSD-liquid-200ug-Drop.jpg\",\"contentUrl\":\"https:\\\/\\\/medicinasinc.com\\\/lt\\\/wp-content\\\/uploads\\\/sites\\\/9\\\/2022\\\/02\\\/Buy-LSD-liquid-200ug-Drop.jpg\",\"width\":363,\"height\":445},{\"@type\":\"BreadcrumbList\",\"@id\":\"https:\\\/\\\/medicinasinc.com\\\/lt\\\/product\\\/pirkti-lsd-skystas-200ug-lasas\\\/#breadcrumb\",\"itemListElement\":[{\"@type\":\"ListItem\",\"position\":1,\"name\":\"Parduotuv\u0117\",\"item\":\"https:\\\/\\\/medicinasinc.com\\\/lt\\\/parduotuve\\\/\"},{\"@type\":\"ListItem\",\"position\":2,\"name\":\"Pirkite LSD skyst\u012f 200g Drop\"}]},{\"@type\":\"WebSite\",\"@id\":\"https:\\\/\\\/medicinasinc.com\\\/lt\\\/#website\",\"url\":\"https:\\\/\\\/medicinasinc.com\\\/lt\\\/\",\"name\":\"Medicinas Inc\",\"description\":\"Sveikatos medicinos klinika\",\"potentialAction\":[{\"@type\":\"SearchAction\",\"target\":{\"@type\":\"EntryPoint\",\"urlTemplate\":\"https:\\\/\\\/medicinasinc.com\\\/lt\\\/?s={search_term_string}\"},\"query-input\":{\"@type\":\"PropertyValueSpecification\",\"valueRequired\":true,\"valueName\":\"search_term_string\"}}],\"inLanguage\":\"en-US\"}]}<\/script>\n<!-- \/ Yoast SEO plugin. -->","yoast_head_json":{"title":"Pirkite skyst\u0105 LSD 200 g la\u0161\u0105 \u2013 geriausius pasaulinius vaistus","description":"\u012esigykite LSD Liquid 200g drop Jungtin\u0117je Karalyst\u0117je, Europoje pardavimui u\u017e geriausi\u0105 rinkos kain\u0105. Visi m\u016bs\u0173 produktai yra pagaminti i\u0161 gryn\u0173 nat\u016brali\u0173 ingredient\u0173 be THC. U\u017esisakykite internetu dabar!","robots":{"index":"index","follow":"follow","max-snippet":"max-snippet:-1","max-image-preview":"max-image-preview:large","max-video-preview":"max-video-preview:-1"},"canonical":"https:\/\/medicinasinc.com\/lt\/product\/pirkti-lsd-skystas-200ug-lasas\/","og_locale":"en_US","og_type":"article","og_title":"Pirkite skyst\u0105 LSD 200 g la\u0161\u0105 \u2013 geriausius pasaulinius vaistus","og_description":"\u012esigykite LSD Liquid 200g drop Jungtin\u0117je Karalyst\u0117je, Europoje pardavimui u\u017e geriausi\u0105 rinkos kain\u0105. Visi m\u016bs\u0173 produktai yra pagaminti i\u0161 gryn\u0173 nat\u016brali\u0173 ingredient\u0173 be THC. U\u017esisakykite internetu dabar!","og_url":"https:\/\/medicinasinc.com\/lt\/product\/pirkti-lsd-skystas-200ug-lasas\/","og_site_name":"Medicinas Inc","article_modified_time":"2022-03-20T12:32:17+00:00","og_image":[{"width":363,"height":445,"url":"https:\/\/medicinasinc.com\/lt\/wp-content\/uploads\/sites\/9\/2022\/02\/Buy-LSD-liquid-200ug-Drop.jpg","type":"image\/jpeg"}],"twitter_card":"summary_large_image","twitter_misc":{"Est. reading time":"2 minutes"},"schema":{"@context":"https:\/\/schema.org","@graph":[{"@type":"WebPage","@id":"https:\/\/medicinasinc.com\/lt\/product\/pirkti-lsd-skystas-200ug-lasas\/","url":"https:\/\/medicinasinc.com\/lt\/product\/pirkti-lsd-skystas-200ug-lasas\/","name":"Pirkite skyst\u0105 LSD 200 g la\u0161\u0105 \u2013 geriausius pasaulinius vaistus","isPartOf":{"@id":"https:\/\/medicinasinc.com\/lt\/#website"},"primaryImageOfPage":{"@id":"https:\/\/medicinasinc.com\/lt\/product\/pirkti-lsd-skystas-200ug-lasas\/#primaryimage"},"image":{"@id":"https:\/\/medicinasinc.com\/lt\/product\/pirkti-lsd-skystas-200ug-lasas\/#primaryimage"},"thumbnailUrl":"https:\/\/medicinasinc.com\/lt\/wp-content\/uploads\/sites\/9\/2022\/02\/Buy-LSD-liquid-200ug-Drop.jpg","datePublished":"2022-02-20T16:56:44+00:00","dateModified":"2022-03-20T12:32:17+00:00","description":"\u012esigykite LSD Liquid 200g drop Jungtin\u0117je Karalyst\u0117je, Europoje pardavimui u\u017e geriausi\u0105 rinkos kain\u0105. Visi m\u016bs\u0173 produktai yra pagaminti i\u0161 gryn\u0173 nat\u016brali\u0173 ingredient\u0173 be THC. U\u017esisakykite internetu dabar!","breadcrumb":{"@id":"https:\/\/medicinasinc.com\/lt\/product\/pirkti-lsd-skystas-200ug-lasas\/#breadcrumb"},"inLanguage":"en-US","potentialAction":[{"@type":"ReadAction","target":["https:\/\/medicinasinc.com\/lt\/product\/pirkti-lsd-skystas-200ug-lasas\/"]}]},{"@type":"ImageObject","inLanguage":"en-US","@id":"https:\/\/medicinasinc.com\/lt\/product\/pirkti-lsd-skystas-200ug-lasas\/#primaryimage","url":"https:\/\/medicinasinc.com\/lt\/wp-content\/uploads\/sites\/9\/2022\/02\/Buy-LSD-liquid-200ug-Drop.jpg","contentUrl":"https:\/\/medicinasinc.com\/lt\/wp-content\/uploads\/sites\/9\/2022\/02\/Buy-LSD-liquid-200ug-Drop.jpg","width":363,"height":445},{"@type":"BreadcrumbList","@id":"https:\/\/medicinasinc.com\/lt\/product\/pirkti-lsd-skystas-200ug-lasas\/#breadcrumb","itemListElement":[{"@type":"ListItem","position":1,"name":"Parduotuv\u0117","item":"https:\/\/medicinasinc.com\/lt\/parduotuve\/"},{"@type":"ListItem","position":2,"name":"Pirkite LSD skyst\u012f 200g Drop"}]},{"@type":"WebSite","@id":"https:\/\/medicinasinc.com\/lt\/#website","url":"https:\/\/medicinasinc.com\/lt\/","name":"Medicinas Inc","description":"Sveikatos medicinos klinika","potentialAction":[{"@type":"SearchAction","target":{"@type":"EntryPoint","urlTemplate":"https:\/\/medicinasinc.com\/lt\/?s={search_term_string}"},"query-input":{"@type":"PropertyValueSpecification","valueRequired":true,"valueName":"search_term_string"}}],"inLanguage":"en-US"}]}},"_links":{"self":[{"href":"https:\/\/medicinasinc.com\/lt\/wp-json\/wp\/v2\/product\/4854","targetHints":{"allow":["GET"]}}],"collection":[{"href":"https:\/\/medicinasinc.com\/lt\/wp-json\/wp\/v2\/product"}],"about":[{"href":"https:\/\/medicinasinc.com\/lt\/wp-json\/wp\/v2\/types\/product"}],"replies":[{"embeddable":true,"href":"https:\/\/medicinasinc.com\/lt\/wp-json\/wp\/v2\/comments?post=4854"}],"wp:featuredmedia":[{"embeddable":true,"href":"https:\/\/medicinasinc.com\/lt\/wp-json\/wp\/v2\/media\/4868"}],"wp:attachment":[{"href":"https:\/\/medicinasinc.com\/lt\/wp-json\/wp\/v2\/media?parent=4854"}],"wp:term":[{"taxonomy":"product_brand","embeddable":true,"href":"https:\/\/medicinasinc.com\/lt\/wp-json\/wp\/v2\/product_brand?post=4854"},{"taxonomy":"product_cat","embeddable":true,"href":"https:\/\/medicinasinc.com\/lt\/wp-json\/wp\/v2\/product_cat?post=4854"},{"taxonomy":"product_tag","embeddable":true,"href":"https:\/\/medicinasinc.com\/lt\/wp-json\/wp\/v2\/product_tag?post=4854"}],"curies":[{"name":"wp","href":"https:\/\/api.w.org\/{rel}","templated":true}]}}