{"id":4849,"date":"2022-02-20T16:51:26","date_gmt":"2022-02-20T16:51:26","guid":{"rendered":"https:\/\/medicinasinc.com\/lt\/?post_type=product&#038;p=4849"},"modified":"2022-03-20T12:32:30","modified_gmt":"2022-03-20T12:32:30","slug":"pirkti-ibogaine-milteliai","status":"publish","type":"product","link":"https:\/\/medicinasinc.com\/lt\/product\/pirkti-ibogaine-milteliai\/","title":{"rendered":"Pirkite Ibogaine miltelius"},"content":{"rendered":"<p>Ibogaino hidrochloridas<\/p>\n<p>Ibogaino HCL yra nat\u016braliai atsirandanti psichoaktyvi med\u017eiaga, randama augaluose, priklausan\u010diuose Apocynaceae \u0161eimai, \u012fskaitant Tabernanthe iboga, Voacanga africana ir Tabernaemontana undulata.<\/p>\n<p>Tai yra disociatyvi psichodelin\u0117. Preliminar\u016bs tyrimai rodo, kad tai gali b\u016bti naudinga gydant priklausomyb\u0119 nuo narkotik\u0173. Ibogaine galima \u012fsigyti. Ibogaine HCL galima \u012fsigyti internetu. Ibogaino hidrochlorido milteliai. Ibogaino galima \u012fsigyti internetu.<\/p>\n<p>Be to, nuo 2016 m. yra daugyb\u0117 ibogaino form\u0173, pradedant nuo \u0161akn\u0173 milteli\u0173, kuriuose yra labai ma\u017eai ibogaino ir kuri\u0173 poveikis opioid\u0173 ma\u017einimui yra labai ma\u017eas. abstinencijos simptomai, iki labai i\u0161gryninto, 99,7 proc. gryno Ibogaine HCL. Ibogaino HCL parduodamas internetu<\/p>\n<p>Ibogaino hidrochloridas parduodamas<\/p>\n<p>I\u0161 prad\u017ei\u0173 naudojame 99,7 % gryno farmacinio laipsnio Ibogaino HCL \u201eMeds Consulting\u201c ibogaino gydymo centre. Nenaudojame nebrangaus pusiau sintetinio ibogaino, gauto i\u0161 Voacanga africana, taip pat nenaudojame TA (bendras alkaloidas) ar PTA (i\u0161grynintas bendras alkaloidas) ekstrakt\u0173. \u201eIbogaine\u201c galima \u012fsigyti internetu.<\/p>\n<p>M\u016bs\u0173 \u017ealiavos kilusios i\u0161 Kamer\u016bno (ne Gabono) per \u016bkinink\u0173 kooperatyv\u0105, kuris nuo de\u0161imtojo de\u0161imtme\u010dio vidurio augina TA iboga m\u016bs\u0173 reikm\u0117ms, naudodamas ekologi\u0161k\u0105, tvar\u0173 \u017eem\u0117s \u016bk\u012f. praktikos. Nenaudojame med\u017eiag\u0173 i\u0161 juod\u0173j\u0173 ar pilk\u0173j\u0173 rink\u0173, kuri\u0173 kilm\u0117 ar grynumas ne\u017einomos. Ibogaino HCL galima \u012fsigyti internetu.<\/p>\n<p>M\u016bs\u0173 ibogaino hidrochloridas buvo pagamintas cGMP atitinkan\u010dioje laboratorijoje, atitinkan\u010dioje visas USFDA gaires. \u201eMeds Consulting\u201c naudoja gryniausi\u0105 \u201eIbogaine\u201c HCL, kur\u012f galima gauti naudojant nat\u016brali\u0173 produkt\u0173 chemij\u0105; M\u016bs\u0173 med\u017eiagos yra sertifikuotos 99,7 % grynumo, naudojant HPLC test\u0105.<\/p>\n<p>Ibogaine psichoaktyvios savyb\u0117s<\/p>\n<p>I\u0161 prad\u017ei\u0173, Ibogaine psichoaktyvios savyb\u0117s sukuria patobulint\u0105 dvasin\u0119 patirt\u012f. Pacientas \u012fgyja gili\u0105 \u012f\u017evalg\u0105, kuri suteikia ai\u0161kumo apie savo gyvenim\u0105 ir motyvuoja imtis psichologini\u0173 poky\u010di\u0173 ir gyventi be narkotik\u0173. \u201eIbogaine\u201c galima \u012fsigyti.<\/p>\n<p>Remiantis tyrimais, \u201eIbogaine\u201c turi didel\u012f potencial\u0105 gydyti priklausomybes nuo sunki\u0173 narkotik\u0173, toki\u0173 kaip heroinas, metadonas, kokainas, krekas ir alkoholis. Be to, yra \u012frodym\u0173, kad tai naudinga gydant priklausomyb\u0119 nuo tabako. \u201eIbogaine\u201c galima \u012fsigyti internetu.<\/p>\n<p>Be to, \u201eIbogaine\u201c suteikia psichoterapijos ir dvasinio mokytojo galimybi\u0173. Be to, Ibogaine gali b\u016bti naudojamas psichoterapijoje traum\u0173 ar kondicionavimo padariniams gydyti. Galima \u012fsigyti ibogaino.<\/p>\n<p>Ar terapija veiksminga ir saugi?<\/p>\n<p>Asmenys retkar\u010diais ie\u0161ko parduodamo ibogaino, tik\u0117damiesi, kad jiems bus taikomas gydymas ibogainu nuo priklausomyb\u0117s nuo opiat\u0173. Ta\u010diau, kaip ir bet koks gydymas, ibogaino terapija negarantuoja s\u0117km\u0117s. Geriausi ibogaino hidrochlorido milteliai<\/p>\n<p>Be to, ibogaino HCL terapija gali b\u016bti naudojama siekiant pad\u0117ti asmeniui \u012fveikti priklausomyb\u0119 nuo opiat\u0173. Ibogaino galima \u012fsigyti.<\/p>\n<p>Be to, ibogainas padeda atkurti chemini\u0173 med\u017eiag\u0173 kiek\u012f smegenyse, ta\u010diau smegenys gana greitai tampa fizi\u0161kai priklausomos nuo ibogaino. Taigi, jei asmuo i\u0161 karto suvartoja per daug ibogaino, jis gali patirti mirtin\u0105 perdozavim\u0105. Ibogaine galima \u012fsigyti internetu.<\/p>\n<p>Ne visi ibogaine yra vienodi. \u012evairios med\u017eiagos gali tur\u0117ti labai skirting\u0105 poveik\u012f. M\u016bs\u0173 ibogainas yra identi\u0161kas naudotam visose iki \u0161iol recenzuojamuose \u017eurnaluose paskelbtose monografijose, o tai rodo tariam\u0105 ibogaino geb\u0117jim\u0105 palengvinti abstinencijos simptomus, susijusius su piktnaud\u017eiavimo \u012fvairiomis med\u017eiagomis sutrikimais. Ibogaino galima \u012fsigyti internetu.<\/p>\n<p>Mes teikiame saugiausi\u0105 ir veiksmingiausi\u0105 pasaulyje ibogaino detoksikacijos program\u0105, kurioje naudojamas tyriausias planetoje turimas ibogaino hidrochloridas. Ibogaino hidrochlorido milteliai.<\/p>\n","protected":false},"excerpt":{"rendered":"<div class=\"woocommerce-product-details__short-description\">\n<p>Pirkite Ibogaine miltelius i\u0161 Afrikos Jungtin\u0117je Karalyst\u0117je, Europoje, pardavimui i\u0161 geriausios svetain\u0117s, o Ibogaine parduokite internetu. Gaukite Iboga \u0161akn\u0173 \u017eieves, Ibogaine hcl, Iboga TA, Ibogaine kapsul\u0119 ir voacanga i\u0161 get ibogaine.<\/p>\n<p>Ibogaine HCL (hidrochloridas) yra i\u0161skirtas i\u0161 m\u016bs\u0173 Iboga TA ekstrakto ir yra ~95\u201399 % grynas Ibogaine HCL.<\/p>\n<\/p><\/div>\n","protected":false},"featured_media":4862,"comment_status":"open","ping_status":"closed","template":"","meta":[],"product_brand":[],"product_cat":[703],"product_tag":[725,728,729,730,731,733,735,739,740,741,726,727,743,734,736,738,737,732,744,742],"class_list":{"0":"post-4849","1":"product","2":"type-product","3":"status-publish","4":"has-post-thumbnail","6":"product_cat-pirkti-psichodelinius-vaistus","7":"product_tag-bois-sacre","8":"product_tag-buy-iboga-root-bark","9":"product_tag-buy-iboga-root-bark-chips","10":"product_tag-buy-iboga-root-bark-online","11":"product_tag-buy-ibogaine","12":"product_tag-eboka","13":"product_tag-iboga-powder","14":"product_tag-iboga-root-bark-for-sale","15":"product_tag-iboga-root-bark-for-sale-online","16":"product_tag-ibogaine-for-sale","17":"product_tag-pirk-iboga","18":"product_tag-pirkti-iboga-root-back","19":"product_tag-gryna-iboga-milteliai-parduodami","20":"product_tag-iboga-parduodamas","21":"product_tag-iboga-root-back-parduodamas","22":"product_tag-parduodama-iboga-c5-a1akn-c5-b3-c5-beiev-c4-97","23":"product_tag-parduodu-iboga-root-bark-chips","24":"product_tag-pirkti-ibogaine-internetu","25":"product_tag-tabernanthe-iboga","26":"product_tag-u-c5-besisakyti-iboga-internete","28":"first","29":"instock","30":"shipping-taxable","31":"purchasable","32":"product-type-variable","33":"has-default-attributes"},"yoast_head":"<!-- This site is optimized with the Yoast SEO plugin v27.3 - https:\/\/yoast.com\/product\/yoast-seo-wordpress\/ -->\n<title>Pirkite Ibogaine miltelius \u2013 Iboga pardavimui \u2013 geriausi pasaulyje vaistai<\/title>\n<meta name=\"description\" content=\"Pirkite Ibogaine miltelius i\u0161 Afrikos Jungtin\u0117je Karalyst\u0117je, Europoje pardavimui i\u0161 geriausios svetain\u0117s, Ibogaine pardavimui internetu. Gaukite Iboga \u0161akn\u0173 \u017eiev\u0117s, Ibogaine hcl, Iboga TA, Ibogaine kapsul\u0119 ir voacanga i\u0161 get ibogaine.\" \/>\n<meta name=\"robots\" content=\"index, follow, max-snippet:-1, max-image-preview:large, max-video-preview:-1\" \/>\n<link rel=\"canonical\" href=\"https:\/\/medicinasinc.com\/lt\/product\/pirkti-ibogaine-milteliai\/\" \/>\n<meta property=\"og:locale\" content=\"en_US\" \/>\n<meta property=\"og:type\" content=\"article\" \/>\n<meta property=\"og:title\" content=\"Pirkite Ibogaine miltelius \u2013 Iboga pardavimui \u2013 geriausi pasaulyje vaistai\" \/>\n<meta property=\"og:description\" content=\"Pirkite Ibogaine miltelius i\u0161 Afrikos Jungtin\u0117je Karalyst\u0117je, Europoje pardavimui i\u0161 geriausios svetain\u0117s, Ibogaine pardavimui internetu. Gaukite Iboga \u0161akn\u0173 \u017eiev\u0117s, Ibogaine hcl, Iboga TA, Ibogaine kapsul\u0119 ir voacanga i\u0161 get ibogaine.\" \/>\n<meta property=\"og:url\" content=\"https:\/\/medicinasinc.com\/lt\/product\/pirkti-ibogaine-milteliai\/\" \/>\n<meta property=\"og:site_name\" content=\"Medicinas Inc\" \/>\n<meta property=\"article:modified_time\" content=\"2022-03-20T12:32:30+00:00\" \/>\n<meta property=\"og:image\" content=\"https:\/\/medicinasinc.com\/lt\/wp-content\/uploads\/sites\/9\/2022\/02\/Buy-Ibogaine-Powder.webp\" \/>\n\t<meta property=\"og:image:width\" content=\"400\" \/>\n\t<meta property=\"og:image:height\" content=\"533\" \/>\n\t<meta property=\"og:image:type\" content=\"image\/webp\" \/>\n<meta name=\"twitter:card\" content=\"summary_large_image\" \/>\n<meta name=\"twitter:label1\" content=\"Est. reading time\" \/>\n\t<meta name=\"twitter:data1\" content=\"3 minutes\" \/>\n<script type=\"application\/ld+json\" class=\"yoast-schema-graph\">{\"@context\":\"https:\\\/\\\/schema.org\",\"@graph\":[{\"@type\":\"WebPage\",\"@id\":\"https:\\\/\\\/medicinasinc.com\\\/lt\\\/product\\\/pirkti-ibogaine-milteliai\\\/\",\"url\":\"https:\\\/\\\/medicinasinc.com\\\/lt\\\/product\\\/pirkti-ibogaine-milteliai\\\/\",\"name\":\"Pirkite Ibogaine miltelius \u2013 Iboga pardavimui \u2013 geriausi pasaulyje vaistai\",\"isPartOf\":{\"@id\":\"https:\\\/\\\/medicinasinc.com\\\/lt\\\/#website\"},\"primaryImageOfPage\":{\"@id\":\"https:\\\/\\\/medicinasinc.com\\\/lt\\\/product\\\/pirkti-ibogaine-milteliai\\\/#primaryimage\"},\"image\":{\"@id\":\"https:\\\/\\\/medicinasinc.com\\\/lt\\\/product\\\/pirkti-ibogaine-milteliai\\\/#primaryimage\"},\"thumbnailUrl\":\"https:\\\/\\\/medicinasinc.com\\\/lt\\\/wp-content\\\/uploads\\\/sites\\\/9\\\/2022\\\/02\\\/Buy-Ibogaine-Powder.webp\",\"datePublished\":\"2022-02-20T16:51:26+00:00\",\"dateModified\":\"2022-03-20T12:32:30+00:00\",\"description\":\"Pirkite Ibogaine miltelius i\u0161 Afrikos Jungtin\u0117je Karalyst\u0117je, Europoje pardavimui i\u0161 geriausios svetain\u0117s, Ibogaine pardavimui internetu. Gaukite Iboga \u0161akn\u0173 \u017eiev\u0117s, Ibogaine hcl, Iboga TA, Ibogaine kapsul\u0119 ir voacanga i\u0161 get ibogaine.\",\"breadcrumb\":{\"@id\":\"https:\\\/\\\/medicinasinc.com\\\/lt\\\/product\\\/pirkti-ibogaine-milteliai\\\/#breadcrumb\"},\"inLanguage\":\"en-US\",\"potentialAction\":[{\"@type\":\"ReadAction\",\"target\":[\"https:\\\/\\\/medicinasinc.com\\\/lt\\\/product\\\/pirkti-ibogaine-milteliai\\\/\"]}]},{\"@type\":\"ImageObject\",\"inLanguage\":\"en-US\",\"@id\":\"https:\\\/\\\/medicinasinc.com\\\/lt\\\/product\\\/pirkti-ibogaine-milteliai\\\/#primaryimage\",\"url\":\"https:\\\/\\\/medicinasinc.com\\\/lt\\\/wp-content\\\/uploads\\\/sites\\\/9\\\/2022\\\/02\\\/Buy-Ibogaine-Powder.webp\",\"contentUrl\":\"https:\\\/\\\/medicinasinc.com\\\/lt\\\/wp-content\\\/uploads\\\/sites\\\/9\\\/2022\\\/02\\\/Buy-Ibogaine-Powder.webp\",\"width\":400,\"height\":533},{\"@type\":\"BreadcrumbList\",\"@id\":\"https:\\\/\\\/medicinasinc.com\\\/lt\\\/product\\\/pirkti-ibogaine-milteliai\\\/#breadcrumb\",\"itemListElement\":[{\"@type\":\"ListItem\",\"position\":1,\"name\":\"Parduotuv\u0117\",\"item\":\"https:\\\/\\\/medicinasinc.com\\\/lt\\\/parduotuve\\\/\"},{\"@type\":\"ListItem\",\"position\":2,\"name\":\"Pirkite Ibogaine miltelius\"}]},{\"@type\":\"WebSite\",\"@id\":\"https:\\\/\\\/medicinasinc.com\\\/lt\\\/#website\",\"url\":\"https:\\\/\\\/medicinasinc.com\\\/lt\\\/\",\"name\":\"Medicinas Inc\",\"description\":\"Sveikatos medicinos klinika\",\"potentialAction\":[{\"@type\":\"SearchAction\",\"target\":{\"@type\":\"EntryPoint\",\"urlTemplate\":\"https:\\\/\\\/medicinasinc.com\\\/lt\\\/?s={search_term_string}\"},\"query-input\":{\"@type\":\"PropertyValueSpecification\",\"valueRequired\":true,\"valueName\":\"search_term_string\"}}],\"inLanguage\":\"en-US\"}]}<\/script>\n<!-- \/ Yoast SEO plugin. -->","yoast_head_json":{"title":"Pirkite Ibogaine miltelius \u2013 Iboga pardavimui \u2013 geriausi pasaulyje vaistai","description":"Pirkite Ibogaine miltelius i\u0161 Afrikos Jungtin\u0117je Karalyst\u0117je, Europoje pardavimui i\u0161 geriausios svetain\u0117s, Ibogaine pardavimui internetu. Gaukite Iboga \u0161akn\u0173 \u017eiev\u0117s, Ibogaine hcl, Iboga TA, Ibogaine kapsul\u0119 ir voacanga i\u0161 get ibogaine.","robots":{"index":"index","follow":"follow","max-snippet":"max-snippet:-1","max-image-preview":"max-image-preview:large","max-video-preview":"max-video-preview:-1"},"canonical":"https:\/\/medicinasinc.com\/lt\/product\/pirkti-ibogaine-milteliai\/","og_locale":"en_US","og_type":"article","og_title":"Pirkite Ibogaine miltelius \u2013 Iboga pardavimui \u2013 geriausi pasaulyje vaistai","og_description":"Pirkite Ibogaine miltelius i\u0161 Afrikos Jungtin\u0117je Karalyst\u0117je, Europoje pardavimui i\u0161 geriausios svetain\u0117s, Ibogaine pardavimui internetu. Gaukite Iboga \u0161akn\u0173 \u017eiev\u0117s, Ibogaine hcl, Iboga TA, Ibogaine kapsul\u0119 ir voacanga i\u0161 get ibogaine.","og_url":"https:\/\/medicinasinc.com\/lt\/product\/pirkti-ibogaine-milteliai\/","og_site_name":"Medicinas Inc","article_modified_time":"2022-03-20T12:32:30+00:00","og_image":[{"width":400,"height":533,"url":"https:\/\/medicinasinc.com\/lt\/wp-content\/uploads\/sites\/9\/2022\/02\/Buy-Ibogaine-Powder.webp","type":"image\/webp"}],"twitter_card":"summary_large_image","twitter_misc":{"Est. reading time":"3 minutes"},"schema":{"@context":"https:\/\/schema.org","@graph":[{"@type":"WebPage","@id":"https:\/\/medicinasinc.com\/lt\/product\/pirkti-ibogaine-milteliai\/","url":"https:\/\/medicinasinc.com\/lt\/product\/pirkti-ibogaine-milteliai\/","name":"Pirkite Ibogaine miltelius \u2013 Iboga pardavimui \u2013 geriausi pasaulyje vaistai","isPartOf":{"@id":"https:\/\/medicinasinc.com\/lt\/#website"},"primaryImageOfPage":{"@id":"https:\/\/medicinasinc.com\/lt\/product\/pirkti-ibogaine-milteliai\/#primaryimage"},"image":{"@id":"https:\/\/medicinasinc.com\/lt\/product\/pirkti-ibogaine-milteliai\/#primaryimage"},"thumbnailUrl":"https:\/\/medicinasinc.com\/lt\/wp-content\/uploads\/sites\/9\/2022\/02\/Buy-Ibogaine-Powder.webp","datePublished":"2022-02-20T16:51:26+00:00","dateModified":"2022-03-20T12:32:30+00:00","description":"Pirkite Ibogaine miltelius i\u0161 Afrikos Jungtin\u0117je Karalyst\u0117je, Europoje pardavimui i\u0161 geriausios svetain\u0117s, Ibogaine pardavimui internetu. Gaukite Iboga \u0161akn\u0173 \u017eiev\u0117s, Ibogaine hcl, Iboga TA, Ibogaine kapsul\u0119 ir voacanga i\u0161 get ibogaine.","breadcrumb":{"@id":"https:\/\/medicinasinc.com\/lt\/product\/pirkti-ibogaine-milteliai\/#breadcrumb"},"inLanguage":"en-US","potentialAction":[{"@type":"ReadAction","target":["https:\/\/medicinasinc.com\/lt\/product\/pirkti-ibogaine-milteliai\/"]}]},{"@type":"ImageObject","inLanguage":"en-US","@id":"https:\/\/medicinasinc.com\/lt\/product\/pirkti-ibogaine-milteliai\/#primaryimage","url":"https:\/\/medicinasinc.com\/lt\/wp-content\/uploads\/sites\/9\/2022\/02\/Buy-Ibogaine-Powder.webp","contentUrl":"https:\/\/medicinasinc.com\/lt\/wp-content\/uploads\/sites\/9\/2022\/02\/Buy-Ibogaine-Powder.webp","width":400,"height":533},{"@type":"BreadcrumbList","@id":"https:\/\/medicinasinc.com\/lt\/product\/pirkti-ibogaine-milteliai\/#breadcrumb","itemListElement":[{"@type":"ListItem","position":1,"name":"Parduotuv\u0117","item":"https:\/\/medicinasinc.com\/lt\/parduotuve\/"},{"@type":"ListItem","position":2,"name":"Pirkite Ibogaine miltelius"}]},{"@type":"WebSite","@id":"https:\/\/medicinasinc.com\/lt\/#website","url":"https:\/\/medicinasinc.com\/lt\/","name":"Medicinas Inc","description":"Sveikatos medicinos klinika","potentialAction":[{"@type":"SearchAction","target":{"@type":"EntryPoint","urlTemplate":"https:\/\/medicinasinc.com\/lt\/?s={search_term_string}"},"query-input":{"@type":"PropertyValueSpecification","valueRequired":true,"valueName":"search_term_string"}}],"inLanguage":"en-US"}]}},"_links":{"self":[{"href":"https:\/\/medicinasinc.com\/lt\/wp-json\/wp\/v2\/product\/4849","targetHints":{"allow":["GET"]}}],"collection":[{"href":"https:\/\/medicinasinc.com\/lt\/wp-json\/wp\/v2\/product"}],"about":[{"href":"https:\/\/medicinasinc.com\/lt\/wp-json\/wp\/v2\/types\/product"}],"replies":[{"embeddable":true,"href":"https:\/\/medicinasinc.com\/lt\/wp-json\/wp\/v2\/comments?post=4849"}],"wp:featuredmedia":[{"embeddable":true,"href":"https:\/\/medicinasinc.com\/lt\/wp-json\/wp\/v2\/media\/4862"}],"wp:attachment":[{"href":"https:\/\/medicinasinc.com\/lt\/wp-json\/wp\/v2\/media?parent=4849"}],"wp:term":[{"taxonomy":"product_brand","embeddable":true,"href":"https:\/\/medicinasinc.com\/lt\/wp-json\/wp\/v2\/product_brand?post=4849"},{"taxonomy":"product_cat","embeddable":true,"href":"https:\/\/medicinasinc.com\/lt\/wp-json\/wp\/v2\/product_cat?post=4849"},{"taxonomy":"product_tag","embeddable":true,"href":"https:\/\/medicinasinc.com\/lt\/wp-json\/wp\/v2\/product_tag?post=4849"}],"curies":[{"name":"wp","href":"https:\/\/api.w.org\/{rel}","templated":true}]}}