{"id":4848,"date":"2022-02-20T16:50:30","date_gmt":"2022-02-20T16:50:30","guid":{"rendered":"https:\/\/medicinasinc.com\/lt\/?post_type=product&#038;p=4848"},"modified":"2022-03-20T12:32:39","modified_gmt":"2022-03-20T12:32:39","slug":"pirkti-ketamino-milteliai","status":"publish","type":"product","link":"https:\/\/medicinasinc.com\/lt\/product\/pirkti-ketamino-milteliai\/","title":{"rendered":"Pirkite ketamino miltelius"},"content":{"rendered":"<p>Ketamino miltelius galima \u012fsigyti internetu.<\/p>\n<p>Pirkite ketamino miltelius pooperaciniam skausmui mal\u0161inti<br \/> Pooperacinis skausmas atsiranda po didel\u0117s operacijos, apiman\u010dios pj\u016bv\u012f ir skiepijim\u0105. Jis gali i\u0161likti nuo dviej\u0173 iki penki\u0173 dien\u0173, tod\u0117l norint j\u012f i\u0161naikinti, b\u016btina tinkamai valdyti. Nepakankama kontrol\u0117 gali sukelti nejudrum\u0105, sunkesn\u012f laiko atgavim\u0105 ir u\u017edelst\u0105 atsigavim\u0105. Tikslas yra suma\u017einti diskomfort\u0105 su kuo ma\u017eiau \u0161alutini\u0173 poveiki\u0173. Nepaisant daugelio met\u0173 pa\u017eangos skausmo valdymo srityje, pagrindinis pooperacinio gydymo b\u016bdas i\u0161lieka anestetikai, tokie kaip ketamino milteliai, parduodami. Jie jungiasi prie centrin\u0117s nerv\u0173 sistemos receptori\u0173 ir slopina skausmo signal\u0173 perdavim\u0105. Jis greitai pradeda veikti ir veikia vien\u0105 valand\u0105. Asmenys, atsakingi u\u017e vaist\u0173 skyrim\u0105, tur\u0117t\u0173 u\u017etikrinti, kad neb\u016bt\u0173 mirtin\u0173 s\u0105veik\u0173.<\/p>\n<p>Geriausi pasauliniai vaistai \u2013 vienintelis prieinam\u0173 ketamino milteli\u0173 \u0161altinis<br \/> Dabar galima \u012fsigyti daugyb\u0119 \u012fvairi\u0173 receptini\u0173 vaist\u0173 nejudindami colio atstumu nuo vietos. \u201eBest Global Meds\u201c galite u\u017esisakyti ketamino milteli\u0173 patogiai namuose ar biure. Stengiam\u0117s, kad apsipirkimas internetu m\u016bs\u0173 klientams b\u016bt\u0173 paprastas ir saugus. \u0160tai kod\u0117l mes priimame \u012fvairius mok\u0117jimo b\u016bdus, \u012fskaitant kriptovaliut\u0105, ir apsaugome j\u016bs\u0173 kredito kortel\u0117s informacij\u0105 kredito kortel\u0117s \u0161ifravimu. Be to, siuntimo proced\u016bra yra nerizikinga. Dirbame su patikimomis ve\u017e\u0117j\u0173 tarnybomis, siekdami apsaugoti j\u016bs\u0173 vaistus ir i\u0161si\u0173sti juos tiesiai \u012f namus.<\/p>\n<p>Jei turite klausim\u0173 apie mus ar m\u016bs\u0173 produktus, susisiekite su vienu i\u0161 m\u016bs\u0173 vadov\u0173. Mielai atsakysime \u012f visus jums r\u016bpimus klausimus!<\/p>\n","protected":false},"excerpt":{"rendered":"<div class=\"woocommerce-product-details__short-description\">\n<p>Pirkite ketamino miltelius Pristatymas \u012f Europos S\u0105jung\u0105, mok\u0117jimas per Bitcoin. Ketamino milteliai su nuolaida &#8211; pirkti moksliniams tyrimams skirt\u0173 chemini\u0173 med\u017eiag\u0173 Europoje. Did\u017eiausias Europos ketamino milteli\u0173 ma\u017emenininkas.<\/p>\n<p>Ketamino milteli\u0173 galima \u012fsigyti internetu. \u012esigykite ketamino HCL miltelius internetu \u2013 \u012esigykite ketamino miltelius internetu \u2013 U\u017esisakykite ketamino miltelius<\/p>\n<\/p><\/div>\n","protected":false},"featured_media":4860,"comment_status":"open","ping_status":"closed","template":"","meta":[],"product_brand":[],"product_cat":[703],"product_tag":[],"class_list":{"0":"post-4848","1":"product","2":"type-product","3":"status-publish","4":"has-post-thumbnail","6":"product_cat-pirkti-psichodelinius-vaistus","8":"first","9":"instock","10":"shipping-taxable","11":"purchasable","12":"product-type-variable","13":"has-default-attributes"},"yoast_head":"<!-- This site is optimized with the Yoast SEO plugin v27.3 - https:\/\/yoast.com\/product\/yoast-seo-wordpress\/ -->\n<title>Pirkite ketamino miltelius \u2013 Ketamino i\u0161pardavimas Europoje \u2013 geriausi pasaulyje vaistai<\/title>\n<meta name=\"description\" content=\"Pirkite ketamino miltelius pardavimui Siuntimas \u012f ES, mok\u0117jimas Bitcoin. Pigus ketamino milteli\u0173 tiek\u0117jas \u2013 pirkite tyrimams skirtus chemikalus Europoje. Ketamino milteli\u0173 parduotuv\u0117 Europoje.\" \/>\n<meta name=\"robots\" content=\"index, follow, max-snippet:-1, max-image-preview:large, max-video-preview:-1\" \/>\n<link rel=\"canonical\" href=\"https:\/\/medicinasinc.com\/lt\/product\/pirkti-ketamino-milteliai\/\" \/>\n<meta property=\"og:locale\" content=\"en_US\" \/>\n<meta property=\"og:type\" content=\"article\" \/>\n<meta property=\"og:title\" content=\"Pirkite ketamino miltelius \u2013 Ketamino i\u0161pardavimas Europoje \u2013 geriausi pasaulyje vaistai\" \/>\n<meta property=\"og:description\" content=\"Pirkite ketamino miltelius pardavimui Siuntimas \u012f ES, mok\u0117jimas Bitcoin. Pigus ketamino milteli\u0173 tiek\u0117jas \u2013 pirkite tyrimams skirtus chemikalus Europoje. Ketamino milteli\u0173 parduotuv\u0117 Europoje.\" \/>\n<meta property=\"og:url\" content=\"https:\/\/medicinasinc.com\/lt\/product\/pirkti-ketamino-milteliai\/\" \/>\n<meta property=\"og:site_name\" content=\"Medicinas Inc\" \/>\n<meta property=\"article:modified_time\" content=\"2022-03-20T12:32:39+00:00\" \/>\n<meta property=\"og:image\" content=\"https:\/\/medicinasinc.com\/lt\/wp-content\/uploads\/sites\/9\/2022\/02\/Buy-Ketamine-powder.jpg\" \/>\n\t<meta property=\"og:image:width\" content=\"900\" \/>\n\t<meta property=\"og:image:height\" content=\"675\" \/>\n\t<meta property=\"og:image:type\" content=\"image\/jpeg\" \/>\n<meta name=\"twitter:card\" content=\"summary_large_image\" \/>\n<meta name=\"twitter:label1\" content=\"Est. reading time\" \/>\n\t<meta name=\"twitter:data1\" content=\"2 minutes\" \/>\n<script type=\"application\/ld+json\" class=\"yoast-schema-graph\">{\"@context\":\"https:\\\/\\\/schema.org\",\"@graph\":[{\"@type\":\"WebPage\",\"@id\":\"https:\\\/\\\/medicinasinc.com\\\/lt\\\/product\\\/pirkti-ketamino-milteliai\\\/\",\"url\":\"https:\\\/\\\/medicinasinc.com\\\/lt\\\/product\\\/pirkti-ketamino-milteliai\\\/\",\"name\":\"Pirkite ketamino miltelius \u2013 Ketamino i\u0161pardavimas Europoje \u2013 geriausi pasaulyje vaistai\",\"isPartOf\":{\"@id\":\"https:\\\/\\\/medicinasinc.com\\\/lt\\\/#website\"},\"primaryImageOfPage\":{\"@id\":\"https:\\\/\\\/medicinasinc.com\\\/lt\\\/product\\\/pirkti-ketamino-milteliai\\\/#primaryimage\"},\"image\":{\"@id\":\"https:\\\/\\\/medicinasinc.com\\\/lt\\\/product\\\/pirkti-ketamino-milteliai\\\/#primaryimage\"},\"thumbnailUrl\":\"https:\\\/\\\/medicinasinc.com\\\/lt\\\/wp-content\\\/uploads\\\/sites\\\/9\\\/2022\\\/02\\\/Buy-Ketamine-powder.jpg\",\"datePublished\":\"2022-02-20T16:50:30+00:00\",\"dateModified\":\"2022-03-20T12:32:39+00:00\",\"description\":\"Pirkite ketamino miltelius pardavimui Siuntimas \u012f ES, mok\u0117jimas Bitcoin. Pigus ketamino milteli\u0173 tiek\u0117jas \u2013 pirkite tyrimams skirtus chemikalus Europoje. Ketamino milteli\u0173 parduotuv\u0117 Europoje.\",\"breadcrumb\":{\"@id\":\"https:\\\/\\\/medicinasinc.com\\\/lt\\\/product\\\/pirkti-ketamino-milteliai\\\/#breadcrumb\"},\"inLanguage\":\"en-US\",\"potentialAction\":[{\"@type\":\"ReadAction\",\"target\":[\"https:\\\/\\\/medicinasinc.com\\\/lt\\\/product\\\/pirkti-ketamino-milteliai\\\/\"]}]},{\"@type\":\"ImageObject\",\"inLanguage\":\"en-US\",\"@id\":\"https:\\\/\\\/medicinasinc.com\\\/lt\\\/product\\\/pirkti-ketamino-milteliai\\\/#primaryimage\",\"url\":\"https:\\\/\\\/medicinasinc.com\\\/lt\\\/wp-content\\\/uploads\\\/sites\\\/9\\\/2022\\\/02\\\/Buy-Ketamine-powder.jpg\",\"contentUrl\":\"https:\\\/\\\/medicinasinc.com\\\/lt\\\/wp-content\\\/uploads\\\/sites\\\/9\\\/2022\\\/02\\\/Buy-Ketamine-powder.jpg\",\"width\":900,\"height\":675},{\"@type\":\"BreadcrumbList\",\"@id\":\"https:\\\/\\\/medicinasinc.com\\\/lt\\\/product\\\/pirkti-ketamino-milteliai\\\/#breadcrumb\",\"itemListElement\":[{\"@type\":\"ListItem\",\"position\":1,\"name\":\"Parduotuv\u0117\",\"item\":\"https:\\\/\\\/medicinasinc.com\\\/lt\\\/parduotuve\\\/\"},{\"@type\":\"ListItem\",\"position\":2,\"name\":\"Pirkite ketamino miltelius\"}]},{\"@type\":\"WebSite\",\"@id\":\"https:\\\/\\\/medicinasinc.com\\\/lt\\\/#website\",\"url\":\"https:\\\/\\\/medicinasinc.com\\\/lt\\\/\",\"name\":\"Medicinas Inc\",\"description\":\"Sveikatos medicinos klinika\",\"potentialAction\":[{\"@type\":\"SearchAction\",\"target\":{\"@type\":\"EntryPoint\",\"urlTemplate\":\"https:\\\/\\\/medicinasinc.com\\\/lt\\\/?s={search_term_string}\"},\"query-input\":{\"@type\":\"PropertyValueSpecification\",\"valueRequired\":true,\"valueName\":\"search_term_string\"}}],\"inLanguage\":\"en-US\"}]}<\/script>\n<!-- \/ Yoast SEO plugin. -->","yoast_head_json":{"title":"Pirkite ketamino miltelius \u2013 Ketamino i\u0161pardavimas Europoje \u2013 geriausi pasaulyje vaistai","description":"Pirkite ketamino miltelius pardavimui Siuntimas \u012f ES, mok\u0117jimas Bitcoin. Pigus ketamino milteli\u0173 tiek\u0117jas \u2013 pirkite tyrimams skirtus chemikalus Europoje. Ketamino milteli\u0173 parduotuv\u0117 Europoje.","robots":{"index":"index","follow":"follow","max-snippet":"max-snippet:-1","max-image-preview":"max-image-preview:large","max-video-preview":"max-video-preview:-1"},"canonical":"https:\/\/medicinasinc.com\/lt\/product\/pirkti-ketamino-milteliai\/","og_locale":"en_US","og_type":"article","og_title":"Pirkite ketamino miltelius \u2013 Ketamino i\u0161pardavimas Europoje \u2013 geriausi pasaulyje vaistai","og_description":"Pirkite ketamino miltelius pardavimui Siuntimas \u012f ES, mok\u0117jimas Bitcoin. Pigus ketamino milteli\u0173 tiek\u0117jas \u2013 pirkite tyrimams skirtus chemikalus Europoje. Ketamino milteli\u0173 parduotuv\u0117 Europoje.","og_url":"https:\/\/medicinasinc.com\/lt\/product\/pirkti-ketamino-milteliai\/","og_site_name":"Medicinas Inc","article_modified_time":"2022-03-20T12:32:39+00:00","og_image":[{"width":900,"height":675,"url":"https:\/\/medicinasinc.com\/lt\/wp-content\/uploads\/sites\/9\/2022\/02\/Buy-Ketamine-powder.jpg","type":"image\/jpeg"}],"twitter_card":"summary_large_image","twitter_misc":{"Est. reading time":"2 minutes"},"schema":{"@context":"https:\/\/schema.org","@graph":[{"@type":"WebPage","@id":"https:\/\/medicinasinc.com\/lt\/product\/pirkti-ketamino-milteliai\/","url":"https:\/\/medicinasinc.com\/lt\/product\/pirkti-ketamino-milteliai\/","name":"Pirkite ketamino miltelius \u2013 Ketamino i\u0161pardavimas Europoje \u2013 geriausi pasaulyje vaistai","isPartOf":{"@id":"https:\/\/medicinasinc.com\/lt\/#website"},"primaryImageOfPage":{"@id":"https:\/\/medicinasinc.com\/lt\/product\/pirkti-ketamino-milteliai\/#primaryimage"},"image":{"@id":"https:\/\/medicinasinc.com\/lt\/product\/pirkti-ketamino-milteliai\/#primaryimage"},"thumbnailUrl":"https:\/\/medicinasinc.com\/lt\/wp-content\/uploads\/sites\/9\/2022\/02\/Buy-Ketamine-powder.jpg","datePublished":"2022-02-20T16:50:30+00:00","dateModified":"2022-03-20T12:32:39+00:00","description":"Pirkite ketamino miltelius pardavimui Siuntimas \u012f ES, mok\u0117jimas Bitcoin. Pigus ketamino milteli\u0173 tiek\u0117jas \u2013 pirkite tyrimams skirtus chemikalus Europoje. Ketamino milteli\u0173 parduotuv\u0117 Europoje.","breadcrumb":{"@id":"https:\/\/medicinasinc.com\/lt\/product\/pirkti-ketamino-milteliai\/#breadcrumb"},"inLanguage":"en-US","potentialAction":[{"@type":"ReadAction","target":["https:\/\/medicinasinc.com\/lt\/product\/pirkti-ketamino-milteliai\/"]}]},{"@type":"ImageObject","inLanguage":"en-US","@id":"https:\/\/medicinasinc.com\/lt\/product\/pirkti-ketamino-milteliai\/#primaryimage","url":"https:\/\/medicinasinc.com\/lt\/wp-content\/uploads\/sites\/9\/2022\/02\/Buy-Ketamine-powder.jpg","contentUrl":"https:\/\/medicinasinc.com\/lt\/wp-content\/uploads\/sites\/9\/2022\/02\/Buy-Ketamine-powder.jpg","width":900,"height":675},{"@type":"BreadcrumbList","@id":"https:\/\/medicinasinc.com\/lt\/product\/pirkti-ketamino-milteliai\/#breadcrumb","itemListElement":[{"@type":"ListItem","position":1,"name":"Parduotuv\u0117","item":"https:\/\/medicinasinc.com\/lt\/parduotuve\/"},{"@type":"ListItem","position":2,"name":"Pirkite ketamino miltelius"}]},{"@type":"WebSite","@id":"https:\/\/medicinasinc.com\/lt\/#website","url":"https:\/\/medicinasinc.com\/lt\/","name":"Medicinas Inc","description":"Sveikatos medicinos klinika","potentialAction":[{"@type":"SearchAction","target":{"@type":"EntryPoint","urlTemplate":"https:\/\/medicinasinc.com\/lt\/?s={search_term_string}"},"query-input":{"@type":"PropertyValueSpecification","valueRequired":true,"valueName":"search_term_string"}}],"inLanguage":"en-US"}]}},"_links":{"self":[{"href":"https:\/\/medicinasinc.com\/lt\/wp-json\/wp\/v2\/product\/4848","targetHints":{"allow":["GET"]}}],"collection":[{"href":"https:\/\/medicinasinc.com\/lt\/wp-json\/wp\/v2\/product"}],"about":[{"href":"https:\/\/medicinasinc.com\/lt\/wp-json\/wp\/v2\/types\/product"}],"replies":[{"embeddable":true,"href":"https:\/\/medicinasinc.com\/lt\/wp-json\/wp\/v2\/comments?post=4848"}],"wp:featuredmedia":[{"embeddable":true,"href":"https:\/\/medicinasinc.com\/lt\/wp-json\/wp\/v2\/media\/4860"}],"wp:attachment":[{"href":"https:\/\/medicinasinc.com\/lt\/wp-json\/wp\/v2\/media?parent=4848"}],"wp:term":[{"taxonomy":"product_brand","embeddable":true,"href":"https:\/\/medicinasinc.com\/lt\/wp-json\/wp\/v2\/product_brand?post=4848"},{"taxonomy":"product_cat","embeddable":true,"href":"https:\/\/medicinasinc.com\/lt\/wp-json\/wp\/v2\/product_cat?post=4848"},{"taxonomy":"product_tag","embeddable":true,"href":"https:\/\/medicinasinc.com\/lt\/wp-json\/wp\/v2\/product_tag?post=4848"}],"curies":[{"name":"wp","href":"https:\/\/api.w.org\/{rel}","templated":true}]}}