{"id":4830,"date":"2022-02-20T16:34:51","date_gmt":"2022-02-20T16:34:51","guid":{"rendered":"https:\/\/medicinasinc.com\/lt\/?post_type=product&#038;p=4830"},"modified":"2022-03-20T12:32:51","modified_gmt":"2022-03-20T12:32:51","slug":"pirk-kristalas-meth","status":"publish","type":"product","link":"https:\/\/medicinasinc.com\/lt\/product\/pirk-kristalas-meth\/","title":{"rendered":"Pirkite Crystal Meth"},"content":{"rendered":"<p>Kur \u012fsigyti \u201eCrystal Meth\u201c \u2013 metamfetaminas<\/p>\n<p>Norintys \u012fsigyti \u201eCrystal Meth\u201c, taip pat \u017einomo kaip brangakmeni\u0173 metamas, yra centrin\u0119 nerv\u0173 sistem\u0105 (CNS) stimuliuojantis vaistas, turintis daug pana\u0161um\u0173 \u012f amfetaminus, antr\u0105j\u012f pasaulyje. Populiariausia nelegali\u0173 vaist\u0173 klas\u0117, po Maryjane.<br \/> Kaip ir amfetaminas, jis skatina didesn\u012f aktyvum\u0105, ma\u017eina alk\u012f ir bendr\u0105 gerov\u0117s jausm\u0105.<\/p>\n<p>Yra keletas pripa\u017eint\u0173 vaist\u0173 vartojimo b\u016bd\u0173 Crystal Meth \u2013 metamfetaminas, \u012fskaitant narkolepsijos, nesugeb\u0117jimo nuosekliai susikaupti ir trumpalaikio vartojimo, pvz., staigumo, gydym\u0105; ta\u010diau \u0161is medicinos naudojimas yra ribotas.<\/p>\n<p>Crystal Meth, kaip ir kokainas, gali b\u016bti r\u016bkomas. \u201eChemical Inc.\u201c parduoda \u201eCrystal Meth\u201c \u2013 metamfetamin\u0105.<\/p>\n<p>Metamfetaminai vartojami \u0161ioms ligoms gydyti:<\/p>\n<p>ADHD\u2013Narkolepsija<\/p>\n<p>Medicinos naudojimas yra ribotas.<\/p>\n<p>Crystal Meth \u2013 metamfetaminas, kaip ir kokainas, gali b\u016bti r\u016bkomas.<\/p>\n<p>Pirkite Crystal Meth naudodami Bitcoins<\/p>\n<p>Crystal Meth \u2013 metamfetaminas naudojamas \u0161ioms ligoms gydyti:<\/p>\n<p>Nutukimas Hiperaktyvumo sutrikimas Narkolepsija D\u0117l to jis skatina aktyvesn\u012f veiksm\u0105, ma\u017eina alk\u012f ir bendr\u0105 gerov\u0117s jausm\u0105. Vartojant per daug, jis daro laipsni\u0161k\u0105 destruktyv\u0173 poveik\u012f pirminei jutimo sistemai.<br \/> Jei manote, kad vartodama vaistus gal\u0117jote pastoti, nedelsdami kreipkit\u0117s \u012f specialist\u0105, kad i\u0161vengtum\u0117te komplikacij\u0173.<br \/> Jei sergate \u0161irdies sutrikimai,<\/p>\n<p>Metamfetaminai turi daug neigiam\u0173 pasekmi\u0173, \u012fskaitant \u0161ias:<\/p>\n<p>Padid\u0117ja pulsas.<br \/> Pakyla k\u016bno temperat\u016bra.<br \/> Padid\u0117ja pulsas kuris atpalaiduoja<br \/> Mokiniai, kuri\u0173 vyzd\u017eiai i\u0161sipl\u0117t\u0119<br \/> Drebulys \u012e susi\u017eav\u0117jim\u0105 pana\u0161ios emocijos<br \/> Sustipr\u0117j\u0119s nerimas<br \/> Irzlumas<br \/> Paranoja<br \/> Smurtas ir i\u0161sisukin\u0117jantis elgesys<br \/> Hiperaktyvumas laikinai Pasitarkite su specialistu d\u0117l gydymo galimybi\u0173.<\/p>\n<p>I\u0161vengti dalies metamfetamino n\u0117ra sunku, ta\u010diau reik\u0117t\u0173 vengti dvigub\u0173 matavim\u0173.<\/p>\n<p>&nbsp;<\/p>\n<p> &nbsp;<\/p>\n<p>&nbsp;<\/p>\n<p>&nbsp;<\/p>\n<p>&nbsp;<\/p>\n<p>&nbsp;<\/p>\n<p>Nors metamfetaminas yra skirtas i\u0161laikyti d\u0117mes\u012f, wh lt piktnaud\u017eiaujama, nesunkiai gali kilti rimt\u0173 medicinini\u0173 problem\u0173, tod\u0117l kvalifikuot\u0173 sveikatos specialist\u0173 pagalbos krizi\u0173 atveju yra geriausias b\u016bdas.<\/p>\n<p>&nbsp;<\/p>\n<p>&nbsp;<\/p>\n<p>&nbsp;<\/p>\n<p>&nbsp;<\/p>\n<p>&nbsp;<\/p>\n<p>&nbsp;<\/p>\n<p>Geriausi pasaulyje vaistai. si\u016blo Crystal Meth \u2013 metamfetamin\u0105 parduoti internetu.<\/p>\n<p>Be to, laikykite metamfetaminus kambario temperat\u016broje vietose, kuriose n\u0117ra \u0161viesos ir \u0161ilumos. Pana\u0161iai neplaukite \u0161io vaisto. J\u016bs\u0173 vaikai ir augintiniai jokiu b\u016bdu neturi b\u016bti veikiami \u0161io vaisto.<\/p>\n<p>Ta\u010diau galite \u012fsigyti Crystal Meth \u2013 metamfetamin\u0105 internetu i\u0161 patikimiausio internetinio ma\u017emenininko \u2013 Chemical Inc.<\/p>\n<p> \u012esigykite metamfetamin\u0173 be recepto, metamfetamin\u0173 galite \u012fsigyti internetu u\u017e geriausi\u0105 \u012fmanom\u0105 kain\u0105.<br \/> \u012esigykite veiksmingiausius vaistus dabar!<br \/> Pirkite kristalin\u012f metamfetamin\u0105 internetu<\/p>\n<p>Meto vartotojai tur\u0117t\u0173 ie\u0161koti nedelsiant gydyti.<\/p>\n<p>Nors daugel\u012f fizini\u0173 simptom\u0173 galima panaikinti tinkamai gydant, progresuojant\u012f sen\u0117jim\u0105 ir dant\u0173 \u0117duon\u012f pakeisti sunkiau, o \u017eala da\u017enai yra negr\u012f\u017etama.<\/p>\n<p>Be to, metamfetamino vartojimas. gali baigtis psichoze arba psichoziniu elgesiu, kai vartotojai praranda ry\u0161\u012f su realybe ir patiria sunki\u0173 kliedesi\u0173, paranojijos, haliucinacij\u0173 ir \u012fkyraus elgesio, kuris neleid\u017eia i\u0161 tikr\u0173j\u0173 suprasti sau daromos \u017ealos.<\/p>\n<p>Taip. yra labai svarbus narkomanui nedelsdami kreipkit\u0117s pagalbos, antraip jie patirs \u0161ias fizines ir psichologines pasekmes, taip pat kitus \u012fprastus simptomus, tokius kaip sugriuv\u0119 santykiai, finansinis nepriteklius ir baud\u017eiamieji kaltinimai.<\/p>\n<p>Beveik kiekviena \u0161eima ken\u010dia nuo priklausomyb\u0117s, kuri kre\u010dia kenkia fizinei ir psichinei sveikatai, santykiams ir asmeniniams finansams. Mamos, T\u0117vai, broliai, seserys, dukterys ir s\u016bn\u016bs yra \u012ftraukti \u012f \u0161i\u0105 kategorij\u0105.<\/p>\n<p>Niekas n\u0117ra apsaugotas nuo siaubing\u0173 ilgalaiki\u0173 piktnaud\u017eiavimo sunkiais narkotikais pasekmi\u0173.<br \/> Toliau pateikiamas blaivus vaizdas TIKR\u0172J\u0172 \u017emoni\u0173.<\/p>\n<p>Pasidav\u0117me narkotik\u0173 (\u0161iuo atveju metamfetamino) vartojimui, o jo niokojan\u010dios pasekm\u0117s yra pernelyg akivaizd\u017eios.<br \/> Jei j\u016bs ar j\u016bs\u0173 mylimas \u017emogus kovoja su priklausomyb\u0117 nuo metamfetamino arba, jei norite su\u017einoti daugiau, apsilankykite \u0161iose svetain\u0117se, kur rasite pagalbos atsigauti.<\/p>\n<p>&nbsp;<\/p>\n<p>\u0160alutinis metamfetamino poveikis, metamfetamino strukt\u016bra, kiek laiko veikia metamfetaminas i\u0161likti savo sistemoje, kaip r\u016bkyti metamfetamin\u0105, heroin\u0105, kokain\u0105, metamfetamin\u0105, cigaretes ir alkohol\u012f yra ________ pavyzd\u017eiai., ro\u017einis metamfetaminas, sn\u016bduriuojantis metamfetaminas, metamfetamino kainos Koks metamfetamino skonis, kiek laiko jis i\u0161lieka \u0161lapime , o kaip atrodo metamfetaminas? super metamfetaminas, metamfetamino \u0161alutinis poveikis, metamfetamino strukt\u016bra, kiek laiko metamfetaminas i\u0161lieka j\u016bs\u0173 sistemoje, kaip r\u016bkyti metamfetamin\u0105, heroin\u0105, kokain\u0105, metamfetamin\u0105, cigaretes ir alkohol\u012f \u2013 tai visi ________ pavyzd\u017eiai. Koks metamfetamino skonis, kiek laiko jis i\u0161lieka \u0161lapime ir kaip atrodo metamfetaminas? metamfetaminas supr\u00eame<\/p>\n","protected":false},"excerpt":{"rendered":"<p>Pirkite kristalin\u012f metamfetamin\u0105 pardavimui JK, Europa, Azija, metamfetaminas internetu. Pirkite metamfetamin\u0105 su mumis, mes galime pristatyti jus i\u0161 bet kurios vietos visame pasaulyje.<\/p>\n<p>Pirkite kristalin\u012f metamfet\u0105 internetu \u2013 pirkite 96,8 proc. gryno kristalinio metamfetamino. \u2013 Kur internetu nusipirkti kristalinio metalo \u2013 Pirkite 96,8 proc. gryno ledo \u2013 Pirkite metamfetamin\u0105 internetu<\/p>\n","protected":false},"featured_media":4844,"comment_status":"open","ping_status":"closed","template":"","meta":[],"product_brand":[],"product_cat":[703],"product_tag":[704,705,706,707,709,710,711,715,716,717,718,712,720,724,708,713,722,714,721,719,723],"class_list":{"0":"post-4830","1":"product","2":"type-product","3":"status-publish","4":"has-post-thumbnail","6":"product_cat-pirkti-psichodelinius-vaistus","7":"product_tag-buy-crystal-meth-in-australia","8":"product_tag-buy-crystal-meth-in-france","9":"product_tag-buy-crystal-meth-in-germany","10":"product_tag-buy-crystal-meth-in-spain","11":"product_tag-kristalas-metas-australija","12":"product_tag-crystal-meth-drugs","13":"product_tag-crystal-meth-effects","14":"product_tag-kristalas-metas-ispanija","15":"product_tag-crystal-meth-sweden","16":"product_tag-crystal-meth-vendor-france","17":"product_tag-crystal-meth-vendor-usa","18":"product_tag-kristalas-metas-vokietija","19":"product_tag-how-is-crystal-meth-smoked","20":"product_tag-kas-yra-kristalas-metas","21":"product_tag-kristalas-metas","22":"product_tag-kristalo-meto-paveikslas","23":"product_tag-crystal-meth-nuotraukos","24":"product_tag-kritolo-meto-vamzdis","25":"product_tag-meth-crystal","26":"product_tag-netikras-kristalas-meth","27":"product_tag-knarkimas-kristalas-meth","29":"first","30":"instock","31":"shipping-taxable","32":"purchasable","33":"product-type-variable"},"yoast_head":"<!-- This site is optimized with the Yoast SEO plugin v27.3 - https:\/\/yoast.com\/product\/yoast-seo-wordpress\/ -->\n<title>Pirkite Crystal Meth \u2013 metamfetamin\u0105 \u2013 geriausius pasaulinius vaistus<\/title>\n<meta name=\"description\" content=\"Pirkite Crystal Meth pardavimui JK, Europa Azija, metamfetaminas internetu Pirkite metamfetamin\u0105 su mumis, mes galime pristatyti jus i\u0161 bet kurios vietos visame pasaulyje.\" \/>\n<meta name=\"robots\" content=\"index, follow, max-snippet:-1, max-image-preview:large, max-video-preview:-1\" \/>\n<link rel=\"canonical\" href=\"https:\/\/medicinasinc.com\/lt\/product\/pirk-kristalas-meth\/\" \/>\n<meta property=\"og:locale\" content=\"en_US\" \/>\n<meta property=\"og:type\" content=\"article\" \/>\n<meta property=\"og:title\" content=\"Pirkite Crystal Meth \u2013 metamfetamin\u0105 \u2013 geriausius pasaulinius vaistus\" \/>\n<meta property=\"og:description\" content=\"Pirkite Crystal Meth pardavimui JK, Europa Azija, metamfetaminas internetu Pirkite metamfetamin\u0105 su mumis, mes galime pristatyti jus i\u0161 bet kurios vietos visame pasaulyje.\" \/>\n<meta property=\"og:url\" content=\"https:\/\/medicinasinc.com\/lt\/product\/pirk-kristalas-meth\/\" \/>\n<meta property=\"og:site_name\" content=\"Medicinas Inc\" \/>\n<meta property=\"article:modified_time\" content=\"2022-03-20T12:32:51+00:00\" \/>\n<meta property=\"og:image\" content=\"https:\/\/medicinasinc.com\/lt\/wp-content\/uploads\/sites\/9\/2022\/02\/Buy-Crystal-Meth-1.jpg\" \/>\n\t<meta property=\"og:image:width\" content=\"1024\" \/>\n\t<meta property=\"og:image:height\" content=\"768\" \/>\n\t<meta property=\"og:image:type\" content=\"image\/jpeg\" \/>\n<meta name=\"twitter:card\" content=\"summary_large_image\" \/>\n<meta name=\"twitter:label1\" content=\"Est. reading time\" \/>\n\t<meta name=\"twitter:data1\" content=\"4 minutes\" \/>\n<script type=\"application\/ld+json\" class=\"yoast-schema-graph\">{\"@context\":\"https:\\\/\\\/schema.org\",\"@graph\":[{\"@type\":\"WebPage\",\"@id\":\"https:\\\/\\\/medicinasinc.com\\\/lt\\\/product\\\/pirk-kristalas-meth\\\/\",\"url\":\"https:\\\/\\\/medicinasinc.com\\\/lt\\\/product\\\/pirk-kristalas-meth\\\/\",\"name\":\"Pirkite Crystal Meth \u2013 metamfetamin\u0105 \u2013 geriausius pasaulinius vaistus\",\"isPartOf\":{\"@id\":\"https:\\\/\\\/medicinasinc.com\\\/lt\\\/#website\"},\"primaryImageOfPage\":{\"@id\":\"https:\\\/\\\/medicinasinc.com\\\/lt\\\/product\\\/pirk-kristalas-meth\\\/#primaryimage\"},\"image\":{\"@id\":\"https:\\\/\\\/medicinasinc.com\\\/lt\\\/product\\\/pirk-kristalas-meth\\\/#primaryimage\"},\"thumbnailUrl\":\"https:\\\/\\\/medicinasinc.com\\\/lt\\\/wp-content\\\/uploads\\\/sites\\\/9\\\/2022\\\/02\\\/Buy-Crystal-Meth-1.jpg\",\"datePublished\":\"2022-02-20T16:34:51+00:00\",\"dateModified\":\"2022-03-20T12:32:51+00:00\",\"description\":\"Pirkite Crystal Meth pardavimui JK, Europa Azija, metamfetaminas internetu Pirkite metamfetamin\u0105 su mumis, mes galime pristatyti jus i\u0161 bet kurios vietos visame pasaulyje.\",\"breadcrumb\":{\"@id\":\"https:\\\/\\\/medicinasinc.com\\\/lt\\\/product\\\/pirk-kristalas-meth\\\/#breadcrumb\"},\"inLanguage\":\"en-US\",\"potentialAction\":[{\"@type\":\"ReadAction\",\"target\":[\"https:\\\/\\\/medicinasinc.com\\\/lt\\\/product\\\/pirk-kristalas-meth\\\/\"]}]},{\"@type\":\"ImageObject\",\"inLanguage\":\"en-US\",\"@id\":\"https:\\\/\\\/medicinasinc.com\\\/lt\\\/product\\\/pirk-kristalas-meth\\\/#primaryimage\",\"url\":\"https:\\\/\\\/medicinasinc.com\\\/lt\\\/wp-content\\\/uploads\\\/sites\\\/9\\\/2022\\\/02\\\/Buy-Crystal-Meth-1.jpg\",\"contentUrl\":\"https:\\\/\\\/medicinasinc.com\\\/lt\\\/wp-content\\\/uploads\\\/sites\\\/9\\\/2022\\\/02\\\/Buy-Crystal-Meth-1.jpg\",\"width\":1024,\"height\":768},{\"@type\":\"BreadcrumbList\",\"@id\":\"https:\\\/\\\/medicinasinc.com\\\/lt\\\/product\\\/pirk-kristalas-meth\\\/#breadcrumb\",\"itemListElement\":[{\"@type\":\"ListItem\",\"position\":1,\"name\":\"Parduotuv\u0117\",\"item\":\"https:\\\/\\\/medicinasinc.com\\\/lt\\\/parduotuve\\\/\"},{\"@type\":\"ListItem\",\"position\":2,\"name\":\"Pirkite Crystal Meth\"}]},{\"@type\":\"WebSite\",\"@id\":\"https:\\\/\\\/medicinasinc.com\\\/lt\\\/#website\",\"url\":\"https:\\\/\\\/medicinasinc.com\\\/lt\\\/\",\"name\":\"Medicinas Inc\",\"description\":\"Sveikatos medicinos klinika\",\"potentialAction\":[{\"@type\":\"SearchAction\",\"target\":{\"@type\":\"EntryPoint\",\"urlTemplate\":\"https:\\\/\\\/medicinasinc.com\\\/lt\\\/?s={search_term_string}\"},\"query-input\":{\"@type\":\"PropertyValueSpecification\",\"valueRequired\":true,\"valueName\":\"search_term_string\"}}],\"inLanguage\":\"en-US\"}]}<\/script>\n<!-- \/ Yoast SEO plugin. -->","yoast_head_json":{"title":"Pirkite Crystal Meth \u2013 metamfetamin\u0105 \u2013 geriausius pasaulinius vaistus","description":"Pirkite Crystal Meth pardavimui JK, Europa Azija, metamfetaminas internetu Pirkite metamfetamin\u0105 su mumis, mes galime pristatyti jus i\u0161 bet kurios vietos visame pasaulyje.","robots":{"index":"index","follow":"follow","max-snippet":"max-snippet:-1","max-image-preview":"max-image-preview:large","max-video-preview":"max-video-preview:-1"},"canonical":"https:\/\/medicinasinc.com\/lt\/product\/pirk-kristalas-meth\/","og_locale":"en_US","og_type":"article","og_title":"Pirkite Crystal Meth \u2013 metamfetamin\u0105 \u2013 geriausius pasaulinius vaistus","og_description":"Pirkite Crystal Meth pardavimui JK, Europa Azija, metamfetaminas internetu Pirkite metamfetamin\u0105 su mumis, mes galime pristatyti jus i\u0161 bet kurios vietos visame pasaulyje.","og_url":"https:\/\/medicinasinc.com\/lt\/product\/pirk-kristalas-meth\/","og_site_name":"Medicinas Inc","article_modified_time":"2022-03-20T12:32:51+00:00","og_image":[{"width":1024,"height":768,"url":"https:\/\/medicinasinc.com\/lt\/wp-content\/uploads\/sites\/9\/2022\/02\/Buy-Crystal-Meth-1.jpg","type":"image\/jpeg"}],"twitter_card":"summary_large_image","twitter_misc":{"Est. reading time":"4 minutes"},"schema":{"@context":"https:\/\/schema.org","@graph":[{"@type":"WebPage","@id":"https:\/\/medicinasinc.com\/lt\/product\/pirk-kristalas-meth\/","url":"https:\/\/medicinasinc.com\/lt\/product\/pirk-kristalas-meth\/","name":"Pirkite Crystal Meth \u2013 metamfetamin\u0105 \u2013 geriausius pasaulinius vaistus","isPartOf":{"@id":"https:\/\/medicinasinc.com\/lt\/#website"},"primaryImageOfPage":{"@id":"https:\/\/medicinasinc.com\/lt\/product\/pirk-kristalas-meth\/#primaryimage"},"image":{"@id":"https:\/\/medicinasinc.com\/lt\/product\/pirk-kristalas-meth\/#primaryimage"},"thumbnailUrl":"https:\/\/medicinasinc.com\/lt\/wp-content\/uploads\/sites\/9\/2022\/02\/Buy-Crystal-Meth-1.jpg","datePublished":"2022-02-20T16:34:51+00:00","dateModified":"2022-03-20T12:32:51+00:00","description":"Pirkite Crystal Meth pardavimui JK, Europa Azija, metamfetaminas internetu Pirkite metamfetamin\u0105 su mumis, mes galime pristatyti jus i\u0161 bet kurios vietos visame pasaulyje.","breadcrumb":{"@id":"https:\/\/medicinasinc.com\/lt\/product\/pirk-kristalas-meth\/#breadcrumb"},"inLanguage":"en-US","potentialAction":[{"@type":"ReadAction","target":["https:\/\/medicinasinc.com\/lt\/product\/pirk-kristalas-meth\/"]}]},{"@type":"ImageObject","inLanguage":"en-US","@id":"https:\/\/medicinasinc.com\/lt\/product\/pirk-kristalas-meth\/#primaryimage","url":"https:\/\/medicinasinc.com\/lt\/wp-content\/uploads\/sites\/9\/2022\/02\/Buy-Crystal-Meth-1.jpg","contentUrl":"https:\/\/medicinasinc.com\/lt\/wp-content\/uploads\/sites\/9\/2022\/02\/Buy-Crystal-Meth-1.jpg","width":1024,"height":768},{"@type":"BreadcrumbList","@id":"https:\/\/medicinasinc.com\/lt\/product\/pirk-kristalas-meth\/#breadcrumb","itemListElement":[{"@type":"ListItem","position":1,"name":"Parduotuv\u0117","item":"https:\/\/medicinasinc.com\/lt\/parduotuve\/"},{"@type":"ListItem","position":2,"name":"Pirkite Crystal Meth"}]},{"@type":"WebSite","@id":"https:\/\/medicinasinc.com\/lt\/#website","url":"https:\/\/medicinasinc.com\/lt\/","name":"Medicinas Inc","description":"Sveikatos medicinos klinika","potentialAction":[{"@type":"SearchAction","target":{"@type":"EntryPoint","urlTemplate":"https:\/\/medicinasinc.com\/lt\/?s={search_term_string}"},"query-input":{"@type":"PropertyValueSpecification","valueRequired":true,"valueName":"search_term_string"}}],"inLanguage":"en-US"}]}},"_links":{"self":[{"href":"https:\/\/medicinasinc.com\/lt\/wp-json\/wp\/v2\/product\/4830","targetHints":{"allow":["GET"]}}],"collection":[{"href":"https:\/\/medicinasinc.com\/lt\/wp-json\/wp\/v2\/product"}],"about":[{"href":"https:\/\/medicinasinc.com\/lt\/wp-json\/wp\/v2\/types\/product"}],"replies":[{"embeddable":true,"href":"https:\/\/medicinasinc.com\/lt\/wp-json\/wp\/v2\/comments?post=4830"}],"wp:featuredmedia":[{"embeddable":true,"href":"https:\/\/medicinasinc.com\/lt\/wp-json\/wp\/v2\/media\/4844"}],"wp:attachment":[{"href":"https:\/\/medicinasinc.com\/lt\/wp-json\/wp\/v2\/media?parent=4830"}],"wp:term":[{"taxonomy":"product_brand","embeddable":true,"href":"https:\/\/medicinasinc.com\/lt\/wp-json\/wp\/v2\/product_brand?post=4830"},{"taxonomy":"product_cat","embeddable":true,"href":"https:\/\/medicinasinc.com\/lt\/wp-json\/wp\/v2\/product_cat?post=4830"},{"taxonomy":"product_tag","embeddable":true,"href":"https:\/\/medicinasinc.com\/lt\/wp-json\/wp\/v2\/product_tag?post=4830"}],"curies":[{"name":"wp","href":"https:\/\/api.w.org\/{rel}","templated":true}]}}