{"id":4829,"date":"2022-02-20T16:33:58","date_gmt":"2022-02-20T16:33:58","guid":{"rendered":"https:\/\/medicinasinc.com\/lt\/?post_type=product&#038;p=4829"},"modified":"2022-03-20T12:33:01","modified_gmt":"2022-03-20T12:33:01","slug":"pirk-skysti-lsd","status":"publish","type":"product","link":"https:\/\/medicinasinc.com\/lt\/product\/pirk-skysti-lsd\/","title":{"rendered":"Pirkite skyst\u0105 LSD"},"content":{"rendered":"<p>Pirkite skyst\u0105 LSD su nuolaida internetu<\/p>\n<p>Kaip ir Green Crack (nereikia painioti su LSD), Acid yra \u0161tamas, pavadintas \u0161velniai psichoaktyvios med\u017eiagos vardu. Atsi\u017evelgiant \u012f visk\u0105, r\u016bg\u0161tis pasi\u017eymi stiprumu, derindama prie\u0161ingus intuityvius efektus su gluminan\u010diu kvapu. Acid yra \u0161tamas, kur\u012f suk\u016br\u0117 Paradise Seeds, Delahaze ir Sensi Star selekcininkai. Jis gaunamas i\u0161 populiariausios New York Sour Diesel veisl\u0117s paveldim\u0173 savybi\u0173. D\u0117l savo \u017eavesio ji peln\u0117 tre\u010di\u0105j\u0105 viet\u0105 2016 m. Ispanijos THC Valensijos taur\u0117s turnyre u\u017e geriausi\u0105 patalpose auginam\u0105 g\u0117l\u0119. Apskai\u010diuota, kad \u0117sdinan\u010dios med\u017eiagos THC kiekis svyruoja nuo 16 iki 23%.<\/p>\n<p>\u0116dinanti med\u017eiaga apakina nuo vidutinio iki did\u017eiulio dyd\u017eio \u017eied\u0173, kurie yra \u0161arnyrinio kastuvo pavidalo, primenantys miniati\u016brines Kal\u0117d\u0173 eglutes, susitraukian\u010dius nuo plataus apvalaus pagrindo iki smailiu galiuku. D\u0117l savo kompakti\u0161kos, tankios strukt\u016bros \u0161ie pumpurai neabejotinai dominuoja. Lapai yra blankiai apaug\u0119 \u017eali ir i\u0161rai\u017eyti banguotomis \u017eemi\u0161kos spalvos piestel\u0117mis. Galiausiai, putojantys balti trichomai padengia vidin\u012f ir i\u0161orin\u012f Acid \u017eied\u0173 pavir\u0161ius, suteikdami paderm\u0117s psichoaktyvi\u0105sias savybes, tod\u0117l pumpurus labai sunku atskirti be procesoriaus pagalbos.<\/p>\n<p>Kai tinkamai pa\u0161alinta, r\u016bg\u0161tis turi \u0161iek tiek r\u016bg\u0161tus kvapas, kur\u012f atsveria a\u0161trus citrusinis atspalvis. Taip pat yra solid\u017eios muskusin\u0117s bazin\u0117s natos, primenan\u010dios dr\u0117gn\u0105 \u017eem\u0119 ir smilkalus. Tuo tarpu atskiriant arba granuliuojant \u0161iuos tankius gr\u016bdelius susidaro sutraukian\u010dios i\u0161metamosios dujos, kurios suteikia pagrindinei New York Sour Diesel atmainai a\u0161tr\u0173 ir gerai \u017einom\u0105 skon\u012f. Kai degiosios med\u017eiagos u\u017esidega linijoje arba jungtyje, r\u016bg\u0161tis gamina skland\u017eius, lengvai \u012fsisavinamus d\u016bmus. I\u0161kvepiant \u0161ie tank\u016bs d\u016bmai palieka citrinos ir dyzelino poskon\u012f.<\/p>\n<p>Corrosive High prasideda palaipsniui ir i\u0161kreipia r\u016bkan\u010diojo suvokim\u0105 apie j\u0173 i\u0161or\u0117s patobulinimus. Tam tikri garsai gali b\u016bti sustiprinti, tarsi jie b\u016bt\u0173 generuojami aid\u0117jimo kameroje. Be to, skirtingi tonai ir ry\u0161kios \u0161viesos gali \u012fgyti nauj\u0105 reik\u0161m\u0119. Kai \u0161ie ap\u010diuopiami padariniai tampa did\u017eiuliai, pradeda reik\u0161tis ry\u0161kesni haliucinogeniniai stebuklai, pana\u0161\u016bs \u012f vidin\u0117s ir i\u0161orin\u0117s \u012f\u017evalgos i\u0161kraipym\u0105 ir tvirt\u0105 laiko pl\u0117timosi poj\u016bt\u012f. R\u016bkaliai laikui b\u0117gant gali s\u0105moningai susikaupti aplink \u0161ventoves ir limfinius organus, taip pat \u0161iek tiek padid\u0117ti seil\u0117tekis. \u0160ie drebulys i\u0161sivysto \u012f atsipalaidavimo potvynius, kurie keliauja \u017eemyn stuburu ir per centrin\u0119 nerv\u0173 sistem\u0105 bei priedus. Nors \u0161ie atpalaiduojantys poveikiai negali visi\u0161kai sustabdyti klient\u0173, jie gali jaustis priversti atsipalaiduoti d\u0117l artimiausi\u0173 priimtin\u0173 aplinkos veiksni\u0173.<\/p>\n<p>Corrosive&#8217;s high taip pat pasi\u017eymi smegen\u0173 mentalitetu, kai r\u016bkalius gali susijungti su ne\u012fprastomis mintimis ar id\u0117jomis. , atrodo, kad jie yra \u017eavesni nei bet kuriuo atveju. Toks atviras samprotavimas gali b\u016bti veiksmingas b\u016bdas atrasti naujus sud\u0117ting\u0173 problem\u0173 sprendimus arba tvarkyti konkre\u010dias darbo u\u017eduotis. Laikui b\u0117gant \u2013 arba did\u0117jant matavimui \u2013 Acid psichologinis poveikis tampa labiau nuostabus nei akivaizdus, \u200b\u200btod\u0117l bet koks ankstesnis efektyvumas tampa niekinis. D\u0117l laipsni\u0161ko energijos praradimo \u0161ia paderme geriausia m\u0117gautis v\u0117lai vakare arba nakt\u012f.<\/p>\n<p>Skystas LSD 200 g\/la\u0161as, r\u016bg\u0161tis parduodama internetu, LSD pardavimas internetu, LSD pirkimas internetu, LSD r\u016bg\u0161tis pardavimas internetu, lsd internetin\u0117 parduotuv\u0117, skystas lsd pardavimas, r\u016bg\u0161tis pardavimas internetu<\/p>\n","protected":false},"excerpt":{"rendered":"<p>Pirkite LSD internetu skyst\u0105 LSD. I\u0161samiau Lizergidas (LSD) yra pusiau sintetinis haliucinogenas ir vienas stipriausi\u0173 \u017einom\u0173 vaist\u0173. Naudojimas pramogoms .<\/p>\n<p>Pigiai nusipirkite skyst\u0105 LSD internetu. Tikras skystas LSD parduodamas internetu | \u012esigykite skysto LSD internetu | Parduodu pirkti skyst\u0105 LSD| Pirkite pig\u0173 skyst\u0105 LSD | Kur nusipirkti skysto LSD internetu<\/p>\n","protected":false},"featured_media":4842,"comment_status":"open","ping_status":"closed","template":"","meta":[],"product_brand":[],"product_cat":[703],"product_tag":[],"class_list":{"0":"post-4829","1":"product","2":"type-product","3":"status-publish","4":"has-post-thumbnail","6":"product_cat-pirkti-psichodelinius-vaistus","8":"first","9":"instock","10":"shipping-taxable","11":"purchasable","12":"product-type-variable","13":"has-default-attributes"},"yoast_head":"<!-- This site is optimized with the Yoast SEO plugin v27.3 - https:\/\/yoast.com\/product\/yoast-seo-wordpress\/ -->\n<title>Pirkite skyst\u0105 LSD \u2013 geriausius pasaulinius vaistus<\/title>\n<meta name=\"description\" content=\"Pirkite LSD internetu skyst\u0105 LSD, I\u0161sami informacija Lysergide (LSD) yra pusiau sintetinis haliucinogenas ir yra vienas stipriausi\u0173 \u017einom\u0173 vaist\u0173. Rekreacinis naudojimas.\" \/>\n<meta name=\"robots\" content=\"index, follow, max-snippet:-1, max-image-preview:large, max-video-preview:-1\" \/>\n<link rel=\"canonical\" href=\"https:\/\/medicinasinc.com\/lt\/product\/pirk-skysti-lsd\/\" \/>\n<meta property=\"og:locale\" content=\"en_US\" \/>\n<meta property=\"og:type\" content=\"article\" \/>\n<meta property=\"og:title\" content=\"Pirkite skyst\u0105 LSD \u2013 geriausius pasaulinius vaistus\" \/>\n<meta property=\"og:description\" content=\"Pirkite LSD internetu skyst\u0105 LSD, I\u0161sami informacija Lysergide (LSD) yra pusiau sintetinis haliucinogenas ir yra vienas stipriausi\u0173 \u017einom\u0173 vaist\u0173. Rekreacinis naudojimas.\" \/>\n<meta property=\"og:url\" content=\"https:\/\/medicinasinc.com\/lt\/product\/pirk-skysti-lsd\/\" \/>\n<meta property=\"og:site_name\" content=\"Medicinas Inc\" \/>\n<meta property=\"article:modified_time\" content=\"2022-03-20T12:33:01+00:00\" \/>\n<meta property=\"og:image\" content=\"https:\/\/medicinasinc.com\/lt\/wp-content\/uploads\/sites\/9\/2022\/02\/Buy-Liquid-LSD.jpg\" \/>\n\t<meta property=\"og:image:width\" content=\"512\" \/>\n\t<meta property=\"og:image:height\" content=\"512\" \/>\n\t<meta property=\"og:image:type\" content=\"image\/jpeg\" \/>\n<meta name=\"twitter:card\" content=\"summary_large_image\" \/>\n<meta name=\"twitter:label1\" content=\"Est. reading time\" \/>\n\t<meta name=\"twitter:data1\" content=\"3 minutes\" \/>\n<script type=\"application\/ld+json\" class=\"yoast-schema-graph\">{\"@context\":\"https:\\\/\\\/schema.org\",\"@graph\":[{\"@type\":\"WebPage\",\"@id\":\"https:\\\/\\\/medicinasinc.com\\\/lt\\\/product\\\/pirk-skysti-lsd\\\/\",\"url\":\"https:\\\/\\\/medicinasinc.com\\\/lt\\\/product\\\/pirk-skysti-lsd\\\/\",\"name\":\"Pirkite skyst\u0105 LSD \u2013 geriausius pasaulinius vaistus\",\"isPartOf\":{\"@id\":\"https:\\\/\\\/medicinasinc.com\\\/lt\\\/#website\"},\"primaryImageOfPage\":{\"@id\":\"https:\\\/\\\/medicinasinc.com\\\/lt\\\/product\\\/pirk-skysti-lsd\\\/#primaryimage\"},\"image\":{\"@id\":\"https:\\\/\\\/medicinasinc.com\\\/lt\\\/product\\\/pirk-skysti-lsd\\\/#primaryimage\"},\"thumbnailUrl\":\"https:\\\/\\\/medicinasinc.com\\\/lt\\\/wp-content\\\/uploads\\\/sites\\\/9\\\/2022\\\/02\\\/Buy-Liquid-LSD.jpg\",\"datePublished\":\"2022-02-20T16:33:58+00:00\",\"dateModified\":\"2022-03-20T12:33:01+00:00\",\"description\":\"Pirkite LSD internetu skyst\u0105 LSD, I\u0161sami informacija Lysergide (LSD) yra pusiau sintetinis haliucinogenas ir yra vienas stipriausi\u0173 \u017einom\u0173 vaist\u0173. Rekreacinis naudojimas.\",\"breadcrumb\":{\"@id\":\"https:\\\/\\\/medicinasinc.com\\\/lt\\\/product\\\/pirk-skysti-lsd\\\/#breadcrumb\"},\"inLanguage\":\"en-US\",\"potentialAction\":[{\"@type\":\"ReadAction\",\"target\":[\"https:\\\/\\\/medicinasinc.com\\\/lt\\\/product\\\/pirk-skysti-lsd\\\/\"]}]},{\"@type\":\"ImageObject\",\"inLanguage\":\"en-US\",\"@id\":\"https:\\\/\\\/medicinasinc.com\\\/lt\\\/product\\\/pirk-skysti-lsd\\\/#primaryimage\",\"url\":\"https:\\\/\\\/medicinasinc.com\\\/lt\\\/wp-content\\\/uploads\\\/sites\\\/9\\\/2022\\\/02\\\/Buy-Liquid-LSD.jpg\",\"contentUrl\":\"https:\\\/\\\/medicinasinc.com\\\/lt\\\/wp-content\\\/uploads\\\/sites\\\/9\\\/2022\\\/02\\\/Buy-Liquid-LSD.jpg\",\"width\":512,\"height\":512},{\"@type\":\"BreadcrumbList\",\"@id\":\"https:\\\/\\\/medicinasinc.com\\\/lt\\\/product\\\/pirk-skysti-lsd\\\/#breadcrumb\",\"itemListElement\":[{\"@type\":\"ListItem\",\"position\":1,\"name\":\"Parduotuv\u0117\",\"item\":\"https:\\\/\\\/medicinasinc.com\\\/lt\\\/parduotuve\\\/\"},{\"@type\":\"ListItem\",\"position\":2,\"name\":\"Pirkite skyst\u0105 LSD\"}]},{\"@type\":\"WebSite\",\"@id\":\"https:\\\/\\\/medicinasinc.com\\\/lt\\\/#website\",\"url\":\"https:\\\/\\\/medicinasinc.com\\\/lt\\\/\",\"name\":\"Medicinas Inc\",\"description\":\"Sveikatos medicinos klinika\",\"potentialAction\":[{\"@type\":\"SearchAction\",\"target\":{\"@type\":\"EntryPoint\",\"urlTemplate\":\"https:\\\/\\\/medicinasinc.com\\\/lt\\\/?s={search_term_string}\"},\"query-input\":{\"@type\":\"PropertyValueSpecification\",\"valueRequired\":true,\"valueName\":\"search_term_string\"}}],\"inLanguage\":\"en-US\"}]}<\/script>\n<!-- \/ Yoast SEO plugin. -->","yoast_head_json":{"title":"Pirkite skyst\u0105 LSD \u2013 geriausius pasaulinius vaistus","description":"Pirkite LSD internetu skyst\u0105 LSD, I\u0161sami informacija Lysergide (LSD) yra pusiau sintetinis haliucinogenas ir yra vienas stipriausi\u0173 \u017einom\u0173 vaist\u0173. Rekreacinis naudojimas.","robots":{"index":"index","follow":"follow","max-snippet":"max-snippet:-1","max-image-preview":"max-image-preview:large","max-video-preview":"max-video-preview:-1"},"canonical":"https:\/\/medicinasinc.com\/lt\/product\/pirk-skysti-lsd\/","og_locale":"en_US","og_type":"article","og_title":"Pirkite skyst\u0105 LSD \u2013 geriausius pasaulinius vaistus","og_description":"Pirkite LSD internetu skyst\u0105 LSD, I\u0161sami informacija Lysergide (LSD) yra pusiau sintetinis haliucinogenas ir yra vienas stipriausi\u0173 \u017einom\u0173 vaist\u0173. Rekreacinis naudojimas.","og_url":"https:\/\/medicinasinc.com\/lt\/product\/pirk-skysti-lsd\/","og_site_name":"Medicinas Inc","article_modified_time":"2022-03-20T12:33:01+00:00","og_image":[{"width":512,"height":512,"url":"https:\/\/medicinasinc.com\/lt\/wp-content\/uploads\/sites\/9\/2022\/02\/Buy-Liquid-LSD.jpg","type":"image\/jpeg"}],"twitter_card":"summary_large_image","twitter_misc":{"Est. reading time":"3 minutes"},"schema":{"@context":"https:\/\/schema.org","@graph":[{"@type":"WebPage","@id":"https:\/\/medicinasinc.com\/lt\/product\/pirk-skysti-lsd\/","url":"https:\/\/medicinasinc.com\/lt\/product\/pirk-skysti-lsd\/","name":"Pirkite skyst\u0105 LSD \u2013 geriausius pasaulinius vaistus","isPartOf":{"@id":"https:\/\/medicinasinc.com\/lt\/#website"},"primaryImageOfPage":{"@id":"https:\/\/medicinasinc.com\/lt\/product\/pirk-skysti-lsd\/#primaryimage"},"image":{"@id":"https:\/\/medicinasinc.com\/lt\/product\/pirk-skysti-lsd\/#primaryimage"},"thumbnailUrl":"https:\/\/medicinasinc.com\/lt\/wp-content\/uploads\/sites\/9\/2022\/02\/Buy-Liquid-LSD.jpg","datePublished":"2022-02-20T16:33:58+00:00","dateModified":"2022-03-20T12:33:01+00:00","description":"Pirkite LSD internetu skyst\u0105 LSD, I\u0161sami informacija Lysergide (LSD) yra pusiau sintetinis haliucinogenas ir yra vienas stipriausi\u0173 \u017einom\u0173 vaist\u0173. Rekreacinis naudojimas.","breadcrumb":{"@id":"https:\/\/medicinasinc.com\/lt\/product\/pirk-skysti-lsd\/#breadcrumb"},"inLanguage":"en-US","potentialAction":[{"@type":"ReadAction","target":["https:\/\/medicinasinc.com\/lt\/product\/pirk-skysti-lsd\/"]}]},{"@type":"ImageObject","inLanguage":"en-US","@id":"https:\/\/medicinasinc.com\/lt\/product\/pirk-skysti-lsd\/#primaryimage","url":"https:\/\/medicinasinc.com\/lt\/wp-content\/uploads\/sites\/9\/2022\/02\/Buy-Liquid-LSD.jpg","contentUrl":"https:\/\/medicinasinc.com\/lt\/wp-content\/uploads\/sites\/9\/2022\/02\/Buy-Liquid-LSD.jpg","width":512,"height":512},{"@type":"BreadcrumbList","@id":"https:\/\/medicinasinc.com\/lt\/product\/pirk-skysti-lsd\/#breadcrumb","itemListElement":[{"@type":"ListItem","position":1,"name":"Parduotuv\u0117","item":"https:\/\/medicinasinc.com\/lt\/parduotuve\/"},{"@type":"ListItem","position":2,"name":"Pirkite skyst\u0105 LSD"}]},{"@type":"WebSite","@id":"https:\/\/medicinasinc.com\/lt\/#website","url":"https:\/\/medicinasinc.com\/lt\/","name":"Medicinas Inc","description":"Sveikatos medicinos klinika","potentialAction":[{"@type":"SearchAction","target":{"@type":"EntryPoint","urlTemplate":"https:\/\/medicinasinc.com\/lt\/?s={search_term_string}"},"query-input":{"@type":"PropertyValueSpecification","valueRequired":true,"valueName":"search_term_string"}}],"inLanguage":"en-US"}]}},"_links":{"self":[{"href":"https:\/\/medicinasinc.com\/lt\/wp-json\/wp\/v2\/product\/4829","targetHints":{"allow":["GET"]}}],"collection":[{"href":"https:\/\/medicinasinc.com\/lt\/wp-json\/wp\/v2\/product"}],"about":[{"href":"https:\/\/medicinasinc.com\/lt\/wp-json\/wp\/v2\/types\/product"}],"replies":[{"embeddable":true,"href":"https:\/\/medicinasinc.com\/lt\/wp-json\/wp\/v2\/comments?post=4829"}],"wp:featuredmedia":[{"embeddable":true,"href":"https:\/\/medicinasinc.com\/lt\/wp-json\/wp\/v2\/media\/4842"}],"wp:attachment":[{"href":"https:\/\/medicinasinc.com\/lt\/wp-json\/wp\/v2\/media?parent=4829"}],"wp:term":[{"taxonomy":"product_brand","embeddable":true,"href":"https:\/\/medicinasinc.com\/lt\/wp-json\/wp\/v2\/product_brand?post=4829"},{"taxonomy":"product_cat","embeddable":true,"href":"https:\/\/medicinasinc.com\/lt\/wp-json\/wp\/v2\/product_cat?post=4829"},{"taxonomy":"product_tag","embeddable":true,"href":"https:\/\/medicinasinc.com\/lt\/wp-json\/wp\/v2\/product_tag?post=4829"}],"curies":[{"name":"wp","href":"https:\/\/api.w.org\/{rel}","templated":true}]}}