{"id":4810,"date":"2022-02-20T16:18:47","date_gmt":"2022-02-20T16:18:47","guid":{"rendered":"https:\/\/medicinasinc.com\/lt\/?post_type=product&#038;p=4810"},"modified":"2022-03-20T12:33:25","modified_gmt":"2022-03-20T12:33:25","slug":"pirkti-thca-kristalai-virsutine-lentyna","status":"publish","type":"product","link":"https:\/\/medicinasinc.com\/lt\/product\/pirkti-thca-kristalai-virsutine-lentyna\/","title":{"rendered":"Pirkite THCA kristalus \u2013 vir\u0161utin\u0119 lentyn\u0105"},"content":{"rendered":"<p>Crystalline THCA<\/p>\n<p>THCA Crystalline, kitaip vadinamas \u201ekristalais\u201c, \u201eTHC kristalais\u201c arba \u201edeimantais\u201c, yra kietojo k\u016bno kanapi\u0173 koncentratas. Jis atrodo kaip stambaus cukraus, tokio tipo, kuris paprastai naudojamas papuo\u0161ti cukrinius sausainius arba blizginti kept\u0173 vaisi\u0173 pyrag\u0173 vir\u0161\u016bnes. \u201eCrystalline\u201c gaminamas siekiant pa\u0161alinti augalines med\u017eiagas ir terpenus, kurie yra i\u0161skirtin\u0117s kanapi\u0173 veisl\u0117s ar atmainos aromatin\u0117s ir skonio savyb\u0117s.<\/p>\n<p>THCA Kristalin\u0117 PRA\u0160M\u0116<\/p>\n<p>Galb\u016bt gird\u0117jote termin\u0105 \u201e THC kristalai\u201c arba \u201eTHC kristalinis\u201c vartojamas apib\u016bdinti kristal\u0105, ta\u010diau THC, kuris sukuria svaiginant\u012f auk\u0161t\u0105 kiek\u012f, n\u0117ra kristalinis; chemi\u0161kai THC nesugeba sudaryti kristalin\u0117s strukt\u016bros. Kitaip tariant, tai, kas da\u017enai vadinama \u201eTHC kristalais\u201c, n\u0117ra grynas THC, o gryno THCA forma. Vartojimo metu THCA kristalizuojasi \u012f aktyv\u0173 THC dekarboksilinimo b\u016bdu. Kristalinis yra gaminamas naudojant vien\u0105 kanabinoid\u0105. THCA, CBDA ir CBD yra vieninteliai kanabinoidai, prieinami kristaline forma. Kiekvienas, kuris vartoja THCA, CBDA ar CBD, nepatirs svaiginan\u010dio poveikio, nors kaitinant THCA virsta THC, tod\u0117l kristalin\u0117 med\u017eiaga tampa svaiginan\u010dia.<\/p>\n<p>KAIP SUKURTI KRISTALIN\u012e THCA<\/p>\n<p>Kri\u0161tolinis da\u017enai r\u016bkomas arba apibarstomas skalbimo priemone. \u201eDab rig\u201c yra r\u016bkymo aparatas, pana\u0161us \u012f ma\u017e\u0105 vandens bong\u0105, kuris i\u0161garuoja \u012fkaitint\u0105 kristal\u0105 \u012fkv\u0117pti vienkartin\u0117mis i\u0161matuotomis doz\u0117mis. Kristalinis produktas da\u017enai vartojamas per burn\u0105 kaip valgom\u0173j\u0173 produkt\u0173 sudedamoji dalis arba i\u0161tirpinama aliejuje, kad b\u016bt\u0173 sukurtas \u012f tinkt\u016br\u0105 pana\u0161us produktas. Kristalai da\u017enai i\u0161tirpinami augaliniame aliejuje arba svieste ir naudojami kaip namini\u0173 maisto produkt\u0173 sudedamoji dalis. Augaliniai ir kopros aliejai yra da\u017eniausiai naudojami tirpikliai kristalams i\u0161tirpinti, kad susidaryt\u0173 \u012f tinkt\u016br\u0105 pana\u0161us produktas.<\/p>\n","protected":false},"excerpt":{"rendered":"<p>Pirkite thca crystalline internetu Europoje, parduokite kristalinius deimantus, Olandijoje, kristalinius deimantus Olandijoje, thc crystalline netoli man\u0119s, thc kristalus parduokite Europoje.<\/p>\n<ul>\n<li>Pristatymas visame pasaulyje<\/li>\n<li><strong>Koncentratas, sudarytas i\u0161 97\u201399 % THC<\/strong><\/li>\n<li><strong>99 % gryno THC-A<\/strong><\/li>\n<li><strong>Susisiekite su mumis <\/strong>\u00a0didesniems u\u017esakymams<\/li>\n<\/ul>\n","protected":false},"featured_media":4823,"comment_status":"open","ping_status":"closed","template":"","meta":[],"product_brand":[],"product_cat":[702],"product_tag":[],"class_list":{"0":"post-4810","1":"product","2":"type-product","3":"status-publish","4":"has-post-thumbnail","6":"product_cat-pirkti-kanapi-c5-b3-va-c5-a1k-c4-85","8":"first","9":"instock","10":"shipping-taxable","11":"purchasable","12":"product-type-variable","13":"has-default-attributes"},"yoast_head":"<!-- This site is optimized with the Yoast SEO plugin v27.3 - https:\/\/yoast.com\/product\/yoast-seo-wordpress\/ -->\n<title>Pirkite THCA kristalus \u2013 vir\u0161utin\u0117 lentyna \u2013 geriausi pasaulyje vaistai<\/title>\n<meta name=\"description\" content=\"Pirkite thca crystalline internetu Europa, parduodu thca crystal, kristalinius deimantus NL, thc crystalline \u0161alia man\u0119s, pirkite thc kristalus Europoje.\" \/>\n<meta name=\"robots\" content=\"index, follow, max-snippet:-1, max-image-preview:large, max-video-preview:-1\" \/>\n<link rel=\"canonical\" href=\"https:\/\/medicinasinc.com\/lt\/product\/pirkti-thca-kristalai-virsutine-lentyna\/\" \/>\n<meta property=\"og:locale\" content=\"en_US\" \/>\n<meta property=\"og:type\" content=\"article\" \/>\n<meta property=\"og:title\" content=\"Pirkite THCA kristalus \u2013 vir\u0161utin\u0117 lentyna \u2013 geriausi pasaulyje vaistai\" \/>\n<meta property=\"og:description\" content=\"Pirkite thca crystalline internetu Europa, parduodu thca crystal, kristalinius deimantus NL, thc crystalline \u0161alia man\u0119s, pirkite thc kristalus Europoje.\" \/>\n<meta property=\"og:url\" content=\"https:\/\/medicinasinc.com\/lt\/product\/pirkti-thca-kristalai-virsutine-lentyna\/\" \/>\n<meta property=\"og:site_name\" content=\"Medicinas Inc\" \/>\n<meta property=\"article:modified_time\" content=\"2022-03-20T12:33:25+00:00\" \/>\n<meta property=\"og:image\" content=\"https:\/\/medicinasinc.com\/lt\/wp-content\/uploads\/sites\/9\/2022\/02\/Buy-THCA-Crystals-Top-Shelf.jpg\" \/>\n\t<meta property=\"og:image:width\" content=\"600\" \/>\n\t<meta property=\"og:image:height\" content=\"600\" \/>\n\t<meta property=\"og:image:type\" content=\"image\/jpeg\" \/>\n<meta name=\"twitter:card\" content=\"summary_large_image\" \/>\n<meta name=\"twitter:label1\" content=\"Est. reading time\" \/>\n\t<meta name=\"twitter:data1\" content=\"2 minutes\" \/>\n<script type=\"application\/ld+json\" class=\"yoast-schema-graph\">{\"@context\":\"https:\\\/\\\/schema.org\",\"@graph\":[{\"@type\":\"WebPage\",\"@id\":\"https:\\\/\\\/medicinasinc.com\\\/lt\\\/product\\\/pirkti-thca-kristalai-virsutine-lentyna\\\/\",\"url\":\"https:\\\/\\\/medicinasinc.com\\\/lt\\\/product\\\/pirkti-thca-kristalai-virsutine-lentyna\\\/\",\"name\":\"Pirkite THCA kristalus \u2013 vir\u0161utin\u0117 lentyna \u2013 geriausi pasaulyje vaistai\",\"isPartOf\":{\"@id\":\"https:\\\/\\\/medicinasinc.com\\\/lt\\\/#website\"},\"primaryImageOfPage\":{\"@id\":\"https:\\\/\\\/medicinasinc.com\\\/lt\\\/product\\\/pirkti-thca-kristalai-virsutine-lentyna\\\/#primaryimage\"},\"image\":{\"@id\":\"https:\\\/\\\/medicinasinc.com\\\/lt\\\/product\\\/pirkti-thca-kristalai-virsutine-lentyna\\\/#primaryimage\"},\"thumbnailUrl\":\"https:\\\/\\\/medicinasinc.com\\\/lt\\\/wp-content\\\/uploads\\\/sites\\\/9\\\/2022\\\/02\\\/Buy-THCA-Crystals-Top-Shelf.jpg\",\"datePublished\":\"2022-02-20T16:18:47+00:00\",\"dateModified\":\"2022-03-20T12:33:25+00:00\",\"description\":\"Pirkite thca crystalline internetu Europa, parduodu thca crystal, kristalinius deimantus NL, thc crystalline \u0161alia man\u0119s, pirkite thc kristalus Europoje.\",\"breadcrumb\":{\"@id\":\"https:\\\/\\\/medicinasinc.com\\\/lt\\\/product\\\/pirkti-thca-kristalai-virsutine-lentyna\\\/#breadcrumb\"},\"inLanguage\":\"en-US\",\"potentialAction\":[{\"@type\":\"ReadAction\",\"target\":[\"https:\\\/\\\/medicinasinc.com\\\/lt\\\/product\\\/pirkti-thca-kristalai-virsutine-lentyna\\\/\"]}]},{\"@type\":\"ImageObject\",\"inLanguage\":\"en-US\",\"@id\":\"https:\\\/\\\/medicinasinc.com\\\/lt\\\/product\\\/pirkti-thca-kristalai-virsutine-lentyna\\\/#primaryimage\",\"url\":\"https:\\\/\\\/medicinasinc.com\\\/lt\\\/wp-content\\\/uploads\\\/sites\\\/9\\\/2022\\\/02\\\/Buy-THCA-Crystals-Top-Shelf.jpg\",\"contentUrl\":\"https:\\\/\\\/medicinasinc.com\\\/lt\\\/wp-content\\\/uploads\\\/sites\\\/9\\\/2022\\\/02\\\/Buy-THCA-Crystals-Top-Shelf.jpg\",\"width\":600,\"height\":600},{\"@type\":\"BreadcrumbList\",\"@id\":\"https:\\\/\\\/medicinasinc.com\\\/lt\\\/product\\\/pirkti-thca-kristalai-virsutine-lentyna\\\/#breadcrumb\",\"itemListElement\":[{\"@type\":\"ListItem\",\"position\":1,\"name\":\"Parduotuv\u0117\",\"item\":\"https:\\\/\\\/medicinasinc.com\\\/lt\\\/parduotuve\\\/\"},{\"@type\":\"ListItem\",\"position\":2,\"name\":\"Pirkite THCA kristalus \u2013 vir\u0161utin\u0119 lentyn\u0105\"}]},{\"@type\":\"WebSite\",\"@id\":\"https:\\\/\\\/medicinasinc.com\\\/lt\\\/#website\",\"url\":\"https:\\\/\\\/medicinasinc.com\\\/lt\\\/\",\"name\":\"Medicinas Inc\",\"description\":\"Sveikatos medicinos klinika\",\"potentialAction\":[{\"@type\":\"SearchAction\",\"target\":{\"@type\":\"EntryPoint\",\"urlTemplate\":\"https:\\\/\\\/medicinasinc.com\\\/lt\\\/?s={search_term_string}\"},\"query-input\":{\"@type\":\"PropertyValueSpecification\",\"valueRequired\":true,\"valueName\":\"search_term_string\"}}],\"inLanguage\":\"en-US\"}]}<\/script>\n<!-- \/ Yoast SEO plugin. -->","yoast_head_json":{"title":"Pirkite THCA kristalus \u2013 vir\u0161utin\u0117 lentyna \u2013 geriausi pasaulyje vaistai","description":"Pirkite thca crystalline internetu Europa, parduodu thca crystal, kristalinius deimantus NL, thc crystalline \u0161alia man\u0119s, pirkite thc kristalus Europoje.","robots":{"index":"index","follow":"follow","max-snippet":"max-snippet:-1","max-image-preview":"max-image-preview:large","max-video-preview":"max-video-preview:-1"},"canonical":"https:\/\/medicinasinc.com\/lt\/product\/pirkti-thca-kristalai-virsutine-lentyna\/","og_locale":"en_US","og_type":"article","og_title":"Pirkite THCA kristalus \u2013 vir\u0161utin\u0117 lentyna \u2013 geriausi pasaulyje vaistai","og_description":"Pirkite thca crystalline internetu Europa, parduodu thca crystal, kristalinius deimantus NL, thc crystalline \u0161alia man\u0119s, pirkite thc kristalus Europoje.","og_url":"https:\/\/medicinasinc.com\/lt\/product\/pirkti-thca-kristalai-virsutine-lentyna\/","og_site_name":"Medicinas Inc","article_modified_time":"2022-03-20T12:33:25+00:00","og_image":[{"width":600,"height":600,"url":"https:\/\/medicinasinc.com\/lt\/wp-content\/uploads\/sites\/9\/2022\/02\/Buy-THCA-Crystals-Top-Shelf.jpg","type":"image\/jpeg"}],"twitter_card":"summary_large_image","twitter_misc":{"Est. reading time":"2 minutes"},"schema":{"@context":"https:\/\/schema.org","@graph":[{"@type":"WebPage","@id":"https:\/\/medicinasinc.com\/lt\/product\/pirkti-thca-kristalai-virsutine-lentyna\/","url":"https:\/\/medicinasinc.com\/lt\/product\/pirkti-thca-kristalai-virsutine-lentyna\/","name":"Pirkite THCA kristalus \u2013 vir\u0161utin\u0117 lentyna \u2013 geriausi pasaulyje vaistai","isPartOf":{"@id":"https:\/\/medicinasinc.com\/lt\/#website"},"primaryImageOfPage":{"@id":"https:\/\/medicinasinc.com\/lt\/product\/pirkti-thca-kristalai-virsutine-lentyna\/#primaryimage"},"image":{"@id":"https:\/\/medicinasinc.com\/lt\/product\/pirkti-thca-kristalai-virsutine-lentyna\/#primaryimage"},"thumbnailUrl":"https:\/\/medicinasinc.com\/lt\/wp-content\/uploads\/sites\/9\/2022\/02\/Buy-THCA-Crystals-Top-Shelf.jpg","datePublished":"2022-02-20T16:18:47+00:00","dateModified":"2022-03-20T12:33:25+00:00","description":"Pirkite thca crystalline internetu Europa, parduodu thca crystal, kristalinius deimantus NL, thc crystalline \u0161alia man\u0119s, pirkite thc kristalus Europoje.","breadcrumb":{"@id":"https:\/\/medicinasinc.com\/lt\/product\/pirkti-thca-kristalai-virsutine-lentyna\/#breadcrumb"},"inLanguage":"en-US","potentialAction":[{"@type":"ReadAction","target":["https:\/\/medicinasinc.com\/lt\/product\/pirkti-thca-kristalai-virsutine-lentyna\/"]}]},{"@type":"ImageObject","inLanguage":"en-US","@id":"https:\/\/medicinasinc.com\/lt\/product\/pirkti-thca-kristalai-virsutine-lentyna\/#primaryimage","url":"https:\/\/medicinasinc.com\/lt\/wp-content\/uploads\/sites\/9\/2022\/02\/Buy-THCA-Crystals-Top-Shelf.jpg","contentUrl":"https:\/\/medicinasinc.com\/lt\/wp-content\/uploads\/sites\/9\/2022\/02\/Buy-THCA-Crystals-Top-Shelf.jpg","width":600,"height":600},{"@type":"BreadcrumbList","@id":"https:\/\/medicinasinc.com\/lt\/product\/pirkti-thca-kristalai-virsutine-lentyna\/#breadcrumb","itemListElement":[{"@type":"ListItem","position":1,"name":"Parduotuv\u0117","item":"https:\/\/medicinasinc.com\/lt\/parduotuve\/"},{"@type":"ListItem","position":2,"name":"Pirkite THCA kristalus \u2013 vir\u0161utin\u0119 lentyn\u0105"}]},{"@type":"WebSite","@id":"https:\/\/medicinasinc.com\/lt\/#website","url":"https:\/\/medicinasinc.com\/lt\/","name":"Medicinas Inc","description":"Sveikatos medicinos klinika","potentialAction":[{"@type":"SearchAction","target":{"@type":"EntryPoint","urlTemplate":"https:\/\/medicinasinc.com\/lt\/?s={search_term_string}"},"query-input":{"@type":"PropertyValueSpecification","valueRequired":true,"valueName":"search_term_string"}}],"inLanguage":"en-US"}]}},"_links":{"self":[{"href":"https:\/\/medicinasinc.com\/lt\/wp-json\/wp\/v2\/product\/4810","targetHints":{"allow":["GET"]}}],"collection":[{"href":"https:\/\/medicinasinc.com\/lt\/wp-json\/wp\/v2\/product"}],"about":[{"href":"https:\/\/medicinasinc.com\/lt\/wp-json\/wp\/v2\/types\/product"}],"replies":[{"embeddable":true,"href":"https:\/\/medicinasinc.com\/lt\/wp-json\/wp\/v2\/comments?post=4810"}],"wp:featuredmedia":[{"embeddable":true,"href":"https:\/\/medicinasinc.com\/lt\/wp-json\/wp\/v2\/media\/4823"}],"wp:attachment":[{"href":"https:\/\/medicinasinc.com\/lt\/wp-json\/wp\/v2\/media?parent=4810"}],"wp:term":[{"taxonomy":"product_brand","embeddable":true,"href":"https:\/\/medicinasinc.com\/lt\/wp-json\/wp\/v2\/product_brand?post=4810"},{"taxonomy":"product_cat","embeddable":true,"href":"https:\/\/medicinasinc.com\/lt\/wp-json\/wp\/v2\/product_cat?post=4810"},{"taxonomy":"product_tag","embeddable":true,"href":"https:\/\/medicinasinc.com\/lt\/wp-json\/wp\/v2\/product_tag?post=4810"}],"curies":[{"name":"wp","href":"https:\/\/api.w.org\/{rel}","templated":true}]}}