{"id":4808,"date":"2022-02-20T16:17:53","date_gmt":"2022-02-20T16:17:53","guid":{"rendered":"https:\/\/medicinasinc.com\/lt\/?post_type=product&#038;p=4808"},"modified":"2022-03-20T12:33:34","modified_gmt":"2022-03-20T12:33:34","slug":"pirkti-1p-lsd-100mcg-blotters","status":"publish","type":"product","link":"https:\/\/medicinasinc.com\/lt\/product\/pirkti-1p-lsd-100mcg-blotters\/","title":{"rendered":"Pirkite 1P-LSD 100mcg bloterius"},"content":{"rendered":"<p>Pirkite 1P-LSD 100 mcg blotters su nuolaida internetu.<\/p>\n<p>L.S.D. yra Indica paderm\u0117, kuri buvo pavadinta ypa\u010d haliucinogeninio vaisto vardu d\u0117l \u0161ios paderm\u0117s ypa\u010d haliucinogeni\u0161kumo ir didelio smegen\u0173 poveikio. \u012etampa prasideda nuo energingo d\u017eiaugsmo jausmo, kuris gali aptemdyti prot\u0105 ir palikti kelis klientus visi\u0161kai suglumusius ir \u201eintelektualiai \u012fstrigusius\u201c. Nepaisant stipraus smegen\u0173 stimuliavimo, kai kurie klientai teigia, kad po LSD vartojimo jau\u010diasi labiau novatori\u0161ki arba socialesni<\/p>\n<p>Pirkite 1P-LSD 100 mcg blotters internetu su nuolaida.<\/p>\n<p>Tokio lygio psichin\u0117 stimuliacija yra labai ne\u012fprasta. u\u017e Indica. Kaip galima tik\u0117tis i\u0161 Indica gautos med\u017eiagos, L.S.D. taip pat turi tipi\u0161k\u0105 Indikos kilm\u0117s poveik\u012f organizmui. Klientai da\u017enai pastebi revoliucin\u012f k\u016bno jautrum\u0105 ma\u017einant\u012f poveik\u012f pra\u0117jus 1-2 valandoms po nurijimo, kai i\u0161nyksta did\u017eioji dalis smegen\u0173 poveikio. Neigiamas poveikis gali b\u016bti burnos d\u017ei\u016bvimas, aki\u0173 sausumas, mieguistumas, galvos skausmai ir nedidelis nepasitik\u0117jimas.<\/p>\n<p>Dauguma \u017emoni\u0173 gali b\u016bti naudojama bet kuriuo paros metu, kad suma\u017eint\u0173 nuo lengvo iki stipraus nuolatinio pulsuojan\u010dio skausmo. LSD da\u017enai skiriamas siekiant pad\u0117ti valdyti spaudim\u0105, nerim\u0105 ar nelaim\u0119. Be to, pacientai naudoja paderm\u0119 nemigai gydyti, o kai kurie \u2013 galvos skausmui mal\u0161inti.<\/p>\n<p>L.S.D. yra \u201eMazar\u201c ir itin seno \u201eSkunk\u201c asortimento \u201eSkunk #1\u201c, kur\u012f suk\u016br\u0117 \u201eBarney&#8217;s Farm\u201c, derinys. Nors \u0161i atmaina nerekomenduojama naujiems gamintojams, j\u0105 itin lengva auginti d\u0117l atsparumo daugeliui infekcij\u0173 ir galimyb\u0117s auginti tiek lauke, tiek patalpose. \u017dyd\u0117jimo laikas nuo 65 iki 78 dien\u0173, L.S.D. gali pagaminti iki 650 gram\u0173 i\u0161 kvadratinio metro. Retkar\u010diais vir\u0161ija 60 centimetr\u0173 ilgio, \u0161tamas paprastai baigiasi baland\u012f pietiniame pusiaujoje ir spal\u012f \u0161iauriniame. \u0160ioje paderm\u0117je THC yra iki 24 %.<\/p>\n","protected":false},"excerpt":{"rendered":"<p>Kur galiu \u012fsigyti 1P-LSD bloterius? Geriausios tyrim\u0173 chemin\u0117s med\u017eiagos rinkoje &#8211; Greitas pristatymas! Pirkite 1P-LSD Blotters naudodami Bitcoin, banko pavedimu ir kitais b\u016bdais.<\/p>\n","protected":false},"featured_media":4821,"comment_status":"open","ping_status":"closed","template":"","meta":[],"product_brand":[],"product_cat":[703],"product_tag":[],"class_list":{"0":"post-4808","1":"product","2":"type-product","3":"status-publish","4":"has-post-thumbnail","6":"product_cat-pirkti-psichodelinius-vaistus","8":"first","9":"instock","10":"shipping-taxable","11":"purchasable","12":"product-type-variable","13":"has-default-attributes"},"yoast_head":"<!-- This site is optimized with the Yoast SEO plugin v27.3 - https:\/\/yoast.com\/product\/yoast-seo-wordpress\/ -->\n<title>Pirkite 1P-LSD pigius 100 mcg blotterius \u2013 geriausius pasaulinius vaistus<\/title>\n<meta name=\"description\" content=\"U\u017esisakyti 1P-LSD bloterius? Geriausi tyrim\u0173 chemikalai \u2013 greitas pristatymas! Pirkite 1P-LSD Blotters su Bitcoin, banko pavedimu ir kt.\" \/>\n<meta name=\"robots\" content=\"index, follow, max-snippet:-1, max-image-preview:large, max-video-preview:-1\" \/>\n<link rel=\"canonical\" href=\"https:\/\/medicinasinc.com\/lt\/product\/pirkti-1p-lsd-100mcg-blotters\/\" \/>\n<meta property=\"og:locale\" content=\"en_US\" \/>\n<meta property=\"og:type\" content=\"article\" \/>\n<meta property=\"og:title\" content=\"Pirkite 1P-LSD pigius 100 mcg blotterius \u2013 geriausius pasaulinius vaistus\" \/>\n<meta property=\"og:description\" content=\"U\u017esisakyti 1P-LSD bloterius? Geriausi tyrim\u0173 chemikalai \u2013 greitas pristatymas! Pirkite 1P-LSD Blotters su Bitcoin, banko pavedimu ir kt.\" \/>\n<meta property=\"og:url\" content=\"https:\/\/medicinasinc.com\/lt\/product\/pirkti-1p-lsd-100mcg-blotters\/\" \/>\n<meta property=\"og:site_name\" content=\"Medicinas Inc\" \/>\n<meta property=\"article:modified_time\" content=\"2022-03-20T12:33:34+00:00\" \/>\n<meta property=\"og:image\" content=\"https:\/\/medicinasinc.com\/lt\/wp-content\/uploads\/sites\/9\/2022\/02\/Buy-1P-LSD-100mcg-Blotters-cheap-online.jpg\" \/>\n\t<meta property=\"og:image:width\" content=\"600\" \/>\n\t<meta property=\"og:image:height\" content=\"600\" \/>\n\t<meta property=\"og:image:type\" content=\"image\/jpeg\" \/>\n<meta name=\"twitter:card\" content=\"summary_large_image\" \/>\n<meta name=\"twitter:label1\" content=\"Est. reading time\" \/>\n\t<meta name=\"twitter:data1\" content=\"2 minutes\" \/>\n<script type=\"application\/ld+json\" class=\"yoast-schema-graph\">{\"@context\":\"https:\\\/\\\/schema.org\",\"@graph\":[{\"@type\":\"WebPage\",\"@id\":\"https:\\\/\\\/medicinasinc.com\\\/lt\\\/product\\\/pirkti-1p-lsd-100mcg-blotters\\\/\",\"url\":\"https:\\\/\\\/medicinasinc.com\\\/lt\\\/product\\\/pirkti-1p-lsd-100mcg-blotters\\\/\",\"name\":\"Pirkite 1P-LSD pigius 100 mcg blotterius \u2013 geriausius pasaulinius vaistus\",\"isPartOf\":{\"@id\":\"https:\\\/\\\/medicinasinc.com\\\/lt\\\/#website\"},\"primaryImageOfPage\":{\"@id\":\"https:\\\/\\\/medicinasinc.com\\\/lt\\\/product\\\/pirkti-1p-lsd-100mcg-blotters\\\/#primaryimage\"},\"image\":{\"@id\":\"https:\\\/\\\/medicinasinc.com\\\/lt\\\/product\\\/pirkti-1p-lsd-100mcg-blotters\\\/#primaryimage\"},\"thumbnailUrl\":\"https:\\\/\\\/medicinasinc.com\\\/lt\\\/wp-content\\\/uploads\\\/sites\\\/9\\\/2022\\\/02\\\/Buy-1P-LSD-100mcg-Blotters-cheap-online.jpg\",\"datePublished\":\"2022-02-20T16:17:53+00:00\",\"dateModified\":\"2022-03-20T12:33:34+00:00\",\"description\":\"U\u017esisakyti 1P-LSD bloterius? Geriausi tyrim\u0173 chemikalai \u2013 greitas pristatymas! Pirkite 1P-LSD Blotters su Bitcoin, banko pavedimu ir kt.\",\"breadcrumb\":{\"@id\":\"https:\\\/\\\/medicinasinc.com\\\/lt\\\/product\\\/pirkti-1p-lsd-100mcg-blotters\\\/#breadcrumb\"},\"inLanguage\":\"en-US\",\"potentialAction\":[{\"@type\":\"ReadAction\",\"target\":[\"https:\\\/\\\/medicinasinc.com\\\/lt\\\/product\\\/pirkti-1p-lsd-100mcg-blotters\\\/\"]}]},{\"@type\":\"ImageObject\",\"inLanguage\":\"en-US\",\"@id\":\"https:\\\/\\\/medicinasinc.com\\\/lt\\\/product\\\/pirkti-1p-lsd-100mcg-blotters\\\/#primaryimage\",\"url\":\"https:\\\/\\\/medicinasinc.com\\\/lt\\\/wp-content\\\/uploads\\\/sites\\\/9\\\/2022\\\/02\\\/Buy-1P-LSD-100mcg-Blotters-cheap-online.jpg\",\"contentUrl\":\"https:\\\/\\\/medicinasinc.com\\\/lt\\\/wp-content\\\/uploads\\\/sites\\\/9\\\/2022\\\/02\\\/Buy-1P-LSD-100mcg-Blotters-cheap-online.jpg\",\"width\":600,\"height\":600},{\"@type\":\"BreadcrumbList\",\"@id\":\"https:\\\/\\\/medicinasinc.com\\\/lt\\\/product\\\/pirkti-1p-lsd-100mcg-blotters\\\/#breadcrumb\",\"itemListElement\":[{\"@type\":\"ListItem\",\"position\":1,\"name\":\"Parduotuv\u0117\",\"item\":\"https:\\\/\\\/medicinasinc.com\\\/lt\\\/parduotuve\\\/\"},{\"@type\":\"ListItem\",\"position\":2,\"name\":\"Pirkite 1P-LSD 100mcg bloterius\"}]},{\"@type\":\"WebSite\",\"@id\":\"https:\\\/\\\/medicinasinc.com\\\/lt\\\/#website\",\"url\":\"https:\\\/\\\/medicinasinc.com\\\/lt\\\/\",\"name\":\"Medicinas Inc\",\"description\":\"Sveikatos medicinos klinika\",\"potentialAction\":[{\"@type\":\"SearchAction\",\"target\":{\"@type\":\"EntryPoint\",\"urlTemplate\":\"https:\\\/\\\/medicinasinc.com\\\/lt\\\/?s={search_term_string}\"},\"query-input\":{\"@type\":\"PropertyValueSpecification\",\"valueRequired\":true,\"valueName\":\"search_term_string\"}}],\"inLanguage\":\"en-US\"}]}<\/script>\n<!-- \/ Yoast SEO plugin. -->","yoast_head_json":{"title":"Pirkite 1P-LSD pigius 100 mcg blotterius \u2013 geriausius pasaulinius vaistus","description":"U\u017esisakyti 1P-LSD bloterius? Geriausi tyrim\u0173 chemikalai \u2013 greitas pristatymas! Pirkite 1P-LSD Blotters su Bitcoin, banko pavedimu ir kt.","robots":{"index":"index","follow":"follow","max-snippet":"max-snippet:-1","max-image-preview":"max-image-preview:large","max-video-preview":"max-video-preview:-1"},"canonical":"https:\/\/medicinasinc.com\/lt\/product\/pirkti-1p-lsd-100mcg-blotters\/","og_locale":"en_US","og_type":"article","og_title":"Pirkite 1P-LSD pigius 100 mcg blotterius \u2013 geriausius pasaulinius vaistus","og_description":"U\u017esisakyti 1P-LSD bloterius? Geriausi tyrim\u0173 chemikalai \u2013 greitas pristatymas! Pirkite 1P-LSD Blotters su Bitcoin, banko pavedimu ir kt.","og_url":"https:\/\/medicinasinc.com\/lt\/product\/pirkti-1p-lsd-100mcg-blotters\/","og_site_name":"Medicinas Inc","article_modified_time":"2022-03-20T12:33:34+00:00","og_image":[{"width":600,"height":600,"url":"https:\/\/medicinasinc.com\/lt\/wp-content\/uploads\/sites\/9\/2022\/02\/Buy-1P-LSD-100mcg-Blotters-cheap-online.jpg","type":"image\/jpeg"}],"twitter_card":"summary_large_image","twitter_misc":{"Est. reading time":"2 minutes"},"schema":{"@context":"https:\/\/schema.org","@graph":[{"@type":"WebPage","@id":"https:\/\/medicinasinc.com\/lt\/product\/pirkti-1p-lsd-100mcg-blotters\/","url":"https:\/\/medicinasinc.com\/lt\/product\/pirkti-1p-lsd-100mcg-blotters\/","name":"Pirkite 1P-LSD pigius 100 mcg blotterius \u2013 geriausius pasaulinius vaistus","isPartOf":{"@id":"https:\/\/medicinasinc.com\/lt\/#website"},"primaryImageOfPage":{"@id":"https:\/\/medicinasinc.com\/lt\/product\/pirkti-1p-lsd-100mcg-blotters\/#primaryimage"},"image":{"@id":"https:\/\/medicinasinc.com\/lt\/product\/pirkti-1p-lsd-100mcg-blotters\/#primaryimage"},"thumbnailUrl":"https:\/\/medicinasinc.com\/lt\/wp-content\/uploads\/sites\/9\/2022\/02\/Buy-1P-LSD-100mcg-Blotters-cheap-online.jpg","datePublished":"2022-02-20T16:17:53+00:00","dateModified":"2022-03-20T12:33:34+00:00","description":"U\u017esisakyti 1P-LSD bloterius? Geriausi tyrim\u0173 chemikalai \u2013 greitas pristatymas! Pirkite 1P-LSD Blotters su Bitcoin, banko pavedimu ir kt.","breadcrumb":{"@id":"https:\/\/medicinasinc.com\/lt\/product\/pirkti-1p-lsd-100mcg-blotters\/#breadcrumb"},"inLanguage":"en-US","potentialAction":[{"@type":"ReadAction","target":["https:\/\/medicinasinc.com\/lt\/product\/pirkti-1p-lsd-100mcg-blotters\/"]}]},{"@type":"ImageObject","inLanguage":"en-US","@id":"https:\/\/medicinasinc.com\/lt\/product\/pirkti-1p-lsd-100mcg-blotters\/#primaryimage","url":"https:\/\/medicinasinc.com\/lt\/wp-content\/uploads\/sites\/9\/2022\/02\/Buy-1P-LSD-100mcg-Blotters-cheap-online.jpg","contentUrl":"https:\/\/medicinasinc.com\/lt\/wp-content\/uploads\/sites\/9\/2022\/02\/Buy-1P-LSD-100mcg-Blotters-cheap-online.jpg","width":600,"height":600},{"@type":"BreadcrumbList","@id":"https:\/\/medicinasinc.com\/lt\/product\/pirkti-1p-lsd-100mcg-blotters\/#breadcrumb","itemListElement":[{"@type":"ListItem","position":1,"name":"Parduotuv\u0117","item":"https:\/\/medicinasinc.com\/lt\/parduotuve\/"},{"@type":"ListItem","position":2,"name":"Pirkite 1P-LSD 100mcg bloterius"}]},{"@type":"WebSite","@id":"https:\/\/medicinasinc.com\/lt\/#website","url":"https:\/\/medicinasinc.com\/lt\/","name":"Medicinas Inc","description":"Sveikatos medicinos klinika","potentialAction":[{"@type":"SearchAction","target":{"@type":"EntryPoint","urlTemplate":"https:\/\/medicinasinc.com\/lt\/?s={search_term_string}"},"query-input":{"@type":"PropertyValueSpecification","valueRequired":true,"valueName":"search_term_string"}}],"inLanguage":"en-US"}]}},"_links":{"self":[{"href":"https:\/\/medicinasinc.com\/lt\/wp-json\/wp\/v2\/product\/4808","targetHints":{"allow":["GET"]}}],"collection":[{"href":"https:\/\/medicinasinc.com\/lt\/wp-json\/wp\/v2\/product"}],"about":[{"href":"https:\/\/medicinasinc.com\/lt\/wp-json\/wp\/v2\/types\/product"}],"replies":[{"embeddable":true,"href":"https:\/\/medicinasinc.com\/lt\/wp-json\/wp\/v2\/comments?post=4808"}],"wp:featuredmedia":[{"embeddable":true,"href":"https:\/\/medicinasinc.com\/lt\/wp-json\/wp\/v2\/media\/4821"}],"wp:attachment":[{"href":"https:\/\/medicinasinc.com\/lt\/wp-json\/wp\/v2\/media?parent=4808"}],"wp:term":[{"taxonomy":"product_brand","embeddable":true,"href":"https:\/\/medicinasinc.com\/lt\/wp-json\/wp\/v2\/product_brand?post=4808"},{"taxonomy":"product_cat","embeddable":true,"href":"https:\/\/medicinasinc.com\/lt\/wp-json\/wp\/v2\/product_cat?post=4808"},{"taxonomy":"product_tag","embeddable":true,"href":"https:\/\/medicinasinc.com\/lt\/wp-json\/wp\/v2\/product_tag?post=4808"}],"curies":[{"name":"wp","href":"https:\/\/api.w.org\/{rel}","templated":true}]}}