{"id":4794,"date":"2022-02-20T16:06:08","date_gmt":"2022-02-20T16:06:08","guid":{"rendered":"https:\/\/medicinasinc.com\/lt\/?post_type=product&#038;p=4794"},"modified":"2022-03-20T12:33:56","modified_gmt":"2022-03-20T12:33:56","slug":"pirkti-nyc-dyzelinas-budder-virsutine-lentyna","status":"publish","type":"product","link":"https:\/\/medicinasinc.com\/lt\/product\/pirkti-nyc-dyzelinas-budder-virsutine-lentyna\/","title":{"rendered":"Pirkite NYC Diesel Budder \u2013 vir\u0161utin\u0117 lentyna"},"content":{"rendered":"<p>Pirkite New York City Diesel Budder \u2013 vir\u0161utin\u0117 lentyna<\/p>\n<p>NYC Diesel yra 60 % Sativa atmaina, kuri yra meksikie\u010di\u0173 ir afgan\u0173 \u017eem\u0117s rasi\u0173 genetikos kry\u017eminis. Stipriai kvepia a\u0161triais greipfrutais ir r\u016bg\u0161\u010diais citrusiniais vaisiais. NYC Diesel yra puiki dienos \u012ftampa d\u0117l stiprios smegen\u0173 stimuliacijos, kuri skatina protin\u012f ai\u0161kum\u0105 ir budrum\u0105. Be energijos suteikian\u010dio poveikio, NYC Diesel pakelia nuotaik\u0105 ir skatina k\u016brybi\u0161kum\u0105, tod\u0117l yra veiksmingas depresijos gydymas. Laikui b\u0117gant \u0161ios paderm\u0117s poveikis sukelia lengv\u0105 k\u016bno atsipalaidavim\u0105, kuris nesukelia mieguistumo, ta\u010diau kai kuriems vartotojams gali sukelti apetit\u0105. Veiksmingiausias NYC Diesel naudojimas yra nerimo \/ socialinio nerimo, depresijos, l\u0117tinio skausmo, apetito praradimo ir prastos nuotaikos gydymui.<\/p>\n","protected":false},"excerpt":{"rendered":"<p>Pirkite NYC Diesel Budderl &#8211; \u0160i\u0105 60 procent\u0173 Sativa dominuojan\u010di\u0105 paderm\u0119, sukry\u017emint\u0105 Meksikos ir Afganistano \u017eemi\u0173 rasi\u0173, dabar galima \u012fsigyti u\u017e geriausi\u0105 kain\u0105.<\/p>\n<ul>\n<li>Pristatymas visame pasaulyje<\/li>\n<li><strong>Koncentratas, sudarytas i\u0161 97 -99 % THC<\/strong><\/li>\n<li><strong>99 % gryno THC-A<\/strong><\/li>\n<li><strong>Susisiekite su mumis<\/strong>\u00a0d\u0117l didesni\u0173 u\u017esakym\u0173<\/li>\n<p>&gt; <\/ul>\n","protected":false},"featured_media":4807,"comment_status":"open","ping_status":"closed","template":"","meta":[],"product_brand":[],"product_cat":[702],"product_tag":[],"class_list":{"0":"post-4794","1":"product","2":"type-product","3":"status-publish","4":"has-post-thumbnail","6":"product_cat-pirkti-kanapi-c5-b3-va-c5-a1k-c4-85","8":"first","9":"instock","10":"shipping-taxable","11":"purchasable","12":"product-type-variable","13":"has-default-attributes"},"yoast_head":"<!-- This site is optimized with the Yoast SEO plugin v27.3 - https:\/\/yoast.com\/product\/yoast-seo-wordpress\/ -->\n<title>Pirkite NYC Diesel Budder \u2013 vir\u0161utin\u0117 lentyna \u2013 geriausi pasaulyje vaistai<\/title>\n<meta name=\"description\" content=\"Pirkite NYC Diesel Budderl \u2013 Meksikos ir Afganistano kra\u0161to rasi\u0173 mi\u0161r\u016bnas. Tai 60 % Sativa dominuojanti atmaina, kuri\u0105 dabar galima parduoti u\u017e geriausi\u0105 kain\u0105.\" \/>\n<meta name=\"robots\" content=\"index, follow, max-snippet:-1, max-image-preview:large, max-video-preview:-1\" \/>\n<link rel=\"canonical\" href=\"https:\/\/medicinasinc.com\/lt\/product\/pirkti-nyc-dyzelinas-budder-virsutine-lentyna\/\" \/>\n<meta property=\"og:locale\" content=\"en_US\" \/>\n<meta property=\"og:type\" content=\"article\" \/>\n<meta property=\"og:title\" content=\"Pirkite NYC Diesel Budder \u2013 vir\u0161utin\u0117 lentyna \u2013 geriausi pasaulyje vaistai\" \/>\n<meta property=\"og:description\" content=\"Pirkite NYC Diesel Budderl \u2013 Meksikos ir Afganistano kra\u0161to rasi\u0173 mi\u0161r\u016bnas. Tai 60 % Sativa dominuojanti atmaina, kuri\u0105 dabar galima parduoti u\u017e geriausi\u0105 kain\u0105.\" \/>\n<meta property=\"og:url\" content=\"https:\/\/medicinasinc.com\/lt\/product\/pirkti-nyc-dyzelinas-budder-virsutine-lentyna\/\" \/>\n<meta property=\"og:site_name\" content=\"Medicinas Inc\" \/>\n<meta property=\"article:modified_time\" content=\"2022-03-20T12:33:56+00:00\" \/>\n<meta property=\"og:image\" content=\"https:\/\/medicinasinc.com\/lt\/wp-content\/uploads\/sites\/9\/2022\/02\/Buy-NYC-Diesel-Budder..jpg\" \/>\n\t<meta property=\"og:image:width\" content=\"600\" \/>\n\t<meta property=\"og:image:height\" content=\"600\" \/>\n\t<meta property=\"og:image:type\" content=\"image\/jpeg\" \/>\n<meta name=\"twitter:card\" content=\"summary_large_image\" \/>\n<meta name=\"twitter:label1\" content=\"Est. reading time\" \/>\n\t<meta name=\"twitter:data1\" content=\"1 minute\" \/>\n<script type=\"application\/ld+json\" class=\"yoast-schema-graph\">{\"@context\":\"https:\\\/\\\/schema.org\",\"@graph\":[{\"@type\":\"WebPage\",\"@id\":\"https:\\\/\\\/medicinasinc.com\\\/lt\\\/product\\\/pirkti-nyc-dyzelinas-budder-virsutine-lentyna\\\/\",\"url\":\"https:\\\/\\\/medicinasinc.com\\\/lt\\\/product\\\/pirkti-nyc-dyzelinas-budder-virsutine-lentyna\\\/\",\"name\":\"Pirkite NYC Diesel Budder \u2013 vir\u0161utin\u0117 lentyna \u2013 geriausi pasaulyje vaistai\",\"isPartOf\":{\"@id\":\"https:\\\/\\\/medicinasinc.com\\\/lt\\\/#website\"},\"primaryImageOfPage\":{\"@id\":\"https:\\\/\\\/medicinasinc.com\\\/lt\\\/product\\\/pirkti-nyc-dyzelinas-budder-virsutine-lentyna\\\/#primaryimage\"},\"image\":{\"@id\":\"https:\\\/\\\/medicinasinc.com\\\/lt\\\/product\\\/pirkti-nyc-dyzelinas-budder-virsutine-lentyna\\\/#primaryimage\"},\"thumbnailUrl\":\"https:\\\/\\\/medicinasinc.com\\\/lt\\\/wp-content\\\/uploads\\\/sites\\\/9\\\/2022\\\/02\\\/Buy-NYC-Diesel-Budder..jpg\",\"datePublished\":\"2022-02-20T16:06:08+00:00\",\"dateModified\":\"2022-03-20T12:33:56+00:00\",\"description\":\"Pirkite NYC Diesel Budderl \u2013 Meksikos ir Afganistano kra\u0161to rasi\u0173 mi\u0161r\u016bnas. Tai 60 % Sativa dominuojanti atmaina, kuri\u0105 dabar galima parduoti u\u017e geriausi\u0105 kain\u0105.\",\"breadcrumb\":{\"@id\":\"https:\\\/\\\/medicinasinc.com\\\/lt\\\/product\\\/pirkti-nyc-dyzelinas-budder-virsutine-lentyna\\\/#breadcrumb\"},\"inLanguage\":\"en-US\",\"potentialAction\":[{\"@type\":\"ReadAction\",\"target\":[\"https:\\\/\\\/medicinasinc.com\\\/lt\\\/product\\\/pirkti-nyc-dyzelinas-budder-virsutine-lentyna\\\/\"]}]},{\"@type\":\"ImageObject\",\"inLanguage\":\"en-US\",\"@id\":\"https:\\\/\\\/medicinasinc.com\\\/lt\\\/product\\\/pirkti-nyc-dyzelinas-budder-virsutine-lentyna\\\/#primaryimage\",\"url\":\"https:\\\/\\\/medicinasinc.com\\\/lt\\\/wp-content\\\/uploads\\\/sites\\\/9\\\/2022\\\/02\\\/Buy-NYC-Diesel-Budder..jpg\",\"contentUrl\":\"https:\\\/\\\/medicinasinc.com\\\/lt\\\/wp-content\\\/uploads\\\/sites\\\/9\\\/2022\\\/02\\\/Buy-NYC-Diesel-Budder..jpg\",\"width\":600,\"height\":600},{\"@type\":\"BreadcrumbList\",\"@id\":\"https:\\\/\\\/medicinasinc.com\\\/lt\\\/product\\\/pirkti-nyc-dyzelinas-budder-virsutine-lentyna\\\/#breadcrumb\",\"itemListElement\":[{\"@type\":\"ListItem\",\"position\":1,\"name\":\"Parduotuv\u0117\",\"item\":\"https:\\\/\\\/medicinasinc.com\\\/lt\\\/parduotuve\\\/\"},{\"@type\":\"ListItem\",\"position\":2,\"name\":\"Pirkite NYC Diesel Budder \u2013 vir\u0161utin\u0117 lentyna\"}]},{\"@type\":\"WebSite\",\"@id\":\"https:\\\/\\\/medicinasinc.com\\\/lt\\\/#website\",\"url\":\"https:\\\/\\\/medicinasinc.com\\\/lt\\\/\",\"name\":\"Medicinas Inc\",\"description\":\"Sveikatos medicinos klinika\",\"potentialAction\":[{\"@type\":\"SearchAction\",\"target\":{\"@type\":\"EntryPoint\",\"urlTemplate\":\"https:\\\/\\\/medicinasinc.com\\\/lt\\\/?s={search_term_string}\"},\"query-input\":{\"@type\":\"PropertyValueSpecification\",\"valueRequired\":true,\"valueName\":\"search_term_string\"}}],\"inLanguage\":\"en-US\"}]}<\/script>\n<!-- \/ Yoast SEO plugin. -->","yoast_head_json":{"title":"Pirkite NYC Diesel Budder \u2013 vir\u0161utin\u0117 lentyna \u2013 geriausi pasaulyje vaistai","description":"Pirkite NYC Diesel Budderl \u2013 Meksikos ir Afganistano kra\u0161to rasi\u0173 mi\u0161r\u016bnas. Tai 60 % Sativa dominuojanti atmaina, kuri\u0105 dabar galima parduoti u\u017e geriausi\u0105 kain\u0105.","robots":{"index":"index","follow":"follow","max-snippet":"max-snippet:-1","max-image-preview":"max-image-preview:large","max-video-preview":"max-video-preview:-1"},"canonical":"https:\/\/medicinasinc.com\/lt\/product\/pirkti-nyc-dyzelinas-budder-virsutine-lentyna\/","og_locale":"en_US","og_type":"article","og_title":"Pirkite NYC Diesel Budder \u2013 vir\u0161utin\u0117 lentyna \u2013 geriausi pasaulyje vaistai","og_description":"Pirkite NYC Diesel Budderl \u2013 Meksikos ir Afganistano kra\u0161to rasi\u0173 mi\u0161r\u016bnas. Tai 60 % Sativa dominuojanti atmaina, kuri\u0105 dabar galima parduoti u\u017e geriausi\u0105 kain\u0105.","og_url":"https:\/\/medicinasinc.com\/lt\/product\/pirkti-nyc-dyzelinas-budder-virsutine-lentyna\/","og_site_name":"Medicinas Inc","article_modified_time":"2022-03-20T12:33:56+00:00","og_image":[{"width":600,"height":600,"url":"https:\/\/medicinasinc.com\/lt\/wp-content\/uploads\/sites\/9\/2022\/02\/Buy-NYC-Diesel-Budder..jpg","type":"image\/jpeg"}],"twitter_card":"summary_large_image","twitter_misc":{"Est. reading time":"1 minute"},"schema":{"@context":"https:\/\/schema.org","@graph":[{"@type":"WebPage","@id":"https:\/\/medicinasinc.com\/lt\/product\/pirkti-nyc-dyzelinas-budder-virsutine-lentyna\/","url":"https:\/\/medicinasinc.com\/lt\/product\/pirkti-nyc-dyzelinas-budder-virsutine-lentyna\/","name":"Pirkite NYC Diesel Budder \u2013 vir\u0161utin\u0117 lentyna \u2013 geriausi pasaulyje vaistai","isPartOf":{"@id":"https:\/\/medicinasinc.com\/lt\/#website"},"primaryImageOfPage":{"@id":"https:\/\/medicinasinc.com\/lt\/product\/pirkti-nyc-dyzelinas-budder-virsutine-lentyna\/#primaryimage"},"image":{"@id":"https:\/\/medicinasinc.com\/lt\/product\/pirkti-nyc-dyzelinas-budder-virsutine-lentyna\/#primaryimage"},"thumbnailUrl":"https:\/\/medicinasinc.com\/lt\/wp-content\/uploads\/sites\/9\/2022\/02\/Buy-NYC-Diesel-Budder..jpg","datePublished":"2022-02-20T16:06:08+00:00","dateModified":"2022-03-20T12:33:56+00:00","description":"Pirkite NYC Diesel Budderl \u2013 Meksikos ir Afganistano kra\u0161to rasi\u0173 mi\u0161r\u016bnas. Tai 60 % Sativa dominuojanti atmaina, kuri\u0105 dabar galima parduoti u\u017e geriausi\u0105 kain\u0105.","breadcrumb":{"@id":"https:\/\/medicinasinc.com\/lt\/product\/pirkti-nyc-dyzelinas-budder-virsutine-lentyna\/#breadcrumb"},"inLanguage":"en-US","potentialAction":[{"@type":"ReadAction","target":["https:\/\/medicinasinc.com\/lt\/product\/pirkti-nyc-dyzelinas-budder-virsutine-lentyna\/"]}]},{"@type":"ImageObject","inLanguage":"en-US","@id":"https:\/\/medicinasinc.com\/lt\/product\/pirkti-nyc-dyzelinas-budder-virsutine-lentyna\/#primaryimage","url":"https:\/\/medicinasinc.com\/lt\/wp-content\/uploads\/sites\/9\/2022\/02\/Buy-NYC-Diesel-Budder..jpg","contentUrl":"https:\/\/medicinasinc.com\/lt\/wp-content\/uploads\/sites\/9\/2022\/02\/Buy-NYC-Diesel-Budder..jpg","width":600,"height":600},{"@type":"BreadcrumbList","@id":"https:\/\/medicinasinc.com\/lt\/product\/pirkti-nyc-dyzelinas-budder-virsutine-lentyna\/#breadcrumb","itemListElement":[{"@type":"ListItem","position":1,"name":"Parduotuv\u0117","item":"https:\/\/medicinasinc.com\/lt\/parduotuve\/"},{"@type":"ListItem","position":2,"name":"Pirkite NYC Diesel Budder \u2013 vir\u0161utin\u0117 lentyna"}]},{"@type":"WebSite","@id":"https:\/\/medicinasinc.com\/lt\/#website","url":"https:\/\/medicinasinc.com\/lt\/","name":"Medicinas Inc","description":"Sveikatos medicinos klinika","potentialAction":[{"@type":"SearchAction","target":{"@type":"EntryPoint","urlTemplate":"https:\/\/medicinasinc.com\/lt\/?s={search_term_string}"},"query-input":{"@type":"PropertyValueSpecification","valueRequired":true,"valueName":"search_term_string"}}],"inLanguage":"en-US"}]}},"_links":{"self":[{"href":"https:\/\/medicinasinc.com\/lt\/wp-json\/wp\/v2\/product\/4794","targetHints":{"allow":["GET"]}}],"collection":[{"href":"https:\/\/medicinasinc.com\/lt\/wp-json\/wp\/v2\/product"}],"about":[{"href":"https:\/\/medicinasinc.com\/lt\/wp-json\/wp\/v2\/types\/product"}],"replies":[{"embeddable":true,"href":"https:\/\/medicinasinc.com\/lt\/wp-json\/wp\/v2\/comments?post=4794"}],"wp:featuredmedia":[{"embeddable":true,"href":"https:\/\/medicinasinc.com\/lt\/wp-json\/wp\/v2\/media\/4807"}],"wp:attachment":[{"href":"https:\/\/medicinasinc.com\/lt\/wp-json\/wp\/v2\/media?parent=4794"}],"wp:term":[{"taxonomy":"product_brand","embeddable":true,"href":"https:\/\/medicinasinc.com\/lt\/wp-json\/wp\/v2\/product_brand?post=4794"},{"taxonomy":"product_cat","embeddable":true,"href":"https:\/\/medicinasinc.com\/lt\/wp-json\/wp\/v2\/product_cat?post=4794"},{"taxonomy":"product_tag","embeddable":true,"href":"https:\/\/medicinasinc.com\/lt\/wp-json\/wp\/v2\/product_tag?post=4794"}],"curies":[{"name":"wp","href":"https:\/\/api.w.org\/{rel}","templated":true}]}}