{"id":4780,"date":"2022-02-20T15:56:42","date_gmt":"2022-02-20T15:56:42","guid":{"rendered":"https:\/\/medicinasinc.com\/lt\/?post_type=product&#038;p=4780"},"modified":"2022-03-20T12:34:06","modified_gmt":"2022-03-20T12:34:06","slug":"pirkti-riebi-rozine-bubba-pumpure-virsutine-lentyna","status":"publish","type":"product","link":"https:\/\/medicinasinc.com\/lt\/product\/pirkti-riebi-rozine-bubba-pumpure-virsutine-lentyna\/","title":{"rendered":"Pirkite rieb\u0173 ro\u017ein\u012f \u201eBubba Budder\u201c \u2013 vir\u0161utin\u0119 lentyn\u0105"},"content":{"rendered":"<p>Pirkite \u201eGreasy Pink Bubba Budder\u201c i\u0161 \u201eTop Shelf\u201c ma\u017emenininko.<\/p>\n<p>\u201eGreasy\u201c Pink Bubba pirmiausia yra Indica atmaina, gauta i\u0161 Pink Kush ir Bubba Kush genetikos. Turb\u016bt geriausiai m\u0117gaujamasi vakare, \u201eGreasy\u201c Pink Bubba suteikia galing\u0105 fizinio atsipalaidavimo doz\u0119, kuri akimirksniu suma\u017eina k\u016bno skausmus. \u0160\u012f ram\u0173 atsipalaidavim\u0105 lydi rami euforija, pama\u017eu u\u017eli\u016bliuojanti vartotoj\u0105 \u012f svajingum\u0105 ir ramyb\u0119. \u201eGreasy\u201c Pink Bubba efektai palaipsniui \u012fsiskverbia \u012f vartotoj\u0105 ir \u0161velniai u\u017eli\u016bliuoja vartotoj\u0105 \u0161iais palaimingai atpalaiduojan\u010diais efektais. \u0160i atmaina pasi\u017eymi klasikiniu Kush aromatu su \u017eemi\u0161kais ir rausvais atspalviais bei g\u0117li\u0173 natomis, kurios i\u0161lieka gomuryje. Pink Bubba \u201eGreasy\u201c gali b\u016bti naudojamas gydyti \u012fvairias sveikatos b\u016bkl\u0119, \u012fskaitant depresij\u0105, nerim\u0105, l\u0117tin\u012f stres\u0105, pykinim\u0105, l\u0117tin\u012f skausm\u0105 ir u\u017edegim\u0105, migren\u0105 \/ galvos skausm\u0105 ir nemig\u0105.<\/p>\n","protected":false},"excerpt":{"rendered":"<p>Pirkite \u201eGreasy Pink Bubba Budder\u201c i\u0161 \u201eTop Shelf\u201c ma\u017emenininko.<\/p>\n<p>&nbsp;<\/p>\n<ul>\n<li>Pristatymas visame pasaulyje<\/li>\n<li>Ma\u017eiausias u\u017esakymo kiekis yra <strong> 3<\/strong><\/li>\n<li><strong>Susisiekite su mumis<\/strong>\u00a0d\u0117l didesni\u0173 u\u017esakym\u0173<\/li>\n<\/ul>\n","protected":false},"featured_media":4795,"comment_status":"open","ping_status":"closed","template":"","meta":[],"product_brand":[],"product_cat":[702],"product_tag":[],"class_list":{"0":"post-4780","1":"product","2":"type-product","3":"status-publish","4":"has-post-thumbnail","6":"product_cat-pirkti-kanapi-c5-b3-va-c5-a1k-c4-85","8":"first","9":"instock","10":"shipping-taxable","11":"purchasable","12":"product-type-variable","13":"has-default-attributes"},"yoast_head":"<!-- This site is optimized with the Yoast SEO plugin v27.3 - https:\/\/yoast.com\/product\/yoast-seo-wordpress\/ -->\n<title>Pirkite rieb\u0173 ro\u017ein\u012f \u201eBubba Budder\u201c \u2013 vir\u0161utin\u0119 lentyn\u0105 - Medicinas Inc<\/title>\n<meta name=\"description\" content=\"Pirkite Greasy Pink Bubba Budder i\u0161 \u201eTop Shelf\u201c ma\u017emenininko.\" \/>\n<meta name=\"robots\" content=\"index, follow, max-snippet:-1, max-image-preview:large, max-video-preview:-1\" \/>\n<link rel=\"canonical\" href=\"https:\/\/medicinasinc.com\/lt\/product\/pirkti-riebi-rozine-bubba-pumpure-virsutine-lentyna\/\" \/>\n<meta property=\"og:locale\" content=\"en_US\" \/>\n<meta property=\"og:type\" content=\"article\" \/>\n<meta property=\"og:title\" content=\"Pirkite rieb\u0173 ro\u017ein\u012f \u201eBubba Budder\u201c \u2013 vir\u0161utin\u0119 lentyn\u0105 - Medicinas Inc\" \/>\n<meta property=\"og:description\" content=\"Pirkite Greasy Pink Bubba Budder i\u0161 \u201eTop Shelf\u201c ma\u017emenininko.\" \/>\n<meta property=\"og:url\" content=\"https:\/\/medicinasinc.com\/lt\/product\/pirkti-riebi-rozine-bubba-pumpure-virsutine-lentyna\/\" \/>\n<meta property=\"og:site_name\" content=\"Medicinas Inc\" \/>\n<meta property=\"article:modified_time\" content=\"2022-03-20T12:34:06+00:00\" \/>\n<meta property=\"og:image\" content=\"https:\/\/medicinasinc.com\/lt\/wp-content\/uploads\/sites\/9\/2022\/02\/Buy-Greasy-Pink-Bubba-Budder.jpg\" \/>\n\t<meta property=\"og:image:width\" content=\"600\" \/>\n\t<meta property=\"og:image:height\" content=\"600\" \/>\n\t<meta property=\"og:image:type\" content=\"image\/jpeg\" \/>\n<meta name=\"twitter:card\" content=\"summary_large_image\" \/>\n<meta name=\"twitter:label1\" content=\"Est. reading time\" \/>\n\t<meta name=\"twitter:data1\" content=\"1 minute\" \/>\n<script type=\"application\/ld+json\" class=\"yoast-schema-graph\">{\"@context\":\"https:\\\/\\\/schema.org\",\"@graph\":[{\"@type\":\"WebPage\",\"@id\":\"https:\\\/\\\/medicinasinc.com\\\/lt\\\/product\\\/pirkti-riebi-rozine-bubba-pumpure-virsutine-lentyna\\\/\",\"url\":\"https:\\\/\\\/medicinasinc.com\\\/lt\\\/product\\\/pirkti-riebi-rozine-bubba-pumpure-virsutine-lentyna\\\/\",\"name\":\"Pirkite rieb\u0173 ro\u017ein\u012f \u201eBubba Budder\u201c \u2013 vir\u0161utin\u0119 lentyn\u0105 - Medicinas Inc\",\"isPartOf\":{\"@id\":\"https:\\\/\\\/medicinasinc.com\\\/lt\\\/#website\"},\"primaryImageOfPage\":{\"@id\":\"https:\\\/\\\/medicinasinc.com\\\/lt\\\/product\\\/pirkti-riebi-rozine-bubba-pumpure-virsutine-lentyna\\\/#primaryimage\"},\"image\":{\"@id\":\"https:\\\/\\\/medicinasinc.com\\\/lt\\\/product\\\/pirkti-riebi-rozine-bubba-pumpure-virsutine-lentyna\\\/#primaryimage\"},\"thumbnailUrl\":\"https:\\\/\\\/medicinasinc.com\\\/lt\\\/wp-content\\\/uploads\\\/sites\\\/9\\\/2022\\\/02\\\/Buy-Greasy-Pink-Bubba-Budder.jpg\",\"datePublished\":\"2022-02-20T15:56:42+00:00\",\"dateModified\":\"2022-03-20T12:34:06+00:00\",\"description\":\"Pirkite Greasy Pink Bubba Budder i\u0161 \u201eTop Shelf\u201c ma\u017emenininko.\",\"breadcrumb\":{\"@id\":\"https:\\\/\\\/medicinasinc.com\\\/lt\\\/product\\\/pirkti-riebi-rozine-bubba-pumpure-virsutine-lentyna\\\/#breadcrumb\"},\"inLanguage\":\"en-US\",\"potentialAction\":[{\"@type\":\"ReadAction\",\"target\":[\"https:\\\/\\\/medicinasinc.com\\\/lt\\\/product\\\/pirkti-riebi-rozine-bubba-pumpure-virsutine-lentyna\\\/\"]}]},{\"@type\":\"ImageObject\",\"inLanguage\":\"en-US\",\"@id\":\"https:\\\/\\\/medicinasinc.com\\\/lt\\\/product\\\/pirkti-riebi-rozine-bubba-pumpure-virsutine-lentyna\\\/#primaryimage\",\"url\":\"https:\\\/\\\/medicinasinc.com\\\/lt\\\/wp-content\\\/uploads\\\/sites\\\/9\\\/2022\\\/02\\\/Buy-Greasy-Pink-Bubba-Budder.jpg\",\"contentUrl\":\"https:\\\/\\\/medicinasinc.com\\\/lt\\\/wp-content\\\/uploads\\\/sites\\\/9\\\/2022\\\/02\\\/Buy-Greasy-Pink-Bubba-Budder.jpg\",\"width\":600,\"height\":600},{\"@type\":\"BreadcrumbList\",\"@id\":\"https:\\\/\\\/medicinasinc.com\\\/lt\\\/product\\\/pirkti-riebi-rozine-bubba-pumpure-virsutine-lentyna\\\/#breadcrumb\",\"itemListElement\":[{\"@type\":\"ListItem\",\"position\":1,\"name\":\"Parduotuv\u0117\",\"item\":\"https:\\\/\\\/medicinasinc.com\\\/lt\\\/parduotuve\\\/\"},{\"@type\":\"ListItem\",\"position\":2,\"name\":\"Pirkite rieb\u0173 ro\u017ein\u012f \u201eBubba Budder\u201c \u2013 vir\u0161utin\u0119 lentyn\u0105\"}]},{\"@type\":\"WebSite\",\"@id\":\"https:\\\/\\\/medicinasinc.com\\\/lt\\\/#website\",\"url\":\"https:\\\/\\\/medicinasinc.com\\\/lt\\\/\",\"name\":\"Medicinas Inc\",\"description\":\"Sveikatos medicinos klinika\",\"potentialAction\":[{\"@type\":\"SearchAction\",\"target\":{\"@type\":\"EntryPoint\",\"urlTemplate\":\"https:\\\/\\\/medicinasinc.com\\\/lt\\\/?s={search_term_string}\"},\"query-input\":{\"@type\":\"PropertyValueSpecification\",\"valueRequired\":true,\"valueName\":\"search_term_string\"}}],\"inLanguage\":\"en-US\"}]}<\/script>\n<!-- \/ Yoast SEO plugin. -->","yoast_head_json":{"title":"Pirkite rieb\u0173 ro\u017ein\u012f \u201eBubba Budder\u201c \u2013 vir\u0161utin\u0119 lentyn\u0105 - Medicinas Inc","description":"Pirkite Greasy Pink Bubba Budder i\u0161 \u201eTop Shelf\u201c ma\u017emenininko.","robots":{"index":"index","follow":"follow","max-snippet":"max-snippet:-1","max-image-preview":"max-image-preview:large","max-video-preview":"max-video-preview:-1"},"canonical":"https:\/\/medicinasinc.com\/lt\/product\/pirkti-riebi-rozine-bubba-pumpure-virsutine-lentyna\/","og_locale":"en_US","og_type":"article","og_title":"Pirkite rieb\u0173 ro\u017ein\u012f \u201eBubba Budder\u201c \u2013 vir\u0161utin\u0119 lentyn\u0105 - Medicinas Inc","og_description":"Pirkite Greasy Pink Bubba Budder i\u0161 \u201eTop Shelf\u201c ma\u017emenininko.","og_url":"https:\/\/medicinasinc.com\/lt\/product\/pirkti-riebi-rozine-bubba-pumpure-virsutine-lentyna\/","og_site_name":"Medicinas Inc","article_modified_time":"2022-03-20T12:34:06+00:00","og_image":[{"width":600,"height":600,"url":"https:\/\/medicinasinc.com\/lt\/wp-content\/uploads\/sites\/9\/2022\/02\/Buy-Greasy-Pink-Bubba-Budder.jpg","type":"image\/jpeg"}],"twitter_card":"summary_large_image","twitter_misc":{"Est. reading time":"1 minute"},"schema":{"@context":"https:\/\/schema.org","@graph":[{"@type":"WebPage","@id":"https:\/\/medicinasinc.com\/lt\/product\/pirkti-riebi-rozine-bubba-pumpure-virsutine-lentyna\/","url":"https:\/\/medicinasinc.com\/lt\/product\/pirkti-riebi-rozine-bubba-pumpure-virsutine-lentyna\/","name":"Pirkite rieb\u0173 ro\u017ein\u012f \u201eBubba Budder\u201c \u2013 vir\u0161utin\u0119 lentyn\u0105 - Medicinas Inc","isPartOf":{"@id":"https:\/\/medicinasinc.com\/lt\/#website"},"primaryImageOfPage":{"@id":"https:\/\/medicinasinc.com\/lt\/product\/pirkti-riebi-rozine-bubba-pumpure-virsutine-lentyna\/#primaryimage"},"image":{"@id":"https:\/\/medicinasinc.com\/lt\/product\/pirkti-riebi-rozine-bubba-pumpure-virsutine-lentyna\/#primaryimage"},"thumbnailUrl":"https:\/\/medicinasinc.com\/lt\/wp-content\/uploads\/sites\/9\/2022\/02\/Buy-Greasy-Pink-Bubba-Budder.jpg","datePublished":"2022-02-20T15:56:42+00:00","dateModified":"2022-03-20T12:34:06+00:00","description":"Pirkite Greasy Pink Bubba Budder i\u0161 \u201eTop Shelf\u201c ma\u017emenininko.","breadcrumb":{"@id":"https:\/\/medicinasinc.com\/lt\/product\/pirkti-riebi-rozine-bubba-pumpure-virsutine-lentyna\/#breadcrumb"},"inLanguage":"en-US","potentialAction":[{"@type":"ReadAction","target":["https:\/\/medicinasinc.com\/lt\/product\/pirkti-riebi-rozine-bubba-pumpure-virsutine-lentyna\/"]}]},{"@type":"ImageObject","inLanguage":"en-US","@id":"https:\/\/medicinasinc.com\/lt\/product\/pirkti-riebi-rozine-bubba-pumpure-virsutine-lentyna\/#primaryimage","url":"https:\/\/medicinasinc.com\/lt\/wp-content\/uploads\/sites\/9\/2022\/02\/Buy-Greasy-Pink-Bubba-Budder.jpg","contentUrl":"https:\/\/medicinasinc.com\/lt\/wp-content\/uploads\/sites\/9\/2022\/02\/Buy-Greasy-Pink-Bubba-Budder.jpg","width":600,"height":600},{"@type":"BreadcrumbList","@id":"https:\/\/medicinasinc.com\/lt\/product\/pirkti-riebi-rozine-bubba-pumpure-virsutine-lentyna\/#breadcrumb","itemListElement":[{"@type":"ListItem","position":1,"name":"Parduotuv\u0117","item":"https:\/\/medicinasinc.com\/lt\/parduotuve\/"},{"@type":"ListItem","position":2,"name":"Pirkite rieb\u0173 ro\u017ein\u012f \u201eBubba Budder\u201c \u2013 vir\u0161utin\u0119 lentyn\u0105"}]},{"@type":"WebSite","@id":"https:\/\/medicinasinc.com\/lt\/#website","url":"https:\/\/medicinasinc.com\/lt\/","name":"Medicinas Inc","description":"Sveikatos medicinos klinika","potentialAction":[{"@type":"SearchAction","target":{"@type":"EntryPoint","urlTemplate":"https:\/\/medicinasinc.com\/lt\/?s={search_term_string}"},"query-input":{"@type":"PropertyValueSpecification","valueRequired":true,"valueName":"search_term_string"}}],"inLanguage":"en-US"}]}},"_links":{"self":[{"href":"https:\/\/medicinasinc.com\/lt\/wp-json\/wp\/v2\/product\/4780","targetHints":{"allow":["GET"]}}],"collection":[{"href":"https:\/\/medicinasinc.com\/lt\/wp-json\/wp\/v2\/product"}],"about":[{"href":"https:\/\/medicinasinc.com\/lt\/wp-json\/wp\/v2\/types\/product"}],"replies":[{"embeddable":true,"href":"https:\/\/medicinasinc.com\/lt\/wp-json\/wp\/v2\/comments?post=4780"}],"wp:featuredmedia":[{"embeddable":true,"href":"https:\/\/medicinasinc.com\/lt\/wp-json\/wp\/v2\/media\/4795"}],"wp:attachment":[{"href":"https:\/\/medicinasinc.com\/lt\/wp-json\/wp\/v2\/media?parent=4780"}],"wp:term":[{"taxonomy":"product_brand","embeddable":true,"href":"https:\/\/medicinasinc.com\/lt\/wp-json\/wp\/v2\/product_brand?post=4780"},{"taxonomy":"product_cat","embeddable":true,"href":"https:\/\/medicinasinc.com\/lt\/wp-json\/wp\/v2\/product_cat?post=4780"},{"taxonomy":"product_tag","embeddable":true,"href":"https:\/\/medicinasinc.com\/lt\/wp-json\/wp\/v2\/product_tag?post=4780"}],"curies":[{"name":"wp","href":"https:\/\/api.w.org\/{rel}","templated":true}]}}