{"id":4779,"date":"2022-02-20T15:55:42","date_gmt":"2022-02-20T15:55:42","guid":{"rendered":"https:\/\/medicinasinc.com\/lt\/?post_type=product&#038;p=4779"},"modified":"2022-03-20T12:34:14","modified_gmt":"2022-03-20T12:34:14","slug":"pirk-aliaskos-griaustinio-fuck-budder-virsutine-lentyna","status":"publish","type":"product","link":"https:\/\/medicinasinc.com\/lt\/product\/pirk-aliaskos-griaustinio-fuck-budder-virsutine-lentyna\/","title":{"rendered":"Pirkite Alaskan Thunder Fuck Budder \u2013 vir\u0161utin\u0117 lentyna"},"content":{"rendered":"<p>Pirkite Alaskan Thunder Fuck Budder \u2013 auk\u0161\u010diausios kokyb\u0117s<\/p>\n<p>Alaskan Thunder Fuck, sutrumpintai ATF, Matanuska Thunder Fuck arba Matanuska Tundra, yra reta sativa dominuojanti atmaina, kilusi i\u0161 Aliaskos Matanuskos sl\u0117nio. Manoma, kad jis atsirado kaip \u0160iaur\u0117s Kalifornijos sativa ir Rusijos ruderalis kry\u017eminimas, o a\u0161tuntojo de\u0161imtme\u010dio pabaigoje buvo sukry\u017emintas su Afganistano genetika. \u0160i atmaina pasi\u017eymi a\u0161triu aromatu, kuriame susilieja pu\u0161is ir citrina su skunko ir mentolio natomis. ATF yra dievinamas d\u0117l savo apetit\u0105 skatinan\u010di\u0173 savybi\u0173 ir \u012f vijoklius pana\u0161i\u0173 savybi\u0173. ATF auk\u0161tas prasideda nuo smegen\u0173 stimuliacijos pli\u016bpsnio, kuris skatina socialin\u0119 s\u0105veik\u0105 ir k\u016brybi\u0161kum\u0105. Did\u0117jant euforijos intensyvumui, k\u016bnas pradeda atsipalaiduoti ir u\u017epl\u016bsta alkis. \u201eAlaskan Thunder Fuck\u201c gali b\u016bti naudojamas l\u0117tiniam stresui, depresijai ir lengvam ar vidutinio sunkumo skausmui gydyti.<\/p>\n","protected":false},"excerpt":{"rendered":"<p>Pirkite \u201eAlaskan Thunder Fuck Budder\u201c \u2013 auk\u0161\u010diausios kokyb\u0117s<\/p>\n<p>&nbsp;<\/p>\n<ul>\n<li>Pristatymas visame pasaulyje<\/li>\n<li>Ma\u017eiausias u\u017esakymo kiekis yra <strong>3<\/p>\n<p> strong&gt;<\/li>\n<li><strong>Susisiekite su mumis<\/strong>\u00a0d\u0117l didesni\u0173 u\u017esakym\u0173<\/li>\n<\/ul>\n","protected":false},"featured_media":4793,"comment_status":"open","ping_status":"closed","template":"","meta":[],"product_brand":[],"product_cat":[702],"product_tag":[],"class_list":{"0":"post-4779","1":"product","2":"type-product","3":"status-publish","4":"has-post-thumbnail","6":"product_cat-pirkti-kanapi-c5-b3-va-c5-a1k-c4-85","8":"first","9":"instock","10":"shipping-taxable","11":"purchasable","12":"product-type-variable","13":"has-default-attributes"},"yoast_head":"<!-- This site is optimized with the Yoast SEO plugin v27.3 - https:\/\/yoast.com\/product\/yoast-seo-wordpress\/ -->\n<title>Pirkite Alaskan Thunder Fuck Budder \u2013 vir\u0161utin\u0117 lentyna - Medicinas Inc<\/title>\n<meta name=\"description\" content=\"Pirkite \u201eAlaskan Thunder Fuck Budder\u201c \u2013 auk\u0161\u010diausios kokyb\u0117s\" \/>\n<meta name=\"robots\" content=\"index, follow, max-snippet:-1, max-image-preview:large, max-video-preview:-1\" \/>\n<link rel=\"canonical\" href=\"https:\/\/medicinasinc.com\/lt\/product\/pirk-aliaskos-griaustinio-fuck-budder-virsutine-lentyna\/\" \/>\n<meta property=\"og:locale\" content=\"en_US\" \/>\n<meta property=\"og:type\" content=\"article\" \/>\n<meta property=\"og:title\" content=\"Pirkite Alaskan Thunder Fuck Budder \u2013 vir\u0161utin\u0117 lentyna - Medicinas Inc\" \/>\n<meta property=\"og:description\" content=\"Pirkite \u201eAlaskan Thunder Fuck Budder\u201c \u2013 auk\u0161\u010diausios kokyb\u0117s\" \/>\n<meta property=\"og:url\" content=\"https:\/\/medicinasinc.com\/lt\/product\/pirk-aliaskos-griaustinio-fuck-budder-virsutine-lentyna\/\" \/>\n<meta property=\"og:site_name\" content=\"Medicinas Inc\" \/>\n<meta property=\"article:modified_time\" content=\"2022-03-20T12:34:14+00:00\" \/>\n<meta property=\"og:image\" content=\"https:\/\/medicinasinc.com\/lt\/wp-content\/uploads\/sites\/9\/2022\/02\/Buy-Alaskan-Thunder-Fuck-Budder.jpg\" \/>\n\t<meta property=\"og:image:width\" content=\"600\" \/>\n\t<meta property=\"og:image:height\" content=\"600\" \/>\n\t<meta property=\"og:image:type\" content=\"image\/jpeg\" \/>\n<meta name=\"twitter:card\" content=\"summary_large_image\" \/>\n<meta name=\"twitter:label1\" content=\"Est. reading time\" \/>\n\t<meta name=\"twitter:data1\" content=\"1 minute\" \/>\n<script type=\"application\/ld+json\" class=\"yoast-schema-graph\">{\"@context\":\"https:\\\/\\\/schema.org\",\"@graph\":[{\"@type\":\"WebPage\",\"@id\":\"https:\\\/\\\/medicinasinc.com\\\/lt\\\/product\\\/pirk-aliaskos-griaustinio-fuck-budder-virsutine-lentyna\\\/\",\"url\":\"https:\\\/\\\/medicinasinc.com\\\/lt\\\/product\\\/pirk-aliaskos-griaustinio-fuck-budder-virsutine-lentyna\\\/\",\"name\":\"Pirkite Alaskan Thunder Fuck Budder \u2013 vir\u0161utin\u0117 lentyna - Medicinas Inc\",\"isPartOf\":{\"@id\":\"https:\\\/\\\/medicinasinc.com\\\/lt\\\/#website\"},\"primaryImageOfPage\":{\"@id\":\"https:\\\/\\\/medicinasinc.com\\\/lt\\\/product\\\/pirk-aliaskos-griaustinio-fuck-budder-virsutine-lentyna\\\/#primaryimage\"},\"image\":{\"@id\":\"https:\\\/\\\/medicinasinc.com\\\/lt\\\/product\\\/pirk-aliaskos-griaustinio-fuck-budder-virsutine-lentyna\\\/#primaryimage\"},\"thumbnailUrl\":\"https:\\\/\\\/medicinasinc.com\\\/lt\\\/wp-content\\\/uploads\\\/sites\\\/9\\\/2022\\\/02\\\/Buy-Alaskan-Thunder-Fuck-Budder.jpg\",\"datePublished\":\"2022-02-20T15:55:42+00:00\",\"dateModified\":\"2022-03-20T12:34:14+00:00\",\"description\":\"Pirkite \u201eAlaskan Thunder Fuck Budder\u201c \u2013 auk\u0161\u010diausios kokyb\u0117s\",\"breadcrumb\":{\"@id\":\"https:\\\/\\\/medicinasinc.com\\\/lt\\\/product\\\/pirk-aliaskos-griaustinio-fuck-budder-virsutine-lentyna\\\/#breadcrumb\"},\"inLanguage\":\"en-US\",\"potentialAction\":[{\"@type\":\"ReadAction\",\"target\":[\"https:\\\/\\\/medicinasinc.com\\\/lt\\\/product\\\/pirk-aliaskos-griaustinio-fuck-budder-virsutine-lentyna\\\/\"]}]},{\"@type\":\"ImageObject\",\"inLanguage\":\"en-US\",\"@id\":\"https:\\\/\\\/medicinasinc.com\\\/lt\\\/product\\\/pirk-aliaskos-griaustinio-fuck-budder-virsutine-lentyna\\\/#primaryimage\",\"url\":\"https:\\\/\\\/medicinasinc.com\\\/lt\\\/wp-content\\\/uploads\\\/sites\\\/9\\\/2022\\\/02\\\/Buy-Alaskan-Thunder-Fuck-Budder.jpg\",\"contentUrl\":\"https:\\\/\\\/medicinasinc.com\\\/lt\\\/wp-content\\\/uploads\\\/sites\\\/9\\\/2022\\\/02\\\/Buy-Alaskan-Thunder-Fuck-Budder.jpg\",\"width\":600,\"height\":600},{\"@type\":\"BreadcrumbList\",\"@id\":\"https:\\\/\\\/medicinasinc.com\\\/lt\\\/product\\\/pirk-aliaskos-griaustinio-fuck-budder-virsutine-lentyna\\\/#breadcrumb\",\"itemListElement\":[{\"@type\":\"ListItem\",\"position\":1,\"name\":\"Parduotuv\u0117\",\"item\":\"https:\\\/\\\/medicinasinc.com\\\/lt\\\/parduotuve\\\/\"},{\"@type\":\"ListItem\",\"position\":2,\"name\":\"Pirkite Alaskan Thunder Fuck Budder \u2013 vir\u0161utin\u0117 lentyna\"}]},{\"@type\":\"WebSite\",\"@id\":\"https:\\\/\\\/medicinasinc.com\\\/lt\\\/#website\",\"url\":\"https:\\\/\\\/medicinasinc.com\\\/lt\\\/\",\"name\":\"Medicinas Inc\",\"description\":\"Sveikatos medicinos klinika\",\"potentialAction\":[{\"@type\":\"SearchAction\",\"target\":{\"@type\":\"EntryPoint\",\"urlTemplate\":\"https:\\\/\\\/medicinasinc.com\\\/lt\\\/?s={search_term_string}\"},\"query-input\":{\"@type\":\"PropertyValueSpecification\",\"valueRequired\":true,\"valueName\":\"search_term_string\"}}],\"inLanguage\":\"en-US\"}]}<\/script>\n<!-- \/ Yoast SEO plugin. -->","yoast_head_json":{"title":"Pirkite Alaskan Thunder Fuck Budder \u2013 vir\u0161utin\u0117 lentyna - Medicinas Inc","description":"Pirkite \u201eAlaskan Thunder Fuck Budder\u201c \u2013 auk\u0161\u010diausios kokyb\u0117s","robots":{"index":"index","follow":"follow","max-snippet":"max-snippet:-1","max-image-preview":"max-image-preview:large","max-video-preview":"max-video-preview:-1"},"canonical":"https:\/\/medicinasinc.com\/lt\/product\/pirk-aliaskos-griaustinio-fuck-budder-virsutine-lentyna\/","og_locale":"en_US","og_type":"article","og_title":"Pirkite Alaskan Thunder Fuck Budder \u2013 vir\u0161utin\u0117 lentyna - Medicinas Inc","og_description":"Pirkite \u201eAlaskan Thunder Fuck Budder\u201c \u2013 auk\u0161\u010diausios kokyb\u0117s","og_url":"https:\/\/medicinasinc.com\/lt\/product\/pirk-aliaskos-griaustinio-fuck-budder-virsutine-lentyna\/","og_site_name":"Medicinas Inc","article_modified_time":"2022-03-20T12:34:14+00:00","og_image":[{"width":600,"height":600,"url":"https:\/\/medicinasinc.com\/lt\/wp-content\/uploads\/sites\/9\/2022\/02\/Buy-Alaskan-Thunder-Fuck-Budder.jpg","type":"image\/jpeg"}],"twitter_card":"summary_large_image","twitter_misc":{"Est. reading time":"1 minute"},"schema":{"@context":"https:\/\/schema.org","@graph":[{"@type":"WebPage","@id":"https:\/\/medicinasinc.com\/lt\/product\/pirk-aliaskos-griaustinio-fuck-budder-virsutine-lentyna\/","url":"https:\/\/medicinasinc.com\/lt\/product\/pirk-aliaskos-griaustinio-fuck-budder-virsutine-lentyna\/","name":"Pirkite Alaskan Thunder Fuck Budder \u2013 vir\u0161utin\u0117 lentyna - Medicinas Inc","isPartOf":{"@id":"https:\/\/medicinasinc.com\/lt\/#website"},"primaryImageOfPage":{"@id":"https:\/\/medicinasinc.com\/lt\/product\/pirk-aliaskos-griaustinio-fuck-budder-virsutine-lentyna\/#primaryimage"},"image":{"@id":"https:\/\/medicinasinc.com\/lt\/product\/pirk-aliaskos-griaustinio-fuck-budder-virsutine-lentyna\/#primaryimage"},"thumbnailUrl":"https:\/\/medicinasinc.com\/lt\/wp-content\/uploads\/sites\/9\/2022\/02\/Buy-Alaskan-Thunder-Fuck-Budder.jpg","datePublished":"2022-02-20T15:55:42+00:00","dateModified":"2022-03-20T12:34:14+00:00","description":"Pirkite \u201eAlaskan Thunder Fuck Budder\u201c \u2013 auk\u0161\u010diausios kokyb\u0117s","breadcrumb":{"@id":"https:\/\/medicinasinc.com\/lt\/product\/pirk-aliaskos-griaustinio-fuck-budder-virsutine-lentyna\/#breadcrumb"},"inLanguage":"en-US","potentialAction":[{"@type":"ReadAction","target":["https:\/\/medicinasinc.com\/lt\/product\/pirk-aliaskos-griaustinio-fuck-budder-virsutine-lentyna\/"]}]},{"@type":"ImageObject","inLanguage":"en-US","@id":"https:\/\/medicinasinc.com\/lt\/product\/pirk-aliaskos-griaustinio-fuck-budder-virsutine-lentyna\/#primaryimage","url":"https:\/\/medicinasinc.com\/lt\/wp-content\/uploads\/sites\/9\/2022\/02\/Buy-Alaskan-Thunder-Fuck-Budder.jpg","contentUrl":"https:\/\/medicinasinc.com\/lt\/wp-content\/uploads\/sites\/9\/2022\/02\/Buy-Alaskan-Thunder-Fuck-Budder.jpg","width":600,"height":600},{"@type":"BreadcrumbList","@id":"https:\/\/medicinasinc.com\/lt\/product\/pirk-aliaskos-griaustinio-fuck-budder-virsutine-lentyna\/#breadcrumb","itemListElement":[{"@type":"ListItem","position":1,"name":"Parduotuv\u0117","item":"https:\/\/medicinasinc.com\/lt\/parduotuve\/"},{"@type":"ListItem","position":2,"name":"Pirkite Alaskan Thunder Fuck Budder \u2013 vir\u0161utin\u0117 lentyna"}]},{"@type":"WebSite","@id":"https:\/\/medicinasinc.com\/lt\/#website","url":"https:\/\/medicinasinc.com\/lt\/","name":"Medicinas Inc","description":"Sveikatos medicinos klinika","potentialAction":[{"@type":"SearchAction","target":{"@type":"EntryPoint","urlTemplate":"https:\/\/medicinasinc.com\/lt\/?s={search_term_string}"},"query-input":{"@type":"PropertyValueSpecification","valueRequired":true,"valueName":"search_term_string"}}],"inLanguage":"en-US"}]}},"_links":{"self":[{"href":"https:\/\/medicinasinc.com\/lt\/wp-json\/wp\/v2\/product\/4779","targetHints":{"allow":["GET"]}}],"collection":[{"href":"https:\/\/medicinasinc.com\/lt\/wp-json\/wp\/v2\/product"}],"about":[{"href":"https:\/\/medicinasinc.com\/lt\/wp-json\/wp\/v2\/types\/product"}],"replies":[{"embeddable":true,"href":"https:\/\/medicinasinc.com\/lt\/wp-json\/wp\/v2\/comments?post=4779"}],"wp:featuredmedia":[{"embeddable":true,"href":"https:\/\/medicinasinc.com\/lt\/wp-json\/wp\/v2\/media\/4793"}],"wp:attachment":[{"href":"https:\/\/medicinasinc.com\/lt\/wp-json\/wp\/v2\/media?parent=4779"}],"wp:term":[{"taxonomy":"product_brand","embeddable":true,"href":"https:\/\/medicinasinc.com\/lt\/wp-json\/wp\/v2\/product_brand?post=4779"},{"taxonomy":"product_cat","embeddable":true,"href":"https:\/\/medicinasinc.com\/lt\/wp-json\/wp\/v2\/product_cat?post=4779"},{"taxonomy":"product_tag","embeddable":true,"href":"https:\/\/medicinasinc.com\/lt\/wp-json\/wp\/v2\/product_tag?post=4779"}],"curies":[{"name":"wp","href":"https:\/\/api.w.org\/{rel}","templated":true}]}}