{"id":4768,"date":"2022-02-20T15:46:58","date_gmt":"2022-02-20T15:46:58","guid":{"rendered":"https:\/\/medicinasinc.com\/lt\/?post_type=product&#038;p=4768"},"modified":"2022-03-20T12:34:22","modified_gmt":"2022-03-20T12:34:22","slug":"pirkti-k2-smilkalu-purskalas","status":"publish","type":"product","link":"https:\/\/medicinasinc.com\/lt\/product\/pirkti-k2-smilkalu-purskalas\/","title":{"rendered":"Pirkite K2 smilkal\u0173 pur\u0161kikl\u012f"},"content":{"rendered":"<p>K2 smilkal\u0173 pur\u0161kalo pirkimas internetu<\/p>\n<p>Be to, parduodame K2 popieri\u0173.<\/p>\n<p>Galima \u012fsigyti K2 pur\u0161kalo. Jis yra bekvapis ir bespalvis.<\/p>\n<p>25 ml pakanka, kad i\u0161purk\u0161t\u0173 vis\u0105 A4 formato popieriaus lap\u0105.<\/p>\n<p>Skonis ir K2 yra du da\u017eniausiai naudojami sintetin\u0117s marihuanos pavadinimai. Jie pagaminti naudojant d\u017eiovint\u0105 augalin\u0119 med\u017eiag\u0105, kuri buvo u\u017epilta in\u017einerijos b\u016bdu sukurtu kanabinoidu. Sukurti kanabinoidai yra sintetiniai junginiai, kurie veikia smegen\u0173 kanabinoid\u0173 receptorius taip pat, kaip veikia Delta9-tetrahidrokanabinolis (THC). Asmenys, vartojantys Spice, prane\u0161a, kad patyr\u0117 pana\u0161ius poj\u016b\u010dius, kaip ir su marihuana. Marihuana yra augalas, kuriame yra kanabinoid\u0173, kurie yra mi\u0161iniai. Skonis ir K2 yra du terminai, nurodantys recept\u0173 rinkin\u012f, vadinam\u0105 sukurtais (sukurtais) kanabinoidais. Jie pagaminti i\u0161 d\u017eiovint\u0173 augalini\u0173 med\u017eiag\u0173, kurios buvo apipurk\u0161tos prot\u0105 kei\u010dian\u010diomis sintetin\u0117mis chemin\u0117mis med\u017eiagomis. Analitikai i\u0161 prad\u017ei\u0173 sutvark\u0117 \u0161iuos pagamintus vaistus, kad gal\u0117t\u0173 juos panaudoti tyrime.<\/p>\n<p>Be to, K2 yra skysto pavidalo, kuris suyra elektronin\u0117se cigaret\u0117se. Be to, jis r\u016bkomas pypk\u0117se, jungtyse arba i\u0161 jo gaminama arbata. Tada skystas K2 pur\u0161kiamas ant augal\u0173, popieriaus ir pluo\u0161t\u0173. Nors r\u016bkymo \u201eSpice\u201c poveikis gali b\u016bti pana\u0161us \u012f r\u016bkymo marihuan\u0105, pagrindin\u0117 prie\u017eastis, d\u0117l kurios \u017emon\u0117s r\u016bko \u201eSpice\u201c, yra tai, kad jis yra kuklus, o atsi\u017evelgiant \u012f tai, kaip jis \u017einomas&#8230; Paprastai \u0161i med\u017eiaga parduodama kaip augalin\u0117 med\u017eiaga. Nepaisant to, kad prekiaujame i\u0161skirtiniu k2 skoniu, m\u016bs\u0173 sukurt\u0173 mi\u0161ini\u0173 agregatas atitinka visus galiojan\u010dius reglamentus. Pirkite \u017eoleli\u0173 smilkalus internetu U\u017edegkite savo poj\u016b\u010dius stipriais K2 \u017eoleli\u0173 smilkalais! Nors kiti parduoda negyvus mi\u0161inius be galios apsimetin\u0117jimo, kai perkate i\u0161 m\u016bs\u0173 K2, m\u016bs\u0173 kokyb\u0117 kalba pati u\u017e save! Prekiaujame i\u0161skirtiniais \u017eoleli\u0173 smilkalais ir esame unikal\u016bs tarp \u017eoleli\u0173 zing prekiautoj\u0173. Be to, vadinamas K2, sintetin\u0117s marihuanos ir sintetin\u0117s pikt\u017eol\u0117s smilkal\u0173 pur\u0161kikliu, parduodamas pur\u0161kalas k2 yra \u017emogaus sukurtas gatvi\u0173 trankvilizatorius, kurio sud\u0117tyje yra sukurt\u0173 med\u017eiag\u0173, pur\u0161kiam\u0173 skoniui. Ant popieriaus, skystas k2. Internete galite \u012fsigyti K2 pur\u0161kalo ir skyst\u0173 smilkal\u0173. \u012esigykite auk\u0161tos kokyb\u0117s K2 popieri\u0173 ir pristatykite j\u012f \u012f namus. At\u0117jote \u012f reikiam\u0105 viet\u0105, jei internete ie\u0161kote geriausi\u0173 K2 vietini\u0173 smilkal\u0173 skys\u010di\u0173 ir E-Liquids pursl\u0173. Mes parduodame daugum\u0105 K2 skyst\u0173 vietini\u0173 supykusi\u0173 u\u017e ma\u017eiausi\u0105 \u012fmanom\u0105 kain\u0105, kad patenkintume vis\u0173 klient\u0173 poreikius Jungtin\u0117se Amerikos Valstijose ir visame pasaulyje. Kitas svarbus pritaikymas skirtas sukurti K2 du\u0161\u0105, kuris bus naudojamas lokaliai. Tai b\u016btinai b\u016btina. Gaminami kanabinoidai, paprastai vadinami \u201eskoniu\u201c arba \u201eK2\u201c, tapo legal\u016bs Jungtin\u0117se Valstijose 2000-\u0173j\u0173 prad\u017eioje. Tikras K2 Spice Popierius. Parduodame geriausi\u0105 K2 mai\u0161yt\u0105 popieri\u0173, kur\u012f galima \u012fsigyti internetu. \u012esigykite i\u0161 karto. Kas yra sukurta marihuana (taip pat \u017einoma kaip sintetiniai kanabinoidai, K2 arba prieskoniai)? Turime geriausi\u0105 vietini\u0173 smilkal\u0173 pasirinkim\u0105 \u017einiatinklyje.<\/p>\n","protected":false},"excerpt":{"rendered":"<div class=\"woocommerce-product-details__short-description\">\n<p>\u012esigykite K2 smilkal\u0173 pur\u0161kikl\u012f \u2013 bekvap\u012f ir bespalv\u012f smilkal\u0173 pur\u0161kikl\u012f. Visam A4 formato popieriaus lapui i\u0161purk\u0161ti pakanka 25 ml. Be to, parduodame K2 popieri\u0173.<\/p>\n<p>K2 prieskoni\u0173 pur\u0161kalas Diablo amazon, K2 pur\u0161kimo didmenin\u0117 prekyba, stipriausias K2 pur\u0161kiklis parduodamas, legalus High K2 pur\u0161kalas parduodamas, K2 pur\u0161kiklis parduodamas internetu JK, skystas pur\u0161kiamas smilkalas, k2 popierius ingredientai, k2 prieskoninio popieriaus lapai<\/p>\n<\/p><\/div>\n","protected":false},"featured_media":4783,"comment_status":"open","ping_status":"closed","template":"","meta":[],"product_brand":[],"product_cat":[690],"product_tag":[701,694,695,696,697,700,698,699],"class_list":{"0":"post-4768","1":"product","2":"type-product","3":"status-publish","4":"has-post-thumbnail","6":"product_cat-pirkite-k2-popieriu","7":"product_tag-didmenin-prekyba-k2-purkalas","8":"product_tag-k2-popierius-ingredientai","9":"product_tag-k2-prieskoni-popieriaus-laktai","10":"product_tag-k2-spice-spray-diablo-amazon","11":"product_tag-k2-spray-for-sale-online-uk","12":"product_tag-stipriausias-k2-purkalas-parduodamas","13":"product_tag-parduodamas-legalus-aukt-prieskoni-purkalas","14":"product_tag-skystis-purkiamas-smilkalas","16":"first","17":"instock","18":"shipping-taxable","19":"purchasable","20":"product-type-variable","21":"has-default-attributes"},"yoast_head":"<!-- This site is optimized with the Yoast SEO plugin v27.3 - https:\/\/yoast.com\/product\/yoast-seo-wordpress\/ -->\n<title>Pirkite K2 smilkal\u0173 pur\u0161kikl\u012f internetu \u2013 geriausi pasaulyje vaistai<\/title>\n<meta name=\"description\" content=\"Pirkite K2 smilkal\u0173 pur\u0161kikl\u012f, parduodam\u0105 bekvap\u012f ir bespalv\u012f K2 pur\u0161kikl\u012f. Norint i\u0161purk\u0161ti vis\u0105 A4 formato popieriaus lap\u0105, reikia 25 ml. Taip pat parduodame K2 popieri\u0173.\" \/>\n<meta name=\"robots\" content=\"index, follow, max-snippet:-1, max-image-preview:large, max-video-preview:-1\" \/>\n<link rel=\"canonical\" href=\"https:\/\/medicinasinc.com\/lt\/product\/pirkti-k2-smilkalu-purskalas\/\" \/>\n<meta property=\"og:locale\" content=\"en_US\" \/>\n<meta property=\"og:type\" content=\"article\" \/>\n<meta property=\"og:title\" content=\"Pirkite K2 smilkal\u0173 pur\u0161kikl\u012f internetu \u2013 geriausi pasaulyje vaistai\" \/>\n<meta property=\"og:description\" content=\"Pirkite K2 smilkal\u0173 pur\u0161kikl\u012f, parduodam\u0105 bekvap\u012f ir bespalv\u012f K2 pur\u0161kikl\u012f. Norint i\u0161purk\u0161ti vis\u0105 A4 formato popieriaus lap\u0105, reikia 25 ml. Taip pat parduodame K2 popieri\u0173.\" \/>\n<meta property=\"og:url\" content=\"https:\/\/medicinasinc.com\/lt\/product\/pirkti-k2-smilkalu-purskalas\/\" \/>\n<meta property=\"og:site_name\" content=\"Medicinas Inc\" \/>\n<meta property=\"article:modified_time\" content=\"2022-03-20T12:34:22+00:00\" \/>\n<meta property=\"og:image\" content=\"https:\/\/medicinasinc.com\/lt\/wp-content\/uploads\/sites\/9\/2022\/02\/Buy-K2-Incense-Spray.png\" \/>\n\t<meta property=\"og:image:width\" content=\"873\" \/>\n\t<meta property=\"og:image:height\" content=\"433\" \/>\n\t<meta property=\"og:image:type\" content=\"image\/png\" \/>\n<meta name=\"twitter:card\" content=\"summary_large_image\" \/>\n<meta name=\"twitter:label1\" content=\"Est. reading time\" \/>\n\t<meta name=\"twitter:data1\" content=\"3 minutes\" \/>\n<script type=\"application\/ld+json\" class=\"yoast-schema-graph\">{\"@context\":\"https:\\\/\\\/schema.org\",\"@graph\":[{\"@type\":\"WebPage\",\"@id\":\"https:\\\/\\\/medicinasinc.com\\\/lt\\\/product\\\/pirkti-k2-smilkalu-purskalas\\\/\",\"url\":\"https:\\\/\\\/medicinasinc.com\\\/lt\\\/product\\\/pirkti-k2-smilkalu-purskalas\\\/\",\"name\":\"Pirkite K2 smilkal\u0173 pur\u0161kikl\u012f internetu \u2013 geriausi pasaulyje vaistai\",\"isPartOf\":{\"@id\":\"https:\\\/\\\/medicinasinc.com\\\/lt\\\/#website\"},\"primaryImageOfPage\":{\"@id\":\"https:\\\/\\\/medicinasinc.com\\\/lt\\\/product\\\/pirkti-k2-smilkalu-purskalas\\\/#primaryimage\"},\"image\":{\"@id\":\"https:\\\/\\\/medicinasinc.com\\\/lt\\\/product\\\/pirkti-k2-smilkalu-purskalas\\\/#primaryimage\"},\"thumbnailUrl\":\"https:\\\/\\\/medicinasinc.com\\\/lt\\\/wp-content\\\/uploads\\\/sites\\\/9\\\/2022\\\/02\\\/Buy-K2-Incense-Spray.png\",\"datePublished\":\"2022-02-20T15:46:58+00:00\",\"dateModified\":\"2022-03-20T12:34:22+00:00\",\"description\":\"Pirkite K2 smilkal\u0173 pur\u0161kikl\u012f, parduodam\u0105 bekvap\u012f ir bespalv\u012f K2 pur\u0161kikl\u012f. Norint i\u0161purk\u0161ti vis\u0105 A4 formato popieriaus lap\u0105, reikia 25 ml. Taip pat parduodame K2 popieri\u0173.\",\"breadcrumb\":{\"@id\":\"https:\\\/\\\/medicinasinc.com\\\/lt\\\/product\\\/pirkti-k2-smilkalu-purskalas\\\/#breadcrumb\"},\"inLanguage\":\"en-US\",\"potentialAction\":[{\"@type\":\"ReadAction\",\"target\":[\"https:\\\/\\\/medicinasinc.com\\\/lt\\\/product\\\/pirkti-k2-smilkalu-purskalas\\\/\"]}]},{\"@type\":\"ImageObject\",\"inLanguage\":\"en-US\",\"@id\":\"https:\\\/\\\/medicinasinc.com\\\/lt\\\/product\\\/pirkti-k2-smilkalu-purskalas\\\/#primaryimage\",\"url\":\"https:\\\/\\\/medicinasinc.com\\\/lt\\\/wp-content\\\/uploads\\\/sites\\\/9\\\/2022\\\/02\\\/Buy-K2-Incense-Spray.png\",\"contentUrl\":\"https:\\\/\\\/medicinasinc.com\\\/lt\\\/wp-content\\\/uploads\\\/sites\\\/9\\\/2022\\\/02\\\/Buy-K2-Incense-Spray.png\",\"width\":873,\"height\":433},{\"@type\":\"BreadcrumbList\",\"@id\":\"https:\\\/\\\/medicinasinc.com\\\/lt\\\/product\\\/pirkti-k2-smilkalu-purskalas\\\/#breadcrumb\",\"itemListElement\":[{\"@type\":\"ListItem\",\"position\":1,\"name\":\"Parduotuv\u0117\",\"item\":\"https:\\\/\\\/medicinasinc.com\\\/lt\\\/parduotuve\\\/\"},{\"@type\":\"ListItem\",\"position\":2,\"name\":\"Pirkite K2 smilkal\u0173 pur\u0161kikl\u012f\"}]},{\"@type\":\"WebSite\",\"@id\":\"https:\\\/\\\/medicinasinc.com\\\/lt\\\/#website\",\"url\":\"https:\\\/\\\/medicinasinc.com\\\/lt\\\/\",\"name\":\"Medicinas Inc\",\"description\":\"Sveikatos medicinos klinika\",\"potentialAction\":[{\"@type\":\"SearchAction\",\"target\":{\"@type\":\"EntryPoint\",\"urlTemplate\":\"https:\\\/\\\/medicinasinc.com\\\/lt\\\/?s={search_term_string}\"},\"query-input\":{\"@type\":\"PropertyValueSpecification\",\"valueRequired\":true,\"valueName\":\"search_term_string\"}}],\"inLanguage\":\"en-US\"}]}<\/script>\n<!-- \/ Yoast SEO plugin. -->","yoast_head_json":{"title":"Pirkite K2 smilkal\u0173 pur\u0161kikl\u012f internetu \u2013 geriausi pasaulyje vaistai","description":"Pirkite K2 smilkal\u0173 pur\u0161kikl\u012f, parduodam\u0105 bekvap\u012f ir bespalv\u012f K2 pur\u0161kikl\u012f. Norint i\u0161purk\u0161ti vis\u0105 A4 formato popieriaus lap\u0105, reikia 25 ml. Taip pat parduodame K2 popieri\u0173.","robots":{"index":"index","follow":"follow","max-snippet":"max-snippet:-1","max-image-preview":"max-image-preview:large","max-video-preview":"max-video-preview:-1"},"canonical":"https:\/\/medicinasinc.com\/lt\/product\/pirkti-k2-smilkalu-purskalas\/","og_locale":"en_US","og_type":"article","og_title":"Pirkite K2 smilkal\u0173 pur\u0161kikl\u012f internetu \u2013 geriausi pasaulyje vaistai","og_description":"Pirkite K2 smilkal\u0173 pur\u0161kikl\u012f, parduodam\u0105 bekvap\u012f ir bespalv\u012f K2 pur\u0161kikl\u012f. Norint i\u0161purk\u0161ti vis\u0105 A4 formato popieriaus lap\u0105, reikia 25 ml. Taip pat parduodame K2 popieri\u0173.","og_url":"https:\/\/medicinasinc.com\/lt\/product\/pirkti-k2-smilkalu-purskalas\/","og_site_name":"Medicinas Inc","article_modified_time":"2022-03-20T12:34:22+00:00","og_image":[{"width":873,"height":433,"url":"https:\/\/medicinasinc.com\/lt\/wp-content\/uploads\/sites\/9\/2022\/02\/Buy-K2-Incense-Spray.png","type":"image\/png"}],"twitter_card":"summary_large_image","twitter_misc":{"Est. reading time":"3 minutes"},"schema":{"@context":"https:\/\/schema.org","@graph":[{"@type":"WebPage","@id":"https:\/\/medicinasinc.com\/lt\/product\/pirkti-k2-smilkalu-purskalas\/","url":"https:\/\/medicinasinc.com\/lt\/product\/pirkti-k2-smilkalu-purskalas\/","name":"Pirkite K2 smilkal\u0173 pur\u0161kikl\u012f internetu \u2013 geriausi pasaulyje vaistai","isPartOf":{"@id":"https:\/\/medicinasinc.com\/lt\/#website"},"primaryImageOfPage":{"@id":"https:\/\/medicinasinc.com\/lt\/product\/pirkti-k2-smilkalu-purskalas\/#primaryimage"},"image":{"@id":"https:\/\/medicinasinc.com\/lt\/product\/pirkti-k2-smilkalu-purskalas\/#primaryimage"},"thumbnailUrl":"https:\/\/medicinasinc.com\/lt\/wp-content\/uploads\/sites\/9\/2022\/02\/Buy-K2-Incense-Spray.png","datePublished":"2022-02-20T15:46:58+00:00","dateModified":"2022-03-20T12:34:22+00:00","description":"Pirkite K2 smilkal\u0173 pur\u0161kikl\u012f, parduodam\u0105 bekvap\u012f ir bespalv\u012f K2 pur\u0161kikl\u012f. Norint i\u0161purk\u0161ti vis\u0105 A4 formato popieriaus lap\u0105, reikia 25 ml. Taip pat parduodame K2 popieri\u0173.","breadcrumb":{"@id":"https:\/\/medicinasinc.com\/lt\/product\/pirkti-k2-smilkalu-purskalas\/#breadcrumb"},"inLanguage":"en-US","potentialAction":[{"@type":"ReadAction","target":["https:\/\/medicinasinc.com\/lt\/product\/pirkti-k2-smilkalu-purskalas\/"]}]},{"@type":"ImageObject","inLanguage":"en-US","@id":"https:\/\/medicinasinc.com\/lt\/product\/pirkti-k2-smilkalu-purskalas\/#primaryimage","url":"https:\/\/medicinasinc.com\/lt\/wp-content\/uploads\/sites\/9\/2022\/02\/Buy-K2-Incense-Spray.png","contentUrl":"https:\/\/medicinasinc.com\/lt\/wp-content\/uploads\/sites\/9\/2022\/02\/Buy-K2-Incense-Spray.png","width":873,"height":433},{"@type":"BreadcrumbList","@id":"https:\/\/medicinasinc.com\/lt\/product\/pirkti-k2-smilkalu-purskalas\/#breadcrumb","itemListElement":[{"@type":"ListItem","position":1,"name":"Parduotuv\u0117","item":"https:\/\/medicinasinc.com\/lt\/parduotuve\/"},{"@type":"ListItem","position":2,"name":"Pirkite K2 smilkal\u0173 pur\u0161kikl\u012f"}]},{"@type":"WebSite","@id":"https:\/\/medicinasinc.com\/lt\/#website","url":"https:\/\/medicinasinc.com\/lt\/","name":"Medicinas Inc","description":"Sveikatos medicinos klinika","potentialAction":[{"@type":"SearchAction","target":{"@type":"EntryPoint","urlTemplate":"https:\/\/medicinasinc.com\/lt\/?s={search_term_string}"},"query-input":{"@type":"PropertyValueSpecification","valueRequired":true,"valueName":"search_term_string"}}],"inLanguage":"en-US"}]}},"_links":{"self":[{"href":"https:\/\/medicinasinc.com\/lt\/wp-json\/wp\/v2\/product\/4768","targetHints":{"allow":["GET"]}}],"collection":[{"href":"https:\/\/medicinasinc.com\/lt\/wp-json\/wp\/v2\/product"}],"about":[{"href":"https:\/\/medicinasinc.com\/lt\/wp-json\/wp\/v2\/types\/product"}],"replies":[{"embeddable":true,"href":"https:\/\/medicinasinc.com\/lt\/wp-json\/wp\/v2\/comments?post=4768"}],"wp:featuredmedia":[{"embeddable":true,"href":"https:\/\/medicinasinc.com\/lt\/wp-json\/wp\/v2\/media\/4783"}],"wp:attachment":[{"href":"https:\/\/medicinasinc.com\/lt\/wp-json\/wp\/v2\/media?parent=4768"}],"wp:term":[{"taxonomy":"product_brand","embeddable":true,"href":"https:\/\/medicinasinc.com\/lt\/wp-json\/wp\/v2\/product_brand?post=4768"},{"taxonomy":"product_cat","embeddable":true,"href":"https:\/\/medicinasinc.com\/lt\/wp-json\/wp\/v2\/product_cat?post=4768"},{"taxonomy":"product_tag","embeddable":true,"href":"https:\/\/medicinasinc.com\/lt\/wp-json\/wp\/v2\/product_tag?post=4768"}],"curies":[{"name":"wp","href":"https:\/\/api.w.org\/{rel}","templated":true}]}}