{"id":4767,"date":"2022-02-20T15:46:01","date_gmt":"2022-02-20T15:46:01","guid":{"rendered":"https:\/\/medicinasinc.com\/lt\/?post_type=product&#038;p=4767"},"modified":"2022-03-20T12:34:34","modified_gmt":"2022-03-20T12:34:34","slug":"pirk-k2-popierius","status":"publish","type":"product","link":"https:\/\/medicinasinc.com\/lt\/product\/pirk-k2-popierius\/","title":{"rendered":"Pirkite K2 popieri\u0173"},"content":{"rendered":"<p>Gaukite nebrangius K2 popieriaus lapus, pristatytus tiesiai \u012f j\u016bs\u0173 duris.<\/p>\n<p>Sintetin\u0117 marihuana spar\u010diai populiar\u0117ja tarp marihuanos vartotoj\u0173. K2 infuzinis popierius yra susmulkint\u0173 augalini\u0173 med\u017eiag\u0173 ir sintetini\u0173 chemini\u0173 med\u017eiag\u0173, turin\u010di\u0173 psichodelini\u0173 savybi\u0173, mi\u0161inys. Remiantis tyrimais, chemin\u0117s med\u017eiagos jungiasi prie t\u0173 pa\u010di\u0173 nerv\u0173 l\u0105steli\u0173 receptori\u0173 smegenyse kaip ir THC, sukeldamos gerov\u0117s jausm\u0105, atsipalaidavim\u0105, pakitus\u012f suvokim\u0105 ir psichoz\u0119. Jei ie\u0161kote geros reputacijos internetin\u0117s parduotuv\u0117s, kad \u012fsigytum\u0117te auk\u0161tos kokyb\u0117s produkt\u0105, ie\u0161kokite tik m\u016bs\u0173 patikimos internetin\u0117s parduotuv\u0117s. Siekdami u\u017etikrinti savo klient\u0173 saugum\u0105, atsargas tiekiame i\u0161 patikim\u0173 gamintoj\u0173. I\u0161bandykite; garantuojame, kad nenusivilsite.<\/p>\n<p>Kanabinoidai yra cheminiai junginiai, nat\u016braliai randami marihuanos augaluose ir naudojami kaip \u012fvairi\u0173 sintetini\u0173 narkotik\u0173 pagrindas. Chemi\u0161kai K2 sintetinis pikt\u017eoli\u0173 popierius yra susij\u0119s su aktyvia marihuanos med\u017eiaga. Poveikis yra intensyvesnis, o seanso pabaigoje \u017emogus gali jaustis atsipalaidav\u0119s ir pakyl\u0117tas. Vis daugiau \u017emoni\u0173 suvokia tikr\u0105j\u0105 marihuanos naud\u0105, tod\u0117l \u0161is produktas naudojamas kaip saugi alternatyva \u012fvairiems medicininiams ir pramoginiams tikslams. Ta\u010diau tur\u0117tum\u0117te b\u016bti atsarg\u016bs, nes per didelis vartojimas gali sukelti nepageidaujam\u0105 \u0161alutin\u012f poveik\u012f, pvz., nerim\u0105, haliucinacijas, hipertenzij\u0105, kr\u016btin\u0117s skausm\u0105, dusul\u012f, traukulius ir v\u0117mim\u0105. Kai kuriuose K2 prieskoni\u0173 gaminiuose rinkoje taip pat gali b\u016bti toksi\u0161k\u0173 ingredient\u0173. Tod\u0117l labai svarbu pirkti i\u0161 geros reputacijos pardav\u0117jo.<\/p>\n<p>Ar norite \u012fsigyti auk\u0161\u010diausios kokyb\u0117s augalini\u0173 produkt\u0173? Tur\u0117dami pasaulin\u0119 klient\u0173 baz\u0119, suteikiame jums puiki\u0105 galimyb\u0119 \u012fsigyti K2 popieriaus internetu konkurencingomis kainomis. Kartu su did\u017eiausiu pasirinkimu si\u016blome saugius mok\u0117jimo b\u016bdus ir diskreti\u0161k\u0105 pristatym\u0105. J\u016bs neprivalote lankytis netoliese esan\u010diose b\u016btiniausi\u0173 preki\u0173 parduotuv\u0117se ar poilsio stotel\u0117se. \u012emon\u0117s tikslas \u2013 nuolat gerinti gamini\u0173 kokyb\u0119 ir klient\u0173 aptarnavim\u0105, siekiant i\u0161likti prie\u0161 konkurentus. M\u016bs\u0173 prioritetas yra j\u016bs\u0173 pasitenkinimas, tod\u0117l turime patyrusi\u0105 komand\u0105, kuri i\u0161spr\u0119st\u0173 bet kokius nesklandumus. Nedvejodami susisiekite su mumis, jei turite klausim\u0173 ar r\u016bpes\u010di\u0173.<\/p>\n","protected":false},"excerpt":{"rendered":"<div class=\"woocommerce-product-details__short-description\">\n<p>Kiekviename A4 formato lape yra\u00a0<em><strong>25 ml=0,845351 skys\u010dio uncijos<\/strong><\/em>\u00a0skys\u010dio K2. Parduodamas <strong>bekvapis ir bespalvis<\/strong>\u00a0K2 popierius. <strong>Taip pat parduodame pur\u0161kikl\u012f K2<\/strong><\/p>\n<\/p><\/div>\n","protected":false},"featured_media":4781,"comment_status":"open","ping_status":"closed","template":"","meta":[],"product_brand":[],"product_cat":[690],"product_tag":[691,692,693],"class_list":{"0":"post-4767","1":"product","2":"type-product","3":"status-publish","4":"has-post-thumbnail","6":"product_cat-pirkite-k2-popieriu","7":"product_tag-pirk-k2-popierius-online-uk","8":"product_tag-pirk-k2-popierius","9":"product_tag-pirk-k2-popierius-lapas","11":"first","12":"instock","13":"shipping-taxable","14":"purchasable","15":"product-type-variable","16":"has-default-attributes"},"yoast_head":"<!-- This site is optimized with the Yoast SEO plugin v27.3 - https:\/\/yoast.com\/product\/yoast-seo-wordpress\/ -->\n<title>Pirkite K2 popieri\u0173 internetu \u2013 geriausi pasaulio vaistai<\/title>\n<meta name=\"description\" content=\"Pirkite K2 popieri\u0173 internetu pigiomis kainomis Kiekviename A4 formato lape u\u017epilama 25 ml = 0,845351 skys\u010dio uncijos skys\u010dio K2. Parduodamas bekvapis ir bespalvis K2 popierius. Taip pat parduodame pur\u0161kikl\u012f K2\" \/>\n<meta name=\"robots\" content=\"index, follow, max-snippet:-1, max-image-preview:large, max-video-preview:-1\" \/>\n<link rel=\"canonical\" href=\"https:\/\/medicinasinc.com\/lt\/product\/pirk-k2-popierius\/\" \/>\n<meta property=\"og:locale\" content=\"en_US\" \/>\n<meta property=\"og:type\" content=\"article\" \/>\n<meta property=\"og:title\" content=\"Pirkite K2 popieri\u0173 internetu \u2013 geriausi pasaulio vaistai\" \/>\n<meta property=\"og:description\" content=\"Pirkite K2 popieri\u0173 internetu pigiomis kainomis Kiekviename A4 formato lape u\u017epilama 25 ml = 0,845351 skys\u010dio uncijos skys\u010dio K2. Parduodamas bekvapis ir bespalvis K2 popierius. Taip pat parduodame pur\u0161kikl\u012f K2\" \/>\n<meta property=\"og:url\" content=\"https:\/\/medicinasinc.com\/lt\/product\/pirk-k2-popierius\/\" \/>\n<meta property=\"og:site_name\" content=\"Medicinas Inc\" \/>\n<meta property=\"article:modified_time\" content=\"2022-03-20T12:34:34+00:00\" \/>\n<meta property=\"og:image\" content=\"https:\/\/medicinasinc.com\/lt\/wp-content\/uploads\/sites\/9\/2022\/02\/Buy-K2-paper-online.jpg\" \/>\n\t<meta property=\"og:image:width\" content=\"600\" \/>\n\t<meta property=\"og:image:height\" content=\"600\" \/>\n\t<meta property=\"og:image:type\" content=\"image\/jpeg\" \/>\n<meta name=\"twitter:card\" content=\"summary_large_image\" \/>\n<meta name=\"twitter:label1\" content=\"Est. reading time\" \/>\n\t<meta name=\"twitter:data1\" content=\"2 minutes\" \/>\n<script type=\"application\/ld+json\" class=\"yoast-schema-graph\">{\"@context\":\"https:\\\/\\\/schema.org\",\"@graph\":[{\"@type\":\"WebPage\",\"@id\":\"https:\\\/\\\/medicinasinc.com\\\/lt\\\/product\\\/pirk-k2-popierius\\\/\",\"url\":\"https:\\\/\\\/medicinasinc.com\\\/lt\\\/product\\\/pirk-k2-popierius\\\/\",\"name\":\"Pirkite K2 popieri\u0173 internetu \u2013 geriausi pasaulio vaistai\",\"isPartOf\":{\"@id\":\"https:\\\/\\\/medicinasinc.com\\\/lt\\\/#website\"},\"primaryImageOfPage\":{\"@id\":\"https:\\\/\\\/medicinasinc.com\\\/lt\\\/product\\\/pirk-k2-popierius\\\/#primaryimage\"},\"image\":{\"@id\":\"https:\\\/\\\/medicinasinc.com\\\/lt\\\/product\\\/pirk-k2-popierius\\\/#primaryimage\"},\"thumbnailUrl\":\"https:\\\/\\\/medicinasinc.com\\\/lt\\\/wp-content\\\/uploads\\\/sites\\\/9\\\/2022\\\/02\\\/Buy-K2-paper-online.jpg\",\"datePublished\":\"2022-02-20T15:46:01+00:00\",\"dateModified\":\"2022-03-20T12:34:34+00:00\",\"description\":\"Pirkite K2 popieri\u0173 internetu pigiomis kainomis Kiekviename A4 formato lape u\u017epilama 25 ml = 0,845351 skys\u010dio uncijos skys\u010dio K2. Parduodamas bekvapis ir bespalvis K2 popierius. Taip pat parduodame pur\u0161kikl\u012f K2\",\"breadcrumb\":{\"@id\":\"https:\\\/\\\/medicinasinc.com\\\/lt\\\/product\\\/pirk-k2-popierius\\\/#breadcrumb\"},\"inLanguage\":\"en-US\",\"potentialAction\":[{\"@type\":\"ReadAction\",\"target\":[\"https:\\\/\\\/medicinasinc.com\\\/lt\\\/product\\\/pirk-k2-popierius\\\/\"]}]},{\"@type\":\"ImageObject\",\"inLanguage\":\"en-US\",\"@id\":\"https:\\\/\\\/medicinasinc.com\\\/lt\\\/product\\\/pirk-k2-popierius\\\/#primaryimage\",\"url\":\"https:\\\/\\\/medicinasinc.com\\\/lt\\\/wp-content\\\/uploads\\\/sites\\\/9\\\/2022\\\/02\\\/Buy-K2-paper-online.jpg\",\"contentUrl\":\"https:\\\/\\\/medicinasinc.com\\\/lt\\\/wp-content\\\/uploads\\\/sites\\\/9\\\/2022\\\/02\\\/Buy-K2-paper-online.jpg\",\"width\":600,\"height\":600},{\"@type\":\"BreadcrumbList\",\"@id\":\"https:\\\/\\\/medicinasinc.com\\\/lt\\\/product\\\/pirk-k2-popierius\\\/#breadcrumb\",\"itemListElement\":[{\"@type\":\"ListItem\",\"position\":1,\"name\":\"Parduotuv\u0117\",\"item\":\"https:\\\/\\\/medicinasinc.com\\\/lt\\\/parduotuve\\\/\"},{\"@type\":\"ListItem\",\"position\":2,\"name\":\"Pirkite K2 popieri\u0173\"}]},{\"@type\":\"WebSite\",\"@id\":\"https:\\\/\\\/medicinasinc.com\\\/lt\\\/#website\",\"url\":\"https:\\\/\\\/medicinasinc.com\\\/lt\\\/\",\"name\":\"Medicinas Inc\",\"description\":\"Sveikatos medicinos klinika\",\"potentialAction\":[{\"@type\":\"SearchAction\",\"target\":{\"@type\":\"EntryPoint\",\"urlTemplate\":\"https:\\\/\\\/medicinasinc.com\\\/lt\\\/?s={search_term_string}\"},\"query-input\":{\"@type\":\"PropertyValueSpecification\",\"valueRequired\":true,\"valueName\":\"search_term_string\"}}],\"inLanguage\":\"en-US\"}]}<\/script>\n<!-- \/ Yoast SEO plugin. -->","yoast_head_json":{"title":"Pirkite K2 popieri\u0173 internetu \u2013 geriausi pasaulio vaistai","description":"Pirkite K2 popieri\u0173 internetu pigiomis kainomis Kiekviename A4 formato lape u\u017epilama 25 ml = 0,845351 skys\u010dio uncijos skys\u010dio K2. Parduodamas bekvapis ir bespalvis K2 popierius. Taip pat parduodame pur\u0161kikl\u012f K2","robots":{"index":"index","follow":"follow","max-snippet":"max-snippet:-1","max-image-preview":"max-image-preview:large","max-video-preview":"max-video-preview:-1"},"canonical":"https:\/\/medicinasinc.com\/lt\/product\/pirk-k2-popierius\/","og_locale":"en_US","og_type":"article","og_title":"Pirkite K2 popieri\u0173 internetu \u2013 geriausi pasaulio vaistai","og_description":"Pirkite K2 popieri\u0173 internetu pigiomis kainomis Kiekviename A4 formato lape u\u017epilama 25 ml = 0,845351 skys\u010dio uncijos skys\u010dio K2. Parduodamas bekvapis ir bespalvis K2 popierius. Taip pat parduodame pur\u0161kikl\u012f K2","og_url":"https:\/\/medicinasinc.com\/lt\/product\/pirk-k2-popierius\/","og_site_name":"Medicinas Inc","article_modified_time":"2022-03-20T12:34:34+00:00","og_image":[{"width":600,"height":600,"url":"https:\/\/medicinasinc.com\/lt\/wp-content\/uploads\/sites\/9\/2022\/02\/Buy-K2-paper-online.jpg","type":"image\/jpeg"}],"twitter_card":"summary_large_image","twitter_misc":{"Est. reading time":"2 minutes"},"schema":{"@context":"https:\/\/schema.org","@graph":[{"@type":"WebPage","@id":"https:\/\/medicinasinc.com\/lt\/product\/pirk-k2-popierius\/","url":"https:\/\/medicinasinc.com\/lt\/product\/pirk-k2-popierius\/","name":"Pirkite K2 popieri\u0173 internetu \u2013 geriausi pasaulio vaistai","isPartOf":{"@id":"https:\/\/medicinasinc.com\/lt\/#website"},"primaryImageOfPage":{"@id":"https:\/\/medicinasinc.com\/lt\/product\/pirk-k2-popierius\/#primaryimage"},"image":{"@id":"https:\/\/medicinasinc.com\/lt\/product\/pirk-k2-popierius\/#primaryimage"},"thumbnailUrl":"https:\/\/medicinasinc.com\/lt\/wp-content\/uploads\/sites\/9\/2022\/02\/Buy-K2-paper-online.jpg","datePublished":"2022-02-20T15:46:01+00:00","dateModified":"2022-03-20T12:34:34+00:00","description":"Pirkite K2 popieri\u0173 internetu pigiomis kainomis Kiekviename A4 formato lape u\u017epilama 25 ml = 0,845351 skys\u010dio uncijos skys\u010dio K2. Parduodamas bekvapis ir bespalvis K2 popierius. Taip pat parduodame pur\u0161kikl\u012f K2","breadcrumb":{"@id":"https:\/\/medicinasinc.com\/lt\/product\/pirk-k2-popierius\/#breadcrumb"},"inLanguage":"en-US","potentialAction":[{"@type":"ReadAction","target":["https:\/\/medicinasinc.com\/lt\/product\/pirk-k2-popierius\/"]}]},{"@type":"ImageObject","inLanguage":"en-US","@id":"https:\/\/medicinasinc.com\/lt\/product\/pirk-k2-popierius\/#primaryimage","url":"https:\/\/medicinasinc.com\/lt\/wp-content\/uploads\/sites\/9\/2022\/02\/Buy-K2-paper-online.jpg","contentUrl":"https:\/\/medicinasinc.com\/lt\/wp-content\/uploads\/sites\/9\/2022\/02\/Buy-K2-paper-online.jpg","width":600,"height":600},{"@type":"BreadcrumbList","@id":"https:\/\/medicinasinc.com\/lt\/product\/pirk-k2-popierius\/#breadcrumb","itemListElement":[{"@type":"ListItem","position":1,"name":"Parduotuv\u0117","item":"https:\/\/medicinasinc.com\/lt\/parduotuve\/"},{"@type":"ListItem","position":2,"name":"Pirkite K2 popieri\u0173"}]},{"@type":"WebSite","@id":"https:\/\/medicinasinc.com\/lt\/#website","url":"https:\/\/medicinasinc.com\/lt\/","name":"Medicinas Inc","description":"Sveikatos medicinos klinika","potentialAction":[{"@type":"SearchAction","target":{"@type":"EntryPoint","urlTemplate":"https:\/\/medicinasinc.com\/lt\/?s={search_term_string}"},"query-input":{"@type":"PropertyValueSpecification","valueRequired":true,"valueName":"search_term_string"}}],"inLanguage":"en-US"}]}},"_links":{"self":[{"href":"https:\/\/medicinasinc.com\/lt\/wp-json\/wp\/v2\/product\/4767","targetHints":{"allow":["GET"]}}],"collection":[{"href":"https:\/\/medicinasinc.com\/lt\/wp-json\/wp\/v2\/product"}],"about":[{"href":"https:\/\/medicinasinc.com\/lt\/wp-json\/wp\/v2\/types\/product"}],"replies":[{"embeddable":true,"href":"https:\/\/medicinasinc.com\/lt\/wp-json\/wp\/v2\/comments?post=4767"}],"wp:featuredmedia":[{"embeddable":true,"href":"https:\/\/medicinasinc.com\/lt\/wp-json\/wp\/v2\/media\/4781"}],"wp:attachment":[{"href":"https:\/\/medicinasinc.com\/lt\/wp-json\/wp\/v2\/media?parent=4767"}],"wp:term":[{"taxonomy":"product_brand","embeddable":true,"href":"https:\/\/medicinasinc.com\/lt\/wp-json\/wp\/v2\/product_brand?post=4767"},{"taxonomy":"product_cat","embeddable":true,"href":"https:\/\/medicinasinc.com\/lt\/wp-json\/wp\/v2\/product_cat?post=4767"},{"taxonomy":"product_tag","embeddable":true,"href":"https:\/\/medicinasinc.com\/lt\/wp-json\/wp\/v2\/product_tag?post=4767"}],"curies":[{"name":"wp","href":"https:\/\/api.w.org\/{rel}","templated":true}]}}