{"id":4761,"date":"2022-02-20T15:41:01","date_gmt":"2022-02-20T15:41:01","guid":{"rendered":"https:\/\/medicinasinc.com\/lt\/?post_type=product&#038;p=4761"},"modified":"2022-03-20T12:34:43","modified_gmt":"2022-03-20T12:34:43","slug":"pirkite-sour-dyzelina-cbd-hemp-flower-online","status":"publish","type":"product","link":"https:\/\/medicinasinc.com\/lt\/product\/pirkite-sour-dyzelina-cbd-hemp-flower-online\/","title":{"rendered":"Pirkite Sour Diesel CBD kanapi\u0173 g\u0117l\u0119 internetu"},"content":{"rendered":"<div class=\"woocommerce-tabs wc-tabs-wrapper\">\n<div id=\"tab-description\" class=\"woocommerce-Tabs-panel woocommerce-Tabs-panel--description panel entry-content wc-tab\" role=\"tabpanel\" aria-labelledby=\"tab-title-description\">\n<p>Sour Diesel yra legendin\u0117 veisl\u0117, kilusi i\u0161 dviej\u0173 klasik\u0173. Jame dera did\u017eiulis benzino kartumas ir l\u016bpas dvelkiantis r\u016bg\u0161\u010di\u0173 citrusini\u0173 vaisi\u0173 dilg\u010diojimas. D\u0117l puikios genetikos ir i\u0161skirtinio poveikio \u0161i \u017eol\u0117 i\u0161augino daugyb\u0119 atmain\u0173, tod\u0117l ji yra m\u0117gstamiausia tarp \u016bkinink\u0173, norin\u010di\u0173 auginti kanapi\u0173 pramon\u0117s kit\u0105 svarb\u0173 dalyk\u0105.<\/p>\n<p>Sour Diesel atmaina veikia greitai. ir labai stiprus, suteikiantis poveik\u012f, kuris gali priblok\u0161ti j\u016bs\u0173 sistem\u0105 su esminiais sativa paderm\u0117s prana\u0161umais. Tai yra galimyb\u0117 patirti sunk\u0173, stabdant\u012f, k\u016bn\u0105 pakeliant\u012f budrum\u0105, kuris gali skatinti energij\u0105, produktyvum\u0105, motyvacij\u0105 ir k\u016brybi\u0161kum\u0105.<\/p>\n<p>&nbsp;<\/p>\n<p>Istorija Sour Diesel<\/p>\n<p>Sour Diesel da\u017enai laikomas viena i\u0161 svarbiausi\u0173 turim\u0173 kanapi\u0173 r\u016b\u0161i\u0173. Bet kuris kanapi\u0173 \u017einovas jums pasakys, kad \u201eSour Diesel\u201c b\u016btina i\u0161bandyti kiekvienam, kuris teigia vertinantis \u0161ios \u017eolel\u0117s naud\u0105. Da\u017eniausiai \u0161ios veisl\u0117s populiarum\u0105 lemia jos t\u0117v\u0173 \u2013 Chemdog 91 ir Super Skunk \u2013 reputacija. \u0160ios kanapi\u0173 legendos i\u0161k\u0117l\u0117 Sour Diesel atmainos reputacij\u0105 \u012f naujas auk\u0161tumas, suteikdamos jai neprilygstam\u0105 genetik\u0105, d\u0117l kurios \u0161ios atmainos palikuonys tapo tokia s\u0117kminga, kokia yra \u0161iandien.<\/p>\n<p>Chemdog 91 yra paslaptinga atmaina, kuri, kaip manoma, rinkoje debiutavo 1991 m. Neatpa\u017einta veisl\u0117 skleid\u017eia a\u0161tr\u0173, ni\u016br\u0173 aromat\u0105, susipynusi\u0105 su a\u0161triomis benzino natomis. \u0160ios savyb\u0117s yra ry\u0161kios Sour Diesel \u017eoleli\u0173, kuri\u0173 skonis labai pana\u0161us \u012f Chemdog 91 atmain\u0105.<\/p>\n<p>Kita vertus, Super Skunk yra \u0161tamas, pavadintas d\u0117l akivaizd\u017ei\u0173 prie\u017eas\u010di\u0173. Itin skoninga veisl\u0117 skleid\u017eia kvap\u0105 (arba kvap\u0105, priklausomai nuo j\u016bs\u0173 tolerancijos lygio), kuris i\u0161stums j\u016bs\u0173 uosl\u0119 i\u0161 parko. Nepaisant \u012f\u017eeid\u017eian\u010dio \u0161tamo aromato, jis suteikia nuostabiai stebinant\u012f, subtil\u0173 saldum\u0105, kuris padengia lie\u017euv\u012f dilg\u010diojan\u010diu medaus g\u0117riu.<\/p>\n<p>&nbsp;<\/p>\n<p>Estetika ir aromatas<\/p>\n<p>J\u016bs\u0173 pirminiai \u012fsp\u016bd\u017eiai apie Sour Diesel paderm\u0119 gali b\u016bti stulbinantys. Gal\u0173 gale, tai tik truputis \u017ealios spalvos, o kiti \u017ealsvi atspalviai sklinda visame interjere ir sukuria monochromatin\u0119 \u017eoli\u0173 atspalvi\u0173 palet\u0119. Bra\u0161ki\u0173 \u0161vies\u016bs plaukai \u012fpainioja lapus i\u0161or\u0117je, sukurdami gelton\u0173 \u016bseli\u0173 tinkl\u0105, kuris yra apipurk\u0161tas sald\u017eia sald\u017ei\u0173 trichom\u0173 danga. Be to, apie veisl\u0119 yra ma\u017eai k\u0105 pasteb\u0117ti. Ta\u010diau tai, ko jam tr\u016bksta spalvos, kompensuoja savo kvapu.<\/p>\n<p>Kadangi abu t\u0117vai pasi\u017eymi itin a\u0161triais kvapais, nenuostabu, kad Sour Diesel turi tok\u012f keist\u0105 aromat\u0105. Keistai kvepianti paderm\u0117 puola j\u016bs\u0173 uosl\u0117s receptorius kaip skunksas krovininis traukinys. \u012e\u017eeid\u017eiantys ir priblo\u0161kiantys, kai kurie naudotojai teigia aptinkantys a\u0161trias s\u016brio natas, kurios susimai\u0161o su benzinu ant skoningo aromato, kad sukurt\u0173 \u012fsimintin\u0105 kanapi\u0173 patirt\u012f.<\/p>\n<p>&nbsp;<\/p>\n<p>Patirtis ir pasekm\u0117s<\/p>\n<p>Prad\u017eioje \u201eSour Diesel\u201c n\u0117ra pok\u0161tas, kai kalbama apie skon\u012f. Paderm\u0117s d\u016bmai pasi\u017eymi itin stipriu skoniu, kuris gali lengvai priblok\u0161ti naujokus ir ma\u017eai toleruojan\u010dius vartotojus. Tod\u0117l laikykite tai teisingu \u012fsp\u0117jimu \u2013 r\u016bg\u0161tus dyzelinas sugadins j\u016bs\u0173 \u0161*rum\u0105, pradedant nuo skonio. Papras\u010diau tariant, \u0161tamas sukuria skon\u012f, kuris yra beveik identi\u0161kas jo kvapui. Tai yra, didelis skunkso kiekis kartu su stipriais benzino smeigtukais.<\/p>\n<p>Tarp nenugalim\u0173 aitraus skonio potvynio bang\u0173 skunk\u0105 sulau\u017eo r\u016bg\u0161\u010di\u0173 citrusini\u0173 vaisi\u0173 bangos. Subtilios natos suteikia pakankamai malonumo, paversdamos j\u0105 tikrai dinami\u0161ku ir \u012fdomiu skoni\u0173 susitikimu.<\/p>\n<p>Kitas aspektas, prisidedantis prie \u201eSour Diesel\u201c \u017eavesio, yra tiesioginis jo poveikis. Poveikis pasirei\u0161kia pra\u0117jus kelioms minut\u0117ms po \u012fkv\u0117pimo ir sukuria auk\u0161tai skraidant\u012f sativa poveik\u012f, kuris stimuliuoja poj\u016b\u010dius ir atgaivink savo j\u0117g\u0105. Daugeliu at\u017evilgi\u0173 galima sakyti, kad \u012ftampa padeda \u012fveikti kli\u016btis, tod\u0117l jau\u010diat\u0117s dr\u0105sesni, dr\u0105sesni ir pasitikintys.<\/p>\n<p>Sour Diesel paderm\u0117, galinti suma\u017einti fizin\u012f ir pa\u017eintin\u012f diskomfort\u0105, suteikia j\u016bs\u0173 sistemai papildomos energijos, suteikian\u010dios jums j\u0117g\u0173 ir motyvacijos \u012fveikti visos dienos darbus ir pareigas. Ta\u010diau atsargumo \u017eodis \u2013 \u201eSour Diesel\u201c n\u0117ra skirtas silpna\u0161ird\u017eiams. Prie\u0161 prad\u0117dami vartoti \u0161\u012f pabaisos atmain\u0105, \u012fsitikinkite, kad toleruojate stipr\u0173 sativa poveik\u012f ir stipr\u0173 skon\u012f.<\/p>\n<p>&nbsp;<\/p>\n<p>Sodinimas ir apdorojimas<\/p>\n<p> Nors \u201eSour Diesel\u201c \u0161tamas yra vidutini\u0161kai sunkus pradedantiesiems augintojams, d\u0117l unikalios genetikos jis yra puikus pasirinkimas tiems, kurie siekia galingo efekto su minimaliomis pastangomis. Paderm\u0117s, kurioms b\u016bdingi labiau specializuoti auginimo reikalavimai, paprastai yra daug tinkamesn\u0117s ekstrahavimui, tod\u0117l gaunami stipresni viso spektro koncentratai auk\u0161tesn\u0117s kokyb\u0117s kanapi\u0173 produktams. Taigi, nepaisant vidutinio sunkumo, \u201eSour Diesel\u201c atsiperka su auk\u0161\u010diausiomis kanap\u0117mis, kurios idealiai tinka \u012fvairiems procesams po derliaus nu\u0117mimo.<\/p>\n<p>Ma\u017edaug po 11 savai\u010di\u0173 duokite arba paimkite savait\u0119 \u201eSour Diesel\u201c \u017eydi. Vidutinis derlius ribojamas iki 3 uncij\u0173 vienai augalo auk\u0161\u010dio p\u0117dai. J\u016bs\u0173 \u017eol\u0117 pasiekia daugiausiai daugiau nei 7 p\u0117d\u0173 auk\u0161t\u012f, tod\u0117l ji yra \u0161iek tiek auk\u0161tesn\u0117 u\u017e daugum\u0105 kit\u0173 veisli\u0173.<\/p>\n<p>D\u0117l augalui reikalingos vietos gali b\u016bti idealu auginti j\u012f lauke, ypa\u010d jei dirba su ribota erdve. Ta\u010diau patalpos s\u0105lygos gali b\u016bti palankios r\u016bg\u0161\u010diam dyzelinui, jei u\u017etikrinama tinkama \u0161iluma, \u0161viesa ir \u017eema dr\u0117gm\u0117. Baigiantis augalo auginimo periodui papildydami daug fosforo turin\u010diomis maistin\u0117mis med\u017eiagomis ir nustoj\u0119 laistyti likus ma\u017edaug trims dienoms iki derliaus nu\u0117mimo, tur\u0117tum\u0117te pasiekti \u017earnyn\u0105 draskant\u012f, a\u0161tr\u0173 kvap\u0105 ir tank\u0173 trichomos sluoksn\u012f, kad gal\u0117tum\u0117te puikiai keliauti.<\/p>\n<p>&nbsp;<\/p>\n<p>Kam jis skirtas?<\/p>\n<p>D\u0117l intensyvaus \u201eSour Diesel\u201c skonio ir siaubingo poveikio ne visiems patiks jo teikiama patirtis. \u017demos tolerancijos vartotojus ir pradedantiesiems gali priblok\u0161ti ne tik ne\u012ftik\u0117tinas skonis, bet ir did\u017eiulis poveikis, kuris kai kuriems gali sukelti nerim\u0105 ir nervingum\u0105.<\/p>\n<p>Nepaisant to, Sour Diesel teb\u0117ra legendin\u0117 veteran\u0173 ir purist\u0173 atmaina. kurie vertina stiprias kanapes. Tiems, kurie turi daugiau patirties, audringas precedento neturin\u010dio energijos srauto poj\u016btis, sklindantis per j\u0173 sistem\u0105, gali suteikti j\u0117g\u0173, motyvacijos ir m\u0105stysenos, reikalingos dienos \u012fsipareigojimams atlikti \u2013 ir dar daugiau.<\/p>\n<\/p><\/div><\/div>\n<section class=\"susij\u0119 produktai\">\n<h2><\/h2>\n<\/section>\n<div class=\"product-next-previous\">\n<div class=\"product-prev\"><\/div><\/div>\n","protected":false},"excerpt":{"rendered":"<div class=\"woocommerce-product-details__short-description\">\n<p>Pirkite Sour Diesel CBD g\u0117l\u0119, skirt\u0105 parduoti JK, Europa yra energijos suteikianti Sativa vyraujanti atmaina, kuri pad\u0117s i\u0161likti susikaupusiam, produktyviam ir subalansuotai dien\u0105.<\/p>\n<\/div>\n","protected":false},"featured_media":4775,"comment_status":"open","ping_status":"closed","template":"","meta":[],"product_brand":[],"product_cat":[689],"product_tag":[],"class_list":{"0":"post-4761","1":"product","2":"type-product","3":"status-publish","4":"has-post-thumbnail","6":"product_cat-pirkite-kanapiu-gele","8":"first","9":"instock","10":"shipping-taxable","11":"purchasable","12":"product-type-variable","13":"has-default-attributes"},"yoast_head":"<!-- This site is optimized with the Yoast SEO plugin v27.3 - https:\/\/yoast.com\/product\/yoast-seo-wordpress\/ -->\n<title>Pirkite r\u016bg\u0161\u010di\u0173j\u0173 dyzelini\u0173 CBD kanapi\u0173 g\u0117li\u0173 internetu \u2013 geriausi pasaulyje vaistai<\/title>\n<meta name=\"description\" content=\"Pirkite Sour Diesel CBD flower UK, Europe yra energijos suteikianti Sativa dominuojanti atmaina, kuri pad\u0117s vis\u0105 dien\u0105 i\u0161likti susikaupusiam, produktyviam ir subalansuotam.\" \/>\n<meta name=\"robots\" content=\"index, follow, max-snippet:-1, max-image-preview:large, max-video-preview:-1\" \/>\n<link rel=\"canonical\" href=\"https:\/\/medicinasinc.com\/lt\/product\/pirkite-sour-dyzelina-cbd-hemp-flower-online\/\" \/>\n<meta property=\"og:locale\" content=\"en_US\" \/>\n<meta property=\"og:type\" content=\"article\" \/>\n<meta property=\"og:title\" content=\"Pirkite r\u016bg\u0161\u010di\u0173j\u0173 dyzelini\u0173 CBD kanapi\u0173 g\u0117li\u0173 internetu \u2013 geriausi pasaulyje vaistai\" \/>\n<meta property=\"og:description\" content=\"Pirkite Sour Diesel CBD flower UK, Europe yra energijos suteikianti Sativa dominuojanti atmaina, kuri pad\u0117s vis\u0105 dien\u0105 i\u0161likti susikaupusiam, produktyviam ir subalansuotam.\" \/>\n<meta property=\"og:url\" content=\"https:\/\/medicinasinc.com\/lt\/product\/pirkite-sour-dyzelina-cbd-hemp-flower-online\/\" \/>\n<meta property=\"og:site_name\" content=\"Medicinas Inc\" \/>\n<meta property=\"article:modified_time\" content=\"2022-03-20T12:34:43+00:00\" \/>\n<meta property=\"og:image\" content=\"https:\/\/medicinasinc.com\/lt\/wp-content\/uploads\/sites\/9\/2022\/02\/Buy-Sour-Diesel-CBD-Hemp-Flower-Online.jpg\" \/>\n\t<meta property=\"og:image:width\" content=\"600\" \/>\n\t<meta property=\"og:image:height\" content=\"600\" \/>\n\t<meta property=\"og:image:type\" content=\"image\/jpeg\" \/>\n<meta name=\"twitter:card\" content=\"summary_large_image\" \/>\n<meta name=\"twitter:label1\" content=\"Est. reading time\" \/>\n\t<meta name=\"twitter:data1\" content=\"5 minutes\" \/>\n<script type=\"application\/ld+json\" class=\"yoast-schema-graph\">{\"@context\":\"https:\\\/\\\/schema.org\",\"@graph\":[{\"@type\":\"WebPage\",\"@id\":\"https:\\\/\\\/medicinasinc.com\\\/lt\\\/product\\\/pirkite-sour-dyzelina-cbd-hemp-flower-online\\\/\",\"url\":\"https:\\\/\\\/medicinasinc.com\\\/lt\\\/product\\\/pirkite-sour-dyzelina-cbd-hemp-flower-online\\\/\",\"name\":\"Pirkite r\u016bg\u0161\u010di\u0173j\u0173 dyzelini\u0173 CBD kanapi\u0173 g\u0117li\u0173 internetu \u2013 geriausi pasaulyje vaistai\",\"isPartOf\":{\"@id\":\"https:\\\/\\\/medicinasinc.com\\\/lt\\\/#website\"},\"primaryImageOfPage\":{\"@id\":\"https:\\\/\\\/medicinasinc.com\\\/lt\\\/product\\\/pirkite-sour-dyzelina-cbd-hemp-flower-online\\\/#primaryimage\"},\"image\":{\"@id\":\"https:\\\/\\\/medicinasinc.com\\\/lt\\\/product\\\/pirkite-sour-dyzelina-cbd-hemp-flower-online\\\/#primaryimage\"},\"thumbnailUrl\":\"https:\\\/\\\/medicinasinc.com\\\/lt\\\/wp-content\\\/uploads\\\/sites\\\/9\\\/2022\\\/02\\\/Buy-Sour-Diesel-CBD-Hemp-Flower-Online.jpg\",\"datePublished\":\"2022-02-20T15:41:01+00:00\",\"dateModified\":\"2022-03-20T12:34:43+00:00\",\"description\":\"Pirkite Sour Diesel CBD flower UK, Europe yra energijos suteikianti Sativa dominuojanti atmaina, kuri pad\u0117s vis\u0105 dien\u0105 i\u0161likti susikaupusiam, produktyviam ir subalansuotam.\",\"breadcrumb\":{\"@id\":\"https:\\\/\\\/medicinasinc.com\\\/lt\\\/product\\\/pirkite-sour-dyzelina-cbd-hemp-flower-online\\\/#breadcrumb\"},\"inLanguage\":\"en-US\",\"potentialAction\":[{\"@type\":\"ReadAction\",\"target\":[\"https:\\\/\\\/medicinasinc.com\\\/lt\\\/product\\\/pirkite-sour-dyzelina-cbd-hemp-flower-online\\\/\"]}]},{\"@type\":\"ImageObject\",\"inLanguage\":\"en-US\",\"@id\":\"https:\\\/\\\/medicinasinc.com\\\/lt\\\/product\\\/pirkite-sour-dyzelina-cbd-hemp-flower-online\\\/#primaryimage\",\"url\":\"https:\\\/\\\/medicinasinc.com\\\/lt\\\/wp-content\\\/uploads\\\/sites\\\/9\\\/2022\\\/02\\\/Buy-Sour-Diesel-CBD-Hemp-Flower-Online.jpg\",\"contentUrl\":\"https:\\\/\\\/medicinasinc.com\\\/lt\\\/wp-content\\\/uploads\\\/sites\\\/9\\\/2022\\\/02\\\/Buy-Sour-Diesel-CBD-Hemp-Flower-Online.jpg\",\"width\":600,\"height\":600},{\"@type\":\"BreadcrumbList\",\"@id\":\"https:\\\/\\\/medicinasinc.com\\\/lt\\\/product\\\/pirkite-sour-dyzelina-cbd-hemp-flower-online\\\/#breadcrumb\",\"itemListElement\":[{\"@type\":\"ListItem\",\"position\":1,\"name\":\"Parduotuv\u0117\",\"item\":\"https:\\\/\\\/medicinasinc.com\\\/lt\\\/parduotuve\\\/\"},{\"@type\":\"ListItem\",\"position\":2,\"name\":\"Pirkite Sour Diesel CBD kanapi\u0173 g\u0117l\u0119 internetu\"}]},{\"@type\":\"WebSite\",\"@id\":\"https:\\\/\\\/medicinasinc.com\\\/lt\\\/#website\",\"url\":\"https:\\\/\\\/medicinasinc.com\\\/lt\\\/\",\"name\":\"Medicinas Inc\",\"description\":\"Sveikatos medicinos klinika\",\"potentialAction\":[{\"@type\":\"SearchAction\",\"target\":{\"@type\":\"EntryPoint\",\"urlTemplate\":\"https:\\\/\\\/medicinasinc.com\\\/lt\\\/?s={search_term_string}\"},\"query-input\":{\"@type\":\"PropertyValueSpecification\",\"valueRequired\":true,\"valueName\":\"search_term_string\"}}],\"inLanguage\":\"en-US\"}]}<\/script>\n<!-- \/ Yoast SEO plugin. -->","yoast_head_json":{"title":"Pirkite r\u016bg\u0161\u010di\u0173j\u0173 dyzelini\u0173 CBD kanapi\u0173 g\u0117li\u0173 internetu \u2013 geriausi pasaulyje vaistai","description":"Pirkite Sour Diesel CBD flower UK, Europe yra energijos suteikianti Sativa dominuojanti atmaina, kuri pad\u0117s vis\u0105 dien\u0105 i\u0161likti susikaupusiam, produktyviam ir subalansuotam.","robots":{"index":"index","follow":"follow","max-snippet":"max-snippet:-1","max-image-preview":"max-image-preview:large","max-video-preview":"max-video-preview:-1"},"canonical":"https:\/\/medicinasinc.com\/lt\/product\/pirkite-sour-dyzelina-cbd-hemp-flower-online\/","og_locale":"en_US","og_type":"article","og_title":"Pirkite r\u016bg\u0161\u010di\u0173j\u0173 dyzelini\u0173 CBD kanapi\u0173 g\u0117li\u0173 internetu \u2013 geriausi pasaulyje vaistai","og_description":"Pirkite Sour Diesel CBD flower UK, Europe yra energijos suteikianti Sativa dominuojanti atmaina, kuri pad\u0117s vis\u0105 dien\u0105 i\u0161likti susikaupusiam, produktyviam ir subalansuotam.","og_url":"https:\/\/medicinasinc.com\/lt\/product\/pirkite-sour-dyzelina-cbd-hemp-flower-online\/","og_site_name":"Medicinas Inc","article_modified_time":"2022-03-20T12:34:43+00:00","og_image":[{"width":600,"height":600,"url":"https:\/\/medicinasinc.com\/lt\/wp-content\/uploads\/sites\/9\/2022\/02\/Buy-Sour-Diesel-CBD-Hemp-Flower-Online.jpg","type":"image\/jpeg"}],"twitter_card":"summary_large_image","twitter_misc":{"Est. reading time":"5 minutes"},"schema":{"@context":"https:\/\/schema.org","@graph":[{"@type":"WebPage","@id":"https:\/\/medicinasinc.com\/lt\/product\/pirkite-sour-dyzelina-cbd-hemp-flower-online\/","url":"https:\/\/medicinasinc.com\/lt\/product\/pirkite-sour-dyzelina-cbd-hemp-flower-online\/","name":"Pirkite r\u016bg\u0161\u010di\u0173j\u0173 dyzelini\u0173 CBD kanapi\u0173 g\u0117li\u0173 internetu \u2013 geriausi pasaulyje vaistai","isPartOf":{"@id":"https:\/\/medicinasinc.com\/lt\/#website"},"primaryImageOfPage":{"@id":"https:\/\/medicinasinc.com\/lt\/product\/pirkite-sour-dyzelina-cbd-hemp-flower-online\/#primaryimage"},"image":{"@id":"https:\/\/medicinasinc.com\/lt\/product\/pirkite-sour-dyzelina-cbd-hemp-flower-online\/#primaryimage"},"thumbnailUrl":"https:\/\/medicinasinc.com\/lt\/wp-content\/uploads\/sites\/9\/2022\/02\/Buy-Sour-Diesel-CBD-Hemp-Flower-Online.jpg","datePublished":"2022-02-20T15:41:01+00:00","dateModified":"2022-03-20T12:34:43+00:00","description":"Pirkite Sour Diesel CBD flower UK, Europe yra energijos suteikianti Sativa dominuojanti atmaina, kuri pad\u0117s vis\u0105 dien\u0105 i\u0161likti susikaupusiam, produktyviam ir subalansuotam.","breadcrumb":{"@id":"https:\/\/medicinasinc.com\/lt\/product\/pirkite-sour-dyzelina-cbd-hemp-flower-online\/#breadcrumb"},"inLanguage":"en-US","potentialAction":[{"@type":"ReadAction","target":["https:\/\/medicinasinc.com\/lt\/product\/pirkite-sour-dyzelina-cbd-hemp-flower-online\/"]}]},{"@type":"ImageObject","inLanguage":"en-US","@id":"https:\/\/medicinasinc.com\/lt\/product\/pirkite-sour-dyzelina-cbd-hemp-flower-online\/#primaryimage","url":"https:\/\/medicinasinc.com\/lt\/wp-content\/uploads\/sites\/9\/2022\/02\/Buy-Sour-Diesel-CBD-Hemp-Flower-Online.jpg","contentUrl":"https:\/\/medicinasinc.com\/lt\/wp-content\/uploads\/sites\/9\/2022\/02\/Buy-Sour-Diesel-CBD-Hemp-Flower-Online.jpg","width":600,"height":600},{"@type":"BreadcrumbList","@id":"https:\/\/medicinasinc.com\/lt\/product\/pirkite-sour-dyzelina-cbd-hemp-flower-online\/#breadcrumb","itemListElement":[{"@type":"ListItem","position":1,"name":"Parduotuv\u0117","item":"https:\/\/medicinasinc.com\/lt\/parduotuve\/"},{"@type":"ListItem","position":2,"name":"Pirkite Sour Diesel CBD kanapi\u0173 g\u0117l\u0119 internetu"}]},{"@type":"WebSite","@id":"https:\/\/medicinasinc.com\/lt\/#website","url":"https:\/\/medicinasinc.com\/lt\/","name":"Medicinas Inc","description":"Sveikatos medicinos klinika","potentialAction":[{"@type":"SearchAction","target":{"@type":"EntryPoint","urlTemplate":"https:\/\/medicinasinc.com\/lt\/?s={search_term_string}"},"query-input":{"@type":"PropertyValueSpecification","valueRequired":true,"valueName":"search_term_string"}}],"inLanguage":"en-US"}]}},"_links":{"self":[{"href":"https:\/\/medicinasinc.com\/lt\/wp-json\/wp\/v2\/product\/4761","targetHints":{"allow":["GET"]}}],"collection":[{"href":"https:\/\/medicinasinc.com\/lt\/wp-json\/wp\/v2\/product"}],"about":[{"href":"https:\/\/medicinasinc.com\/lt\/wp-json\/wp\/v2\/types\/product"}],"replies":[{"embeddable":true,"href":"https:\/\/medicinasinc.com\/lt\/wp-json\/wp\/v2\/comments?post=4761"}],"wp:featuredmedia":[{"embeddable":true,"href":"https:\/\/medicinasinc.com\/lt\/wp-json\/wp\/v2\/media\/4775"}],"wp:attachment":[{"href":"https:\/\/medicinasinc.com\/lt\/wp-json\/wp\/v2\/media?parent=4761"}],"wp:term":[{"taxonomy":"product_brand","embeddable":true,"href":"https:\/\/medicinasinc.com\/lt\/wp-json\/wp\/v2\/product_brand?post=4761"},{"taxonomy":"product_cat","embeddable":true,"href":"https:\/\/medicinasinc.com\/lt\/wp-json\/wp\/v2\/product_cat?post=4761"},{"taxonomy":"product_tag","embeddable":true,"href":"https:\/\/medicinasinc.com\/lt\/wp-json\/wp\/v2\/product_tag?post=4761"}],"curies":[{"name":"wp","href":"https:\/\/api.w.org\/{rel}","templated":true}]}}