{"id":4759,"date":"2022-02-20T15:39:59","date_gmt":"2022-02-20T15:39:59","guid":{"rendered":"https:\/\/medicinasinc.com\/lt\/?post_type=product&#038;p=4759"},"modified":"2022-03-20T12:34:54","modified_gmt":"2022-03-20T12:34:54","slug":"pirkti-suzy-q-cbd-kanapiu-gele","status":"publish","type":"product","link":"https:\/\/medicinasinc.com\/lt\/product\/pirkti-suzy-q-cbd-kanapiu-gele\/","title":{"rendered":"Pirkite Suzy Q CBD kanapi\u0173 g\u0117l\u0119"},"content":{"rendered":"<p>Suzy Q yra vidutinio tankumo, alyvuogi\u0173 \u017ealios spalvos atmaina su tamsiais gintaro atspalvio plaukais. Rekomenduojama kanapi\u0173 entuziastams, siekiantiems ai\u0161kios nuotaikos, pakyl\u0117jimo efekto. Tvirtas \u0161ios veisl\u0117s skonis pasi\u017eymi medienos natomis ir prieskoni\u0173 u\u017euomina. Suzy Q yra gerai \u017einomas d\u0117l savo saldaus, \u017eemi\u0161ko aromato ir pu\u0161ies, a\u0161tri\u0173 terpen\u0173 terpeninio profilio.<\/p>\n<p>Tolygiai subalansuotame hibride yra 50 % sativa (labiau stimuliuojanti atmaina) ir 50 % indica (labiau atpalaiduojanti). paderm\u0117), tod\u0117l gaunamas sinerginis poveikis. D\u0117l gana didelio CBD kiekio tai puikus pasirinkimas ie\u0161kantiems ramios patirties. Ji pla\u010diai vertinama kaip viena i\u0161 labiausiai raminan\u010di\u0173 padermi\u0173.<\/p>\n<p>Suzy Q sud\u0117tyje yra didel\u0117 CBD koncentracija ir tik THC p\u0117dsakas, gerokai ma\u017eesnis u\u017e kanapi\u0173 leistin\u0105 rib\u0105. \u0160is santykis rodo, kad tur\u0117tum\u0117te tik\u0117tis \u0161iek tiek pakilios patirties.<\/p>\n<p>Kanapi\u0173 g\u0117li\u0173 kokyb\u0117s u\u017etikrinimas nuo \u016bkio iki pardavimo<\/p>\n<p>Suzy Q kanapi\u0173 g\u0117l\u0117s auginamos vaizdingame 100 akr\u0173 \u016bkyje \u0160iaur\u0117s Kalifornijoje. \u0160iaur\u0117s Kalifornijos idili\u0161kas klimatas sukuria nesibaigian\u010dios vasaros iliuzij\u0105, o tomis sausomis, \u0161viesiomis dienomis \u017eydi nuostabios g\u0117l\u0117s, kuriose n\u0117ra pel\u0117si\u0173 ar miltlig\u0117s.<\/p>\n<p>M\u016bs\u0173 \u016bkis yra sertifikuotas ekologi\u0161kas, o tai rei\u0161kia, kad n\u0117ra joki\u0173 chemini\u0173 med\u017eiag\u0173. naudojamos tr\u0105\u0161os ar pesticidai. Labai r\u016bpinam\u0117s, kad b\u016bt\u0173 u\u017etikrinta tinkama permakult\u016bra \u2013 savaranki\u0161kos ir savaranki\u0161kos \u017eem\u0117s \u016bkio ekosistemos auginimas. Vienas i\u0161 b\u016bd\u0173, kaip tai padaryti, yra pa\u0161ar\u0173 tr\u0119\u0161imas, kuris ver\u010dia \u0161aknis dirbti daugiau, kad b\u016bt\u0173 sukurta sveika dirvo\u017eemio aplinka, palanki augal\u0173 augimui.<\/p>\n<p>Kai m\u016bs\u0173 kanapi\u0173 augalai i\u0161naudoja vis\u0105 savo potencial\u0105, jie pakabinami auk\u0161tyn kojomis. i\u0161d\u017eiovinti, tada d\u017eiovinti ir apipjaustyti rankomis. Kanap\u0117s yra labai gle\u017enas augalas. Net ir nedidel\u0117s klaidos auginimo ar derliaus nu\u0117mimo metu gali greitai pabloginti pumpur\u0173 kokyb\u0119. Mes reikalaujame visi\u0161ko skaidrumo ir kokyb\u0117s kontrol\u0117s&#8230; ir j\u016bs taip pat tur\u0117tum\u0117te. I\u0161 kanapi\u0173 g\u0117li\u0173 reikalaujama nieko ma\u017eiau.<\/p>\n<p>M\u016bs\u0173 CBD kanapi\u0173 \u017eiedas buvo i\u0161bandytas nepriklausomai<\/p>\n<p>Kiekvieno derliaus grynumas ir stiprumas tikrinamas DEA registruotame, ISO 17025 akredituotame AHCA -akredituota ir CLIA akredituota nepriklausoma laboratorija. Atliekant visos grup\u0117s testavim\u0105 tiriama:<\/p>\n<p>CBD, THC ir kit\u0173 kanabinoid\u0173 stiprumas.<br \/> Metalai (\u0161vinas, gyvsidabris, arsenas, kadmis).<br \/> Bakterijos, pvz. E. coli, taip pat kiti patogenai<br \/> Ter\u0161alai, tokie kaip mikotoksinai.<\/p>\n<p>Kiekvienas u\u017esakymas pateikiamas su analiz\u0117s sertifikatu, u\u017etikrinan\u010diu, kad pirkdami pusm\u0117nulio g\u0117l\u0119 visada tiksliai \u017einosite, k\u0105 gaunate .<\/p>\n","protected":false},"excerpt":{"rendered":"<p>Suzy Q CBD kanapi\u0173 g\u0117l\u0117 Viso spektro kanapi\u0173 g\u0117l\u0117 &#8211; \u012esigykite Suzy Q CBD kanapi\u0173 g\u0117li\u0173 viso spektro kanapi\u0173 g\u0117li\u0173. Suzy Q yra didelio CBD, ma\u017eai THC turintis pu\u0161ies skonio paderm\u0117, kuri padeda gydyti simptomus ir nesukelia euforijos.<\/p>\n<p>Suzy Q yra daug CBD ir ma\u017eai THC pu\u0161\u0173 skonis, padedantis gydyti simptomus ir neturintis jokio psichoaktyvaus poveikio. Tai puiki atmaina, kuri\u0105 galima prid\u0117ti prie CBD \u0161eimos.<br \/> Cbd: 15%\u201317%<\/p>\n<p>0,2% thc<\/p>\n","protected":false},"featured_media":4773,"comment_status":"open","ping_status":"closed","template":"","meta":[],"product_brand":[],"product_cat":[689],"product_tag":[],"class_list":{"0":"post-4759","1":"product","2":"type-product","3":"status-publish","4":"has-post-thumbnail","6":"product_cat-pirkite-kanapiu-gele","8":"first","9":"instock","10":"shipping-taxable","11":"purchasable","12":"product-type-variable","13":"has-default-attributes"},"yoast_head":"<!-- This site is optimized with the Yoast SEO plugin v27.3 - https:\/\/yoast.com\/product\/yoast-seo-wordpress\/ -->\n<title>Pirkite Suzy Q CBD kanapi\u0173 g\u0117l\u0119 \u2013 geriausius pasaulinius vaistus<\/title>\n<meta name=\"description\" content=\"\u012esigykite Suzy Q CBD kanapi\u0173 g\u0117li\u0173 viso spektro kanapi\u0173 g\u0117li\u0173. Suzy Q yra didelio CBD ir ma\u017eai THC turintis pu\u0161ies skonio paderm\u0117, kuri padeda gydyti simptomus be didelio euforijos ar net visai.\" \/>\n<meta name=\"robots\" content=\"index, follow, max-snippet:-1, max-image-preview:large, max-video-preview:-1\" \/>\n<link rel=\"canonical\" href=\"https:\/\/medicinasinc.com\/lt\/product\/pirkti-suzy-q-cbd-kanapiu-gele\/\" \/>\n<meta property=\"og:locale\" content=\"en_US\" \/>\n<meta property=\"og:type\" content=\"article\" \/>\n<meta property=\"og:title\" content=\"Pirkite Suzy Q CBD kanapi\u0173 g\u0117l\u0119 \u2013 geriausius pasaulinius vaistus\" \/>\n<meta property=\"og:description\" content=\"\u012esigykite Suzy Q CBD kanapi\u0173 g\u0117li\u0173 viso spektro kanapi\u0173 g\u0117li\u0173. Suzy Q yra didelio CBD ir ma\u017eai THC turintis pu\u0161ies skonio paderm\u0117, kuri padeda gydyti simptomus be didelio euforijos ar net visai.\" \/>\n<meta property=\"og:url\" content=\"https:\/\/medicinasinc.com\/lt\/product\/pirkti-suzy-q-cbd-kanapiu-gele\/\" \/>\n<meta property=\"og:site_name\" content=\"Medicinas Inc\" \/>\n<meta property=\"article:modified_time\" content=\"2022-03-20T12:34:54+00:00\" \/>\n<meta property=\"og:image\" content=\"https:\/\/medicinasinc.com\/lt\/wp-content\/uploads\/sites\/9\/2022\/02\/Buy-Suzy-Q-CBD-Hemp-Flower-Online.jpg\" \/>\n\t<meta property=\"og:image:width\" content=\"600\" \/>\n\t<meta property=\"og:image:height\" content=\"600\" \/>\n\t<meta property=\"og:image:type\" content=\"image\/jpeg\" \/>\n<meta name=\"twitter:card\" content=\"summary_large_image\" \/>\n<meta name=\"twitter:label1\" content=\"Est. reading time\" \/>\n\t<meta name=\"twitter:data1\" content=\"2 minutes\" \/>\n<script type=\"application\/ld+json\" class=\"yoast-schema-graph\">{\"@context\":\"https:\\\/\\\/schema.org\",\"@graph\":[{\"@type\":\"WebPage\",\"@id\":\"https:\\\/\\\/medicinasinc.com\\\/lt\\\/product\\\/pirkti-suzy-q-cbd-kanapiu-gele\\\/\",\"url\":\"https:\\\/\\\/medicinasinc.com\\\/lt\\\/product\\\/pirkti-suzy-q-cbd-kanapiu-gele\\\/\",\"name\":\"Pirkite Suzy Q CBD kanapi\u0173 g\u0117l\u0119 \u2013 geriausius pasaulinius vaistus\",\"isPartOf\":{\"@id\":\"https:\\\/\\\/medicinasinc.com\\\/lt\\\/#website\"},\"primaryImageOfPage\":{\"@id\":\"https:\\\/\\\/medicinasinc.com\\\/lt\\\/product\\\/pirkti-suzy-q-cbd-kanapiu-gele\\\/#primaryimage\"},\"image\":{\"@id\":\"https:\\\/\\\/medicinasinc.com\\\/lt\\\/product\\\/pirkti-suzy-q-cbd-kanapiu-gele\\\/#primaryimage\"},\"thumbnailUrl\":\"https:\\\/\\\/medicinasinc.com\\\/lt\\\/wp-content\\\/uploads\\\/sites\\\/9\\\/2022\\\/02\\\/Buy-Suzy-Q-CBD-Hemp-Flower-Online.jpg\",\"datePublished\":\"2022-02-20T15:39:59+00:00\",\"dateModified\":\"2022-03-20T12:34:54+00:00\",\"description\":\"\u012esigykite Suzy Q CBD kanapi\u0173 g\u0117li\u0173 viso spektro kanapi\u0173 g\u0117li\u0173. Suzy Q yra didelio CBD ir ma\u017eai THC turintis pu\u0161ies skonio paderm\u0117, kuri padeda gydyti simptomus be didelio euforijos ar net visai.\",\"breadcrumb\":{\"@id\":\"https:\\\/\\\/medicinasinc.com\\\/lt\\\/product\\\/pirkti-suzy-q-cbd-kanapiu-gele\\\/#breadcrumb\"},\"inLanguage\":\"en-US\",\"potentialAction\":[{\"@type\":\"ReadAction\",\"target\":[\"https:\\\/\\\/medicinasinc.com\\\/lt\\\/product\\\/pirkti-suzy-q-cbd-kanapiu-gele\\\/\"]}]},{\"@type\":\"ImageObject\",\"inLanguage\":\"en-US\",\"@id\":\"https:\\\/\\\/medicinasinc.com\\\/lt\\\/product\\\/pirkti-suzy-q-cbd-kanapiu-gele\\\/#primaryimage\",\"url\":\"https:\\\/\\\/medicinasinc.com\\\/lt\\\/wp-content\\\/uploads\\\/sites\\\/9\\\/2022\\\/02\\\/Buy-Suzy-Q-CBD-Hemp-Flower-Online.jpg\",\"contentUrl\":\"https:\\\/\\\/medicinasinc.com\\\/lt\\\/wp-content\\\/uploads\\\/sites\\\/9\\\/2022\\\/02\\\/Buy-Suzy-Q-CBD-Hemp-Flower-Online.jpg\",\"width\":600,\"height\":600},{\"@type\":\"BreadcrumbList\",\"@id\":\"https:\\\/\\\/medicinasinc.com\\\/lt\\\/product\\\/pirkti-suzy-q-cbd-kanapiu-gele\\\/#breadcrumb\",\"itemListElement\":[{\"@type\":\"ListItem\",\"position\":1,\"name\":\"Parduotuv\u0117\",\"item\":\"https:\\\/\\\/medicinasinc.com\\\/lt\\\/parduotuve\\\/\"},{\"@type\":\"ListItem\",\"position\":2,\"name\":\"Pirkite Suzy Q CBD kanapi\u0173 g\u0117l\u0119\"}]},{\"@type\":\"WebSite\",\"@id\":\"https:\\\/\\\/medicinasinc.com\\\/lt\\\/#website\",\"url\":\"https:\\\/\\\/medicinasinc.com\\\/lt\\\/\",\"name\":\"Medicinas Inc\",\"description\":\"Sveikatos medicinos klinika\",\"potentialAction\":[{\"@type\":\"SearchAction\",\"target\":{\"@type\":\"EntryPoint\",\"urlTemplate\":\"https:\\\/\\\/medicinasinc.com\\\/lt\\\/?s={search_term_string}\"},\"query-input\":{\"@type\":\"PropertyValueSpecification\",\"valueRequired\":true,\"valueName\":\"search_term_string\"}}],\"inLanguage\":\"en-US\"}]}<\/script>\n<!-- \/ Yoast SEO plugin. -->","yoast_head_json":{"title":"Pirkite Suzy Q CBD kanapi\u0173 g\u0117l\u0119 \u2013 geriausius pasaulinius vaistus","description":"\u012esigykite Suzy Q CBD kanapi\u0173 g\u0117li\u0173 viso spektro kanapi\u0173 g\u0117li\u0173. Suzy Q yra didelio CBD ir ma\u017eai THC turintis pu\u0161ies skonio paderm\u0117, kuri padeda gydyti simptomus be didelio euforijos ar net visai.","robots":{"index":"index","follow":"follow","max-snippet":"max-snippet:-1","max-image-preview":"max-image-preview:large","max-video-preview":"max-video-preview:-1"},"canonical":"https:\/\/medicinasinc.com\/lt\/product\/pirkti-suzy-q-cbd-kanapiu-gele\/","og_locale":"en_US","og_type":"article","og_title":"Pirkite Suzy Q CBD kanapi\u0173 g\u0117l\u0119 \u2013 geriausius pasaulinius vaistus","og_description":"\u012esigykite Suzy Q CBD kanapi\u0173 g\u0117li\u0173 viso spektro kanapi\u0173 g\u0117li\u0173. Suzy Q yra didelio CBD ir ma\u017eai THC turintis pu\u0161ies skonio paderm\u0117, kuri padeda gydyti simptomus be didelio euforijos ar net visai.","og_url":"https:\/\/medicinasinc.com\/lt\/product\/pirkti-suzy-q-cbd-kanapiu-gele\/","og_site_name":"Medicinas Inc","article_modified_time":"2022-03-20T12:34:54+00:00","og_image":[{"width":600,"height":600,"url":"https:\/\/medicinasinc.com\/lt\/wp-content\/uploads\/sites\/9\/2022\/02\/Buy-Suzy-Q-CBD-Hemp-Flower-Online.jpg","type":"image\/jpeg"}],"twitter_card":"summary_large_image","twitter_misc":{"Est. reading time":"2 minutes"},"schema":{"@context":"https:\/\/schema.org","@graph":[{"@type":"WebPage","@id":"https:\/\/medicinasinc.com\/lt\/product\/pirkti-suzy-q-cbd-kanapiu-gele\/","url":"https:\/\/medicinasinc.com\/lt\/product\/pirkti-suzy-q-cbd-kanapiu-gele\/","name":"Pirkite Suzy Q CBD kanapi\u0173 g\u0117l\u0119 \u2013 geriausius pasaulinius vaistus","isPartOf":{"@id":"https:\/\/medicinasinc.com\/lt\/#website"},"primaryImageOfPage":{"@id":"https:\/\/medicinasinc.com\/lt\/product\/pirkti-suzy-q-cbd-kanapiu-gele\/#primaryimage"},"image":{"@id":"https:\/\/medicinasinc.com\/lt\/product\/pirkti-suzy-q-cbd-kanapiu-gele\/#primaryimage"},"thumbnailUrl":"https:\/\/medicinasinc.com\/lt\/wp-content\/uploads\/sites\/9\/2022\/02\/Buy-Suzy-Q-CBD-Hemp-Flower-Online.jpg","datePublished":"2022-02-20T15:39:59+00:00","dateModified":"2022-03-20T12:34:54+00:00","description":"\u012esigykite Suzy Q CBD kanapi\u0173 g\u0117li\u0173 viso spektro kanapi\u0173 g\u0117li\u0173. Suzy Q yra didelio CBD ir ma\u017eai THC turintis pu\u0161ies skonio paderm\u0117, kuri padeda gydyti simptomus be didelio euforijos ar net visai.","breadcrumb":{"@id":"https:\/\/medicinasinc.com\/lt\/product\/pirkti-suzy-q-cbd-kanapiu-gele\/#breadcrumb"},"inLanguage":"en-US","potentialAction":[{"@type":"ReadAction","target":["https:\/\/medicinasinc.com\/lt\/product\/pirkti-suzy-q-cbd-kanapiu-gele\/"]}]},{"@type":"ImageObject","inLanguage":"en-US","@id":"https:\/\/medicinasinc.com\/lt\/product\/pirkti-suzy-q-cbd-kanapiu-gele\/#primaryimage","url":"https:\/\/medicinasinc.com\/lt\/wp-content\/uploads\/sites\/9\/2022\/02\/Buy-Suzy-Q-CBD-Hemp-Flower-Online.jpg","contentUrl":"https:\/\/medicinasinc.com\/lt\/wp-content\/uploads\/sites\/9\/2022\/02\/Buy-Suzy-Q-CBD-Hemp-Flower-Online.jpg","width":600,"height":600},{"@type":"BreadcrumbList","@id":"https:\/\/medicinasinc.com\/lt\/product\/pirkti-suzy-q-cbd-kanapiu-gele\/#breadcrumb","itemListElement":[{"@type":"ListItem","position":1,"name":"Parduotuv\u0117","item":"https:\/\/medicinasinc.com\/lt\/parduotuve\/"},{"@type":"ListItem","position":2,"name":"Pirkite Suzy Q CBD kanapi\u0173 g\u0117l\u0119"}]},{"@type":"WebSite","@id":"https:\/\/medicinasinc.com\/lt\/#website","url":"https:\/\/medicinasinc.com\/lt\/","name":"Medicinas Inc","description":"Sveikatos medicinos klinika","potentialAction":[{"@type":"SearchAction","target":{"@type":"EntryPoint","urlTemplate":"https:\/\/medicinasinc.com\/lt\/?s={search_term_string}"},"query-input":{"@type":"PropertyValueSpecification","valueRequired":true,"valueName":"search_term_string"}}],"inLanguage":"en-US"}]}},"_links":{"self":[{"href":"https:\/\/medicinasinc.com\/lt\/wp-json\/wp\/v2\/product\/4759","targetHints":{"allow":["GET"]}}],"collection":[{"href":"https:\/\/medicinasinc.com\/lt\/wp-json\/wp\/v2\/product"}],"about":[{"href":"https:\/\/medicinasinc.com\/lt\/wp-json\/wp\/v2\/types\/product"}],"replies":[{"embeddable":true,"href":"https:\/\/medicinasinc.com\/lt\/wp-json\/wp\/v2\/comments?post=4759"}],"wp:featuredmedia":[{"embeddable":true,"href":"https:\/\/medicinasinc.com\/lt\/wp-json\/wp\/v2\/media\/4773"}],"wp:attachment":[{"href":"https:\/\/medicinasinc.com\/lt\/wp-json\/wp\/v2\/media?parent=4759"}],"wp:term":[{"taxonomy":"product_brand","embeddable":true,"href":"https:\/\/medicinasinc.com\/lt\/wp-json\/wp\/v2\/product_brand?post=4759"},{"taxonomy":"product_cat","embeddable":true,"href":"https:\/\/medicinasinc.com\/lt\/wp-json\/wp\/v2\/product_cat?post=4759"},{"taxonomy":"product_tag","embeddable":true,"href":"https:\/\/medicinasinc.com\/lt\/wp-json\/wp\/v2\/product_tag?post=4759"}],"curies":[{"name":"wp","href":"https:\/\/api.w.org\/{rel}","templated":true}]}}