{"id":4748,"date":"2022-02-20T15:30:50","date_gmt":"2022-02-20T15:30:50","guid":{"rendered":"https:\/\/medicinasinc.com\/lt\/?post_type=product&#038;p=4748"},"modified":"2022-03-20T12:35:15","modified_gmt":"2022-03-20T12:35:15","slug":"pirkti-havaju-pusu-kanapiu-geliu","status":"publish","type":"product","link":"https:\/\/medicinasinc.com\/lt\/product\/pirkti-havaju-pusu-kanapiu-geliu\/","title":{"rendered":"Pirkite Havaj\u0173 pu\u0161ies kanapi\u0173 g\u0117l\u0119"},"content":{"rendered":"<div class=\"woocommerce-tabs wc-tabs-wrapper\">\n<div id=\"tab-description\" class=\"woocommerce-Tabs-panel woocommerce-Tabs-panel--description panel entry-content wc-tab\" role=\"tabpanel\" aria-labelledby=\"tab-title-description\">\n<p>Kanapi\u0173 \u017eiedas su Havaj\u0173 pu\u0161ies CBD<\/p>\n<p>Havaj\u0173 pu\u0161ies CBD Kanapi\u0173 \u017eied\u0173 paderm\u0117se yra ma\u017eiau nei .2 % Delta 9 THC, o tai yra leistinas THC limitas ir, jei vartojate saikingai, jums nepavyks atlikti narkotik\u0173 testo, ta\u010diau mes negarantuojame.<\/p>\n<p>Bud Chasers did\u017eiausi\u0105 d\u0117mes\u012f skiriame kokybei ir saugai, tod\u0117l kiekvienas CBD g\u0117li\u0173 partija prie\u0161 platinim\u0105 yra patikrinta ir patvirtinta \u017dem\u0117s \u016bkio departamento.<\/p>\n<p>Vaistai, kuri\u0173 sud\u0117tyje yra daug CBD, gali pad\u0117ti nuo u\u017edegimo ir traukuli\u0173, ta\u010diau turi nedidel\u012f psichoaktyv\u0173 poveik\u012f. D\u0117l didelio atsparaus alkoholio kiekio rekomenduojame d\u0117ti \u012f burnos pus\u0119 (prie\u0161 skruost\u0105) ir palaikyti 30-60 sekund\u017ei\u0173. Tinkt\u016br\u0105 galima atskiesti sultimis ar arbata, ta\u010diau ji prad\u0117s veikti ilgiau.<\/p>\n<p>Dabar galima \u012fsigyti CBD kanapi\u0173 g\u0117li\u0173 i\u0161 Havaj\u0173 pu\u0161ies.<\/p>\n<p>\u012esigykite Havaj\u0173 pu\u0161ies CBD kanapi\u0173 g\u0117l\u0119 i\u0161 kanapi\u0173 Prisijung\u0119 dabar; be to, \u010dia galite pateikti u\u017esakym\u0105 ir i\u0161 karto \u012fsigyti.<\/p>\n<p>CBD g\u0117l\u0117 i\u0161 Havaj\u0173 pu\u0161ies<\/p>\n<\/p><\/div><\/div>\n","protected":false},"excerpt":{"rendered":"<div class=\"woocommerce-product-details__short-description\">\n<p>Pirkite Havaj\u0173 pu\u0161ies CBD kanapi\u0173 g\u0117l\u0119 internetu i\u0161 bestglobalmeds.com. Pirkite \u012fvairi\u0173 su marihuana susijusi\u0173 produkt\u0173 ir kt. Pristatymas nemokamas.<\/p>\n<p>Mes si\u016blome auk\u0161\u010diausios kokyb\u0117s Havaj\u0173 pu\u0161ies CBD kanapi\u0173 g\u0117l\u0119, skirt\u0105 medicinos ar rekreaciniams tikslams.<\/p>\n<\/p><\/div>\n","protected":false},"featured_media":4760,"comment_status":"open","ping_status":"closed","template":"","meta":[],"product_brand":[],"product_cat":[689],"product_tag":[],"class_list":{"0":"post-4748","1":"product","2":"type-product","3":"status-publish","4":"has-post-thumbnail","6":"product_cat-pirkite-kanapiu-gele","8":"first","9":"instock","10":"shipping-taxable","11":"purchasable","12":"product-type-variable","13":"has-default-attributes"},"yoast_head":"<!-- This site is optimized with the Yoast SEO plugin v27.3 - https:\/\/yoast.com\/product\/yoast-seo-wordpress\/ -->\n<title>Pirkite Havaj\u0173 pu\u0161ies kanapi\u0173 \u017eied\u0105 \u2013 geriausius pasaulinius vaistus<\/title>\n<meta name=\"description\" content=\"Pirkite Havaj\u0173 pu\u0161ies CBD kanapi\u0173 g\u0117l\u0119 (1 svaras) internetu bestglobalmeds.com. Pirkite plat\u0173 marihuanos produkt\u0173 pasirinkim\u0105 ir dar daugiau. Nemokamas pristatymas.\" \/>\n<meta name=\"robots\" content=\"index, follow, max-snippet:-1, max-image-preview:large, max-video-preview:-1\" \/>\n<link rel=\"canonical\" href=\"https:\/\/medicinasinc.com\/lt\/product\/pirkti-havaju-pusu-kanapiu-geliu\/\" \/>\n<meta property=\"og:locale\" content=\"en_US\" \/>\n<meta property=\"og:type\" content=\"article\" \/>\n<meta property=\"og:title\" content=\"Pirkite Havaj\u0173 pu\u0161ies kanapi\u0173 \u017eied\u0105 \u2013 geriausius pasaulinius vaistus\" \/>\n<meta property=\"og:description\" content=\"Pirkite Havaj\u0173 pu\u0161ies CBD kanapi\u0173 g\u0117l\u0119 (1 svaras) internetu bestglobalmeds.com. Pirkite plat\u0173 marihuanos produkt\u0173 pasirinkim\u0105 ir dar daugiau. Nemokamas pristatymas.\" \/>\n<meta property=\"og:url\" content=\"https:\/\/medicinasinc.com\/lt\/product\/pirkti-havaju-pusu-kanapiu-geliu\/\" \/>\n<meta property=\"og:site_name\" content=\"Medicinas Inc\" \/>\n<meta property=\"article:modified_time\" content=\"2022-03-20T12:35:15+00:00\" \/>\n<meta property=\"og:image\" content=\"https:\/\/medicinasinc.com\/lt\/wp-content\/uploads\/sites\/9\/2022\/02\/Buy-Hawaiian-Pine-Hemp-Flower-Onlin.jpg\" \/>\n\t<meta property=\"og:image:width\" content=\"600\" \/>\n\t<meta property=\"og:image:height\" content=\"600\" \/>\n\t<meta property=\"og:image:type\" content=\"image\/jpeg\" \/>\n<meta name=\"twitter:card\" content=\"summary_large_image\" \/>\n<meta name=\"twitter:label1\" content=\"Est. reading time\" \/>\n\t<meta name=\"twitter:data1\" content=\"1 minute\" \/>\n<script type=\"application\/ld+json\" class=\"yoast-schema-graph\">{\"@context\":\"https:\\\/\\\/schema.org\",\"@graph\":[{\"@type\":\"WebPage\",\"@id\":\"https:\\\/\\\/medicinasinc.com\\\/lt\\\/product\\\/pirkti-havaju-pusu-kanapiu-geliu\\\/\",\"url\":\"https:\\\/\\\/medicinasinc.com\\\/lt\\\/product\\\/pirkti-havaju-pusu-kanapiu-geliu\\\/\",\"name\":\"Pirkite Havaj\u0173 pu\u0161ies kanapi\u0173 \u017eied\u0105 \u2013 geriausius pasaulinius vaistus\",\"isPartOf\":{\"@id\":\"https:\\\/\\\/medicinasinc.com\\\/lt\\\/#website\"},\"primaryImageOfPage\":{\"@id\":\"https:\\\/\\\/medicinasinc.com\\\/lt\\\/product\\\/pirkti-havaju-pusu-kanapiu-geliu\\\/#primaryimage\"},\"image\":{\"@id\":\"https:\\\/\\\/medicinasinc.com\\\/lt\\\/product\\\/pirkti-havaju-pusu-kanapiu-geliu\\\/#primaryimage\"},\"thumbnailUrl\":\"https:\\\/\\\/medicinasinc.com\\\/lt\\\/wp-content\\\/uploads\\\/sites\\\/9\\\/2022\\\/02\\\/Buy-Hawaiian-Pine-Hemp-Flower-Onlin.jpg\",\"datePublished\":\"2022-02-20T15:30:50+00:00\",\"dateModified\":\"2022-03-20T12:35:15+00:00\",\"description\":\"Pirkite Havaj\u0173 pu\u0161ies CBD kanapi\u0173 g\u0117l\u0119 (1 svaras) internetu bestglobalmeds.com. Pirkite plat\u0173 marihuanos produkt\u0173 pasirinkim\u0105 ir dar daugiau. Nemokamas pristatymas.\",\"breadcrumb\":{\"@id\":\"https:\\\/\\\/medicinasinc.com\\\/lt\\\/product\\\/pirkti-havaju-pusu-kanapiu-geliu\\\/#breadcrumb\"},\"inLanguage\":\"en-US\",\"potentialAction\":[{\"@type\":\"ReadAction\",\"target\":[\"https:\\\/\\\/medicinasinc.com\\\/lt\\\/product\\\/pirkti-havaju-pusu-kanapiu-geliu\\\/\"]}]},{\"@type\":\"ImageObject\",\"inLanguage\":\"en-US\",\"@id\":\"https:\\\/\\\/medicinasinc.com\\\/lt\\\/product\\\/pirkti-havaju-pusu-kanapiu-geliu\\\/#primaryimage\",\"url\":\"https:\\\/\\\/medicinasinc.com\\\/lt\\\/wp-content\\\/uploads\\\/sites\\\/9\\\/2022\\\/02\\\/Buy-Hawaiian-Pine-Hemp-Flower-Onlin.jpg\",\"contentUrl\":\"https:\\\/\\\/medicinasinc.com\\\/lt\\\/wp-content\\\/uploads\\\/sites\\\/9\\\/2022\\\/02\\\/Buy-Hawaiian-Pine-Hemp-Flower-Onlin.jpg\",\"width\":600,\"height\":600},{\"@type\":\"BreadcrumbList\",\"@id\":\"https:\\\/\\\/medicinasinc.com\\\/lt\\\/product\\\/pirkti-havaju-pusu-kanapiu-geliu\\\/#breadcrumb\",\"itemListElement\":[{\"@type\":\"ListItem\",\"position\":1,\"name\":\"Parduotuv\u0117\",\"item\":\"https:\\\/\\\/medicinasinc.com\\\/lt\\\/parduotuve\\\/\"},{\"@type\":\"ListItem\",\"position\":2,\"name\":\"Pirkite Havaj\u0173 pu\u0161ies kanapi\u0173 g\u0117l\u0119\"}]},{\"@type\":\"WebSite\",\"@id\":\"https:\\\/\\\/medicinasinc.com\\\/lt\\\/#website\",\"url\":\"https:\\\/\\\/medicinasinc.com\\\/lt\\\/\",\"name\":\"Medicinas Inc\",\"description\":\"Sveikatos medicinos klinika\",\"potentialAction\":[{\"@type\":\"SearchAction\",\"target\":{\"@type\":\"EntryPoint\",\"urlTemplate\":\"https:\\\/\\\/medicinasinc.com\\\/lt\\\/?s={search_term_string}\"},\"query-input\":{\"@type\":\"PropertyValueSpecification\",\"valueRequired\":true,\"valueName\":\"search_term_string\"}}],\"inLanguage\":\"en-US\"}]}<\/script>\n<!-- \/ Yoast SEO plugin. -->","yoast_head_json":{"title":"Pirkite Havaj\u0173 pu\u0161ies kanapi\u0173 \u017eied\u0105 \u2013 geriausius pasaulinius vaistus","description":"Pirkite Havaj\u0173 pu\u0161ies CBD kanapi\u0173 g\u0117l\u0119 (1 svaras) internetu bestglobalmeds.com. Pirkite plat\u0173 marihuanos produkt\u0173 pasirinkim\u0105 ir dar daugiau. Nemokamas pristatymas.","robots":{"index":"index","follow":"follow","max-snippet":"max-snippet:-1","max-image-preview":"max-image-preview:large","max-video-preview":"max-video-preview:-1"},"canonical":"https:\/\/medicinasinc.com\/lt\/product\/pirkti-havaju-pusu-kanapiu-geliu\/","og_locale":"en_US","og_type":"article","og_title":"Pirkite Havaj\u0173 pu\u0161ies kanapi\u0173 \u017eied\u0105 \u2013 geriausius pasaulinius vaistus","og_description":"Pirkite Havaj\u0173 pu\u0161ies CBD kanapi\u0173 g\u0117l\u0119 (1 svaras) internetu bestglobalmeds.com. Pirkite plat\u0173 marihuanos produkt\u0173 pasirinkim\u0105 ir dar daugiau. Nemokamas pristatymas.","og_url":"https:\/\/medicinasinc.com\/lt\/product\/pirkti-havaju-pusu-kanapiu-geliu\/","og_site_name":"Medicinas Inc","article_modified_time":"2022-03-20T12:35:15+00:00","og_image":[{"width":600,"height":600,"url":"https:\/\/medicinasinc.com\/lt\/wp-content\/uploads\/sites\/9\/2022\/02\/Buy-Hawaiian-Pine-Hemp-Flower-Onlin.jpg","type":"image\/jpeg"}],"twitter_card":"summary_large_image","twitter_misc":{"Est. reading time":"1 minute"},"schema":{"@context":"https:\/\/schema.org","@graph":[{"@type":"WebPage","@id":"https:\/\/medicinasinc.com\/lt\/product\/pirkti-havaju-pusu-kanapiu-geliu\/","url":"https:\/\/medicinasinc.com\/lt\/product\/pirkti-havaju-pusu-kanapiu-geliu\/","name":"Pirkite Havaj\u0173 pu\u0161ies kanapi\u0173 \u017eied\u0105 \u2013 geriausius pasaulinius vaistus","isPartOf":{"@id":"https:\/\/medicinasinc.com\/lt\/#website"},"primaryImageOfPage":{"@id":"https:\/\/medicinasinc.com\/lt\/product\/pirkti-havaju-pusu-kanapiu-geliu\/#primaryimage"},"image":{"@id":"https:\/\/medicinasinc.com\/lt\/product\/pirkti-havaju-pusu-kanapiu-geliu\/#primaryimage"},"thumbnailUrl":"https:\/\/medicinasinc.com\/lt\/wp-content\/uploads\/sites\/9\/2022\/02\/Buy-Hawaiian-Pine-Hemp-Flower-Onlin.jpg","datePublished":"2022-02-20T15:30:50+00:00","dateModified":"2022-03-20T12:35:15+00:00","description":"Pirkite Havaj\u0173 pu\u0161ies CBD kanapi\u0173 g\u0117l\u0119 (1 svaras) internetu bestglobalmeds.com. Pirkite plat\u0173 marihuanos produkt\u0173 pasirinkim\u0105 ir dar daugiau. Nemokamas pristatymas.","breadcrumb":{"@id":"https:\/\/medicinasinc.com\/lt\/product\/pirkti-havaju-pusu-kanapiu-geliu\/#breadcrumb"},"inLanguage":"en-US","potentialAction":[{"@type":"ReadAction","target":["https:\/\/medicinasinc.com\/lt\/product\/pirkti-havaju-pusu-kanapiu-geliu\/"]}]},{"@type":"ImageObject","inLanguage":"en-US","@id":"https:\/\/medicinasinc.com\/lt\/product\/pirkti-havaju-pusu-kanapiu-geliu\/#primaryimage","url":"https:\/\/medicinasinc.com\/lt\/wp-content\/uploads\/sites\/9\/2022\/02\/Buy-Hawaiian-Pine-Hemp-Flower-Onlin.jpg","contentUrl":"https:\/\/medicinasinc.com\/lt\/wp-content\/uploads\/sites\/9\/2022\/02\/Buy-Hawaiian-Pine-Hemp-Flower-Onlin.jpg","width":600,"height":600},{"@type":"BreadcrumbList","@id":"https:\/\/medicinasinc.com\/lt\/product\/pirkti-havaju-pusu-kanapiu-geliu\/#breadcrumb","itemListElement":[{"@type":"ListItem","position":1,"name":"Parduotuv\u0117","item":"https:\/\/medicinasinc.com\/lt\/parduotuve\/"},{"@type":"ListItem","position":2,"name":"Pirkite Havaj\u0173 pu\u0161ies kanapi\u0173 g\u0117l\u0119"}]},{"@type":"WebSite","@id":"https:\/\/medicinasinc.com\/lt\/#website","url":"https:\/\/medicinasinc.com\/lt\/","name":"Medicinas Inc","description":"Sveikatos medicinos klinika","potentialAction":[{"@type":"SearchAction","target":{"@type":"EntryPoint","urlTemplate":"https:\/\/medicinasinc.com\/lt\/?s={search_term_string}"},"query-input":{"@type":"PropertyValueSpecification","valueRequired":true,"valueName":"search_term_string"}}],"inLanguage":"en-US"}]}},"_links":{"self":[{"href":"https:\/\/medicinasinc.com\/lt\/wp-json\/wp\/v2\/product\/4748","targetHints":{"allow":["GET"]}}],"collection":[{"href":"https:\/\/medicinasinc.com\/lt\/wp-json\/wp\/v2\/product"}],"about":[{"href":"https:\/\/medicinasinc.com\/lt\/wp-json\/wp\/v2\/types\/product"}],"replies":[{"embeddable":true,"href":"https:\/\/medicinasinc.com\/lt\/wp-json\/wp\/v2\/comments?post=4748"}],"wp:featuredmedia":[{"embeddable":true,"href":"https:\/\/medicinasinc.com\/lt\/wp-json\/wp\/v2\/media\/4760"}],"wp:attachment":[{"href":"https:\/\/medicinasinc.com\/lt\/wp-json\/wp\/v2\/media?parent=4748"}],"wp:term":[{"taxonomy":"product_brand","embeddable":true,"href":"https:\/\/medicinasinc.com\/lt\/wp-json\/wp\/v2\/product_brand?post=4748"},{"taxonomy":"product_cat","embeddable":true,"href":"https:\/\/medicinasinc.com\/lt\/wp-json\/wp\/v2\/product_cat?post=4748"},{"taxonomy":"product_tag","embeddable":true,"href":"https:\/\/medicinasinc.com\/lt\/wp-json\/wp\/v2\/product_tag?post=4748"}],"curies":[{"name":"wp","href":"https:\/\/api.w.org\/{rel}","templated":true}]}}