{"id":4734,"date":"2022-02-20T15:19:28","date_gmt":"2022-02-20T15:19:28","guid":{"rendered":"https:\/\/medicinasinc.com\/lt\/?post_type=product&#038;p=4734"},"modified":"2022-03-20T12:35:25","modified_gmt":"2022-03-20T12:35:25","slug":"thc-live-diamonds-superior-extract","status":"publish","type":"product","link":"https:\/\/medicinasinc.com\/lt\/product\/thc-live-diamonds-superior-extract\/","title":{"rendered":"THC gyvi deimantai \u2013 puikus ekstraktas"},"content":{"rendered":"<p>Auk\u0161\u010diausios kokyb\u0117s \u201eTHC Live Diamonds\u201c<br \/> \u201eSuperior THC Live Diamonds\u201c yra naujas ekstraktas, kuris spar\u010diai populiar\u0117ja kanapi\u0173 bendruomen\u0117je kaip stipriausias koncentratas rinkoje. \u0160iame kristalizuotame ekstrakte yra daugiau nei 99 procentai gryno THC-A \u2013 kuris vartojamas nesukelia psichoaktyvaus poveikio, ta\u010diau reikalingas dekarboksilinimas (deginimas), kad jis virst\u0173 psichoaktyviu THC.<\/p>\n<p>Puik\u016bs THC gyvieji deimantai yra pagaminti i\u0161 gyv\u0173 deimant\u0173. derva, kuri padeda i\u0161laikyti terpenus, tod\u0117l gaunamas kvapnesnis koncentratas!<br \/> Kol gyva derva yra klampi, ji sandariai u\u017edaroma sl\u0117gin\u0117je talpykloje ir leid\u017eiama atv\u0117sti iki kambario temperat\u016bros. \u0160iame mi\u0161inyje susidaro THCA kristalai ir laikui b\u0117gant nukrenta \u012f stiklainio dugn\u0105. Lik\u0119 terpenai gyvoje dervoje pakyla \u012f pavir\u0161i\u0173 ir sudaro klamp\u0173 sluoksn\u012f. D\u0117l to susidaro koncentratas, kurio sud\u0117tyje yra 97\u201399 procent\u0173 THC, kartu su specifini\u0173 terpen\u0173 skoniu ir gydomosiomis savyb\u0117mis.<\/p>\n","protected":false},"excerpt":{"rendered":"<ul>\n<li>Koncentratas, sudarytas i\u0161 97\u201399 % THC<\/li>\n<li>99 % gryno THC-A<\/li>\n<li>Canada Post Xpresspost NEMOKAMAS pristatymas u\u017esakymams vir\u0161 99 USD<\/li>\n<li>Pristatymas tik visoje Kanadoje<\/li>\n<li>Toliau pateikiamas visas produkto apra\u0161ymas<\/li>\n<\/ul>\n","protected":false},"featured_media":4747,"comment_status":"open","ping_status":"closed","template":"","meta":[],"product_brand":[],"product_cat":[610],"product_tag":[],"class_list":{"0":"post-4734","1":"product","2":"type-product","3":"status-publish","4":"has-post-thumbnail","6":"product_cat-pirkite-hasisa-hasisa","8":"first","9":"instock","10":"shipping-taxable","11":"purchasable","12":"product-type-variable","13":"has-default-attributes"},"yoast_head":"<!-- This site is optimized with the Yoast SEO plugin v27.3 - https:\/\/yoast.com\/product\/yoast-seo-wordpress\/ -->\n<title>THC gyvi deimantai \u2013 puikus ekstraktas \u2013 geriausi pasaulio vaistai<\/title>\n<meta name=\"description\" content=\"Pirkite THC Live-Diamonds \u2013 puikius ekstraktus internetu su pristatymu ir pristatymu visame pasaulyje \u012f j\u016bs\u0173 pageidaujam\u0105 viet\u0105. Prekiaujame ma\u017emenine ir didmenine prekyba THC.\" \/>\n<meta name=\"robots\" content=\"index, follow, max-snippet:-1, max-image-preview:large, max-video-preview:-1\" \/>\n<link rel=\"canonical\" href=\"https:\/\/medicinasinc.com\/lt\/product\/thc-live-diamonds-superior-extract\/\" \/>\n<meta property=\"og:locale\" content=\"en_US\" \/>\n<meta property=\"og:type\" content=\"article\" \/>\n<meta property=\"og:title\" content=\"THC gyvi deimantai \u2013 puikus ekstraktas \u2013 geriausi pasaulio vaistai\" \/>\n<meta property=\"og:description\" content=\"Pirkite THC Live-Diamonds \u2013 puikius ekstraktus internetu su pristatymu ir pristatymu visame pasaulyje \u012f j\u016bs\u0173 pageidaujam\u0105 viet\u0105. Prekiaujame ma\u017emenine ir didmenine prekyba THC.\" \/>\n<meta property=\"og:url\" content=\"https:\/\/medicinasinc.com\/lt\/product\/thc-live-diamonds-superior-extract\/\" \/>\n<meta property=\"og:site_name\" content=\"Medicinas Inc\" \/>\n<meta property=\"article:modified_time\" content=\"2022-03-20T12:35:25+00:00\" \/>\n<meta property=\"og:image\" content=\"https:\/\/medicinasinc.com\/lt\/wp-content\/uploads\/sites\/9\/2022\/02\/Buy-THC-Live-Diamonds-Superior-Extract.jpg\" \/>\n\t<meta property=\"og:image:width\" content=\"600\" \/>\n\t<meta property=\"og:image:height\" content=\"600\" \/>\n\t<meta property=\"og:image:type\" content=\"image\/jpeg\" \/>\n<meta name=\"twitter:card\" content=\"summary_large_image\" \/>\n<meta name=\"twitter:label1\" content=\"Est. reading time\" \/>\n\t<meta name=\"twitter:data1\" content=\"1 minute\" \/>\n<script type=\"application\/ld+json\" class=\"yoast-schema-graph\">{\"@context\":\"https:\\\/\\\/schema.org\",\"@graph\":[{\"@type\":\"WebPage\",\"@id\":\"https:\\\/\\\/medicinasinc.com\\\/lt\\\/product\\\/thc-live-diamonds-superior-extract\\\/\",\"url\":\"https:\\\/\\\/medicinasinc.com\\\/lt\\\/product\\\/thc-live-diamonds-superior-extract\\\/\",\"name\":\"THC gyvi deimantai \u2013 puikus ekstraktas \u2013 geriausi pasaulio vaistai\",\"isPartOf\":{\"@id\":\"https:\\\/\\\/medicinasinc.com\\\/lt\\\/#website\"},\"primaryImageOfPage\":{\"@id\":\"https:\\\/\\\/medicinasinc.com\\\/lt\\\/product\\\/thc-live-diamonds-superior-extract\\\/#primaryimage\"},\"image\":{\"@id\":\"https:\\\/\\\/medicinasinc.com\\\/lt\\\/product\\\/thc-live-diamonds-superior-extract\\\/#primaryimage\"},\"thumbnailUrl\":\"https:\\\/\\\/medicinasinc.com\\\/lt\\\/wp-content\\\/uploads\\\/sites\\\/9\\\/2022\\\/02\\\/Buy-THC-Live-Diamonds-Superior-Extract.jpg\",\"datePublished\":\"2022-02-20T15:19:28+00:00\",\"dateModified\":\"2022-03-20T12:35:25+00:00\",\"description\":\"Pirkite THC Live-Diamonds \u2013 puikius ekstraktus internetu su pristatymu ir pristatymu visame pasaulyje \u012f j\u016bs\u0173 pageidaujam\u0105 viet\u0105. Prekiaujame ma\u017emenine ir didmenine prekyba THC.\",\"breadcrumb\":{\"@id\":\"https:\\\/\\\/medicinasinc.com\\\/lt\\\/product\\\/thc-live-diamonds-superior-extract\\\/#breadcrumb\"},\"inLanguage\":\"en-US\",\"potentialAction\":[{\"@type\":\"ReadAction\",\"target\":[\"https:\\\/\\\/medicinasinc.com\\\/lt\\\/product\\\/thc-live-diamonds-superior-extract\\\/\"]}]},{\"@type\":\"ImageObject\",\"inLanguage\":\"en-US\",\"@id\":\"https:\\\/\\\/medicinasinc.com\\\/lt\\\/product\\\/thc-live-diamonds-superior-extract\\\/#primaryimage\",\"url\":\"https:\\\/\\\/medicinasinc.com\\\/lt\\\/wp-content\\\/uploads\\\/sites\\\/9\\\/2022\\\/02\\\/Buy-THC-Live-Diamonds-Superior-Extract.jpg\",\"contentUrl\":\"https:\\\/\\\/medicinasinc.com\\\/lt\\\/wp-content\\\/uploads\\\/sites\\\/9\\\/2022\\\/02\\\/Buy-THC-Live-Diamonds-Superior-Extract.jpg\",\"width\":600,\"height\":600},{\"@type\":\"BreadcrumbList\",\"@id\":\"https:\\\/\\\/medicinasinc.com\\\/lt\\\/product\\\/thc-live-diamonds-superior-extract\\\/#breadcrumb\",\"itemListElement\":[{\"@type\":\"ListItem\",\"position\":1,\"name\":\"Parduotuv\u0117\",\"item\":\"https:\\\/\\\/medicinasinc.com\\\/lt\\\/parduotuve\\\/\"},{\"@type\":\"ListItem\",\"position\":2,\"name\":\"THC gyvi deimantai \u2013 puikus ekstraktas\"}]},{\"@type\":\"WebSite\",\"@id\":\"https:\\\/\\\/medicinasinc.com\\\/lt\\\/#website\",\"url\":\"https:\\\/\\\/medicinasinc.com\\\/lt\\\/\",\"name\":\"Medicinas Inc\",\"description\":\"Sveikatos medicinos klinika\",\"potentialAction\":[{\"@type\":\"SearchAction\",\"target\":{\"@type\":\"EntryPoint\",\"urlTemplate\":\"https:\\\/\\\/medicinasinc.com\\\/lt\\\/?s={search_term_string}\"},\"query-input\":{\"@type\":\"PropertyValueSpecification\",\"valueRequired\":true,\"valueName\":\"search_term_string\"}}],\"inLanguage\":\"en-US\"}]}<\/script>\n<!-- \/ Yoast SEO plugin. -->","yoast_head_json":{"title":"THC gyvi deimantai \u2013 puikus ekstraktas \u2013 geriausi pasaulio vaistai","description":"Pirkite THC Live-Diamonds \u2013 puikius ekstraktus internetu su pristatymu ir pristatymu visame pasaulyje \u012f j\u016bs\u0173 pageidaujam\u0105 viet\u0105. Prekiaujame ma\u017emenine ir didmenine prekyba THC.","robots":{"index":"index","follow":"follow","max-snippet":"max-snippet:-1","max-image-preview":"max-image-preview:large","max-video-preview":"max-video-preview:-1"},"canonical":"https:\/\/medicinasinc.com\/lt\/product\/thc-live-diamonds-superior-extract\/","og_locale":"en_US","og_type":"article","og_title":"THC gyvi deimantai \u2013 puikus ekstraktas \u2013 geriausi pasaulio vaistai","og_description":"Pirkite THC Live-Diamonds \u2013 puikius ekstraktus internetu su pristatymu ir pristatymu visame pasaulyje \u012f j\u016bs\u0173 pageidaujam\u0105 viet\u0105. Prekiaujame ma\u017emenine ir didmenine prekyba THC.","og_url":"https:\/\/medicinasinc.com\/lt\/product\/thc-live-diamonds-superior-extract\/","og_site_name":"Medicinas Inc","article_modified_time":"2022-03-20T12:35:25+00:00","og_image":[{"width":600,"height":600,"url":"https:\/\/medicinasinc.com\/lt\/wp-content\/uploads\/sites\/9\/2022\/02\/Buy-THC-Live-Diamonds-Superior-Extract.jpg","type":"image\/jpeg"}],"twitter_card":"summary_large_image","twitter_misc":{"Est. reading time":"1 minute"},"schema":{"@context":"https:\/\/schema.org","@graph":[{"@type":"WebPage","@id":"https:\/\/medicinasinc.com\/lt\/product\/thc-live-diamonds-superior-extract\/","url":"https:\/\/medicinasinc.com\/lt\/product\/thc-live-diamonds-superior-extract\/","name":"THC gyvi deimantai \u2013 puikus ekstraktas \u2013 geriausi pasaulio vaistai","isPartOf":{"@id":"https:\/\/medicinasinc.com\/lt\/#website"},"primaryImageOfPage":{"@id":"https:\/\/medicinasinc.com\/lt\/product\/thc-live-diamonds-superior-extract\/#primaryimage"},"image":{"@id":"https:\/\/medicinasinc.com\/lt\/product\/thc-live-diamonds-superior-extract\/#primaryimage"},"thumbnailUrl":"https:\/\/medicinasinc.com\/lt\/wp-content\/uploads\/sites\/9\/2022\/02\/Buy-THC-Live-Diamonds-Superior-Extract.jpg","datePublished":"2022-02-20T15:19:28+00:00","dateModified":"2022-03-20T12:35:25+00:00","description":"Pirkite THC Live-Diamonds \u2013 puikius ekstraktus internetu su pristatymu ir pristatymu visame pasaulyje \u012f j\u016bs\u0173 pageidaujam\u0105 viet\u0105. Prekiaujame ma\u017emenine ir didmenine prekyba THC.","breadcrumb":{"@id":"https:\/\/medicinasinc.com\/lt\/product\/thc-live-diamonds-superior-extract\/#breadcrumb"},"inLanguage":"en-US","potentialAction":[{"@type":"ReadAction","target":["https:\/\/medicinasinc.com\/lt\/product\/thc-live-diamonds-superior-extract\/"]}]},{"@type":"ImageObject","inLanguage":"en-US","@id":"https:\/\/medicinasinc.com\/lt\/product\/thc-live-diamonds-superior-extract\/#primaryimage","url":"https:\/\/medicinasinc.com\/lt\/wp-content\/uploads\/sites\/9\/2022\/02\/Buy-THC-Live-Diamonds-Superior-Extract.jpg","contentUrl":"https:\/\/medicinasinc.com\/lt\/wp-content\/uploads\/sites\/9\/2022\/02\/Buy-THC-Live-Diamonds-Superior-Extract.jpg","width":600,"height":600},{"@type":"BreadcrumbList","@id":"https:\/\/medicinasinc.com\/lt\/product\/thc-live-diamonds-superior-extract\/#breadcrumb","itemListElement":[{"@type":"ListItem","position":1,"name":"Parduotuv\u0117","item":"https:\/\/medicinasinc.com\/lt\/parduotuve\/"},{"@type":"ListItem","position":2,"name":"THC gyvi deimantai \u2013 puikus ekstraktas"}]},{"@type":"WebSite","@id":"https:\/\/medicinasinc.com\/lt\/#website","url":"https:\/\/medicinasinc.com\/lt\/","name":"Medicinas Inc","description":"Sveikatos medicinos klinika","potentialAction":[{"@type":"SearchAction","target":{"@type":"EntryPoint","urlTemplate":"https:\/\/medicinasinc.com\/lt\/?s={search_term_string}"},"query-input":{"@type":"PropertyValueSpecification","valueRequired":true,"valueName":"search_term_string"}}],"inLanguage":"en-US"}]}},"_links":{"self":[{"href":"https:\/\/medicinasinc.com\/lt\/wp-json\/wp\/v2\/product\/4734","targetHints":{"allow":["GET"]}}],"collection":[{"href":"https:\/\/medicinasinc.com\/lt\/wp-json\/wp\/v2\/product"}],"about":[{"href":"https:\/\/medicinasinc.com\/lt\/wp-json\/wp\/v2\/types\/product"}],"replies":[{"embeddable":true,"href":"https:\/\/medicinasinc.com\/lt\/wp-json\/wp\/v2\/comments?post=4734"}],"wp:featuredmedia":[{"embeddable":true,"href":"https:\/\/medicinasinc.com\/lt\/wp-json\/wp\/v2\/media\/4747"}],"wp:attachment":[{"href":"https:\/\/medicinasinc.com\/lt\/wp-json\/wp\/v2\/media?parent=4734"}],"wp:term":[{"taxonomy":"product_brand","embeddable":true,"href":"https:\/\/medicinasinc.com\/lt\/wp-json\/wp\/v2\/product_brand?post=4734"},{"taxonomy":"product_cat","embeddable":true,"href":"https:\/\/medicinasinc.com\/lt\/wp-json\/wp\/v2\/product_cat?post=4734"},{"taxonomy":"product_tag","embeddable":true,"href":"https:\/\/medicinasinc.com\/lt\/wp-json\/wp\/v2\/product_tag?post=4734"}],"curies":[{"name":"wp","href":"https:\/\/api.w.org\/{rel}","templated":true}]}}