{"id":4733,"date":"2022-02-20T15:18:37","date_gmt":"2022-02-20T15:18:37","guid":{"rendered":"https:\/\/medicinasinc.com\/lt\/?post_type=product&#038;p=4733"},"modified":"2022-03-20T12:35:35","modified_gmt":"2022-03-20T12:35:35","slug":"pirkti-rozine-kush-hash","status":"publish","type":"product","link":"https:\/\/medicinasinc.com\/lt\/product\/pirkti-rozine-kush-hash\/","title":{"rendered":"Pirkite Pink Kush Hash"},"content":{"rendered":"<p>Pink Kush Hash pirkimas internetu<\/p>\n<p>Prie\u0161 \u012fsigyjant legal\u0173 mai\u0161\u0105 internetu, labai svarbu suprasti, kas tai yra, kaip jis susij\u0119s su kanap\u0117mis ir kuo jos skiriasi nuo kit\u0173 pikt\u017eoli\u0173 produkt\u0173. Ha\u0161as, kitas terminas \u201eha\u0161i\u0161as\u201c, yra kanapi\u0173 koncentratas, perduodamas per marihuanos augalo pik\u012f. Tai pasiekiama atskiriant kanapi\u0173 augalo sul\u010di\u0173 organus, kurie bendrai vadinami trichomomis, nuo jo \u017eied\u0173. \u017dinoma, kad \u0161iuose trichomuose yra did\u017eiausia kanabinoid\u0173 ir terpen\u0173 koncentracija \u2013 cheminiai junginiai, atsakingi u\u017e unikalias Maryjane savybes ir savybes. D\u0117l didel\u0117s kanabinoid\u0173 ir terpen\u0173 koncentracijos mai\u0161elyje jis turi nepaprast\u0173 geb\u0117jim\u0173 sukurti ne\u012ftik\u0117tinus psichoaktyvius ir medicininius susitikimus kanapi\u0173 vartotojams. Ha\u0161o aliejus yra labai koncentruota kanapi\u0173 forma, kuri\u0105 galima r\u016bkyti, garinti, vartoti arba nu\u0161veisti ant odos. Kartais mai\u0161os aliejaus naudojimas vadinamas \u201epasiekimu\u201c arba \u201evartojimu\u201c. Ha\u0161i\u0161o aliejus yra gaunamas i\u0161 kanapi\u0173 augal\u0173 ir jame yra THC (delta-9-tetrahidrokanabinolio), to paties revoliucinio junginio, kuris yra kituose Maryjane produktuose.<\/p>\n<p>Bet kokiu atveju mai\u0161os aliejus yra stipresnis, jame yra iki 90 proc. grynas THC. \u017dinoma, kitose kanapi\u0173 augalo dalyse tipin\u0117 THC koncentracija yra apie 12%. Patikimas<\/p>\n<p>CO2 ekstrahavimas \u0161iuo metu yra efektyviausias THC aliejaus i\u0161gavimo b\u016bdas. Be to, tai yra labiausiai paplit\u0119s ir saugiausias kanapi\u0173 aliejaus, distiliato ir gyvos dervos gamybos b\u016bdas. Prie\u017eastis, d\u0117l kurios \u0161iais laikais taip paplitusi, yra ta, kad \u0161iame THC aliejuje n\u0117ra papildom\u0173 tirpikli\u0173, toki\u0173 kaip skystis ar butanas.<\/p>\n<p>Dauguma THC alyv\u0173 turi tam tikro pasirengimo silpn\u0117jimo. Tai b\u016btina norint u\u017etikrinti, kad aliejus i\u0161laikyt\u0173 ideali\u0105 garinimo konsistencij\u0105. Veiksmingiausios reduktorius yra augalinis glicerinas ir propilenglikolis (VG ir PG), kurie da\u017eniausiai randami \u012fprastuose e-skys\u010diuose. Kai kuriuose yra \u012fvairi\u0173 u\u017epild\u0173, toki\u0173 kaip PEG, o pastaruoju metu &#8211; TEC Temper, kuri yra dar viena s\u0105lyga, gaunama i\u0161 \u012fprast\u0173 terpen\u0173. Galima \u012fsigyti mai\u0161os aliejaus.<\/p>\n","protected":false},"excerpt":{"rendered":"<p>Pirkite Pink Kush Hash pardavimui JK, Europoje internetu. Pink Kush, toks pat geid\u017eiamas kaip ir jo OG Kush giminaitis, yra hibridas, dominuojantis Indijoje, turintis galing\u0105 \u012f k\u016bn\u0105 orientuot\u0105 poveik\u012f. U\u017esisakykite internetu DABAR!<\/p>\n<ul>\n<li>Pristatymas visame pasaulyje<\/li>\n<li>D\u0117l didesni\u0173 u\u017esakym\u0173 susisiekite su mumis.<\/li>\n<\/ul>\n","protected":false},"featured_media":4745,"comment_status":"open","ping_status":"closed","template":"","meta":[],"product_brand":[],"product_cat":[610],"product_tag":[],"class_list":{"0":"post-4733","1":"product","2":"type-product","3":"status-publish","4":"has-post-thumbnail","6":"product_cat-pirkite-hasisa-hasisa","8":"first","9":"instock","10":"shipping-taxable","11":"purchasable","12":"product-type-variable","13":"has-default-attributes"},"yoast_head":"<!-- This site is optimized with the Yoast SEO plugin v27.3 - https:\/\/yoast.com\/product\/yoast-seo-wordpress\/ -->\n<title>Pirkite Pink Kush Hash internetu \u2013 geriausius pasaulinius vaistus<\/title>\n<meta name=\"description\" content=\"Pirkite Pink Kush Hash pardavimui JK, Europoje internetu. Pink Kush, toks pat geid\u017eiamas kaip ir jo OG Kush giminaitis, yra hibridas, dominuojantis Indijoje, turintis galing\u0105 \u012f k\u016bn\u0105 orientuot\u0105 poveik\u012f. U\u017esisakykite internetu DABAR!\" \/>\n<meta name=\"robots\" content=\"index, follow, max-snippet:-1, max-image-preview:large, max-video-preview:-1\" \/>\n<link rel=\"canonical\" href=\"https:\/\/medicinasinc.com\/lt\/product\/pirkti-rozine-kush-hash\/\" \/>\n<meta property=\"og:locale\" content=\"en_US\" \/>\n<meta property=\"og:type\" content=\"article\" \/>\n<meta property=\"og:title\" content=\"Pirkite Pink Kush Hash internetu \u2013 geriausius pasaulinius vaistus\" \/>\n<meta property=\"og:description\" content=\"Pirkite Pink Kush Hash pardavimui JK, Europoje internetu. Pink Kush, toks pat geid\u017eiamas kaip ir jo OG Kush giminaitis, yra hibridas, dominuojantis Indijoje, turintis galing\u0105 \u012f k\u016bn\u0105 orientuot\u0105 poveik\u012f. U\u017esisakykite internetu DABAR!\" \/>\n<meta property=\"og:url\" content=\"https:\/\/medicinasinc.com\/lt\/product\/pirkti-rozine-kush-hash\/\" \/>\n<meta property=\"og:site_name\" content=\"Medicinas Inc\" \/>\n<meta property=\"article:modified_time\" content=\"2022-03-20T12:35:35+00:00\" \/>\n<meta property=\"og:image\" content=\"https:\/\/medicinasinc.com\/lt\/wp-content\/uploads\/sites\/9\/2022\/02\/buy-pink-kush-hash.jpg\" \/>\n\t<meta property=\"og:image:width\" content=\"600\" \/>\n\t<meta property=\"og:image:height\" content=\"600\" \/>\n\t<meta property=\"og:image:type\" content=\"image\/jpeg\" \/>\n<meta name=\"twitter:card\" content=\"summary_large_image\" \/>\n<meta name=\"twitter:label1\" content=\"Est. reading time\" \/>\n\t<meta name=\"twitter:data1\" content=\"2 minutes\" \/>\n<script type=\"application\/ld+json\" class=\"yoast-schema-graph\">{\"@context\":\"https:\\\/\\\/schema.org\",\"@graph\":[{\"@type\":\"WebPage\",\"@id\":\"https:\\\/\\\/medicinasinc.com\\\/lt\\\/product\\\/pirkti-rozine-kush-hash\\\/\",\"url\":\"https:\\\/\\\/medicinasinc.com\\\/lt\\\/product\\\/pirkti-rozine-kush-hash\\\/\",\"name\":\"Pirkite Pink Kush Hash internetu \u2013 geriausius pasaulinius vaistus\",\"isPartOf\":{\"@id\":\"https:\\\/\\\/medicinasinc.com\\\/lt\\\/#website\"},\"primaryImageOfPage\":{\"@id\":\"https:\\\/\\\/medicinasinc.com\\\/lt\\\/product\\\/pirkti-rozine-kush-hash\\\/#primaryimage\"},\"image\":{\"@id\":\"https:\\\/\\\/medicinasinc.com\\\/lt\\\/product\\\/pirkti-rozine-kush-hash\\\/#primaryimage\"},\"thumbnailUrl\":\"https:\\\/\\\/medicinasinc.com\\\/lt\\\/wp-content\\\/uploads\\\/sites\\\/9\\\/2022\\\/02\\\/buy-pink-kush-hash.jpg\",\"datePublished\":\"2022-02-20T15:18:37+00:00\",\"dateModified\":\"2022-03-20T12:35:35+00:00\",\"description\":\"Pirkite Pink Kush Hash pardavimui JK, Europoje internetu. Pink Kush, toks pat geid\u017eiamas kaip ir jo OG Kush giminaitis, yra hibridas, dominuojantis Indijoje, turintis galing\u0105 \u012f k\u016bn\u0105 orientuot\u0105 poveik\u012f. U\u017esisakykite internetu DABAR!\",\"breadcrumb\":{\"@id\":\"https:\\\/\\\/medicinasinc.com\\\/lt\\\/product\\\/pirkti-rozine-kush-hash\\\/#breadcrumb\"},\"inLanguage\":\"en-US\",\"potentialAction\":[{\"@type\":\"ReadAction\",\"target\":[\"https:\\\/\\\/medicinasinc.com\\\/lt\\\/product\\\/pirkti-rozine-kush-hash\\\/\"]}]},{\"@type\":\"ImageObject\",\"inLanguage\":\"en-US\",\"@id\":\"https:\\\/\\\/medicinasinc.com\\\/lt\\\/product\\\/pirkti-rozine-kush-hash\\\/#primaryimage\",\"url\":\"https:\\\/\\\/medicinasinc.com\\\/lt\\\/wp-content\\\/uploads\\\/sites\\\/9\\\/2022\\\/02\\\/buy-pink-kush-hash.jpg\",\"contentUrl\":\"https:\\\/\\\/medicinasinc.com\\\/lt\\\/wp-content\\\/uploads\\\/sites\\\/9\\\/2022\\\/02\\\/buy-pink-kush-hash.jpg\",\"width\":600,\"height\":600},{\"@type\":\"BreadcrumbList\",\"@id\":\"https:\\\/\\\/medicinasinc.com\\\/lt\\\/product\\\/pirkti-rozine-kush-hash\\\/#breadcrumb\",\"itemListElement\":[{\"@type\":\"ListItem\",\"position\":1,\"name\":\"Parduotuv\u0117\",\"item\":\"https:\\\/\\\/medicinasinc.com\\\/lt\\\/parduotuve\\\/\"},{\"@type\":\"ListItem\",\"position\":2,\"name\":\"Pirkite Pink Kush Hash\"}]},{\"@type\":\"WebSite\",\"@id\":\"https:\\\/\\\/medicinasinc.com\\\/lt\\\/#website\",\"url\":\"https:\\\/\\\/medicinasinc.com\\\/lt\\\/\",\"name\":\"Medicinas Inc\",\"description\":\"Sveikatos medicinos klinika\",\"potentialAction\":[{\"@type\":\"SearchAction\",\"target\":{\"@type\":\"EntryPoint\",\"urlTemplate\":\"https:\\\/\\\/medicinasinc.com\\\/lt\\\/?s={search_term_string}\"},\"query-input\":{\"@type\":\"PropertyValueSpecification\",\"valueRequired\":true,\"valueName\":\"search_term_string\"}}],\"inLanguage\":\"en-US\"}]}<\/script>\n<!-- \/ Yoast SEO plugin. -->","yoast_head_json":{"title":"Pirkite Pink Kush Hash internetu \u2013 geriausius pasaulinius vaistus","description":"Pirkite Pink Kush Hash pardavimui JK, Europoje internetu. Pink Kush, toks pat geid\u017eiamas kaip ir jo OG Kush giminaitis, yra hibridas, dominuojantis Indijoje, turintis galing\u0105 \u012f k\u016bn\u0105 orientuot\u0105 poveik\u012f. U\u017esisakykite internetu DABAR!","robots":{"index":"index","follow":"follow","max-snippet":"max-snippet:-1","max-image-preview":"max-image-preview:large","max-video-preview":"max-video-preview:-1"},"canonical":"https:\/\/medicinasinc.com\/lt\/product\/pirkti-rozine-kush-hash\/","og_locale":"en_US","og_type":"article","og_title":"Pirkite Pink Kush Hash internetu \u2013 geriausius pasaulinius vaistus","og_description":"Pirkite Pink Kush Hash pardavimui JK, Europoje internetu. Pink Kush, toks pat geid\u017eiamas kaip ir jo OG Kush giminaitis, yra hibridas, dominuojantis Indijoje, turintis galing\u0105 \u012f k\u016bn\u0105 orientuot\u0105 poveik\u012f. U\u017esisakykite internetu DABAR!","og_url":"https:\/\/medicinasinc.com\/lt\/product\/pirkti-rozine-kush-hash\/","og_site_name":"Medicinas Inc","article_modified_time":"2022-03-20T12:35:35+00:00","og_image":[{"width":600,"height":600,"url":"https:\/\/medicinasinc.com\/lt\/wp-content\/uploads\/sites\/9\/2022\/02\/buy-pink-kush-hash.jpg","type":"image\/jpeg"}],"twitter_card":"summary_large_image","twitter_misc":{"Est. reading time":"2 minutes"},"schema":{"@context":"https:\/\/schema.org","@graph":[{"@type":"WebPage","@id":"https:\/\/medicinasinc.com\/lt\/product\/pirkti-rozine-kush-hash\/","url":"https:\/\/medicinasinc.com\/lt\/product\/pirkti-rozine-kush-hash\/","name":"Pirkite Pink Kush Hash internetu \u2013 geriausius pasaulinius vaistus","isPartOf":{"@id":"https:\/\/medicinasinc.com\/lt\/#website"},"primaryImageOfPage":{"@id":"https:\/\/medicinasinc.com\/lt\/product\/pirkti-rozine-kush-hash\/#primaryimage"},"image":{"@id":"https:\/\/medicinasinc.com\/lt\/product\/pirkti-rozine-kush-hash\/#primaryimage"},"thumbnailUrl":"https:\/\/medicinasinc.com\/lt\/wp-content\/uploads\/sites\/9\/2022\/02\/buy-pink-kush-hash.jpg","datePublished":"2022-02-20T15:18:37+00:00","dateModified":"2022-03-20T12:35:35+00:00","description":"Pirkite Pink Kush Hash pardavimui JK, Europoje internetu. Pink Kush, toks pat geid\u017eiamas kaip ir jo OG Kush giminaitis, yra hibridas, dominuojantis Indijoje, turintis galing\u0105 \u012f k\u016bn\u0105 orientuot\u0105 poveik\u012f. U\u017esisakykite internetu DABAR!","breadcrumb":{"@id":"https:\/\/medicinasinc.com\/lt\/product\/pirkti-rozine-kush-hash\/#breadcrumb"},"inLanguage":"en-US","potentialAction":[{"@type":"ReadAction","target":["https:\/\/medicinasinc.com\/lt\/product\/pirkti-rozine-kush-hash\/"]}]},{"@type":"ImageObject","inLanguage":"en-US","@id":"https:\/\/medicinasinc.com\/lt\/product\/pirkti-rozine-kush-hash\/#primaryimage","url":"https:\/\/medicinasinc.com\/lt\/wp-content\/uploads\/sites\/9\/2022\/02\/buy-pink-kush-hash.jpg","contentUrl":"https:\/\/medicinasinc.com\/lt\/wp-content\/uploads\/sites\/9\/2022\/02\/buy-pink-kush-hash.jpg","width":600,"height":600},{"@type":"BreadcrumbList","@id":"https:\/\/medicinasinc.com\/lt\/product\/pirkti-rozine-kush-hash\/#breadcrumb","itemListElement":[{"@type":"ListItem","position":1,"name":"Parduotuv\u0117","item":"https:\/\/medicinasinc.com\/lt\/parduotuve\/"},{"@type":"ListItem","position":2,"name":"Pirkite Pink Kush Hash"}]},{"@type":"WebSite","@id":"https:\/\/medicinasinc.com\/lt\/#website","url":"https:\/\/medicinasinc.com\/lt\/","name":"Medicinas Inc","description":"Sveikatos medicinos klinika","potentialAction":[{"@type":"SearchAction","target":{"@type":"EntryPoint","urlTemplate":"https:\/\/medicinasinc.com\/lt\/?s={search_term_string}"},"query-input":{"@type":"PropertyValueSpecification","valueRequired":true,"valueName":"search_term_string"}}],"inLanguage":"en-US"}]}},"_links":{"self":[{"href":"https:\/\/medicinasinc.com\/lt\/wp-json\/wp\/v2\/product\/4733","targetHints":{"allow":["GET"]}}],"collection":[{"href":"https:\/\/medicinasinc.com\/lt\/wp-json\/wp\/v2\/product"}],"about":[{"href":"https:\/\/medicinasinc.com\/lt\/wp-json\/wp\/v2\/types\/product"}],"replies":[{"embeddable":true,"href":"https:\/\/medicinasinc.com\/lt\/wp-json\/wp\/v2\/comments?post=4733"}],"wp:featuredmedia":[{"embeddable":true,"href":"https:\/\/medicinasinc.com\/lt\/wp-json\/wp\/v2\/media\/4745"}],"wp:attachment":[{"href":"https:\/\/medicinasinc.com\/lt\/wp-json\/wp\/v2\/media?parent=4733"}],"wp:term":[{"taxonomy":"product_brand","embeddable":true,"href":"https:\/\/medicinasinc.com\/lt\/wp-json\/wp\/v2\/product_brand?post=4733"},{"taxonomy":"product_cat","embeddable":true,"href":"https:\/\/medicinasinc.com\/lt\/wp-json\/wp\/v2\/product_cat?post=4733"},{"taxonomy":"product_tag","embeddable":true,"href":"https:\/\/medicinasinc.com\/lt\/wp-json\/wp\/v2\/product_tag?post=4733"}],"curies":[{"name":"wp","href":"https:\/\/api.w.org\/{rel}","templated":true}]}}