{"id":4717,"date":"2022-02-20T15:05:15","date_gmt":"2022-02-20T15:05:15","guid":{"rendered":"https:\/\/medicinasinc.com\/lt\/?post_type=product&#038;p=4717"},"modified":"2022-03-20T12:35:43","modified_gmt":"2022-03-20T12:35:43","slug":"pirkti-nepalieciu-stick-hash","status":"publish","type":"product","link":"https:\/\/medicinasinc.com\/lt\/product\/pirkti-nepalieciu-stick-hash\/","title":{"rendered":"Pirkite Nepalo Stick Hash"},"content":{"rendered":"<p>Nepalo lazdeli\u0173 mai\u0161os pirkimas internetu<\/p>\n<p>Nepalo lazdel\u0117s mai\u0161os paruo\u0161imas taip pat, kaip ir \u0161ventykl\u0173 kamuoliukai. Kanapi\u0173 augalai juos augina. Pirmiausia surenkami ir nuimami kanapi\u0173 pumpurai arba \u017eiedai. Patrinkite \u0161iuos pumpurus tarp rank\u0173, kad i\u0161trauktum\u0117te dervas ar trichomus. I\u0161 gaut\u0173 derv\u0173 sukuriami \u0161ventykl\u0173 kamuoliukai. Tada smilkinio rutuliai prispaud\u017eiami prie storos, kietos lentynos ar plok\u0161t\u0117s.<\/p>\n<p>Nepalie\u010di\u0173 lazdel\u0117s mai\u0161os i\u0161or\u0117je yra juodos, o viduje rusvos spalvos. Juose yra beveik 15-20% THC. Jie yra labai koncentruoti ir a\u0161traus arba saldaus skonio.<\/p>\n<p>Poveikis:<\/p>\n<p>Stick Hash poveikis paprastai priklauso nuo THC ir dervos koncentracijos. Jie link\u0119 pakelti j\u016bs\u0173 k\u016bno temperat\u016br\u0105 ir pakelti jus iki pavojingai auk\u0161to lygio, net ir ma\u017eais kiekiais. Paprastai jis yra saugus naudoti, jo pusin\u0117s eliminacijos laikas yra 6\u20137 valandos. \u0160ios mai\u0161os lazdel\u0117s idealiai tinka tiems, kuriems reikia ilg\u0105 laik\u0105 i\u0161likti auk\u0161tai.<\/p>\n<p>Kaip naudoti:<\/p>\n<p>Nepalo lazdel\u0117s mai\u0161os yra Nepalo gaminys. Juos galima r\u016bkyti, \u012fpilti \u012f pypk\u0119, d\u0117ti \u012f valgomuosius arba d\u0117ti garus. Kai \u201eStick Hash\u201c naudojamas valgomuosiuose produktuose, u\u017etrunka ma\u017edaug 1\u20132 valandas, kol \u012fsijungs ir pasirodys efektai.<\/p>\n<p>Kur internete galiu nusipirkti Nepalo Stick Hash?<\/p>\n<p>Galite \u012fsigyti \u0161vie\u017eiai paruo\u0161tas Nepalo Stick Hash m\u016bs\u0173 svetain\u0117je, Mes si\u016blome jums auk\u0161tos kokyb\u0117s ir ypa\u010d stiprias mai\u0161os lazdeles. Jie gaminami nat\u016braliu b\u016bdu Nepale. Galite juos \u012fsigyti u\u017e priimtin\u0105 kain\u0105 ir greitai gauti.<\/p>\n","protected":false},"excerpt":{"rendered":"<p>Pirkite Nepalo Stick Hash internetu Nepalo kalba rei\u0161kia bet koki\u0105 atmain\u0105, kuri naiviai auga Nepalo regione. U\u017esisakykite \u201eWeed\u201c internetu \u2013 \u0161ias vietines veisles.<\/p>\n","protected":false},"featured_media":4730,"comment_status":"open","ping_status":"closed","template":"","meta":[],"product_brand":[],"product_cat":[610],"product_tag":[],"class_list":{"0":"post-4717","1":"product","2":"type-product","3":"status-publish","4":"has-post-thumbnail","6":"product_cat-pirkite-hasisa-hasisa","8":"first","9":"instock","10":"shipping-taxable","11":"purchasable","12":"product-type-variable","13":"has-default-attributes"},"yoast_head":"<!-- This site is optimized with the Yoast SEO plugin v27.3 - https:\/\/yoast.com\/product\/yoast-seo-wordpress\/ -->\n<title>Pirkite Nepalo Stick Hash \u2013 geriausius pasaulinius vaistus<\/title>\n<meta name=\"description\" content=\"Pirkti Nepalese Stick Hash internetu Nepalo kalba rei\u0161kia bet koki\u0105 paderm\u0119, kuri naiviai auga Nepalo regione. U\u017esisakykite \u201eWeed\u201c internetu, \u0161ios vietin\u0117s veisl\u0117s.\" \/>\n<meta name=\"robots\" content=\"index, follow, max-snippet:-1, max-image-preview:large, max-video-preview:-1\" \/>\n<link rel=\"canonical\" href=\"https:\/\/medicinasinc.com\/lt\/product\/pirkti-nepalieciu-stick-hash\/\" \/>\n<meta property=\"og:locale\" content=\"en_US\" \/>\n<meta property=\"og:type\" content=\"article\" \/>\n<meta property=\"og:title\" content=\"Pirkite Nepalo Stick Hash \u2013 geriausius pasaulinius vaistus\" \/>\n<meta property=\"og:description\" content=\"Pirkti Nepalese Stick Hash internetu Nepalo kalba rei\u0161kia bet koki\u0105 paderm\u0119, kuri naiviai auga Nepalo regione. U\u017esisakykite \u201eWeed\u201c internetu, \u0161ios vietin\u0117s veisl\u0117s.\" \/>\n<meta property=\"og:url\" content=\"https:\/\/medicinasinc.com\/lt\/product\/pirkti-nepalieciu-stick-hash\/\" \/>\n<meta property=\"og:site_name\" content=\"Medicinas Inc\" \/>\n<meta property=\"article:modified_time\" content=\"2022-03-20T12:35:43+00:00\" \/>\n<meta property=\"og:image\" content=\"https:\/\/medicinasinc.com\/lt\/wp-content\/uploads\/sites\/9\/2022\/02\/Buy-Nepalese-Stick-Hash.jpg\" \/>\n\t<meta property=\"og:image:width\" content=\"600\" \/>\n\t<meta property=\"og:image:height\" content=\"600\" \/>\n\t<meta property=\"og:image:type\" content=\"image\/jpeg\" \/>\n<meta name=\"twitter:card\" content=\"summary_large_image\" \/>\n<meta name=\"twitter:label1\" content=\"Est. reading time\" \/>\n\t<meta name=\"twitter:data1\" content=\"2 minutes\" \/>\n<script type=\"application\/ld+json\" class=\"yoast-schema-graph\">{\"@context\":\"https:\\\/\\\/schema.org\",\"@graph\":[{\"@type\":\"WebPage\",\"@id\":\"https:\\\/\\\/medicinasinc.com\\\/lt\\\/product\\\/pirkti-nepalieciu-stick-hash\\\/\",\"url\":\"https:\\\/\\\/medicinasinc.com\\\/lt\\\/product\\\/pirkti-nepalieciu-stick-hash\\\/\",\"name\":\"Pirkite Nepalo Stick Hash \u2013 geriausius pasaulinius vaistus\",\"isPartOf\":{\"@id\":\"https:\\\/\\\/medicinasinc.com\\\/lt\\\/#website\"},\"primaryImageOfPage\":{\"@id\":\"https:\\\/\\\/medicinasinc.com\\\/lt\\\/product\\\/pirkti-nepalieciu-stick-hash\\\/#primaryimage\"},\"image\":{\"@id\":\"https:\\\/\\\/medicinasinc.com\\\/lt\\\/product\\\/pirkti-nepalieciu-stick-hash\\\/#primaryimage\"},\"thumbnailUrl\":\"https:\\\/\\\/medicinasinc.com\\\/lt\\\/wp-content\\\/uploads\\\/sites\\\/9\\\/2022\\\/02\\\/Buy-Nepalese-Stick-Hash.jpg\",\"datePublished\":\"2022-02-20T15:05:15+00:00\",\"dateModified\":\"2022-03-20T12:35:43+00:00\",\"description\":\"Pirkti Nepalese Stick Hash internetu Nepalo kalba rei\u0161kia bet koki\u0105 paderm\u0119, kuri naiviai auga Nepalo regione. U\u017esisakykite \u201eWeed\u201c internetu, \u0161ios vietin\u0117s veisl\u0117s.\",\"breadcrumb\":{\"@id\":\"https:\\\/\\\/medicinasinc.com\\\/lt\\\/product\\\/pirkti-nepalieciu-stick-hash\\\/#breadcrumb\"},\"inLanguage\":\"en-US\",\"potentialAction\":[{\"@type\":\"ReadAction\",\"target\":[\"https:\\\/\\\/medicinasinc.com\\\/lt\\\/product\\\/pirkti-nepalieciu-stick-hash\\\/\"]}]},{\"@type\":\"ImageObject\",\"inLanguage\":\"en-US\",\"@id\":\"https:\\\/\\\/medicinasinc.com\\\/lt\\\/product\\\/pirkti-nepalieciu-stick-hash\\\/#primaryimage\",\"url\":\"https:\\\/\\\/medicinasinc.com\\\/lt\\\/wp-content\\\/uploads\\\/sites\\\/9\\\/2022\\\/02\\\/Buy-Nepalese-Stick-Hash.jpg\",\"contentUrl\":\"https:\\\/\\\/medicinasinc.com\\\/lt\\\/wp-content\\\/uploads\\\/sites\\\/9\\\/2022\\\/02\\\/Buy-Nepalese-Stick-Hash.jpg\",\"width\":600,\"height\":600},{\"@type\":\"BreadcrumbList\",\"@id\":\"https:\\\/\\\/medicinasinc.com\\\/lt\\\/product\\\/pirkti-nepalieciu-stick-hash\\\/#breadcrumb\",\"itemListElement\":[{\"@type\":\"ListItem\",\"position\":1,\"name\":\"Parduotuv\u0117\",\"item\":\"https:\\\/\\\/medicinasinc.com\\\/lt\\\/parduotuve\\\/\"},{\"@type\":\"ListItem\",\"position\":2,\"name\":\"Pirkite Nepalo Stick Hash\"}]},{\"@type\":\"WebSite\",\"@id\":\"https:\\\/\\\/medicinasinc.com\\\/lt\\\/#website\",\"url\":\"https:\\\/\\\/medicinasinc.com\\\/lt\\\/\",\"name\":\"Medicinas Inc\",\"description\":\"Sveikatos medicinos klinika\",\"potentialAction\":[{\"@type\":\"SearchAction\",\"target\":{\"@type\":\"EntryPoint\",\"urlTemplate\":\"https:\\\/\\\/medicinasinc.com\\\/lt\\\/?s={search_term_string}\"},\"query-input\":{\"@type\":\"PropertyValueSpecification\",\"valueRequired\":true,\"valueName\":\"search_term_string\"}}],\"inLanguage\":\"en-US\"}]}<\/script>\n<!-- \/ Yoast SEO plugin. -->","yoast_head_json":{"title":"Pirkite Nepalo Stick Hash \u2013 geriausius pasaulinius vaistus","description":"Pirkti Nepalese Stick Hash internetu Nepalo kalba rei\u0161kia bet koki\u0105 paderm\u0119, kuri naiviai auga Nepalo regione. U\u017esisakykite \u201eWeed\u201c internetu, \u0161ios vietin\u0117s veisl\u0117s.","robots":{"index":"index","follow":"follow","max-snippet":"max-snippet:-1","max-image-preview":"max-image-preview:large","max-video-preview":"max-video-preview:-1"},"canonical":"https:\/\/medicinasinc.com\/lt\/product\/pirkti-nepalieciu-stick-hash\/","og_locale":"en_US","og_type":"article","og_title":"Pirkite Nepalo Stick Hash \u2013 geriausius pasaulinius vaistus","og_description":"Pirkti Nepalese Stick Hash internetu Nepalo kalba rei\u0161kia bet koki\u0105 paderm\u0119, kuri naiviai auga Nepalo regione. U\u017esisakykite \u201eWeed\u201c internetu, \u0161ios vietin\u0117s veisl\u0117s.","og_url":"https:\/\/medicinasinc.com\/lt\/product\/pirkti-nepalieciu-stick-hash\/","og_site_name":"Medicinas Inc","article_modified_time":"2022-03-20T12:35:43+00:00","og_image":[{"width":600,"height":600,"url":"https:\/\/medicinasinc.com\/lt\/wp-content\/uploads\/sites\/9\/2022\/02\/Buy-Nepalese-Stick-Hash.jpg","type":"image\/jpeg"}],"twitter_card":"summary_large_image","twitter_misc":{"Est. reading time":"2 minutes"},"schema":{"@context":"https:\/\/schema.org","@graph":[{"@type":"WebPage","@id":"https:\/\/medicinasinc.com\/lt\/product\/pirkti-nepalieciu-stick-hash\/","url":"https:\/\/medicinasinc.com\/lt\/product\/pirkti-nepalieciu-stick-hash\/","name":"Pirkite Nepalo Stick Hash \u2013 geriausius pasaulinius vaistus","isPartOf":{"@id":"https:\/\/medicinasinc.com\/lt\/#website"},"primaryImageOfPage":{"@id":"https:\/\/medicinasinc.com\/lt\/product\/pirkti-nepalieciu-stick-hash\/#primaryimage"},"image":{"@id":"https:\/\/medicinasinc.com\/lt\/product\/pirkti-nepalieciu-stick-hash\/#primaryimage"},"thumbnailUrl":"https:\/\/medicinasinc.com\/lt\/wp-content\/uploads\/sites\/9\/2022\/02\/Buy-Nepalese-Stick-Hash.jpg","datePublished":"2022-02-20T15:05:15+00:00","dateModified":"2022-03-20T12:35:43+00:00","description":"Pirkti Nepalese Stick Hash internetu Nepalo kalba rei\u0161kia bet koki\u0105 paderm\u0119, kuri naiviai auga Nepalo regione. U\u017esisakykite \u201eWeed\u201c internetu, \u0161ios vietin\u0117s veisl\u0117s.","breadcrumb":{"@id":"https:\/\/medicinasinc.com\/lt\/product\/pirkti-nepalieciu-stick-hash\/#breadcrumb"},"inLanguage":"en-US","potentialAction":[{"@type":"ReadAction","target":["https:\/\/medicinasinc.com\/lt\/product\/pirkti-nepalieciu-stick-hash\/"]}]},{"@type":"ImageObject","inLanguage":"en-US","@id":"https:\/\/medicinasinc.com\/lt\/product\/pirkti-nepalieciu-stick-hash\/#primaryimage","url":"https:\/\/medicinasinc.com\/lt\/wp-content\/uploads\/sites\/9\/2022\/02\/Buy-Nepalese-Stick-Hash.jpg","contentUrl":"https:\/\/medicinasinc.com\/lt\/wp-content\/uploads\/sites\/9\/2022\/02\/Buy-Nepalese-Stick-Hash.jpg","width":600,"height":600},{"@type":"BreadcrumbList","@id":"https:\/\/medicinasinc.com\/lt\/product\/pirkti-nepalieciu-stick-hash\/#breadcrumb","itemListElement":[{"@type":"ListItem","position":1,"name":"Parduotuv\u0117","item":"https:\/\/medicinasinc.com\/lt\/parduotuve\/"},{"@type":"ListItem","position":2,"name":"Pirkite Nepalo Stick Hash"}]},{"@type":"WebSite","@id":"https:\/\/medicinasinc.com\/lt\/#website","url":"https:\/\/medicinasinc.com\/lt\/","name":"Medicinas Inc","description":"Sveikatos medicinos klinika","potentialAction":[{"@type":"SearchAction","target":{"@type":"EntryPoint","urlTemplate":"https:\/\/medicinasinc.com\/lt\/?s={search_term_string}"},"query-input":{"@type":"PropertyValueSpecification","valueRequired":true,"valueName":"search_term_string"}}],"inLanguage":"en-US"}]}},"_links":{"self":[{"href":"https:\/\/medicinasinc.com\/lt\/wp-json\/wp\/v2\/product\/4717","targetHints":{"allow":["GET"]}}],"collection":[{"href":"https:\/\/medicinasinc.com\/lt\/wp-json\/wp\/v2\/product"}],"about":[{"href":"https:\/\/medicinasinc.com\/lt\/wp-json\/wp\/v2\/types\/product"}],"replies":[{"embeddable":true,"href":"https:\/\/medicinasinc.com\/lt\/wp-json\/wp\/v2\/comments?post=4717"}],"wp:featuredmedia":[{"embeddable":true,"href":"https:\/\/medicinasinc.com\/lt\/wp-json\/wp\/v2\/media\/4730"}],"wp:attachment":[{"href":"https:\/\/medicinasinc.com\/lt\/wp-json\/wp\/v2\/media?parent=4717"}],"wp:term":[{"taxonomy":"product_brand","embeddable":true,"href":"https:\/\/medicinasinc.com\/lt\/wp-json\/wp\/v2\/product_brand?post=4717"},{"taxonomy":"product_cat","embeddable":true,"href":"https:\/\/medicinasinc.com\/lt\/wp-json\/wp\/v2\/product_cat?post=4717"},{"taxonomy":"product_tag","embeddable":true,"href":"https:\/\/medicinasinc.com\/lt\/wp-json\/wp\/v2\/product_tag?post=4717"}],"curies":[{"name":"wp","href":"https:\/\/api.w.org\/{rel}","templated":true}]}}