{"id":4716,"date":"2022-02-20T15:05:01","date_gmt":"2022-02-20T15:05:01","guid":{"rendered":"https:\/\/medicinasinc.com\/lt\/?post_type=product&#038;p=4716"},"modified":"2022-03-20T12:35:56","modified_gmt":"2022-03-20T12:35:56","slug":"pirk-nederhasas-hasisas","status":"publish","type":"product","link":"https:\/\/medicinasinc.com\/lt\/product\/pirk-nederhasas-hasisas\/","title":{"rendered":"Pirkite Nederhash Hashish"},"content":{"rendered":"<p>Nederhash Hashish pirkimas internetu<\/p>\n<p>Kas tiksliai yra mai\u0161a? Ha\u0161as i\u0161gaunamas i\u0161 Nyderlanduose auginam\u0173 kanapi\u0173 augal\u0173. Augalai paprastai auginami patalpose, ta\u010diau taip pat yra keletas lauko ir \u0161iltnami\u0173. Karta: Surinkimo b\u016bdai skiriasi priklausomai nuo gamintojo. Nors did\u017eioji dalis mai\u0161o yra pristatoma tikrinant, kaip tai daroma Maroke, nedidelis rankomis nu\u0161luostomo ha\u0161o kiekis taip pat gaminamas taikant Afganistano strategij\u0105 (kuri akivaizd\u017eiai labai patobulinta). Bet kuriuo atveju ha\u0161i\u0161e pakei\u010diamas tik nedidelis pikt\u017eol\u0117s kiekis. \u0160e\u0161\u0117lis: Paprastai labai \u017ealias, ta\u010diau tai skiriasi priklausomai nuo naudojamos pikt\u017eol\u0117s tipo ir gamintojo. Kvapas: Paprastai \u017eol\u0117s arba skurdus, bet tai priklauso nuo pikt\u017eoli\u0173 r\u016b\u0161ies. Skonis: toks pat, kaip ir anks\u010diau. Konsistencija: didel\u0117 olandi\u0161ko ha\u0161i\u0161o dalis n\u0117ra tiksliai i\u0161spausta (tai yra meistri\u0161kumas), o snukiukai paprastai atskiriami per efektyviai. Bet kokiu atveju konsistencija pastaruoju metu pager\u0117jo ir atrodo, kad jie greitai prisitaiko. Akivaizdu, kad ankstesniame tekste nekalbama apie rankomis nuvalyt\u0105 ha\u0161\u0105, kuris yra labai subtilus, pana\u0161us \u012f afganistaniet\u012f. Paprastai mai\u0161\u0105 sudaro moteri\u0161kos galvel\u0117s, kurios buvo sudau\u017eytos ir suspaustos veikiant mil\u017eini\u0161koms apkrovoms, kad b\u016bt\u0173 sukurtas stiprus nelygumas, kuris visi\u0161kai i\u0161sipu\u010dia. Auk\u0161tas tipas skiriasi priklausomai nuo naudojamos pikt\u017eol\u0117s atmainos, ta\u010diau da\u017eniausiai auk\u0161tas yra labai dinami\u0161kas ir smegeni\u0161kas. Intensyvumas: nuo stiprios iki galingos, \u0161i med\u017eiaga pranoksta bet kok\u012f kit\u0105 mai\u0161os tip\u0105, prieinam\u0105 paprastam vartotojui. Jis netgi lenkia daugum\u0105 Nepalo ir beveik vis\u0173 geranori\u0161k\u0173 afgan\u0173. (Sud\u0117tyje yra iki 59 procent\u0173 THC) Prieinamumas: Labai retas u\u017e Nyderland\u0173 ir kaimynini\u0173 \u0161ali\u0173 rib\u0173. Nesulaiky\u010diau kvapo laukdamas, kol tai pasirodys Did\u017eiosios Britanijos rinkoje. Apskritai kokyb\u0117 skiriasi, ta\u010diau kaina visada yra didel\u0117. N\u0117ra standartin\u0117s oland\u0173 mai\u0161os klasifikacijos. Sensi-Hash yra pavadinimas, suteiktas nepaprastiems milteliams, kurie i\u0161 esm\u0117s yra labai tankiai supakuoti THC brangakmeniai.<\/p>\n<p>Kaip sukuriamas mai\u0161as?<\/p>\n<p>Did\u017eioji dalis mai\u0161os gaunama trinant d\u017eiovintus augalus. prie\u0161 labai smulk\u0173 tinklel\u012f. Po to trichomai krenta per siet\u0105, atskirdami juos nuo augalin\u0117s med\u017eiagos. Tada dervos liaukos kaitinamos ir suspaud\u017eiamos, kad susidaryt\u0173 vientisa ha\u0161i\u0161o mas\u0117.<\/p>\n<p>Ha\u0161i\u0161as prie\u0161 marihuan\u0105?<\/p>\n<p>Prad\u017eioje akivaizdus ry\u0161ys tarp marihuanos ir ha\u0161i\u0161o yra tai, kad abu yra kil\u0119. i\u0161 to paties kanapi\u0173 augalo. Kaip tikriausiai jau \u017einote, vazonas yra moteri\u0161ko kanapi\u0173 augalo g\u0117li\u0173 pumpuras. Mai\u0161os \u017eol\u0117 sudaryta i\u0161 t\u0173 pa\u010di\u0173 pumpur\u0173 kaip ir marihuana, ta\u010diau apdorojama skirtingai. Kol kanapi\u0173 augalas visi\u0161kai \u017eydi, \u017eiedpumpuriai nuimami, o \u016bkininkas eina viena i\u0161 dviej\u0173 kryp\u010di\u0173. Mai\u0161os atveju g\u0117l\u0117s bus pakabintos i\u0161d\u017ei\u016bti. Gautas produktas yra mums visiems pa\u017e\u012fstamas augalas, pa\u0161alinus kiekvien\u0105 s\u0117kl\u0105, pavasar\u012f ir lap\u0173 pertekli\u0173. Tik nuo j\u016bs\u0173 priklauso, ar jums labiau patinka marihuana, ar ha\u0161i\u0161as, ta\u010diau vienintelis b\u016bdas gauti prieig\u0105 prie vis\u0173 kanapi\u0173 privalum\u0173 yra asmeninis i\u0161silavinimas. Prie\u0161 prad\u0117dami r\u016bkyti, atlikite tyrim\u0105 ir, kaip visada, u\u017esiprenumeruokite m\u016bs\u0173 naujienlai\u0161k\u012f, kad gautum\u0117te papildom\u0173 patarim\u0173 ir gudrybi\u0173!<\/p>\n<p>Kas tiksliai yra ha\u0161i\u0161as?<\/p>\n<p>Kas yra ha\u0161i\u0161o med\u017eiaga? Ha\u0161i\u0161as, kitaip vadinamas \u201eha\u0161i\u0161u\u201c, yra marihuanos pumpur\u0173 r\u016b\u0161is, sukurta suspaud\u017eiant ir apdorojant kanapi\u0173 augalo trichomus. Paprastai jis r\u016bkomas pypk\u0117je, bonge, garintuve ar jungtyje, bet gali b\u016bti vartojamas ir per burn\u0105. Kaip gaminamas ha\u0161i\u0161as? Nederhash pirkimas internetu Ha\u0161i\u0161as, ha\u0161i\u0161as gaminamas atskiriant \u0161iuos trichomus nuo augalo pumpur\u0173, lap\u0173 ir stieb\u0173 ir juos kaitinant \/ paspaud\u017eiant, kad susidaryt\u0173 stipri med\u017eiaga.<\/p>\n<p>Kaip susukti sujungim\u0105 su mai\u0161u?<\/p>\n<p> p&gt; <\/p>\n<p>Sujunkite j\u012f su pikt\u017eol\u0117mis ir tabaku. Jei turite saus\u0105 blok\u0105, galite j\u012f tiesiog susmulkinti arba nulau\u017eti smulkius akmenukus ir \u012fterpti \u012f jungties valcavim\u0105. Derinkite su tabaku ar marihuana. Antrasis metodas rei\u0161kia intensyvesn\u012f auk\u0161t\u0105 lyg\u012f, kurio grei\u010diausiai sieksite jei esate nuotyki\u0173 ie\u0161kotojas. Geriausias mai\u0161os sujungimo b\u016bdas \u2013 mai\u0161\u0105 suskaidyti ir sumai\u0161yti su pikt\u017eol\u0117mis. Tai tikrai geriausias b\u016bdas r\u016bkyti mai\u0161\u0105, nes juo lengva dalytis, o mai\u0161os skonis sustiprina doobie. Ar ha\u0161i\u0161as yra legalus Jungtin\u0117se Valstijose? Nors 1989 m. kanapi\u0173 pardavimas buvo u\u017edraustas, \u012fstatymai retai vykdomi, o narkotikais atvirai prekiaujama daugelyje \u0161alies viet\u0173. Barbadosas, registruot\u0173 religini\u0173 organizacij\u0173 dvasinio naudojimo teis\u0117<\/p>\n<p>Koks yra ha\u0161i\u0161o poveikis?<\/p>\n<p>Trumpuoju laikotarpiu ha\u0161i\u0161o naudojimas gali sukelti atminties ir mokymosi sunkum\u0173; i\u0161kreiptas suvokimas (vaizdai, garsai, laikas, prisilietimas); m\u0105stymo ir problem\u0173 sprendimo sunkumai; koordinacijos praradimas; ir pada\u017en\u0117j\u0119s \u0161irdies susitraukim\u0173 da\u017enis, nerimas ir panikos priepuoliai. D\u0117l didel\u0117s THC koncentracijos mai\u0161el\u0117je ir kituose koncentratuose poveikis gali b\u016bti intensyvesnis.<\/p>\n<p>Bubble hash yra kanapi\u0173 koncentratas, sudarytas i\u0161 t\u016bkstan\u010di\u0173 trichom\u0173 arba derving\u0173 liauk\u0173, i\u0161skirt\u0173 i\u0161 pasodinkite naudodami ledin\u012f vanden\u012f, mai\u0161ydami ir sietel\u012f. S\u0105voka \u201eburbuliuk\u0173 mai\u0161a\u201c rei\u0161kia, kaip jis burbuliuoja veikiamas liepsnos. Be to, mai\u0161eliai, naudojami gaminant j\u012f namuose, vadinami \u201eburbuliniais mai\u0161eliais\u201c.<\/p>\n<p>Hash Plant, klasikinis \u201eSensi Seeds\u201c, i\u0161lieka kompakti\u0161kas vis\u0105 itin trump\u0105 \u017eyd\u0117jimo laikotarp\u012f. \u0160is 90 % Indijos gaminys yra kruop\u0161\u010dios genetin\u0117s atrankos rezultatas, kuris ap\u0117m\u0117 m\u012fslingo Ha\u0161o augalo i\u0161 JAV sukry\u017eminim\u0105 su \u0161iaur\u0117s pa\u0161vaist\u0117mis.<\/p>\n","protected":false},"excerpt":{"rendered":"<p>Nederhash Hashish pirkimas internetu,\u00a0Pirkite medicinin\u0119 marihuan\u0105 Vokietijoje Kur galiu \u012fsigyti nelegali\u0173 narkotik\u0173 internetu? Internetin\u0117s vaistin\u0117s \u0161alia man\u0119s Tamsus internetinis vaist\u0173 pardavimas.<\/p>\n<p>&nbsp;<\/p>\n","protected":false},"featured_media":4728,"comment_status":"open","ping_status":"closed","template":"","meta":[],"product_brand":[],"product_cat":[610],"product_tag":[],"class_list":{"0":"post-4716","1":"product","2":"type-product","3":"status-publish","4":"has-post-thumbnail","6":"product_cat-pirkite-hasisa-hasisa","8":"first","9":"instock","10":"shipping-taxable","11":"purchasable","12":"product-type-variable","13":"has-default-attributes"},"yoast_head":"<!-- This site is optimized with the Yoast SEO plugin v27.3 - https:\/\/yoast.com\/product\/yoast-seo-wordpress\/ -->\n<title>Pirkite Nederhash Hashish \u2013 geriausius pasaulinius vaistus<\/title>\n<meta name=\"description\" content=\"Pirkti Nederhash Hashish internetu Pirkti medicinin\u0119 pikt\u017eol\u0119 Vokietijoje Kur nusipirkti nelegali\u0173 narkotik\u0173 internetu Narkotikai parduodami internetu \u0161alia man\u0119s Narkotikai i\u0161 tamsiojo interneto pardavimo.\" \/>\n<meta name=\"robots\" content=\"index, follow, max-snippet:-1, max-image-preview:large, max-video-preview:-1\" \/>\n<link rel=\"canonical\" href=\"https:\/\/medicinasinc.com\/lt\/product\/pirk-nederhasas-hasisas\/\" \/>\n<meta property=\"og:locale\" content=\"en_US\" \/>\n<meta property=\"og:type\" content=\"article\" \/>\n<meta property=\"og:title\" content=\"Pirkite Nederhash Hashish \u2013 geriausius pasaulinius vaistus\" \/>\n<meta property=\"og:description\" content=\"Pirkti Nederhash Hashish internetu Pirkti medicinin\u0119 pikt\u017eol\u0119 Vokietijoje Kur nusipirkti nelegali\u0173 narkotik\u0173 internetu Narkotikai parduodami internetu \u0161alia man\u0119s Narkotikai i\u0161 tamsiojo interneto pardavimo.\" \/>\n<meta property=\"og:url\" content=\"https:\/\/medicinasinc.com\/lt\/product\/pirk-nederhasas-hasisas\/\" \/>\n<meta property=\"og:site_name\" content=\"Medicinas Inc\" \/>\n<meta property=\"article:modified_time\" content=\"2022-03-20T12:35:56+00:00\" \/>\n<meta property=\"og:image\" content=\"https:\/\/medicinasinc.com\/lt\/wp-content\/uploads\/sites\/9\/2022\/02\/Buy-Nederhash-Hashish-Online.jpg\" \/>\n\t<meta property=\"og:image:width\" content=\"600\" \/>\n\t<meta property=\"og:image:height\" content=\"600\" \/>\n\t<meta property=\"og:image:type\" content=\"image\/jpeg\" \/>\n<meta name=\"twitter:card\" content=\"summary_large_image\" \/>\n<meta name=\"twitter:label1\" content=\"Est. reading time\" \/>\n\t<meta name=\"twitter:data1\" content=\"4 minutes\" \/>\n<script type=\"application\/ld+json\" class=\"yoast-schema-graph\">{\"@context\":\"https:\\\/\\\/schema.org\",\"@graph\":[{\"@type\":\"WebPage\",\"@id\":\"https:\\\/\\\/medicinasinc.com\\\/lt\\\/product\\\/pirk-nederhasas-hasisas\\\/\",\"url\":\"https:\\\/\\\/medicinasinc.com\\\/lt\\\/product\\\/pirk-nederhasas-hasisas\\\/\",\"name\":\"Pirkite Nederhash Hashish \u2013 geriausius pasaulinius vaistus\",\"isPartOf\":{\"@id\":\"https:\\\/\\\/medicinasinc.com\\\/lt\\\/#website\"},\"primaryImageOfPage\":{\"@id\":\"https:\\\/\\\/medicinasinc.com\\\/lt\\\/product\\\/pirk-nederhasas-hasisas\\\/#primaryimage\"},\"image\":{\"@id\":\"https:\\\/\\\/medicinasinc.com\\\/lt\\\/product\\\/pirk-nederhasas-hasisas\\\/#primaryimage\"},\"thumbnailUrl\":\"https:\\\/\\\/medicinasinc.com\\\/lt\\\/wp-content\\\/uploads\\\/sites\\\/9\\\/2022\\\/02\\\/Buy-Nederhash-Hashish-Online.jpg\",\"datePublished\":\"2022-02-20T15:05:01+00:00\",\"dateModified\":\"2022-03-20T12:35:56+00:00\",\"description\":\"Pirkti Nederhash Hashish internetu Pirkti medicinin\u0119 pikt\u017eol\u0119 Vokietijoje Kur nusipirkti nelegali\u0173 narkotik\u0173 internetu Narkotikai parduodami internetu \u0161alia man\u0119s Narkotikai i\u0161 tamsiojo interneto pardavimo.\",\"breadcrumb\":{\"@id\":\"https:\\\/\\\/medicinasinc.com\\\/lt\\\/product\\\/pirk-nederhasas-hasisas\\\/#breadcrumb\"},\"inLanguage\":\"en-US\",\"potentialAction\":[{\"@type\":\"ReadAction\",\"target\":[\"https:\\\/\\\/medicinasinc.com\\\/lt\\\/product\\\/pirk-nederhasas-hasisas\\\/\"]}]},{\"@type\":\"ImageObject\",\"inLanguage\":\"en-US\",\"@id\":\"https:\\\/\\\/medicinasinc.com\\\/lt\\\/product\\\/pirk-nederhasas-hasisas\\\/#primaryimage\",\"url\":\"https:\\\/\\\/medicinasinc.com\\\/lt\\\/wp-content\\\/uploads\\\/sites\\\/9\\\/2022\\\/02\\\/Buy-Nederhash-Hashish-Online.jpg\",\"contentUrl\":\"https:\\\/\\\/medicinasinc.com\\\/lt\\\/wp-content\\\/uploads\\\/sites\\\/9\\\/2022\\\/02\\\/Buy-Nederhash-Hashish-Online.jpg\",\"width\":600,\"height\":600},{\"@type\":\"BreadcrumbList\",\"@id\":\"https:\\\/\\\/medicinasinc.com\\\/lt\\\/product\\\/pirk-nederhasas-hasisas\\\/#breadcrumb\",\"itemListElement\":[{\"@type\":\"ListItem\",\"position\":1,\"name\":\"Parduotuv\u0117\",\"item\":\"https:\\\/\\\/medicinasinc.com\\\/lt\\\/parduotuve\\\/\"},{\"@type\":\"ListItem\",\"position\":2,\"name\":\"Pirkite Nederhash Hashish\"}]},{\"@type\":\"WebSite\",\"@id\":\"https:\\\/\\\/medicinasinc.com\\\/lt\\\/#website\",\"url\":\"https:\\\/\\\/medicinasinc.com\\\/lt\\\/\",\"name\":\"Medicinas Inc\",\"description\":\"Sveikatos medicinos klinika\",\"potentialAction\":[{\"@type\":\"SearchAction\",\"target\":{\"@type\":\"EntryPoint\",\"urlTemplate\":\"https:\\\/\\\/medicinasinc.com\\\/lt\\\/?s={search_term_string}\"},\"query-input\":{\"@type\":\"PropertyValueSpecification\",\"valueRequired\":true,\"valueName\":\"search_term_string\"}}],\"inLanguage\":\"en-US\"}]}<\/script>\n<!-- \/ Yoast SEO plugin. -->","yoast_head_json":{"title":"Pirkite Nederhash Hashish \u2013 geriausius pasaulinius vaistus","description":"Pirkti Nederhash Hashish internetu Pirkti medicinin\u0119 pikt\u017eol\u0119 Vokietijoje Kur nusipirkti nelegali\u0173 narkotik\u0173 internetu Narkotikai parduodami internetu \u0161alia man\u0119s Narkotikai i\u0161 tamsiojo interneto pardavimo.","robots":{"index":"index","follow":"follow","max-snippet":"max-snippet:-1","max-image-preview":"max-image-preview:large","max-video-preview":"max-video-preview:-1"},"canonical":"https:\/\/medicinasinc.com\/lt\/product\/pirk-nederhasas-hasisas\/","og_locale":"en_US","og_type":"article","og_title":"Pirkite Nederhash Hashish \u2013 geriausius pasaulinius vaistus","og_description":"Pirkti Nederhash Hashish internetu Pirkti medicinin\u0119 pikt\u017eol\u0119 Vokietijoje Kur nusipirkti nelegali\u0173 narkotik\u0173 internetu Narkotikai parduodami internetu \u0161alia man\u0119s Narkotikai i\u0161 tamsiojo interneto pardavimo.","og_url":"https:\/\/medicinasinc.com\/lt\/product\/pirk-nederhasas-hasisas\/","og_site_name":"Medicinas Inc","article_modified_time":"2022-03-20T12:35:56+00:00","og_image":[{"width":600,"height":600,"url":"https:\/\/medicinasinc.com\/lt\/wp-content\/uploads\/sites\/9\/2022\/02\/Buy-Nederhash-Hashish-Online.jpg","type":"image\/jpeg"}],"twitter_card":"summary_large_image","twitter_misc":{"Est. reading time":"4 minutes"},"schema":{"@context":"https:\/\/schema.org","@graph":[{"@type":"WebPage","@id":"https:\/\/medicinasinc.com\/lt\/product\/pirk-nederhasas-hasisas\/","url":"https:\/\/medicinasinc.com\/lt\/product\/pirk-nederhasas-hasisas\/","name":"Pirkite Nederhash Hashish \u2013 geriausius pasaulinius vaistus","isPartOf":{"@id":"https:\/\/medicinasinc.com\/lt\/#website"},"primaryImageOfPage":{"@id":"https:\/\/medicinasinc.com\/lt\/product\/pirk-nederhasas-hasisas\/#primaryimage"},"image":{"@id":"https:\/\/medicinasinc.com\/lt\/product\/pirk-nederhasas-hasisas\/#primaryimage"},"thumbnailUrl":"https:\/\/medicinasinc.com\/lt\/wp-content\/uploads\/sites\/9\/2022\/02\/Buy-Nederhash-Hashish-Online.jpg","datePublished":"2022-02-20T15:05:01+00:00","dateModified":"2022-03-20T12:35:56+00:00","description":"Pirkti Nederhash Hashish internetu Pirkti medicinin\u0119 pikt\u017eol\u0119 Vokietijoje Kur nusipirkti nelegali\u0173 narkotik\u0173 internetu Narkotikai parduodami internetu \u0161alia man\u0119s Narkotikai i\u0161 tamsiojo interneto pardavimo.","breadcrumb":{"@id":"https:\/\/medicinasinc.com\/lt\/product\/pirk-nederhasas-hasisas\/#breadcrumb"},"inLanguage":"en-US","potentialAction":[{"@type":"ReadAction","target":["https:\/\/medicinasinc.com\/lt\/product\/pirk-nederhasas-hasisas\/"]}]},{"@type":"ImageObject","inLanguage":"en-US","@id":"https:\/\/medicinasinc.com\/lt\/product\/pirk-nederhasas-hasisas\/#primaryimage","url":"https:\/\/medicinasinc.com\/lt\/wp-content\/uploads\/sites\/9\/2022\/02\/Buy-Nederhash-Hashish-Online.jpg","contentUrl":"https:\/\/medicinasinc.com\/lt\/wp-content\/uploads\/sites\/9\/2022\/02\/Buy-Nederhash-Hashish-Online.jpg","width":600,"height":600},{"@type":"BreadcrumbList","@id":"https:\/\/medicinasinc.com\/lt\/product\/pirk-nederhasas-hasisas\/#breadcrumb","itemListElement":[{"@type":"ListItem","position":1,"name":"Parduotuv\u0117","item":"https:\/\/medicinasinc.com\/lt\/parduotuve\/"},{"@type":"ListItem","position":2,"name":"Pirkite Nederhash Hashish"}]},{"@type":"WebSite","@id":"https:\/\/medicinasinc.com\/lt\/#website","url":"https:\/\/medicinasinc.com\/lt\/","name":"Medicinas Inc","description":"Sveikatos medicinos klinika","potentialAction":[{"@type":"SearchAction","target":{"@type":"EntryPoint","urlTemplate":"https:\/\/medicinasinc.com\/lt\/?s={search_term_string}"},"query-input":{"@type":"PropertyValueSpecification","valueRequired":true,"valueName":"search_term_string"}}],"inLanguage":"en-US"}]}},"_links":{"self":[{"href":"https:\/\/medicinasinc.com\/lt\/wp-json\/wp\/v2\/product\/4716","targetHints":{"allow":["GET"]}}],"collection":[{"href":"https:\/\/medicinasinc.com\/lt\/wp-json\/wp\/v2\/product"}],"about":[{"href":"https:\/\/medicinasinc.com\/lt\/wp-json\/wp\/v2\/types\/product"}],"replies":[{"embeddable":true,"href":"https:\/\/medicinasinc.com\/lt\/wp-json\/wp\/v2\/comments?post=4716"}],"wp:featuredmedia":[{"embeddable":true,"href":"https:\/\/medicinasinc.com\/lt\/wp-json\/wp\/v2\/media\/4728"}],"wp:attachment":[{"href":"https:\/\/medicinasinc.com\/lt\/wp-json\/wp\/v2\/media?parent=4716"}],"wp:term":[{"taxonomy":"product_brand","embeddable":true,"href":"https:\/\/medicinasinc.com\/lt\/wp-json\/wp\/v2\/product_brand?post=4716"},{"taxonomy":"product_cat","embeddable":true,"href":"https:\/\/medicinasinc.com\/lt\/wp-json\/wp\/v2\/product_cat?post=4716"},{"taxonomy":"product_tag","embeddable":true,"href":"https:\/\/medicinasinc.com\/lt\/wp-json\/wp\/v2\/product_tag?post=4716"}],"curies":[{"name":"wp","href":"https:\/\/api.w.org\/{rel}","templated":true}]}}