{"id":4701,"date":"2022-02-20T14:53:39","date_gmt":"2022-02-20T14:53:39","guid":{"rendered":"https:\/\/medicinasinc.com\/lt\/?post_type=product&#038;p=4701"},"modified":"2022-03-20T12:36:06","modified_gmt":"2022-03-20T12:36:06","slug":"pirk-marokietiskas-karameles-hasas","status":"publish","type":"product","link":"https:\/\/medicinasinc.com\/lt\/product\/pirk-marokietiskas-karameles-hasas\/","title":{"rendered":"Pirkite Maroko Caramello Hash"},"content":{"rendered":"<p>Pirkite Caramello Hash i\u0161 Maroko<\/p>\n<p>Pirkite Caramello Hash i\u0161 Maroko. Maroko Caramello Hash yra mai\u0161os augalo klonas. Apskritai tai yra teis\u0117ta ir i\u0161liks teis\u0117ta iki laik\u0173 pabaigos. Jame n\u0117ra THC, sukurt\u0173 kanabinoid\u0173 ir kit\u0173 moksliniams tyrimams skirt\u0173 sintetini\u0173 kanabinoid\u0173 (pvz., JWH-018, JWH-073, JWH-250, AM-2209 ir pan.). Tai beveik neabejotinai geriausia legali mai\u0161a. Naudojame tik nat\u016bralias, daug maistini\u0173 med\u017eiag\u0173 turin\u010dias med\u017eiagas. Atrodo, kad mai\u0161a atrodo kaip mai\u0161a, jau\u010diasi kaip mai\u0161a, kvepia kaip kanap\u0117s ir turi puik\u0173 skon\u012f. Maroko Caramello Hash ha\u0161i\u0161as yra tik \u0161iek tiek tamsesnis nei kiti m\u016bs\u0173 produktai. Jei domit\u0117s m\u016bs\u0173 produktais, pirmiausia rekomenduojame \u012fsigyti pavyzdin\u0119 pakuot\u0119. \u012esigykite legali\u0173 vaist\u0173 internetu.<\/p>\n","protected":false},"excerpt":{"rendered":"<div class=\"woocommerce-product-details__short-description\">\n<p>Marokieti\u0161k\u0105 karamelio mai\u0161el\u012f galima \u012fsigyti internetu, jame yra 5 g eterinio kanapi\u0173 aliejaus. Maroko \u201eCaramello Hash\u201c yra visi\u0161kai nat\u016bralus kanapi\u0173 produktas.<\/p>\n<p>PRIEMAME MOK\u0116JIMUS TIK VART\u0172 UNION, PINIG\u0172 GRAM ARBA BTC. Pristatymo laikas yra ma\u017edaug trys dienos arba dvide\u0161imt keturios valandos.<\/p>\n<\/p><\/div>\n","protected":false},"featured_media":4714,"comment_status":"open","ping_status":"closed","template":"","meta":[],"product_brand":[],"product_cat":[610],"product_tag":[],"class_list":{"0":"post-4701","1":"product","2":"type-product","3":"status-publish","4":"has-post-thumbnail","6":"product_cat-pirkite-hasisa-hasisa","8":"first","9":"instock","10":"shipping-taxable","11":"purchasable","12":"product-type-variable","13":"has-default-attributes"},"yoast_head":"<!-- This site is optimized with the Yoast SEO plugin v27.3 - https:\/\/yoast.com\/product\/yoast-seo-wordpress\/ -->\n<title>Pirkite Maroko Caramello Hash \u2013 geriausius pasaulinius vaistus<\/title>\n<meta name=\"description\" content=\"Pirkite Maroko Caramello Hash internetu, jame yra 5 g eterinio kanapi\u0173 aliejaus. Maroko Caramello Hash yra 100% nat\u016bralus mai\u0161os produktas.\" \/>\n<meta name=\"robots\" content=\"index, follow, max-snippet:-1, max-image-preview:large, max-video-preview:-1\" \/>\n<link rel=\"canonical\" href=\"https:\/\/medicinasinc.com\/lt\/product\/pirk-marokietiskas-karameles-hasas\/\" \/>\n<meta property=\"og:locale\" content=\"en_US\" \/>\n<meta property=\"og:type\" content=\"article\" \/>\n<meta property=\"og:title\" content=\"Pirkite Maroko Caramello Hash \u2013 geriausius pasaulinius vaistus\" \/>\n<meta property=\"og:description\" content=\"Pirkite Maroko Caramello Hash internetu, jame yra 5 g eterinio kanapi\u0173 aliejaus. Maroko Caramello Hash yra 100% nat\u016bralus mai\u0161os produktas.\" \/>\n<meta property=\"og:url\" content=\"https:\/\/medicinasinc.com\/lt\/product\/pirk-marokietiskas-karameles-hasas\/\" \/>\n<meta property=\"og:site_name\" content=\"Medicinas Inc\" \/>\n<meta property=\"article:modified_time\" content=\"2022-03-20T12:36:06+00:00\" \/>\n<meta property=\"og:image\" content=\"https:\/\/medicinasinc.com\/lt\/wp-content\/uploads\/sites\/9\/2022\/02\/Buy-Moroccan-Caramello-Hash.jpg\" \/>\n\t<meta property=\"og:image:width\" content=\"600\" \/>\n\t<meta property=\"og:image:height\" content=\"600\" \/>\n\t<meta property=\"og:image:type\" content=\"image\/jpeg\" \/>\n<meta name=\"twitter:card\" content=\"summary_large_image\" \/>\n<meta name=\"twitter:label1\" content=\"Est. reading time\" \/>\n\t<meta name=\"twitter:data1\" content=\"1 minute\" \/>\n<script type=\"application\/ld+json\" class=\"yoast-schema-graph\">{\"@context\":\"https:\\\/\\\/schema.org\",\"@graph\":[{\"@type\":\"WebPage\",\"@id\":\"https:\\\/\\\/medicinasinc.com\\\/lt\\\/product\\\/pirk-marokietiskas-karameles-hasas\\\/\",\"url\":\"https:\\\/\\\/medicinasinc.com\\\/lt\\\/product\\\/pirk-marokietiskas-karameles-hasas\\\/\",\"name\":\"Pirkite Maroko Caramello Hash \u2013 geriausius pasaulinius vaistus\",\"isPartOf\":{\"@id\":\"https:\\\/\\\/medicinasinc.com\\\/lt\\\/#website\"},\"primaryImageOfPage\":{\"@id\":\"https:\\\/\\\/medicinasinc.com\\\/lt\\\/product\\\/pirk-marokietiskas-karameles-hasas\\\/#primaryimage\"},\"image\":{\"@id\":\"https:\\\/\\\/medicinasinc.com\\\/lt\\\/product\\\/pirk-marokietiskas-karameles-hasas\\\/#primaryimage\"},\"thumbnailUrl\":\"https:\\\/\\\/medicinasinc.com\\\/lt\\\/wp-content\\\/uploads\\\/sites\\\/9\\\/2022\\\/02\\\/Buy-Moroccan-Caramello-Hash.jpg\",\"datePublished\":\"2022-02-20T14:53:39+00:00\",\"dateModified\":\"2022-03-20T12:36:06+00:00\",\"description\":\"Pirkite Maroko Caramello Hash internetu, jame yra 5 g eterinio kanapi\u0173 aliejaus. Maroko Caramello Hash yra 100% nat\u016bralus mai\u0161os produktas.\",\"breadcrumb\":{\"@id\":\"https:\\\/\\\/medicinasinc.com\\\/lt\\\/product\\\/pirk-marokietiskas-karameles-hasas\\\/#breadcrumb\"},\"inLanguage\":\"en-US\",\"potentialAction\":[{\"@type\":\"ReadAction\",\"target\":[\"https:\\\/\\\/medicinasinc.com\\\/lt\\\/product\\\/pirk-marokietiskas-karameles-hasas\\\/\"]}]},{\"@type\":\"ImageObject\",\"inLanguage\":\"en-US\",\"@id\":\"https:\\\/\\\/medicinasinc.com\\\/lt\\\/product\\\/pirk-marokietiskas-karameles-hasas\\\/#primaryimage\",\"url\":\"https:\\\/\\\/medicinasinc.com\\\/lt\\\/wp-content\\\/uploads\\\/sites\\\/9\\\/2022\\\/02\\\/Buy-Moroccan-Caramello-Hash.jpg\",\"contentUrl\":\"https:\\\/\\\/medicinasinc.com\\\/lt\\\/wp-content\\\/uploads\\\/sites\\\/9\\\/2022\\\/02\\\/Buy-Moroccan-Caramello-Hash.jpg\",\"width\":600,\"height\":600},{\"@type\":\"BreadcrumbList\",\"@id\":\"https:\\\/\\\/medicinasinc.com\\\/lt\\\/product\\\/pirk-marokietiskas-karameles-hasas\\\/#breadcrumb\",\"itemListElement\":[{\"@type\":\"ListItem\",\"position\":1,\"name\":\"Parduotuv\u0117\",\"item\":\"https:\\\/\\\/medicinasinc.com\\\/lt\\\/parduotuve\\\/\"},{\"@type\":\"ListItem\",\"position\":2,\"name\":\"Pirkite Maroko Caramello Hash\"}]},{\"@type\":\"WebSite\",\"@id\":\"https:\\\/\\\/medicinasinc.com\\\/lt\\\/#website\",\"url\":\"https:\\\/\\\/medicinasinc.com\\\/lt\\\/\",\"name\":\"Medicinas Inc\",\"description\":\"Sveikatos medicinos klinika\",\"potentialAction\":[{\"@type\":\"SearchAction\",\"target\":{\"@type\":\"EntryPoint\",\"urlTemplate\":\"https:\\\/\\\/medicinasinc.com\\\/lt\\\/?s={search_term_string}\"},\"query-input\":{\"@type\":\"PropertyValueSpecification\",\"valueRequired\":true,\"valueName\":\"search_term_string\"}}],\"inLanguage\":\"en-US\"}]}<\/script>\n<!-- \/ Yoast SEO plugin. -->","yoast_head_json":{"title":"Pirkite Maroko Caramello Hash \u2013 geriausius pasaulinius vaistus","description":"Pirkite Maroko Caramello Hash internetu, jame yra 5 g eterinio kanapi\u0173 aliejaus. Maroko Caramello Hash yra 100% nat\u016bralus mai\u0161os produktas.","robots":{"index":"index","follow":"follow","max-snippet":"max-snippet:-1","max-image-preview":"max-image-preview:large","max-video-preview":"max-video-preview:-1"},"canonical":"https:\/\/medicinasinc.com\/lt\/product\/pirk-marokietiskas-karameles-hasas\/","og_locale":"en_US","og_type":"article","og_title":"Pirkite Maroko Caramello Hash \u2013 geriausius pasaulinius vaistus","og_description":"Pirkite Maroko Caramello Hash internetu, jame yra 5 g eterinio kanapi\u0173 aliejaus. Maroko Caramello Hash yra 100% nat\u016bralus mai\u0161os produktas.","og_url":"https:\/\/medicinasinc.com\/lt\/product\/pirk-marokietiskas-karameles-hasas\/","og_site_name":"Medicinas Inc","article_modified_time":"2022-03-20T12:36:06+00:00","og_image":[{"width":600,"height":600,"url":"https:\/\/medicinasinc.com\/lt\/wp-content\/uploads\/sites\/9\/2022\/02\/Buy-Moroccan-Caramello-Hash.jpg","type":"image\/jpeg"}],"twitter_card":"summary_large_image","twitter_misc":{"Est. reading time":"1 minute"},"schema":{"@context":"https:\/\/schema.org","@graph":[{"@type":"WebPage","@id":"https:\/\/medicinasinc.com\/lt\/product\/pirk-marokietiskas-karameles-hasas\/","url":"https:\/\/medicinasinc.com\/lt\/product\/pirk-marokietiskas-karameles-hasas\/","name":"Pirkite Maroko Caramello Hash \u2013 geriausius pasaulinius vaistus","isPartOf":{"@id":"https:\/\/medicinasinc.com\/lt\/#website"},"primaryImageOfPage":{"@id":"https:\/\/medicinasinc.com\/lt\/product\/pirk-marokietiskas-karameles-hasas\/#primaryimage"},"image":{"@id":"https:\/\/medicinasinc.com\/lt\/product\/pirk-marokietiskas-karameles-hasas\/#primaryimage"},"thumbnailUrl":"https:\/\/medicinasinc.com\/lt\/wp-content\/uploads\/sites\/9\/2022\/02\/Buy-Moroccan-Caramello-Hash.jpg","datePublished":"2022-02-20T14:53:39+00:00","dateModified":"2022-03-20T12:36:06+00:00","description":"Pirkite Maroko Caramello Hash internetu, jame yra 5 g eterinio kanapi\u0173 aliejaus. Maroko Caramello Hash yra 100% nat\u016bralus mai\u0161os produktas.","breadcrumb":{"@id":"https:\/\/medicinasinc.com\/lt\/product\/pirk-marokietiskas-karameles-hasas\/#breadcrumb"},"inLanguage":"en-US","potentialAction":[{"@type":"ReadAction","target":["https:\/\/medicinasinc.com\/lt\/product\/pirk-marokietiskas-karameles-hasas\/"]}]},{"@type":"ImageObject","inLanguage":"en-US","@id":"https:\/\/medicinasinc.com\/lt\/product\/pirk-marokietiskas-karameles-hasas\/#primaryimage","url":"https:\/\/medicinasinc.com\/lt\/wp-content\/uploads\/sites\/9\/2022\/02\/Buy-Moroccan-Caramello-Hash.jpg","contentUrl":"https:\/\/medicinasinc.com\/lt\/wp-content\/uploads\/sites\/9\/2022\/02\/Buy-Moroccan-Caramello-Hash.jpg","width":600,"height":600},{"@type":"BreadcrumbList","@id":"https:\/\/medicinasinc.com\/lt\/product\/pirk-marokietiskas-karameles-hasas\/#breadcrumb","itemListElement":[{"@type":"ListItem","position":1,"name":"Parduotuv\u0117","item":"https:\/\/medicinasinc.com\/lt\/parduotuve\/"},{"@type":"ListItem","position":2,"name":"Pirkite Maroko Caramello Hash"}]},{"@type":"WebSite","@id":"https:\/\/medicinasinc.com\/lt\/#website","url":"https:\/\/medicinasinc.com\/lt\/","name":"Medicinas Inc","description":"Sveikatos medicinos klinika","potentialAction":[{"@type":"SearchAction","target":{"@type":"EntryPoint","urlTemplate":"https:\/\/medicinasinc.com\/lt\/?s={search_term_string}"},"query-input":{"@type":"PropertyValueSpecification","valueRequired":true,"valueName":"search_term_string"}}],"inLanguage":"en-US"}]}},"_links":{"self":[{"href":"https:\/\/medicinasinc.com\/lt\/wp-json\/wp\/v2\/product\/4701","targetHints":{"allow":["GET"]}}],"collection":[{"href":"https:\/\/medicinasinc.com\/lt\/wp-json\/wp\/v2\/product"}],"about":[{"href":"https:\/\/medicinasinc.com\/lt\/wp-json\/wp\/v2\/types\/product"}],"replies":[{"embeddable":true,"href":"https:\/\/medicinasinc.com\/lt\/wp-json\/wp\/v2\/comments?post=4701"}],"wp:featuredmedia":[{"embeddable":true,"href":"https:\/\/medicinasinc.com\/lt\/wp-json\/wp\/v2\/media\/4714"}],"wp:attachment":[{"href":"https:\/\/medicinasinc.com\/lt\/wp-json\/wp\/v2\/media?parent=4701"}],"wp:term":[{"taxonomy":"product_brand","embeddable":true,"href":"https:\/\/medicinasinc.com\/lt\/wp-json\/wp\/v2\/product_brand?post=4701"},{"taxonomy":"product_cat","embeddable":true,"href":"https:\/\/medicinasinc.com\/lt\/wp-json\/wp\/v2\/product_cat?post=4701"},{"taxonomy":"product_tag","embeddable":true,"href":"https:\/\/medicinasinc.com\/lt\/wp-json\/wp\/v2\/product_tag?post=4701"}],"curies":[{"name":"wp","href":"https:\/\/api.w.org\/{rel}","templated":true}]}}