{"id":4700,"date":"2022-02-20T14:53:18","date_gmt":"2022-02-20T14:53:18","guid":{"rendered":"https:\/\/medicinasinc.com\/lt\/?post_type=product&#038;p=4700"},"modified":"2022-03-20T12:36:14","modified_gmt":"2022-03-20T12:36:14","slug":"pirkti-maroko-primero-hash","status":"publish","type":"product","link":"https:\/\/medicinasinc.com\/lt\/product\/pirkti-maroko-primero-hash\/","title":{"rendered":"Pirkite Maroko Primero Hash"},"content":{"rendered":"<p>Pirkite Maroko \u201ePrimo Hash\u201c<\/p>\n<p>Pirkite Maroko \u201ePrimo Hash\u201c. Maroko Primero Hash yra garbingas mai\u0161os klonas. Apskritai tai yra teis\u0117ta ir i\u0161liks teis\u0117ta iki laik\u0173 pabaigos. Jame n\u0117ra THC, sintetini\u0173 kanabinoid\u0173 ir kit\u0173 tyrimams skirt\u0173 sintetini\u0173 med\u017eiag\u0173 (pvz., JWH-018, JWH-073, JWH-250, AM-2209 ir pan.). Tikriausiai tai yra geriausias turimas legalus ha\u0161i\u0161o klonas. Naudojame tik nat\u016bralias, daug maistini\u0173 med\u017eiag\u0173 turin\u010dias med\u017eiagas. Atrodo, kad mai\u0161a atrodo kaip mai\u0161a, jau\u010diasi kaip mai\u0161a, kvepia kaip kanap\u0117s ir yra nuostabaus skonio. Maroko Primero ha\u0161i\u0161as yra tik \u0161iek tiek tamsesnis nei kiti m\u016bs\u0173 produktai. Jei domit\u0117s m\u016bs\u0173 produktais, pirmiausia rekomenduojame \u012fsigyti pavyzdin\u0119 pakuot\u0119. \u012esigykite daugiau m\u016bs\u0173 legali\u0173 mai\u0161os klon\u0173 element\u0173, kad sutaupytum\u0117te pinig\u0173.<\/p>\n","protected":false},"excerpt":{"rendered":"<div class=\"woocommerce-product-details__short-description\">\n<p>Pirkite Maroko premiero mai\u0161\u0105 internetu geriausiu pasauliniu mastu ir greitu pristatymu visame pasaulyje. Parduodamas auk\u0161tos kokyb\u0117s Maroko mai\u0161elis. apsipirkite dabar.<\/p>\n<\/div>\n","protected":false},"featured_media":4712,"comment_status":"open","ping_status":"closed","template":"","meta":[],"product_brand":[],"product_cat":[610],"product_tag":[684,687,688,685,686,683],"class_list":{"0":"post-4700","1":"product","2":"type-product","3":"status-publish","4":"has-post-thumbnail","6":"product_cat-pirkite-hasisa-hasisa","7":"product_tag-buy-cannabis-coconut-oil","8":"product_tag-halls-strawberry-cough-drops","9":"product_tag-medus-marokietikas-blondinis-haas","10":"product_tag-pirk-moroc-caramel-internetu","11":"product_tag-pirk-nepaliei-ventykl-rutuliukai","12":"product_tag-pirk-pirk-bubble-hash-online","14":"first","15":"instock","16":"shipping-taxable","17":"purchasable","18":"product-type-variable","19":"has-default-attributes"},"yoast_head":"<!-- This site is optimized with the Yoast SEO plugin v27.3 - https:\/\/yoast.com\/product\/yoast-seo-wordpress\/ -->\n<title>Pirkite Maroko Primero Hash \u2013 geriausius pasaulinius vaistus<\/title>\n<meta name=\"description\" content=\"pirkite Maroko premiero mai\u0161\u0105 internetu bestglobalmed su greitu pristatymu visame pasaulyje. Parduodamas auk\u0161tos kokyb\u0117s Maroko mai\u0161elis. Apsipirk dabar.\" \/>\n<meta name=\"robots\" content=\"index, follow, max-snippet:-1, max-image-preview:large, max-video-preview:-1\" \/>\n<link rel=\"canonical\" href=\"https:\/\/medicinasinc.com\/lt\/product\/pirkti-maroko-primero-hash\/\" \/>\n<meta property=\"og:locale\" content=\"en_US\" \/>\n<meta property=\"og:type\" content=\"article\" \/>\n<meta property=\"og:title\" content=\"Pirkite Maroko Primero Hash \u2013 geriausius pasaulinius vaistus\" \/>\n<meta property=\"og:description\" content=\"pirkite Maroko premiero mai\u0161\u0105 internetu bestglobalmed su greitu pristatymu visame pasaulyje. Parduodamas auk\u0161tos kokyb\u0117s Maroko mai\u0161elis. Apsipirk dabar.\" \/>\n<meta property=\"og:url\" content=\"https:\/\/medicinasinc.com\/lt\/product\/pirkti-maroko-primero-hash\/\" \/>\n<meta property=\"og:site_name\" content=\"Medicinas Inc\" \/>\n<meta property=\"article:modified_time\" content=\"2022-03-20T12:36:14+00:00\" \/>\n<meta property=\"og:image\" content=\"https:\/\/medicinasinc.com\/lt\/wp-content\/uploads\/sites\/9\/2022\/02\/Buy-Moroccan-Primero-Hash.jpg\" \/>\n\t<meta property=\"og:image:width\" content=\"600\" \/>\n\t<meta property=\"og:image:height\" content=\"600\" \/>\n\t<meta property=\"og:image:type\" content=\"image\/jpeg\" \/>\n<meta name=\"twitter:card\" content=\"summary_large_image\" \/>\n<meta name=\"twitter:label1\" content=\"Est. reading time\" \/>\n\t<meta name=\"twitter:data1\" content=\"1 minute\" \/>\n<script type=\"application\/ld+json\" class=\"yoast-schema-graph\">{\"@context\":\"https:\\\/\\\/schema.org\",\"@graph\":[{\"@type\":\"WebPage\",\"@id\":\"https:\\\/\\\/medicinasinc.com\\\/lt\\\/product\\\/pirkti-maroko-primero-hash\\\/\",\"url\":\"https:\\\/\\\/medicinasinc.com\\\/lt\\\/product\\\/pirkti-maroko-primero-hash\\\/\",\"name\":\"Pirkite Maroko Primero Hash \u2013 geriausius pasaulinius vaistus\",\"isPartOf\":{\"@id\":\"https:\\\/\\\/medicinasinc.com\\\/lt\\\/#website\"},\"primaryImageOfPage\":{\"@id\":\"https:\\\/\\\/medicinasinc.com\\\/lt\\\/product\\\/pirkti-maroko-primero-hash\\\/#primaryimage\"},\"image\":{\"@id\":\"https:\\\/\\\/medicinasinc.com\\\/lt\\\/product\\\/pirkti-maroko-primero-hash\\\/#primaryimage\"},\"thumbnailUrl\":\"https:\\\/\\\/medicinasinc.com\\\/lt\\\/wp-content\\\/uploads\\\/sites\\\/9\\\/2022\\\/02\\\/Buy-Moroccan-Primero-Hash.jpg\",\"datePublished\":\"2022-02-20T14:53:18+00:00\",\"dateModified\":\"2022-03-20T12:36:14+00:00\",\"description\":\"pirkite Maroko premiero mai\u0161\u0105 internetu bestglobalmed su greitu pristatymu visame pasaulyje. Parduodamas auk\u0161tos kokyb\u0117s Maroko mai\u0161elis. Apsipirk dabar.\",\"breadcrumb\":{\"@id\":\"https:\\\/\\\/medicinasinc.com\\\/lt\\\/product\\\/pirkti-maroko-primero-hash\\\/#breadcrumb\"},\"inLanguage\":\"en-US\",\"potentialAction\":[{\"@type\":\"ReadAction\",\"target\":[\"https:\\\/\\\/medicinasinc.com\\\/lt\\\/product\\\/pirkti-maroko-primero-hash\\\/\"]}]},{\"@type\":\"ImageObject\",\"inLanguage\":\"en-US\",\"@id\":\"https:\\\/\\\/medicinasinc.com\\\/lt\\\/product\\\/pirkti-maroko-primero-hash\\\/#primaryimage\",\"url\":\"https:\\\/\\\/medicinasinc.com\\\/lt\\\/wp-content\\\/uploads\\\/sites\\\/9\\\/2022\\\/02\\\/Buy-Moroccan-Primero-Hash.jpg\",\"contentUrl\":\"https:\\\/\\\/medicinasinc.com\\\/lt\\\/wp-content\\\/uploads\\\/sites\\\/9\\\/2022\\\/02\\\/Buy-Moroccan-Primero-Hash.jpg\",\"width\":600,\"height\":600},{\"@type\":\"BreadcrumbList\",\"@id\":\"https:\\\/\\\/medicinasinc.com\\\/lt\\\/product\\\/pirkti-maroko-primero-hash\\\/#breadcrumb\",\"itemListElement\":[{\"@type\":\"ListItem\",\"position\":1,\"name\":\"Parduotuv\u0117\",\"item\":\"https:\\\/\\\/medicinasinc.com\\\/lt\\\/parduotuve\\\/\"},{\"@type\":\"ListItem\",\"position\":2,\"name\":\"Pirkite Maroko Primero Hash\"}]},{\"@type\":\"WebSite\",\"@id\":\"https:\\\/\\\/medicinasinc.com\\\/lt\\\/#website\",\"url\":\"https:\\\/\\\/medicinasinc.com\\\/lt\\\/\",\"name\":\"Medicinas Inc\",\"description\":\"Sveikatos medicinos klinika\",\"potentialAction\":[{\"@type\":\"SearchAction\",\"target\":{\"@type\":\"EntryPoint\",\"urlTemplate\":\"https:\\\/\\\/medicinasinc.com\\\/lt\\\/?s={search_term_string}\"},\"query-input\":{\"@type\":\"PropertyValueSpecification\",\"valueRequired\":true,\"valueName\":\"search_term_string\"}}],\"inLanguage\":\"en-US\"}]}<\/script>\n<!-- \/ Yoast SEO plugin. -->","yoast_head_json":{"title":"Pirkite Maroko Primero Hash \u2013 geriausius pasaulinius vaistus","description":"pirkite Maroko premiero mai\u0161\u0105 internetu bestglobalmed su greitu pristatymu visame pasaulyje. Parduodamas auk\u0161tos kokyb\u0117s Maroko mai\u0161elis. Apsipirk dabar.","robots":{"index":"index","follow":"follow","max-snippet":"max-snippet:-1","max-image-preview":"max-image-preview:large","max-video-preview":"max-video-preview:-1"},"canonical":"https:\/\/medicinasinc.com\/lt\/product\/pirkti-maroko-primero-hash\/","og_locale":"en_US","og_type":"article","og_title":"Pirkite Maroko Primero Hash \u2013 geriausius pasaulinius vaistus","og_description":"pirkite Maroko premiero mai\u0161\u0105 internetu bestglobalmed su greitu pristatymu visame pasaulyje. Parduodamas auk\u0161tos kokyb\u0117s Maroko mai\u0161elis. Apsipirk dabar.","og_url":"https:\/\/medicinasinc.com\/lt\/product\/pirkti-maroko-primero-hash\/","og_site_name":"Medicinas Inc","article_modified_time":"2022-03-20T12:36:14+00:00","og_image":[{"width":600,"height":600,"url":"https:\/\/medicinasinc.com\/lt\/wp-content\/uploads\/sites\/9\/2022\/02\/Buy-Moroccan-Primero-Hash.jpg","type":"image\/jpeg"}],"twitter_card":"summary_large_image","twitter_misc":{"Est. reading time":"1 minute"},"schema":{"@context":"https:\/\/schema.org","@graph":[{"@type":"WebPage","@id":"https:\/\/medicinasinc.com\/lt\/product\/pirkti-maroko-primero-hash\/","url":"https:\/\/medicinasinc.com\/lt\/product\/pirkti-maroko-primero-hash\/","name":"Pirkite Maroko Primero Hash \u2013 geriausius pasaulinius vaistus","isPartOf":{"@id":"https:\/\/medicinasinc.com\/lt\/#website"},"primaryImageOfPage":{"@id":"https:\/\/medicinasinc.com\/lt\/product\/pirkti-maroko-primero-hash\/#primaryimage"},"image":{"@id":"https:\/\/medicinasinc.com\/lt\/product\/pirkti-maroko-primero-hash\/#primaryimage"},"thumbnailUrl":"https:\/\/medicinasinc.com\/lt\/wp-content\/uploads\/sites\/9\/2022\/02\/Buy-Moroccan-Primero-Hash.jpg","datePublished":"2022-02-20T14:53:18+00:00","dateModified":"2022-03-20T12:36:14+00:00","description":"pirkite Maroko premiero mai\u0161\u0105 internetu bestglobalmed su greitu pristatymu visame pasaulyje. Parduodamas auk\u0161tos kokyb\u0117s Maroko mai\u0161elis. Apsipirk dabar.","breadcrumb":{"@id":"https:\/\/medicinasinc.com\/lt\/product\/pirkti-maroko-primero-hash\/#breadcrumb"},"inLanguage":"en-US","potentialAction":[{"@type":"ReadAction","target":["https:\/\/medicinasinc.com\/lt\/product\/pirkti-maroko-primero-hash\/"]}]},{"@type":"ImageObject","inLanguage":"en-US","@id":"https:\/\/medicinasinc.com\/lt\/product\/pirkti-maroko-primero-hash\/#primaryimage","url":"https:\/\/medicinasinc.com\/lt\/wp-content\/uploads\/sites\/9\/2022\/02\/Buy-Moroccan-Primero-Hash.jpg","contentUrl":"https:\/\/medicinasinc.com\/lt\/wp-content\/uploads\/sites\/9\/2022\/02\/Buy-Moroccan-Primero-Hash.jpg","width":600,"height":600},{"@type":"BreadcrumbList","@id":"https:\/\/medicinasinc.com\/lt\/product\/pirkti-maroko-primero-hash\/#breadcrumb","itemListElement":[{"@type":"ListItem","position":1,"name":"Parduotuv\u0117","item":"https:\/\/medicinasinc.com\/lt\/parduotuve\/"},{"@type":"ListItem","position":2,"name":"Pirkite Maroko Primero Hash"}]},{"@type":"WebSite","@id":"https:\/\/medicinasinc.com\/lt\/#website","url":"https:\/\/medicinasinc.com\/lt\/","name":"Medicinas Inc","description":"Sveikatos medicinos klinika","potentialAction":[{"@type":"SearchAction","target":{"@type":"EntryPoint","urlTemplate":"https:\/\/medicinasinc.com\/lt\/?s={search_term_string}"},"query-input":{"@type":"PropertyValueSpecification","valueRequired":true,"valueName":"search_term_string"}}],"inLanguage":"en-US"}]}},"_links":{"self":[{"href":"https:\/\/medicinasinc.com\/lt\/wp-json\/wp\/v2\/product\/4700","targetHints":{"allow":["GET"]}}],"collection":[{"href":"https:\/\/medicinasinc.com\/lt\/wp-json\/wp\/v2\/product"}],"about":[{"href":"https:\/\/medicinasinc.com\/lt\/wp-json\/wp\/v2\/types\/product"}],"replies":[{"embeddable":true,"href":"https:\/\/medicinasinc.com\/lt\/wp-json\/wp\/v2\/comments?post=4700"}],"wp:featuredmedia":[{"embeddable":true,"href":"https:\/\/medicinasinc.com\/lt\/wp-json\/wp\/v2\/media\/4712"}],"wp:attachment":[{"href":"https:\/\/medicinasinc.com\/lt\/wp-json\/wp\/v2\/media?parent=4700"}],"wp:term":[{"taxonomy":"product_brand","embeddable":true,"href":"https:\/\/medicinasinc.com\/lt\/wp-json\/wp\/v2\/product_brand?post=4700"},{"taxonomy":"product_cat","embeddable":true,"href":"https:\/\/medicinasinc.com\/lt\/wp-json\/wp\/v2\/product_cat?post=4700"},{"taxonomy":"product_tag","embeddable":true,"href":"https:\/\/medicinasinc.com\/lt\/wp-json\/wp\/v2\/product_tag?post=4700"}],"curies":[{"name":"wp","href":"https:\/\/api.w.org\/{rel}","templated":true}]}}