{"id":4685,"date":"2022-02-20T14:41:24","date_gmt":"2022-02-20T14:41:24","guid":{"rendered":"https:\/\/medicinasinc.com\/lt\/?post_type=product&#038;p=4685"},"modified":"2022-03-20T12:36:24","modified_gmt":"2022-03-20T12:36:24","slug":"pirkti-iso-hash-online","status":"publish","type":"product","link":"https:\/\/medicinasinc.com\/lt\/product\/pirkti-iso-hash-online\/","title":{"rendered":"Pirkite Iso Hash internetu"},"content":{"rendered":"<p>Iso mai\u0161os pirkimas internetu<\/p>\n<p>Iso mai\u0161os galima \u012fsigyti internetu.<\/p>\n<p>Iso mai\u0161os gaunama ekstrahuojant izopropilo tirpal\u0105. QWISO yra greito plovimo izopropilo alkoholio mai\u0161os, gerai \u017einomo izopropilo alkoholio mai\u0161os gamybos metodo, akronimas. Naudoti alkoholinius g\u0117rimus kaip tirpias med\u017eiagas yra labai aplaid\u017eiai; ta\u010diau skonis yra prastesnis nei kit\u0173 tirpikli\u0173 \/ metod\u0173. Prek\u0117 priklauso nuo kanapi\u0173 r\u016b\u0161ies ir j\u0173 i\u0161gavimo. Puikus QWISO da\u017enai yra skaidrus ir geltonos spalvos, pana\u0161us \u012f \u012ftr\u016bkim\u0105, su lanks\u010diu pavir\u0161iumi. \u017demos kokyb\u0117s Iso mai\u0161a da\u017enai b\u016bna \u017ealia (i\u0161 augal\u0173 chlorofilo) arba tamsi, lipniu pavir\u0161iumi.<\/p>\n","protected":false},"excerpt":{"rendered":"<div class=\"woocommerce-product-details__short-description\">\n<p>Pirkti Iso mai\u0161\u0105 yra izopropilo alkoholio ekstrahavimo produktas. QWISO yra greito plovimo izopropilo alkoholio mai\u0161os akronimas.<\/p>\n<\/p><\/div>\n","protected":false},"featured_media":4698,"comment_status":"open","ping_status":"closed","template":"","meta":[],"product_brand":[],"product_cat":[610],"product_tag":[],"class_list":{"0":"post-4685","1":"product","2":"type-product","3":"status-publish","4":"has-post-thumbnail","6":"product_cat-pirkite-hasisa-hasisa","8":"first","9":"instock","10":"shipping-taxable","11":"purchasable","12":"product-type-variable","13":"has-default-attributes"},"yoast_head":"<!-- This site is optimized with the Yoast SEO plugin v27.3 - https:\/\/yoast.com\/product\/yoast-seo-wordpress\/ -->\n<title>Pirkite \u201eIso Hash\u201c internetu \u2013 geriausius pasaulinius vaistus<\/title>\n<meta name=\"description\" content=\"Pirkti Iso mai\u0161a yra izopropilo alkoholio ekstrahavimo produktas. QWISO yra greito plovimo izopropilo alkoholio mai\u0161os akronimas.\" \/>\n<meta name=\"robots\" content=\"index, follow, max-snippet:-1, max-image-preview:large, max-video-preview:-1\" \/>\n<link rel=\"canonical\" href=\"https:\/\/medicinasinc.com\/lt\/product\/pirkti-iso-hash-online\/\" \/>\n<meta property=\"og:locale\" content=\"en_US\" \/>\n<meta property=\"og:type\" content=\"article\" \/>\n<meta property=\"og:title\" content=\"Pirkite \u201eIso Hash\u201c internetu \u2013 geriausius pasaulinius vaistus\" \/>\n<meta property=\"og:description\" content=\"Pirkti Iso mai\u0161a yra izopropilo alkoholio ekstrahavimo produktas. QWISO yra greito plovimo izopropilo alkoholio mai\u0161os akronimas.\" \/>\n<meta property=\"og:url\" content=\"https:\/\/medicinasinc.com\/lt\/product\/pirkti-iso-hash-online\/\" \/>\n<meta property=\"og:site_name\" content=\"Medicinas Inc\" \/>\n<meta property=\"article:modified_time\" content=\"2022-03-20T12:36:24+00:00\" \/>\n<meta property=\"og:image\" content=\"https:\/\/medicinasinc.com\/lt\/wp-content\/uploads\/sites\/9\/2022\/02\/Buy-Iso-hash-online.jpg\" \/>\n\t<meta property=\"og:image:width\" content=\"600\" \/>\n\t<meta property=\"og:image:height\" content=\"600\" \/>\n\t<meta property=\"og:image:type\" content=\"image\/jpeg\" \/>\n<meta name=\"twitter:card\" content=\"summary_large_image\" \/>\n<meta name=\"twitter:label1\" content=\"Est. reading time\" \/>\n\t<meta name=\"twitter:data1\" content=\"1 minute\" \/>\n<script type=\"application\/ld+json\" class=\"yoast-schema-graph\">{\"@context\":\"https:\\\/\\\/schema.org\",\"@graph\":[{\"@type\":\"WebPage\",\"@id\":\"https:\\\/\\\/medicinasinc.com\\\/lt\\\/product\\\/pirkti-iso-hash-online\\\/\",\"url\":\"https:\\\/\\\/medicinasinc.com\\\/lt\\\/product\\\/pirkti-iso-hash-online\\\/\",\"name\":\"Pirkite \u201eIso Hash\u201c internetu \u2013 geriausius pasaulinius vaistus\",\"isPartOf\":{\"@id\":\"https:\\\/\\\/medicinasinc.com\\\/lt\\\/#website\"},\"primaryImageOfPage\":{\"@id\":\"https:\\\/\\\/medicinasinc.com\\\/lt\\\/product\\\/pirkti-iso-hash-online\\\/#primaryimage\"},\"image\":{\"@id\":\"https:\\\/\\\/medicinasinc.com\\\/lt\\\/product\\\/pirkti-iso-hash-online\\\/#primaryimage\"},\"thumbnailUrl\":\"https:\\\/\\\/medicinasinc.com\\\/lt\\\/wp-content\\\/uploads\\\/sites\\\/9\\\/2022\\\/02\\\/Buy-Iso-hash-online.jpg\",\"datePublished\":\"2022-02-20T14:41:24+00:00\",\"dateModified\":\"2022-03-20T12:36:24+00:00\",\"description\":\"Pirkti Iso mai\u0161a yra izopropilo alkoholio ekstrahavimo produktas. QWISO yra greito plovimo izopropilo alkoholio mai\u0161os akronimas.\",\"breadcrumb\":{\"@id\":\"https:\\\/\\\/medicinasinc.com\\\/lt\\\/product\\\/pirkti-iso-hash-online\\\/#breadcrumb\"},\"inLanguage\":\"en-US\",\"potentialAction\":[{\"@type\":\"ReadAction\",\"target\":[\"https:\\\/\\\/medicinasinc.com\\\/lt\\\/product\\\/pirkti-iso-hash-online\\\/\"]}]},{\"@type\":\"ImageObject\",\"inLanguage\":\"en-US\",\"@id\":\"https:\\\/\\\/medicinasinc.com\\\/lt\\\/product\\\/pirkti-iso-hash-online\\\/#primaryimage\",\"url\":\"https:\\\/\\\/medicinasinc.com\\\/lt\\\/wp-content\\\/uploads\\\/sites\\\/9\\\/2022\\\/02\\\/Buy-Iso-hash-online.jpg\",\"contentUrl\":\"https:\\\/\\\/medicinasinc.com\\\/lt\\\/wp-content\\\/uploads\\\/sites\\\/9\\\/2022\\\/02\\\/Buy-Iso-hash-online.jpg\",\"width\":600,\"height\":600},{\"@type\":\"BreadcrumbList\",\"@id\":\"https:\\\/\\\/medicinasinc.com\\\/lt\\\/product\\\/pirkti-iso-hash-online\\\/#breadcrumb\",\"itemListElement\":[{\"@type\":\"ListItem\",\"position\":1,\"name\":\"Parduotuv\u0117\",\"item\":\"https:\\\/\\\/medicinasinc.com\\\/lt\\\/parduotuve\\\/\"},{\"@type\":\"ListItem\",\"position\":2,\"name\":\"Pirkite Iso Hash internetu\"}]},{\"@type\":\"WebSite\",\"@id\":\"https:\\\/\\\/medicinasinc.com\\\/lt\\\/#website\",\"url\":\"https:\\\/\\\/medicinasinc.com\\\/lt\\\/\",\"name\":\"Medicinas Inc\",\"description\":\"Sveikatos medicinos klinika\",\"potentialAction\":[{\"@type\":\"SearchAction\",\"target\":{\"@type\":\"EntryPoint\",\"urlTemplate\":\"https:\\\/\\\/medicinasinc.com\\\/lt\\\/?s={search_term_string}\"},\"query-input\":{\"@type\":\"PropertyValueSpecification\",\"valueRequired\":true,\"valueName\":\"search_term_string\"}}],\"inLanguage\":\"en-US\"}]}<\/script>\n<!-- \/ Yoast SEO plugin. -->","yoast_head_json":{"title":"Pirkite \u201eIso Hash\u201c internetu \u2013 geriausius pasaulinius vaistus","description":"Pirkti Iso mai\u0161a yra izopropilo alkoholio ekstrahavimo produktas. QWISO yra greito plovimo izopropilo alkoholio mai\u0161os akronimas.","robots":{"index":"index","follow":"follow","max-snippet":"max-snippet:-1","max-image-preview":"max-image-preview:large","max-video-preview":"max-video-preview:-1"},"canonical":"https:\/\/medicinasinc.com\/lt\/product\/pirkti-iso-hash-online\/","og_locale":"en_US","og_type":"article","og_title":"Pirkite \u201eIso Hash\u201c internetu \u2013 geriausius pasaulinius vaistus","og_description":"Pirkti Iso mai\u0161a yra izopropilo alkoholio ekstrahavimo produktas. QWISO yra greito plovimo izopropilo alkoholio mai\u0161os akronimas.","og_url":"https:\/\/medicinasinc.com\/lt\/product\/pirkti-iso-hash-online\/","og_site_name":"Medicinas Inc","article_modified_time":"2022-03-20T12:36:24+00:00","og_image":[{"width":600,"height":600,"url":"https:\/\/medicinasinc.com\/lt\/wp-content\/uploads\/sites\/9\/2022\/02\/Buy-Iso-hash-online.jpg","type":"image\/jpeg"}],"twitter_card":"summary_large_image","twitter_misc":{"Est. reading time":"1 minute"},"schema":{"@context":"https:\/\/schema.org","@graph":[{"@type":"WebPage","@id":"https:\/\/medicinasinc.com\/lt\/product\/pirkti-iso-hash-online\/","url":"https:\/\/medicinasinc.com\/lt\/product\/pirkti-iso-hash-online\/","name":"Pirkite \u201eIso Hash\u201c internetu \u2013 geriausius pasaulinius vaistus","isPartOf":{"@id":"https:\/\/medicinasinc.com\/lt\/#website"},"primaryImageOfPage":{"@id":"https:\/\/medicinasinc.com\/lt\/product\/pirkti-iso-hash-online\/#primaryimage"},"image":{"@id":"https:\/\/medicinasinc.com\/lt\/product\/pirkti-iso-hash-online\/#primaryimage"},"thumbnailUrl":"https:\/\/medicinasinc.com\/lt\/wp-content\/uploads\/sites\/9\/2022\/02\/Buy-Iso-hash-online.jpg","datePublished":"2022-02-20T14:41:24+00:00","dateModified":"2022-03-20T12:36:24+00:00","description":"Pirkti Iso mai\u0161a yra izopropilo alkoholio ekstrahavimo produktas. QWISO yra greito plovimo izopropilo alkoholio mai\u0161os akronimas.","breadcrumb":{"@id":"https:\/\/medicinasinc.com\/lt\/product\/pirkti-iso-hash-online\/#breadcrumb"},"inLanguage":"en-US","potentialAction":[{"@type":"ReadAction","target":["https:\/\/medicinasinc.com\/lt\/product\/pirkti-iso-hash-online\/"]}]},{"@type":"ImageObject","inLanguage":"en-US","@id":"https:\/\/medicinasinc.com\/lt\/product\/pirkti-iso-hash-online\/#primaryimage","url":"https:\/\/medicinasinc.com\/lt\/wp-content\/uploads\/sites\/9\/2022\/02\/Buy-Iso-hash-online.jpg","contentUrl":"https:\/\/medicinasinc.com\/lt\/wp-content\/uploads\/sites\/9\/2022\/02\/Buy-Iso-hash-online.jpg","width":600,"height":600},{"@type":"BreadcrumbList","@id":"https:\/\/medicinasinc.com\/lt\/product\/pirkti-iso-hash-online\/#breadcrumb","itemListElement":[{"@type":"ListItem","position":1,"name":"Parduotuv\u0117","item":"https:\/\/medicinasinc.com\/lt\/parduotuve\/"},{"@type":"ListItem","position":2,"name":"Pirkite Iso Hash internetu"}]},{"@type":"WebSite","@id":"https:\/\/medicinasinc.com\/lt\/#website","url":"https:\/\/medicinasinc.com\/lt\/","name":"Medicinas Inc","description":"Sveikatos medicinos klinika","potentialAction":[{"@type":"SearchAction","target":{"@type":"EntryPoint","urlTemplate":"https:\/\/medicinasinc.com\/lt\/?s={search_term_string}"},"query-input":{"@type":"PropertyValueSpecification","valueRequired":true,"valueName":"search_term_string"}}],"inLanguage":"en-US"}]}},"_links":{"self":[{"href":"https:\/\/medicinasinc.com\/lt\/wp-json\/wp\/v2\/product\/4685","targetHints":{"allow":["GET"]}}],"collection":[{"href":"https:\/\/medicinasinc.com\/lt\/wp-json\/wp\/v2\/product"}],"about":[{"href":"https:\/\/medicinasinc.com\/lt\/wp-json\/wp\/v2\/types\/product"}],"replies":[{"embeddable":true,"href":"https:\/\/medicinasinc.com\/lt\/wp-json\/wp\/v2\/comments?post=4685"}],"wp:featuredmedia":[{"embeddable":true,"href":"https:\/\/medicinasinc.com\/lt\/wp-json\/wp\/v2\/media\/4698"}],"wp:attachment":[{"href":"https:\/\/medicinasinc.com\/lt\/wp-json\/wp\/v2\/media?parent=4685"}],"wp:term":[{"taxonomy":"product_brand","embeddable":true,"href":"https:\/\/medicinasinc.com\/lt\/wp-json\/wp\/v2\/product_brand?post=4685"},{"taxonomy":"product_cat","embeddable":true,"href":"https:\/\/medicinasinc.com\/lt\/wp-json\/wp\/v2\/product_cat?post=4685"},{"taxonomy":"product_tag","embeddable":true,"href":"https:\/\/medicinasinc.com\/lt\/wp-json\/wp\/v2\/product_tag?post=4685"}],"curies":[{"name":"wp","href":"https:\/\/api.w.org\/{rel}","templated":true}]}}