{"id":4684,"date":"2022-02-20T14:40:34","date_gmt":"2022-02-20T14:40:34","guid":{"rendered":"https:\/\/medicinasinc.com\/lt\/?post_type=product&#038;p=4684"},"modified":"2022-03-20T12:36:37","modified_gmt":"2022-03-20T12:36:37","slug":"pirk-mercedez-lebanon-hash","status":"publish","type":"product","link":"https:\/\/medicinasinc.com\/lt\/product\/pirk-mercedez-lebanon-hash\/","title":{"rendered":"Pirkite Mercedez Lebanon Hash"},"content":{"rendered":"<p>Ha\u0161as buvo naudojamas t\u016bkstan\u010dius met\u0173 nuo tada, kai \u017emon\u0117s atrado keist\u0105 lipn\u0173 \u0161alutin\u012f kanapi\u0173 augalo produkt\u0105. Mai\u0161ose da\u017enai yra apie 40% THC ir j\u012f galima r\u016bkyti arba naudoti gaminant maist\u0105 \/ maist\u0105. Kai kuriems kanapi\u0173 entuziastams d\u0117l sodraus aromatingo mai\u0161os kvapo ir skonio jis yra unikalus skan\u0117stas. Patogu laikyti, transportuoti ir naudoti. Devintajame de\u0161imtmetyje ha\u0161as buvo eksportuojamas i\u0161 keli\u0173 pagrindini\u0173 gamybos vietovi\u0173 (Nepalo, Indijos, Pakistano ir Afganistano) su unikaliu antspaudu ant kiekvieno bloko, o prie\u0161 eksportuojant jis da\u017enai buvo suvyniotas \u012f raudon\u0105 arba auksin\u0119 pakuot\u0119.<\/p>\n","protected":false},"excerpt":{"rendered":"<p>Jungtin\u0117je Karalyst\u0117je ir Europoje parduodamas Mercedes Lebanese Hash yra \u0161velniai aromatingas, su prieskonin\u0117mis natomis ir \u017eemi\u0161ko skonio profiliu. Jis yra labai lanks\u010dios, mink\u0161tos konsistencijos.<\/p>\n<p>Juodasis Mercedes yra vidutinio kelio mai\u0161os, importuotas i\u0161 Libano. Jis turi tamsiai rud\u0105 i\u0161or\u0119 ir \u0161viesiai rud\u0105 vid\u0173 bei \u0161velniai aromating\u0105 skonio profil\u012f su prieskoni\u0173 natomis ir \u017eemi\u0161ku skoniu. Jis yra mink\u0161tos, lanks\u010dios konsistencijos, tod\u0117l su juo ypa\u010d lengva dirbti, o dar labiau kaitinant.<\/p>\n","protected":false},"featured_media":4696,"comment_status":"open","ping_status":"closed","template":"","meta":[],"product_brand":[],"product_cat":[610],"product_tag":[],"class_list":{"0":"post-4684","1":"product","2":"type-product","3":"status-publish","4":"has-post-thumbnail","6":"product_cat-pirkite-hasisa-hasisa","8":"first","9":"instock","10":"shipping-taxable","11":"purchasable","12":"product-type-variable","13":"has-default-attributes"},"yoast_head":"<!-- This site is optimized with the Yoast SEO plugin v27.3 - https:\/\/yoast.com\/product\/yoast-seo-wordpress\/ -->\n<title>Pirkite Mercedez Lebanon Hash \u2013 geriausius pasaulinius vaistus<\/title>\n<meta name=\"description\" content=\"Pirkite Mercedes Lebanese Hash UK, Europa yra \u0161velniai aromatinga, su prieskoni\u0173 natomis ir \u017eemi\u0161ko skonio profiliu. Jis gana mink\u0161tos, lanks\u010dios konsistencijos.\" \/>\n<meta name=\"robots\" content=\"index, follow, max-snippet:-1, max-image-preview:large, max-video-preview:-1\" \/>\n<link rel=\"canonical\" href=\"https:\/\/medicinasinc.com\/lt\/product\/pirk-mercedez-lebanon-hash\/\" \/>\n<meta property=\"og:locale\" content=\"en_US\" \/>\n<meta property=\"og:type\" content=\"article\" \/>\n<meta property=\"og:title\" content=\"Pirkite Mercedez Lebanon Hash \u2013 geriausius pasaulinius vaistus\" \/>\n<meta property=\"og:description\" content=\"Pirkite Mercedes Lebanese Hash UK, Europa yra \u0161velniai aromatinga, su prieskoni\u0173 natomis ir \u017eemi\u0161ko skonio profiliu. Jis gana mink\u0161tos, lanks\u010dios konsistencijos.\" \/>\n<meta property=\"og:url\" content=\"https:\/\/medicinasinc.com\/lt\/product\/pirk-mercedez-lebanon-hash\/\" \/>\n<meta property=\"og:site_name\" content=\"Medicinas Inc\" \/>\n<meta property=\"article:modified_time\" content=\"2022-03-20T12:36:37+00:00\" \/>\n<meta property=\"og:image\" content=\"https:\/\/medicinasinc.com\/lt\/wp-content\/uploads\/sites\/9\/2022\/02\/Buy-Mercedez-Lebanon-Hash.jpg\" \/>\n\t<meta property=\"og:image:width\" content=\"600\" \/>\n\t<meta property=\"og:image:height\" content=\"600\" \/>\n\t<meta property=\"og:image:type\" content=\"image\/jpeg\" \/>\n<meta name=\"twitter:card\" content=\"summary_large_image\" \/>\n<meta name=\"twitter:label1\" content=\"Est. reading time\" \/>\n\t<meta name=\"twitter:data1\" content=\"1 minute\" \/>\n<script type=\"application\/ld+json\" class=\"yoast-schema-graph\">{\"@context\":\"https:\\\/\\\/schema.org\",\"@graph\":[{\"@type\":\"WebPage\",\"@id\":\"https:\\\/\\\/medicinasinc.com\\\/lt\\\/product\\\/pirk-mercedez-lebanon-hash\\\/\",\"url\":\"https:\\\/\\\/medicinasinc.com\\\/lt\\\/product\\\/pirk-mercedez-lebanon-hash\\\/\",\"name\":\"Pirkite Mercedez Lebanon Hash \u2013 geriausius pasaulinius vaistus\",\"isPartOf\":{\"@id\":\"https:\\\/\\\/medicinasinc.com\\\/lt\\\/#website\"},\"primaryImageOfPage\":{\"@id\":\"https:\\\/\\\/medicinasinc.com\\\/lt\\\/product\\\/pirk-mercedez-lebanon-hash\\\/#primaryimage\"},\"image\":{\"@id\":\"https:\\\/\\\/medicinasinc.com\\\/lt\\\/product\\\/pirk-mercedez-lebanon-hash\\\/#primaryimage\"},\"thumbnailUrl\":\"https:\\\/\\\/medicinasinc.com\\\/lt\\\/wp-content\\\/uploads\\\/sites\\\/9\\\/2022\\\/02\\\/Buy-Mercedez-Lebanon-Hash.jpg\",\"datePublished\":\"2022-02-20T14:40:34+00:00\",\"dateModified\":\"2022-03-20T12:36:37+00:00\",\"description\":\"Pirkite Mercedes Lebanese Hash UK, Europa yra \u0161velniai aromatinga, su prieskoni\u0173 natomis ir \u017eemi\u0161ko skonio profiliu. Jis gana mink\u0161tos, lanks\u010dios konsistencijos.\",\"breadcrumb\":{\"@id\":\"https:\\\/\\\/medicinasinc.com\\\/lt\\\/product\\\/pirk-mercedez-lebanon-hash\\\/#breadcrumb\"},\"inLanguage\":\"en-US\",\"potentialAction\":[{\"@type\":\"ReadAction\",\"target\":[\"https:\\\/\\\/medicinasinc.com\\\/lt\\\/product\\\/pirk-mercedez-lebanon-hash\\\/\"]}]},{\"@type\":\"ImageObject\",\"inLanguage\":\"en-US\",\"@id\":\"https:\\\/\\\/medicinasinc.com\\\/lt\\\/product\\\/pirk-mercedez-lebanon-hash\\\/#primaryimage\",\"url\":\"https:\\\/\\\/medicinasinc.com\\\/lt\\\/wp-content\\\/uploads\\\/sites\\\/9\\\/2022\\\/02\\\/Buy-Mercedez-Lebanon-Hash.jpg\",\"contentUrl\":\"https:\\\/\\\/medicinasinc.com\\\/lt\\\/wp-content\\\/uploads\\\/sites\\\/9\\\/2022\\\/02\\\/Buy-Mercedez-Lebanon-Hash.jpg\",\"width\":600,\"height\":600},{\"@type\":\"BreadcrumbList\",\"@id\":\"https:\\\/\\\/medicinasinc.com\\\/lt\\\/product\\\/pirk-mercedez-lebanon-hash\\\/#breadcrumb\",\"itemListElement\":[{\"@type\":\"ListItem\",\"position\":1,\"name\":\"Parduotuv\u0117\",\"item\":\"https:\\\/\\\/medicinasinc.com\\\/lt\\\/parduotuve\\\/\"},{\"@type\":\"ListItem\",\"position\":2,\"name\":\"Pirkite Mercedez Lebanon Hash\"}]},{\"@type\":\"WebSite\",\"@id\":\"https:\\\/\\\/medicinasinc.com\\\/lt\\\/#website\",\"url\":\"https:\\\/\\\/medicinasinc.com\\\/lt\\\/\",\"name\":\"Medicinas Inc\",\"description\":\"Sveikatos medicinos klinika\",\"potentialAction\":[{\"@type\":\"SearchAction\",\"target\":{\"@type\":\"EntryPoint\",\"urlTemplate\":\"https:\\\/\\\/medicinasinc.com\\\/lt\\\/?s={search_term_string}\"},\"query-input\":{\"@type\":\"PropertyValueSpecification\",\"valueRequired\":true,\"valueName\":\"search_term_string\"}}],\"inLanguage\":\"en-US\"}]}<\/script>\n<!-- \/ Yoast SEO plugin. -->","yoast_head_json":{"title":"Pirkite Mercedez Lebanon Hash \u2013 geriausius pasaulinius vaistus","description":"Pirkite Mercedes Lebanese Hash UK, Europa yra \u0161velniai aromatinga, su prieskoni\u0173 natomis ir \u017eemi\u0161ko skonio profiliu. Jis gana mink\u0161tos, lanks\u010dios konsistencijos.","robots":{"index":"index","follow":"follow","max-snippet":"max-snippet:-1","max-image-preview":"max-image-preview:large","max-video-preview":"max-video-preview:-1"},"canonical":"https:\/\/medicinasinc.com\/lt\/product\/pirk-mercedez-lebanon-hash\/","og_locale":"en_US","og_type":"article","og_title":"Pirkite Mercedez Lebanon Hash \u2013 geriausius pasaulinius vaistus","og_description":"Pirkite Mercedes Lebanese Hash UK, Europa yra \u0161velniai aromatinga, su prieskoni\u0173 natomis ir \u017eemi\u0161ko skonio profiliu. Jis gana mink\u0161tos, lanks\u010dios konsistencijos.","og_url":"https:\/\/medicinasinc.com\/lt\/product\/pirk-mercedez-lebanon-hash\/","og_site_name":"Medicinas Inc","article_modified_time":"2022-03-20T12:36:37+00:00","og_image":[{"width":600,"height":600,"url":"https:\/\/medicinasinc.com\/lt\/wp-content\/uploads\/sites\/9\/2022\/02\/Buy-Mercedez-Lebanon-Hash.jpg","type":"image\/jpeg"}],"twitter_card":"summary_large_image","twitter_misc":{"Est. reading time":"1 minute"},"schema":{"@context":"https:\/\/schema.org","@graph":[{"@type":"WebPage","@id":"https:\/\/medicinasinc.com\/lt\/product\/pirk-mercedez-lebanon-hash\/","url":"https:\/\/medicinasinc.com\/lt\/product\/pirk-mercedez-lebanon-hash\/","name":"Pirkite Mercedez Lebanon Hash \u2013 geriausius pasaulinius vaistus","isPartOf":{"@id":"https:\/\/medicinasinc.com\/lt\/#website"},"primaryImageOfPage":{"@id":"https:\/\/medicinasinc.com\/lt\/product\/pirk-mercedez-lebanon-hash\/#primaryimage"},"image":{"@id":"https:\/\/medicinasinc.com\/lt\/product\/pirk-mercedez-lebanon-hash\/#primaryimage"},"thumbnailUrl":"https:\/\/medicinasinc.com\/lt\/wp-content\/uploads\/sites\/9\/2022\/02\/Buy-Mercedez-Lebanon-Hash.jpg","datePublished":"2022-02-20T14:40:34+00:00","dateModified":"2022-03-20T12:36:37+00:00","description":"Pirkite Mercedes Lebanese Hash UK, Europa yra \u0161velniai aromatinga, su prieskoni\u0173 natomis ir \u017eemi\u0161ko skonio profiliu. Jis gana mink\u0161tos, lanks\u010dios konsistencijos.","breadcrumb":{"@id":"https:\/\/medicinasinc.com\/lt\/product\/pirk-mercedez-lebanon-hash\/#breadcrumb"},"inLanguage":"en-US","potentialAction":[{"@type":"ReadAction","target":["https:\/\/medicinasinc.com\/lt\/product\/pirk-mercedez-lebanon-hash\/"]}]},{"@type":"ImageObject","inLanguage":"en-US","@id":"https:\/\/medicinasinc.com\/lt\/product\/pirk-mercedez-lebanon-hash\/#primaryimage","url":"https:\/\/medicinasinc.com\/lt\/wp-content\/uploads\/sites\/9\/2022\/02\/Buy-Mercedez-Lebanon-Hash.jpg","contentUrl":"https:\/\/medicinasinc.com\/lt\/wp-content\/uploads\/sites\/9\/2022\/02\/Buy-Mercedez-Lebanon-Hash.jpg","width":600,"height":600},{"@type":"BreadcrumbList","@id":"https:\/\/medicinasinc.com\/lt\/product\/pirk-mercedez-lebanon-hash\/#breadcrumb","itemListElement":[{"@type":"ListItem","position":1,"name":"Parduotuv\u0117","item":"https:\/\/medicinasinc.com\/lt\/parduotuve\/"},{"@type":"ListItem","position":2,"name":"Pirkite Mercedez Lebanon Hash"}]},{"@type":"WebSite","@id":"https:\/\/medicinasinc.com\/lt\/#website","url":"https:\/\/medicinasinc.com\/lt\/","name":"Medicinas Inc","description":"Sveikatos medicinos klinika","potentialAction":[{"@type":"SearchAction","target":{"@type":"EntryPoint","urlTemplate":"https:\/\/medicinasinc.com\/lt\/?s={search_term_string}"},"query-input":{"@type":"PropertyValueSpecification","valueRequired":true,"valueName":"search_term_string"}}],"inLanguage":"en-US"}]}},"_links":{"self":[{"href":"https:\/\/medicinasinc.com\/lt\/wp-json\/wp\/v2\/product\/4684","targetHints":{"allow":["GET"]}}],"collection":[{"href":"https:\/\/medicinasinc.com\/lt\/wp-json\/wp\/v2\/product"}],"about":[{"href":"https:\/\/medicinasinc.com\/lt\/wp-json\/wp\/v2\/types\/product"}],"replies":[{"embeddable":true,"href":"https:\/\/medicinasinc.com\/lt\/wp-json\/wp\/v2\/comments?post=4684"}],"wp:featuredmedia":[{"embeddable":true,"href":"https:\/\/medicinasinc.com\/lt\/wp-json\/wp\/v2\/media\/4696"}],"wp:attachment":[{"href":"https:\/\/medicinasinc.com\/lt\/wp-json\/wp\/v2\/media?parent=4684"}],"wp:term":[{"taxonomy":"product_brand","embeddable":true,"href":"https:\/\/medicinasinc.com\/lt\/wp-json\/wp\/v2\/product_brand?post=4684"},{"taxonomy":"product_cat","embeddable":true,"href":"https:\/\/medicinasinc.com\/lt\/wp-json\/wp\/v2\/product_cat?post=4684"},{"taxonomy":"product_tag","embeddable":true,"href":"https:\/\/medicinasinc.com\/lt\/wp-json\/wp\/v2\/product_tag?post=4684"}],"curies":[{"name":"wp","href":"https:\/\/api.w.org\/{rel}","templated":true}]}}