{"id":4667,"date":"2022-02-20T14:27:35","date_gmt":"2022-02-20T14:27:35","guid":{"rendered":"https:\/\/medicinasinc.com\/lt\/?post_type=product&#038;p=4667"},"modified":"2022-03-20T12:36:46","modified_gmt":"2022-03-20T12:36:46","slug":"pirk-indija-charas-black-hash","status":"publish","type":"product","link":"https:\/\/medicinasinc.com\/lt\/product\/pirk-indija-charas-black-hash\/","title":{"rendered":"Pirkite Indija Charas Black Hash"},"content":{"rendered":"<p>Indijos Charas Black Hash pirkimas internetu| Indijos Charas Black Hash pirkimas internetu<\/p>\n<p>India Charas Black Hash pirkimas internetu. Su juo lengva dirbti, jis turi a\u0161tr\u0173, a\u0161tr\u0173 aromat\u0105 ir suteikia vartotojams stipr\u0173 viso k\u016bno \u016b\u017eim\u0105. Auginamas ir gaminamas Parvati sl\u0117nyje, kuris gars\u0117ja unikalia Charas atmaina, vadinama Malana Cream, kuri vertinama d\u0117l didelio THC kiekio. Tai puikus dienos draugas patyrusiems r\u016bkaliams, kurie gali atlaikyti stiprius r\u016bkalius. Terminas \u201eIndijos Charas Black Hash\u201c rei\u0161kia ha\u0161i\u0161\u0105, kuris buvo rank\u0173 darbo Indijoje, Pakistane ar Nepale. I\u0161 i\u0161or\u0117s ha\u0161i\u0161as yra tamsiai rudos spalvos. Atidarius ha\u0161i\u0161\u0105, atsiskleid\u017eia tamsiai \u017ealsva\/rusva vidus. I\u0161skirtinis aromatas svyruoja nuo a\u0161traus iki itin a\u0161traus. Jis sukuria labai akmenuot\u0105 ir fizin\u012f auk\u0161t\u0105. \u201eIndia Charas Black Hash\u201c galima \u012fsigyti internetu.<\/p>\n<p>Privalumai<\/p>\n<p>Padeda palengvinti \u0161iuos simptomus:<\/p>\n<p>Stres\u0105, depresij\u0105, galvos skausm\u0105,<br \/> nemig\u0105<br \/> Kur \u012fsigyti Indijoje internetu Charas Black Hash<\/p>\n<p>M\u016bs\u0173 tikslas yra \u012ftikti klientams ir suteikti jiems geriausi\u0105 \u012fmanom\u0105 apsipirkimo internetu patirt\u012f. U\u017etikriname, kad visi m\u016bs\u0173 produktai b\u016bt\u0173 auk\u0161\u010diausios kokyb\u0117s, kad klientai gaut\u0173 tik tai, kas geriausia. Si\u016blome autenti\u0161k\u0105 Indijos Charas Black Hash. M\u016bs\u0173 kainos yra \u017eemiausios, kurias galima rasti internete. Pirkite kokybi\u0161kai ir atraskite tai, apie k\u0105 visi kalba. Pateikite India Charas Black Hash u\u017esakym\u0105 internetu su mumis \u0161iandien ir b\u016bkite tikri d\u0117l saugumo bei geriausi\u0173 pristatymo paslaug\u0173. Liko vos keli paspaudimai, kad \u012fsigytum\u0117te \u201eIndia Charas Black Hash Online\u201c.<\/p>\n","protected":false},"excerpt":{"rendered":"<p>Pirkite \u201eIndia Charas Black Hash\u201c internetu. Lengva dirbti, skleid\u017eia a\u0161tr\u0173, a\u0161tr\u0173 aromat\u0105 ir stipr\u0173 k\u016bno \u0161urmul\u012f. U\u017esisakykite juod\u0105 mai\u0161\u0105 \u010dia.<\/p>\n<ul>\n<li>Pristatymas visame pasaulyje<\/li>\n<li><strong>Kaipsas: AAAAA<\/strong><\/li>\n<li>D\u0117l didesni\u0173 u\u017esakym\u0173 susisiekite su mumis<\/li>\n<\/ul>\n","protected":false},"featured_media":4681,"comment_status":"open","ping_status":"closed","template":"","meta":[],"product_brand":[],"product_cat":[610],"product_tag":[],"class_list":{"0":"post-4667","1":"product","2":"type-product","3":"status-publish","4":"has-post-thumbnail","6":"product_cat-pirkite-hasisa-hasisa","8":"first","9":"instock","10":"shipping-taxable","11":"purchasable","12":"product-type-variable","13":"has-default-attributes"},"yoast_head":"<!-- This site is optimized with the Yoast SEO plugin v27.3 - https:\/\/yoast.com\/product\/yoast-seo-wordpress\/ -->\n<title>Pirkite Indija Charas Black Hash \u2013 geriausius pasaulinius vaistus<\/title>\n<meta name=\"description\" content=\"Pirkite Indija Charas Black Hash internetu. Lengva dirbti, turi a\u0161tr\u0173, a\u0161tr\u0173 aromat\u0105 ir stipr\u0173 k\u016bno \u0161vyt\u0117jim\u0105. U\u017esisakykite juodos mai\u0161os \u010dia.\" \/>\n<meta name=\"robots\" content=\"index, follow, max-snippet:-1, max-image-preview:large, max-video-preview:-1\" \/>\n<link rel=\"canonical\" href=\"https:\/\/medicinasinc.com\/lt\/product\/pirk-indija-charas-black-hash\/\" \/>\n<meta property=\"og:locale\" content=\"en_US\" \/>\n<meta property=\"og:type\" content=\"article\" \/>\n<meta property=\"og:title\" content=\"Pirkite Indija Charas Black Hash \u2013 geriausius pasaulinius vaistus\" \/>\n<meta property=\"og:description\" content=\"Pirkite Indija Charas Black Hash internetu. Lengva dirbti, turi a\u0161tr\u0173, a\u0161tr\u0173 aromat\u0105 ir stipr\u0173 k\u016bno \u0161vyt\u0117jim\u0105. U\u017esisakykite juodos mai\u0161os \u010dia.\" \/>\n<meta property=\"og:url\" content=\"https:\/\/medicinasinc.com\/lt\/product\/pirk-indija-charas-black-hash\/\" \/>\n<meta property=\"og:site_name\" content=\"Medicinas Inc\" \/>\n<meta property=\"article:modified_time\" content=\"2022-03-20T12:36:46+00:00\" \/>\n<meta property=\"og:image\" content=\"https:\/\/medicinasinc.com\/lt\/wp-content\/uploads\/sites\/9\/2022\/02\/Buy-India-Charas-Black-Hash.jpg\" \/>\n\t<meta property=\"og:image:width\" content=\"600\" \/>\n\t<meta property=\"og:image:height\" content=\"600\" \/>\n\t<meta property=\"og:image:type\" content=\"image\/jpeg\" \/>\n<meta name=\"twitter:card\" content=\"summary_large_image\" \/>\n<meta name=\"twitter:label1\" content=\"Est. reading time\" \/>\n\t<meta name=\"twitter:data1\" content=\"2 minutes\" \/>\n<script type=\"application\/ld+json\" class=\"yoast-schema-graph\">{\"@context\":\"https:\\\/\\\/schema.org\",\"@graph\":[{\"@type\":\"WebPage\",\"@id\":\"https:\\\/\\\/medicinasinc.com\\\/lt\\\/product\\\/pirk-indija-charas-black-hash\\\/\",\"url\":\"https:\\\/\\\/medicinasinc.com\\\/lt\\\/product\\\/pirk-indija-charas-black-hash\\\/\",\"name\":\"Pirkite Indija Charas Black Hash \u2013 geriausius pasaulinius vaistus\",\"isPartOf\":{\"@id\":\"https:\\\/\\\/medicinasinc.com\\\/lt\\\/#website\"},\"primaryImageOfPage\":{\"@id\":\"https:\\\/\\\/medicinasinc.com\\\/lt\\\/product\\\/pirk-indija-charas-black-hash\\\/#primaryimage\"},\"image\":{\"@id\":\"https:\\\/\\\/medicinasinc.com\\\/lt\\\/product\\\/pirk-indija-charas-black-hash\\\/#primaryimage\"},\"thumbnailUrl\":\"https:\\\/\\\/medicinasinc.com\\\/lt\\\/wp-content\\\/uploads\\\/sites\\\/9\\\/2022\\\/02\\\/Buy-India-Charas-Black-Hash.jpg\",\"datePublished\":\"2022-02-20T14:27:35+00:00\",\"dateModified\":\"2022-03-20T12:36:46+00:00\",\"description\":\"Pirkite Indija Charas Black Hash internetu. Lengva dirbti, turi a\u0161tr\u0173, a\u0161tr\u0173 aromat\u0105 ir stipr\u0173 k\u016bno \u0161vyt\u0117jim\u0105. U\u017esisakykite juodos mai\u0161os \u010dia.\",\"breadcrumb\":{\"@id\":\"https:\\\/\\\/medicinasinc.com\\\/lt\\\/product\\\/pirk-indija-charas-black-hash\\\/#breadcrumb\"},\"inLanguage\":\"en-US\",\"potentialAction\":[{\"@type\":\"ReadAction\",\"target\":[\"https:\\\/\\\/medicinasinc.com\\\/lt\\\/product\\\/pirk-indija-charas-black-hash\\\/\"]}]},{\"@type\":\"ImageObject\",\"inLanguage\":\"en-US\",\"@id\":\"https:\\\/\\\/medicinasinc.com\\\/lt\\\/product\\\/pirk-indija-charas-black-hash\\\/#primaryimage\",\"url\":\"https:\\\/\\\/medicinasinc.com\\\/lt\\\/wp-content\\\/uploads\\\/sites\\\/9\\\/2022\\\/02\\\/Buy-India-Charas-Black-Hash.jpg\",\"contentUrl\":\"https:\\\/\\\/medicinasinc.com\\\/lt\\\/wp-content\\\/uploads\\\/sites\\\/9\\\/2022\\\/02\\\/Buy-India-Charas-Black-Hash.jpg\",\"width\":600,\"height\":600},{\"@type\":\"BreadcrumbList\",\"@id\":\"https:\\\/\\\/medicinasinc.com\\\/lt\\\/product\\\/pirk-indija-charas-black-hash\\\/#breadcrumb\",\"itemListElement\":[{\"@type\":\"ListItem\",\"position\":1,\"name\":\"Parduotuv\u0117\",\"item\":\"https:\\\/\\\/medicinasinc.com\\\/lt\\\/parduotuve\\\/\"},{\"@type\":\"ListItem\",\"position\":2,\"name\":\"Pirkite Indija Charas Black Hash\"}]},{\"@type\":\"WebSite\",\"@id\":\"https:\\\/\\\/medicinasinc.com\\\/lt\\\/#website\",\"url\":\"https:\\\/\\\/medicinasinc.com\\\/lt\\\/\",\"name\":\"Medicinas Inc\",\"description\":\"Sveikatos medicinos klinika\",\"potentialAction\":[{\"@type\":\"SearchAction\",\"target\":{\"@type\":\"EntryPoint\",\"urlTemplate\":\"https:\\\/\\\/medicinasinc.com\\\/lt\\\/?s={search_term_string}\"},\"query-input\":{\"@type\":\"PropertyValueSpecification\",\"valueRequired\":true,\"valueName\":\"search_term_string\"}}],\"inLanguage\":\"en-US\"}]}<\/script>\n<!-- \/ Yoast SEO plugin. -->","yoast_head_json":{"title":"Pirkite Indija Charas Black Hash \u2013 geriausius pasaulinius vaistus","description":"Pirkite Indija Charas Black Hash internetu. Lengva dirbti, turi a\u0161tr\u0173, a\u0161tr\u0173 aromat\u0105 ir stipr\u0173 k\u016bno \u0161vyt\u0117jim\u0105. U\u017esisakykite juodos mai\u0161os \u010dia.","robots":{"index":"index","follow":"follow","max-snippet":"max-snippet:-1","max-image-preview":"max-image-preview:large","max-video-preview":"max-video-preview:-1"},"canonical":"https:\/\/medicinasinc.com\/lt\/product\/pirk-indija-charas-black-hash\/","og_locale":"en_US","og_type":"article","og_title":"Pirkite Indija Charas Black Hash \u2013 geriausius pasaulinius vaistus","og_description":"Pirkite Indija Charas Black Hash internetu. Lengva dirbti, turi a\u0161tr\u0173, a\u0161tr\u0173 aromat\u0105 ir stipr\u0173 k\u016bno \u0161vyt\u0117jim\u0105. U\u017esisakykite juodos mai\u0161os \u010dia.","og_url":"https:\/\/medicinasinc.com\/lt\/product\/pirk-indija-charas-black-hash\/","og_site_name":"Medicinas Inc","article_modified_time":"2022-03-20T12:36:46+00:00","og_image":[{"width":600,"height":600,"url":"https:\/\/medicinasinc.com\/lt\/wp-content\/uploads\/sites\/9\/2022\/02\/Buy-India-Charas-Black-Hash.jpg","type":"image\/jpeg"}],"twitter_card":"summary_large_image","twitter_misc":{"Est. reading time":"2 minutes"},"schema":{"@context":"https:\/\/schema.org","@graph":[{"@type":"WebPage","@id":"https:\/\/medicinasinc.com\/lt\/product\/pirk-indija-charas-black-hash\/","url":"https:\/\/medicinasinc.com\/lt\/product\/pirk-indija-charas-black-hash\/","name":"Pirkite Indija Charas Black Hash \u2013 geriausius pasaulinius vaistus","isPartOf":{"@id":"https:\/\/medicinasinc.com\/lt\/#website"},"primaryImageOfPage":{"@id":"https:\/\/medicinasinc.com\/lt\/product\/pirk-indija-charas-black-hash\/#primaryimage"},"image":{"@id":"https:\/\/medicinasinc.com\/lt\/product\/pirk-indija-charas-black-hash\/#primaryimage"},"thumbnailUrl":"https:\/\/medicinasinc.com\/lt\/wp-content\/uploads\/sites\/9\/2022\/02\/Buy-India-Charas-Black-Hash.jpg","datePublished":"2022-02-20T14:27:35+00:00","dateModified":"2022-03-20T12:36:46+00:00","description":"Pirkite Indija Charas Black Hash internetu. Lengva dirbti, turi a\u0161tr\u0173, a\u0161tr\u0173 aromat\u0105 ir stipr\u0173 k\u016bno \u0161vyt\u0117jim\u0105. U\u017esisakykite juodos mai\u0161os \u010dia.","breadcrumb":{"@id":"https:\/\/medicinasinc.com\/lt\/product\/pirk-indija-charas-black-hash\/#breadcrumb"},"inLanguage":"en-US","potentialAction":[{"@type":"ReadAction","target":["https:\/\/medicinasinc.com\/lt\/product\/pirk-indija-charas-black-hash\/"]}]},{"@type":"ImageObject","inLanguage":"en-US","@id":"https:\/\/medicinasinc.com\/lt\/product\/pirk-indija-charas-black-hash\/#primaryimage","url":"https:\/\/medicinasinc.com\/lt\/wp-content\/uploads\/sites\/9\/2022\/02\/Buy-India-Charas-Black-Hash.jpg","contentUrl":"https:\/\/medicinasinc.com\/lt\/wp-content\/uploads\/sites\/9\/2022\/02\/Buy-India-Charas-Black-Hash.jpg","width":600,"height":600},{"@type":"BreadcrumbList","@id":"https:\/\/medicinasinc.com\/lt\/product\/pirk-indija-charas-black-hash\/#breadcrumb","itemListElement":[{"@type":"ListItem","position":1,"name":"Parduotuv\u0117","item":"https:\/\/medicinasinc.com\/lt\/parduotuve\/"},{"@type":"ListItem","position":2,"name":"Pirkite Indija Charas Black Hash"}]},{"@type":"WebSite","@id":"https:\/\/medicinasinc.com\/lt\/#website","url":"https:\/\/medicinasinc.com\/lt\/","name":"Medicinas Inc","description":"Sveikatos medicinos klinika","potentialAction":[{"@type":"SearchAction","target":{"@type":"EntryPoint","urlTemplate":"https:\/\/medicinasinc.com\/lt\/?s={search_term_string}"},"query-input":{"@type":"PropertyValueSpecification","valueRequired":true,"valueName":"search_term_string"}}],"inLanguage":"en-US"}]}},"_links":{"self":[{"href":"https:\/\/medicinasinc.com\/lt\/wp-json\/wp\/v2\/product\/4667","targetHints":{"allow":["GET"]}}],"collection":[{"href":"https:\/\/medicinasinc.com\/lt\/wp-json\/wp\/v2\/product"}],"about":[{"href":"https:\/\/medicinasinc.com\/lt\/wp-json\/wp\/v2\/types\/product"}],"replies":[{"embeddable":true,"href":"https:\/\/medicinasinc.com\/lt\/wp-json\/wp\/v2\/comments?post=4667"}],"wp:featuredmedia":[{"embeddable":true,"href":"https:\/\/medicinasinc.com\/lt\/wp-json\/wp\/v2\/media\/4681"}],"wp:attachment":[{"href":"https:\/\/medicinasinc.com\/lt\/wp-json\/wp\/v2\/media?parent=4667"}],"wp:term":[{"taxonomy":"product_brand","embeddable":true,"href":"https:\/\/medicinasinc.com\/lt\/wp-json\/wp\/v2\/product_brand?post=4667"},{"taxonomy":"product_cat","embeddable":true,"href":"https:\/\/medicinasinc.com\/lt\/wp-json\/wp\/v2\/product_cat?post=4667"},{"taxonomy":"product_tag","embeddable":true,"href":"https:\/\/medicinasinc.com\/lt\/wp-json\/wp\/v2\/product_tag?post=4667"}],"curies":[{"name":"wp","href":"https:\/\/api.w.org\/{rel}","templated":true}]}}