{"id":4666,"date":"2022-02-20T14:26:53","date_gmt":"2022-02-20T14:26:53","guid":{"rendered":"https:\/\/medicinasinc.com\/lt\/?post_type=product&#038;p=4666"},"modified":"2022-03-20T12:36:56","modified_gmt":"2022-03-20T12:36:56","slug":"pirkti-ledo-maisos-lazdeles","status":"publish","type":"product","link":"https:\/\/medicinasinc.com\/lt\/product\/pirkti-ledo-maisos-lazdeles\/","title":{"rendered":"Pirkite Ice Hash Sticks"},"content":{"rendered":"<p>Ice Hash spar\u010diai populiar\u0117ja kaip ma\u017eai prie\u017ei\u016bros reikalaujantis auk\u0161tos kokyb\u0117s mai\u0161os gamybos b\u016bdas. Marihuana sumai\u0161oma su vandeniu ir filtruojama per \u012fvairi\u0173 r\u016b\u0161i\u0173 audin\u012f. Gaunama derva yra ne\u012ftik\u0117tina. Hash lazdel\u0117s pagamintos i\u0161 ledo. Yra daug b\u016bd\u0173, kaip sukurti \u201eIce Hash\u201c. Galite \u012fsigyti \u201eIce-o-lators\u201c internetu, kad sukurtum\u0117te \u201eIce Hash\u201c. \u012esigykite i\u0161 ledo pagamintus mai\u0161os lazdeles<\/p>\n<p>Kaip apibr\u0117\u017eiamas ha\u0161i\u0161as (ha\u0161is)?<\/p>\n<p>&#8220;Ha\u0161i\u0161as yra psichoaktyvi med\u017eiaga, gaunama i\u0161 kanapi\u0173 patel\u0117s dervos liauk\u0173 (piesteliato). [\u2026 ] Tikslas yra izoliuoti (ir taip sukoncentruoti) derv\u0105, kurioje yra THC, kad b\u016bt\u0173 pagamintas ha\u0161i\u0161as. Mai\u0161os lazdel\u0117s, pagamintos i\u0161 ledo<\/p>\n<p>\u012esigykite ledo mai\u0161os lazdeles | Pirkite Ice Hash Sticks | Pirkite ledo mai\u0161os lazdeles<\/p>\n<p>Papras\u010diau tariant, ha\u0161i\u0161as (kur\u012f dabar vadinsime mai\u0161u) yra kanapi\u0173 augalo izoliuotos dervos liaukos. Dar papras\u010diau, mai\u0161a yra tada, kai geri lipn\u016bs dalykai i\u0161 j\u016bs\u0173 kanapi\u0173 i\u0161gaunami visi\u0161kai patys. Ha\u0161as tam tikra prasme yra distiliuotos kanap\u0117s! Mai\u0161os lazdel\u0117s, pagamintos i\u0161 ledo<\/p>\n<p>Mi\u0161os gaminimas i\u0161 sauso ledo yra papras\u010diausias, grei\u010diausias ir efektyviausias b\u016bdas i\u0161 kanapi\u0173 i\u0161gauti derv\u0105. Trumpai tariant, tai yra m\u016bs\u0173 kolektyvin\u0117 nuomon\u0117. Dry Ice Hash yra optimalus mai\u0161os gamybos b\u016bdas. Mai\u0161os lazdel\u0117s, pagamintos i\u0161 ledo<\/p>\n<p>&nbsp;<\/p>\n<p>Kuo \u201eDry Ice Hash\u201c yra unikalus?<\/p>\n<p>Nors ne visos mai\u0161os yra identi\u0161kos, daugelis j\u0173 yra gana pana\u0161ios.<\/p>\n<p> &gt; <\/p>\n<p>Vandens mai\u0161os \u2013 kitaip vadinamos ledo mai\u0161os, burbulin\u0117s mai\u0161os, gravitacijos (Gumby) mai\u0161os ir sauso ledo mai\u0161os \u2013 visos susidaro izoliuotos dervos liaukos.<\/p>\n<p>I\u0161 ledo pagamintos mai\u0161os lazdel\u0117s<\/p>\n<p>Nors daugeliu metod\u0173 gaunamas tas pats arba pana\u0161us produktas, sauso ledo naudojimas turi daug prana\u0161um\u0173, palyginti su kitais dervos surinkimo b\u016bdais:<\/p>\n<p>Tai yra tikslingiau nei alternatyv\u016bs metodai.<br \/> Galite u\u017ebaigti sauso ledo mai\u0161\u0105 per ma\u017edaug 1\/25 laiko, kurio reikia gravitacijos mai\u0161os u\u017ebaigimui! Nors \u0161is pavyzdys yra ekstremalus, sauso ledo mai\u0161os paruo\u0161imas u\u017etrunka tik kelias minutes ir yra daug grei\u010diau nei kiti metodai. Mai\u0161os lazdel\u0117s, pagamintos i\u0161 ledo<br \/> Tai juokingai paprasta, o tas paprastumas virsta momentiniu pasitenkinimu. Sukratydami kibir\u0105 ir mai\u0161el\u012f auk\u0161\u010diausios kokyb\u0117s mai\u0161os gausite ma\u017eiau nei 15 minu\u010di\u0173.<br \/> N\u0117ra dr\u0117gm\u0117s!<br \/> Tai rei\u0161kia, kad derva yra paruo\u0161ta i\u0161 karto, kai j\u0105 sukratysite!<\/p>\n","protected":false},"excerpt":{"rendered":"<div class=\"woocommerce-product-details__short-description\">\n<p>Ice Hash Sticks, taip pat \u017einomas kaip Tailando lazdel\u0117s, yra gryna sativa \u017eem\u0117, kilusi i\u0161 Tailando ir atkeliavusi \u012f Jungtines Valstijas a\u0161tuntajame de\u0161imtmetyje.<\/p>\n<p> p&gt; <\/p>\n<p>Ice Hash spar\u010diai populiar\u0117ja kaip ma\u017eai prie\u017ei\u016bros reikalaujantis auk\u0161tos kokyb\u0117s mai\u0161os gamybos b\u016bdas. Marihuana sumai\u0161oma su vandeniu ir filtruojama per \u012fvairi\u0173 r\u016b\u0161i\u0173 audin\u012f. Gaunama derva yra ne\u012ftik\u0117tina. Hash lazdel\u0117s pagamintos i\u0161 ledo. Yra daug b\u016bd\u0173, kaip sukurti \u201eIce Hash\u201c. Galite \u012fsigyti \u201eIce-o-lators\u201c internetu, kad sukurtum\u0117te \u201eIce Hash\u201c. Pirkite mai\u0161os lazdeles i\u0161 ledo<\/p>\n<\/p><\/div>\n","protected":false},"featured_media":4679,"comment_status":"open","ping_status":"closed","template":"","meta":[],"product_brand":[],"product_cat":[610],"product_tag":[],"class_list":{"0":"post-4666","1":"product","2":"type-product","3":"status-publish","4":"has-post-thumbnail","6":"product_cat-pirkite-hasisa-hasisa","8":"first","9":"instock","10":"shipping-taxable","11":"purchasable","12":"product-type-variable","13":"has-default-attributes"},"yoast_head":"<!-- This site is optimized with the Yoast SEO plugin v27.3 - https:\/\/yoast.com\/product\/yoast-seo-wordpress\/ -->\n<title>Pirkite ledo mai\u0161os lazdeles \u2013 geriausius pasaulinius vaistus<\/title>\n<meta name=\"description\" content=\"Pirkite Ice Hash Sticks pardavimui JK, Europa Internetu, taip pat \u017einomas kaip Thai Sticks, yra gryna sativa landras\u0117, atsiradusi Tailande, o \u012f JAV atkeliavo tik a\u0161tuntajame de\u0161imtmetyje.\" \/>\n<meta name=\"robots\" content=\"index, follow, max-snippet:-1, max-image-preview:large, max-video-preview:-1\" \/>\n<link rel=\"canonical\" href=\"https:\/\/medicinasinc.com\/lt\/product\/pirkti-ledo-maisos-lazdeles\/\" \/>\n<meta property=\"og:locale\" content=\"en_US\" \/>\n<meta property=\"og:type\" content=\"article\" \/>\n<meta property=\"og:title\" content=\"Pirkite ledo mai\u0161os lazdeles \u2013 geriausius pasaulinius vaistus\" \/>\n<meta property=\"og:description\" content=\"Pirkite Ice Hash Sticks pardavimui JK, Europa Internetu, taip pat \u017einomas kaip Thai Sticks, yra gryna sativa landras\u0117, atsiradusi Tailande, o \u012f JAV atkeliavo tik a\u0161tuntajame de\u0161imtmetyje.\" \/>\n<meta property=\"og:url\" content=\"https:\/\/medicinasinc.com\/lt\/product\/pirkti-ledo-maisos-lazdeles\/\" \/>\n<meta property=\"og:site_name\" content=\"Medicinas Inc\" \/>\n<meta property=\"article:modified_time\" content=\"2022-03-20T12:36:56+00:00\" \/>\n<meta property=\"og:image\" content=\"https:\/\/medicinasinc.com\/lt\/wp-content\/uploads\/sites\/9\/2022\/02\/Buy-Ice-Hash-Sticks.jpg\" \/>\n\t<meta property=\"og:image:width\" content=\"600\" \/>\n\t<meta property=\"og:image:height\" content=\"600\" \/>\n\t<meta property=\"og:image:type\" content=\"image\/jpeg\" \/>\n<meta name=\"twitter:card\" content=\"summary_large_image\" \/>\n<meta name=\"twitter:label1\" content=\"Est. reading time\" \/>\n\t<meta name=\"twitter:data1\" content=\"2 minutes\" \/>\n<script type=\"application\/ld+json\" class=\"yoast-schema-graph\">{\"@context\":\"https:\\\/\\\/schema.org\",\"@graph\":[{\"@type\":\"WebPage\",\"@id\":\"https:\\\/\\\/medicinasinc.com\\\/lt\\\/product\\\/pirkti-ledo-maisos-lazdeles\\\/\",\"url\":\"https:\\\/\\\/medicinasinc.com\\\/lt\\\/product\\\/pirkti-ledo-maisos-lazdeles\\\/\",\"name\":\"Pirkite ledo mai\u0161os lazdeles \u2013 geriausius pasaulinius vaistus\",\"isPartOf\":{\"@id\":\"https:\\\/\\\/medicinasinc.com\\\/lt\\\/#website\"},\"primaryImageOfPage\":{\"@id\":\"https:\\\/\\\/medicinasinc.com\\\/lt\\\/product\\\/pirkti-ledo-maisos-lazdeles\\\/#primaryimage\"},\"image\":{\"@id\":\"https:\\\/\\\/medicinasinc.com\\\/lt\\\/product\\\/pirkti-ledo-maisos-lazdeles\\\/#primaryimage\"},\"thumbnailUrl\":\"https:\\\/\\\/medicinasinc.com\\\/lt\\\/wp-content\\\/uploads\\\/sites\\\/9\\\/2022\\\/02\\\/Buy-Ice-Hash-Sticks.jpg\",\"datePublished\":\"2022-02-20T14:26:53+00:00\",\"dateModified\":\"2022-03-20T12:36:56+00:00\",\"description\":\"Pirkite Ice Hash Sticks pardavimui JK, Europa Internetu, taip pat \u017einomas kaip Thai Sticks, yra gryna sativa landras\u0117, atsiradusi Tailande, o \u012f JAV atkeliavo tik a\u0161tuntajame de\u0161imtmetyje.\",\"breadcrumb\":{\"@id\":\"https:\\\/\\\/medicinasinc.com\\\/lt\\\/product\\\/pirkti-ledo-maisos-lazdeles\\\/#breadcrumb\"},\"inLanguage\":\"en-US\",\"potentialAction\":[{\"@type\":\"ReadAction\",\"target\":[\"https:\\\/\\\/medicinasinc.com\\\/lt\\\/product\\\/pirkti-ledo-maisos-lazdeles\\\/\"]}]},{\"@type\":\"ImageObject\",\"inLanguage\":\"en-US\",\"@id\":\"https:\\\/\\\/medicinasinc.com\\\/lt\\\/product\\\/pirkti-ledo-maisos-lazdeles\\\/#primaryimage\",\"url\":\"https:\\\/\\\/medicinasinc.com\\\/lt\\\/wp-content\\\/uploads\\\/sites\\\/9\\\/2022\\\/02\\\/Buy-Ice-Hash-Sticks.jpg\",\"contentUrl\":\"https:\\\/\\\/medicinasinc.com\\\/lt\\\/wp-content\\\/uploads\\\/sites\\\/9\\\/2022\\\/02\\\/Buy-Ice-Hash-Sticks.jpg\",\"width\":600,\"height\":600},{\"@type\":\"BreadcrumbList\",\"@id\":\"https:\\\/\\\/medicinasinc.com\\\/lt\\\/product\\\/pirkti-ledo-maisos-lazdeles\\\/#breadcrumb\",\"itemListElement\":[{\"@type\":\"ListItem\",\"position\":1,\"name\":\"Parduotuv\u0117\",\"item\":\"https:\\\/\\\/medicinasinc.com\\\/lt\\\/parduotuve\\\/\"},{\"@type\":\"ListItem\",\"position\":2,\"name\":\"Pirkite Ice Hash Sticks\"}]},{\"@type\":\"WebSite\",\"@id\":\"https:\\\/\\\/medicinasinc.com\\\/lt\\\/#website\",\"url\":\"https:\\\/\\\/medicinasinc.com\\\/lt\\\/\",\"name\":\"Medicinas Inc\",\"description\":\"Sveikatos medicinos klinika\",\"potentialAction\":[{\"@type\":\"SearchAction\",\"target\":{\"@type\":\"EntryPoint\",\"urlTemplate\":\"https:\\\/\\\/medicinasinc.com\\\/lt\\\/?s={search_term_string}\"},\"query-input\":{\"@type\":\"PropertyValueSpecification\",\"valueRequired\":true,\"valueName\":\"search_term_string\"}}],\"inLanguage\":\"en-US\"}]}<\/script>\n<!-- \/ Yoast SEO plugin. -->","yoast_head_json":{"title":"Pirkite ledo mai\u0161os lazdeles \u2013 geriausius pasaulinius vaistus","description":"Pirkite Ice Hash Sticks pardavimui JK, Europa Internetu, taip pat \u017einomas kaip Thai Sticks, yra gryna sativa landras\u0117, atsiradusi Tailande, o \u012f JAV atkeliavo tik a\u0161tuntajame de\u0161imtmetyje.","robots":{"index":"index","follow":"follow","max-snippet":"max-snippet:-1","max-image-preview":"max-image-preview:large","max-video-preview":"max-video-preview:-1"},"canonical":"https:\/\/medicinasinc.com\/lt\/product\/pirkti-ledo-maisos-lazdeles\/","og_locale":"en_US","og_type":"article","og_title":"Pirkite ledo mai\u0161os lazdeles \u2013 geriausius pasaulinius vaistus","og_description":"Pirkite Ice Hash Sticks pardavimui JK, Europa Internetu, taip pat \u017einomas kaip Thai Sticks, yra gryna sativa landras\u0117, atsiradusi Tailande, o \u012f JAV atkeliavo tik a\u0161tuntajame de\u0161imtmetyje.","og_url":"https:\/\/medicinasinc.com\/lt\/product\/pirkti-ledo-maisos-lazdeles\/","og_site_name":"Medicinas Inc","article_modified_time":"2022-03-20T12:36:56+00:00","og_image":[{"width":600,"height":600,"url":"https:\/\/medicinasinc.com\/lt\/wp-content\/uploads\/sites\/9\/2022\/02\/Buy-Ice-Hash-Sticks.jpg","type":"image\/jpeg"}],"twitter_card":"summary_large_image","twitter_misc":{"Est. reading time":"2 minutes"},"schema":{"@context":"https:\/\/schema.org","@graph":[{"@type":"WebPage","@id":"https:\/\/medicinasinc.com\/lt\/product\/pirkti-ledo-maisos-lazdeles\/","url":"https:\/\/medicinasinc.com\/lt\/product\/pirkti-ledo-maisos-lazdeles\/","name":"Pirkite ledo mai\u0161os lazdeles \u2013 geriausius pasaulinius vaistus","isPartOf":{"@id":"https:\/\/medicinasinc.com\/lt\/#website"},"primaryImageOfPage":{"@id":"https:\/\/medicinasinc.com\/lt\/product\/pirkti-ledo-maisos-lazdeles\/#primaryimage"},"image":{"@id":"https:\/\/medicinasinc.com\/lt\/product\/pirkti-ledo-maisos-lazdeles\/#primaryimage"},"thumbnailUrl":"https:\/\/medicinasinc.com\/lt\/wp-content\/uploads\/sites\/9\/2022\/02\/Buy-Ice-Hash-Sticks.jpg","datePublished":"2022-02-20T14:26:53+00:00","dateModified":"2022-03-20T12:36:56+00:00","description":"Pirkite Ice Hash Sticks pardavimui JK, Europa Internetu, taip pat \u017einomas kaip Thai Sticks, yra gryna sativa landras\u0117, atsiradusi Tailande, o \u012f JAV atkeliavo tik a\u0161tuntajame de\u0161imtmetyje.","breadcrumb":{"@id":"https:\/\/medicinasinc.com\/lt\/product\/pirkti-ledo-maisos-lazdeles\/#breadcrumb"},"inLanguage":"en-US","potentialAction":[{"@type":"ReadAction","target":["https:\/\/medicinasinc.com\/lt\/product\/pirkti-ledo-maisos-lazdeles\/"]}]},{"@type":"ImageObject","inLanguage":"en-US","@id":"https:\/\/medicinasinc.com\/lt\/product\/pirkti-ledo-maisos-lazdeles\/#primaryimage","url":"https:\/\/medicinasinc.com\/lt\/wp-content\/uploads\/sites\/9\/2022\/02\/Buy-Ice-Hash-Sticks.jpg","contentUrl":"https:\/\/medicinasinc.com\/lt\/wp-content\/uploads\/sites\/9\/2022\/02\/Buy-Ice-Hash-Sticks.jpg","width":600,"height":600},{"@type":"BreadcrumbList","@id":"https:\/\/medicinasinc.com\/lt\/product\/pirkti-ledo-maisos-lazdeles\/#breadcrumb","itemListElement":[{"@type":"ListItem","position":1,"name":"Parduotuv\u0117","item":"https:\/\/medicinasinc.com\/lt\/parduotuve\/"},{"@type":"ListItem","position":2,"name":"Pirkite Ice Hash Sticks"}]},{"@type":"WebSite","@id":"https:\/\/medicinasinc.com\/lt\/#website","url":"https:\/\/medicinasinc.com\/lt\/","name":"Medicinas Inc","description":"Sveikatos medicinos klinika","potentialAction":[{"@type":"SearchAction","target":{"@type":"EntryPoint","urlTemplate":"https:\/\/medicinasinc.com\/lt\/?s={search_term_string}"},"query-input":{"@type":"PropertyValueSpecification","valueRequired":true,"valueName":"search_term_string"}}],"inLanguage":"en-US"}]}},"_links":{"self":[{"href":"https:\/\/medicinasinc.com\/lt\/wp-json\/wp\/v2\/product\/4666","targetHints":{"allow":["GET"]}}],"collection":[{"href":"https:\/\/medicinasinc.com\/lt\/wp-json\/wp\/v2\/product"}],"about":[{"href":"https:\/\/medicinasinc.com\/lt\/wp-json\/wp\/v2\/types\/product"}],"replies":[{"embeddable":true,"href":"https:\/\/medicinasinc.com\/lt\/wp-json\/wp\/v2\/comments?post=4666"}],"wp:featuredmedia":[{"embeddable":true,"href":"https:\/\/medicinasinc.com\/lt\/wp-json\/wp\/v2\/media\/4679"}],"wp:attachment":[{"href":"https:\/\/medicinasinc.com\/lt\/wp-json\/wp\/v2\/media?parent=4666"}],"wp:term":[{"taxonomy":"product_brand","embeddable":true,"href":"https:\/\/medicinasinc.com\/lt\/wp-json\/wp\/v2\/product_brand?post=4666"},{"taxonomy":"product_cat","embeddable":true,"href":"https:\/\/medicinasinc.com\/lt\/wp-json\/wp\/v2\/product_cat?post=4666"},{"taxonomy":"product_tag","embeddable":true,"href":"https:\/\/medicinasinc.com\/lt\/wp-json\/wp\/v2\/product_tag?post=4666"}],"curies":[{"name":"wp","href":"https:\/\/api.w.org\/{rel}","templated":true}]}}