{"id":4658,"date":"2022-02-20T14:22:15","date_gmt":"2022-02-20T14:22:15","guid":{"rendered":"https:\/\/medicinasinc.com\/lt\/?post_type=product&#038;p=4658"},"modified":"2022-03-20T12:37:10","modified_gmt":"2022-03-20T12:37:10","slug":"pirk-medus-marokietiskas-blondinis-hasas","status":"publish","type":"product","link":"https:\/\/medicinasinc.com\/lt\/product\/pirk-medus-marokietiskas-blondinis-hasas\/","title":{"rendered":"Pirkite med\u0173 Maroko blondin\u0119 Hash"},"content":{"rendered":"<div class=\"woocommerce-tabs wc-tabs-wrapper\">\n<div id=\"tab-description\" class=\"woocommerce-Tabs-panel woocommerce-Tabs-panel--description panel entry-content wc-tab\" role=\"tabpanel\" aria-labelledby=\"tab-title-description\">\n<p>Medaus Maroko blondin\u0117s mai\u0161elio pirkimas internetu. Kif da\u017enai naudojamas kartu su ha\u0161i\u0161u. Kif da\u017enai naudojamas Vakaruose kuriant unikal\u0173 medaus Maroko blondin\u0119 Hash. Kai naudojami \u0161velnesni lapai, jie vadinami &#8220;habisha&#8221;, kuri yra pana\u0161i \u012f marihuan\u0105.<\/p>\n<p>Medaus Maroko blondin\u0117s Hash skonis yra \u012fprastas saldus, o lie\u017euvis jau\u010diasi \u0161velniai. Tai skonio receptoriai, kuriuos dievina. Galimas labai dervingas mai\u0161as.<\/p>\n<p>Honey Maroko Blonde Hash skonis:<\/p>\n<p>Honey Maroko Blonde Hash yra saldaus skonio ir \u0161velnios tekst\u016bros ant lie\u017euvio. Tai skonio pumpurai vertinamas skonis. Galima tur\u0117ti labai derving\u0105 mai\u0161\u0105. Medaus Maroko blondin\u0117s mai\u0161elio pirkimas internetu<\/p>\n<\/p><\/div><\/div>\n","protected":false},"excerpt":{"rendered":"<div class=\"woocommerce-product-details__short-description\">\n<p>Pirkite medaus Maroko blondin\u0119 mai\u0161el\u012f JK, Europoje. Jis yra \u0161velniai aromatingas su prieskoni\u0173 u\u017euominomis, suteikian\u010diomis smegenis ir aktyvum\u0105. blondin\u0117 mai\u0161a.<\/p>\n<\/p><\/div>\n","protected":false},"featured_media":4671,"comment_status":"open","ping_status":"closed","template":"","meta":[],"product_brand":[],"product_cat":[610],"product_tag":[],"class_list":{"0":"post-4658","1":"product","2":"type-product","3":"status-publish","4":"has-post-thumbnail","6":"product_cat-pirkite-hasisa-hasisa","8":"first","9":"instock","10":"shipping-taxable","11":"purchasable","12":"product-type-variable","13":"has-default-attributes"},"yoast_head":"<!-- This site is optimized with the Yoast SEO plugin v27.3 - https:\/\/yoast.com\/product\/yoast-seo-wordpress\/ -->\n<title>Pirkite med\u0173 Maroko blondin\u0119 \u2013 geriausia medicina pasaulyje<\/title>\n<meta name=\"description\" content=\"Pirkite med\u0173 Maroko blondin\u0119 Hash pardavimui JK, Europoje. Jis yra \u0161velniai aromatingas su prieskoni\u0173 u\u017euominomis, suteikian\u010diomis smegenis ir aktyvum\u0105. blondin\u0117 ha\u0161as.\" \/>\n<meta name=\"robots\" content=\"index, follow, max-snippet:-1, max-image-preview:large, max-video-preview:-1\" \/>\n<link rel=\"canonical\" href=\"https:\/\/medicinasinc.com\/lt\/product\/pirk-medus-marokietiskas-blondinis-hasas\/\" \/>\n<meta property=\"og:locale\" content=\"en_US\" \/>\n<meta property=\"og:type\" content=\"article\" \/>\n<meta property=\"og:title\" content=\"Pirkite med\u0173 Maroko blondin\u0119 \u2013 geriausia medicina pasaulyje\" \/>\n<meta property=\"og:description\" content=\"Pirkite med\u0173 Maroko blondin\u0119 Hash pardavimui JK, Europoje. Jis yra \u0161velniai aromatingas su prieskoni\u0173 u\u017euominomis, suteikian\u010diomis smegenis ir aktyvum\u0105. blondin\u0117 ha\u0161as.\" \/>\n<meta property=\"og:url\" content=\"https:\/\/medicinasinc.com\/lt\/product\/pirk-medus-marokietiskas-blondinis-hasas\/\" \/>\n<meta property=\"og:site_name\" content=\"Medicinas Inc\" \/>\n<meta property=\"article:modified_time\" content=\"2022-03-20T12:37:10+00:00\" \/>\n<meta property=\"og:image\" content=\"https:\/\/medicinasinc.com\/lt\/wp-content\/uploads\/sites\/9\/2022\/02\/Buy-Honey-Moroccan-Blonde-Hash.jpg\" \/>\n\t<meta property=\"og:image:width\" content=\"600\" \/>\n\t<meta property=\"og:image:height\" content=\"600\" \/>\n\t<meta property=\"og:image:type\" content=\"image\/jpeg\" \/>\n<meta name=\"twitter:card\" content=\"summary_large_image\" \/>\n<meta name=\"twitter:label1\" content=\"Est. reading time\" \/>\n\t<meta name=\"twitter:data1\" content=\"1 minute\" \/>\n<script type=\"application\/ld+json\" class=\"yoast-schema-graph\">{\"@context\":\"https:\\\/\\\/schema.org\",\"@graph\":[{\"@type\":\"WebPage\",\"@id\":\"https:\\\/\\\/medicinasinc.com\\\/lt\\\/product\\\/pirk-medus-marokietiskas-blondinis-hasas\\\/\",\"url\":\"https:\\\/\\\/medicinasinc.com\\\/lt\\\/product\\\/pirk-medus-marokietiskas-blondinis-hasas\\\/\",\"name\":\"Pirkite med\u0173 Maroko blondin\u0119 \u2013 geriausia medicina pasaulyje\",\"isPartOf\":{\"@id\":\"https:\\\/\\\/medicinasinc.com\\\/lt\\\/#website\"},\"primaryImageOfPage\":{\"@id\":\"https:\\\/\\\/medicinasinc.com\\\/lt\\\/product\\\/pirk-medus-marokietiskas-blondinis-hasas\\\/#primaryimage\"},\"image\":{\"@id\":\"https:\\\/\\\/medicinasinc.com\\\/lt\\\/product\\\/pirk-medus-marokietiskas-blondinis-hasas\\\/#primaryimage\"},\"thumbnailUrl\":\"https:\\\/\\\/medicinasinc.com\\\/lt\\\/wp-content\\\/uploads\\\/sites\\\/9\\\/2022\\\/02\\\/Buy-Honey-Moroccan-Blonde-Hash.jpg\",\"datePublished\":\"2022-02-20T14:22:15+00:00\",\"dateModified\":\"2022-03-20T12:37:10+00:00\",\"description\":\"Pirkite med\u0173 Maroko blondin\u0119 Hash pardavimui JK, Europoje. Jis yra \u0161velniai aromatingas su prieskoni\u0173 u\u017euominomis, suteikian\u010diomis smegenis ir aktyvum\u0105. blondin\u0117 ha\u0161as.\",\"breadcrumb\":{\"@id\":\"https:\\\/\\\/medicinasinc.com\\\/lt\\\/product\\\/pirk-medus-marokietiskas-blondinis-hasas\\\/#breadcrumb\"},\"inLanguage\":\"en-US\",\"potentialAction\":[{\"@type\":\"ReadAction\",\"target\":[\"https:\\\/\\\/medicinasinc.com\\\/lt\\\/product\\\/pirk-medus-marokietiskas-blondinis-hasas\\\/\"]}]},{\"@type\":\"ImageObject\",\"inLanguage\":\"en-US\",\"@id\":\"https:\\\/\\\/medicinasinc.com\\\/lt\\\/product\\\/pirk-medus-marokietiskas-blondinis-hasas\\\/#primaryimage\",\"url\":\"https:\\\/\\\/medicinasinc.com\\\/lt\\\/wp-content\\\/uploads\\\/sites\\\/9\\\/2022\\\/02\\\/Buy-Honey-Moroccan-Blonde-Hash.jpg\",\"contentUrl\":\"https:\\\/\\\/medicinasinc.com\\\/lt\\\/wp-content\\\/uploads\\\/sites\\\/9\\\/2022\\\/02\\\/Buy-Honey-Moroccan-Blonde-Hash.jpg\",\"width\":600,\"height\":600},{\"@type\":\"BreadcrumbList\",\"@id\":\"https:\\\/\\\/medicinasinc.com\\\/lt\\\/product\\\/pirk-medus-marokietiskas-blondinis-hasas\\\/#breadcrumb\",\"itemListElement\":[{\"@type\":\"ListItem\",\"position\":1,\"name\":\"Parduotuv\u0117\",\"item\":\"https:\\\/\\\/medicinasinc.com\\\/lt\\\/parduotuve\\\/\"},{\"@type\":\"ListItem\",\"position\":2,\"name\":\"Pirkite med\u0173 Maroko blondin\u0119 Hash\"}]},{\"@type\":\"WebSite\",\"@id\":\"https:\\\/\\\/medicinasinc.com\\\/lt\\\/#website\",\"url\":\"https:\\\/\\\/medicinasinc.com\\\/lt\\\/\",\"name\":\"Medicinas Inc\",\"description\":\"Sveikatos medicinos klinika\",\"potentialAction\":[{\"@type\":\"SearchAction\",\"target\":{\"@type\":\"EntryPoint\",\"urlTemplate\":\"https:\\\/\\\/medicinasinc.com\\\/lt\\\/?s={search_term_string}\"},\"query-input\":{\"@type\":\"PropertyValueSpecification\",\"valueRequired\":true,\"valueName\":\"search_term_string\"}}],\"inLanguage\":\"en-US\"}]}<\/script>\n<!-- \/ Yoast SEO plugin. -->","yoast_head_json":{"title":"Pirkite med\u0173 Maroko blondin\u0119 \u2013 geriausia medicina pasaulyje","description":"Pirkite med\u0173 Maroko blondin\u0119 Hash pardavimui JK, Europoje. Jis yra \u0161velniai aromatingas su prieskoni\u0173 u\u017euominomis, suteikian\u010diomis smegenis ir aktyvum\u0105. blondin\u0117 ha\u0161as.","robots":{"index":"index","follow":"follow","max-snippet":"max-snippet:-1","max-image-preview":"max-image-preview:large","max-video-preview":"max-video-preview:-1"},"canonical":"https:\/\/medicinasinc.com\/lt\/product\/pirk-medus-marokietiskas-blondinis-hasas\/","og_locale":"en_US","og_type":"article","og_title":"Pirkite med\u0173 Maroko blondin\u0119 \u2013 geriausia medicina pasaulyje","og_description":"Pirkite med\u0173 Maroko blondin\u0119 Hash pardavimui JK, Europoje. Jis yra \u0161velniai aromatingas su prieskoni\u0173 u\u017euominomis, suteikian\u010diomis smegenis ir aktyvum\u0105. blondin\u0117 ha\u0161as.","og_url":"https:\/\/medicinasinc.com\/lt\/product\/pirk-medus-marokietiskas-blondinis-hasas\/","og_site_name":"Medicinas Inc","article_modified_time":"2022-03-20T12:37:10+00:00","og_image":[{"width":600,"height":600,"url":"https:\/\/medicinasinc.com\/lt\/wp-content\/uploads\/sites\/9\/2022\/02\/Buy-Honey-Moroccan-Blonde-Hash.jpg","type":"image\/jpeg"}],"twitter_card":"summary_large_image","twitter_misc":{"Est. reading time":"1 minute"},"schema":{"@context":"https:\/\/schema.org","@graph":[{"@type":"WebPage","@id":"https:\/\/medicinasinc.com\/lt\/product\/pirk-medus-marokietiskas-blondinis-hasas\/","url":"https:\/\/medicinasinc.com\/lt\/product\/pirk-medus-marokietiskas-blondinis-hasas\/","name":"Pirkite med\u0173 Maroko blondin\u0119 \u2013 geriausia medicina pasaulyje","isPartOf":{"@id":"https:\/\/medicinasinc.com\/lt\/#website"},"primaryImageOfPage":{"@id":"https:\/\/medicinasinc.com\/lt\/product\/pirk-medus-marokietiskas-blondinis-hasas\/#primaryimage"},"image":{"@id":"https:\/\/medicinasinc.com\/lt\/product\/pirk-medus-marokietiskas-blondinis-hasas\/#primaryimage"},"thumbnailUrl":"https:\/\/medicinasinc.com\/lt\/wp-content\/uploads\/sites\/9\/2022\/02\/Buy-Honey-Moroccan-Blonde-Hash.jpg","datePublished":"2022-02-20T14:22:15+00:00","dateModified":"2022-03-20T12:37:10+00:00","description":"Pirkite med\u0173 Maroko blondin\u0119 Hash pardavimui JK, Europoje. Jis yra \u0161velniai aromatingas su prieskoni\u0173 u\u017euominomis, suteikian\u010diomis smegenis ir aktyvum\u0105. blondin\u0117 ha\u0161as.","breadcrumb":{"@id":"https:\/\/medicinasinc.com\/lt\/product\/pirk-medus-marokietiskas-blondinis-hasas\/#breadcrumb"},"inLanguage":"en-US","potentialAction":[{"@type":"ReadAction","target":["https:\/\/medicinasinc.com\/lt\/product\/pirk-medus-marokietiskas-blondinis-hasas\/"]}]},{"@type":"ImageObject","inLanguage":"en-US","@id":"https:\/\/medicinasinc.com\/lt\/product\/pirk-medus-marokietiskas-blondinis-hasas\/#primaryimage","url":"https:\/\/medicinasinc.com\/lt\/wp-content\/uploads\/sites\/9\/2022\/02\/Buy-Honey-Moroccan-Blonde-Hash.jpg","contentUrl":"https:\/\/medicinasinc.com\/lt\/wp-content\/uploads\/sites\/9\/2022\/02\/Buy-Honey-Moroccan-Blonde-Hash.jpg","width":600,"height":600},{"@type":"BreadcrumbList","@id":"https:\/\/medicinasinc.com\/lt\/product\/pirk-medus-marokietiskas-blondinis-hasas\/#breadcrumb","itemListElement":[{"@type":"ListItem","position":1,"name":"Parduotuv\u0117","item":"https:\/\/medicinasinc.com\/lt\/parduotuve\/"},{"@type":"ListItem","position":2,"name":"Pirkite med\u0173 Maroko blondin\u0119 Hash"}]},{"@type":"WebSite","@id":"https:\/\/medicinasinc.com\/lt\/#website","url":"https:\/\/medicinasinc.com\/lt\/","name":"Medicinas Inc","description":"Sveikatos medicinos klinika","potentialAction":[{"@type":"SearchAction","target":{"@type":"EntryPoint","urlTemplate":"https:\/\/medicinasinc.com\/lt\/?s={search_term_string}"},"query-input":{"@type":"PropertyValueSpecification","valueRequired":true,"valueName":"search_term_string"}}],"inLanguage":"en-US"}]}},"_links":{"self":[{"href":"https:\/\/medicinasinc.com\/lt\/wp-json\/wp\/v2\/product\/4658","targetHints":{"allow":["GET"]}}],"collection":[{"href":"https:\/\/medicinasinc.com\/lt\/wp-json\/wp\/v2\/product"}],"about":[{"href":"https:\/\/medicinasinc.com\/lt\/wp-json\/wp\/v2\/types\/product"}],"replies":[{"embeddable":true,"href":"https:\/\/medicinasinc.com\/lt\/wp-json\/wp\/v2\/comments?post=4658"}],"wp:featuredmedia":[{"embeddable":true,"href":"https:\/\/medicinasinc.com\/lt\/wp-json\/wp\/v2\/media\/4671"}],"wp:attachment":[{"href":"https:\/\/medicinasinc.com\/lt\/wp-json\/wp\/v2\/media?parent=4658"}],"wp:term":[{"taxonomy":"product_brand","embeddable":true,"href":"https:\/\/medicinasinc.com\/lt\/wp-json\/wp\/v2\/product_brand?post=4658"},{"taxonomy":"product_cat","embeddable":true,"href":"https:\/\/medicinasinc.com\/lt\/wp-json\/wp\/v2\/product_cat?post=4658"},{"taxonomy":"product_tag","embeddable":true,"href":"https:\/\/medicinasinc.com\/lt\/wp-json\/wp\/v2\/product_tag?post=4658"}],"curies":[{"name":"wp","href":"https:\/\/api.w.org\/{rel}","templated":true}]}}