{"id":4651,"date":"2022-02-20T14:16:39","date_gmt":"2022-02-20T14:16:39","guid":{"rendered":"https:\/\/medicinasinc.com\/lt\/?post_type=product&#038;p=4651"},"modified":"2022-03-20T12:37:21","modified_gmt":"2022-03-20T12:37:21","slug":"pirkti-gelato-hash-online","status":"publish","type":"product","link":"https:\/\/medicinasinc.com\/lt\/product\/pirkti-gelato-hash-online\/","title":{"rendered":"Pirkite Gelato Hash internetu"},"content":{"rendered":"<p>Pirkite Gelato Hash internetu Jungtin\u0117je Karalyst\u0117je<\/p>\n<p>\u0160iandien Astra Weed si\u016blo Gelato Hash parduoti internetu Jungtin\u0117je Karalyst\u0117je ir Europoje. Gelato paderm\u0117s mai\u0161as yra puikus skan\u0117stas tiek \u017einovams, tiek naujokams palaimingame ha\u0161i\u0161o pasaulyje. Viena garsiausi\u0173 ir ilgalaiki\u0173 kanapi\u0173 tradicij\u0173. \u0160is mai\u0161elis pagamintas i\u0161 a\u0161tuonias savaites vytint\u0173 g\u0117li\u0173. \u0160is ha\u0161i\u0161as yra auk\u0161\u010diausios kokyb\u0117s.<\/p>\n","protected":false},"excerpt":{"rendered":"<p>Pirkite Gelato Hash pardavimui internetu JK, Europoje! Gelato paderm\u0117s mai\u0161as yra ka\u017ekas skanaus m\u016bs\u0173 mai\u0161os \u017einovams ir tiems, kurie nori pasinerti \u012f palaiming\u0105 ha\u0161i\u0161o pasaul\u012f.<\/p>\n<p>Pristatymas visame pasaulyje<\/p>\n<ul>\n<li><strong>Klasis: AAAAA<\/strong> &gt;<\/li>\n<li><strong>Susisiekite su mumis<\/strong>\u00a0d\u0117l didesni\u0173 u\u017esakym\u0173<\/li>\n<\/ul>\n","protected":false},"featured_media":4663,"comment_status":"open","ping_status":"closed","template":"","meta":[],"product_brand":[],"product_cat":[610],"product_tag":[],"class_list":{"0":"post-4651","1":"product","2":"type-product","3":"status-publish","4":"has-post-thumbnail","6":"product_cat-pirkite-hasisa-hasisa","8":"first","9":"instock","10":"shipping-taxable","11":"purchasable","12":"product-type-variable","13":"has-default-attributes"},"yoast_head":"<!-- This site is optimized with the Yoast SEO plugin v27.3 - https:\/\/yoast.com\/product\/yoast-seo-wordpress\/ -->\n<title>Pirkite \u201eGelato Hash\u201c internetu \u2013 geriausius pasaulinius vaistus<\/title>\n<meta name=\"description\" content=\"Pirkite Gelato Hash pardavimui internetu JK, Europoje! Gelato paderm\u0117s mai\u0161as yra ka\u017ekas skanaus m\u016bs\u0173 mai\u0161os \u017einovams ir tiems, kurie nori pasinerti \u012f palaiming\u0105 ha\u0161i\u0161o pasaul\u012f.\" \/>\n<meta name=\"robots\" content=\"index, follow, max-snippet:-1, max-image-preview:large, max-video-preview:-1\" \/>\n<link rel=\"canonical\" href=\"https:\/\/medicinasinc.com\/lt\/product\/pirkti-gelato-hash-online\/\" \/>\n<meta property=\"og:locale\" content=\"en_US\" \/>\n<meta property=\"og:type\" content=\"article\" \/>\n<meta property=\"og:title\" content=\"Pirkite \u201eGelato Hash\u201c internetu \u2013 geriausius pasaulinius vaistus\" \/>\n<meta property=\"og:description\" content=\"Pirkite Gelato Hash pardavimui internetu JK, Europoje! Gelato paderm\u0117s mai\u0161as yra ka\u017ekas skanaus m\u016bs\u0173 mai\u0161os \u017einovams ir tiems, kurie nori pasinerti \u012f palaiming\u0105 ha\u0161i\u0161o pasaul\u012f.\" \/>\n<meta property=\"og:url\" content=\"https:\/\/medicinasinc.com\/lt\/product\/pirkti-gelato-hash-online\/\" \/>\n<meta property=\"og:site_name\" content=\"Medicinas Inc\" \/>\n<meta property=\"article:modified_time\" content=\"2022-03-20T12:37:21+00:00\" \/>\n<meta property=\"og:image\" content=\"https:\/\/medicinasinc.com\/lt\/wp-content\/uploads\/sites\/9\/2022\/02\/Buy-Gelato-Hash-Online.jpg\" \/>\n\t<meta property=\"og:image:width\" content=\"600\" \/>\n\t<meta property=\"og:image:height\" content=\"600\" \/>\n\t<meta property=\"og:image:type\" content=\"image\/jpeg\" \/>\n<meta name=\"twitter:card\" content=\"summary_large_image\" \/>\n<meta name=\"twitter:label1\" content=\"Est. reading time\" \/>\n\t<meta name=\"twitter:data1\" content=\"1 minute\" \/>\n<script type=\"application\/ld+json\" class=\"yoast-schema-graph\">{\"@context\":\"https:\\\/\\\/schema.org\",\"@graph\":[{\"@type\":\"WebPage\",\"@id\":\"https:\\\/\\\/medicinasinc.com\\\/lt\\\/product\\\/pirkti-gelato-hash-online\\\/\",\"url\":\"https:\\\/\\\/medicinasinc.com\\\/lt\\\/product\\\/pirkti-gelato-hash-online\\\/\",\"name\":\"Pirkite \u201eGelato Hash\u201c internetu \u2013 geriausius pasaulinius vaistus\",\"isPartOf\":{\"@id\":\"https:\\\/\\\/medicinasinc.com\\\/lt\\\/#website\"},\"primaryImageOfPage\":{\"@id\":\"https:\\\/\\\/medicinasinc.com\\\/lt\\\/product\\\/pirkti-gelato-hash-online\\\/#primaryimage\"},\"image\":{\"@id\":\"https:\\\/\\\/medicinasinc.com\\\/lt\\\/product\\\/pirkti-gelato-hash-online\\\/#primaryimage\"},\"thumbnailUrl\":\"https:\\\/\\\/medicinasinc.com\\\/lt\\\/wp-content\\\/uploads\\\/sites\\\/9\\\/2022\\\/02\\\/Buy-Gelato-Hash-Online.jpg\",\"datePublished\":\"2022-02-20T14:16:39+00:00\",\"dateModified\":\"2022-03-20T12:37:21+00:00\",\"description\":\"Pirkite Gelato Hash pardavimui internetu JK, Europoje! Gelato paderm\u0117s mai\u0161as yra ka\u017ekas skanaus m\u016bs\u0173 mai\u0161os \u017einovams ir tiems, kurie nori pasinerti \u012f palaiming\u0105 ha\u0161i\u0161o pasaul\u012f.\",\"breadcrumb\":{\"@id\":\"https:\\\/\\\/medicinasinc.com\\\/lt\\\/product\\\/pirkti-gelato-hash-online\\\/#breadcrumb\"},\"inLanguage\":\"en-US\",\"potentialAction\":[{\"@type\":\"ReadAction\",\"target\":[\"https:\\\/\\\/medicinasinc.com\\\/lt\\\/product\\\/pirkti-gelato-hash-online\\\/\"]}]},{\"@type\":\"ImageObject\",\"inLanguage\":\"en-US\",\"@id\":\"https:\\\/\\\/medicinasinc.com\\\/lt\\\/product\\\/pirkti-gelato-hash-online\\\/#primaryimage\",\"url\":\"https:\\\/\\\/medicinasinc.com\\\/lt\\\/wp-content\\\/uploads\\\/sites\\\/9\\\/2022\\\/02\\\/Buy-Gelato-Hash-Online.jpg\",\"contentUrl\":\"https:\\\/\\\/medicinasinc.com\\\/lt\\\/wp-content\\\/uploads\\\/sites\\\/9\\\/2022\\\/02\\\/Buy-Gelato-Hash-Online.jpg\",\"width\":600,\"height\":600},{\"@type\":\"BreadcrumbList\",\"@id\":\"https:\\\/\\\/medicinasinc.com\\\/lt\\\/product\\\/pirkti-gelato-hash-online\\\/#breadcrumb\",\"itemListElement\":[{\"@type\":\"ListItem\",\"position\":1,\"name\":\"Parduotuv\u0117\",\"item\":\"https:\\\/\\\/medicinasinc.com\\\/lt\\\/parduotuve\\\/\"},{\"@type\":\"ListItem\",\"position\":2,\"name\":\"Pirkite Gelato Hash internetu\"}]},{\"@type\":\"WebSite\",\"@id\":\"https:\\\/\\\/medicinasinc.com\\\/lt\\\/#website\",\"url\":\"https:\\\/\\\/medicinasinc.com\\\/lt\\\/\",\"name\":\"Medicinas Inc\",\"description\":\"Sveikatos medicinos klinika\",\"potentialAction\":[{\"@type\":\"SearchAction\",\"target\":{\"@type\":\"EntryPoint\",\"urlTemplate\":\"https:\\\/\\\/medicinasinc.com\\\/lt\\\/?s={search_term_string}\"},\"query-input\":{\"@type\":\"PropertyValueSpecification\",\"valueRequired\":true,\"valueName\":\"search_term_string\"}}],\"inLanguage\":\"en-US\"}]}<\/script>\n<!-- \/ Yoast SEO plugin. -->","yoast_head_json":{"title":"Pirkite \u201eGelato Hash\u201c internetu \u2013 geriausius pasaulinius vaistus","description":"Pirkite Gelato Hash pardavimui internetu JK, Europoje! Gelato paderm\u0117s mai\u0161as yra ka\u017ekas skanaus m\u016bs\u0173 mai\u0161os \u017einovams ir tiems, kurie nori pasinerti \u012f palaiming\u0105 ha\u0161i\u0161o pasaul\u012f.","robots":{"index":"index","follow":"follow","max-snippet":"max-snippet:-1","max-image-preview":"max-image-preview:large","max-video-preview":"max-video-preview:-1"},"canonical":"https:\/\/medicinasinc.com\/lt\/product\/pirkti-gelato-hash-online\/","og_locale":"en_US","og_type":"article","og_title":"Pirkite \u201eGelato Hash\u201c internetu \u2013 geriausius pasaulinius vaistus","og_description":"Pirkite Gelato Hash pardavimui internetu JK, Europoje! Gelato paderm\u0117s mai\u0161as yra ka\u017ekas skanaus m\u016bs\u0173 mai\u0161os \u017einovams ir tiems, kurie nori pasinerti \u012f palaiming\u0105 ha\u0161i\u0161o pasaul\u012f.","og_url":"https:\/\/medicinasinc.com\/lt\/product\/pirkti-gelato-hash-online\/","og_site_name":"Medicinas Inc","article_modified_time":"2022-03-20T12:37:21+00:00","og_image":[{"width":600,"height":600,"url":"https:\/\/medicinasinc.com\/lt\/wp-content\/uploads\/sites\/9\/2022\/02\/Buy-Gelato-Hash-Online.jpg","type":"image\/jpeg"}],"twitter_card":"summary_large_image","twitter_misc":{"Est. reading time":"1 minute"},"schema":{"@context":"https:\/\/schema.org","@graph":[{"@type":"WebPage","@id":"https:\/\/medicinasinc.com\/lt\/product\/pirkti-gelato-hash-online\/","url":"https:\/\/medicinasinc.com\/lt\/product\/pirkti-gelato-hash-online\/","name":"Pirkite \u201eGelato Hash\u201c internetu \u2013 geriausius pasaulinius vaistus","isPartOf":{"@id":"https:\/\/medicinasinc.com\/lt\/#website"},"primaryImageOfPage":{"@id":"https:\/\/medicinasinc.com\/lt\/product\/pirkti-gelato-hash-online\/#primaryimage"},"image":{"@id":"https:\/\/medicinasinc.com\/lt\/product\/pirkti-gelato-hash-online\/#primaryimage"},"thumbnailUrl":"https:\/\/medicinasinc.com\/lt\/wp-content\/uploads\/sites\/9\/2022\/02\/Buy-Gelato-Hash-Online.jpg","datePublished":"2022-02-20T14:16:39+00:00","dateModified":"2022-03-20T12:37:21+00:00","description":"Pirkite Gelato Hash pardavimui internetu JK, Europoje! Gelato paderm\u0117s mai\u0161as yra ka\u017ekas skanaus m\u016bs\u0173 mai\u0161os \u017einovams ir tiems, kurie nori pasinerti \u012f palaiming\u0105 ha\u0161i\u0161o pasaul\u012f.","breadcrumb":{"@id":"https:\/\/medicinasinc.com\/lt\/product\/pirkti-gelato-hash-online\/#breadcrumb"},"inLanguage":"en-US","potentialAction":[{"@type":"ReadAction","target":["https:\/\/medicinasinc.com\/lt\/product\/pirkti-gelato-hash-online\/"]}]},{"@type":"ImageObject","inLanguage":"en-US","@id":"https:\/\/medicinasinc.com\/lt\/product\/pirkti-gelato-hash-online\/#primaryimage","url":"https:\/\/medicinasinc.com\/lt\/wp-content\/uploads\/sites\/9\/2022\/02\/Buy-Gelato-Hash-Online.jpg","contentUrl":"https:\/\/medicinasinc.com\/lt\/wp-content\/uploads\/sites\/9\/2022\/02\/Buy-Gelato-Hash-Online.jpg","width":600,"height":600},{"@type":"BreadcrumbList","@id":"https:\/\/medicinasinc.com\/lt\/product\/pirkti-gelato-hash-online\/#breadcrumb","itemListElement":[{"@type":"ListItem","position":1,"name":"Parduotuv\u0117","item":"https:\/\/medicinasinc.com\/lt\/parduotuve\/"},{"@type":"ListItem","position":2,"name":"Pirkite Gelato Hash internetu"}]},{"@type":"WebSite","@id":"https:\/\/medicinasinc.com\/lt\/#website","url":"https:\/\/medicinasinc.com\/lt\/","name":"Medicinas Inc","description":"Sveikatos medicinos klinika","potentialAction":[{"@type":"SearchAction","target":{"@type":"EntryPoint","urlTemplate":"https:\/\/medicinasinc.com\/lt\/?s={search_term_string}"},"query-input":{"@type":"PropertyValueSpecification","valueRequired":true,"valueName":"search_term_string"}}],"inLanguage":"en-US"}]}},"_links":{"self":[{"href":"https:\/\/medicinasinc.com\/lt\/wp-json\/wp\/v2\/product\/4651","targetHints":{"allow":["GET"]}}],"collection":[{"href":"https:\/\/medicinasinc.com\/lt\/wp-json\/wp\/v2\/product"}],"about":[{"href":"https:\/\/medicinasinc.com\/lt\/wp-json\/wp\/v2\/types\/product"}],"replies":[{"embeddable":true,"href":"https:\/\/medicinasinc.com\/lt\/wp-json\/wp\/v2\/comments?post=4651"}],"wp:featuredmedia":[{"embeddable":true,"href":"https:\/\/medicinasinc.com\/lt\/wp-json\/wp\/v2\/media\/4663"}],"wp:attachment":[{"href":"https:\/\/medicinasinc.com\/lt\/wp-json\/wp\/v2\/media?parent=4651"}],"wp:term":[{"taxonomy":"product_brand","embeddable":true,"href":"https:\/\/medicinasinc.com\/lt\/wp-json\/wp\/v2\/product_brand?post=4651"},{"taxonomy":"product_cat","embeddable":true,"href":"https:\/\/medicinasinc.com\/lt\/wp-json\/wp\/v2\/product_cat?post=4651"},{"taxonomy":"product_tag","embeddable":true,"href":"https:\/\/medicinasinc.com\/lt\/wp-json\/wp\/v2\/product_tag?post=4651"}],"curies":[{"name":"wp","href":"https:\/\/api.w.org\/{rel}","templated":true}]}}