{"id":4635,"date":"2022-02-20T14:04:42","date_gmt":"2022-02-20T14:04:42","guid":{"rendered":"https:\/\/medicinasinc.com\/lt\/?post_type=product&#038;p=4635"},"modified":"2022-03-20T12:37:30","modified_gmt":"2022-03-20T12:37:30","slug":"pirk-charas-hash","status":"publish","type":"product","link":"https:\/\/medicinasinc.com\/lt\/product\/pirk-charas-hash\/","title":{"rendered":"Pirkite Charas Hash"},"content":{"rendered":"<p>Charas Hash pirkimas internetu<\/p>\n<p>Charas Hash pirkimas internetu. Sukurta kruop\u0161\u010diai braukiant tarp pir\u0161t\u0173 moteri\u0161kus pumpurus. Aik\u0161tel\u0117 pristatoma Hash-Balls ir prie\u0161 i\u0161siuntim\u0105 suspaud\u017eiama \u012f standartines dalis. I\u0161or\u0117 juoda, vidus nery\u0161kios \u017ealsvos\/tamsios spalvos. Aromatas: Nuo a\u0161traus iki itin a\u0161traus. Jis turi nepakartojam\u0105 aromat\u0105. Skonis: Labai kar\u0161tas, gana at\u0161iaurus gerklei, bet daug silpnesnis nei afganistano. Konsistencija: Ypatingai subtili, pana\u0161i \u012f afganieti\u0161k\u0105 savo geb\u0117jimu efektyviai masa\u017euoti. Kartais labai smulkus, bet pastoviai tir\u0161tas. Poveikis: Itin akmenuotas ir fizi\u0161kai stimuliuojantis auk\u0161tas. Smegen\u0173. Stiprus iki labai stiprus. Charas, kaip ir Nepalas, da\u017enai gamina puikius d\u016bmus. (10-26 % THC) Prieinamumas: itin retas; retkar\u010diais gaunami labai ma\u017ei kiekiai. Did\u017ei\u0105j\u0105 dal\u012f \u0161io tipo mai\u0161os \u012f Indij\u0105 importuoja privat\u016bs keliautojai. Nat\u016bralu, kad kaina yra didel\u0117 Nepalo po\u017ei\u016briu. \u201eCharas\u201c paprastai parduodamas kaip \u201epir\u0161tas\u201c, t. y. de\u0161rainio formos mai\u0161a.<\/p>\n","protected":false},"excerpt":{"rendered":"<div class=\"woocommerce-product-details__short-description\">\n<p>Pirkite Charas Hash pardavimui JK, Europoje Internetu pigiai su pristatymu visame pasaulyje. Tai i\u0161skirtinis ir tvirtas koncentratas, kuris labai gerai mal\u0161ina skausm\u0105, nerim\u0105 ir pykinim\u0105.<\/p>\n<\/p><\/div>\n","protected":false},"featured_media":4649,"comment_status":"open","ping_status":"closed","template":"","meta":[],"product_brand":[],"product_cat":[610],"product_tag":[],"class_list":{"0":"post-4635","1":"product","2":"type-product","3":"status-publish","4":"has-post-thumbnail","6":"product_cat-pirkite-hasisa-hasisa","8":"first","9":"instock","10":"shipping-taxable","11":"purchasable","12":"product-type-variable","13":"has-default-attributes"},"yoast_head":"<!-- This site is optimized with the Yoast SEO plugin v27.3 - https:\/\/yoast.com\/product\/yoast-seo-wordpress\/ -->\n<title>Pirkite Charas Hash \u2013 geriausius pasaulinius vaistus<\/title>\n<meta name=\"description\" content=\"Pirkite Charas Hash pardavimui JK, Europoje internetu pigiai su pristatymu visame pasaulyje. Tai i\u0161skirtinis ir tvirtas koncentratas, kuris labai gerai mal\u0161ina skausm\u0105, nerim\u0105 ir pykinim\u0105.\" \/>\n<meta name=\"robots\" content=\"index, follow, max-snippet:-1, max-image-preview:large, max-video-preview:-1\" \/>\n<link rel=\"canonical\" href=\"https:\/\/medicinasinc.com\/lt\/product\/pirk-charas-hash\/\" \/>\n<meta property=\"og:locale\" content=\"en_US\" \/>\n<meta property=\"og:type\" content=\"article\" \/>\n<meta property=\"og:title\" content=\"Pirkite Charas Hash \u2013 geriausius pasaulinius vaistus\" \/>\n<meta property=\"og:description\" content=\"Pirkite Charas Hash pardavimui JK, Europoje internetu pigiai su pristatymu visame pasaulyje. Tai i\u0161skirtinis ir tvirtas koncentratas, kuris labai gerai mal\u0161ina skausm\u0105, nerim\u0105 ir pykinim\u0105.\" \/>\n<meta property=\"og:url\" content=\"https:\/\/medicinasinc.com\/lt\/product\/pirk-charas-hash\/\" \/>\n<meta property=\"og:site_name\" content=\"Medicinas Inc\" \/>\n<meta property=\"article:modified_time\" content=\"2022-03-20T12:37:30+00:00\" \/>\n<meta property=\"og:image\" content=\"https:\/\/medicinasinc.com\/lt\/wp-content\/uploads\/sites\/9\/2022\/02\/Buy-Charas-Hash-Online.jpg\" \/>\n\t<meta property=\"og:image:width\" content=\"600\" \/>\n\t<meta property=\"og:image:height\" content=\"600\" \/>\n\t<meta property=\"og:image:type\" content=\"image\/jpeg\" \/>\n<meta name=\"twitter:card\" content=\"summary_large_image\" \/>\n<meta name=\"twitter:label1\" content=\"Est. reading time\" \/>\n\t<meta name=\"twitter:data1\" content=\"1 minute\" \/>\n<script type=\"application\/ld+json\" class=\"yoast-schema-graph\">{\"@context\":\"https:\\\/\\\/schema.org\",\"@graph\":[{\"@type\":\"WebPage\",\"@id\":\"https:\\\/\\\/medicinasinc.com\\\/lt\\\/product\\\/pirk-charas-hash\\\/\",\"url\":\"https:\\\/\\\/medicinasinc.com\\\/lt\\\/product\\\/pirk-charas-hash\\\/\",\"name\":\"Pirkite Charas Hash \u2013 geriausius pasaulinius vaistus\",\"isPartOf\":{\"@id\":\"https:\\\/\\\/medicinasinc.com\\\/lt\\\/#website\"},\"primaryImageOfPage\":{\"@id\":\"https:\\\/\\\/medicinasinc.com\\\/lt\\\/product\\\/pirk-charas-hash\\\/#primaryimage\"},\"image\":{\"@id\":\"https:\\\/\\\/medicinasinc.com\\\/lt\\\/product\\\/pirk-charas-hash\\\/#primaryimage\"},\"thumbnailUrl\":\"https:\\\/\\\/medicinasinc.com\\\/lt\\\/wp-content\\\/uploads\\\/sites\\\/9\\\/2022\\\/02\\\/Buy-Charas-Hash-Online.jpg\",\"datePublished\":\"2022-02-20T14:04:42+00:00\",\"dateModified\":\"2022-03-20T12:37:30+00:00\",\"description\":\"Pirkite Charas Hash pardavimui JK, Europoje internetu pigiai su pristatymu visame pasaulyje. Tai i\u0161skirtinis ir tvirtas koncentratas, kuris labai gerai mal\u0161ina skausm\u0105, nerim\u0105 ir pykinim\u0105.\",\"breadcrumb\":{\"@id\":\"https:\\\/\\\/medicinasinc.com\\\/lt\\\/product\\\/pirk-charas-hash\\\/#breadcrumb\"},\"inLanguage\":\"en-US\",\"potentialAction\":[{\"@type\":\"ReadAction\",\"target\":[\"https:\\\/\\\/medicinasinc.com\\\/lt\\\/product\\\/pirk-charas-hash\\\/\"]}]},{\"@type\":\"ImageObject\",\"inLanguage\":\"en-US\",\"@id\":\"https:\\\/\\\/medicinasinc.com\\\/lt\\\/product\\\/pirk-charas-hash\\\/#primaryimage\",\"url\":\"https:\\\/\\\/medicinasinc.com\\\/lt\\\/wp-content\\\/uploads\\\/sites\\\/9\\\/2022\\\/02\\\/Buy-Charas-Hash-Online.jpg\",\"contentUrl\":\"https:\\\/\\\/medicinasinc.com\\\/lt\\\/wp-content\\\/uploads\\\/sites\\\/9\\\/2022\\\/02\\\/Buy-Charas-Hash-Online.jpg\",\"width\":600,\"height\":600},{\"@type\":\"BreadcrumbList\",\"@id\":\"https:\\\/\\\/medicinasinc.com\\\/lt\\\/product\\\/pirk-charas-hash\\\/#breadcrumb\",\"itemListElement\":[{\"@type\":\"ListItem\",\"position\":1,\"name\":\"Parduotuv\u0117\",\"item\":\"https:\\\/\\\/medicinasinc.com\\\/lt\\\/parduotuve\\\/\"},{\"@type\":\"ListItem\",\"position\":2,\"name\":\"Pirkite Charas Hash\"}]},{\"@type\":\"WebSite\",\"@id\":\"https:\\\/\\\/medicinasinc.com\\\/lt\\\/#website\",\"url\":\"https:\\\/\\\/medicinasinc.com\\\/lt\\\/\",\"name\":\"Medicinas Inc\",\"description\":\"Sveikatos medicinos klinika\",\"potentialAction\":[{\"@type\":\"SearchAction\",\"target\":{\"@type\":\"EntryPoint\",\"urlTemplate\":\"https:\\\/\\\/medicinasinc.com\\\/lt\\\/?s={search_term_string}\"},\"query-input\":{\"@type\":\"PropertyValueSpecification\",\"valueRequired\":true,\"valueName\":\"search_term_string\"}}],\"inLanguage\":\"en-US\"}]}<\/script>\n<!-- \/ Yoast SEO plugin. -->","yoast_head_json":{"title":"Pirkite Charas Hash \u2013 geriausius pasaulinius vaistus","description":"Pirkite Charas Hash pardavimui JK, Europoje internetu pigiai su pristatymu visame pasaulyje. Tai i\u0161skirtinis ir tvirtas koncentratas, kuris labai gerai mal\u0161ina skausm\u0105, nerim\u0105 ir pykinim\u0105.","robots":{"index":"index","follow":"follow","max-snippet":"max-snippet:-1","max-image-preview":"max-image-preview:large","max-video-preview":"max-video-preview:-1"},"canonical":"https:\/\/medicinasinc.com\/lt\/product\/pirk-charas-hash\/","og_locale":"en_US","og_type":"article","og_title":"Pirkite Charas Hash \u2013 geriausius pasaulinius vaistus","og_description":"Pirkite Charas Hash pardavimui JK, Europoje internetu pigiai su pristatymu visame pasaulyje. Tai i\u0161skirtinis ir tvirtas koncentratas, kuris labai gerai mal\u0161ina skausm\u0105, nerim\u0105 ir pykinim\u0105.","og_url":"https:\/\/medicinasinc.com\/lt\/product\/pirk-charas-hash\/","og_site_name":"Medicinas Inc","article_modified_time":"2022-03-20T12:37:30+00:00","og_image":[{"width":600,"height":600,"url":"https:\/\/medicinasinc.com\/lt\/wp-content\/uploads\/sites\/9\/2022\/02\/Buy-Charas-Hash-Online.jpg","type":"image\/jpeg"}],"twitter_card":"summary_large_image","twitter_misc":{"Est. reading time":"1 minute"},"schema":{"@context":"https:\/\/schema.org","@graph":[{"@type":"WebPage","@id":"https:\/\/medicinasinc.com\/lt\/product\/pirk-charas-hash\/","url":"https:\/\/medicinasinc.com\/lt\/product\/pirk-charas-hash\/","name":"Pirkite Charas Hash \u2013 geriausius pasaulinius vaistus","isPartOf":{"@id":"https:\/\/medicinasinc.com\/lt\/#website"},"primaryImageOfPage":{"@id":"https:\/\/medicinasinc.com\/lt\/product\/pirk-charas-hash\/#primaryimage"},"image":{"@id":"https:\/\/medicinasinc.com\/lt\/product\/pirk-charas-hash\/#primaryimage"},"thumbnailUrl":"https:\/\/medicinasinc.com\/lt\/wp-content\/uploads\/sites\/9\/2022\/02\/Buy-Charas-Hash-Online.jpg","datePublished":"2022-02-20T14:04:42+00:00","dateModified":"2022-03-20T12:37:30+00:00","description":"Pirkite Charas Hash pardavimui JK, Europoje internetu pigiai su pristatymu visame pasaulyje. Tai i\u0161skirtinis ir tvirtas koncentratas, kuris labai gerai mal\u0161ina skausm\u0105, nerim\u0105 ir pykinim\u0105.","breadcrumb":{"@id":"https:\/\/medicinasinc.com\/lt\/product\/pirk-charas-hash\/#breadcrumb"},"inLanguage":"en-US","potentialAction":[{"@type":"ReadAction","target":["https:\/\/medicinasinc.com\/lt\/product\/pirk-charas-hash\/"]}]},{"@type":"ImageObject","inLanguage":"en-US","@id":"https:\/\/medicinasinc.com\/lt\/product\/pirk-charas-hash\/#primaryimage","url":"https:\/\/medicinasinc.com\/lt\/wp-content\/uploads\/sites\/9\/2022\/02\/Buy-Charas-Hash-Online.jpg","contentUrl":"https:\/\/medicinasinc.com\/lt\/wp-content\/uploads\/sites\/9\/2022\/02\/Buy-Charas-Hash-Online.jpg","width":600,"height":600},{"@type":"BreadcrumbList","@id":"https:\/\/medicinasinc.com\/lt\/product\/pirk-charas-hash\/#breadcrumb","itemListElement":[{"@type":"ListItem","position":1,"name":"Parduotuv\u0117","item":"https:\/\/medicinasinc.com\/lt\/parduotuve\/"},{"@type":"ListItem","position":2,"name":"Pirkite Charas Hash"}]},{"@type":"WebSite","@id":"https:\/\/medicinasinc.com\/lt\/#website","url":"https:\/\/medicinasinc.com\/lt\/","name":"Medicinas Inc","description":"Sveikatos medicinos klinika","potentialAction":[{"@type":"SearchAction","target":{"@type":"EntryPoint","urlTemplate":"https:\/\/medicinasinc.com\/lt\/?s={search_term_string}"},"query-input":{"@type":"PropertyValueSpecification","valueRequired":true,"valueName":"search_term_string"}}],"inLanguage":"en-US"}]}},"_links":{"self":[{"href":"https:\/\/medicinasinc.com\/lt\/wp-json\/wp\/v2\/product\/4635","targetHints":{"allow":["GET"]}}],"collection":[{"href":"https:\/\/medicinasinc.com\/lt\/wp-json\/wp\/v2\/product"}],"about":[{"href":"https:\/\/medicinasinc.com\/lt\/wp-json\/wp\/v2\/types\/product"}],"replies":[{"embeddable":true,"href":"https:\/\/medicinasinc.com\/lt\/wp-json\/wp\/v2\/comments?post=4635"}],"wp:featuredmedia":[{"embeddable":true,"href":"https:\/\/medicinasinc.com\/lt\/wp-json\/wp\/v2\/media\/4649"}],"wp:attachment":[{"href":"https:\/\/medicinasinc.com\/lt\/wp-json\/wp\/v2\/media?parent=4635"}],"wp:term":[{"taxonomy":"product_brand","embeddable":true,"href":"https:\/\/medicinasinc.com\/lt\/wp-json\/wp\/v2\/product_brand?post=4635"},{"taxonomy":"product_cat","embeddable":true,"href":"https:\/\/medicinasinc.com\/lt\/wp-json\/wp\/v2\/product_cat?post=4635"},{"taxonomy":"product_tag","embeddable":true,"href":"https:\/\/medicinasinc.com\/lt\/wp-json\/wp\/v2\/product_tag?post=4635"}],"curies":[{"name":"wp","href":"https:\/\/api.w.org\/{rel}","templated":true}]}}