{"id":4627,"date":"2022-02-20T13:57:00","date_gmt":"2022-02-20T13:57:00","guid":{"rendered":"https:\/\/medicinasinc.com\/lt\/?post_type=product&#038;p=4627"},"modified":"2022-03-20T12:37:47","modified_gmt":"2022-03-20T12:37:47","slug":"pirkti-bc-hash","status":"publish","type":"product","link":"https:\/\/medicinasinc.com\/lt\/product\/pirkti-bc-hash\/","title":{"rendered":"Pirkite BC Hash"},"content":{"rendered":"<div class=\"woocommerce-tabs wc-tabs-wrapper\">\n<div id=\"tab-description\" class=\"woocommerce-Tabs-panel woocommerce-Tabs-panel--description panel entry-content wc-tab\" role=\"tabpanel\" aria-labelledby=\"tab-title-description\">\n<p>BC-Hash galima \u012fsigyti internetu.<\/p>\n<p>Ar nor\u0117tum\u0117te \u0161iandien i\u0161bandyti k\u0105 nors naujo? Rekomenduojame i\u0161bandyti \u0161\u012f auk\u0161tos kokyb\u0117s mai\u0161\u0105, kuris yra populiarus tiek tarp pradedan\u010di\u0173j\u0173, tiek tarp patyrusi\u0173 marihuanos vartotoj\u0173. BC-Hash galima \u012fsigyti internetu.<\/p>\n<p>BC Hash turi ry\u0161k\u0173 pu\u0161\u0173 aromat\u0105 ir skon\u012f.<\/p>\n<p>Nors daugelis \u017emoni\u0173 tikisi stipraus kvapo, i\u0161 tikr\u0173j\u0173 jis yra gana \u0161velnus, tod\u0117l \u0161is produktas taip pat gana prakti\u0161kas. Geriausia tai, kad pakilimas prasideda ne i\u0161 karto, tod\u0117l galite neskub\u0117ti ir tik\u0117tis, kad tai truks ilgai. Tai puikus pasirinkimas tiems, kurie nori dienos atsipalaiduoti, taip pat tiems, kurie nori kovoti su nerimu. Siun\u010diame \u012f Jungtines Amerikos Valstijas, Jungtin\u0119 Karalyst\u0119, Australij\u0105, Kanad\u0105 ir Europ\u0105, taip pat tarptautiniu mastu.<\/p>\n<\/p><\/div><\/div>\n","protected":false},"excerpt":{"rendered":"<p>Pirkite BC Hash pardavimui JK internetu geriausiu pasauliniu netvarka. U\u017esisakykite mai\u0161os naftos produktus ir BC mai\u0161\u0105. Pirkite weed internetu \u010dia ir gaukite greit\u0105 pristatym\u0105 \u012f bet kuri\u0105 Europos, JK strong&gt;<\/li>\n<li><strong>Susisiekite su mumis<\/strong>\u00a0d\u0117l didesni\u0173 u\u017esakym\u0173<\/li>\n<\/ul>\n","protected":false},"featured_media":4639,"comment_status":"open","ping_status":"closed","template":"","meta":[],"product_brand":[],"product_cat":[610],"product_tag":[612,611,613,615,616,617,621,624,625,454,455,627,631,632,635,461,640,642,643,645,646,647,648,649,650,651,652,654,614,668,656,663,665,660,661,662,664,626,630,669,670,673,674,675,676,677,678,680,682,681,653,470,620,619,641,623,622,628,629,459,634,633,637,636,638,639,618,473,475,644,666,667,659,658,657,671,672,679,655],"class_list":{"0":"post-4627","1":"product","2":"type-product","3":"status-publish","4":"has-post-thumbnail","6":"product_cat-pirkite-hasisa-hasisa","7":"product_tag-usakymas-patu-420-jav","8":"product_tag-420-usakymas-patu-marihuana-usa","9":"product_tag-best-marijuana-online-shop-usa","10":"product_tag-buy-cannabis-oil-online","11":"product_tag-buy-cannabis-online-kuwait","12":"product_tag-buy-cannabis-online-malaysia","13":"product_tag-buy-hash-oil-online-australia","14":"product_tag-buy-kush-online","15":"product_tag-buy-kush-online-usa","16":"product_tag-buy-marijuana-edibles-online","17":"product_tag-buy-marijuana-online","18":"product_tag-buy-marijuana-online-australia","19":"product_tag-buy-marijuana-online-latin-american","20":"product_tag-buy-marijuana-online-malaysia","21":"product_tag-buy-marijuana-online-with-worldwide-shipping","22":"product_tag-buy-medical-marijuana-online","23":"product_tag-buy-moon-rocks-online","24":"product_tag-buy-shatter-wax-online","25":"product_tag-buy-thc-oil-online","26":"product_tag-buy-wax-online-with-worldwide-shipping","27":"product_tag-buy-weed-edibles-online","28":"product_tag-buy-weed-online-asia","29":"product_tag-buy-weed-online-australia","30":"product_tag-buy-weed-online-usa","31":"product_tag-buy-weed-online-with-worldwide-shipping","32":"product_tag-buy-weed-wax-online-with-worldwide-shipping","33":"product_tag-buying-marijuana-online-usa","34":"product_tag-california-dispensary-shipping-worldwide","35":"product_tag-geriausias-internetinis-dispanseris","36":"product_tag-internetinis-dispanseris-siuntimas-usa","37":"product_tag-legali-marihuana-parduodama-usa","38":"product_tag-mail-order-weed-online-with-worldwide-shipping","39":"product_tag-marihuana-online-usa","40":"product_tag-marihuanos-usakymas-patu-internetu","41":"product_tag-u-c5-besakymas-pa-c5-a1tu-marihuana-online-usa","42":"product_tag-marihuanos-usakymas-patu-internetu-su-siuntimu-visame-pasaulyje","43":"product_tag-marijuana-for-sale-usa","44":"product_tag-pirk-legal-weed-internetu","45":"product_tag-pirkite-marihuan-internetu-diskretika-pakuot","46":"product_tag-online-dispensary-shipping-worldwide","47":"product_tag-online-dispensary-shipping-worldwide-reviews","48":"product_tag-order-marijuana-online-europe","49":"product_tag-order-marijuana-online-france","50":"product_tag-order-marijuana-online-usa","51":"product_tag-order-marijuana-online-world-wide-shipping","52":"product_tag-order-shatter-online-usa","53":"product_tag-order-weed-online","54":"product_tag-ordering-weed-online-in-usa","55":"product_tag-pasaulin-kanapi-internetin-parduotuv","56":"product_tag-weed-for-sale-online-usa","57":"product_tag-pirkimas-piktols-internete-usa-apvalgos","58":"product_tag-pirkti-oles-internetu","59":"product_tag-pirkti-dabs-usakymas-patu","60":"product_tag-pirkti-dabs-online","61":"product_tag-pirkti-i-anksto-valcuotas-jungtis-internetu","62":"product_tag-pirkti-high-thc-kanapi-c5-b3-aliej-c5-b3-internetu","63":"product_tag-pirkti-hash-online-uk","64":"product_tag-pirkite-marihuan-internetu-brazilija","65":"product_tag-pirkti-marihuan-internetu-ca","66":"product_tag-pirkite-marihuan-internetu-jav","67":"product_tag-pirkti-marihuan-internetu-uk","68":"product_tag-pirkti-marihuan-internetu-middle-rytai","69":"product_tag-pirkite-marihuan-shatterwax-online-su-pristatymu-visame-pasaulyje","70":"product_tag-pirkite-marihuan-susmulkinkite-vak-internetu-su-pristatymu-visame-pasaulyje","71":"product_tag-pirk-marihuana-vakas-internete-australija","72":"product_tag-pirkti-marihuan-vak-online-uk","73":"product_tag-pirkite-pigiai-weed-online-usa","74":"product_tag-pirk-piktol-internetu-europe","75":"product_tag-pirkite-weed-online-uk","76":"product_tag-pirkti-thc-wax-online","77":"product_tag-internetinis-dispanserinis-siuntimas","78":"product_tag-online-dispansary-shipping-uk","79":"product_tag-legit-online-dispansary-shipping-wide","80":"product_tag-legit-online-dispansary-shipping-usa","81":"product_tag-teistas-internetinis-dispanseris","82":"product_tag-order-kush-online-usa","83":"product_tag-in-c5-besisakyti-marihuana-c4-85-internetas","84":"product_tag-order-weed-online-usa","85":"product_tag-valgomieji-pristatymas-visame-pasaulyje","87":"first","88":"instock","89":"shipping-taxable","90":"purchasable","91":"product-type-variable","92":"has-default-attributes"},"yoast_head":"<!-- This site is optimized with the Yoast SEO plugin v27.3 - https:\/\/yoast.com\/product\/yoast-seo-wordpress\/ -->\n<title>Pirkite \u201eBC Hash\u201c internetu \u2013 geriausius pasaulinius vaistus<\/title>\n<meta name=\"description\" content=\"Pirkite BC Hash pardavimui JK internetu geriausiu pasauliniu netvarka. U\u017esisakykite mai\u0161os naftos produktus ir BC mai\u0161\u0105. Pirkite weed internetu \u010dia ir gaukite greit\u0105 pristatym\u0105 bet kurioje Europos vietoje, JK.\" \/>\n<meta name=\"robots\" content=\"index, follow, max-snippet:-1, max-image-preview:large, max-video-preview:-1\" \/>\n<link rel=\"canonical\" href=\"https:\/\/medicinasinc.com\/lt\/product\/pirkti-bc-hash\/\" \/>\n<meta property=\"og:locale\" content=\"en_US\" \/>\n<meta property=\"og:type\" content=\"article\" \/>\n<meta property=\"og:title\" content=\"Pirkite \u201eBC Hash\u201c internetu \u2013 geriausius pasaulinius vaistus\" \/>\n<meta property=\"og:description\" content=\"Pirkite BC Hash pardavimui JK internetu geriausiu pasauliniu netvarka. U\u017esisakykite mai\u0161os naftos produktus ir BC mai\u0161\u0105. Pirkite weed internetu \u010dia ir gaukite greit\u0105 pristatym\u0105 bet kurioje Europos vietoje, JK.\" \/>\n<meta property=\"og:url\" content=\"https:\/\/medicinasinc.com\/lt\/product\/pirkti-bc-hash\/\" \/>\n<meta property=\"og:site_name\" content=\"Medicinas Inc\" \/>\n<meta property=\"article:modified_time\" content=\"2022-03-20T12:37:47+00:00\" \/>\n<meta property=\"og:image\" content=\"https:\/\/medicinasinc.com\/lt\/wp-content\/uploads\/sites\/9\/2022\/02\/Buy-BC-Hash.jpg\" \/>\n\t<meta property=\"og:image:width\" content=\"600\" \/>\n\t<meta property=\"og:image:height\" content=\"600\" \/>\n\t<meta property=\"og:image:type\" content=\"image\/jpeg\" \/>\n<meta name=\"twitter:card\" content=\"summary_large_image\" \/>\n<meta name=\"twitter:label1\" content=\"Est. reading time\" \/>\n\t<meta name=\"twitter:data1\" content=\"1 minute\" \/>\n<script type=\"application\/ld+json\" class=\"yoast-schema-graph\">{\"@context\":\"https:\\\/\\\/schema.org\",\"@graph\":[{\"@type\":\"WebPage\",\"@id\":\"https:\\\/\\\/medicinasinc.com\\\/lt\\\/product\\\/pirkti-bc-hash\\\/\",\"url\":\"https:\\\/\\\/medicinasinc.com\\\/lt\\\/product\\\/pirkti-bc-hash\\\/\",\"name\":\"Pirkite \u201eBC Hash\u201c internetu \u2013 geriausius pasaulinius vaistus\",\"isPartOf\":{\"@id\":\"https:\\\/\\\/medicinasinc.com\\\/lt\\\/#website\"},\"primaryImageOfPage\":{\"@id\":\"https:\\\/\\\/medicinasinc.com\\\/lt\\\/product\\\/pirkti-bc-hash\\\/#primaryimage\"},\"image\":{\"@id\":\"https:\\\/\\\/medicinasinc.com\\\/lt\\\/product\\\/pirkti-bc-hash\\\/#primaryimage\"},\"thumbnailUrl\":\"https:\\\/\\\/medicinasinc.com\\\/lt\\\/wp-content\\\/uploads\\\/sites\\\/9\\\/2022\\\/02\\\/Buy-BC-Hash.jpg\",\"datePublished\":\"2022-02-20T13:57:00+00:00\",\"dateModified\":\"2022-03-20T12:37:47+00:00\",\"description\":\"Pirkite BC Hash pardavimui JK internetu geriausiu pasauliniu netvarka. U\u017esisakykite mai\u0161os naftos produktus ir BC mai\u0161\u0105. Pirkite weed internetu \u010dia ir gaukite greit\u0105 pristatym\u0105 bet kurioje Europos vietoje, JK.\",\"breadcrumb\":{\"@id\":\"https:\\\/\\\/medicinasinc.com\\\/lt\\\/product\\\/pirkti-bc-hash\\\/#breadcrumb\"},\"inLanguage\":\"en-US\",\"potentialAction\":[{\"@type\":\"ReadAction\",\"target\":[\"https:\\\/\\\/medicinasinc.com\\\/lt\\\/product\\\/pirkti-bc-hash\\\/\"]}]},{\"@type\":\"ImageObject\",\"inLanguage\":\"en-US\",\"@id\":\"https:\\\/\\\/medicinasinc.com\\\/lt\\\/product\\\/pirkti-bc-hash\\\/#primaryimage\",\"url\":\"https:\\\/\\\/medicinasinc.com\\\/lt\\\/wp-content\\\/uploads\\\/sites\\\/9\\\/2022\\\/02\\\/Buy-BC-Hash.jpg\",\"contentUrl\":\"https:\\\/\\\/medicinasinc.com\\\/lt\\\/wp-content\\\/uploads\\\/sites\\\/9\\\/2022\\\/02\\\/Buy-BC-Hash.jpg\",\"width\":600,\"height\":600},{\"@type\":\"BreadcrumbList\",\"@id\":\"https:\\\/\\\/medicinasinc.com\\\/lt\\\/product\\\/pirkti-bc-hash\\\/#breadcrumb\",\"itemListElement\":[{\"@type\":\"ListItem\",\"position\":1,\"name\":\"Parduotuv\u0117\",\"item\":\"https:\\\/\\\/medicinasinc.com\\\/lt\\\/parduotuve\\\/\"},{\"@type\":\"ListItem\",\"position\":2,\"name\":\"Pirkite BC Hash\"}]},{\"@type\":\"WebSite\",\"@id\":\"https:\\\/\\\/medicinasinc.com\\\/lt\\\/#website\",\"url\":\"https:\\\/\\\/medicinasinc.com\\\/lt\\\/\",\"name\":\"Medicinas Inc\",\"description\":\"Sveikatos medicinos klinika\",\"potentialAction\":[{\"@type\":\"SearchAction\",\"target\":{\"@type\":\"EntryPoint\",\"urlTemplate\":\"https:\\\/\\\/medicinasinc.com\\\/lt\\\/?s={search_term_string}\"},\"query-input\":{\"@type\":\"PropertyValueSpecification\",\"valueRequired\":true,\"valueName\":\"search_term_string\"}}],\"inLanguage\":\"en-US\"}]}<\/script>\n<!-- \/ Yoast SEO plugin. -->","yoast_head_json":{"title":"Pirkite \u201eBC Hash\u201c internetu \u2013 geriausius pasaulinius vaistus","description":"Pirkite BC Hash pardavimui JK internetu geriausiu pasauliniu netvarka. U\u017esisakykite mai\u0161os naftos produktus ir BC mai\u0161\u0105. Pirkite weed internetu \u010dia ir gaukite greit\u0105 pristatym\u0105 bet kurioje Europos vietoje, JK.","robots":{"index":"index","follow":"follow","max-snippet":"max-snippet:-1","max-image-preview":"max-image-preview:large","max-video-preview":"max-video-preview:-1"},"canonical":"https:\/\/medicinasinc.com\/lt\/product\/pirkti-bc-hash\/","og_locale":"en_US","og_type":"article","og_title":"Pirkite \u201eBC Hash\u201c internetu \u2013 geriausius pasaulinius vaistus","og_description":"Pirkite BC Hash pardavimui JK internetu geriausiu pasauliniu netvarka. U\u017esisakykite mai\u0161os naftos produktus ir BC mai\u0161\u0105. Pirkite weed internetu \u010dia ir gaukite greit\u0105 pristatym\u0105 bet kurioje Europos vietoje, JK.","og_url":"https:\/\/medicinasinc.com\/lt\/product\/pirkti-bc-hash\/","og_site_name":"Medicinas Inc","article_modified_time":"2022-03-20T12:37:47+00:00","og_image":[{"width":600,"height":600,"url":"https:\/\/medicinasinc.com\/lt\/wp-content\/uploads\/sites\/9\/2022\/02\/Buy-BC-Hash.jpg","type":"image\/jpeg"}],"twitter_card":"summary_large_image","twitter_misc":{"Est. reading time":"1 minute"},"schema":{"@context":"https:\/\/schema.org","@graph":[{"@type":"WebPage","@id":"https:\/\/medicinasinc.com\/lt\/product\/pirkti-bc-hash\/","url":"https:\/\/medicinasinc.com\/lt\/product\/pirkti-bc-hash\/","name":"Pirkite \u201eBC Hash\u201c internetu \u2013 geriausius pasaulinius vaistus","isPartOf":{"@id":"https:\/\/medicinasinc.com\/lt\/#website"},"primaryImageOfPage":{"@id":"https:\/\/medicinasinc.com\/lt\/product\/pirkti-bc-hash\/#primaryimage"},"image":{"@id":"https:\/\/medicinasinc.com\/lt\/product\/pirkti-bc-hash\/#primaryimage"},"thumbnailUrl":"https:\/\/medicinasinc.com\/lt\/wp-content\/uploads\/sites\/9\/2022\/02\/Buy-BC-Hash.jpg","datePublished":"2022-02-20T13:57:00+00:00","dateModified":"2022-03-20T12:37:47+00:00","description":"Pirkite BC Hash pardavimui JK internetu geriausiu pasauliniu netvarka. U\u017esisakykite mai\u0161os naftos produktus ir BC mai\u0161\u0105. Pirkite weed internetu \u010dia ir gaukite greit\u0105 pristatym\u0105 bet kurioje Europos vietoje, JK.","breadcrumb":{"@id":"https:\/\/medicinasinc.com\/lt\/product\/pirkti-bc-hash\/#breadcrumb"},"inLanguage":"en-US","potentialAction":[{"@type":"ReadAction","target":["https:\/\/medicinasinc.com\/lt\/product\/pirkti-bc-hash\/"]}]},{"@type":"ImageObject","inLanguage":"en-US","@id":"https:\/\/medicinasinc.com\/lt\/product\/pirkti-bc-hash\/#primaryimage","url":"https:\/\/medicinasinc.com\/lt\/wp-content\/uploads\/sites\/9\/2022\/02\/Buy-BC-Hash.jpg","contentUrl":"https:\/\/medicinasinc.com\/lt\/wp-content\/uploads\/sites\/9\/2022\/02\/Buy-BC-Hash.jpg","width":600,"height":600},{"@type":"BreadcrumbList","@id":"https:\/\/medicinasinc.com\/lt\/product\/pirkti-bc-hash\/#breadcrumb","itemListElement":[{"@type":"ListItem","position":1,"name":"Parduotuv\u0117","item":"https:\/\/medicinasinc.com\/lt\/parduotuve\/"},{"@type":"ListItem","position":2,"name":"Pirkite BC Hash"}]},{"@type":"WebSite","@id":"https:\/\/medicinasinc.com\/lt\/#website","url":"https:\/\/medicinasinc.com\/lt\/","name":"Medicinas Inc","description":"Sveikatos medicinos klinika","potentialAction":[{"@type":"SearchAction","target":{"@type":"EntryPoint","urlTemplate":"https:\/\/medicinasinc.com\/lt\/?s={search_term_string}"},"query-input":{"@type":"PropertyValueSpecification","valueRequired":true,"valueName":"search_term_string"}}],"inLanguage":"en-US"}]}},"_links":{"self":[{"href":"https:\/\/medicinasinc.com\/lt\/wp-json\/wp\/v2\/product\/4627","targetHints":{"allow":["GET"]}}],"collection":[{"href":"https:\/\/medicinasinc.com\/lt\/wp-json\/wp\/v2\/product"}],"about":[{"href":"https:\/\/medicinasinc.com\/lt\/wp-json\/wp\/v2\/types\/product"}],"replies":[{"embeddable":true,"href":"https:\/\/medicinasinc.com\/lt\/wp-json\/wp\/v2\/comments?post=4627"}],"wp:featuredmedia":[{"embeddable":true,"href":"https:\/\/medicinasinc.com\/lt\/wp-json\/wp\/v2\/media\/4639"}],"wp:attachment":[{"href":"https:\/\/medicinasinc.com\/lt\/wp-json\/wp\/v2\/media?parent=4627"}],"wp:term":[{"taxonomy":"product_brand","embeddable":true,"href":"https:\/\/medicinasinc.com\/lt\/wp-json\/wp\/v2\/product_brand?post=4627"},{"taxonomy":"product_cat","embeddable":true,"href":"https:\/\/medicinasinc.com\/lt\/wp-json\/wp\/v2\/product_cat?post=4627"},{"taxonomy":"product_tag","embeddable":true,"href":"https:\/\/medicinasinc.com\/lt\/wp-json\/wp\/v2\/product_tag?post=4627"}],"curies":[{"name":"wp","href":"https:\/\/api.w.org\/{rel}","templated":true}]}}