{"id":4609,"date":"2022-02-20T13:44:35","date_gmt":"2022-02-20T13:44:35","guid":{"rendered":"https:\/\/medicinasinc.com\/lt\/?post_type=product&#038;p=4609"},"modified":"2022-03-20T12:38:10","modified_gmt":"2022-03-20T12:38:10","slug":"pirk-tikras-zalias-obuolys-ecstasy-tabletes","status":"publish","type":"product","link":"https:\/\/medicinasinc.com\/lt\/product\/pirk-tikras-zalias-obuolys-ecstasy-tabletes\/","title":{"rendered":"Pirkite tikr\u0173 \u017eali\u0173j\u0173 obuoli\u0173 ekstazio tabletes"},"content":{"rendered":"<p>Pirkite autenti\u0161k\u0105 \u017eali\u0173j\u0173 obuoli\u0173 ekstaz\u012f internetu.<\/p>\n<p>Esu tikras, kad esate gerai \u017einomas d\u0117l \u0161ios aksiomos. \u201eObuolys per dien\u0105 atbaido specialist\u0105\u201c, \u2013 sako patarl\u0117. Atsi\u017evelgiant \u012f daugyb\u0119 naudos sveikatai, susijusios su obuoli\u0173 valgymu, \u0161is mitybos posakis gali b\u016bti ne per daug nutol\u0119s. \u0160tai keletas naudos sveikatai, susijusios su \u017eali\u0173 obuoli\u0173 valgymu.<\/p>\n<p>\u012erodyta, kad obuoli\u0173 vartojimas pagerina \u0161irdies sveikat\u0105 ir suma\u017eina \u0161irdies ir kraujagysli\u0173 lig\u0173 rizik\u0105.<\/p>\n<p>Tikslus mechanizmas kurie obuoliai gerina \u0161irdies sveikat\u0105, yra pain\u016bs. Vienas i\u0161 galim\u0173 paai\u0161kinim\u0173 yra tas, kad obuoliuose yra daug maistini\u0173 skaidul\u0173, kurios buvo susijusios su MTL cholesterolio kiekio ma\u017einimu.<\/p>\n<p>Suma\u017einkite rizik\u0105 susirgti 2 tipo diabetu<\/p>\n<p>Vartokite tik Remiantis vienu tyrimu, keli \u017eali obuoliai per savait\u0119 gali suma\u017einti rizik\u0105 susirgti 2 tipo diabetu; ta\u010diau reik\u0117t\u0173 atlikti papildomus tyrimus. Vis dar ne\u017einoma, ar \u017ealiuose obuoliuose esantys junginiai padeda \u017emon\u0117ms valdyti diabeto simptomus.<\/p>\n<p>Kadangi \u017ealias obuolys turi daug privalum\u0173, \u017eali\u0173 obuoli\u0173 tablet\u0117s taip pat turi daugyb\u0119 privalum\u0173. Tur\u0117tume diskutuoti apie \u017eali\u0173j\u0173 obuoli\u0173 tabletes.<br \/> Jei kar\u0161t\u0105 vasaros dien\u0105 m\u0117gstate gerti \u0161vie\u017eias obuoli\u0173 sultis, \u017ealios ir obuoli\u0173 tablet\u0117s keliais \u017eingsniais padidins j\u016bs\u0173 patirt\u012f ir pasitenkinim\u0105. Pagaminta Va\u0161ingtone su \u017eali\u0173 obuoli\u0173 tablet\u0117mis, grup\u0117 \u012f \u0161ias tabletes \u012fpyl\u0117 geriausi\u0173 valstijoje esan\u010di\u0173 kanapi\u0173.<\/p>\n<p>Dozavimo po\u017ei\u016briu THC gali b\u016bti sunku sudeginti, ypa\u010d jei laikikliai n\u0117ra itin gerai pa\u017eym\u0117ti. \u201eGreen Apple\u201c tablet\u0117s visa tai pakeit\u0117, nes dabar jos si\u016blo tris skirtingus garsiojo 12 uncij\u0173 mi\u0161inio \u012fvairaus stiprumo atmainas. Reik\u0161mingi \u017eaid\u0117jai \u012fvertins j\u0173 labiausiai pagr\u012fst\u0105 mi\u0161in\u012f, kuriame yra 100 mg 12 uncij\u0173.<\/p>\n<p>D\u0117l to, kad \u017eali\u0173j\u0173 obuoli\u0173 tablet\u0117se kanap\u0117s yra \u012ftrauktos nauju b\u016bdu, klientai nejau\u010dia pikt\u017eoli\u0173 kvapo ar skonio, tod\u0117l jie idealiai tinka asmenims, norintiems pasiekti auk\u0161t\u0105 lyg\u012f, bet negalintiems pereiti prie kit\u0173 table\u010di\u0173 tipo. Be to, kanapi\u0173 vartojimas prisideda prie sveikesnio gyvenimo b\u016bdo skatinimo, nes \u017eied\u0173 ar gar\u0173 d\u016bmai po kurio laiko gali tapti kenksmingi. \u017dalio obuolio piliul\u0117 yra naudinga vienerius metus ir joje yra ma\u017eai kalorij\u0173, tod\u0117l vienintelis dalykas, d\u0117l kurio reikia nerimauti, yra susilaikymas nuo maisto i\u0161g\u0117rus vaistus.<\/p>\n<table style=\"height: 104px\" width=\"508\">\n<tbody>\n<tr>\n<th><span style=\"font-weight: 400\">Spalva:<\/span><\/th>\n<td>\u017dalia<\/td>\n<\/tr>\n<tr>\n<th> <span style=\"font-weight: 400\">Dydis:<\/span><\/th>\n<td>279 mg<\/td>\n<\/tr>\n<\/tbody>\n<\/table>\n","protected":false},"excerpt":{"rendered":"<div class=\"woocommerce-product-details__short-description\">\n<p>Pirkite realias \u017eali\u0105sias obuoli\u0173 ekstazio tabletes internetu JK, Europoje geriausiomis kainomis i\u0161 geriausio patikimo MDMA pardav\u0117jo. Garantuojame diskreti\u0161k\u0105 ir saug\u0173 pristatym\u0105 visame pasaulyje<\/p>\n<p><strong>Ma\u017eiausias u\u017esakymas<\/strong><strong> yra 50 table\u010di\u0173.<\/strong><\/p>\n<\/p><\/div>\n","protected":false},"featured_media":4620,"comment_status":"open","ping_status":"closed","template":"","meta":[],"product_brand":[],"product_cat":[498],"product_tag":[596,600,601,602,603,607,608,609,594,593,595,606,599,604,605,598,597],"class_list":{"0":"post-4609","1":"product","2":"type-product","3":"status-publish","4":"has-post-thumbnail","6":"product_cat-pirkti-ecstasy-tabletes","7":"product_tag-e-pill-roin","8":"product_tag-green-apple-logo","9":"product_tag-green-apple-pills","10":"product_tag-green-ecstasy-pill","11":"product_tag-green-extacy-pills","12":"product_tag-green-rolex-pill-report","13":"product_tag-green-tablet-pill","14":"product_tag-maos-alios-tablets","15":"product_tag-obuoli-c5-b3-ecstasy","16":"product_tag-obuolys-narkotikas","17":"product_tag-obuoli-tabletes","18":"product_tag-alia-rolex-pill","19":"product_tag-alias-obuolis-ekstazis","20":"product_tag-alios-tablets","21":"product_tag-alios-tablets-vaistai","22":"product_tag-alias-obuolys-narkotikai","23":"product_tag-alias-obuolys-narkotikas","25":"first","26":"instock","27":"shipping-taxable","28":"purchasable","29":"product-type-variable","30":"has-default-attributes"},"yoast_head":"<!-- This site is optimized with the Yoast SEO plugin v27.3 - https:\/\/yoast.com\/product\/yoast-seo-wordpress\/ -->\n<title>Pirkite tikr\u0173 \u017eali\u0173 obuoli\u0173 ekstazio tabletes internetu \u2013 geriausi pasaulyje vaistai<\/title>\n<meta name=\"description\" content=\"Pirkite Real Green Apple ekstazio tabletes internetu JK, Europoje geriausiomis kainomis i\u0161 geriausio patikimo MDMA pardav\u0117jo, garantuojame diskreti\u0161k\u0105 ir saug\u0173 pristatym\u0105 visame pasaulyje.\" \/>\n<meta name=\"robots\" content=\"index, follow, max-snippet:-1, max-image-preview:large, max-video-preview:-1\" \/>\n<link rel=\"canonical\" href=\"https:\/\/medicinasinc.com\/lt\/product\/pirk-tikras-zalias-obuolys-ecstasy-tabletes\/\" \/>\n<meta property=\"og:locale\" content=\"en_US\" \/>\n<meta property=\"og:type\" content=\"article\" \/>\n<meta property=\"og:title\" content=\"Pirkite tikr\u0173 \u017eali\u0173 obuoli\u0173 ekstazio tabletes internetu \u2013 geriausi pasaulyje vaistai\" \/>\n<meta property=\"og:description\" content=\"Pirkite Real Green Apple ekstazio tabletes internetu JK, Europoje geriausiomis kainomis i\u0161 geriausio patikimo MDMA pardav\u0117jo, garantuojame diskreti\u0161k\u0105 ir saug\u0173 pristatym\u0105 visame pasaulyje.\" \/>\n<meta property=\"og:url\" content=\"https:\/\/medicinasinc.com\/lt\/product\/pirk-tikras-zalias-obuolys-ecstasy-tabletes\/\" \/>\n<meta property=\"og:site_name\" content=\"Medicinas Inc\" \/>\n<meta property=\"article:modified_time\" content=\"2022-03-20T12:38:10+00:00\" \/>\n<meta property=\"og:image\" content=\"https:\/\/medicinasinc.com\/lt\/wp-content\/uploads\/sites\/9\/2022\/02\/order-real-green-apple-ecstasy-pills-online.jpg\" \/>\n\t<meta property=\"og:image:width\" content=\"600\" \/>\n\t<meta property=\"og:image:height\" content=\"600\" \/>\n\t<meta property=\"og:image:type\" content=\"image\/jpeg\" \/>\n<meta name=\"twitter:card\" content=\"summary_large_image\" \/>\n<meta name=\"twitter:label1\" content=\"Est. reading time\" \/>\n\t<meta name=\"twitter:data1\" content=\"2 minutes\" \/>\n<script type=\"application\/ld+json\" class=\"yoast-schema-graph\">{\"@context\":\"https:\\\/\\\/schema.org\",\"@graph\":[{\"@type\":\"WebPage\",\"@id\":\"https:\\\/\\\/medicinasinc.com\\\/lt\\\/product\\\/pirk-tikras-zalias-obuolys-ecstasy-tabletes\\\/\",\"url\":\"https:\\\/\\\/medicinasinc.com\\\/lt\\\/product\\\/pirk-tikras-zalias-obuolys-ecstasy-tabletes\\\/\",\"name\":\"Pirkite tikr\u0173 \u017eali\u0173 obuoli\u0173 ekstazio tabletes internetu \u2013 geriausi pasaulyje vaistai\",\"isPartOf\":{\"@id\":\"https:\\\/\\\/medicinasinc.com\\\/lt\\\/#website\"},\"primaryImageOfPage\":{\"@id\":\"https:\\\/\\\/medicinasinc.com\\\/lt\\\/product\\\/pirk-tikras-zalias-obuolys-ecstasy-tabletes\\\/#primaryimage\"},\"image\":{\"@id\":\"https:\\\/\\\/medicinasinc.com\\\/lt\\\/product\\\/pirk-tikras-zalias-obuolys-ecstasy-tabletes\\\/#primaryimage\"},\"thumbnailUrl\":\"https:\\\/\\\/medicinasinc.com\\\/lt\\\/wp-content\\\/uploads\\\/sites\\\/9\\\/2022\\\/02\\\/order-real-green-apple-ecstasy-pills-online.jpg\",\"datePublished\":\"2022-02-20T13:44:35+00:00\",\"dateModified\":\"2022-03-20T12:38:10+00:00\",\"description\":\"Pirkite Real Green Apple ekstazio tabletes internetu JK, Europoje geriausiomis kainomis i\u0161 geriausio patikimo MDMA pardav\u0117jo, garantuojame diskreti\u0161k\u0105 ir saug\u0173 pristatym\u0105 visame pasaulyje.\",\"breadcrumb\":{\"@id\":\"https:\\\/\\\/medicinasinc.com\\\/lt\\\/product\\\/pirk-tikras-zalias-obuolys-ecstasy-tabletes\\\/#breadcrumb\"},\"inLanguage\":\"en-US\",\"potentialAction\":[{\"@type\":\"ReadAction\",\"target\":[\"https:\\\/\\\/medicinasinc.com\\\/lt\\\/product\\\/pirk-tikras-zalias-obuolys-ecstasy-tabletes\\\/\"]}]},{\"@type\":\"ImageObject\",\"inLanguage\":\"en-US\",\"@id\":\"https:\\\/\\\/medicinasinc.com\\\/lt\\\/product\\\/pirk-tikras-zalias-obuolys-ecstasy-tabletes\\\/#primaryimage\",\"url\":\"https:\\\/\\\/medicinasinc.com\\\/lt\\\/wp-content\\\/uploads\\\/sites\\\/9\\\/2022\\\/02\\\/order-real-green-apple-ecstasy-pills-online.jpg\",\"contentUrl\":\"https:\\\/\\\/medicinasinc.com\\\/lt\\\/wp-content\\\/uploads\\\/sites\\\/9\\\/2022\\\/02\\\/order-real-green-apple-ecstasy-pills-online.jpg\",\"width\":600,\"height\":600},{\"@type\":\"BreadcrumbList\",\"@id\":\"https:\\\/\\\/medicinasinc.com\\\/lt\\\/product\\\/pirk-tikras-zalias-obuolys-ecstasy-tabletes\\\/#breadcrumb\",\"itemListElement\":[{\"@type\":\"ListItem\",\"position\":1,\"name\":\"Parduotuv\u0117\",\"item\":\"https:\\\/\\\/medicinasinc.com\\\/lt\\\/parduotuve\\\/\"},{\"@type\":\"ListItem\",\"position\":2,\"name\":\"Pirkite tikr\u0173 \u017eali\u0173j\u0173 obuoli\u0173 ekstazio tabletes\"}]},{\"@type\":\"WebSite\",\"@id\":\"https:\\\/\\\/medicinasinc.com\\\/lt\\\/#website\",\"url\":\"https:\\\/\\\/medicinasinc.com\\\/lt\\\/\",\"name\":\"Medicinas Inc\",\"description\":\"Sveikatos medicinos klinika\",\"potentialAction\":[{\"@type\":\"SearchAction\",\"target\":{\"@type\":\"EntryPoint\",\"urlTemplate\":\"https:\\\/\\\/medicinasinc.com\\\/lt\\\/?s={search_term_string}\"},\"query-input\":{\"@type\":\"PropertyValueSpecification\",\"valueRequired\":true,\"valueName\":\"search_term_string\"}}],\"inLanguage\":\"en-US\"}]}<\/script>\n<!-- \/ Yoast SEO plugin. -->","yoast_head_json":{"title":"Pirkite tikr\u0173 \u017eali\u0173 obuoli\u0173 ekstazio tabletes internetu \u2013 geriausi pasaulyje vaistai","description":"Pirkite Real Green Apple ekstazio tabletes internetu JK, Europoje geriausiomis kainomis i\u0161 geriausio patikimo MDMA pardav\u0117jo, garantuojame diskreti\u0161k\u0105 ir saug\u0173 pristatym\u0105 visame pasaulyje.","robots":{"index":"index","follow":"follow","max-snippet":"max-snippet:-1","max-image-preview":"max-image-preview:large","max-video-preview":"max-video-preview:-1"},"canonical":"https:\/\/medicinasinc.com\/lt\/product\/pirk-tikras-zalias-obuolys-ecstasy-tabletes\/","og_locale":"en_US","og_type":"article","og_title":"Pirkite tikr\u0173 \u017eali\u0173 obuoli\u0173 ekstazio tabletes internetu \u2013 geriausi pasaulyje vaistai","og_description":"Pirkite Real Green Apple ekstazio tabletes internetu JK, Europoje geriausiomis kainomis i\u0161 geriausio patikimo MDMA pardav\u0117jo, garantuojame diskreti\u0161k\u0105 ir saug\u0173 pristatym\u0105 visame pasaulyje.","og_url":"https:\/\/medicinasinc.com\/lt\/product\/pirk-tikras-zalias-obuolys-ecstasy-tabletes\/","og_site_name":"Medicinas Inc","article_modified_time":"2022-03-20T12:38:10+00:00","og_image":[{"width":600,"height":600,"url":"https:\/\/medicinasinc.com\/lt\/wp-content\/uploads\/sites\/9\/2022\/02\/order-real-green-apple-ecstasy-pills-online.jpg","type":"image\/jpeg"}],"twitter_card":"summary_large_image","twitter_misc":{"Est. reading time":"2 minutes"},"schema":{"@context":"https:\/\/schema.org","@graph":[{"@type":"WebPage","@id":"https:\/\/medicinasinc.com\/lt\/product\/pirk-tikras-zalias-obuolys-ecstasy-tabletes\/","url":"https:\/\/medicinasinc.com\/lt\/product\/pirk-tikras-zalias-obuolys-ecstasy-tabletes\/","name":"Pirkite tikr\u0173 \u017eali\u0173 obuoli\u0173 ekstazio tabletes internetu \u2013 geriausi pasaulyje vaistai","isPartOf":{"@id":"https:\/\/medicinasinc.com\/lt\/#website"},"primaryImageOfPage":{"@id":"https:\/\/medicinasinc.com\/lt\/product\/pirk-tikras-zalias-obuolys-ecstasy-tabletes\/#primaryimage"},"image":{"@id":"https:\/\/medicinasinc.com\/lt\/product\/pirk-tikras-zalias-obuolys-ecstasy-tabletes\/#primaryimage"},"thumbnailUrl":"https:\/\/medicinasinc.com\/lt\/wp-content\/uploads\/sites\/9\/2022\/02\/order-real-green-apple-ecstasy-pills-online.jpg","datePublished":"2022-02-20T13:44:35+00:00","dateModified":"2022-03-20T12:38:10+00:00","description":"Pirkite Real Green Apple ekstazio tabletes internetu JK, Europoje geriausiomis kainomis i\u0161 geriausio patikimo MDMA pardav\u0117jo, garantuojame diskreti\u0161k\u0105 ir saug\u0173 pristatym\u0105 visame pasaulyje.","breadcrumb":{"@id":"https:\/\/medicinasinc.com\/lt\/product\/pirk-tikras-zalias-obuolys-ecstasy-tabletes\/#breadcrumb"},"inLanguage":"en-US","potentialAction":[{"@type":"ReadAction","target":["https:\/\/medicinasinc.com\/lt\/product\/pirk-tikras-zalias-obuolys-ecstasy-tabletes\/"]}]},{"@type":"ImageObject","inLanguage":"en-US","@id":"https:\/\/medicinasinc.com\/lt\/product\/pirk-tikras-zalias-obuolys-ecstasy-tabletes\/#primaryimage","url":"https:\/\/medicinasinc.com\/lt\/wp-content\/uploads\/sites\/9\/2022\/02\/order-real-green-apple-ecstasy-pills-online.jpg","contentUrl":"https:\/\/medicinasinc.com\/lt\/wp-content\/uploads\/sites\/9\/2022\/02\/order-real-green-apple-ecstasy-pills-online.jpg","width":600,"height":600},{"@type":"BreadcrumbList","@id":"https:\/\/medicinasinc.com\/lt\/product\/pirk-tikras-zalias-obuolys-ecstasy-tabletes\/#breadcrumb","itemListElement":[{"@type":"ListItem","position":1,"name":"Parduotuv\u0117","item":"https:\/\/medicinasinc.com\/lt\/parduotuve\/"},{"@type":"ListItem","position":2,"name":"Pirkite tikr\u0173 \u017eali\u0173j\u0173 obuoli\u0173 ekstazio tabletes"}]},{"@type":"WebSite","@id":"https:\/\/medicinasinc.com\/lt\/#website","url":"https:\/\/medicinasinc.com\/lt\/","name":"Medicinas Inc","description":"Sveikatos medicinos klinika","potentialAction":[{"@type":"SearchAction","target":{"@type":"EntryPoint","urlTemplate":"https:\/\/medicinasinc.com\/lt\/?s={search_term_string}"},"query-input":{"@type":"PropertyValueSpecification","valueRequired":true,"valueName":"search_term_string"}}],"inLanguage":"en-US"}]}},"_links":{"self":[{"href":"https:\/\/medicinasinc.com\/lt\/wp-json\/wp\/v2\/product\/4609","targetHints":{"allow":["GET"]}}],"collection":[{"href":"https:\/\/medicinasinc.com\/lt\/wp-json\/wp\/v2\/product"}],"about":[{"href":"https:\/\/medicinasinc.com\/lt\/wp-json\/wp\/v2\/types\/product"}],"replies":[{"embeddable":true,"href":"https:\/\/medicinasinc.com\/lt\/wp-json\/wp\/v2\/comments?post=4609"}],"wp:featuredmedia":[{"embeddable":true,"href":"https:\/\/medicinasinc.com\/lt\/wp-json\/wp\/v2\/media\/4620"}],"wp:attachment":[{"href":"https:\/\/medicinasinc.com\/lt\/wp-json\/wp\/v2\/media?parent=4609"}],"wp:term":[{"taxonomy":"product_brand","embeddable":true,"href":"https:\/\/medicinasinc.com\/lt\/wp-json\/wp\/v2\/product_brand?post=4609"},{"taxonomy":"product_cat","embeddable":true,"href":"https:\/\/medicinasinc.com\/lt\/wp-json\/wp\/v2\/product_cat?post=4609"},{"taxonomy":"product_tag","embeddable":true,"href":"https:\/\/medicinasinc.com\/lt\/wp-json\/wp\/v2\/product_tag?post=4609"}],"curies":[{"name":"wp","href":"https:\/\/api.w.org\/{rel}","templated":true}]}}