{"id":4592,"date":"2022-02-20T13:31:58","date_gmt":"2022-02-20T13:31:58","guid":{"rendered":"https:\/\/medicinasinc.com\/lt\/?post_type=product&#038;p=4592"},"modified":"2022-03-20T12:38:18","modified_gmt":"2022-03-20T12:38:18","slug":"pirkite-ecstasy-philipp-plein-blue-524-mg-mdma-pills","status":"publish","type":"product","link":"https:\/\/medicinasinc.com\/lt\/product\/pirkite-ecstasy-philipp-plein-blue-524-mg-mdma-pills\/","title":{"rendered":"Pirkite ekstazio \u2013 Philipp Plein Blue \u2013 524 mg MDMA tabletes"},"content":{"rendered":"<div class=\"woocommerce-tabs wc-tabs-wrapper\">\n<div id=\"tab-description\" class=\"woocommerce-Tabs-panel woocommerce-Tabs-panel--description panel entry-content wc-tab\" role=\"tabpanel\" aria-labelledby=\"tab-title-description\">\n<p>XTC-Philip Plein Blue-524 mg MDMA table\u010di\u0173 pirkimas internetu.<\/p>\n<p>\u2013 Philipp Plein 524MG suteikia i\u0161skirtin\u0119 patirt\u012f. Tai visi\u0161kai saugus ir higieni\u0161kas produktas. Puiki kokyb\u0117 u\u017e prieinam\u0105 kain\u0105. \u2013 Poveikis prasideda ma\u017edaug po 30 minu\u010di\u0173 ir trunka ma\u017edaug 6 valandas.<br \/> \u2013 Vienu metu vartokite pus\u0119 \u0161ios tablet\u0117s. Vartodami vaistus i\u0161gerkite pakankamai vandens.<\/p>\n<h1><a style=\"font-size: 16px\" href=\"https:\/\/merrydrug.com\/\">.<\/a><\/h1>\n<\/p><\/div><\/div>\n<div class=\"susij\u0119 produktai\"><\/div>\n","protected":false},"excerpt":{"rendered":"<div class=\"woocommerce-product-details__short-description\">\n<p>Pirkite Philipp Plein Blue- 524 Mg MDMA Jungtin\u0117je Karalyst\u0117je ir Europoje u\u017e geriausi\u0105 rinkos kain\u0105. Visi m\u016bs\u0173 produktai yra pagaminti i\u0161 nat\u016brali\u0173 ingredient\u0173, kuriuose n\u0117ra THC. Pateikite u\u017esakym\u0105 internetu dabar!<\/p>\n<p>Philipp Blue-524 yra ekstremalios vakar\u0117lio tablet\u0117s ir MDMA vaistas, pla\u010diai naudojamas Jungtin\u0117se Amerikos Valstijose ir Kor\u0117joje. Jo psichoaktyvios savyb\u0117s buvo atrastos XX a. \u0161e\u0161tojo de\u0161imtme\u010dio viduryje. Jei kas nors nori patirti itin auk\u0161t\u0105 lyg\u012f, jis nepaliks \u0161io gaminio j\u012f i\u0161band\u0119s. \u201ePhilip Blue\u201c taip pat naudojamas religin\u0117se ceremonijose ir daugel\u012f met\u0173 i\u0161liko auk\u0161tos kokyb\u0117s produktas, nes \u017emon\u0117s \u017eino apie jo naud\u0105 ir negali be jo gyventi.<\/p>\n<p>Asmenys persako tai d\u0117l stipraus poveikio ir greit\u0173 rezultat\u0173. D\u0117l savo veiksmingumo jis niekada nebus sand\u0117lyje ilg\u0105 laik\u0105.<\/p>\n<p>Philipp Plein Blue-524 table\u010di\u0173 pirkimas<\/p>\n<p>Ma\u017eiausias u\u017esakymo kiekis yra penkiasde\u0161imt table\u010di\u0173.<\/p>\n<p> &gt; <\/p><\/div>\n","protected":false},"featured_media":4605,"comment_status":"open","ping_status":"closed","template":"","meta":[],"product_brand":[],"product_cat":[498],"product_tag":[501,584,586,587,588,589,512,590,591,585,583,592],"class_list":{"0":"post-4592","1":"product","2":"type-product","3":"status-publish","4":"has-post-thumbnail","6":"product_cat-pirkti-ecstasy-tabletes","7":"product_tag-buy-mdma-online","8":"product_tag-buy-xtc-pills-online","9":"product_tag-drugs","10":"product_tag-ecstasy","11":"product_tag-ekstazio-tablets","12":"product_tag-ghb","13":"product_tag-mdma","14":"product_tag-meils-narkotikai","15":"product_tag-mg-mdma","16":"product_tag-pirkite-ecstasy-philipp-plein-blue-524-mg-mdma-pills-internete","17":"product_tag-pirkti-ecstasy-tabletes-internetu","18":"product_tag-xtc-pills","20":"first","21":"instock","22":"shipping-taxable","23":"purchasable","24":"product-type-variable","25":"has-default-attributes"},"yoast_head":"<!-- This site is optimized with the Yoast SEO plugin v27.3 - https:\/\/yoast.com\/product\/yoast-seo-wordpress\/ -->\n<title>\u012esigykite ekstazio - Philipp Plein Blue - 524 mg MDMA tabletes - Global Medicina<\/title>\n<meta name=\"description\" content=\"Pirkite Philipp Plein Blue- 524 Mg MDMA UK, Europe u\u017e geriausi\u0105 rinkos kain\u0105. Visi m\u016bs\u0173 produktai yra pagaminti i\u0161 gryn\u0173 nat\u016brali\u0173 ingredient\u0173 be THC. U\u017esisakykite internetu dabar!\" \/>\n<meta name=\"robots\" content=\"index, follow, max-snippet:-1, max-image-preview:large, max-video-preview:-1\" \/>\n<link rel=\"canonical\" href=\"https:\/\/medicinasinc.com\/lt\/product\/pirkite-ecstasy-philipp-plein-blue-524-mg-mdma-pills\/\" \/>\n<meta property=\"og:locale\" content=\"en_US\" \/>\n<meta property=\"og:type\" content=\"article\" \/>\n<meta property=\"og:title\" content=\"\u012esigykite ekstazio - Philipp Plein Blue - 524 mg MDMA tabletes - Global Medicina\" \/>\n<meta property=\"og:description\" content=\"Pirkite Philipp Plein Blue- 524 Mg MDMA UK, Europe u\u017e geriausi\u0105 rinkos kain\u0105. Visi m\u016bs\u0173 produktai yra pagaminti i\u0161 gryn\u0173 nat\u016brali\u0173 ingredient\u0173 be THC. U\u017esisakykite internetu dabar!\" \/>\n<meta property=\"og:url\" content=\"https:\/\/medicinasinc.com\/lt\/product\/pirkite-ecstasy-philipp-plein-blue-524-mg-mdma-pills\/\" \/>\n<meta property=\"og:site_name\" content=\"Medicinas Inc\" \/>\n<meta property=\"article:modified_time\" content=\"2022-03-20T12:38:18+00:00\" \/>\n<meta property=\"og:image\" content=\"https:\/\/medicinasinc.com\/lt\/wp-content\/uploads\/sites\/9\/2022\/02\/buy-xtc-philipp-plein-blue-524-mg-mdma-pills-online.jpg\" \/>\n\t<meta property=\"og:image:width\" content=\"600\" \/>\n\t<meta property=\"og:image:height\" content=\"600\" \/>\n\t<meta property=\"og:image:type\" content=\"image\/jpeg\" \/>\n<meta name=\"twitter:card\" content=\"summary_large_image\" \/>\n<meta name=\"twitter:label1\" content=\"Est. reading time\" \/>\n\t<meta name=\"twitter:data1\" content=\"1 minute\" \/>\n<script type=\"application\/ld+json\" class=\"yoast-schema-graph\">{\"@context\":\"https:\\\/\\\/schema.org\",\"@graph\":[{\"@type\":\"WebPage\",\"@id\":\"https:\\\/\\\/medicinasinc.com\\\/lt\\\/product\\\/pirkite-ecstasy-philipp-plein-blue-524-mg-mdma-pills\\\/\",\"url\":\"https:\\\/\\\/medicinasinc.com\\\/lt\\\/product\\\/pirkite-ecstasy-philipp-plein-blue-524-mg-mdma-pills\\\/\",\"name\":\"\u012esigykite ekstazio - Philipp Plein Blue - 524 mg MDMA tabletes - Global Medicina\",\"isPartOf\":{\"@id\":\"https:\\\/\\\/medicinasinc.com\\\/lt\\\/#website\"},\"primaryImageOfPage\":{\"@id\":\"https:\\\/\\\/medicinasinc.com\\\/lt\\\/product\\\/pirkite-ecstasy-philipp-plein-blue-524-mg-mdma-pills\\\/#primaryimage\"},\"image\":{\"@id\":\"https:\\\/\\\/medicinasinc.com\\\/lt\\\/product\\\/pirkite-ecstasy-philipp-plein-blue-524-mg-mdma-pills\\\/#primaryimage\"},\"thumbnailUrl\":\"https:\\\/\\\/medicinasinc.com\\\/lt\\\/wp-content\\\/uploads\\\/sites\\\/9\\\/2022\\\/02\\\/buy-xtc-philipp-plein-blue-524-mg-mdma-pills-online.jpg\",\"datePublished\":\"2022-02-20T13:31:58+00:00\",\"dateModified\":\"2022-03-20T12:38:18+00:00\",\"description\":\"Pirkite Philipp Plein Blue- 524 Mg MDMA UK, Europe u\u017e geriausi\u0105 rinkos kain\u0105. Visi m\u016bs\u0173 produktai yra pagaminti i\u0161 gryn\u0173 nat\u016brali\u0173 ingredient\u0173 be THC. U\u017esisakykite internetu dabar!\",\"breadcrumb\":{\"@id\":\"https:\\\/\\\/medicinasinc.com\\\/lt\\\/product\\\/pirkite-ecstasy-philipp-plein-blue-524-mg-mdma-pills\\\/#breadcrumb\"},\"inLanguage\":\"en-US\",\"potentialAction\":[{\"@type\":\"ReadAction\",\"target\":[\"https:\\\/\\\/medicinasinc.com\\\/lt\\\/product\\\/pirkite-ecstasy-philipp-plein-blue-524-mg-mdma-pills\\\/\"]}]},{\"@type\":\"ImageObject\",\"inLanguage\":\"en-US\",\"@id\":\"https:\\\/\\\/medicinasinc.com\\\/lt\\\/product\\\/pirkite-ecstasy-philipp-plein-blue-524-mg-mdma-pills\\\/#primaryimage\",\"url\":\"https:\\\/\\\/medicinasinc.com\\\/lt\\\/wp-content\\\/uploads\\\/sites\\\/9\\\/2022\\\/02\\\/buy-xtc-philipp-plein-blue-524-mg-mdma-pills-online.jpg\",\"contentUrl\":\"https:\\\/\\\/medicinasinc.com\\\/lt\\\/wp-content\\\/uploads\\\/sites\\\/9\\\/2022\\\/02\\\/buy-xtc-philipp-plein-blue-524-mg-mdma-pills-online.jpg\",\"width\":600,\"height\":600},{\"@type\":\"BreadcrumbList\",\"@id\":\"https:\\\/\\\/medicinasinc.com\\\/lt\\\/product\\\/pirkite-ecstasy-philipp-plein-blue-524-mg-mdma-pills\\\/#breadcrumb\",\"itemListElement\":[{\"@type\":\"ListItem\",\"position\":1,\"name\":\"Parduotuv\u0117\",\"item\":\"https:\\\/\\\/medicinasinc.com\\\/lt\\\/parduotuve\\\/\"},{\"@type\":\"ListItem\",\"position\":2,\"name\":\"Pirkite ekstazio \u2013 Philipp Plein Blue \u2013 524 mg MDMA tabletes\"}]},{\"@type\":\"WebSite\",\"@id\":\"https:\\\/\\\/medicinasinc.com\\\/lt\\\/#website\",\"url\":\"https:\\\/\\\/medicinasinc.com\\\/lt\\\/\",\"name\":\"Medicinas Inc\",\"description\":\"Sveikatos medicinos klinika\",\"potentialAction\":[{\"@type\":\"SearchAction\",\"target\":{\"@type\":\"EntryPoint\",\"urlTemplate\":\"https:\\\/\\\/medicinasinc.com\\\/lt\\\/?s={search_term_string}\"},\"query-input\":{\"@type\":\"PropertyValueSpecification\",\"valueRequired\":true,\"valueName\":\"search_term_string\"}}],\"inLanguage\":\"en-US\"}]}<\/script>\n<!-- \/ Yoast SEO plugin. -->","yoast_head_json":{"title":"\u012esigykite ekstazio - Philipp Plein Blue - 524 mg MDMA tabletes - Global Medicina","description":"Pirkite Philipp Plein Blue- 524 Mg MDMA UK, Europe u\u017e geriausi\u0105 rinkos kain\u0105. Visi m\u016bs\u0173 produktai yra pagaminti i\u0161 gryn\u0173 nat\u016brali\u0173 ingredient\u0173 be THC. U\u017esisakykite internetu dabar!","robots":{"index":"index","follow":"follow","max-snippet":"max-snippet:-1","max-image-preview":"max-image-preview:large","max-video-preview":"max-video-preview:-1"},"canonical":"https:\/\/medicinasinc.com\/lt\/product\/pirkite-ecstasy-philipp-plein-blue-524-mg-mdma-pills\/","og_locale":"en_US","og_type":"article","og_title":"\u012esigykite ekstazio - Philipp Plein Blue - 524 mg MDMA tabletes - Global Medicina","og_description":"Pirkite Philipp Plein Blue- 524 Mg MDMA UK, Europe u\u017e geriausi\u0105 rinkos kain\u0105. Visi m\u016bs\u0173 produktai yra pagaminti i\u0161 gryn\u0173 nat\u016brali\u0173 ingredient\u0173 be THC. U\u017esisakykite internetu dabar!","og_url":"https:\/\/medicinasinc.com\/lt\/product\/pirkite-ecstasy-philipp-plein-blue-524-mg-mdma-pills\/","og_site_name":"Medicinas Inc","article_modified_time":"2022-03-20T12:38:18+00:00","og_image":[{"width":600,"height":600,"url":"https:\/\/medicinasinc.com\/lt\/wp-content\/uploads\/sites\/9\/2022\/02\/buy-xtc-philipp-plein-blue-524-mg-mdma-pills-online.jpg","type":"image\/jpeg"}],"twitter_card":"summary_large_image","twitter_misc":{"Est. reading time":"1 minute"},"schema":{"@context":"https:\/\/schema.org","@graph":[{"@type":"WebPage","@id":"https:\/\/medicinasinc.com\/lt\/product\/pirkite-ecstasy-philipp-plein-blue-524-mg-mdma-pills\/","url":"https:\/\/medicinasinc.com\/lt\/product\/pirkite-ecstasy-philipp-plein-blue-524-mg-mdma-pills\/","name":"\u012esigykite ekstazio - Philipp Plein Blue - 524 mg MDMA tabletes - Global Medicina","isPartOf":{"@id":"https:\/\/medicinasinc.com\/lt\/#website"},"primaryImageOfPage":{"@id":"https:\/\/medicinasinc.com\/lt\/product\/pirkite-ecstasy-philipp-plein-blue-524-mg-mdma-pills\/#primaryimage"},"image":{"@id":"https:\/\/medicinasinc.com\/lt\/product\/pirkite-ecstasy-philipp-plein-blue-524-mg-mdma-pills\/#primaryimage"},"thumbnailUrl":"https:\/\/medicinasinc.com\/lt\/wp-content\/uploads\/sites\/9\/2022\/02\/buy-xtc-philipp-plein-blue-524-mg-mdma-pills-online.jpg","datePublished":"2022-02-20T13:31:58+00:00","dateModified":"2022-03-20T12:38:18+00:00","description":"Pirkite Philipp Plein Blue- 524 Mg MDMA UK, Europe u\u017e geriausi\u0105 rinkos kain\u0105. Visi m\u016bs\u0173 produktai yra pagaminti i\u0161 gryn\u0173 nat\u016brali\u0173 ingredient\u0173 be THC. U\u017esisakykite internetu dabar!","breadcrumb":{"@id":"https:\/\/medicinasinc.com\/lt\/product\/pirkite-ecstasy-philipp-plein-blue-524-mg-mdma-pills\/#breadcrumb"},"inLanguage":"en-US","potentialAction":[{"@type":"ReadAction","target":["https:\/\/medicinasinc.com\/lt\/product\/pirkite-ecstasy-philipp-plein-blue-524-mg-mdma-pills\/"]}]},{"@type":"ImageObject","inLanguage":"en-US","@id":"https:\/\/medicinasinc.com\/lt\/product\/pirkite-ecstasy-philipp-plein-blue-524-mg-mdma-pills\/#primaryimage","url":"https:\/\/medicinasinc.com\/lt\/wp-content\/uploads\/sites\/9\/2022\/02\/buy-xtc-philipp-plein-blue-524-mg-mdma-pills-online.jpg","contentUrl":"https:\/\/medicinasinc.com\/lt\/wp-content\/uploads\/sites\/9\/2022\/02\/buy-xtc-philipp-plein-blue-524-mg-mdma-pills-online.jpg","width":600,"height":600},{"@type":"BreadcrumbList","@id":"https:\/\/medicinasinc.com\/lt\/product\/pirkite-ecstasy-philipp-plein-blue-524-mg-mdma-pills\/#breadcrumb","itemListElement":[{"@type":"ListItem","position":1,"name":"Parduotuv\u0117","item":"https:\/\/medicinasinc.com\/lt\/parduotuve\/"},{"@type":"ListItem","position":2,"name":"Pirkite ekstazio \u2013 Philipp Plein Blue \u2013 524 mg MDMA tabletes"}]},{"@type":"WebSite","@id":"https:\/\/medicinasinc.com\/lt\/#website","url":"https:\/\/medicinasinc.com\/lt\/","name":"Medicinas Inc","description":"Sveikatos medicinos klinika","potentialAction":[{"@type":"SearchAction","target":{"@type":"EntryPoint","urlTemplate":"https:\/\/medicinasinc.com\/lt\/?s={search_term_string}"},"query-input":{"@type":"PropertyValueSpecification","valueRequired":true,"valueName":"search_term_string"}}],"inLanguage":"en-US"}]}},"_links":{"self":[{"href":"https:\/\/medicinasinc.com\/lt\/wp-json\/wp\/v2\/product\/4592","targetHints":{"allow":["GET"]}}],"collection":[{"href":"https:\/\/medicinasinc.com\/lt\/wp-json\/wp\/v2\/product"}],"about":[{"href":"https:\/\/medicinasinc.com\/lt\/wp-json\/wp\/v2\/types\/product"}],"replies":[{"embeddable":true,"href":"https:\/\/medicinasinc.com\/lt\/wp-json\/wp\/v2\/comments?post=4592"}],"wp:featuredmedia":[{"embeddable":true,"href":"https:\/\/medicinasinc.com\/lt\/wp-json\/wp\/v2\/media\/4605"}],"wp:attachment":[{"href":"https:\/\/medicinasinc.com\/lt\/wp-json\/wp\/v2\/media?parent=4592"}],"wp:term":[{"taxonomy":"product_brand","embeddable":true,"href":"https:\/\/medicinasinc.com\/lt\/wp-json\/wp\/v2\/product_brand?post=4592"},{"taxonomy":"product_cat","embeddable":true,"href":"https:\/\/medicinasinc.com\/lt\/wp-json\/wp\/v2\/product_cat?post=4592"},{"taxonomy":"product_tag","embeddable":true,"href":"https:\/\/medicinasinc.com\/lt\/wp-json\/wp\/v2\/product_tag?post=4592"}],"curies":[{"name":"wp","href":"https:\/\/api.w.org\/{rel}","templated":true}]}}