{"id":4576,"date":"2022-02-20T13:20:42","date_gmt":"2022-02-20T13:20:42","guid":{"rendered":"https:\/\/medicinasinc.com\/lt\/?post_type=product&#038;p=4576"},"modified":"2022-03-20T12:38:39","modified_gmt":"2022-03-20T12:38:39","slug":"pirk-apelsinu-tesla-ecstasy-tabletes","status":"publish","type":"product","link":"https:\/\/medicinasinc.com\/lt\/product\/pirk-apelsinu-tesla-ecstasy-tabletes\/","title":{"rendered":"Pirkite Orange Tesla ekstazio tabletes"},"content":{"rendered":"<p>Pirkite \u201eOrange Tesla\u201c ekstazio tabletes<\/p>\n<p>3,4-metilendioksimetamfetaminas yra \u201eOrange Tesla\u201c ekstazio table\u010di\u0173 (MDMA) veiklioji med\u017eiaga. Ma\u017eos oran\u017ein\u0117s tablet\u0117s yra skydo formos, o vir\u0161 Tesla logotipo t formos u\u017era\u0161as \u201eTesla\u201c.<\/p>\n<p>Jos \u0161vie\u010dia tamsoje, o kai kurios apibarstytos violetiniais blizgu\u010diais.<\/p>\n<p>Jie populiar\u016bs, nes yra stipr\u016bs, linksmo dizaino ir yra siejami su gerai \u017einomu prek\u0117s \u017eenklu, turin\u010diu teigiam\u0105 reputacij\u0105. Dauguma \u017emoni\u0173 labiau link\u0119 \u012fsigyti ekstazio piliul\u0119 su pripa\u017eintu logotipu nei paprastas baltas tabletes, kurias gamina bet kas.<\/p>\n<p>Ta\u010diau oran\u017ein\u0117s \u201eTesla\u201c tablet\u0117s neturi nieko bendra su Elono Musko \u201eTesla\u201c, amerikie\u010di\u0173 automobili\u0173 gamintoju ir \u0161varios energijos \u012fmon\u0117.<\/p>\n<p>Prek\u0117s \u017eenklas nerei\u0161kia, kad jie yra auk\u0161tos kokyb\u0117s ar net pastovios kokyb\u0117s. Naudodamas pana\u0161\u0173 pres\u0105 ir da\u017eus, kiekvienas gali atkartoti oran\u017ein\u0119 Tesla ekstazio tablet\u0119.<\/p>\n","protected":false},"excerpt":{"rendered":"<p>Nusipirkite oran\u017eines Tesla ekstazio tabletes pardavimui Europoje, JK. Pirkite \u201eEcstasy\u201c internetu, \u201eEcstasy\u201c pardav\u0117jas, u\u017esisakykite \u201eecstasy\u201c tabletes internetu, mes prekiaujame gryniausiais ir geriausiais produktais.<\/p>\n<p>Geriausi\u0173 pasaulio vaist\u0173 parduotuv\u0117je galite \u012fsigyti autenti\u0161k\u0173 \u201eTesla\u201c ekstazi\u0173 table\u010di\u0173 u\u017e prieinam\u0105 kain\u0105. Visi gaminiai yra i\u0161bandyti laboratori\u0161kai ir auk\u0161\u010diausios kokyb\u0117s.<\/p>\n","protected":false},"featured_media":4589,"comment_status":"open","ping_status":"closed","template":"","meta":[],"product_brand":[],"product_cat":[498],"product_tag":[567,556,558,559,560,561,575,573,554,555,565,562,563,564,566,557,569,571,570,568,572,574],"class_list":{"0":"post-4576","1":"product","2":"type-product","3":"status-publish","4":"has-post-thumbnail","6":"product_cat-pirkti-ecstasy-tabletes","7":"product_tag-reddit-ecstasy-pill-rating-tesla-vs-punisher-vs","8":"product_tag-bluelight-orange-tesla-ecstasy-vs-molly","9":"product_tag-ecstasy-pills-tesla-stamp-i-nyderland","10":"product_tag-ecstasy-press-pills-tesla","11":"product_tag-ekstazi-tesla","12":"product_tag-extacy-pill-nuotraukos","13":"product_tag-geltona-tesla-ecstasy-tampa","14":"product_tag-tesla-pill-perspjimas","15":"product_tag-m-c4-97lyna-tesla-ecstasy-c4-97","16":"product_tag-mlyna-tesla-pill-mg","17":"product_tag-orange-tesla-pill-effects","18":"product_tag-oranin-tesla-2021","19":"product_tag-oranin-tesla-ecstasy-mg","20":"product_tag-orange-tesla-ecstasy-pills-los-angeles-2019","21":"product_tag-persik-kietas-tesla-ecstasy-su-balu-nugaroje","22":"product_tag-grindjuostes-extacy-pills-list","23":"product_tag-tesla-ecstasy-pill","24":"product_tag-tesla-ecstasy-tampa","25":"product_tag-tesla-ecstasy-review","26":"product_tag-tesla-ekstazis","27":"product_tag-tesla-pill-blue-efektai","28":"product_tag-tesla-pills-mlyna","30":"first","31":"instock","32":"shipping-taxable","33":"purchasable","34":"product-type-variable","35":"has-default-attributes"},"yoast_head":"<!-- This site is optimized with the Yoast SEO plugin v27.3 - https:\/\/yoast.com\/product\/yoast-seo-wordpress\/ -->\n<title>Pirkite Orange Tesla ekstazio tabletes \u2013 geriausius pasaulinius vaistus<\/title>\n<meta name=\"description\" content=\"Pirkite oran\u017eines Tesla ekstazio tabletes pardavimui Europoje, JK. Pirkite \u201eEcstasy\u201c internetu, \u201eEcstasy\u201c pardav\u0117jas, u\u017esisakykite \u201eecstasy\u201c tabletes internetu, mes prekiaujame gryniausiais ir geriausiais produktais.\" \/>\n<meta name=\"robots\" content=\"index, follow, max-snippet:-1, max-image-preview:large, max-video-preview:-1\" \/>\n<link rel=\"canonical\" href=\"https:\/\/medicinasinc.com\/lt\/product\/pirk-apelsinu-tesla-ecstasy-tabletes\/\" \/>\n<meta property=\"og:locale\" content=\"en_US\" \/>\n<meta property=\"og:type\" content=\"article\" \/>\n<meta property=\"og:title\" content=\"Pirkite Orange Tesla ekstazio tabletes \u2013 geriausius pasaulinius vaistus\" \/>\n<meta property=\"og:description\" content=\"Pirkite oran\u017eines Tesla ekstazio tabletes pardavimui Europoje, JK. Pirkite \u201eEcstasy\u201c internetu, \u201eEcstasy\u201c pardav\u0117jas, u\u017esisakykite \u201eecstasy\u201c tabletes internetu, mes prekiaujame gryniausiais ir geriausiais produktais.\" \/>\n<meta property=\"og:url\" content=\"https:\/\/medicinasinc.com\/lt\/product\/pirk-apelsinu-tesla-ecstasy-tabletes\/\" \/>\n<meta property=\"og:site_name\" content=\"Medicinas Inc\" \/>\n<meta property=\"article:modified_time\" content=\"2022-03-20T12:38:39+00:00\" \/>\n<meta property=\"og:image\" content=\"https:\/\/medicinasinc.com\/lt\/wp-content\/uploads\/sites\/9\/2022\/02\/Buy-Orange-Tesla-Ecstasy-Pills.jpg\" \/>\n\t<meta property=\"og:image:width\" content=\"747\" \/>\n\t<meta property=\"og:image:height\" content=\"560\" \/>\n\t<meta property=\"og:image:type\" content=\"image\/jpeg\" \/>\n<meta name=\"twitter:card\" content=\"summary_large_image\" \/>\n<meta name=\"twitter:label1\" content=\"Est. reading time\" \/>\n\t<meta name=\"twitter:data1\" content=\"1 minute\" \/>\n<script type=\"application\/ld+json\" class=\"yoast-schema-graph\">{\"@context\":\"https:\\\/\\\/schema.org\",\"@graph\":[{\"@type\":\"WebPage\",\"@id\":\"https:\\\/\\\/medicinasinc.com\\\/lt\\\/product\\\/pirk-apelsinu-tesla-ecstasy-tabletes\\\/\",\"url\":\"https:\\\/\\\/medicinasinc.com\\\/lt\\\/product\\\/pirk-apelsinu-tesla-ecstasy-tabletes\\\/\",\"name\":\"Pirkite Orange Tesla ekstazio tabletes \u2013 geriausius pasaulinius vaistus\",\"isPartOf\":{\"@id\":\"https:\\\/\\\/medicinasinc.com\\\/lt\\\/#website\"},\"primaryImageOfPage\":{\"@id\":\"https:\\\/\\\/medicinasinc.com\\\/lt\\\/product\\\/pirk-apelsinu-tesla-ecstasy-tabletes\\\/#primaryimage\"},\"image\":{\"@id\":\"https:\\\/\\\/medicinasinc.com\\\/lt\\\/product\\\/pirk-apelsinu-tesla-ecstasy-tabletes\\\/#primaryimage\"},\"thumbnailUrl\":\"https:\\\/\\\/medicinasinc.com\\\/lt\\\/wp-content\\\/uploads\\\/sites\\\/9\\\/2022\\\/02\\\/Buy-Orange-Tesla-Ecstasy-Pills.jpg\",\"datePublished\":\"2022-02-20T13:20:42+00:00\",\"dateModified\":\"2022-03-20T12:38:39+00:00\",\"description\":\"Pirkite oran\u017eines Tesla ekstazio tabletes pardavimui Europoje, JK. Pirkite \u201eEcstasy\u201c internetu, \u201eEcstasy\u201c pardav\u0117jas, u\u017esisakykite \u201eecstasy\u201c tabletes internetu, mes prekiaujame gryniausiais ir geriausiais produktais.\",\"breadcrumb\":{\"@id\":\"https:\\\/\\\/medicinasinc.com\\\/lt\\\/product\\\/pirk-apelsinu-tesla-ecstasy-tabletes\\\/#breadcrumb\"},\"inLanguage\":\"en-US\",\"potentialAction\":[{\"@type\":\"ReadAction\",\"target\":[\"https:\\\/\\\/medicinasinc.com\\\/lt\\\/product\\\/pirk-apelsinu-tesla-ecstasy-tabletes\\\/\"]}]},{\"@type\":\"ImageObject\",\"inLanguage\":\"en-US\",\"@id\":\"https:\\\/\\\/medicinasinc.com\\\/lt\\\/product\\\/pirk-apelsinu-tesla-ecstasy-tabletes\\\/#primaryimage\",\"url\":\"https:\\\/\\\/medicinasinc.com\\\/lt\\\/wp-content\\\/uploads\\\/sites\\\/9\\\/2022\\\/02\\\/Buy-Orange-Tesla-Ecstasy-Pills.jpg\",\"contentUrl\":\"https:\\\/\\\/medicinasinc.com\\\/lt\\\/wp-content\\\/uploads\\\/sites\\\/9\\\/2022\\\/02\\\/Buy-Orange-Tesla-Ecstasy-Pills.jpg\",\"width\":747,\"height\":560},{\"@type\":\"BreadcrumbList\",\"@id\":\"https:\\\/\\\/medicinasinc.com\\\/lt\\\/product\\\/pirk-apelsinu-tesla-ecstasy-tabletes\\\/#breadcrumb\",\"itemListElement\":[{\"@type\":\"ListItem\",\"position\":1,\"name\":\"Parduotuv\u0117\",\"item\":\"https:\\\/\\\/medicinasinc.com\\\/lt\\\/parduotuve\\\/\"},{\"@type\":\"ListItem\",\"position\":2,\"name\":\"Pirkite Orange Tesla ekstazio tabletes\"}]},{\"@type\":\"WebSite\",\"@id\":\"https:\\\/\\\/medicinasinc.com\\\/lt\\\/#website\",\"url\":\"https:\\\/\\\/medicinasinc.com\\\/lt\\\/\",\"name\":\"Medicinas Inc\",\"description\":\"Sveikatos medicinos klinika\",\"potentialAction\":[{\"@type\":\"SearchAction\",\"target\":{\"@type\":\"EntryPoint\",\"urlTemplate\":\"https:\\\/\\\/medicinasinc.com\\\/lt\\\/?s={search_term_string}\"},\"query-input\":{\"@type\":\"PropertyValueSpecification\",\"valueRequired\":true,\"valueName\":\"search_term_string\"}}],\"inLanguage\":\"en-US\"}]}<\/script>\n<!-- \/ Yoast SEO plugin. -->","yoast_head_json":{"title":"Pirkite Orange Tesla ekstazio tabletes \u2013 geriausius pasaulinius vaistus","description":"Pirkite oran\u017eines Tesla ekstazio tabletes pardavimui Europoje, JK. Pirkite \u201eEcstasy\u201c internetu, \u201eEcstasy\u201c pardav\u0117jas, u\u017esisakykite \u201eecstasy\u201c tabletes internetu, mes prekiaujame gryniausiais ir geriausiais produktais.","robots":{"index":"index","follow":"follow","max-snippet":"max-snippet:-1","max-image-preview":"max-image-preview:large","max-video-preview":"max-video-preview:-1"},"canonical":"https:\/\/medicinasinc.com\/lt\/product\/pirk-apelsinu-tesla-ecstasy-tabletes\/","og_locale":"en_US","og_type":"article","og_title":"Pirkite Orange Tesla ekstazio tabletes \u2013 geriausius pasaulinius vaistus","og_description":"Pirkite oran\u017eines Tesla ekstazio tabletes pardavimui Europoje, JK. Pirkite \u201eEcstasy\u201c internetu, \u201eEcstasy\u201c pardav\u0117jas, u\u017esisakykite \u201eecstasy\u201c tabletes internetu, mes prekiaujame gryniausiais ir geriausiais produktais.","og_url":"https:\/\/medicinasinc.com\/lt\/product\/pirk-apelsinu-tesla-ecstasy-tabletes\/","og_site_name":"Medicinas Inc","article_modified_time":"2022-03-20T12:38:39+00:00","og_image":[{"width":747,"height":560,"url":"https:\/\/medicinasinc.com\/lt\/wp-content\/uploads\/sites\/9\/2022\/02\/Buy-Orange-Tesla-Ecstasy-Pills.jpg","type":"image\/jpeg"}],"twitter_card":"summary_large_image","twitter_misc":{"Est. reading time":"1 minute"},"schema":{"@context":"https:\/\/schema.org","@graph":[{"@type":"WebPage","@id":"https:\/\/medicinasinc.com\/lt\/product\/pirk-apelsinu-tesla-ecstasy-tabletes\/","url":"https:\/\/medicinasinc.com\/lt\/product\/pirk-apelsinu-tesla-ecstasy-tabletes\/","name":"Pirkite Orange Tesla ekstazio tabletes \u2013 geriausius pasaulinius vaistus","isPartOf":{"@id":"https:\/\/medicinasinc.com\/lt\/#website"},"primaryImageOfPage":{"@id":"https:\/\/medicinasinc.com\/lt\/product\/pirk-apelsinu-tesla-ecstasy-tabletes\/#primaryimage"},"image":{"@id":"https:\/\/medicinasinc.com\/lt\/product\/pirk-apelsinu-tesla-ecstasy-tabletes\/#primaryimage"},"thumbnailUrl":"https:\/\/medicinasinc.com\/lt\/wp-content\/uploads\/sites\/9\/2022\/02\/Buy-Orange-Tesla-Ecstasy-Pills.jpg","datePublished":"2022-02-20T13:20:42+00:00","dateModified":"2022-03-20T12:38:39+00:00","description":"Pirkite oran\u017eines Tesla ekstazio tabletes pardavimui Europoje, JK. Pirkite \u201eEcstasy\u201c internetu, \u201eEcstasy\u201c pardav\u0117jas, u\u017esisakykite \u201eecstasy\u201c tabletes internetu, mes prekiaujame gryniausiais ir geriausiais produktais.","breadcrumb":{"@id":"https:\/\/medicinasinc.com\/lt\/product\/pirk-apelsinu-tesla-ecstasy-tabletes\/#breadcrumb"},"inLanguage":"en-US","potentialAction":[{"@type":"ReadAction","target":["https:\/\/medicinasinc.com\/lt\/product\/pirk-apelsinu-tesla-ecstasy-tabletes\/"]}]},{"@type":"ImageObject","inLanguage":"en-US","@id":"https:\/\/medicinasinc.com\/lt\/product\/pirk-apelsinu-tesla-ecstasy-tabletes\/#primaryimage","url":"https:\/\/medicinasinc.com\/lt\/wp-content\/uploads\/sites\/9\/2022\/02\/Buy-Orange-Tesla-Ecstasy-Pills.jpg","contentUrl":"https:\/\/medicinasinc.com\/lt\/wp-content\/uploads\/sites\/9\/2022\/02\/Buy-Orange-Tesla-Ecstasy-Pills.jpg","width":747,"height":560},{"@type":"BreadcrumbList","@id":"https:\/\/medicinasinc.com\/lt\/product\/pirk-apelsinu-tesla-ecstasy-tabletes\/#breadcrumb","itemListElement":[{"@type":"ListItem","position":1,"name":"Parduotuv\u0117","item":"https:\/\/medicinasinc.com\/lt\/parduotuve\/"},{"@type":"ListItem","position":2,"name":"Pirkite Orange Tesla ekstazio tabletes"}]},{"@type":"WebSite","@id":"https:\/\/medicinasinc.com\/lt\/#website","url":"https:\/\/medicinasinc.com\/lt\/","name":"Medicinas Inc","description":"Sveikatos medicinos klinika","potentialAction":[{"@type":"SearchAction","target":{"@type":"EntryPoint","urlTemplate":"https:\/\/medicinasinc.com\/lt\/?s={search_term_string}"},"query-input":{"@type":"PropertyValueSpecification","valueRequired":true,"valueName":"search_term_string"}}],"inLanguage":"en-US"}]}},"_links":{"self":[{"href":"https:\/\/medicinasinc.com\/lt\/wp-json\/wp\/v2\/product\/4576","targetHints":{"allow":["GET"]}}],"collection":[{"href":"https:\/\/medicinasinc.com\/lt\/wp-json\/wp\/v2\/product"}],"about":[{"href":"https:\/\/medicinasinc.com\/lt\/wp-json\/wp\/v2\/types\/product"}],"replies":[{"embeddable":true,"href":"https:\/\/medicinasinc.com\/lt\/wp-json\/wp\/v2\/comments?post=4576"}],"wp:featuredmedia":[{"embeddable":true,"href":"https:\/\/medicinasinc.com\/lt\/wp-json\/wp\/v2\/media\/4589"}],"wp:attachment":[{"href":"https:\/\/medicinasinc.com\/lt\/wp-json\/wp\/v2\/media?parent=4576"}],"wp:term":[{"taxonomy":"product_brand","embeddable":true,"href":"https:\/\/medicinasinc.com\/lt\/wp-json\/wp\/v2\/product_brand?post=4576"},{"taxonomy":"product_cat","embeddable":true,"href":"https:\/\/medicinasinc.com\/lt\/wp-json\/wp\/v2\/product_cat?post=4576"},{"taxonomy":"product_tag","embeddable":true,"href":"https:\/\/medicinasinc.com\/lt\/wp-json\/wp\/v2\/product_tag?post=4576"}],"curies":[{"name":"wp","href":"https:\/\/api.w.org\/{rel}","templated":true}]}}