{"id":4575,"date":"2022-02-20T13:20:33","date_gmt":"2022-02-20T13:20:33","guid":{"rendered":"https:\/\/medicinasinc.com\/lt\/?post_type=product&#038;p=4575"},"modified":"2022-03-20T12:38:47","modified_gmt":"2022-03-20T12:38:47","slug":"pirk-melyna-rolex-ecstasy-pills","status":"publish","type":"product","link":"https:\/\/medicinasinc.com\/lt\/product\/pirk-melyna-rolex-ecstasy-pills\/","title":{"rendered":"Pirkite Blue Rolex ekstazio tabletes"},"content":{"rendered":"<p>Pirkite \u201eBlue Rolex\u201c ekstazio tabletes dideliais kiekiais internetu.<\/p>\n<p>Pirkite \u201eBlue Rolex\u201c ekstazio tabletes dideliais kiekiais internetu.<\/p>\n<p>Ecstasy buvo i\u0161rastas 1912 m. \u201eMerck\u201c narkotik\u0173 santyki\u0173 d\u0117ka. D\u0117l naujos strukt\u016bros jis buvo pavadintas \u201eMDMA\u201c. Pirm\u0105 kart\u0105 JAV ginkluotosios paj\u0117gos j\u012f panaudojo 1953 m. protinio \u012fsitraukimo testams, o septintajame de\u0161imtmetyje trumpam sugr\u012f\u017eo kaip psichoterapinis \u201ema\u017eesnio slopinimo\u201c sprendimas. 1 MDMA kaip receptas nebuvo naudojamas iki a\u0161tuntojo de\u0161imtme\u010dio.<\/p>\n<p>Devintojo de\u0161imtme\u010dio viduryje MDMA buvo reklamuojamas kaip \u201elabiausiai putojantis dalykas technikoje, kurio misija \u012ftikti \u017emon\u0117ms per moksl\u0105\u201c ir &#8220;in tirpalas&#8221; ilgai trunkantiems vakar\u0117liams. MDMA vis dar buvo pla\u010diai prieinama 1984 m. su prek\u0117s pavadinimu \u201eJoy\u201c, ta\u010diau iki 1985 m. vaist\u0173 vartojimas buvo apribotas d\u0117l saugumo problem\u0173.<br \/> M\u0117lyna Rolex tablet\u0117 gali b\u016bti ypa\u010d naudinga asmenims, patiriantiems po stulbinamo gniu\u017edymo komponent\u0173 problem\u0173. (PTSD). Daugelis pacient\u0173 negali aptarti pavojing\u0173 \u012fvyki\u0173, kurie suk\u0117l\u0117 j\u0173 problemas. Sp\u0117jama, kad i\u0161sipildymas gali pad\u0117ti asmenims i\u0161pl\u0117sti \u0161ias \u017eaizdas.<\/p>\n<p>50 met\u0173 Doblinas i\u0161 tikr\u0173j\u0173 n\u0117ra pasiruo\u0161\u0119s geb\u0117jimas ar monitorius; ta\u010diau jam tenka didel\u0117 atsakomyb\u0117 u\u017e narkotikus, juos vartojo daugyb\u0119 kart\u0173. \u201eTai labai pakeit\u0117 mano gyvenim\u0105\u201c, \u2013 paai\u0161kino jis. Per pastaruosius kelerius metus jis investavo, kad skleist\u0173 \u017eini\u0105, kad \u201eJoy\u201c ir kiti energizuojantys vaistai turi esmin\u0119 s\u0117km\u0119 idealiomis s\u0105lygomis.<br \/> Jei tikrai ie\u0161kote asociacijos, kuri gal\u0117t\u0173 suteikti jums geriausios kokyb\u0117s daiktus, j\u016bs turite ateiti \u012f reikiam\u0105 viet\u0105. M\u016bs\u0173 fonde galite pasirinkti geriausias prekes, kurios pad\u0117s sukurti pasitik\u0117jim\u0105 ir u\u017emegzti su mumis pagr\u012fstus santykius d\u0117l m\u016bs\u0173 preki\u0173 galimyb\u0117s. \u012esigykite dabar ir per penkias darbo dienas gaukite m\u0117lynos spalvos Rolex tabletes.<\/p>\n","protected":false},"excerpt":{"rendered":"<div class=\"woocommerce-product-details__short-description\">\n<p>Pirkite Blue Rolex ekstazio piliules JK, Europoje internetu i\u0161 patikimo ir patikimo tiek\u0117jo. Apsilankykite m\u016bs\u0173 parduotuv\u0117je ir \u012fsigykite auk\u0161\u010diausios kokyb\u0117s table\u010di\u0173 bei tyrim\u0173 chemini\u0173 med\u017eiag\u0173 neprilygstamais kainomis.<\/p>\n<p> p&gt; <\/p><\/div>\n","protected":false},"featured_media":4587,"comment_status":"open","ping_status":"closed","template":"","meta":[],"product_brand":[],"product_cat":[498],"product_tag":[],"class_list":{"0":"post-4575","1":"product","2":"type-product","3":"status-publish","4":"has-post-thumbnail","6":"product_cat-pirkti-ecstasy-tabletes","8":"first","9":"instock","10":"shipping-taxable","11":"purchasable","12":"product-type-variable","13":"has-default-attributes"},"yoast_head":"<!-- This site is optimized with the Yoast SEO plugin v27.3 - https:\/\/yoast.com\/product\/yoast-seo-wordpress\/ -->\n<title>Pirkite Blue Rolex ekstazio tabletes \u2013 geriausius pasaulinius vaistus<\/title>\n<meta name=\"description\" content=\"Pirkite Blue Rolex ecstasy tabletes JK, Europoje internetu i\u0161 patikimo ir patikimo tiek\u0117jo. Apsilankykite m\u016bs\u0173 parduotuv\u0117je ir \u012fsigykite auk\u0161\u010diausios kokyb\u0117s tabletes bei tyrin\u0117kite chemines med\u017eiagas u\u017e neprilygstam\u0105 kain\u0105.\" \/>\n<meta name=\"robots\" content=\"index, follow, max-snippet:-1, max-image-preview:large, max-video-preview:-1\" \/>\n<link rel=\"canonical\" href=\"https:\/\/medicinasinc.com\/lt\/product\/pirk-melyna-rolex-ecstasy-pills\/\" \/>\n<meta property=\"og:locale\" content=\"en_US\" \/>\n<meta property=\"og:type\" content=\"article\" \/>\n<meta property=\"og:title\" content=\"Pirkite Blue Rolex ekstazio tabletes \u2013 geriausius pasaulinius vaistus\" \/>\n<meta property=\"og:description\" content=\"Pirkite Blue Rolex ecstasy tabletes JK, Europoje internetu i\u0161 patikimo ir patikimo tiek\u0117jo. Apsilankykite m\u016bs\u0173 parduotuv\u0117je ir \u012fsigykite auk\u0161\u010diausios kokyb\u0117s tabletes bei tyrin\u0117kite chemines med\u017eiagas u\u017e neprilygstam\u0105 kain\u0105.\" \/>\n<meta property=\"og:url\" content=\"https:\/\/medicinasinc.com\/lt\/product\/pirk-melyna-rolex-ecstasy-pills\/\" \/>\n<meta property=\"og:site_name\" content=\"Medicinas Inc\" \/>\n<meta property=\"article:modified_time\" content=\"2022-03-20T12:38:47+00:00\" \/>\n<meta property=\"og:image\" content=\"https:\/\/medicinasinc.com\/lt\/wp-content\/uploads\/sites\/9\/2022\/02\/buy-quality-blue-rolex-ecstasy-pills-online.jpg\" \/>\n\t<meta property=\"og:image:width\" content=\"600\" \/>\n\t<meta property=\"og:image:height\" content=\"600\" \/>\n\t<meta property=\"og:image:type\" content=\"image\/jpeg\" \/>\n<meta name=\"twitter:card\" content=\"summary_large_image\" \/>\n<script type=\"application\/ld+json\" class=\"yoast-schema-graph\">{\"@context\":\"https:\\\/\\\/schema.org\",\"@graph\":[{\"@type\":\"WebPage\",\"@id\":\"https:\\\/\\\/medicinasinc.com\\\/lt\\\/product\\\/pirk-melyna-rolex-ecstasy-pills\\\/\",\"url\":\"https:\\\/\\\/medicinasinc.com\\\/lt\\\/product\\\/pirk-melyna-rolex-ecstasy-pills\\\/\",\"name\":\"Pirkite Blue Rolex ekstazio tabletes \u2013 geriausius pasaulinius vaistus\",\"isPartOf\":{\"@id\":\"https:\\\/\\\/medicinasinc.com\\\/lt\\\/#website\"},\"primaryImageOfPage\":{\"@id\":\"https:\\\/\\\/medicinasinc.com\\\/lt\\\/product\\\/pirk-melyna-rolex-ecstasy-pills\\\/#primaryimage\"},\"image\":{\"@id\":\"https:\\\/\\\/medicinasinc.com\\\/lt\\\/product\\\/pirk-melyna-rolex-ecstasy-pills\\\/#primaryimage\"},\"thumbnailUrl\":\"https:\\\/\\\/medicinasinc.com\\\/lt\\\/wp-content\\\/uploads\\\/sites\\\/9\\\/2022\\\/02\\\/buy-quality-blue-rolex-ecstasy-pills-online.jpg\",\"datePublished\":\"2022-02-20T13:20:33+00:00\",\"dateModified\":\"2022-03-20T12:38:47+00:00\",\"description\":\"Pirkite Blue Rolex ecstasy tabletes JK, Europoje internetu i\u0161 patikimo ir patikimo tiek\u0117jo. Apsilankykite m\u016bs\u0173 parduotuv\u0117je ir \u012fsigykite auk\u0161\u010diausios kokyb\u0117s tabletes bei tyrin\u0117kite chemines med\u017eiagas u\u017e neprilygstam\u0105 kain\u0105.\",\"breadcrumb\":{\"@id\":\"https:\\\/\\\/medicinasinc.com\\\/lt\\\/product\\\/pirk-melyna-rolex-ecstasy-pills\\\/#breadcrumb\"},\"inLanguage\":\"en-US\",\"potentialAction\":[{\"@type\":\"ReadAction\",\"target\":[\"https:\\\/\\\/medicinasinc.com\\\/lt\\\/product\\\/pirk-melyna-rolex-ecstasy-pills\\\/\"]}]},{\"@type\":\"ImageObject\",\"inLanguage\":\"en-US\",\"@id\":\"https:\\\/\\\/medicinasinc.com\\\/lt\\\/product\\\/pirk-melyna-rolex-ecstasy-pills\\\/#primaryimage\",\"url\":\"https:\\\/\\\/medicinasinc.com\\\/lt\\\/wp-content\\\/uploads\\\/sites\\\/9\\\/2022\\\/02\\\/buy-quality-blue-rolex-ecstasy-pills-online.jpg\",\"contentUrl\":\"https:\\\/\\\/medicinasinc.com\\\/lt\\\/wp-content\\\/uploads\\\/sites\\\/9\\\/2022\\\/02\\\/buy-quality-blue-rolex-ecstasy-pills-online.jpg\",\"width\":600,\"height\":600},{\"@type\":\"BreadcrumbList\",\"@id\":\"https:\\\/\\\/medicinasinc.com\\\/lt\\\/product\\\/pirk-melyna-rolex-ecstasy-pills\\\/#breadcrumb\",\"itemListElement\":[{\"@type\":\"ListItem\",\"position\":1,\"name\":\"Parduotuv\u0117\",\"item\":\"https:\\\/\\\/medicinasinc.com\\\/lt\\\/parduotuve\\\/\"},{\"@type\":\"ListItem\",\"position\":2,\"name\":\"Pirkite Blue Rolex ekstazio tabletes\"}]},{\"@type\":\"WebSite\",\"@id\":\"https:\\\/\\\/medicinasinc.com\\\/lt\\\/#website\",\"url\":\"https:\\\/\\\/medicinasinc.com\\\/lt\\\/\",\"name\":\"Medicinas Inc\",\"description\":\"Sveikatos medicinos klinika\",\"potentialAction\":[{\"@type\":\"SearchAction\",\"target\":{\"@type\":\"EntryPoint\",\"urlTemplate\":\"https:\\\/\\\/medicinasinc.com\\\/lt\\\/?s={search_term_string}\"},\"query-input\":{\"@type\":\"PropertyValueSpecification\",\"valueRequired\":true,\"valueName\":\"search_term_string\"}}],\"inLanguage\":\"en-US\"}]}<\/script>\n<!-- \/ Yoast SEO plugin. -->","yoast_head_json":{"title":"Pirkite Blue Rolex ekstazio tabletes \u2013 geriausius pasaulinius vaistus","description":"Pirkite Blue Rolex ecstasy tabletes JK, Europoje internetu i\u0161 patikimo ir patikimo tiek\u0117jo. Apsilankykite m\u016bs\u0173 parduotuv\u0117je ir \u012fsigykite auk\u0161\u010diausios kokyb\u0117s tabletes bei tyrin\u0117kite chemines med\u017eiagas u\u017e neprilygstam\u0105 kain\u0105.","robots":{"index":"index","follow":"follow","max-snippet":"max-snippet:-1","max-image-preview":"max-image-preview:large","max-video-preview":"max-video-preview:-1"},"canonical":"https:\/\/medicinasinc.com\/lt\/product\/pirk-melyna-rolex-ecstasy-pills\/","og_locale":"en_US","og_type":"article","og_title":"Pirkite Blue Rolex ekstazio tabletes \u2013 geriausius pasaulinius vaistus","og_description":"Pirkite Blue Rolex ecstasy tabletes JK, Europoje internetu i\u0161 patikimo ir patikimo tiek\u0117jo. Apsilankykite m\u016bs\u0173 parduotuv\u0117je ir \u012fsigykite auk\u0161\u010diausios kokyb\u0117s tabletes bei tyrin\u0117kite chemines med\u017eiagas u\u017e neprilygstam\u0105 kain\u0105.","og_url":"https:\/\/medicinasinc.com\/lt\/product\/pirk-melyna-rolex-ecstasy-pills\/","og_site_name":"Medicinas Inc","article_modified_time":"2022-03-20T12:38:47+00:00","og_image":[{"width":600,"height":600,"url":"https:\/\/medicinasinc.com\/lt\/wp-content\/uploads\/sites\/9\/2022\/02\/buy-quality-blue-rolex-ecstasy-pills-online.jpg","type":"image\/jpeg"}],"twitter_card":"summary_large_image","schema":{"@context":"https:\/\/schema.org","@graph":[{"@type":"WebPage","@id":"https:\/\/medicinasinc.com\/lt\/product\/pirk-melyna-rolex-ecstasy-pills\/","url":"https:\/\/medicinasinc.com\/lt\/product\/pirk-melyna-rolex-ecstasy-pills\/","name":"Pirkite Blue Rolex ekstazio tabletes \u2013 geriausius pasaulinius vaistus","isPartOf":{"@id":"https:\/\/medicinasinc.com\/lt\/#website"},"primaryImageOfPage":{"@id":"https:\/\/medicinasinc.com\/lt\/product\/pirk-melyna-rolex-ecstasy-pills\/#primaryimage"},"image":{"@id":"https:\/\/medicinasinc.com\/lt\/product\/pirk-melyna-rolex-ecstasy-pills\/#primaryimage"},"thumbnailUrl":"https:\/\/medicinasinc.com\/lt\/wp-content\/uploads\/sites\/9\/2022\/02\/buy-quality-blue-rolex-ecstasy-pills-online.jpg","datePublished":"2022-02-20T13:20:33+00:00","dateModified":"2022-03-20T12:38:47+00:00","description":"Pirkite Blue Rolex ecstasy tabletes JK, Europoje internetu i\u0161 patikimo ir patikimo tiek\u0117jo. Apsilankykite m\u016bs\u0173 parduotuv\u0117je ir \u012fsigykite auk\u0161\u010diausios kokyb\u0117s tabletes bei tyrin\u0117kite chemines med\u017eiagas u\u017e neprilygstam\u0105 kain\u0105.","breadcrumb":{"@id":"https:\/\/medicinasinc.com\/lt\/product\/pirk-melyna-rolex-ecstasy-pills\/#breadcrumb"},"inLanguage":"en-US","potentialAction":[{"@type":"ReadAction","target":["https:\/\/medicinasinc.com\/lt\/product\/pirk-melyna-rolex-ecstasy-pills\/"]}]},{"@type":"ImageObject","inLanguage":"en-US","@id":"https:\/\/medicinasinc.com\/lt\/product\/pirk-melyna-rolex-ecstasy-pills\/#primaryimage","url":"https:\/\/medicinasinc.com\/lt\/wp-content\/uploads\/sites\/9\/2022\/02\/buy-quality-blue-rolex-ecstasy-pills-online.jpg","contentUrl":"https:\/\/medicinasinc.com\/lt\/wp-content\/uploads\/sites\/9\/2022\/02\/buy-quality-blue-rolex-ecstasy-pills-online.jpg","width":600,"height":600},{"@type":"BreadcrumbList","@id":"https:\/\/medicinasinc.com\/lt\/product\/pirk-melyna-rolex-ecstasy-pills\/#breadcrumb","itemListElement":[{"@type":"ListItem","position":1,"name":"Parduotuv\u0117","item":"https:\/\/medicinasinc.com\/lt\/parduotuve\/"},{"@type":"ListItem","position":2,"name":"Pirkite Blue Rolex ekstazio tabletes"}]},{"@type":"WebSite","@id":"https:\/\/medicinasinc.com\/lt\/#website","url":"https:\/\/medicinasinc.com\/lt\/","name":"Medicinas Inc","description":"Sveikatos medicinos klinika","potentialAction":[{"@type":"SearchAction","target":{"@type":"EntryPoint","urlTemplate":"https:\/\/medicinasinc.com\/lt\/?s={search_term_string}"},"query-input":{"@type":"PropertyValueSpecification","valueRequired":true,"valueName":"search_term_string"}}],"inLanguage":"en-US"}]}},"_links":{"self":[{"href":"https:\/\/medicinasinc.com\/lt\/wp-json\/wp\/v2\/product\/4575","targetHints":{"allow":["GET"]}}],"collection":[{"href":"https:\/\/medicinasinc.com\/lt\/wp-json\/wp\/v2\/product"}],"about":[{"href":"https:\/\/medicinasinc.com\/lt\/wp-json\/wp\/v2\/types\/product"}],"replies":[{"embeddable":true,"href":"https:\/\/medicinasinc.com\/lt\/wp-json\/wp\/v2\/comments?post=4575"}],"wp:featuredmedia":[{"embeddable":true,"href":"https:\/\/medicinasinc.com\/lt\/wp-json\/wp\/v2\/media\/4587"}],"wp:attachment":[{"href":"https:\/\/medicinasinc.com\/lt\/wp-json\/wp\/v2\/media?parent=4575"}],"wp:term":[{"taxonomy":"product_brand","embeddable":true,"href":"https:\/\/medicinasinc.com\/lt\/wp-json\/wp\/v2\/product_brand?post=4575"},{"taxonomy":"product_cat","embeddable":true,"href":"https:\/\/medicinasinc.com\/lt\/wp-json\/wp\/v2\/product_cat?post=4575"},{"taxonomy":"product_tag","embeddable":true,"href":"https:\/\/medicinasinc.com\/lt\/wp-json\/wp\/v2\/product_tag?post=4575"}],"curies":[{"name":"wp","href":"https:\/\/api.w.org\/{rel}","templated":true}]}}