{"id":4535,"date":"2022-02-20T10:31:14","date_gmt":"2022-02-20T10:31:14","guid":{"rendered":"https:\/\/medicinasinc.com\/lt\/?post_type=product&#038;p=4535"},"modified":"2022-03-20T12:39:21","modified_gmt":"2022-03-20T12:39:21","slug":"pirk-pilkos-bugatti-mdma-pills","status":"publish","type":"product","link":"https:\/\/medicinasinc.com\/lt\/product\/pirk-pilkos-bugatti-mdma-pills\/","title":{"rendered":"Pirkite pilkas Bugatti MDMA tabletes"},"content":{"rendered":"<p>PIRKTI INTERNETU GREY BUGATTI MDMA PILLEES<\/p>\n<p>MDMA (metamfetaminas-metilendioksimetamfetaminas) yra sintetinis stimuliatorius, kei\u010diantis suvokim\u0105 ir nuotaik\u0105 (aplinkini\u0173 s\u0105lyg\u0173 ir objekt\u0173 suvokim\u0105). Cheminiu po\u017ei\u016briu jis pana\u0161us \u012f haliucinogenus ir stimuliatorius, sukelia padid\u0117jus\u012f malonum\u0105, energij\u0105, emocin\u0119 \u0161ilum\u0105, laiko suvokim\u0105 ir i\u0161kreipt\u0105 jutimin\u012f suvokim\u0105. \u012esigykite gryn\u0105 mdma internetu.<\/p>\n<p>MDMA i\u0161 prad\u017ei\u0173 buvo populiarus vis\u0105 nakt\u012f trunkan\u010diuose \u0161oki\u0173 vakar\u0117liuose ir naktiniuose klubuose, ta\u010diau dabar \u0161is narkotikas paveikia \u012fvairi\u0105 \u017emoni\u0173 grup\u0119, kuri j\u012f vadina Molly arba Ecstasy. Pilk\u0173 Bugatti MDMA table\u010di\u0173 pirkimas internetu<\/p>\n<p>Ecstasy yra stimuliuojantis vaistas, galintis sukelti haliucinacijas. Asmenys vadinami dizaineri\u0173 sukurtais narkotikais, nes d\u0117l j\u0173 \u017emogus jau\u010diasi atsipalaidav\u0119s, energingas ir pakil\u0119s. \u0160is vaistas ypa\u010d populiarus tarp jaun\u0173 suaugusi\u0173j\u0173 ir paaugli\u0173, kurie lankosi koncertuose, klubuose ir \u201ereivo\u201c vakar\u0117liuose. \u012esigykite mdma internetu<\/p>\n<p>Ecstasy da\u017enai vadinamas \u201emeil\u0117s piliule\u201c, nes jis pagerina garso ir spalv\u0173 suvokim\u0105 ir tariamai sustiprina poj\u016b\u010dius, kai vienas kit\u0105 glamon\u0117ja ar palie\u010dia, ypa\u010d sekso metu. Taip pat galite \u012fsigyti Viagra, kad pagerintum\u0117te lytinius santykius.<\/p>\n<p>Vartotojai mano, kad \u0161is vaistas leis jiems atsipalaiduoti ir gerai jaustis, be to, jie i\u0161liks kelias dienas be poilsio. Asmenys, vartojantys Ecstasy, ne\u017eino su \u0161iuo vaistu susijusi\u0173 pavoj\u0173. Kur galiu internetu nusipirkti gryno mdma?<\/p>\n<p>Ecstasy tapo vienu i\u0161 pla\u010diausiai prieinam\u0173 gatv\u0117s narkotik\u0173. Per pastaruosius por\u0105 met\u0173 ekstazis d\u0117l pavojingo \u0161alutinio poveikio daugel\u012f m\u016bs\u0173 i\u0161siunt\u0117 \u012f greitosios pagalbos skyrius. U\u017esisakykite MDMA Europos S\u0105jungoje, ar galiu nusipirkti MDMA internetu, didmenine prekyba MDMA internetu, grynas MDMA pardavimas internetu, tikras mdma pardavimas internetu Jungtin\u0117se Amerikos Valstijose<\/p>\n","protected":false},"excerpt":{"rendered":"<p>Pirkite pilkas \u201eBugatti MDMA\u201c tabletes internetu u\u017e geriausi\u0105 kain\u0105. Garantuojame saug\u0173 pristatym\u0105 visame pasaulyje. U\u017esisakykite MDMA ES, ar galiu nusipirkti MDMA internetu, didmenin\u0117 prekyba MDMA internetu<\/p>\n<p><em>Pirkite pilkas Bugatti MDMA tabletes<\/em>\u00a0internetu u\u017e geriausi\u0105 kain\u0105. Garantuojame saug\u0173 pristatym\u0105 visame pasaulyje. \u201eWhatsApp\u201c dabar<\/p>\n","protected":false},"featured_media":4558,"comment_status":"open","ping_status":"closed","template":"","meta":[],"product_brand":[],"product_cat":[498],"product_tag":[508,499,501,502,503,506,509,542,511,510,546,547,544,545,512,513,514,515,516,517,518,529,534,521,522,524,526,527,528,535,538,519,520,531,532,533,525,530,536,540,523,500,505,507,504,537,541,543,539],"class_list":{"0":"post-4535","1":"product","2":"type-product","3":"status-publish","4":"has-post-thumbnail","6":"product_cat-pirkti-ecstasy-tabletes","7":"product_tag-galiu-usisakyti-mdma-online","8":"product_tag-buy-gray-bugatti-mdma-pills-online","9":"product_tag-buy-mdma-online","10":"product_tag-buy-mdma-pills","11":"product_tag-buy-mdma-pills-online","12":"product_tag-buy-pure-mdma-online","13":"product_tag-get-mdma-online","14":"product_tag-pure-mdma-parduodama-online","15":"product_tag-illegal-drugs-for-sale-online-mdma","16":"product_tag-kaip-usisakyti-mdma","17":"product_tag-kur-pirkti-pure-mdma-online","18":"product_tag-kur-pirkti-grynas-molly-internete","19":"product_tag-kur-pirkti-mdma-tabletes","20":"product_tag-kur-pirkti-mdma-tabletes-internete","21":"product_tag-mdma","22":"product_tag-mdma-100-mg","23":"product_tag-mdma-1g","24":"product_tag-mdma-3-4-metilendioksi-n-metilamfetaminas","25":"product_tag-mdma-3g","26":"product_tag-mdma-for-sale","27":"product_tag-mdma-for-sale-online","28":"product_tag-mdma-internetin-parduotuv","29":"product_tag-mdma-pardavimas","30":"product_tag-mdma-molly","31":"product_tag-mdma-molly-crystals","32":"product_tag-mdma-molly-milteliai","33":"product_tag-mdma-online-sale","34":"product_tag-mdma-online-sales","35":"product_tag-mdma-online-sales-vendors","36":"product_tag-mdma-pardavimai","37":"product_tag-internetinis-mdma-pardavimas","38":"product_tag-mdma-parduodama-online-usa","39":"product_tag-mdma-parduodama-usisakyti-online","40":"product_tag-mdma-pics","41":"product_tag-mdma-tablet","42":"product_tag-mdma-tabletes-parduodama-internetu","43":"product_tag-mdma-online-order","44":"product_tag-mdma-u-c5-besakymas-internet","45":"product_tag-molly-mdma-milteliai","46":"product_tag-order-pure-mdma-online","47":"product_tag-mdma-molly-parduodamas","48":"product_tag-pirk-mdma","49":"product_tag-pirkti-mollymdma-online","50":"product_tag-pirkti-tyrinti-chemikalus-internetu","51":"product_tag-pirkti-molly-internetu","52":"product_tag-prisijungs","53":"product_tag-pure-mdma","54":"product_tag-real-mdma-for-sale-online","55":"product_tag-usisakyti-mdma-internetu","57":"first","58":"instock","59":"shipping-taxable","60":"purchasable","61":"product-type-variable","62":"has-default-attributes"},"yoast_head":"<!-- This site is optimized with the Yoast SEO plugin v27.3 - https:\/\/yoast.com\/product\/yoast-seo-wordpress\/ -->\n<title>Pirkite pilkas Bugatti MDMA tabletes \u2013 geriausius pasaulinius vaistus<\/title>\n<meta name=\"description\" content=\"Pirkite pilkas Bugatti MDMA tabletes internetu u\u017e geriausi\u0105 kain\u0105. Garantuojame saug\u0173 pristatym\u0105 visame pasaulyje. U\u017esisakykite MDMA ES, ar galiu nusipirkti MDMA internetu, didmenin\u0117 prekyba MDMA internetu\" \/>\n<meta name=\"robots\" content=\"index, follow, max-snippet:-1, max-image-preview:large, max-video-preview:-1\" \/>\n<link rel=\"canonical\" href=\"https:\/\/medicinasinc.com\/lt\/product\/pirk-pilkos-bugatti-mdma-pills\/\" \/>\n<meta property=\"og:locale\" content=\"en_US\" \/>\n<meta property=\"og:type\" content=\"article\" \/>\n<meta property=\"og:title\" content=\"Pirkite pilkas Bugatti MDMA tabletes \u2013 geriausius pasaulinius vaistus\" \/>\n<meta property=\"og:description\" content=\"Pirkite pilkas Bugatti MDMA tabletes internetu u\u017e geriausi\u0105 kain\u0105. Garantuojame saug\u0173 pristatym\u0105 visame pasaulyje. U\u017esisakykite MDMA ES, ar galiu nusipirkti MDMA internetu, didmenin\u0117 prekyba MDMA internetu\" \/>\n<meta property=\"og:url\" content=\"https:\/\/medicinasinc.com\/lt\/product\/pirk-pilkos-bugatti-mdma-pills\/\" \/>\n<meta property=\"og:site_name\" content=\"Medicinas Inc\" \/>\n<meta property=\"article:modified_time\" content=\"2022-03-20T12:39:21+00:00\" \/>\n<meta property=\"og:image\" content=\"https:\/\/medicinasinc.com\/lt\/wp-content\/uploads\/sites\/9\/2022\/02\/buy-gray-bugatti-mdma-pills-online.jpg\" \/>\n\t<meta property=\"og:image:width\" content=\"600\" \/>\n\t<meta property=\"og:image:height\" content=\"600\" \/>\n\t<meta property=\"og:image:type\" content=\"image\/jpeg\" \/>\n<meta name=\"twitter:card\" content=\"summary_large_image\" \/>\n<meta name=\"twitter:label1\" content=\"Est. reading time\" \/>\n\t<meta name=\"twitter:data1\" content=\"2 minutes\" \/>\n<script type=\"application\/ld+json\" class=\"yoast-schema-graph\">{\"@context\":\"https:\\\/\\\/schema.org\",\"@graph\":[{\"@type\":\"WebPage\",\"@id\":\"https:\\\/\\\/medicinasinc.com\\\/lt\\\/product\\\/pirk-pilkos-bugatti-mdma-pills\\\/\",\"url\":\"https:\\\/\\\/medicinasinc.com\\\/lt\\\/product\\\/pirk-pilkos-bugatti-mdma-pills\\\/\",\"name\":\"Pirkite pilkas Bugatti MDMA tabletes \u2013 geriausius pasaulinius vaistus\",\"isPartOf\":{\"@id\":\"https:\\\/\\\/medicinasinc.com\\\/lt\\\/#website\"},\"primaryImageOfPage\":{\"@id\":\"https:\\\/\\\/medicinasinc.com\\\/lt\\\/product\\\/pirk-pilkos-bugatti-mdma-pills\\\/#primaryimage\"},\"image\":{\"@id\":\"https:\\\/\\\/medicinasinc.com\\\/lt\\\/product\\\/pirk-pilkos-bugatti-mdma-pills\\\/#primaryimage\"},\"thumbnailUrl\":\"https:\\\/\\\/medicinasinc.com\\\/lt\\\/wp-content\\\/uploads\\\/sites\\\/9\\\/2022\\\/02\\\/buy-gray-bugatti-mdma-pills-online.jpg\",\"datePublished\":\"2022-02-20T10:31:14+00:00\",\"dateModified\":\"2022-03-20T12:39:21+00:00\",\"description\":\"Pirkite pilkas Bugatti MDMA tabletes internetu u\u017e geriausi\u0105 kain\u0105. Garantuojame saug\u0173 pristatym\u0105 visame pasaulyje. U\u017esisakykite MDMA ES, ar galiu nusipirkti MDMA internetu, didmenin\u0117 prekyba MDMA internetu\",\"breadcrumb\":{\"@id\":\"https:\\\/\\\/medicinasinc.com\\\/lt\\\/product\\\/pirk-pilkos-bugatti-mdma-pills\\\/#breadcrumb\"},\"inLanguage\":\"en-US\",\"potentialAction\":[{\"@type\":\"ReadAction\",\"target\":[\"https:\\\/\\\/medicinasinc.com\\\/lt\\\/product\\\/pirk-pilkos-bugatti-mdma-pills\\\/\"]}]},{\"@type\":\"ImageObject\",\"inLanguage\":\"en-US\",\"@id\":\"https:\\\/\\\/medicinasinc.com\\\/lt\\\/product\\\/pirk-pilkos-bugatti-mdma-pills\\\/#primaryimage\",\"url\":\"https:\\\/\\\/medicinasinc.com\\\/lt\\\/wp-content\\\/uploads\\\/sites\\\/9\\\/2022\\\/02\\\/buy-gray-bugatti-mdma-pills-online.jpg\",\"contentUrl\":\"https:\\\/\\\/medicinasinc.com\\\/lt\\\/wp-content\\\/uploads\\\/sites\\\/9\\\/2022\\\/02\\\/buy-gray-bugatti-mdma-pills-online.jpg\",\"width\":600,\"height\":600},{\"@type\":\"BreadcrumbList\",\"@id\":\"https:\\\/\\\/medicinasinc.com\\\/lt\\\/product\\\/pirk-pilkos-bugatti-mdma-pills\\\/#breadcrumb\",\"itemListElement\":[{\"@type\":\"ListItem\",\"position\":1,\"name\":\"Parduotuv\u0117\",\"item\":\"https:\\\/\\\/medicinasinc.com\\\/lt\\\/parduotuve\\\/\"},{\"@type\":\"ListItem\",\"position\":2,\"name\":\"Pirkite pilkas Bugatti MDMA tabletes\"}]},{\"@type\":\"WebSite\",\"@id\":\"https:\\\/\\\/medicinasinc.com\\\/lt\\\/#website\",\"url\":\"https:\\\/\\\/medicinasinc.com\\\/lt\\\/\",\"name\":\"Medicinas Inc\",\"description\":\"Sveikatos medicinos klinika\",\"potentialAction\":[{\"@type\":\"SearchAction\",\"target\":{\"@type\":\"EntryPoint\",\"urlTemplate\":\"https:\\\/\\\/medicinasinc.com\\\/lt\\\/?s={search_term_string}\"},\"query-input\":{\"@type\":\"PropertyValueSpecification\",\"valueRequired\":true,\"valueName\":\"search_term_string\"}}],\"inLanguage\":\"en-US\"}]}<\/script>\n<!-- \/ Yoast SEO plugin. -->","yoast_head_json":{"title":"Pirkite pilkas Bugatti MDMA tabletes \u2013 geriausius pasaulinius vaistus","description":"Pirkite pilkas Bugatti MDMA tabletes internetu u\u017e geriausi\u0105 kain\u0105. Garantuojame saug\u0173 pristatym\u0105 visame pasaulyje. U\u017esisakykite MDMA ES, ar galiu nusipirkti MDMA internetu, didmenin\u0117 prekyba MDMA internetu","robots":{"index":"index","follow":"follow","max-snippet":"max-snippet:-1","max-image-preview":"max-image-preview:large","max-video-preview":"max-video-preview:-1"},"canonical":"https:\/\/medicinasinc.com\/lt\/product\/pirk-pilkos-bugatti-mdma-pills\/","og_locale":"en_US","og_type":"article","og_title":"Pirkite pilkas Bugatti MDMA tabletes \u2013 geriausius pasaulinius vaistus","og_description":"Pirkite pilkas Bugatti MDMA tabletes internetu u\u017e geriausi\u0105 kain\u0105. Garantuojame saug\u0173 pristatym\u0105 visame pasaulyje. U\u017esisakykite MDMA ES, ar galiu nusipirkti MDMA internetu, didmenin\u0117 prekyba MDMA internetu","og_url":"https:\/\/medicinasinc.com\/lt\/product\/pirk-pilkos-bugatti-mdma-pills\/","og_site_name":"Medicinas Inc","article_modified_time":"2022-03-20T12:39:21+00:00","og_image":[{"width":600,"height":600,"url":"https:\/\/medicinasinc.com\/lt\/wp-content\/uploads\/sites\/9\/2022\/02\/buy-gray-bugatti-mdma-pills-online.jpg","type":"image\/jpeg"}],"twitter_card":"summary_large_image","twitter_misc":{"Est. reading time":"2 minutes"},"schema":{"@context":"https:\/\/schema.org","@graph":[{"@type":"WebPage","@id":"https:\/\/medicinasinc.com\/lt\/product\/pirk-pilkos-bugatti-mdma-pills\/","url":"https:\/\/medicinasinc.com\/lt\/product\/pirk-pilkos-bugatti-mdma-pills\/","name":"Pirkite pilkas Bugatti MDMA tabletes \u2013 geriausius pasaulinius vaistus","isPartOf":{"@id":"https:\/\/medicinasinc.com\/lt\/#website"},"primaryImageOfPage":{"@id":"https:\/\/medicinasinc.com\/lt\/product\/pirk-pilkos-bugatti-mdma-pills\/#primaryimage"},"image":{"@id":"https:\/\/medicinasinc.com\/lt\/product\/pirk-pilkos-bugatti-mdma-pills\/#primaryimage"},"thumbnailUrl":"https:\/\/medicinasinc.com\/lt\/wp-content\/uploads\/sites\/9\/2022\/02\/buy-gray-bugatti-mdma-pills-online.jpg","datePublished":"2022-02-20T10:31:14+00:00","dateModified":"2022-03-20T12:39:21+00:00","description":"Pirkite pilkas Bugatti MDMA tabletes internetu u\u017e geriausi\u0105 kain\u0105. Garantuojame saug\u0173 pristatym\u0105 visame pasaulyje. U\u017esisakykite MDMA ES, ar galiu nusipirkti MDMA internetu, didmenin\u0117 prekyba MDMA internetu","breadcrumb":{"@id":"https:\/\/medicinasinc.com\/lt\/product\/pirk-pilkos-bugatti-mdma-pills\/#breadcrumb"},"inLanguage":"en-US","potentialAction":[{"@type":"ReadAction","target":["https:\/\/medicinasinc.com\/lt\/product\/pirk-pilkos-bugatti-mdma-pills\/"]}]},{"@type":"ImageObject","inLanguage":"en-US","@id":"https:\/\/medicinasinc.com\/lt\/product\/pirk-pilkos-bugatti-mdma-pills\/#primaryimage","url":"https:\/\/medicinasinc.com\/lt\/wp-content\/uploads\/sites\/9\/2022\/02\/buy-gray-bugatti-mdma-pills-online.jpg","contentUrl":"https:\/\/medicinasinc.com\/lt\/wp-content\/uploads\/sites\/9\/2022\/02\/buy-gray-bugatti-mdma-pills-online.jpg","width":600,"height":600},{"@type":"BreadcrumbList","@id":"https:\/\/medicinasinc.com\/lt\/product\/pirk-pilkos-bugatti-mdma-pills\/#breadcrumb","itemListElement":[{"@type":"ListItem","position":1,"name":"Parduotuv\u0117","item":"https:\/\/medicinasinc.com\/lt\/parduotuve\/"},{"@type":"ListItem","position":2,"name":"Pirkite pilkas Bugatti MDMA tabletes"}]},{"@type":"WebSite","@id":"https:\/\/medicinasinc.com\/lt\/#website","url":"https:\/\/medicinasinc.com\/lt\/","name":"Medicinas Inc","description":"Sveikatos medicinos klinika","potentialAction":[{"@type":"SearchAction","target":{"@type":"EntryPoint","urlTemplate":"https:\/\/medicinasinc.com\/lt\/?s={search_term_string}"},"query-input":{"@type":"PropertyValueSpecification","valueRequired":true,"valueName":"search_term_string"}}],"inLanguage":"en-US"}]}},"_links":{"self":[{"href":"https:\/\/medicinasinc.com\/lt\/wp-json\/wp\/v2\/product\/4535","targetHints":{"allow":["GET"]}}],"collection":[{"href":"https:\/\/medicinasinc.com\/lt\/wp-json\/wp\/v2\/product"}],"about":[{"href":"https:\/\/medicinasinc.com\/lt\/wp-json\/wp\/v2\/types\/product"}],"replies":[{"embeddable":true,"href":"https:\/\/medicinasinc.com\/lt\/wp-json\/wp\/v2\/comments?post=4535"}],"wp:featuredmedia":[{"embeddable":true,"href":"https:\/\/medicinasinc.com\/lt\/wp-json\/wp\/v2\/media\/4558"}],"wp:attachment":[{"href":"https:\/\/medicinasinc.com\/lt\/wp-json\/wp\/v2\/media?parent=4535"}],"wp:term":[{"taxonomy":"product_brand","embeddable":true,"href":"https:\/\/medicinasinc.com\/lt\/wp-json\/wp\/v2\/product_brand?post=4535"},{"taxonomy":"product_cat","embeddable":true,"href":"https:\/\/medicinasinc.com\/lt\/wp-json\/wp\/v2\/product_cat?post=4535"},{"taxonomy":"product_tag","embeddable":true,"href":"https:\/\/medicinasinc.com\/lt\/wp-json\/wp\/v2\/product_tag?post=4535"}],"curies":[{"name":"wp","href":"https:\/\/api.w.org\/{rel}","templated":true}]}}