{"id":4534,"date":"2022-02-20T10:30:39","date_gmt":"2022-02-20T10:30:39","guid":{"rendered":"https:\/\/medicinasinc.com\/lt\/?post_type=product&#038;p=4534"},"modified":"2022-03-20T12:39:30","modified_gmt":"2022-03-20T12:39:30","slug":"pirk-zalia-zvaigzde-ecstasy-tabletes","status":"publish","type":"product","link":"https:\/\/medicinasinc.com\/lt\/product\/pirk-zalia-zvaigzde-ecstasy-tabletes\/","title":{"rendered":"Pirkite Green Star Ecstasy tabletes"},"content":{"rendered":"<p>Ecstasy Green Star 254 mg Pirkite internetu<\/p>\n<p>Green Star ekstazio tablet\u0117s parduodamos internetu.<\/p>\n<p>Ecstasy buvo sukurtas 1912 m. d\u0117l Merck santyki\u0173 su narkotikais. D\u0117l naujos strukt\u016bros jis buvo pavadintas \u201eMDMA\u201c. Pirm\u0105 kart\u0105 JAV ginkluotosios paj\u0117gos j\u012f panaudojo 1953 m. psichin\u0117s kovos testams, o septintajame de\u0161imtmetyje buvo trumpam atkurtas kaip psichoterapinis receptas \u201ema\u017eesniam slopinimui\u201c. 1 MDMA nebuvo naudojamas kaip socialini\u0173 reikal\u0173 medicina iki a\u0161tuntojo de\u0161imtme\u010dio.<\/p>\n<p>Iki XX am\u017eiaus devintojo de\u0161imtme\u010dio vidurio MDMA buvo reklamuojamas kaip \u201elabiausiai burbuliuojantis metodas, siekiantis linksmintis per moksl\u0105\u201c ir kaip ilgalaikiams vakar\u0117liams skirtas \u201evaistas\u201c. 1984 m. MDMA vis dar buvo parduodamas su prek\u0117s \u017eenklu \u201eDelight\u201c, ta\u010diau 1985 m. vaistai buvo apriboti d\u0117l saugumo sumetim\u0173.<br \/> \u017dalioji \u017evaig\u017ed\u0117 \u201eEcstacy\u201c gali b\u016bti ypa\u010d naudinga tiems, kurie susiduria su po siaub\u0173. neatid\u0117liotin\u0173 veiksni\u0173 problemos (PTSD). Daugelis pacient\u0173 negali aptarti varginan\u010di\u0173 \u012fvyki\u0173, kurie suk\u0117l\u0117 j\u0173 problemas. Remiantis \u0161ia teorija, d\u017eiaugsmas gali pad\u0117ti \u017emon\u0117ms susidoroti su \u0161iomis \u017eaizdomis.<\/p>\n<p>50 met\u0173 Doblinas n\u0117ra dalyko ekspertas ar tyr\u0117jas, ta\u010diau jis yra pla\u010diai susij\u0119s su medicina, nes da\u017enai j\u0105 vartoja. . \u201eTai labai pakeit\u0117 mano gyvenim\u0105\u201c, \u2013 paai\u0161kino jis. B\u0117gant metams jis prisipa\u017eino skleid\u0119s \u017eini\u0105, kad \u201eRapture\u201c ir \u012fvair\u016bs haliucinogeniniai vaistai turi esmini\u0173 pasekmi\u0173 sveikatai.<br \/> Jei tikrai ie\u0161kote verslo, kuris gal\u0117t\u0173 tiekti auk\u0161\u010diausios kokyb\u0117s produktus, at\u0117jote teisingu keliu. vieta. M\u016bs\u0173 fonde galite pasirinkti geriausias prekes, kurios pad\u0117s sukurti pasitik\u0117jim\u0105 ir u\u017emegzti su mumis teis\u0117tus santykius d\u0117l auk\u0161tos m\u016bs\u0173 gamini\u0173 kokyb\u0117s. Pateikite u\u017eklaus\u0105 dabar ir Green star ecstasy bus pristatytas iki j\u016bs\u0173 dur\u0173 per penkias darbo dienas.<\/p>\n","protected":false},"excerpt":{"rendered":"<p>Pirkite Green Star ekstazio tabletes JK, Europoje internetu. Pirkite Green Star ecstasy tabletes internetu i\u0161 patikimiausio mdma tiek\u0117jo, garantuojame diskreti\u0161k\u0105 ir saug\u0173 pristatym\u0105<\/p>\n","protected":false},"featured_media":4557,"comment_status":"open","ping_status":"closed","template":"","meta":[],"product_brand":[],"product_cat":[498],"product_tag":[],"class_list":{"0":"post-4534","1":"product","2":"type-product","3":"status-publish","4":"has-post-thumbnail","6":"product_cat-pirkti-ecstasy-tabletes","8":"first","9":"instock","10":"shipping-taxable","11":"purchasable","12":"product-type-variable","13":"has-default-attributes"},"yoast_head":"<!-- This site is optimized with the Yoast SEO plugin v27.3 - https:\/\/yoast.com\/product\/yoast-seo-wordpress\/ -->\n<title>Pirkite Green Star Ecstasy tabletes \u2013 geriausius pasaulinius vaistus<\/title>\n<meta name=\"description\" content=\"Pirkite Green Star ekstazi tabletes JK, Europa internetu. Pirkite Green Star ecstasy tabletes internetu i\u0161 patikimiausio mdma tiek\u0117jo, garantuojame diskreti\u0161k\u0105 ir saug\u0173 pristatym\u0105\" \/>\n<meta name=\"robots\" content=\"index, follow, max-snippet:-1, max-image-preview:large, max-video-preview:-1\" \/>\n<link rel=\"canonical\" href=\"https:\/\/medicinasinc.com\/lt\/product\/pirk-zalia-zvaigzde-ecstasy-tabletes\/\" \/>\n<meta property=\"og:locale\" content=\"en_US\" \/>\n<meta property=\"og:type\" content=\"article\" \/>\n<meta property=\"og:title\" content=\"Pirkite Green Star Ecstasy tabletes \u2013 geriausius pasaulinius vaistus\" \/>\n<meta property=\"og:description\" content=\"Pirkite Green Star ekstazi tabletes JK, Europa internetu. Pirkite Green Star ecstasy tabletes internetu i\u0161 patikimiausio mdma tiek\u0117jo, garantuojame diskreti\u0161k\u0105 ir saug\u0173 pristatym\u0105\" \/>\n<meta property=\"og:url\" content=\"https:\/\/medicinasinc.com\/lt\/product\/pirk-zalia-zvaigzde-ecstasy-tabletes\/\" \/>\n<meta property=\"og:site_name\" content=\"Medicinas Inc\" \/>\n<meta property=\"article:modified_time\" content=\"2022-03-20T12:39:30+00:00\" \/>\n<meta property=\"og:image\" content=\"https:\/\/medicinasinc.com\/lt\/wp-content\/uploads\/sites\/9\/2022\/02\/buy-green-star-ecstasy-pills-online.jpg\" \/>\n\t<meta property=\"og:image:width\" content=\"600\" \/>\n\t<meta property=\"og:image:height\" content=\"600\" \/>\n\t<meta property=\"og:image:type\" content=\"image\/jpeg\" \/>\n<meta name=\"twitter:card\" content=\"summary_large_image\" \/>\n<meta name=\"twitter:label1\" content=\"Est. reading time\" \/>\n\t<meta name=\"twitter:data1\" content=\"2 minutes\" \/>\n<script type=\"application\/ld+json\" class=\"yoast-schema-graph\">{\"@context\":\"https:\\\/\\\/schema.org\",\"@graph\":[{\"@type\":\"WebPage\",\"@id\":\"https:\\\/\\\/medicinasinc.com\\\/lt\\\/product\\\/pirk-zalia-zvaigzde-ecstasy-tabletes\\\/\",\"url\":\"https:\\\/\\\/medicinasinc.com\\\/lt\\\/product\\\/pirk-zalia-zvaigzde-ecstasy-tabletes\\\/\",\"name\":\"Pirkite Green Star Ecstasy tabletes \u2013 geriausius pasaulinius vaistus\",\"isPartOf\":{\"@id\":\"https:\\\/\\\/medicinasinc.com\\\/lt\\\/#website\"},\"primaryImageOfPage\":{\"@id\":\"https:\\\/\\\/medicinasinc.com\\\/lt\\\/product\\\/pirk-zalia-zvaigzde-ecstasy-tabletes\\\/#primaryimage\"},\"image\":{\"@id\":\"https:\\\/\\\/medicinasinc.com\\\/lt\\\/product\\\/pirk-zalia-zvaigzde-ecstasy-tabletes\\\/#primaryimage\"},\"thumbnailUrl\":\"https:\\\/\\\/medicinasinc.com\\\/lt\\\/wp-content\\\/uploads\\\/sites\\\/9\\\/2022\\\/02\\\/buy-green-star-ecstasy-pills-online.jpg\",\"datePublished\":\"2022-02-20T10:30:39+00:00\",\"dateModified\":\"2022-03-20T12:39:30+00:00\",\"description\":\"Pirkite Green Star ekstazi tabletes JK, Europa internetu. Pirkite Green Star ecstasy tabletes internetu i\u0161 patikimiausio mdma tiek\u0117jo, garantuojame diskreti\u0161k\u0105 ir saug\u0173 pristatym\u0105\",\"breadcrumb\":{\"@id\":\"https:\\\/\\\/medicinasinc.com\\\/lt\\\/product\\\/pirk-zalia-zvaigzde-ecstasy-tabletes\\\/#breadcrumb\"},\"inLanguage\":\"en-US\",\"potentialAction\":[{\"@type\":\"ReadAction\",\"target\":[\"https:\\\/\\\/medicinasinc.com\\\/lt\\\/product\\\/pirk-zalia-zvaigzde-ecstasy-tabletes\\\/\"]}]},{\"@type\":\"ImageObject\",\"inLanguage\":\"en-US\",\"@id\":\"https:\\\/\\\/medicinasinc.com\\\/lt\\\/product\\\/pirk-zalia-zvaigzde-ecstasy-tabletes\\\/#primaryimage\",\"url\":\"https:\\\/\\\/medicinasinc.com\\\/lt\\\/wp-content\\\/uploads\\\/sites\\\/9\\\/2022\\\/02\\\/buy-green-star-ecstasy-pills-online.jpg\",\"contentUrl\":\"https:\\\/\\\/medicinasinc.com\\\/lt\\\/wp-content\\\/uploads\\\/sites\\\/9\\\/2022\\\/02\\\/buy-green-star-ecstasy-pills-online.jpg\",\"width\":600,\"height\":600},{\"@type\":\"BreadcrumbList\",\"@id\":\"https:\\\/\\\/medicinasinc.com\\\/lt\\\/product\\\/pirk-zalia-zvaigzde-ecstasy-tabletes\\\/#breadcrumb\",\"itemListElement\":[{\"@type\":\"ListItem\",\"position\":1,\"name\":\"Parduotuv\u0117\",\"item\":\"https:\\\/\\\/medicinasinc.com\\\/lt\\\/parduotuve\\\/\"},{\"@type\":\"ListItem\",\"position\":2,\"name\":\"Pirkite Green Star Ecstasy tabletes\"}]},{\"@type\":\"WebSite\",\"@id\":\"https:\\\/\\\/medicinasinc.com\\\/lt\\\/#website\",\"url\":\"https:\\\/\\\/medicinasinc.com\\\/lt\\\/\",\"name\":\"Medicinas Inc\",\"description\":\"Sveikatos medicinos klinika\",\"potentialAction\":[{\"@type\":\"SearchAction\",\"target\":{\"@type\":\"EntryPoint\",\"urlTemplate\":\"https:\\\/\\\/medicinasinc.com\\\/lt\\\/?s={search_term_string}\"},\"query-input\":{\"@type\":\"PropertyValueSpecification\",\"valueRequired\":true,\"valueName\":\"search_term_string\"}}],\"inLanguage\":\"en-US\"}]}<\/script>\n<!-- \/ Yoast SEO plugin. -->","yoast_head_json":{"title":"Pirkite Green Star Ecstasy tabletes \u2013 geriausius pasaulinius vaistus","description":"Pirkite Green Star ekstazi tabletes JK, Europa internetu. Pirkite Green Star ecstasy tabletes internetu i\u0161 patikimiausio mdma tiek\u0117jo, garantuojame diskreti\u0161k\u0105 ir saug\u0173 pristatym\u0105","robots":{"index":"index","follow":"follow","max-snippet":"max-snippet:-1","max-image-preview":"max-image-preview:large","max-video-preview":"max-video-preview:-1"},"canonical":"https:\/\/medicinasinc.com\/lt\/product\/pirk-zalia-zvaigzde-ecstasy-tabletes\/","og_locale":"en_US","og_type":"article","og_title":"Pirkite Green Star Ecstasy tabletes \u2013 geriausius pasaulinius vaistus","og_description":"Pirkite Green Star ekstazi tabletes JK, Europa internetu. Pirkite Green Star ecstasy tabletes internetu i\u0161 patikimiausio mdma tiek\u0117jo, garantuojame diskreti\u0161k\u0105 ir saug\u0173 pristatym\u0105","og_url":"https:\/\/medicinasinc.com\/lt\/product\/pirk-zalia-zvaigzde-ecstasy-tabletes\/","og_site_name":"Medicinas Inc","article_modified_time":"2022-03-20T12:39:30+00:00","og_image":[{"width":600,"height":600,"url":"https:\/\/medicinasinc.com\/lt\/wp-content\/uploads\/sites\/9\/2022\/02\/buy-green-star-ecstasy-pills-online.jpg","type":"image\/jpeg"}],"twitter_card":"summary_large_image","twitter_misc":{"Est. reading time":"2 minutes"},"schema":{"@context":"https:\/\/schema.org","@graph":[{"@type":"WebPage","@id":"https:\/\/medicinasinc.com\/lt\/product\/pirk-zalia-zvaigzde-ecstasy-tabletes\/","url":"https:\/\/medicinasinc.com\/lt\/product\/pirk-zalia-zvaigzde-ecstasy-tabletes\/","name":"Pirkite Green Star Ecstasy tabletes \u2013 geriausius pasaulinius vaistus","isPartOf":{"@id":"https:\/\/medicinasinc.com\/lt\/#website"},"primaryImageOfPage":{"@id":"https:\/\/medicinasinc.com\/lt\/product\/pirk-zalia-zvaigzde-ecstasy-tabletes\/#primaryimage"},"image":{"@id":"https:\/\/medicinasinc.com\/lt\/product\/pirk-zalia-zvaigzde-ecstasy-tabletes\/#primaryimage"},"thumbnailUrl":"https:\/\/medicinasinc.com\/lt\/wp-content\/uploads\/sites\/9\/2022\/02\/buy-green-star-ecstasy-pills-online.jpg","datePublished":"2022-02-20T10:30:39+00:00","dateModified":"2022-03-20T12:39:30+00:00","description":"Pirkite Green Star ekstazi tabletes JK, Europa internetu. Pirkite Green Star ecstasy tabletes internetu i\u0161 patikimiausio mdma tiek\u0117jo, garantuojame diskreti\u0161k\u0105 ir saug\u0173 pristatym\u0105","breadcrumb":{"@id":"https:\/\/medicinasinc.com\/lt\/product\/pirk-zalia-zvaigzde-ecstasy-tabletes\/#breadcrumb"},"inLanguage":"en-US","potentialAction":[{"@type":"ReadAction","target":["https:\/\/medicinasinc.com\/lt\/product\/pirk-zalia-zvaigzde-ecstasy-tabletes\/"]}]},{"@type":"ImageObject","inLanguage":"en-US","@id":"https:\/\/medicinasinc.com\/lt\/product\/pirk-zalia-zvaigzde-ecstasy-tabletes\/#primaryimage","url":"https:\/\/medicinasinc.com\/lt\/wp-content\/uploads\/sites\/9\/2022\/02\/buy-green-star-ecstasy-pills-online.jpg","contentUrl":"https:\/\/medicinasinc.com\/lt\/wp-content\/uploads\/sites\/9\/2022\/02\/buy-green-star-ecstasy-pills-online.jpg","width":600,"height":600},{"@type":"BreadcrumbList","@id":"https:\/\/medicinasinc.com\/lt\/product\/pirk-zalia-zvaigzde-ecstasy-tabletes\/#breadcrumb","itemListElement":[{"@type":"ListItem","position":1,"name":"Parduotuv\u0117","item":"https:\/\/medicinasinc.com\/lt\/parduotuve\/"},{"@type":"ListItem","position":2,"name":"Pirkite Green Star Ecstasy tabletes"}]},{"@type":"WebSite","@id":"https:\/\/medicinasinc.com\/lt\/#website","url":"https:\/\/medicinasinc.com\/lt\/","name":"Medicinas Inc","description":"Sveikatos medicinos klinika","potentialAction":[{"@type":"SearchAction","target":{"@type":"EntryPoint","urlTemplate":"https:\/\/medicinasinc.com\/lt\/?s={search_term_string}"},"query-input":{"@type":"PropertyValueSpecification","valueRequired":true,"valueName":"search_term_string"}}],"inLanguage":"en-US"}]}},"_links":{"self":[{"href":"https:\/\/medicinasinc.com\/lt\/wp-json\/wp\/v2\/product\/4534","targetHints":{"allow":["GET"]}}],"collection":[{"href":"https:\/\/medicinasinc.com\/lt\/wp-json\/wp\/v2\/product"}],"about":[{"href":"https:\/\/medicinasinc.com\/lt\/wp-json\/wp\/v2\/types\/product"}],"replies":[{"embeddable":true,"href":"https:\/\/medicinasinc.com\/lt\/wp-json\/wp\/v2\/comments?post=4534"}],"wp:featuredmedia":[{"embeddable":true,"href":"https:\/\/medicinasinc.com\/lt\/wp-json\/wp\/v2\/media\/4557"}],"wp:attachment":[{"href":"https:\/\/medicinasinc.com\/lt\/wp-json\/wp\/v2\/media?parent=4534"}],"wp:term":[{"taxonomy":"product_brand","embeddable":true,"href":"https:\/\/medicinasinc.com\/lt\/wp-json\/wp\/v2\/product_brand?post=4534"},{"taxonomy":"product_cat","embeddable":true,"href":"https:\/\/medicinasinc.com\/lt\/wp-json\/wp\/v2\/product_cat?post=4534"},{"taxonomy":"product_tag","embeddable":true,"href":"https:\/\/medicinasinc.com\/lt\/wp-json\/wp\/v2\/product_tag?post=4534"}],"curies":[{"name":"wp","href":"https:\/\/api.w.org\/{rel}","templated":true}]}}