{"id":4479,"date":"2022-02-20T09:44:15","date_gmt":"2022-02-20T09:44:15","guid":{"rendered":"https:\/\/medicinasinc.com\/lt\/?post_type=product&#038;p=4479"},"modified":"2022-03-20T12:40:18","modified_gmt":"2022-03-20T12:40:18","slug":"pirk-melynuju-delfinu-ecstasy-tabletes","status":"publish","type":"product","link":"https:\/\/medicinasinc.com\/lt\/product\/pirk-melynuju-delfinu-ecstasy-tabletes\/","title":{"rendered":"Pirkite Blue Dolphin Ecstasy tabletes"},"content":{"rendered":"<p>Pirkite \u201eBlue Dolphin\u201c 295 mg ekstazio tabletes internetu.<\/p>\n<p>Blue Dolphin Substance<\/p>\n<p>Ecstasy buvo i\u0161rastas 1912 m. Merck santyki\u0173 su narkotikais d\u0117ka. D\u0117l naujos strukt\u016bros jis buvo pavadintas \u201eMDMA\u201c. Pirm\u0105 kart\u0105 JAV ginkluotosios paj\u0117gos j\u012f panaudojo 1953 m. protinio \u012fsitraukimo testams, o septintajame de\u0161imtmetyje trumpam sugr\u012f\u017eo kaip psichoterapinis \u201ema\u017eesnio slopinimo\u201c sprendimas. 1 MDMA kaip receptas nebuvo naudojamas iki a\u0161tuntojo de\u0161imtme\u010dio.<\/p>\n<p>Devintojo de\u0161imtme\u010dio viduryje MDMA buvo reklamuojamas kaip \u201elabiausiai putojantis dalykas technikoje, kurio misija \u012ftikti \u017emon\u0117ms per moksl\u0105\u201c ir &#8220;in tirpalas&#8221; ilgai trunkantiems vakar\u0117liams. MDMA vis dar buvo pla\u010diai prieinama 1984 m. su prek\u0117s pavadinimu \u201eJoy\u201c, ta\u010diau 1985 m. vaist\u0173 vartojimas buvo apribotas d\u0117l saugumo sumetim\u0173.<br \/> M\u0117lyn\u0173j\u0173 delfin\u0173 vaistai gali b\u016bti ypa\u010d naudingi asmenims, kurie po stulbinan\u010dio gniu\u017edymo komponent\u0173 problem\u0173 ( PTSD). Daugelis pacient\u0173 negali aptarti pavojing\u0173 \u012fvyki\u0173, kurie suk\u0117l\u0117 j\u0173 problemas. Sp\u0117jama, kad i\u0161sipildymas gali pad\u0117ti \u017emon\u0117ms i\u0161pl\u0117sti \u0161ias \u017eaizdas.<\/p>\n<p>M\u0117lynojo delfino ekstazis<\/p>\n<p>50 met\u0173 Doblinas i\u0161 tikr\u0173j\u0173 n\u0117ra paruo\u0161tas geb\u0117jimas ar monitorius; ta\u010diau jam tenka didel\u0117 atsakomyb\u0117 u\u017e narkotikus, juos vartojo daugyb\u0119 kart\u0173. \u201eTai labai pakeit\u0117 mano gyvenim\u0105\u201c, \u2013 paai\u0161kino jis. Per pastaruosius kelerius metus jis investavo, kad skleist\u0173 \u017eini\u0105, kad \u201eJoy\u201c ir kiti energizuojantys vaistai turi esmin\u0119 s\u0117km\u0119 idealiomis s\u0105lygomis.<br \/> Jei tikrai ie\u0161kote asociacijos, kuri gal\u0117t\u0173 suteikti jums geriausios kokyb\u0117s daiktus, j\u016bs turite ateiti \u012f reikiam\u0105 viet\u0105. M\u016bs\u0173 fonde galite pasirinkti geriausias prekes, kurios pad\u0117s sukurti pasitik\u0117jim\u0105 ir u\u017emegzti su mumis pagr\u012fstus santykius d\u0117l m\u016bs\u0173 preki\u0173 galimyb\u0117s. Pateikite u\u017esakym\u0105 dabar ir per penkias darbo dienas gaukite Blue delphin ecstasy prie savo dur\u0173. \u201eEcstacy\u201c, m\u0117lynasis delfinas<\/p>\n<p>Ecstacy buvo sukurtas \u201eMerck\u201c narkotik\u0173 santykiuose 1912 m. Jis buvo pavadintas \u201eMDMA\u201c d\u0117l savo naujos strukt\u016bros. Pirm\u0105 kart\u0105 JAV ginkluotosios paj\u0117gos j\u012f panaudojo 1953 m. protinio \u012fsitraukimo testams, o septintajame de\u0161imtmetyje trumpam sugr\u012f\u017eo kaip psichoterapinis \u201ema\u017eesnio slopinimo\u201c sprendimas. 1 MDMA kaip receptas nebuvo naudojamas iki a\u0161tuntojo de\u0161imtme\u010dio.<\/p>\n<p>Devintojo de\u0161imtme\u010dio viduryje MDMA buvo reklamuojamas kaip \u201elabiausiai putojantis dalykas technikoje, kurio misija \u012ftikti \u017emon\u0117ms per moksl\u0105\u201c ir &#8220;in tirpalas&#8221; ilgai trunkantiems vakar\u0117liams. MDMA vis dar buvo pla\u010diai prieinama 1984 m. su prek\u0117s pavadinimu \u201eJoy\u201c, ta\u010diau 1985 m. vaist\u0173 vartojimas buvo apribotas d\u0117l saugumo sumetim\u0173.<\/p>\n<p>M\u0117lyn\u0173j\u0173 delfin\u0173 ekstazis, m\u0117lyn\u0173j\u0173 delfin\u0173 vaistai, m\u0117lyn\u0173j\u0173 delfin\u0173 ekstazis<\/p>\n<table>\n<tbody>\n<tr>\n<th><span style=\"font-weight: 400\">Spalva:<\/span><\/th>\n<td>M\u0117lyna<\/td>\n<\/tr>\n<tr>\n<th><span style=\"font-weight: 400\">Dydis:<\/span><\/th>\n<td>295 mg<\/td>\n<\/tr>\n<\/tbody>\n<\/table>\n","protected":false},"excerpt":{"rendered":"<p>Pirkite \u201eEcstasy\u201c tabletes internetu. Pirkite Blue Dolphin ecstasy tabletes JK, Europoje puikiomis kainomis i\u0161 m\u016bs\u0173. Pakavim\u0105 atlieka profesionalai, o pristatymas garantuojamas 100 %.<\/p>\n","protected":false},"featured_media":4516,"comment_status":"open","ping_status":"closed","template":"","meta":[],"product_brand":[],"product_cat":[498],"product_tag":[],"class_list":{"0":"post-4479","1":"product","2":"type-product","3":"status-publish","4":"has-post-thumbnail","6":"product_cat-pirkti-ecstasy-tabletes","8":"first","9":"instock","10":"shipping-taxable","11":"purchasable","12":"product-type-variable","13":"has-default-attributes"},"yoast_head":"<!-- This site is optimized with the Yoast SEO plugin v27.3 - https:\/\/yoast.com\/product\/yoast-seo-wordpress\/ -->\n<title>Pirkite Blue Dolphin Ecstasy tabletes internetu \u2013 geriausi pasaulyje vaistai<\/title>\n<meta name=\"description\" content=\"Pirkite \u201eEcstasy\u201c tabletes internetu. Pirkite Blue Dolphin ecstasy tabletes i\u0161parduodami UK, Europa puikiomis kainomis i\u0161 m\u016bs\u0173. Pakavim\u0105 atlieka profesionalai, o pristatymas yra 100% garantuotas.\" \/>\n<meta name=\"robots\" content=\"index, follow, max-snippet:-1, max-image-preview:large, max-video-preview:-1\" \/>\n<link rel=\"canonical\" href=\"https:\/\/medicinasinc.com\/lt\/product\/pirk-melynuju-delfinu-ecstasy-tabletes\/\" \/>\n<meta property=\"og:locale\" content=\"en_US\" \/>\n<meta property=\"og:type\" content=\"article\" \/>\n<meta property=\"og:title\" content=\"Pirkite Blue Dolphin Ecstasy tabletes internetu \u2013 geriausi pasaulyje vaistai\" \/>\n<meta property=\"og:description\" content=\"Pirkite \u201eEcstasy\u201c tabletes internetu. Pirkite Blue Dolphin ecstasy tabletes i\u0161parduodami UK, Europa puikiomis kainomis i\u0161 m\u016bs\u0173. Pakavim\u0105 atlieka profesionalai, o pristatymas yra 100% garantuotas.\" \/>\n<meta property=\"og:url\" content=\"https:\/\/medicinasinc.com\/lt\/product\/pirk-melynuju-delfinu-ecstasy-tabletes\/\" \/>\n<meta property=\"og:site_name\" content=\"Medicinas Inc\" \/>\n<meta property=\"article:modified_time\" content=\"2022-03-20T12:40:18+00:00\" \/>\n<meta property=\"og:image\" content=\"https:\/\/medicinasinc.com\/lt\/wp-content\/uploads\/sites\/9\/2022\/02\/buy-blue-dolphin-ecstasy-pills-online.jpg\" \/>\n\t<meta property=\"og:image:width\" content=\"600\" \/>\n\t<meta property=\"og:image:height\" content=\"600\" \/>\n\t<meta property=\"og:image:type\" content=\"image\/jpeg\" \/>\n<meta name=\"twitter:card\" content=\"summary_large_image\" \/>\n<meta name=\"twitter:label1\" content=\"Est. reading time\" \/>\n\t<meta name=\"twitter:data1\" content=\"2 minutes\" \/>\n<script type=\"application\/ld+json\" class=\"yoast-schema-graph\">{\"@context\":\"https:\\\/\\\/schema.org\",\"@graph\":[{\"@type\":\"WebPage\",\"@id\":\"https:\\\/\\\/medicinasinc.com\\\/lt\\\/product\\\/pirk-melynuju-delfinu-ecstasy-tabletes\\\/\",\"url\":\"https:\\\/\\\/medicinasinc.com\\\/lt\\\/product\\\/pirk-melynuju-delfinu-ecstasy-tabletes\\\/\",\"name\":\"Pirkite Blue Dolphin Ecstasy tabletes internetu \u2013 geriausi pasaulyje vaistai\",\"isPartOf\":{\"@id\":\"https:\\\/\\\/medicinasinc.com\\\/lt\\\/#website\"},\"primaryImageOfPage\":{\"@id\":\"https:\\\/\\\/medicinasinc.com\\\/lt\\\/product\\\/pirk-melynuju-delfinu-ecstasy-tabletes\\\/#primaryimage\"},\"image\":{\"@id\":\"https:\\\/\\\/medicinasinc.com\\\/lt\\\/product\\\/pirk-melynuju-delfinu-ecstasy-tabletes\\\/#primaryimage\"},\"thumbnailUrl\":\"https:\\\/\\\/medicinasinc.com\\\/lt\\\/wp-content\\\/uploads\\\/sites\\\/9\\\/2022\\\/02\\\/buy-blue-dolphin-ecstasy-pills-online.jpg\",\"datePublished\":\"2022-02-20T09:44:15+00:00\",\"dateModified\":\"2022-03-20T12:40:18+00:00\",\"description\":\"Pirkite \u201eEcstasy\u201c tabletes internetu. Pirkite Blue Dolphin ecstasy tabletes i\u0161parduodami UK, Europa puikiomis kainomis i\u0161 m\u016bs\u0173. Pakavim\u0105 atlieka profesionalai, o pristatymas yra 100% garantuotas.\",\"breadcrumb\":{\"@id\":\"https:\\\/\\\/medicinasinc.com\\\/lt\\\/product\\\/pirk-melynuju-delfinu-ecstasy-tabletes\\\/#breadcrumb\"},\"inLanguage\":\"en-US\",\"potentialAction\":[{\"@type\":\"ReadAction\",\"target\":[\"https:\\\/\\\/medicinasinc.com\\\/lt\\\/product\\\/pirk-melynuju-delfinu-ecstasy-tabletes\\\/\"]}]},{\"@type\":\"ImageObject\",\"inLanguage\":\"en-US\",\"@id\":\"https:\\\/\\\/medicinasinc.com\\\/lt\\\/product\\\/pirk-melynuju-delfinu-ecstasy-tabletes\\\/#primaryimage\",\"url\":\"https:\\\/\\\/medicinasinc.com\\\/lt\\\/wp-content\\\/uploads\\\/sites\\\/9\\\/2022\\\/02\\\/buy-blue-dolphin-ecstasy-pills-online.jpg\",\"contentUrl\":\"https:\\\/\\\/medicinasinc.com\\\/lt\\\/wp-content\\\/uploads\\\/sites\\\/9\\\/2022\\\/02\\\/buy-blue-dolphin-ecstasy-pills-online.jpg\",\"width\":600,\"height\":600},{\"@type\":\"BreadcrumbList\",\"@id\":\"https:\\\/\\\/medicinasinc.com\\\/lt\\\/product\\\/pirk-melynuju-delfinu-ecstasy-tabletes\\\/#breadcrumb\",\"itemListElement\":[{\"@type\":\"ListItem\",\"position\":1,\"name\":\"Parduotuv\u0117\",\"item\":\"https:\\\/\\\/medicinasinc.com\\\/lt\\\/parduotuve\\\/\"},{\"@type\":\"ListItem\",\"position\":2,\"name\":\"Pirkite Blue Dolphin Ecstasy tabletes\"}]},{\"@type\":\"WebSite\",\"@id\":\"https:\\\/\\\/medicinasinc.com\\\/lt\\\/#website\",\"url\":\"https:\\\/\\\/medicinasinc.com\\\/lt\\\/\",\"name\":\"Medicinas Inc\",\"description\":\"Sveikatos medicinos klinika\",\"potentialAction\":[{\"@type\":\"SearchAction\",\"target\":{\"@type\":\"EntryPoint\",\"urlTemplate\":\"https:\\\/\\\/medicinasinc.com\\\/lt\\\/?s={search_term_string}\"},\"query-input\":{\"@type\":\"PropertyValueSpecification\",\"valueRequired\":true,\"valueName\":\"search_term_string\"}}],\"inLanguage\":\"en-US\"}]}<\/script>\n<!-- \/ Yoast SEO plugin. -->","yoast_head_json":{"title":"Pirkite Blue Dolphin Ecstasy tabletes internetu \u2013 geriausi pasaulyje vaistai","description":"Pirkite \u201eEcstasy\u201c tabletes internetu. Pirkite Blue Dolphin ecstasy tabletes i\u0161parduodami UK, Europa puikiomis kainomis i\u0161 m\u016bs\u0173. Pakavim\u0105 atlieka profesionalai, o pristatymas yra 100% garantuotas.","robots":{"index":"index","follow":"follow","max-snippet":"max-snippet:-1","max-image-preview":"max-image-preview:large","max-video-preview":"max-video-preview:-1"},"canonical":"https:\/\/medicinasinc.com\/lt\/product\/pirk-melynuju-delfinu-ecstasy-tabletes\/","og_locale":"en_US","og_type":"article","og_title":"Pirkite Blue Dolphin Ecstasy tabletes internetu \u2013 geriausi pasaulyje vaistai","og_description":"Pirkite \u201eEcstasy\u201c tabletes internetu. Pirkite Blue Dolphin ecstasy tabletes i\u0161parduodami UK, Europa puikiomis kainomis i\u0161 m\u016bs\u0173. Pakavim\u0105 atlieka profesionalai, o pristatymas yra 100% garantuotas.","og_url":"https:\/\/medicinasinc.com\/lt\/product\/pirk-melynuju-delfinu-ecstasy-tabletes\/","og_site_name":"Medicinas Inc","article_modified_time":"2022-03-20T12:40:18+00:00","og_image":[{"width":600,"height":600,"url":"https:\/\/medicinasinc.com\/lt\/wp-content\/uploads\/sites\/9\/2022\/02\/buy-blue-dolphin-ecstasy-pills-online.jpg","type":"image\/jpeg"}],"twitter_card":"summary_large_image","twitter_misc":{"Est. reading time":"2 minutes"},"schema":{"@context":"https:\/\/schema.org","@graph":[{"@type":"WebPage","@id":"https:\/\/medicinasinc.com\/lt\/product\/pirk-melynuju-delfinu-ecstasy-tabletes\/","url":"https:\/\/medicinasinc.com\/lt\/product\/pirk-melynuju-delfinu-ecstasy-tabletes\/","name":"Pirkite Blue Dolphin Ecstasy tabletes internetu \u2013 geriausi pasaulyje vaistai","isPartOf":{"@id":"https:\/\/medicinasinc.com\/lt\/#website"},"primaryImageOfPage":{"@id":"https:\/\/medicinasinc.com\/lt\/product\/pirk-melynuju-delfinu-ecstasy-tabletes\/#primaryimage"},"image":{"@id":"https:\/\/medicinasinc.com\/lt\/product\/pirk-melynuju-delfinu-ecstasy-tabletes\/#primaryimage"},"thumbnailUrl":"https:\/\/medicinasinc.com\/lt\/wp-content\/uploads\/sites\/9\/2022\/02\/buy-blue-dolphin-ecstasy-pills-online.jpg","datePublished":"2022-02-20T09:44:15+00:00","dateModified":"2022-03-20T12:40:18+00:00","description":"Pirkite \u201eEcstasy\u201c tabletes internetu. Pirkite Blue Dolphin ecstasy tabletes i\u0161parduodami UK, Europa puikiomis kainomis i\u0161 m\u016bs\u0173. Pakavim\u0105 atlieka profesionalai, o pristatymas yra 100% garantuotas.","breadcrumb":{"@id":"https:\/\/medicinasinc.com\/lt\/product\/pirk-melynuju-delfinu-ecstasy-tabletes\/#breadcrumb"},"inLanguage":"en-US","potentialAction":[{"@type":"ReadAction","target":["https:\/\/medicinasinc.com\/lt\/product\/pirk-melynuju-delfinu-ecstasy-tabletes\/"]}]},{"@type":"ImageObject","inLanguage":"en-US","@id":"https:\/\/medicinasinc.com\/lt\/product\/pirk-melynuju-delfinu-ecstasy-tabletes\/#primaryimage","url":"https:\/\/medicinasinc.com\/lt\/wp-content\/uploads\/sites\/9\/2022\/02\/buy-blue-dolphin-ecstasy-pills-online.jpg","contentUrl":"https:\/\/medicinasinc.com\/lt\/wp-content\/uploads\/sites\/9\/2022\/02\/buy-blue-dolphin-ecstasy-pills-online.jpg","width":600,"height":600},{"@type":"BreadcrumbList","@id":"https:\/\/medicinasinc.com\/lt\/product\/pirk-melynuju-delfinu-ecstasy-tabletes\/#breadcrumb","itemListElement":[{"@type":"ListItem","position":1,"name":"Parduotuv\u0117","item":"https:\/\/medicinasinc.com\/lt\/parduotuve\/"},{"@type":"ListItem","position":2,"name":"Pirkite Blue Dolphin Ecstasy tabletes"}]},{"@type":"WebSite","@id":"https:\/\/medicinasinc.com\/lt\/#website","url":"https:\/\/medicinasinc.com\/lt\/","name":"Medicinas Inc","description":"Sveikatos medicinos klinika","potentialAction":[{"@type":"SearchAction","target":{"@type":"EntryPoint","urlTemplate":"https:\/\/medicinasinc.com\/lt\/?s={search_term_string}"},"query-input":{"@type":"PropertyValueSpecification","valueRequired":true,"valueName":"search_term_string"}}],"inLanguage":"en-US"}]}},"_links":{"self":[{"href":"https:\/\/medicinasinc.com\/lt\/wp-json\/wp\/v2\/product\/4479","targetHints":{"allow":["GET"]}}],"collection":[{"href":"https:\/\/medicinasinc.com\/lt\/wp-json\/wp\/v2\/product"}],"about":[{"href":"https:\/\/medicinasinc.com\/lt\/wp-json\/wp\/v2\/types\/product"}],"replies":[{"embeddable":true,"href":"https:\/\/medicinasinc.com\/lt\/wp-json\/wp\/v2\/comments?post=4479"}],"wp:featuredmedia":[{"embeddable":true,"href":"https:\/\/medicinasinc.com\/lt\/wp-json\/wp\/v2\/media\/4516"}],"wp:attachment":[{"href":"https:\/\/medicinasinc.com\/lt\/wp-json\/wp\/v2\/media?parent=4479"}],"wp:term":[{"taxonomy":"product_brand","embeddable":true,"href":"https:\/\/medicinasinc.com\/lt\/wp-json\/wp\/v2\/product_brand?post=4479"},{"taxonomy":"product_cat","embeddable":true,"href":"https:\/\/medicinasinc.com\/lt\/wp-json\/wp\/v2\/product_cat?post=4479"},{"taxonomy":"product_tag","embeddable":true,"href":"https:\/\/medicinasinc.com\/lt\/wp-json\/wp\/v2\/product_tag?post=4479"}],"curies":[{"name":"wp","href":"https:\/\/api.w.org\/{rel}","templated":true}]}}