{"id":4458,"date":"2022-02-20T09:30:17","date_gmt":"2022-02-20T09:30:17","guid":{"rendered":"https:\/\/medicinasinc.com\/lt\/?post_type=product&#038;p=4458"},"modified":"2022-03-20T12:41:11","modified_gmt":"2022-03-20T12:41:11","slug":"pirk-ketof-kosulio-sirupas","status":"publish","type":"product","link":"https:\/\/medicinasinc.com\/lt\/product\/pirk-ketof-kosulio-sirupas\/","title":{"rendered":"Pirkite Ketof kosulio sirup\u0105"},"content":{"rendered":"<h1>Pirkite keto sirup\u0105 nuo kosulio internetu<\/h1>\n<p>Pirkite keto sirup\u0105 nuo kosulio internetu. Taip pat galite \u012fsigyti heroino internetu pigiomis kainomis. \u010cia parduodamas platus narkotini\u0173 med\u017eiag\u0173 asortimentas, pvz., kokainas, kristalinis metamas ir daugelis kit\u0173.<\/p>\n","protected":false},"excerpt":{"rendered":"<p>Pirkite ketof sirup\u0105 nuo kosulio internetu JK, Europoje. Veikliosios med\u017eiagos: Ketotifenas. Didmeniniams u\u017esakymams taikome specialias nuolaidas. Atkreipkite d\u0117mes\u012f, kad mes taip pat nemokamai pristatome, kai parduodate \u0161\u012f produkt\u0105 ir \u201eactavis\u201c.<\/p>\n","protected":false},"featured_media":4493,"comment_status":"open","ping_status":"closed","template":"","meta":[],"product_brand":[],"product_cat":[497],"product_tag":[],"class_list":{"0":"post-4458","1":"product","2":"type-product","3":"status-publish","4":"has-post-thumbnail","6":"product_cat-pirk-kosulio-sirupas","8":"first","9":"instock","10":"shipping-taxable","11":"purchasable","12":"product-type-variable","13":"has-default-attributes"},"yoast_head":"<!-- This site is optimized with the Yoast SEO plugin v27.3 - https:\/\/yoast.com\/product\/yoast-seo-wordpress\/ -->\n<title>Pirkite Ketof kosulio sirup\u0105 \u2013 geriausius pasaulinius vaistus<\/title>\n<meta name=\"description\" content=\"Pirkite Ketof kosulio sirup\u0105 internetu JK, Europoje. Veikliosios med\u017eiagos: Ketotifenas. Didmeniniams u\u017esakymams taikome specialias nuolaidas. Atkreipkite d\u0117mes\u012f, kad mes taip pat nemokam\u0105 pristatym\u0105, kai j\u016bs parduodate \u0161\u012f produkt\u0105 ir \u201eactavis\u201c.\" \/>\n<meta name=\"robots\" content=\"index, follow, max-snippet:-1, max-image-preview:large, max-video-preview:-1\" \/>\n<link rel=\"canonical\" href=\"https:\/\/medicinasinc.com\/lt\/product\/pirk-ketof-kosulio-sirupas\/\" \/>\n<meta property=\"og:locale\" content=\"en_US\" \/>\n<meta property=\"og:type\" content=\"article\" \/>\n<meta property=\"og:title\" content=\"Pirkite Ketof kosulio sirup\u0105 \u2013 geriausius pasaulinius vaistus\" \/>\n<meta property=\"og:description\" content=\"Pirkite Ketof kosulio sirup\u0105 internetu JK, Europoje. Veikliosios med\u017eiagos: Ketotifenas. Didmeniniams u\u017esakymams taikome specialias nuolaidas. Atkreipkite d\u0117mes\u012f, kad mes taip pat nemokam\u0105 pristatym\u0105, kai j\u016bs parduodate \u0161\u012f produkt\u0105 ir \u201eactavis\u201c.\" \/>\n<meta property=\"og:url\" content=\"https:\/\/medicinasinc.com\/lt\/product\/pirk-ketof-kosulio-sirupas\/\" \/>\n<meta property=\"og:site_name\" content=\"Medicinas Inc\" \/>\n<meta property=\"article:modified_time\" content=\"2022-03-20T12:41:11+00:00\" \/>\n<meta property=\"og:image\" content=\"https:\/\/medicinasinc.com\/lt\/wp-content\/uploads\/sites\/9\/2022\/02\/buy-ketof-cough-syrup-online.jpg\" \/>\n\t<meta property=\"og:image:width\" content=\"600\" \/>\n\t<meta property=\"og:image:height\" content=\"600\" \/>\n\t<meta property=\"og:image:type\" content=\"image\/jpeg\" \/>\n<meta name=\"twitter:card\" content=\"summary_large_image\" \/>\n<meta name=\"twitter:label1\" content=\"Est. reading time\" \/>\n\t<meta name=\"twitter:data1\" content=\"1 minute\" \/>\n<script type=\"application\/ld+json\" class=\"yoast-schema-graph\">{\"@context\":\"https:\\\/\\\/schema.org\",\"@graph\":[{\"@type\":\"WebPage\",\"@id\":\"https:\\\/\\\/medicinasinc.com\\\/lt\\\/product\\\/pirk-ketof-kosulio-sirupas\\\/\",\"url\":\"https:\\\/\\\/medicinasinc.com\\\/lt\\\/product\\\/pirk-ketof-kosulio-sirupas\\\/\",\"name\":\"Pirkite Ketof kosulio sirup\u0105 \u2013 geriausius pasaulinius vaistus\",\"isPartOf\":{\"@id\":\"https:\\\/\\\/medicinasinc.com\\\/lt\\\/#website\"},\"primaryImageOfPage\":{\"@id\":\"https:\\\/\\\/medicinasinc.com\\\/lt\\\/product\\\/pirk-ketof-kosulio-sirupas\\\/#primaryimage\"},\"image\":{\"@id\":\"https:\\\/\\\/medicinasinc.com\\\/lt\\\/product\\\/pirk-ketof-kosulio-sirupas\\\/#primaryimage\"},\"thumbnailUrl\":\"https:\\\/\\\/medicinasinc.com\\\/lt\\\/wp-content\\\/uploads\\\/sites\\\/9\\\/2022\\\/02\\\/buy-ketof-cough-syrup-online.jpg\",\"datePublished\":\"2022-02-20T09:30:17+00:00\",\"dateModified\":\"2022-03-20T12:41:11+00:00\",\"description\":\"Pirkite Ketof kosulio sirup\u0105 internetu JK, Europoje. Veikliosios med\u017eiagos: Ketotifenas. Didmeniniams u\u017esakymams taikome specialias nuolaidas. Atkreipkite d\u0117mes\u012f, kad mes taip pat nemokam\u0105 pristatym\u0105, kai j\u016bs parduodate \u0161\u012f produkt\u0105 ir \u201eactavis\u201c.\",\"breadcrumb\":{\"@id\":\"https:\\\/\\\/medicinasinc.com\\\/lt\\\/product\\\/pirk-ketof-kosulio-sirupas\\\/#breadcrumb\"},\"inLanguage\":\"en-US\",\"potentialAction\":[{\"@type\":\"ReadAction\",\"target\":[\"https:\\\/\\\/medicinasinc.com\\\/lt\\\/product\\\/pirk-ketof-kosulio-sirupas\\\/\"]}]},{\"@type\":\"ImageObject\",\"inLanguage\":\"en-US\",\"@id\":\"https:\\\/\\\/medicinasinc.com\\\/lt\\\/product\\\/pirk-ketof-kosulio-sirupas\\\/#primaryimage\",\"url\":\"https:\\\/\\\/medicinasinc.com\\\/lt\\\/wp-content\\\/uploads\\\/sites\\\/9\\\/2022\\\/02\\\/buy-ketof-cough-syrup-online.jpg\",\"contentUrl\":\"https:\\\/\\\/medicinasinc.com\\\/lt\\\/wp-content\\\/uploads\\\/sites\\\/9\\\/2022\\\/02\\\/buy-ketof-cough-syrup-online.jpg\",\"width\":600,\"height\":600},{\"@type\":\"BreadcrumbList\",\"@id\":\"https:\\\/\\\/medicinasinc.com\\\/lt\\\/product\\\/pirk-ketof-kosulio-sirupas\\\/#breadcrumb\",\"itemListElement\":[{\"@type\":\"ListItem\",\"position\":1,\"name\":\"Parduotuv\u0117\",\"item\":\"https:\\\/\\\/medicinasinc.com\\\/lt\\\/parduotuve\\\/\"},{\"@type\":\"ListItem\",\"position\":2,\"name\":\"Pirkite Ketof kosulio sirup\u0105\"}]},{\"@type\":\"WebSite\",\"@id\":\"https:\\\/\\\/medicinasinc.com\\\/lt\\\/#website\",\"url\":\"https:\\\/\\\/medicinasinc.com\\\/lt\\\/\",\"name\":\"Medicinas Inc\",\"description\":\"Sveikatos medicinos klinika\",\"potentialAction\":[{\"@type\":\"SearchAction\",\"target\":{\"@type\":\"EntryPoint\",\"urlTemplate\":\"https:\\\/\\\/medicinasinc.com\\\/lt\\\/?s={search_term_string}\"},\"query-input\":{\"@type\":\"PropertyValueSpecification\",\"valueRequired\":true,\"valueName\":\"search_term_string\"}}],\"inLanguage\":\"en-US\"}]}<\/script>\n<!-- \/ Yoast SEO plugin. -->","yoast_head_json":{"title":"Pirkite Ketof kosulio sirup\u0105 \u2013 geriausius pasaulinius vaistus","description":"Pirkite Ketof kosulio sirup\u0105 internetu JK, Europoje. Veikliosios med\u017eiagos: Ketotifenas. Didmeniniams u\u017esakymams taikome specialias nuolaidas. Atkreipkite d\u0117mes\u012f, kad mes taip pat nemokam\u0105 pristatym\u0105, kai j\u016bs parduodate \u0161\u012f produkt\u0105 ir \u201eactavis\u201c.","robots":{"index":"index","follow":"follow","max-snippet":"max-snippet:-1","max-image-preview":"max-image-preview:large","max-video-preview":"max-video-preview:-1"},"canonical":"https:\/\/medicinasinc.com\/lt\/product\/pirk-ketof-kosulio-sirupas\/","og_locale":"en_US","og_type":"article","og_title":"Pirkite Ketof kosulio sirup\u0105 \u2013 geriausius pasaulinius vaistus","og_description":"Pirkite Ketof kosulio sirup\u0105 internetu JK, Europoje. Veikliosios med\u017eiagos: Ketotifenas. Didmeniniams u\u017esakymams taikome specialias nuolaidas. Atkreipkite d\u0117mes\u012f, kad mes taip pat nemokam\u0105 pristatym\u0105, kai j\u016bs parduodate \u0161\u012f produkt\u0105 ir \u201eactavis\u201c.","og_url":"https:\/\/medicinasinc.com\/lt\/product\/pirk-ketof-kosulio-sirupas\/","og_site_name":"Medicinas Inc","article_modified_time":"2022-03-20T12:41:11+00:00","og_image":[{"width":600,"height":600,"url":"https:\/\/medicinasinc.com\/lt\/wp-content\/uploads\/sites\/9\/2022\/02\/buy-ketof-cough-syrup-online.jpg","type":"image\/jpeg"}],"twitter_card":"summary_large_image","twitter_misc":{"Est. reading time":"1 minute"},"schema":{"@context":"https:\/\/schema.org","@graph":[{"@type":"WebPage","@id":"https:\/\/medicinasinc.com\/lt\/product\/pirk-ketof-kosulio-sirupas\/","url":"https:\/\/medicinasinc.com\/lt\/product\/pirk-ketof-kosulio-sirupas\/","name":"Pirkite Ketof kosulio sirup\u0105 \u2013 geriausius pasaulinius vaistus","isPartOf":{"@id":"https:\/\/medicinasinc.com\/lt\/#website"},"primaryImageOfPage":{"@id":"https:\/\/medicinasinc.com\/lt\/product\/pirk-ketof-kosulio-sirupas\/#primaryimage"},"image":{"@id":"https:\/\/medicinasinc.com\/lt\/product\/pirk-ketof-kosulio-sirupas\/#primaryimage"},"thumbnailUrl":"https:\/\/medicinasinc.com\/lt\/wp-content\/uploads\/sites\/9\/2022\/02\/buy-ketof-cough-syrup-online.jpg","datePublished":"2022-02-20T09:30:17+00:00","dateModified":"2022-03-20T12:41:11+00:00","description":"Pirkite Ketof kosulio sirup\u0105 internetu JK, Europoje. Veikliosios med\u017eiagos: Ketotifenas. Didmeniniams u\u017esakymams taikome specialias nuolaidas. Atkreipkite d\u0117mes\u012f, kad mes taip pat nemokam\u0105 pristatym\u0105, kai j\u016bs parduodate \u0161\u012f produkt\u0105 ir \u201eactavis\u201c.","breadcrumb":{"@id":"https:\/\/medicinasinc.com\/lt\/product\/pirk-ketof-kosulio-sirupas\/#breadcrumb"},"inLanguage":"en-US","potentialAction":[{"@type":"ReadAction","target":["https:\/\/medicinasinc.com\/lt\/product\/pirk-ketof-kosulio-sirupas\/"]}]},{"@type":"ImageObject","inLanguage":"en-US","@id":"https:\/\/medicinasinc.com\/lt\/product\/pirk-ketof-kosulio-sirupas\/#primaryimage","url":"https:\/\/medicinasinc.com\/lt\/wp-content\/uploads\/sites\/9\/2022\/02\/buy-ketof-cough-syrup-online.jpg","contentUrl":"https:\/\/medicinasinc.com\/lt\/wp-content\/uploads\/sites\/9\/2022\/02\/buy-ketof-cough-syrup-online.jpg","width":600,"height":600},{"@type":"BreadcrumbList","@id":"https:\/\/medicinasinc.com\/lt\/product\/pirk-ketof-kosulio-sirupas\/#breadcrumb","itemListElement":[{"@type":"ListItem","position":1,"name":"Parduotuv\u0117","item":"https:\/\/medicinasinc.com\/lt\/parduotuve\/"},{"@type":"ListItem","position":2,"name":"Pirkite Ketof kosulio sirup\u0105"}]},{"@type":"WebSite","@id":"https:\/\/medicinasinc.com\/lt\/#website","url":"https:\/\/medicinasinc.com\/lt\/","name":"Medicinas Inc","description":"Sveikatos medicinos klinika","potentialAction":[{"@type":"SearchAction","target":{"@type":"EntryPoint","urlTemplate":"https:\/\/medicinasinc.com\/lt\/?s={search_term_string}"},"query-input":{"@type":"PropertyValueSpecification","valueRequired":true,"valueName":"search_term_string"}}],"inLanguage":"en-US"}]}},"_links":{"self":[{"href":"https:\/\/medicinasinc.com\/lt\/wp-json\/wp\/v2\/product\/4458","targetHints":{"allow":["GET"]}}],"collection":[{"href":"https:\/\/medicinasinc.com\/lt\/wp-json\/wp\/v2\/product"}],"about":[{"href":"https:\/\/medicinasinc.com\/lt\/wp-json\/wp\/v2\/types\/product"}],"replies":[{"embeddable":true,"href":"https:\/\/medicinasinc.com\/lt\/wp-json\/wp\/v2\/comments?post=4458"}],"wp:featuredmedia":[{"embeddable":true,"href":"https:\/\/medicinasinc.com\/lt\/wp-json\/wp\/v2\/media\/4493"}],"wp:attachment":[{"href":"https:\/\/medicinasinc.com\/lt\/wp-json\/wp\/v2\/media?parent=4458"}],"wp:term":[{"taxonomy":"product_brand","embeddable":true,"href":"https:\/\/medicinasinc.com\/lt\/wp-json\/wp\/v2\/product_brand?post=4458"},{"taxonomy":"product_cat","embeddable":true,"href":"https:\/\/medicinasinc.com\/lt\/wp-json\/wp\/v2\/product_cat?post=4458"},{"taxonomy":"product_tag","embeddable":true,"href":"https:\/\/medicinasinc.com\/lt\/wp-json\/wp\/v2\/product_tag?post=4458"}],"curies":[{"name":"wp","href":"https:\/\/api.w.org\/{rel}","templated":true}]}}