{"id":4455,"date":"2022-02-20T09:28:05","date_gmt":"2022-02-20T09:28:05","guid":{"rendered":"https:\/\/medicinasinc.com\/lt\/?post_type=product&#038;p=4455"},"modified":"2022-03-20T12:41:25","modified_gmt":"2022-03-20T12:41:25","slug":"pirkite-aukstuju-technologiju-sirupa-nuo-kosulio","status":"publish","type":"product","link":"https:\/\/medicinasinc.com\/lt\/product\/pirkite-aukstuju-technologiju-sirupa-nuo-kosulio\/","title":{"rendered":"Pirkite Hi-Tech kosulio sirup\u0105"},"content":{"rendered":"<p>Hi-Tech sirupo nuo kosulio pirkimas internetu.<\/p>\n<p>\u012esigykite Hi-Tech sirup\u0105 nuo kosulio internetu itin ma\u017eomis kainomis. be to, \u012fsigyti kokaino perpardavimo tikslu. Prekiaujame \u012fvairiais stimuliatoriais ir narkotin\u0117mis med\u017eiagomis, \u012fskaitant GHB.<\/p>\n<p>Nors a\u0161 vertinu neblog\u0105 skon\u012f, manau, kad jie u\u017etrunka per ilgai. D\u0117l savo stiprumo ir skonio THC sirupas gali tapti j\u016bs\u0173 nauju eikite \u012f med\u017eiag\u0105, kad pad\u0117t\u0173.<\/p>\n<p>Kanapi\u0173 sirupas puikiai tinka atkuriamiesiems ir pramoginiams klientams. Jis yra stiprus ir veiksmingas \u2013 da\u017enai pradeda veikti per 20\u201330 minu\u010di\u0173 \u2013 ir protingas naudoti. Tiesiog prid\u0117kite savo porcij\u0105 \u012f bet kur\u012f maist\u0105 ar g\u0117rim\u0105 ir viskas. Ta\u010diau galite i\u0161gerti nedidel\u0119 porcij\u0105 be incident\u0173. Tai viskas!<\/p>\n<p>Parduodamas sirupas nuo kosulio, auk\u0161t\u0173j\u0173 technologij\u0173 sirupas nuo kosulio, sirupas nuo kosulio internetu, auk\u0161t\u0173j\u0173 technologij\u0173 \u017eema kaina, auk\u0161t\u0173j\u0173 technologij\u0173 sirupas nuo kosulio internetu, auk\u0161t\u0173j\u0173 technologij\u0173 sirupas internetu. Tie, kurie negali pak\u0119sti minties apie pikt\u017eoli\u0173 r\u016bkym\u0105 (o gal per daug nepaj\u0117g\u016bs tai galvoti), bet vis tiek nori gauti \u0161io tikrai nuostabaus augalo privalumus, raginami THC sirup\u0105 apsvarstyti kaip alternatyv\u0173 vartojimo b\u016bd\u0105. Grie\u017etai gydomiems klientams bus malonu su\u017einoti, kad galima \u012fsigyti ir CBD sirupo. Ta\u010diau tai yra kito straipsnio tema!<\/p>\n<p>Gaminkite THC SIRUP\u0104: \u017dINGSNIS PAS \u017dINGSNIS INSTRUKCIJAS<\/p>\n<p>Jei ie\u0161kote paprasto THC sirupo recepto, daugiau neie\u0161kokite. Neabejotinai galite pasigaminti pilam\u0105j\u012f THC sirup\u0105 namuose su tik keliais ingredientais ir minimalia \u012franga. Tai turb\u016bt papras\u010diausias gaminys, kur\u012f galima pasigaminti patiems, nes nesitikima, kad jokia potencialiai pavojinga sintetika i\u0161gaut\u0173 THC i\u0161 augalin\u0117s med\u017eiagos.<\/p>\n<p>Jei norite sukurti savo THC u\u017epilt\u0105 sirup\u0105, jums reik\u0117s&#8230;<\/p>\n<p>Vanduo. I\u0161 ma\u017edaug 200 ml gaunamas tinkamas sirupo kiekis. Kadangi formul\u0117 tokia paprasta, v\u0117liau paprastai galite pagaminti tiek, kiek norite.<\/p>\n<p>Cukrus. Naudojamo cukraus kiekis tur\u0117s \u012ftakos kanapi\u0173 sirupo laikymo trukmei. Sirupas, pagamintas i\u0161 dviej\u0173 dali\u0173 cukraus ir vienos dalies vandens, gali b\u016bti laikomas ma\u017edaug ketvirt\u012f met\u0173). Taip pat galima pasigaminti sirup\u0105 santykiu 1:1, nors jo neu\u017eteks tiek ilgai.<\/p>\n<p>\u012evairios grubiai dekarboksilinto THC formos (\u017eyd\u0117jimas, apipjaustymas, purtymas, mai\u0161a, aliejus, lau\u017eas, va\u0161kas, tikr\u0105ja prasme). galima panaudoti bet k\u0105).<\/p>\n<p>THC SIRUPO DOZAVIMAS<\/p>\n<p>Suvartoto THC sirupo kiekis tarp asmen\u0173 labai skiriasi. Labai svarbu b\u016bti atsargiems ir pasverti savo paj\u0117gum\u0105 su bet kurio daikto, kuriame yra THC, stiprumu. Sirupas nuo kosulio internetu, auk\u0161t\u0173j\u0173 technologij\u0173 thc sirupas, auk\u0161t\u0173j\u0173 technologij\u0173 ma\u017ea kaina, auk\u0161t\u0173j\u0173 technologij\u0173 sirupas nuo kosulio internetu, auk\u0161t\u0173j\u0173 technologij\u0173 internetu, sirupas nuo kosulio parduodamas<\/p>\n<p>Namuose gaminam\u0173 mi\u0161ri\u0173 THC sirup\u0173 problema yra ta, kad koncentrato stiprumas da\u017enai ne\u017einomas. Jei nerimaujate d\u0117l to arba tiesiog nenorite susidoroti su (nereik\u0161mingu) vargo, susikuriant savo, toliau rasite m\u016bs\u0173 geriausius \u0161iandienos pasirinkimus rinkoje.<\/p>\n","protected":false},"excerpt":{"rendered":"<p>Pirkite Hi-Tech sirup\u0105 nuo kosulio internetu parduoti JK, Europoje. Hi-Tech prometazino hidrochloridas ir kodeino fosfato sirupas\u2026 kiekviename 5 ml yra: Prometazino hidrochlorido 6,25 mg; kodeino fosfatas 10 mg. Alkoholis 7% Indikacija: kosul\u012f slopinantis vaistas<\/p>\n","protected":false},"featured_media":4489,"comment_status":"open","ping_status":"closed","template":"","meta":[],"product_brand":[],"product_cat":[497],"product_tag":[],"class_list":{"0":"post-4455","1":"product","2":"type-product","3":"status-publish","4":"has-post-thumbnail","6":"product_cat-pirk-kosulio-sirupas","8":"first","9":"instock","10":"shipping-taxable","11":"purchasable","12":"product-type-variable","13":"has-default-attributes"},"yoast_head":"<!-- This site is optimized with the Yoast SEO plugin v27.3 - https:\/\/yoast.com\/product\/yoast-seo-wordpress\/ -->\n<title>Pirkite \u201eHi-Tech\u201c kosulio sirup\u0105 \u2013 geriausius pasaulinius vaistus<\/title>\n<meta name=\"description\" content=\"Pirkite Hi-Tech sirup\u0105 nuo kosulio internetu JK, Europoje. Hi-Tech prometazino hidrochloridas ir kodeino fosfato sirupas\u2026 kiekviename 5 ml yra: Prometazino hidrochlorido 6,25 mg; kodeino fosfatas 10 mg. Alkoholis 7% Indikacija: kosul\u012f slopinantis vaistas\" \/>\n<meta name=\"robots\" content=\"index, follow, max-snippet:-1, max-image-preview:large, max-video-preview:-1\" \/>\n<link rel=\"canonical\" href=\"https:\/\/medicinasinc.com\/lt\/product\/pirkite-aukstuju-technologiju-sirupa-nuo-kosulio\/\" \/>\n<meta property=\"og:locale\" content=\"en_US\" \/>\n<meta property=\"og:type\" content=\"article\" \/>\n<meta property=\"og:title\" content=\"Pirkite \u201eHi-Tech\u201c kosulio sirup\u0105 \u2013 geriausius pasaulinius vaistus\" \/>\n<meta property=\"og:description\" content=\"Pirkite Hi-Tech sirup\u0105 nuo kosulio internetu JK, Europoje. Hi-Tech prometazino hidrochloridas ir kodeino fosfato sirupas\u2026 kiekviename 5 ml yra: Prometazino hidrochlorido 6,25 mg; kodeino fosfatas 10 mg. Alkoholis 7% Indikacija: kosul\u012f slopinantis vaistas\" \/>\n<meta property=\"og:url\" content=\"https:\/\/medicinasinc.com\/lt\/product\/pirkite-aukstuju-technologiju-sirupa-nuo-kosulio\/\" \/>\n<meta property=\"og:site_name\" content=\"Medicinas Inc\" \/>\n<meta property=\"article:modified_time\" content=\"2022-03-20T12:41:25+00:00\" \/>\n<meta property=\"og:image\" content=\"https:\/\/medicinasinc.com\/lt\/wp-content\/uploads\/sites\/9\/2022\/02\/buy-hi-tech-cough-syrup-online.jpg\" \/>\n\t<meta property=\"og:image:width\" content=\"600\" \/>\n\t<meta property=\"og:image:height\" content=\"600\" \/>\n\t<meta property=\"og:image:type\" content=\"image\/jpeg\" \/>\n<meta name=\"twitter:card\" content=\"summary_large_image\" \/>\n<meta name=\"twitter:label1\" content=\"Est. reading time\" \/>\n\t<meta name=\"twitter:data1\" content=\"3 minutes\" \/>\n<script type=\"application\/ld+json\" class=\"yoast-schema-graph\">{\"@context\":\"https:\\\/\\\/schema.org\",\"@graph\":[{\"@type\":\"WebPage\",\"@id\":\"https:\\\/\\\/medicinasinc.com\\\/lt\\\/product\\\/pirkite-aukstuju-technologiju-sirupa-nuo-kosulio\\\/\",\"url\":\"https:\\\/\\\/medicinasinc.com\\\/lt\\\/product\\\/pirkite-aukstuju-technologiju-sirupa-nuo-kosulio\\\/\",\"name\":\"Pirkite \u201eHi-Tech\u201c kosulio sirup\u0105 \u2013 geriausius pasaulinius vaistus\",\"isPartOf\":{\"@id\":\"https:\\\/\\\/medicinasinc.com\\\/lt\\\/#website\"},\"primaryImageOfPage\":{\"@id\":\"https:\\\/\\\/medicinasinc.com\\\/lt\\\/product\\\/pirkite-aukstuju-technologiju-sirupa-nuo-kosulio\\\/#primaryimage\"},\"image\":{\"@id\":\"https:\\\/\\\/medicinasinc.com\\\/lt\\\/product\\\/pirkite-aukstuju-technologiju-sirupa-nuo-kosulio\\\/#primaryimage\"},\"thumbnailUrl\":\"https:\\\/\\\/medicinasinc.com\\\/lt\\\/wp-content\\\/uploads\\\/sites\\\/9\\\/2022\\\/02\\\/buy-hi-tech-cough-syrup-online.jpg\",\"datePublished\":\"2022-02-20T09:28:05+00:00\",\"dateModified\":\"2022-03-20T12:41:25+00:00\",\"description\":\"Pirkite Hi-Tech sirup\u0105 nuo kosulio internetu JK, Europoje. Hi-Tech prometazino hidrochloridas ir kodeino fosfato sirupas\u2026 kiekviename 5 ml yra: Prometazino hidrochlorido 6,25 mg; kodeino fosfatas 10 mg. Alkoholis 7% Indikacija: kosul\u012f slopinantis vaistas\",\"breadcrumb\":{\"@id\":\"https:\\\/\\\/medicinasinc.com\\\/lt\\\/product\\\/pirkite-aukstuju-technologiju-sirupa-nuo-kosulio\\\/#breadcrumb\"},\"inLanguage\":\"en-US\",\"potentialAction\":[{\"@type\":\"ReadAction\",\"target\":[\"https:\\\/\\\/medicinasinc.com\\\/lt\\\/product\\\/pirkite-aukstuju-technologiju-sirupa-nuo-kosulio\\\/\"]}]},{\"@type\":\"ImageObject\",\"inLanguage\":\"en-US\",\"@id\":\"https:\\\/\\\/medicinasinc.com\\\/lt\\\/product\\\/pirkite-aukstuju-technologiju-sirupa-nuo-kosulio\\\/#primaryimage\",\"url\":\"https:\\\/\\\/medicinasinc.com\\\/lt\\\/wp-content\\\/uploads\\\/sites\\\/9\\\/2022\\\/02\\\/buy-hi-tech-cough-syrup-online.jpg\",\"contentUrl\":\"https:\\\/\\\/medicinasinc.com\\\/lt\\\/wp-content\\\/uploads\\\/sites\\\/9\\\/2022\\\/02\\\/buy-hi-tech-cough-syrup-online.jpg\",\"width\":600,\"height\":600},{\"@type\":\"BreadcrumbList\",\"@id\":\"https:\\\/\\\/medicinasinc.com\\\/lt\\\/product\\\/pirkite-aukstuju-technologiju-sirupa-nuo-kosulio\\\/#breadcrumb\",\"itemListElement\":[{\"@type\":\"ListItem\",\"position\":1,\"name\":\"Parduotuv\u0117\",\"item\":\"https:\\\/\\\/medicinasinc.com\\\/lt\\\/parduotuve\\\/\"},{\"@type\":\"ListItem\",\"position\":2,\"name\":\"Pirkite Hi-Tech kosulio sirup\u0105\"}]},{\"@type\":\"WebSite\",\"@id\":\"https:\\\/\\\/medicinasinc.com\\\/lt\\\/#website\",\"url\":\"https:\\\/\\\/medicinasinc.com\\\/lt\\\/\",\"name\":\"Medicinas Inc\",\"description\":\"Sveikatos medicinos klinika\",\"potentialAction\":[{\"@type\":\"SearchAction\",\"target\":{\"@type\":\"EntryPoint\",\"urlTemplate\":\"https:\\\/\\\/medicinasinc.com\\\/lt\\\/?s={search_term_string}\"},\"query-input\":{\"@type\":\"PropertyValueSpecification\",\"valueRequired\":true,\"valueName\":\"search_term_string\"}}],\"inLanguage\":\"en-US\"}]}<\/script>\n<!-- \/ Yoast SEO plugin. -->","yoast_head_json":{"title":"Pirkite \u201eHi-Tech\u201c kosulio sirup\u0105 \u2013 geriausius pasaulinius vaistus","description":"Pirkite Hi-Tech sirup\u0105 nuo kosulio internetu JK, Europoje. Hi-Tech prometazino hidrochloridas ir kodeino fosfato sirupas\u2026 kiekviename 5 ml yra: Prometazino hidrochlorido 6,25 mg; kodeino fosfatas 10 mg. Alkoholis 7% Indikacija: kosul\u012f slopinantis vaistas","robots":{"index":"index","follow":"follow","max-snippet":"max-snippet:-1","max-image-preview":"max-image-preview:large","max-video-preview":"max-video-preview:-1"},"canonical":"https:\/\/medicinasinc.com\/lt\/product\/pirkite-aukstuju-technologiju-sirupa-nuo-kosulio\/","og_locale":"en_US","og_type":"article","og_title":"Pirkite \u201eHi-Tech\u201c kosulio sirup\u0105 \u2013 geriausius pasaulinius vaistus","og_description":"Pirkite Hi-Tech sirup\u0105 nuo kosulio internetu JK, Europoje. Hi-Tech prometazino hidrochloridas ir kodeino fosfato sirupas\u2026 kiekviename 5 ml yra: Prometazino hidrochlorido 6,25 mg; kodeino fosfatas 10 mg. Alkoholis 7% Indikacija: kosul\u012f slopinantis vaistas","og_url":"https:\/\/medicinasinc.com\/lt\/product\/pirkite-aukstuju-technologiju-sirupa-nuo-kosulio\/","og_site_name":"Medicinas Inc","article_modified_time":"2022-03-20T12:41:25+00:00","og_image":[{"width":600,"height":600,"url":"https:\/\/medicinasinc.com\/lt\/wp-content\/uploads\/sites\/9\/2022\/02\/buy-hi-tech-cough-syrup-online.jpg","type":"image\/jpeg"}],"twitter_card":"summary_large_image","twitter_misc":{"Est. reading time":"3 minutes"},"schema":{"@context":"https:\/\/schema.org","@graph":[{"@type":"WebPage","@id":"https:\/\/medicinasinc.com\/lt\/product\/pirkite-aukstuju-technologiju-sirupa-nuo-kosulio\/","url":"https:\/\/medicinasinc.com\/lt\/product\/pirkite-aukstuju-technologiju-sirupa-nuo-kosulio\/","name":"Pirkite \u201eHi-Tech\u201c kosulio sirup\u0105 \u2013 geriausius pasaulinius vaistus","isPartOf":{"@id":"https:\/\/medicinasinc.com\/lt\/#website"},"primaryImageOfPage":{"@id":"https:\/\/medicinasinc.com\/lt\/product\/pirkite-aukstuju-technologiju-sirupa-nuo-kosulio\/#primaryimage"},"image":{"@id":"https:\/\/medicinasinc.com\/lt\/product\/pirkite-aukstuju-technologiju-sirupa-nuo-kosulio\/#primaryimage"},"thumbnailUrl":"https:\/\/medicinasinc.com\/lt\/wp-content\/uploads\/sites\/9\/2022\/02\/buy-hi-tech-cough-syrup-online.jpg","datePublished":"2022-02-20T09:28:05+00:00","dateModified":"2022-03-20T12:41:25+00:00","description":"Pirkite Hi-Tech sirup\u0105 nuo kosulio internetu JK, Europoje. Hi-Tech prometazino hidrochloridas ir kodeino fosfato sirupas\u2026 kiekviename 5 ml yra: Prometazino hidrochlorido 6,25 mg; kodeino fosfatas 10 mg. Alkoholis 7% Indikacija: kosul\u012f slopinantis vaistas","breadcrumb":{"@id":"https:\/\/medicinasinc.com\/lt\/product\/pirkite-aukstuju-technologiju-sirupa-nuo-kosulio\/#breadcrumb"},"inLanguage":"en-US","potentialAction":[{"@type":"ReadAction","target":["https:\/\/medicinasinc.com\/lt\/product\/pirkite-aukstuju-technologiju-sirupa-nuo-kosulio\/"]}]},{"@type":"ImageObject","inLanguage":"en-US","@id":"https:\/\/medicinasinc.com\/lt\/product\/pirkite-aukstuju-technologiju-sirupa-nuo-kosulio\/#primaryimage","url":"https:\/\/medicinasinc.com\/lt\/wp-content\/uploads\/sites\/9\/2022\/02\/buy-hi-tech-cough-syrup-online.jpg","contentUrl":"https:\/\/medicinasinc.com\/lt\/wp-content\/uploads\/sites\/9\/2022\/02\/buy-hi-tech-cough-syrup-online.jpg","width":600,"height":600},{"@type":"BreadcrumbList","@id":"https:\/\/medicinasinc.com\/lt\/product\/pirkite-aukstuju-technologiju-sirupa-nuo-kosulio\/#breadcrumb","itemListElement":[{"@type":"ListItem","position":1,"name":"Parduotuv\u0117","item":"https:\/\/medicinasinc.com\/lt\/parduotuve\/"},{"@type":"ListItem","position":2,"name":"Pirkite Hi-Tech kosulio sirup\u0105"}]},{"@type":"WebSite","@id":"https:\/\/medicinasinc.com\/lt\/#website","url":"https:\/\/medicinasinc.com\/lt\/","name":"Medicinas Inc","description":"Sveikatos medicinos klinika","potentialAction":[{"@type":"SearchAction","target":{"@type":"EntryPoint","urlTemplate":"https:\/\/medicinasinc.com\/lt\/?s={search_term_string}"},"query-input":{"@type":"PropertyValueSpecification","valueRequired":true,"valueName":"search_term_string"}}],"inLanguage":"en-US"}]}},"_links":{"self":[{"href":"https:\/\/medicinasinc.com\/lt\/wp-json\/wp\/v2\/product\/4455","targetHints":{"allow":["GET"]}}],"collection":[{"href":"https:\/\/medicinasinc.com\/lt\/wp-json\/wp\/v2\/product"}],"about":[{"href":"https:\/\/medicinasinc.com\/lt\/wp-json\/wp\/v2\/types\/product"}],"replies":[{"embeddable":true,"href":"https:\/\/medicinasinc.com\/lt\/wp-json\/wp\/v2\/comments?post=4455"}],"wp:featuredmedia":[{"embeddable":true,"href":"https:\/\/medicinasinc.com\/lt\/wp-json\/wp\/v2\/media\/4489"}],"wp:attachment":[{"href":"https:\/\/medicinasinc.com\/lt\/wp-json\/wp\/v2\/media?parent=4455"}],"wp:term":[{"taxonomy":"product_brand","embeddable":true,"href":"https:\/\/medicinasinc.com\/lt\/wp-json\/wp\/v2\/product_brand?post=4455"},{"taxonomy":"product_cat","embeddable":true,"href":"https:\/\/medicinasinc.com\/lt\/wp-json\/wp\/v2\/product_cat?post=4455"},{"taxonomy":"product_tag","embeddable":true,"href":"https:\/\/medicinasinc.com\/lt\/wp-json\/wp\/v2\/product_tag?post=4455"}],"curies":[{"name":"wp","href":"https:\/\/api.w.org\/{rel}","templated":true}]}}