{"id":4431,"date":"2022-02-20T09:14:34","date_gmt":"2022-02-20T09:14:34","guid":{"rendered":"https:\/\/medicinasinc.com\/lt\/?post_type=product&#038;p=4431"},"modified":"2022-03-20T12:41:50","modified_gmt":"2022-03-20T12:41:50","slug":"pirkti-thc-distiliato-puikus-ekstraktas","status":"publish","type":"product","link":"https:\/\/medicinasinc.com\/lt\/product\/pirkti-thc-distiliato-puikus-ekstraktas\/","title":{"rendered":"Pirkite THC distiliat\u0105 \u2013 auk\u0161\u010diausios kokyb\u0117s ekstrakt\u0105"},"content":{"rendered":"<p>Pirkite THC distiliat\u0105 \u2013 auk\u0161\u010diausios kokyb\u0117s ekstrakt\u0105<\/p>\n<p>Premium THC distiliatas yra Kanadoje pagamintas kanapi\u0173 koncentratas. \u0160is produktas buvo i\u0161bandytas laboratorijoje ir nustatyta, kad jame yra didel\u0117 THC koncentracija \u2013 nuo \u200b\u200b95 iki 98 proc. M\u016bs\u0173 THC distiliatas yra itin stabilus kambario temperat\u016broje ir netaps skystas. Be to, jis yra i\u0161skirtin\u0117s kokyb\u0117s, be tirpikli\u0173, skaidrus ir permatomas. Distiliatas yra ekstrakto r\u016b\u0161is, kuri naudojama \u012fvairiais b\u016bdais. Tai tik keletas, pavyzd\u017eiui, \u201eVepe\u201c kase\u010di\u0173 pildymas, valgom\u0173j\u0173 produkt\u0173 k\u016brimas ir \u012fd\u0117jimas \u012f \u012frengin\u012f.<\/p>\n","protected":false},"excerpt":{"rendered":"<ul>\n<li>Pristatymas visame pasaulyje<\/li>\n<li>Ma\u017eiausias u\u017esakymo kiekis yra <strong>2<\/strong><\/li>\n<li><strong>Susisiekite su mumis<\/strong>\u00a0d\u0117l didesni\u0173 u\u017esakym\u0173<\/li>\n<p>&gt; <\/ul>\n","protected":false},"featured_media":4465,"comment_status":"open","ping_status":"closed","template":"","meta":[],"product_brand":[],"product_cat":[440],"product_tag":[],"class_list":{"0":"post-4431","1":"product","2":"type-product","3":"status-publish","4":"has-post-thumbnail","6":"product_cat-pirkti-kanapi-cbd-aliej","8":"first","9":"instock","10":"shipping-taxable","11":"purchasable","12":"product-type-variable","13":"has-default-attributes"},"yoast_head":"<!-- This site is optimized with the Yoast SEO plugin v27.3 - https:\/\/yoast.com\/product\/yoast-seo-wordpress\/ -->\n<title>Pirkite THC distiliat\u0105 \u2013 puik\u0173 ekstrakt\u0105 \u2013 geriausius pasaulinius vaistus<\/title>\n<meta name=\"description\" content=\"Pirkite THC Distillate Superior Extract ir THC koncentratus i\u0161 JK, Europos geriausio internetinio ambulatorijos. U\u017esisakykite dabar ir gaukite nemokam\u0105 pristatym\u0105 perkant daugiau nei 150 USD!\" \/>\n<meta name=\"robots\" content=\"index, follow, max-snippet:-1, max-image-preview:large, max-video-preview:-1\" \/>\n<link rel=\"canonical\" href=\"https:\/\/medicinasinc.com\/lt\/product\/pirkti-thc-distiliato-puikus-ekstraktas\/\" \/>\n<meta property=\"og:locale\" content=\"en_US\" \/>\n<meta property=\"og:type\" content=\"article\" \/>\n<meta property=\"og:title\" content=\"Pirkite THC distiliat\u0105 \u2013 puik\u0173 ekstrakt\u0105 \u2013 geriausius pasaulinius vaistus\" \/>\n<meta property=\"og:description\" content=\"Pirkite THC Distillate Superior Extract ir THC koncentratus i\u0161 JK, Europos geriausio internetinio ambulatorijos. U\u017esisakykite dabar ir gaukite nemokam\u0105 pristatym\u0105 perkant daugiau nei 150 USD!\" \/>\n<meta property=\"og:url\" content=\"https:\/\/medicinasinc.com\/lt\/product\/pirkti-thc-distiliato-puikus-ekstraktas\/\" \/>\n<meta property=\"og:site_name\" content=\"Medicinas Inc\" \/>\n<meta property=\"article:modified_time\" content=\"2022-03-20T12:41:50+00:00\" \/>\n<meta property=\"og:image\" content=\"https:\/\/medicinasinc.com\/lt\/wp-content\/uploads\/sites\/9\/2022\/02\/Buy-THC-DISTILLATE-1.jpg\" \/>\n\t<meta property=\"og:image:width\" content=\"800\" \/>\n\t<meta property=\"og:image:height\" content=\"800\" \/>\n\t<meta property=\"og:image:type\" content=\"image\/jpeg\" \/>\n<meta name=\"twitter:card\" content=\"summary_large_image\" \/>\n<meta name=\"twitter:label1\" content=\"Est. reading time\" \/>\n\t<meta name=\"twitter:data1\" content=\"1 minute\" \/>\n<script type=\"application\/ld+json\" class=\"yoast-schema-graph\">{\"@context\":\"https:\\\/\\\/schema.org\",\"@graph\":[{\"@type\":\"WebPage\",\"@id\":\"https:\\\/\\\/medicinasinc.com\\\/lt\\\/product\\\/pirkti-thc-distiliato-puikus-ekstraktas\\\/\",\"url\":\"https:\\\/\\\/medicinasinc.com\\\/lt\\\/product\\\/pirkti-thc-distiliato-puikus-ekstraktas\\\/\",\"name\":\"Pirkite THC distiliat\u0105 \u2013 puik\u0173 ekstrakt\u0105 \u2013 geriausius pasaulinius vaistus\",\"isPartOf\":{\"@id\":\"https:\\\/\\\/medicinasinc.com\\\/lt\\\/#website\"},\"primaryImageOfPage\":{\"@id\":\"https:\\\/\\\/medicinasinc.com\\\/lt\\\/product\\\/pirkti-thc-distiliato-puikus-ekstraktas\\\/#primaryimage\"},\"image\":{\"@id\":\"https:\\\/\\\/medicinasinc.com\\\/lt\\\/product\\\/pirkti-thc-distiliato-puikus-ekstraktas\\\/#primaryimage\"},\"thumbnailUrl\":\"https:\\\/\\\/medicinasinc.com\\\/lt\\\/wp-content\\\/uploads\\\/sites\\\/9\\\/2022\\\/02\\\/Buy-THC-DISTILLATE-1.jpg\",\"datePublished\":\"2022-02-20T09:14:34+00:00\",\"dateModified\":\"2022-03-20T12:41:50+00:00\",\"description\":\"Pirkite THC Distillate Superior Extract ir THC koncentratus i\u0161 JK, Europos geriausio internetinio ambulatorijos. U\u017esisakykite dabar ir gaukite nemokam\u0105 pristatym\u0105 perkant daugiau nei 150 USD!\",\"breadcrumb\":{\"@id\":\"https:\\\/\\\/medicinasinc.com\\\/lt\\\/product\\\/pirkti-thc-distiliato-puikus-ekstraktas\\\/#breadcrumb\"},\"inLanguage\":\"en-US\",\"potentialAction\":[{\"@type\":\"ReadAction\",\"target\":[\"https:\\\/\\\/medicinasinc.com\\\/lt\\\/product\\\/pirkti-thc-distiliato-puikus-ekstraktas\\\/\"]}]},{\"@type\":\"ImageObject\",\"inLanguage\":\"en-US\",\"@id\":\"https:\\\/\\\/medicinasinc.com\\\/lt\\\/product\\\/pirkti-thc-distiliato-puikus-ekstraktas\\\/#primaryimage\",\"url\":\"https:\\\/\\\/medicinasinc.com\\\/lt\\\/wp-content\\\/uploads\\\/sites\\\/9\\\/2022\\\/02\\\/Buy-THC-DISTILLATE-1.jpg\",\"contentUrl\":\"https:\\\/\\\/medicinasinc.com\\\/lt\\\/wp-content\\\/uploads\\\/sites\\\/9\\\/2022\\\/02\\\/Buy-THC-DISTILLATE-1.jpg\",\"width\":800,\"height\":800},{\"@type\":\"BreadcrumbList\",\"@id\":\"https:\\\/\\\/medicinasinc.com\\\/lt\\\/product\\\/pirkti-thc-distiliato-puikus-ekstraktas\\\/#breadcrumb\",\"itemListElement\":[{\"@type\":\"ListItem\",\"position\":1,\"name\":\"Parduotuv\u0117\",\"item\":\"https:\\\/\\\/medicinasinc.com\\\/lt\\\/parduotuve\\\/\"},{\"@type\":\"ListItem\",\"position\":2,\"name\":\"Pirkite THC distiliat\u0105 \u2013 auk\u0161\u010diausios kokyb\u0117s ekstrakt\u0105\"}]},{\"@type\":\"WebSite\",\"@id\":\"https:\\\/\\\/medicinasinc.com\\\/lt\\\/#website\",\"url\":\"https:\\\/\\\/medicinasinc.com\\\/lt\\\/\",\"name\":\"Medicinas Inc\",\"description\":\"Sveikatos medicinos klinika\",\"potentialAction\":[{\"@type\":\"SearchAction\",\"target\":{\"@type\":\"EntryPoint\",\"urlTemplate\":\"https:\\\/\\\/medicinasinc.com\\\/lt\\\/?s={search_term_string}\"},\"query-input\":{\"@type\":\"PropertyValueSpecification\",\"valueRequired\":true,\"valueName\":\"search_term_string\"}}],\"inLanguage\":\"en-US\"}]}<\/script>\n<!-- \/ Yoast SEO plugin. -->","yoast_head_json":{"title":"Pirkite THC distiliat\u0105 \u2013 puik\u0173 ekstrakt\u0105 \u2013 geriausius pasaulinius vaistus","description":"Pirkite THC Distillate Superior Extract ir THC koncentratus i\u0161 JK, Europos geriausio internetinio ambulatorijos. U\u017esisakykite dabar ir gaukite nemokam\u0105 pristatym\u0105 perkant daugiau nei 150 USD!","robots":{"index":"index","follow":"follow","max-snippet":"max-snippet:-1","max-image-preview":"max-image-preview:large","max-video-preview":"max-video-preview:-1"},"canonical":"https:\/\/medicinasinc.com\/lt\/product\/pirkti-thc-distiliato-puikus-ekstraktas\/","og_locale":"en_US","og_type":"article","og_title":"Pirkite THC distiliat\u0105 \u2013 puik\u0173 ekstrakt\u0105 \u2013 geriausius pasaulinius vaistus","og_description":"Pirkite THC Distillate Superior Extract ir THC koncentratus i\u0161 JK, Europos geriausio internetinio ambulatorijos. U\u017esisakykite dabar ir gaukite nemokam\u0105 pristatym\u0105 perkant daugiau nei 150 USD!","og_url":"https:\/\/medicinasinc.com\/lt\/product\/pirkti-thc-distiliato-puikus-ekstraktas\/","og_site_name":"Medicinas Inc","article_modified_time":"2022-03-20T12:41:50+00:00","og_image":[{"width":800,"height":800,"url":"https:\/\/medicinasinc.com\/lt\/wp-content\/uploads\/sites\/9\/2022\/02\/Buy-THC-DISTILLATE-1.jpg","type":"image\/jpeg"}],"twitter_card":"summary_large_image","twitter_misc":{"Est. reading time":"1 minute"},"schema":{"@context":"https:\/\/schema.org","@graph":[{"@type":"WebPage","@id":"https:\/\/medicinasinc.com\/lt\/product\/pirkti-thc-distiliato-puikus-ekstraktas\/","url":"https:\/\/medicinasinc.com\/lt\/product\/pirkti-thc-distiliato-puikus-ekstraktas\/","name":"Pirkite THC distiliat\u0105 \u2013 puik\u0173 ekstrakt\u0105 \u2013 geriausius pasaulinius vaistus","isPartOf":{"@id":"https:\/\/medicinasinc.com\/lt\/#website"},"primaryImageOfPage":{"@id":"https:\/\/medicinasinc.com\/lt\/product\/pirkti-thc-distiliato-puikus-ekstraktas\/#primaryimage"},"image":{"@id":"https:\/\/medicinasinc.com\/lt\/product\/pirkti-thc-distiliato-puikus-ekstraktas\/#primaryimage"},"thumbnailUrl":"https:\/\/medicinasinc.com\/lt\/wp-content\/uploads\/sites\/9\/2022\/02\/Buy-THC-DISTILLATE-1.jpg","datePublished":"2022-02-20T09:14:34+00:00","dateModified":"2022-03-20T12:41:50+00:00","description":"Pirkite THC Distillate Superior Extract ir THC koncentratus i\u0161 JK, Europos geriausio internetinio ambulatorijos. U\u017esisakykite dabar ir gaukite nemokam\u0105 pristatym\u0105 perkant daugiau nei 150 USD!","breadcrumb":{"@id":"https:\/\/medicinasinc.com\/lt\/product\/pirkti-thc-distiliato-puikus-ekstraktas\/#breadcrumb"},"inLanguage":"en-US","potentialAction":[{"@type":"ReadAction","target":["https:\/\/medicinasinc.com\/lt\/product\/pirkti-thc-distiliato-puikus-ekstraktas\/"]}]},{"@type":"ImageObject","inLanguage":"en-US","@id":"https:\/\/medicinasinc.com\/lt\/product\/pirkti-thc-distiliato-puikus-ekstraktas\/#primaryimage","url":"https:\/\/medicinasinc.com\/lt\/wp-content\/uploads\/sites\/9\/2022\/02\/Buy-THC-DISTILLATE-1.jpg","contentUrl":"https:\/\/medicinasinc.com\/lt\/wp-content\/uploads\/sites\/9\/2022\/02\/Buy-THC-DISTILLATE-1.jpg","width":800,"height":800},{"@type":"BreadcrumbList","@id":"https:\/\/medicinasinc.com\/lt\/product\/pirkti-thc-distiliato-puikus-ekstraktas\/#breadcrumb","itemListElement":[{"@type":"ListItem","position":1,"name":"Parduotuv\u0117","item":"https:\/\/medicinasinc.com\/lt\/parduotuve\/"},{"@type":"ListItem","position":2,"name":"Pirkite THC distiliat\u0105 \u2013 auk\u0161\u010diausios kokyb\u0117s ekstrakt\u0105"}]},{"@type":"WebSite","@id":"https:\/\/medicinasinc.com\/lt\/#website","url":"https:\/\/medicinasinc.com\/lt\/","name":"Medicinas Inc","description":"Sveikatos medicinos klinika","potentialAction":[{"@type":"SearchAction","target":{"@type":"EntryPoint","urlTemplate":"https:\/\/medicinasinc.com\/lt\/?s={search_term_string}"},"query-input":{"@type":"PropertyValueSpecification","valueRequired":true,"valueName":"search_term_string"}}],"inLanguage":"en-US"}]}},"_links":{"self":[{"href":"https:\/\/medicinasinc.com\/lt\/wp-json\/wp\/v2\/product\/4431","targetHints":{"allow":["GET"]}}],"collection":[{"href":"https:\/\/medicinasinc.com\/lt\/wp-json\/wp\/v2\/product"}],"about":[{"href":"https:\/\/medicinasinc.com\/lt\/wp-json\/wp\/v2\/types\/product"}],"replies":[{"embeddable":true,"href":"https:\/\/medicinasinc.com\/lt\/wp-json\/wp\/v2\/comments?post=4431"}],"wp:featuredmedia":[{"embeddable":true,"href":"https:\/\/medicinasinc.com\/lt\/wp-json\/wp\/v2\/media\/4465"}],"wp:attachment":[{"href":"https:\/\/medicinasinc.com\/lt\/wp-json\/wp\/v2\/media?parent=4431"}],"wp:term":[{"taxonomy":"product_brand","embeddable":true,"href":"https:\/\/medicinasinc.com\/lt\/wp-json\/wp\/v2\/product_brand?post=4431"},{"taxonomy":"product_cat","embeddable":true,"href":"https:\/\/medicinasinc.com\/lt\/wp-json\/wp\/v2\/product_cat?post=4431"},{"taxonomy":"product_tag","embeddable":true,"href":"https:\/\/medicinasinc.com\/lt\/wp-json\/wp\/v2\/product_tag?post=4431"}],"curies":[{"name":"wp","href":"https:\/\/api.w.org\/{rel}","templated":true}]}}